{"id":1736,"date":"2023-02-17T22:59:29","date_gmt":"2023-02-17T22:59:29","guid":{"rendered":"https:\/\/lallavepsi.net\/?page_id=1736"},"modified":"2023-02-19T18:13:10","modified_gmt":"2023-02-19T18:13:10","slug":"politica-de-privacidad-2","status":"publish","type":"page","link":"https:\/\/lallavepsi.net\/index.php\/ver-tienda\/politica-de-privacidad-2\/","title":{"rendered":"T\u00c9RMINOS Y CONDICIONES"},"content":{"rendered":"\r\n\r\n\r\n<div class=\"elementor-element elementor-element-5941e75 elementor-widget elementor-widget-text-editor\" data-id=\"5941e75\" data-element_type=\"widget\" data-widget_type=\"text-editor.default\">\r\n<div class=\"elementor-widget-container\">\r\n<div class=\"elementor-text-editor elementor-clearfix\">\r\n<div data-id=\"09309c0\" data-element_type=\"widget\" data-widget_type=\"text-editor.default\">\r\n<div>\r\n<div>\r\n<p>La presente p\u00e1gina describe los t\u00e9rminos y condiciones del sitio web lallavepsi.net cuya titularidad corresponde a Alejandro Di Vagno.<\/p>\r\n<p>Al visitar y usar este SITIO WEB, el visitantes o usuario (en adelante \u201cUSUARIO\u201d) acepta estos t\u00e9rminos y condiciones en su totalidad. La informaci\u00f3n de estos t\u00e9rminos y condiciones est\u00e1 sujeta a cambios en cualquier momento y se le recomienda al USUARIO visitar esta p\u00e1gina constantemente.<\/p>\r\n<p>En est\u00e1 p\u00e1gina se describe a detalle la manera en que el USUARIO acepta usar y comportarse dentro del SITIO WEB y con su respectivo contenido, productos y servicios (en adelante \u201cCONTENIDO\u201d).<\/p>\r\n<\/div>\r\n<\/div>\r\n<\/div>\r\n<div data-id=\"3be297d\" data-element_type=\"widget\" data-widget_type=\"heading.default\">\r\n<div>\r\n<h5 class=\"wp-block-heading\">\u00a0<\/h5>\r\n<h5>1. MENORES DE EDAD<\/h5>\r\n<\/div>\r\n<\/div>\r\n<div data-id=\"f4c273f\" data-element_type=\"widget\" data-widget_type=\"text-editor.default\">\r\n<div>\r\n<div>No se permite el acceso al CONTENIDO del SITIO WEB por personas menores de 13 a\u00f1os. Si el USUARIO es menor de 13 a\u00f1os, deber\u00e1 contar con el consentimiento de sus padres o personas mayores encargadas.<\/div>\r\n<\/div>\r\n<\/div>\r\n<div data-id=\"04df34d\" data-element_type=\"widget\" data-widget_type=\"heading.default\">\r\n<div>\r\n<h5>\u00a0<\/h5>\r\n<h5>\u00a0<\/h5>\r\n<h5>2. EST\u00c1N PROHIBIDAS LAS SIGUIENTES ACTIVIDADES<\/h5>\r\n<\/div>\r\n<\/div>\r\n<div data-id=\"d47e72d\" data-element_type=\"widget\" data-widget_type=\"text-editor.default\">\r\n<div>\r\n<div>\r\n<ul>\r\n<li>Intentos de hackeo, inserci\u00f3n de virus o ataques inform\u00e1ticos de cualquier \u00edndole dirigidos al servidor o al SITIO WEB.<\/li>\r\n<li>Proporcionar informaci\u00f3n personal falsa o que pertenece a personas diferentes al USUARIO que la env\u00eda<\/li>\r\n<\/ul>\r\n<\/div>\r\n<\/div>\r\n<\/div>\r\n<div data-id=\"8510582\" data-element_type=\"widget\" data-widget_type=\"heading.default\">\r\n<div>\r\n<h5>\u00a0<\/h5>\r\n<h5>3. POL\u00cdTICA DE DEVOLUCI\u00d3N DE DINERO<\/h5>\r\n<\/div>\r\n<\/div>\r\n<div data-id=\"53972eb\" data-element_type=\"widget\" data-widget_type=\"text-editor.default\">\r\n<div>\r\n<div>\r\n<p>EL TITULAR del SITIO WEB ofrece una garant\u00eda de satisfacci\u00f3n del 100% en la compra de sus productos y servicios o la devoluci\u00f3n del dinero. En otras palabras, el USUARIO, luego de comprar cualquier producto o servicio, si por cualquier raz\u00f3n no est\u00e1 satisfecho con su compra, tiene el derecho a solicitar la devoluci\u00f3n total de su dinero.<\/p>\r\n<p>El TITULAR del SITIO WEB realizar\u00e1 la devoluci\u00f3n siempre y cuando la solicitud se realice durante los primeros 7 d\u00edas despu\u00e9s de la compra, se retornen los productos comprados en perfecto estado si estos fueran de car\u00e1cter f\u00edsico, o se revoque el acceso a los servicios intangibles respectivos, y que el pago no haya sido en efectivo (solo se har\u00e1n devoluciones por pagos realizados por Internet).<\/p>\r\n<\/div>\r\n<\/div>\r\n<\/div>\r\n<div data-id=\"11a4469\" data-element_type=\"widget\" data-widget_type=\"heading.default\">\r\n<div>\r\n<h5>\u00a0<\/h5>\r\n<h5>4. DERECHOS DE AUTOR Y PROPIEDAD INTELECTUAL<\/h5>\r\n<\/div>\r\n<\/div>\r\n<div data-id=\"5dc66e5\" data-element_type=\"widget\" data-widget_type=\"text-editor.default\">\r\n<div>\r\n<div>Est\u00e1 totalmente prohibido usar los textos, im\u00e1genes, audios, videos y cualquier otro material multimedia que se encuentre alojado en el SITIO WEB ya que es propiedad del TITULAR y est\u00e1 protegido por las leyes de derechos de autor y propiedad intelectual. Solo se permitir\u00e1 el uso de los materiales multimedia del SITIO WEB, si el USUARIO solicita el uso de dicho material y el TITULAR acepta esa solicitud.<\/div>\r\n<\/div>\r\n<\/div>\r\n<div data-id=\"5499453\" data-element_type=\"widget\" data-widget_type=\"heading.default\">\r\n<div>\r\n<h5>\u00a0<\/h5>\r\n<h5>\u00a0<\/h5>\r\n<h5>5. ACCESO Y DISPONIBILIDAD DEL SITIO WEB<\/h5>\r\n<\/div>\r\n<\/div>\r\n<div data-id=\"37f76ad\" data-element_type=\"widget\" data-widget_type=\"text-editor.default\">\r\n<div>\r\n<div>Por motivos de fuerza mayor o factores externos, el acceso y disponibilidad del SITIO WEB se puede ver suspendido por cualquier periodo de tiempo y el TITULAR no se hace responsable de cualquier da\u00f1o o resultado directo o indirecto que esto pueda ocasionar al USUARIO. Si bien, el SITIO WEB estar\u00e1 disponible la mayor\u00eda del tiempo, no se garantiza una disponibilidad del 100% y en cualquier momento, si el TITULAR lo decide, el SITIO WEB puede dejar de funcionar o estar disponible al p\u00fablico.<\/div>\r\n<\/div>\r\n<\/div>\r\n<div data-id=\"c59165a\" data-element_type=\"widget\" data-widget_type=\"heading.default\">\r\n<div>\r\n<h5>\u00a0<\/h5>\r\n<h5>\u00a0<\/h5>\r\n<h5>6. POL\u00cdTICA DE PRIVACIDAD Y COOKIES<\/h5>\r\n<\/div>\r\n<\/div>\r\n<div data-id=\"def5f50\" data-element_type=\"widget\" data-widget_type=\"text-editor.default\">\r\n<p>La presente Pol\u00edtica de Privacidad establece los t\u00e9rminos en que La Llave Psi usa y protege la informaci\u00f3n que es proporcionada por sus usuarios al momento de utilizar su sitio web. Esta compa\u00f1\u00eda est\u00e1 comprometida con la seguridad de los datos de sus usuarios. Cuando le pedimos llenar los campos de informaci\u00f3n personal con la cual usted pueda ser identificado, lo hacemos asegurando que s\u00f3lo se emplear\u00e1 de acuerdo con los t\u00e9rminos de este documento. Sin embargo esta Pol\u00edtica de Privacidad puede cambiar con el tiempo o ser actualizada por lo que le recomendamos y enfatizamos revisar continuamente esta p\u00e1gina para asegurarse que est\u00e1 de acuerdo con dichos cambios.<\/p>\r\n<p><strong>Informaci\u00f3n que es recogida<\/strong><\/p>\r\n<p>Nuestro sitio web podr\u00e1 recoger informaci\u00f3n personal por ejemplo: Nombre,\u00a0 informaci\u00f3n de contacto como\u00a0 su direcci\u00f3n de correo electr\u00f3nica e informaci\u00f3n demogr\u00e1fica. As\u00ed mismo cuando sea necesario podr\u00e1 ser requerida informaci\u00f3n espec\u00edfica para procesar alg\u00fan pedido o realizar una entrega o facturaci\u00f3n.<\/p>\r\n<p><strong>Uso de la informaci\u00f3n recogida<\/strong><\/p>\r\n<p>Nuestro sitio web emplea la informaci\u00f3n con el fin de proporcionar el mejor servicio posible, particularmente para mantener un registro de usuarios, de pedidos en caso que aplique, y mejorar nuestros productos y servicios. \u00a0Es posible que sean enviados correos electr\u00f3nicos peri\u00f3dicamente a trav\u00e9s de nuestro sitio con ofertas especiales, nuevos productos y otra informaci\u00f3n publicitaria que consideremos relevante para usted o que pueda brindarle alg\u00fan beneficio, estos correos electr\u00f3nicos ser\u00e1n enviados a la direcci\u00f3n que usted proporcione y podr\u00e1n ser cancelados en cualquier momento.<\/p>\r\n<p>La Llave Psi est\u00e1 altamente comprometida para cumplir con el compromiso de mantener su informaci\u00f3n segura. Usamos los sistemas m\u00e1s avanzados y los actualizamos constantemente para asegurarnos que no exista ning\u00fan acceso no autorizado.<\/p>\r\n<p><strong>Cookies<\/strong><\/p>\r\n<p>Una cookie se refiere a un fichero que es enviado con la finalidad de solicitar permiso para almacenarse en su ordenador, al aceptar dicho fichero se crea y la cookie sirve entonces para tener informaci\u00f3n respecto al tr\u00e1fico web, y tambi\u00e9n facilita las futuras visitas a una web recurrente. Otra funci\u00f3n que tienen las cookies es que con ellas las web pueden reconocerte individualmente y por tanto brindarte el mejor servicio personalizado de su web.<\/p>\r\n<p>Nuestro sitio web emplea las cookies para poder identificar las p\u00e1ginas que son visitadas y su frecuencia. Esta informaci\u00f3n es empleada \u00fanicamente para an\u00e1lisis estad\u00edstico y despu\u00e9s la informaci\u00f3n se elimina de forma permanente. Usted puede eliminar las cookies en cualquier momento desde su ordenador. Sin embargo las cookies ayudan a proporcionar un mejor servicio de los sitios web, est\u00e1s no dan acceso a informaci\u00f3n de su ordenador ni de usted, a menos de que usted as\u00ed lo quiera y le proporcione directamente noticias. Usted puede aceptar o negar el uso de cookies, sin embargo la mayor\u00eda de navegadores aceptan cookies autom\u00e1ticamente pues sirve para tener un mejor servicio web. Tambi\u00e9n usted puede cambiar la configuraci\u00f3n de su ordenador para declinar las cookies. Si se declinan es posible que no pueda utilizar algunos de nuestros servicios.<\/p>\r\n<p><strong>Enlaces a Terceros<\/strong><\/p>\r\n<p>Este sitio web pudiera contener en laces a otros sitios que pudieran ser de su inter\u00e9s. Una vez que usted de clic en estos enlaces y abandone nuestra p\u00e1gina, ya no tenemos control sobre al sitio al que es redirigido y por lo tanto no somos responsables de los t\u00e9rminos o privacidad ni de la protecci\u00f3n de sus datos en esos otros sitios terceros. Dichos sitios est\u00e1n sujetos a sus propias pol\u00edticas de privacidad por lo cual es recomendable que los consulte para confirmar que usted est\u00e1 de acuerdo con estas.<\/p>\r\n<p><strong>Control de su informaci\u00f3n personal<\/strong><\/p>\r\n<p>En cualquier momento usted puede restringir la recopilaci\u00f3n o el uso de la informaci\u00f3n personal que es proporcionada a nuestro sitio web.\u00a0 Cada vez que se le solicite rellenar un formulario, como el de alta de usuario, puede marcar o desmarcar la opci\u00f3n de recibir informaci\u00f3n por correo electr\u00f3nico. \u00a0En caso de que haya marcado la opci\u00f3n de recibir nuestro bolet\u00edn o publicidad usted puede cancelarla en cualquier momento.<\/p>\r\n<p>Esta compa\u00f1\u00eda no vender\u00e1, ceder\u00e1 ni distribuir\u00e1 la informaci\u00f3n personal que es recopilada sin su consentimiento, salvo que sea requerido por un juez con un orden judicial.<\/p>\r\n<p>La Llave Psi se reserva el derecho de cambiar los t\u00e9rminos de la presente Pol\u00edtica de Privacidad en cualquier momento.<\/p>\r\n<\/div>\r\n<div class=\"elementor-element elementor-element-7825d46 elementor-widget elementor-widget-heading\" data-id=\"7825d46\" data-element_type=\"widget\" data-widget_type=\"heading.default\">\r\n<div class=\"elementor-widget-container\">\r\n<h5>\u00a0<\/h5>\r\n<h5 class=\"elementor-heading-title elementor-size-default\">7. PASARELAS DE PAGO E INFORMACI\u00d3N FINANCIERA<\/h5>\r\n<\/div>\r\n<\/div>\r\n<div class=\"elementor-element elementor-element-0f82ed2 elementor-widget elementor-widget-text-editor\" data-id=\"0f82ed2\" data-element_type=\"widget\" data-widget_type=\"text-editor.default\">\r\n<div class=\"elementor-widget-container\">\r\n<div class=\"elementor-text-editor elementor-clearfix\">\r\n<p>El SITIO WEB hace uso de pasarelas de pago externas como mercado de pago, paypal, transferencias bancarias directas, tarjetas de d\u00e9bito y cr\u00e9dito para procesar los pagos de los cr\u00e9ditos y servicios del SITIO WEB. La informaci\u00f3n financiera no ser\u00e1 almacenada en los servidores del SITIO WEB sino que ser\u00e1 almacenada en los servidores de las pasarelas de pago externas y esa informaci\u00f3n ser\u00e1 guardada y protegida seg\u00fan las pol\u00edticas de las pasarelas de pago.<\/p>\r\n<\/div>\r\n<\/div>\r\n<\/div>\r\n<\/div>\r\n<\/div>\r\n<\/div>\r\n<div class=\"elementor-element elementor-element-e2ffac5 elementor-widget elementor-widget-spacer\" data-id=\"e2ffac5\" data-element_type=\"widget\" data-widget_type=\"spacer.default\">\r\n<div class=\"elementor-widget-container\">\r\n<div class=\"elementor-spacer\">\u00a0<\/div>\r\n<\/div>\r\n<\/div>\r\n<p>&nbsp;<\/p>\r\n","protected":false},"excerpt":{"rendered":"<p>La presente p\u00e1gina describe los t\u00e9rminos y condiciones del sitio web lallavepsi.net cuya titularidad corresponde a Alejandro Di Vagno. Al visitar y usar este SITIO WEB, el visitantes o usuario (en adelante \u201cUSUARIO\u201d) acepta estos t\u00e9rminos y condiciones en su totalidad. La informaci\u00f3n de estos t\u00e9rminos y condiciones est\u00e1 sujeta a cambios en cualquier momento [&hellip;]<\/p>\n","protected":false},"author":1,"featured_media":0,"parent":413,"menu_order":0,"comment_status":"closed","ping_status":"closed","template":"","meta":{"_monsterinsights_skip_tracking":false,"_monsterinsights_sitenote_active":false,"_monsterinsights_sitenote_note":"","_monsterinsights_sitenote_category":0,"_uf_show_specific_survey":0,"_uf_disable_surveys":false,"site-sidebar-layout":"default","site-content-layout":"default","ast-site-content-layout":"default","site-content-style":"default","site-sidebar-style":"default","ast-global-header-display":"","ast-banner-title-visibility":"","ast-main-header-display":"","ast-hfb-above-header-display":"","ast-hfb-below-header-display":"","ast-hfb-mobile-header-display":"","site-post-title":"","ast-breadcrumbs-content":"","ast-featured-img":"","footer-sml-layout":"","ast-disable-related-posts":"","theme-transparent-header-meta":"default","adv-header-id-meta":"","stick-header-meta":"","header-above-stick-meta":"","header-main-stick-meta":"","header-below-stick-meta":"","astra-migrate-meta-layouts":"default","ast-page-background-enabled":"default","ast-page-background-meta":{"desktop":{"background-color":"var(--ast-global-color-4)","background-image":"","background-repeat":"repeat","background-position":"center center","background-size":"auto","background-attachment":"scroll","background-type":"","background-media":"","overlay-type":"","overlay-color":"","overlay-opacity":"","overlay-gradient":""},"tablet":{"background-color":"","background-image":"","background-repeat":"repeat","background-position":"center center","background-size":"auto","background-attachment":"scroll","background-type":"","background-media":"","overlay-type":"","overlay-color":"","overlay-opacity":"","overlay-gradient":""},"mobile":{"background-color":"","background-image":"","background-repeat":"repeat","background-position":"center center","background-size":"auto","background-attachment":"scroll","background-type":"","background-media":"","overlay-type":"","overlay-color":"","overlay-opacity":"","overlay-gradient":""}},"ast-content-background-meta":{"desktop":{"background-color":"var(--ast-global-color-5)","background-image":"","background-repeat":"repeat","background-position":"center center","background-size":"auto","background-attachment":"scroll","background-type":"","background-media":"","overlay-type":"","overlay-color":"","overlay-opacity":"","overlay-gradient":""},"tablet":{"background-color":"var(--ast-global-color-5)","background-image":"","background-repeat":"repeat","background-position":"center center","background-size":"auto","background-attachment":"scroll","background-type":"","background-media":"","overlay-type":"","overlay-color":"","overlay-opacity":"","overlay-gradient":""},"mobile":{"background-color":"var(--ast-global-color-5)","background-image":"","background-repeat":"repeat","background-position":"center center","background-size":"auto","background-attachment":"scroll","background-type":"","background-media":"","overlay-type":"","overlay-color":"","overlay-opacity":"","overlay-gradient":""}},"footnotes":""},"class_list":["post-1736","page","type-page","status-publish","hentry"],"yoast_head":"<!-- This site is optimized with the Yoast SEO plugin v27.0 - https:\/\/yoast.com\/product\/yoast-seo-wordpress\/ -->\n<title>T\u00c9RMINOS Y CONDICIONES -<\/title>\n<meta name=\"robots\" content=\"index, follow, max-snippet:-1, max-image-preview:large, max-video-preview:-1\" \/>\n<link rel=\"canonical\" href=\"https:\/\/lallavepsi.net\/index.php\/ver-tienda\/politica-de-privacidad-2\/\" \/>\n<meta property=\"og:locale\" content=\"es_ES\" \/>\n<meta property=\"og:type\" content=\"article\" \/>\n<meta property=\"og:title\" content=\"T\u00c9RMINOS Y CONDICIONES -\" \/>\n<meta property=\"og:description\" content=\"La presente p\u00e1gina describe los t\u00e9rminos y condiciones del sitio web lallavepsi.net cuya titularidad corresponde a Alejandro Di Vagno. Al visitar y usar este SITIO WEB, el visitantes o usuario (en adelante \u201cUSUARIO\u201d) acepta estos t\u00e9rminos y condiciones en su totalidad. La informaci\u00f3n de estos t\u00e9rminos y condiciones est\u00e1 sujeta a cambios en cualquier momento [&hellip;]\" \/>\n<meta property=\"og:url\" content=\"https:\/\/lallavepsi.net\/index.php\/ver-tienda\/politica-de-privacidad-2\/\" \/>\n<meta property=\"article:modified_time\" content=\"2023-02-19T18:13:10+00:00\" \/>\n<meta name=\"twitter:card\" content=\"summary_large_image\" \/>\n<meta name=\"twitter:label1\" content=\"Tiempo de lectura\" \/>\n\t<meta name=\"twitter:data1\" content=\"6 minutos\" \/>\n<script type=\"application\/ld+json\" class=\"yoast-schema-graph\">{\"@context\":\"https:\/\/schema.org\",\"@graph\":[{\"@type\":\"WebPage\",\"@id\":\"https:\/\/lallavepsi.net\/index.php\/ver-tienda\/politica-de-privacidad-2\/\",\"url\":\"https:\/\/lallavepsi.net\/index.php\/ver-tienda\/politica-de-privacidad-2\/\",\"name\":\"T\u00c9RMINOS Y CONDICIONES -\",\"isPartOf\":{\"@id\":\"https:\/\/lallavepsi.net\/#website\"},\"datePublished\":\"2023-02-17T22:59:29+00:00\",\"dateModified\":\"2023-02-19T18:13:10+00:00\",\"breadcrumb\":{\"@id\":\"https:\/\/lallavepsi.net\/index.php\/ver-tienda\/politica-de-privacidad-2\/#breadcrumb\"},\"inLanguage\":\"es-AR\",\"potentialAction\":[{\"@type\":\"ReadAction\",\"target\":[\"https:\/\/lallavepsi.net\/index.php\/ver-tienda\/politica-de-privacidad-2\/\"]}]},{\"@type\":\"BreadcrumbList\",\"@id\":\"https:\/\/lallavepsi.net\/index.php\/ver-tienda\/politica-de-privacidad-2\/#breadcrumb\",\"itemListElement\":[{\"@type\":\"ListItem\",\"position\":1,\"name\":\"Inicio\",\"item\":\"https:\/\/lallavepsi.net\/\"},{\"@type\":\"ListItem\",\"position\":2,\"name\":\"VER TIENDA\",\"item\":\"https:\/\/lallavepsi.net\/index.php\/ver-tienda\/\"},{\"@type\":\"ListItem\",\"position\":3,\"name\":\"T\u00c9RMINOS Y CONDICIONES\"}]},{\"@type\":\"WebSite\",\"@id\":\"https:\/\/lallavepsi.net\/#website\",\"url\":\"https:\/\/lallavepsi.net\/\",\"name\":\"\",\"description\":\"\",\"potentialAction\":[{\"@type\":\"SearchAction\",\"target\":{\"@type\":\"EntryPoint\",\"urlTemplate\":\"https:\/\/lallavepsi.net\/?s={search_term_string}\"},\"query-input\":{\"@type\":\"PropertyValueSpecification\",\"valueRequired\":true,\"valueName\":\"search_term_string\"}}],\"inLanguage\":\"es-AR\"}]}<\/script>\n<!-- \/ Yoast SEO plugin. -->","yoast_head_json":{"title":"T\u00c9RMINOS Y CONDICIONES -","robots":{"index":"index","follow":"follow","max-snippet":"max-snippet:-1","max-image-preview":"max-image-preview:large","max-video-preview":"max-video-preview:-1"},"canonical":"https:\/\/lallavepsi.net\/index.php\/ver-tienda\/politica-de-privacidad-2\/","og_locale":"es_ES","og_type":"article","og_title":"T\u00c9RMINOS Y CONDICIONES -","og_description":"La presente p\u00e1gina describe los t\u00e9rminos y condiciones del sitio web lallavepsi.net cuya titularidad corresponde a Alejandro Di Vagno. Al visitar y usar este SITIO WEB, el visitantes o usuario (en adelante \u201cUSUARIO\u201d) acepta estos t\u00e9rminos y condiciones en su totalidad. La informaci\u00f3n de estos t\u00e9rminos y condiciones est\u00e1 sujeta a cambios en cualquier momento [&hellip;]","og_url":"https:\/\/lallavepsi.net\/index.php\/ver-tienda\/politica-de-privacidad-2\/","article_modified_time":"2023-02-19T18:13:10+00:00","twitter_card":"summary_large_image","twitter_misc":{"Tiempo de lectura":"6 minutos"},"schema":{"@context":"https:\/\/schema.org","@graph":[{"@type":"WebPage","@id":"https:\/\/lallavepsi.net\/index.php\/ver-tienda\/politica-de-privacidad-2\/","url":"https:\/\/lallavepsi.net\/index.php\/ver-tienda\/politica-de-privacidad-2\/","name":"T\u00c9RMINOS Y CONDICIONES -","isPartOf":{"@id":"https:\/\/lallavepsi.net\/#website"},"datePublished":"2023-02-17T22:59:29+00:00","dateModified":"2023-02-19T18:13:10+00:00","breadcrumb":{"@id":"https:\/\/lallavepsi.net\/index.php\/ver-tienda\/politica-de-privacidad-2\/#breadcrumb"},"inLanguage":"es-AR","potentialAction":[{"@type":"ReadAction","target":["https:\/\/lallavepsi.net\/index.php\/ver-tienda\/politica-de-privacidad-2\/"]}]},{"@type":"BreadcrumbList","@id":"https:\/\/lallavepsi.net\/index.php\/ver-tienda\/politica-de-privacidad-2\/#breadcrumb","itemListElement":[{"@type":"ListItem","position":1,"name":"Inicio","item":"https:\/\/lallavepsi.net\/"},{"@type":"ListItem","position":2,"name":"VER TIENDA","item":"https:\/\/lallavepsi.net\/index.php\/ver-tienda\/"},{"@type":"ListItem","position":3,"name":"T\u00c9RMINOS Y CONDICIONES"}]},{"@type":"WebSite","@id":"https:\/\/lallavepsi.net\/#website","url":"https:\/\/lallavepsi.net\/","name":"","description":"","potentialAction":[{"@type":"SearchAction","target":{"@type":"EntryPoint","urlTemplate":"https:\/\/lallavepsi.net\/?s={search_term_string}"},"query-input":{"@type":"PropertyValueSpecification","valueRequired":true,"valueName":"search_term_string"}}],"inLanguage":"es-AR"}]}},"_hostinger_reach_plugin_has_subscription_block":false,"_hostinger_reach_plugin_is_elementor":false,"_links":{"self":[{"href":"https:\/\/lallavepsi.net\/index.php\/wp-json\/wp\/v2\/pages\/1736","targetHints":{"allow":["GET"]}}],"collection":[{"href":"https:\/\/lallavepsi.net\/index.php\/wp-json\/wp\/v2\/pages"}],"about":[{"href":"https:\/\/lallavepsi.net\/index.php\/wp-json\/wp\/v2\/types\/page"}],"author":[{"embeddable":true,"href":"https:\/\/lallavepsi.net\/index.php\/wp-json\/wp\/v2\/users\/1"}],"replies":[{"embeddable":true,"href":"https:\/\/lallavepsi.net\/index.php\/wp-json\/wp\/v2\/comments?post=1736"}],"version-history":[{"count":4,"href":"https:\/\/lallavepsi.net\/index.php\/wp-json\/wp\/v2\/pages\/1736\/revisions"}],"predecessor-version":[{"id":1745,"href":"https:\/\/lallavepsi.net\/index.php\/wp-json\/wp\/v2\/pages\/1736\/revisions\/1745"}],"up":[{"embeddable":true,"href":"https:\/\/lallavepsi.net\/index.php\/wp-json\/wp\/v2\/pages\/413"}],"wp:attachment":[{"href":"https:\/\/lallavepsi.net\/index.php\/wp-json\/wp\/v2\/media?parent=1736"}],"curies":[{"name":"wp","href":"https:\/\/api.w.org\/{rel}","templated":true}]}}