{"id":193,"date":"2022-12-18T01:52:14","date_gmt":"2022-12-18T01:52:14","guid":{"rendered":"https:\/\/lallavepsi.net\/?page_id=193"},"modified":"2025-01-30T19:55:20","modified_gmt":"2025-01-30T19:55:20","slug":"psicologia-oscura","status":"publish","type":"page","link":"https:\/\/lallavepsi.net\/index.php\/formaciones-online\/psicologia-oscura\/","title":{"rendered":"PSICOLOG\u00cdA OSCURA"},"content":{"rendered":"<p><strong>FORMACI\u00d3N Y ESPECIALIZACI\u00d3N EN PSICOLOG\u00cdA OSCURA: &#8220;C\u00d3MO DETECTAR LA MANIPULACI\u00d3N EMOCIONAL ENCUBIERTA, LA PERSUASI\u00d3N DISIMULADA Y EL CONTROL MENTAL&#8221;<\/strong><\/p>\n<p>Objetivo: entender la mentalidad del\u00a0 narcisista, manipulador, c\u00ednico, etc. Las psiquis anormales. El psic\u00f3pata y soci\u00f3pata. C\u00f3mo detectar, prevenir y ayudar.<\/p>\n<p>Dirigido a: p\u00fablico en general, agentes de salud mental que quieran profundizar su campo de pr\u00e1ctica o estudios.<\/p>\n<p>Modalidad: una clase semanal grupal online sincr\u00f3nica de dos horas te\u00f3rico-pr\u00e1ctica. Modalidad asincr\u00f3nica con env\u00edo de material te\u00f3rico-pr\u00e1ctico con feedback de dudas y consultas a trav\u00e9s de plataforma Skype. Quedan grabadas durante un mes.<\/p>\n<p>Duraci\u00f3n: 18 clases o 4 meses y medio.<\/p>\n<p>Inversi\u00f3n: Argentina $ 58000 mensuales. Descuento 10% abonando el curso completo.<\/p>\n<p>Promoci\u00f3n residentes Sudam\u00e9rica 40 % de descuento: usd\/\u20ac 48. Resto del mundo: usd\/\u20ac 80. Descuento adicional 10% abonando el curso completo.<\/p>\n<p>Bibliograf\u00eda: material digitalizado.<\/p>\n<p>Se entrega certificado cumplida el 80% de asistencia.<\/p>\n<p>&nbsp;<\/p>\n<p>Programa:<\/p>\n<p>Clase 1: C\u00f3mo funciona el psiquismo. Tipos de personas m\u00e1s vulnerables. Personalidad normal y patol\u00f3gica. Neurosis, psicosis y perversi\u00f3n.<\/p>\n<p>Clase 2: El malo, \u00bfnace o se hace? Hibristofolia: \u00bfPor qu\u00e9 nos atraen los malos? An\u00e1lisis de perfiles famosos.<\/p>\n<p>Clase 3: Sadismo y masoquismo. La tr\u00edada luminosa y la tr\u00edada oscura. Cinismo y comunicaci\u00f3n violenta. Egocentrismo.<\/p>\n<p>Clase 4: Poder real e ilusorio. La falta, el deseo y el apego. La maquinaria deseante. El Yo y el falso Yo.<\/p>\n<p>Clase 5: La depresi\u00f3n como categor\u00eda en s\u00ed misma sin clasificaci\u00f3n. Cuando los trastornos del estado del \u00e1nimo representan un riesgo.<\/p>\n<p>Clase 6: Psicopatolog\u00eda. Trastornos de la personalidad. Rasgos generales del soci\u00f3pata, psic\u00f3pata, borderline, narcisista, dependiente y otros.<\/p>\n<p>Clase 7: La ansiedad como nueva forma de neurosis. La manipulaci\u00f3n del depresivo y el ansioso.<\/p>\n<p>Clase 8: Formas de persuasi\u00f3n. Principios.<\/p>\n<p>Clase 9: Casos famosos en el campo de la persuasi\u00f3n: an\u00e1lisis. Estrategias efectivas utilizadas.<\/p>\n<p>Clase 10: El papel de los medios masivos de comunicaci\u00f3n.<\/p>\n<p>Clase 11: M\u00e9todos y t\u00e9cnicas. Rasgos de personalidad.<\/p>\n<p>Clase 12: Pasos en la persuasi\u00f3n e historias. Cualidades.<\/p>\n<p>Clase 13: Modelos de inteligencia emocional.<\/p>\n<p>Clase 14: C\u00f3mo defenderse de los manipuladores.<\/p>\n<p>Clase 15: Amor y amor t\u00f3xico. La orientaci\u00f3n al Ser o Tener.<\/p>\n<p>Clase 16: La congruencia para evitar la imitaci\u00f3n y la competencia. La comunicaci\u00f3n interna: claves para una comunicaci\u00f3n efectiva. Axiomas. Distorsiones comunicativas. Ley del espejo.<\/p>\n<p>Clase 17: Tipos de lenguaje. Asertividad. Ejercicios. Comunicaci\u00f3n no violenta.<\/p>\n<p>Clase 18: El desaf\u00edo m\u00e1s dif\u00edcil: ser uno mismo. Alcanzar el \u00e9xito sin manipular.\u00a0 Moral de se\u00f1ores o de esclavos. El s\u00faper hombre.<\/p>\n<p>&nbsp;<\/p>\n","protected":false},"excerpt":{"rendered":"<p>FORMACI\u00d3N Y ESPECIALIZACI\u00d3N EN PSICOLOG\u00cdA OSCURA: &#8220;C\u00d3MO DETECTAR LA MANIPULACI\u00d3N EMOCIONAL ENCUBIERTA, LA PERSUASI\u00d3N DISIMULADA Y EL CONTROL MENTAL&#8221; Objetivo: entender la mentalidad del\u00a0 narcisista, manipulador, c\u00ednico, etc. Las psiquis anormales. El psic\u00f3pata y soci\u00f3pata. C\u00f3mo detectar, prevenir y ayudar. Dirigido a: p\u00fablico en general, agentes de salud mental que quieran profundizar su campo de [&hellip;]<\/p>\n","protected":false},"author":1,"featured_media":0,"parent":49,"menu_order":0,"comment_status":"closed","ping_status":"closed","template":"","meta":{"_monsterinsights_skip_tracking":false,"_monsterinsights_sitenote_active":false,"_monsterinsights_sitenote_note":"","_monsterinsights_sitenote_category":0,"_uf_show_specific_survey":0,"_uf_disable_surveys":false,"site-sidebar-layout":"default","site-content-layout":"default","ast-site-content-layout":"default","site-content-style":"default","site-sidebar-style":"default","ast-global-header-display":"","ast-banner-title-visibility":"","ast-main-header-display":"","ast-hfb-above-header-display":"","ast-hfb-below-header-display":"","ast-hfb-mobile-header-display":"","site-post-title":"","ast-breadcrumbs-content":"","ast-featured-img":"","footer-sml-layout":"","ast-disable-related-posts":"","theme-transparent-header-meta":"default","adv-header-id-meta":"","stick-header-meta":"","header-above-stick-meta":"","header-main-stick-meta":"","header-below-stick-meta":"","astra-migrate-meta-layouts":"set","ast-page-background-enabled":"default","ast-page-background-meta":{"desktop":{"background-color":"var(--ast-global-color-4)","background-image":"","background-repeat":"repeat","background-position":"center center","background-size":"auto","background-attachment":"scroll","background-type":"","background-media":"","overlay-type":"","overlay-color":"","overlay-opacity":"","overlay-gradient":""},"tablet":{"background-color":"","background-image":"","background-repeat":"repeat","background-position":"center center","background-size":"auto","background-attachment":"scroll","background-type":"","background-media":"","overlay-type":"","overlay-color":"","overlay-opacity":"","overlay-gradient":""},"mobile":{"background-color":"","background-image":"","background-repeat":"repeat","background-position":"center center","background-size":"auto","background-attachment":"scroll","background-type":"","background-media":"","overlay-type":"","overlay-color":"","overlay-opacity":"","overlay-gradient":""}},"ast-content-background-meta":{"desktop":{"background-color":"var(--ast-global-color-5)","background-image":"","background-repeat":"repeat","background-position":"center center","background-size":"auto","background-attachment":"scroll","background-type":"","background-media":"","overlay-type":"","overlay-color":"","overlay-opacity":"","overlay-gradient":""},"tablet":{"background-color":"var(--ast-global-color-5)","background-image":"","background-repeat":"repeat","background-position":"center center","background-size":"auto","background-attachment":"scroll","background-type":"","background-media":"","overlay-type":"","overlay-color":"","overlay-opacity":"","overlay-gradient":""},"mobile":{"background-color":"var(--ast-global-color-5)","background-image":"","background-repeat":"repeat","background-position":"center center","background-size":"auto","background-attachment":"scroll","background-type":"","background-media":"","overlay-type":"","overlay-color":"","overlay-opacity":"","overlay-gradient":""}},"footnotes":""},"class_list":["post-193","page","type-page","status-publish","hentry"],"yoast_head":"<!-- This site is optimized with the Yoast SEO plugin v27.0 - https:\/\/yoast.com\/product\/yoast-seo-wordpress\/ -->\n<title>PSICOLOG\u00cdA OSCURA -<\/title>\n<meta name=\"robots\" content=\"index, follow, max-snippet:-1, max-image-preview:large, max-video-preview:-1\" \/>\n<link rel=\"canonical\" href=\"https:\/\/lallavepsi.net\/index.php\/formaciones-online\/psicologia-oscura\/\" \/>\n<meta property=\"og:locale\" content=\"es_ES\" \/>\n<meta property=\"og:type\" content=\"article\" \/>\n<meta property=\"og:title\" content=\"PSICOLOG\u00cdA OSCURA -\" \/>\n<meta property=\"og:description\" content=\"FORMACI\u00d3N Y ESPECIALIZACI\u00d3N EN PSICOLOG\u00cdA OSCURA: &#8220;C\u00d3MO DETECTAR LA MANIPULACI\u00d3N EMOCIONAL ENCUBIERTA, LA PERSUASI\u00d3N DISIMULADA Y EL CONTROL MENTAL&#8221; Objetivo: entender la mentalidad del\u00a0 narcisista, manipulador, c\u00ednico, etc. Las psiquis anormales. El psic\u00f3pata y soci\u00f3pata. C\u00f3mo detectar, prevenir y ayudar. Dirigido a: p\u00fablico en general, agentes de salud mental que quieran profundizar su campo de [&hellip;]\" \/>\n<meta property=\"og:url\" content=\"https:\/\/lallavepsi.net\/index.php\/formaciones-online\/psicologia-oscura\/\" \/>\n<meta property=\"article:modified_time\" content=\"2025-01-30T19:55:20+00:00\" \/>\n<meta name=\"twitter:card\" content=\"summary_large_image\" \/>\n<meta name=\"twitter:label1\" content=\"Tiempo de lectura\" \/>\n\t<meta name=\"twitter:data1\" content=\"2 minutos\" \/>\n<script type=\"application\/ld+json\" class=\"yoast-schema-graph\">{\"@context\":\"https:\/\/schema.org\",\"@graph\":[{\"@type\":\"WebPage\",\"@id\":\"https:\/\/lallavepsi.net\/index.php\/formaciones-online\/psicologia-oscura\/\",\"url\":\"https:\/\/lallavepsi.net\/index.php\/formaciones-online\/psicologia-oscura\/\",\"name\":\"PSICOLOG\u00cdA OSCURA -\",\"isPartOf\":{\"@id\":\"https:\/\/lallavepsi.net\/#website\"},\"datePublished\":\"2022-12-18T01:52:14+00:00\",\"dateModified\":\"2025-01-30T19:55:20+00:00\",\"breadcrumb\":{\"@id\":\"https:\/\/lallavepsi.net\/index.php\/formaciones-online\/psicologia-oscura\/#breadcrumb\"},\"inLanguage\":\"es-AR\",\"potentialAction\":[{\"@type\":\"ReadAction\",\"target\":[\"https:\/\/lallavepsi.net\/index.php\/formaciones-online\/psicologia-oscura\/\"]}]},{\"@type\":\"BreadcrumbList\",\"@id\":\"https:\/\/lallavepsi.net\/index.php\/formaciones-online\/psicologia-oscura\/#breadcrumb\",\"itemListElement\":[{\"@type\":\"ListItem\",\"position\":1,\"name\":\"Inicio\",\"item\":\"https:\/\/lallavepsi.net\/\"},{\"@type\":\"ListItem\",\"position\":2,\"name\":\"FORMACIONES Y ESPECIALIZACIONES ONLINE\",\"item\":\"https:\/\/lallavepsi.net\/index.php\/formaciones-online\/\"},{\"@type\":\"ListItem\",\"position\":3,\"name\":\"PSICOLOG\u00cdA OSCURA\"}]},{\"@type\":\"WebSite\",\"@id\":\"https:\/\/lallavepsi.net\/#website\",\"url\":\"https:\/\/lallavepsi.net\/\",\"name\":\"\",\"description\":\"\",\"potentialAction\":[{\"@type\":\"SearchAction\",\"target\":{\"@type\":\"EntryPoint\",\"urlTemplate\":\"https:\/\/lallavepsi.net\/?s={search_term_string}\"},\"query-input\":{\"@type\":\"PropertyValueSpecification\",\"valueRequired\":true,\"valueName\":\"search_term_string\"}}],\"inLanguage\":\"es-AR\"}]}<\/script>\n<!-- \/ Yoast SEO plugin. -->","yoast_head_json":{"title":"PSICOLOG\u00cdA OSCURA -","robots":{"index":"index","follow":"follow","max-snippet":"max-snippet:-1","max-image-preview":"max-image-preview:large","max-video-preview":"max-video-preview:-1"},"canonical":"https:\/\/lallavepsi.net\/index.php\/formaciones-online\/psicologia-oscura\/","og_locale":"es_ES","og_type":"article","og_title":"PSICOLOG\u00cdA OSCURA -","og_description":"FORMACI\u00d3N Y ESPECIALIZACI\u00d3N EN PSICOLOG\u00cdA OSCURA: &#8220;C\u00d3MO DETECTAR LA MANIPULACI\u00d3N EMOCIONAL ENCUBIERTA, LA PERSUASI\u00d3N DISIMULADA Y EL CONTROL MENTAL&#8221; Objetivo: entender la mentalidad del\u00a0 narcisista, manipulador, c\u00ednico, etc. Las psiquis anormales. El psic\u00f3pata y soci\u00f3pata. C\u00f3mo detectar, prevenir y ayudar. Dirigido a: p\u00fablico en general, agentes de salud mental que quieran profundizar su campo de [&hellip;]","og_url":"https:\/\/lallavepsi.net\/index.php\/formaciones-online\/psicologia-oscura\/","article_modified_time":"2025-01-30T19:55:20+00:00","twitter_card":"summary_large_image","twitter_misc":{"Tiempo de lectura":"2 minutos"},"schema":{"@context":"https:\/\/schema.org","@graph":[{"@type":"WebPage","@id":"https:\/\/lallavepsi.net\/index.php\/formaciones-online\/psicologia-oscura\/","url":"https:\/\/lallavepsi.net\/index.php\/formaciones-online\/psicologia-oscura\/","name":"PSICOLOG\u00cdA OSCURA -","isPartOf":{"@id":"https:\/\/lallavepsi.net\/#website"},"datePublished":"2022-12-18T01:52:14+00:00","dateModified":"2025-01-30T19:55:20+00:00","breadcrumb":{"@id":"https:\/\/lallavepsi.net\/index.php\/formaciones-online\/psicologia-oscura\/#breadcrumb"},"inLanguage":"es-AR","potentialAction":[{"@type":"ReadAction","target":["https:\/\/lallavepsi.net\/index.php\/formaciones-online\/psicologia-oscura\/"]}]},{"@type":"BreadcrumbList","@id":"https:\/\/lallavepsi.net\/index.php\/formaciones-online\/psicologia-oscura\/#breadcrumb","itemListElement":[{"@type":"ListItem","position":1,"name":"Inicio","item":"https:\/\/lallavepsi.net\/"},{"@type":"ListItem","position":2,"name":"FORMACIONES Y ESPECIALIZACIONES ONLINE","item":"https:\/\/lallavepsi.net\/index.php\/formaciones-online\/"},{"@type":"ListItem","position":3,"name":"PSICOLOG\u00cdA OSCURA"}]},{"@type":"WebSite","@id":"https:\/\/lallavepsi.net\/#website","url":"https:\/\/lallavepsi.net\/","name":"","description":"","potentialAction":[{"@type":"SearchAction","target":{"@type":"EntryPoint","urlTemplate":"https:\/\/lallavepsi.net\/?s={search_term_string}"},"query-input":{"@type":"PropertyValueSpecification","valueRequired":true,"valueName":"search_term_string"}}],"inLanguage":"es-AR"}]}},"_hostinger_reach_plugin_has_subscription_block":false,"_hostinger_reach_plugin_is_elementor":false,"_links":{"self":[{"href":"https:\/\/lallavepsi.net\/index.php\/wp-json\/wp\/v2\/pages\/193","targetHints":{"allow":["GET"]}}],"collection":[{"href":"https:\/\/lallavepsi.net\/index.php\/wp-json\/wp\/v2\/pages"}],"about":[{"href":"https:\/\/lallavepsi.net\/index.php\/wp-json\/wp\/v2\/types\/page"}],"author":[{"embeddable":true,"href":"https:\/\/lallavepsi.net\/index.php\/wp-json\/wp\/v2\/users\/1"}],"replies":[{"embeddable":true,"href":"https:\/\/lallavepsi.net\/index.php\/wp-json\/wp\/v2\/comments?post=193"}],"version-history":[{"count":11,"href":"https:\/\/lallavepsi.net\/index.php\/wp-json\/wp\/v2\/pages\/193\/revisions"}],"predecessor-version":[{"id":2434,"href":"https:\/\/lallavepsi.net\/index.php\/wp-json\/wp\/v2\/pages\/193\/revisions\/2434"}],"up":[{"embeddable":true,"href":"https:\/\/lallavepsi.net\/index.php\/wp-json\/wp\/v2\/pages\/49"}],"wp:attachment":[{"href":"https:\/\/lallavepsi.net\/index.php\/wp-json\/wp\/v2\/media?parent=193"}],"curies":[{"name":"wp","href":"https:\/\/api.w.org\/{rel}","templated":true}]}}