{"id":195,"date":"2022-12-18T22:58:10","date_gmt":"2022-12-18T22:58:10","guid":{"rendered":"https:\/\/lallavepsi.net\/?page_id=195"},"modified":"2025-01-30T19:55:47","modified_gmt":"2025-01-30T19:55:47","slug":"psicologia-positiva","status":"publish","type":"page","link":"https:\/\/lallavepsi.net\/index.php\/formaciones-online\/psicologia-positiva\/","title":{"rendered":"PSICOLOG\u00cdA POSITIVA"},"content":{"rendered":"<p><strong>FORMACI\u00d3N Y ESPECIALIZACI\u00d3N EN PSICOLOG\u00cdA POSITIVA<\/strong><\/p>\n<p>Dirigido a:\u00a0 p\u00fablico en general y\/o agentes de salud mental que quieran especializarse, capacitarse o profundizar en la teor\u00eda y pr\u00e1ctica de la psicolog\u00eda positiva, para facilitar recursos en la vida cotidiana o aplicar en el campo de la salud mental.<\/p>\n<p>Objetivo: resignificar el foco de la psicolog\u00eda como herramienta de potenciaci\u00f3n de dones y habilidades para su manifestaci\u00f3n y desarrollo. Donde ponemos la atenci\u00f3n, damos entidad e intensidad. Por ello mejor dirigir esa atenci\u00f3n a lo positivo.<\/p>\n<p>Duraci\u00f3n: 10 clases o 2 meses y medio.<\/p>\n<p>Modalidad: una clase semanal grupal online sincr\u00f3nica de dos horas te\u00f3rico-pr\u00e1ctica. Modalidad asincr\u00f3nica con env\u00edo de material te\u00f3rico-pr\u00e1ctico con feedback de dudas y consultas a trav\u00e9s de plataforma Skype.<\/p>\n<p>Inversi\u00f3n: Argentina $ 58000 mensuales.<\/p>\n<p>Promoci\u00f3n residentes Sudam\u00e9rica 40 % de descuento: usd\/\u20ac 48. Resto del mundo: usd\/\u20ac 80.<\/p>\n<p>Bibliograf\u00eda: material digitalizado.<\/p>\n<p>Se entrega certificado cumplida el 80% de asistencia.<\/p>\n<p>&nbsp;<\/p>\n<p>Programa:<\/p>\n<p>1ra clase: Eudemon\u00eda y hedonismo. Bases de la psicolog\u00eda positiva. Teor\u00eda del bienestar y resiliencia.<\/p>\n<p>2da clase: La risa y el humor. Aplicaciones cl\u00ednicas, psicosociales y educativas. Personas mayores y organizaciones.<\/p>\n<p>3ra clase: Desmitificando emociones positivas y negativas. C\u00f3mo sostener estados positivos y una personalidad positiva.<\/p>\n<p>4ta clase: Felicidad.<\/p>\n<p>5ta clase: Gratitud.<\/p>\n<p>6ta clase: Perd\u00f3n.<\/p>\n<p>7ma clase: Optimismo.<\/p>\n<p>8va clase: Gratificaciones.<\/p>\n<p>9na clase: Fortalezas y virtudes.<\/p>\n<p>10ma clase: Sentido y prop\u00f3sito.<\/p>\n<p>&nbsp;<\/p>\n<p>Bibliograf\u00eda: Seligman, Martin. La aut\u00e9ntica felicidad.<\/p>\n","protected":false},"excerpt":{"rendered":"<p>FORMACI\u00d3N Y ESPECIALIZACI\u00d3N EN PSICOLOG\u00cdA POSITIVA Dirigido a:\u00a0 p\u00fablico en general y\/o agentes de salud mental que quieran especializarse, capacitarse o profundizar en la teor\u00eda y pr\u00e1ctica de la psicolog\u00eda positiva, para facilitar recursos en la vida cotidiana o aplicar en el campo de la salud mental. Objetivo: resignificar el foco de la psicolog\u00eda como [&hellip;]<\/p>\n","protected":false},"author":1,"featured_media":0,"parent":49,"menu_order":0,"comment_status":"closed","ping_status":"closed","template":"","meta":{"_monsterinsights_skip_tracking":false,"_monsterinsights_sitenote_active":false,"_monsterinsights_sitenote_note":"","_monsterinsights_sitenote_category":0,"_uf_show_specific_survey":0,"_uf_disable_surveys":false,"site-sidebar-layout":"default","site-content-layout":"default","ast-site-content-layout":"default","site-content-style":"default","site-sidebar-style":"default","ast-global-header-display":"","ast-banner-title-visibility":"","ast-main-header-display":"","ast-hfb-above-header-display":"","ast-hfb-below-header-display":"","ast-hfb-mobile-header-display":"","site-post-title":"","ast-breadcrumbs-content":"","ast-featured-img":"","footer-sml-layout":"","ast-disable-related-posts":"","theme-transparent-header-meta":"default","adv-header-id-meta":"","stick-header-meta":"","header-above-stick-meta":"","header-main-stick-meta":"","header-below-stick-meta":"","astra-migrate-meta-layouts":"set","ast-page-background-enabled":"default","ast-page-background-meta":{"desktop":{"background-color":"var(--ast-global-color-4)","background-image":"","background-repeat":"repeat","background-position":"center center","background-size":"auto","background-attachment":"scroll","background-type":"","background-media":"","overlay-type":"","overlay-color":"","overlay-opacity":"","overlay-gradient":""},"tablet":{"background-color":"","background-image":"","background-repeat":"repeat","background-position":"center center","background-size":"auto","background-attachment":"scroll","background-type":"","background-media":"","overlay-type":"","overlay-color":"","overlay-opacity":"","overlay-gradient":""},"mobile":{"background-color":"","background-image":"","background-repeat":"repeat","background-position":"center center","background-size":"auto","background-attachment":"scroll","background-type":"","background-media":"","overlay-type":"","overlay-color":"","overlay-opacity":"","overlay-gradient":""}},"ast-content-background-meta":{"desktop":{"background-color":"var(--ast-global-color-5)","background-image":"","background-repeat":"repeat","background-position":"center center","background-size":"auto","background-attachment":"scroll","background-type":"","background-media":"","overlay-type":"","overlay-color":"","overlay-opacity":"","overlay-gradient":""},"tablet":{"background-color":"var(--ast-global-color-5)","background-image":"","background-repeat":"repeat","background-position":"center center","background-size":"auto","background-attachment":"scroll","background-type":"","background-media":"","overlay-type":"","overlay-color":"","overlay-opacity":"","overlay-gradient":""},"mobile":{"background-color":"var(--ast-global-color-5)","background-image":"","background-repeat":"repeat","background-position":"center center","background-size":"auto","background-attachment":"scroll","background-type":"","background-media":"","overlay-type":"","overlay-color":"","overlay-opacity":"","overlay-gradient":""}},"footnotes":""},"class_list":["post-195","page","type-page","status-publish","hentry"],"yoast_head":"<!-- This site is optimized with the Yoast SEO plugin v27.0 - https:\/\/yoast.com\/product\/yoast-seo-wordpress\/ -->\n<title>PSICOLOG\u00cdA POSITIVA -<\/title>\n<meta name=\"robots\" content=\"index, follow, max-snippet:-1, max-image-preview:large, max-video-preview:-1\" \/>\n<link rel=\"canonical\" href=\"https:\/\/lallavepsi.net\/index.php\/formaciones-online\/psicologia-positiva\/\" \/>\n<meta property=\"og:locale\" content=\"es_ES\" \/>\n<meta property=\"og:type\" content=\"article\" \/>\n<meta property=\"og:title\" content=\"PSICOLOG\u00cdA POSITIVA -\" \/>\n<meta property=\"og:description\" content=\"FORMACI\u00d3N Y ESPECIALIZACI\u00d3N EN PSICOLOG\u00cdA POSITIVA Dirigido a:\u00a0 p\u00fablico en general y\/o agentes de salud mental que quieran especializarse, capacitarse o profundizar en la teor\u00eda y pr\u00e1ctica de la psicolog\u00eda positiva, para facilitar recursos en la vida cotidiana o aplicar en el campo de la salud mental. Objetivo: resignificar el foco de la psicolog\u00eda como [&hellip;]\" \/>\n<meta property=\"og:url\" content=\"https:\/\/lallavepsi.net\/index.php\/formaciones-online\/psicologia-positiva\/\" \/>\n<meta property=\"article:modified_time\" content=\"2025-01-30T19:55:47+00:00\" \/>\n<meta name=\"twitter:card\" content=\"summary_large_image\" \/>\n<meta name=\"twitter:label1\" content=\"Tiempo de lectura\" \/>\n\t<meta name=\"twitter:data1\" content=\"2 minutos\" \/>\n<script type=\"application\/ld+json\" class=\"yoast-schema-graph\">{\"@context\":\"https:\/\/schema.org\",\"@graph\":[{\"@type\":\"WebPage\",\"@id\":\"https:\/\/lallavepsi.net\/index.php\/formaciones-online\/psicologia-positiva\/\",\"url\":\"https:\/\/lallavepsi.net\/index.php\/formaciones-online\/psicologia-positiva\/\",\"name\":\"PSICOLOG\u00cdA POSITIVA -\",\"isPartOf\":{\"@id\":\"https:\/\/lallavepsi.net\/#website\"},\"datePublished\":\"2022-12-18T22:58:10+00:00\",\"dateModified\":\"2025-01-30T19:55:47+00:00\",\"breadcrumb\":{\"@id\":\"https:\/\/lallavepsi.net\/index.php\/formaciones-online\/psicologia-positiva\/#breadcrumb\"},\"inLanguage\":\"es-AR\",\"potentialAction\":[{\"@type\":\"ReadAction\",\"target\":[\"https:\/\/lallavepsi.net\/index.php\/formaciones-online\/psicologia-positiva\/\"]}]},{\"@type\":\"BreadcrumbList\",\"@id\":\"https:\/\/lallavepsi.net\/index.php\/formaciones-online\/psicologia-positiva\/#breadcrumb\",\"itemListElement\":[{\"@type\":\"ListItem\",\"position\":1,\"name\":\"Inicio\",\"item\":\"https:\/\/lallavepsi.net\/\"},{\"@type\":\"ListItem\",\"position\":2,\"name\":\"FORMACIONES Y ESPECIALIZACIONES ONLINE\",\"item\":\"https:\/\/lallavepsi.net\/index.php\/formaciones-online\/\"},{\"@type\":\"ListItem\",\"position\":3,\"name\":\"PSICOLOG\u00cdA POSITIVA\"}]},{\"@type\":\"WebSite\",\"@id\":\"https:\/\/lallavepsi.net\/#website\",\"url\":\"https:\/\/lallavepsi.net\/\",\"name\":\"\",\"description\":\"\",\"potentialAction\":[{\"@type\":\"SearchAction\",\"target\":{\"@type\":\"EntryPoint\",\"urlTemplate\":\"https:\/\/lallavepsi.net\/?s={search_term_string}\"},\"query-input\":{\"@type\":\"PropertyValueSpecification\",\"valueRequired\":true,\"valueName\":\"search_term_string\"}}],\"inLanguage\":\"es-AR\"}]}<\/script>\n<!-- \/ Yoast SEO plugin. -->","yoast_head_json":{"title":"PSICOLOG\u00cdA POSITIVA -","robots":{"index":"index","follow":"follow","max-snippet":"max-snippet:-1","max-image-preview":"max-image-preview:large","max-video-preview":"max-video-preview:-1"},"canonical":"https:\/\/lallavepsi.net\/index.php\/formaciones-online\/psicologia-positiva\/","og_locale":"es_ES","og_type":"article","og_title":"PSICOLOG\u00cdA POSITIVA -","og_description":"FORMACI\u00d3N Y ESPECIALIZACI\u00d3N EN PSICOLOG\u00cdA POSITIVA Dirigido a:\u00a0 p\u00fablico en general y\/o agentes de salud mental que quieran especializarse, capacitarse o profundizar en la teor\u00eda y pr\u00e1ctica de la psicolog\u00eda positiva, para facilitar recursos en la vida cotidiana o aplicar en el campo de la salud mental. Objetivo: resignificar el foco de la psicolog\u00eda como [&hellip;]","og_url":"https:\/\/lallavepsi.net\/index.php\/formaciones-online\/psicologia-positiva\/","article_modified_time":"2025-01-30T19:55:47+00:00","twitter_card":"summary_large_image","twitter_misc":{"Tiempo de lectura":"2 minutos"},"schema":{"@context":"https:\/\/schema.org","@graph":[{"@type":"WebPage","@id":"https:\/\/lallavepsi.net\/index.php\/formaciones-online\/psicologia-positiva\/","url":"https:\/\/lallavepsi.net\/index.php\/formaciones-online\/psicologia-positiva\/","name":"PSICOLOG\u00cdA POSITIVA -","isPartOf":{"@id":"https:\/\/lallavepsi.net\/#website"},"datePublished":"2022-12-18T22:58:10+00:00","dateModified":"2025-01-30T19:55:47+00:00","breadcrumb":{"@id":"https:\/\/lallavepsi.net\/index.php\/formaciones-online\/psicologia-positiva\/#breadcrumb"},"inLanguage":"es-AR","potentialAction":[{"@type":"ReadAction","target":["https:\/\/lallavepsi.net\/index.php\/formaciones-online\/psicologia-positiva\/"]}]},{"@type":"BreadcrumbList","@id":"https:\/\/lallavepsi.net\/index.php\/formaciones-online\/psicologia-positiva\/#breadcrumb","itemListElement":[{"@type":"ListItem","position":1,"name":"Inicio","item":"https:\/\/lallavepsi.net\/"},{"@type":"ListItem","position":2,"name":"FORMACIONES Y ESPECIALIZACIONES ONLINE","item":"https:\/\/lallavepsi.net\/index.php\/formaciones-online\/"},{"@type":"ListItem","position":3,"name":"PSICOLOG\u00cdA POSITIVA"}]},{"@type":"WebSite","@id":"https:\/\/lallavepsi.net\/#website","url":"https:\/\/lallavepsi.net\/","name":"","description":"","potentialAction":[{"@type":"SearchAction","target":{"@type":"EntryPoint","urlTemplate":"https:\/\/lallavepsi.net\/?s={search_term_string}"},"query-input":{"@type":"PropertyValueSpecification","valueRequired":true,"valueName":"search_term_string"}}],"inLanguage":"es-AR"}]}},"_hostinger_reach_plugin_has_subscription_block":false,"_hostinger_reach_plugin_is_elementor":false,"_links":{"self":[{"href":"https:\/\/lallavepsi.net\/index.php\/wp-json\/wp\/v2\/pages\/195","targetHints":{"allow":["GET"]}}],"collection":[{"href":"https:\/\/lallavepsi.net\/index.php\/wp-json\/wp\/v2\/pages"}],"about":[{"href":"https:\/\/lallavepsi.net\/index.php\/wp-json\/wp\/v2\/types\/page"}],"author":[{"embeddable":true,"href":"https:\/\/lallavepsi.net\/index.php\/wp-json\/wp\/v2\/users\/1"}],"replies":[{"embeddable":true,"href":"https:\/\/lallavepsi.net\/index.php\/wp-json\/wp\/v2\/comments?post=195"}],"version-history":[{"count":12,"href":"https:\/\/lallavepsi.net\/index.php\/wp-json\/wp\/v2\/pages\/195\/revisions"}],"predecessor-version":[{"id":2435,"href":"https:\/\/lallavepsi.net\/index.php\/wp-json\/wp\/v2\/pages\/195\/revisions\/2435"}],"up":[{"embeddable":true,"href":"https:\/\/lallavepsi.net\/index.php\/wp-json\/wp\/v2\/pages\/49"}],"wp:attachment":[{"href":"https:\/\/lallavepsi.net\/index.php\/wp-json\/wp\/v2\/media?parent=195"}],"curies":[{"name":"wp","href":"https:\/\/api.w.org\/{rel}","templated":true}]}}