{"id":197,"date":"2022-12-18T23:00:45","date_gmt":"2022-12-18T23:00:45","guid":{"rendered":"https:\/\/lallavepsi.net\/?page_id=197"},"modified":"2025-01-30T19:56:16","modified_gmt":"2025-01-30T19:56:16","slug":"psicologia-practica","status":"publish","type":"page","link":"https:\/\/lallavepsi.net\/index.php\/formaciones-online\/psicologia-practica\/","title":{"rendered":"PSICOLOG\u00cdA PR\u00c1CTICA"},"content":{"rendered":"<p><strong>FORMACI\u00d3N\/ESPECIALIZACI\u00d3N EN PSICOLOG\u00cdA PR\u00c1CTICA: T\u00c9CNICAS DE INTERVENCI\u00d3N<\/strong><\/p>\n<p>Dirigido a: p\u00fablico en general y\/o agentes de salud mental que quieran ampliar, desarrollar, capacitarse o profundizar en t\u00e9cnicas pr\u00e1cticas de todas las escuelas psicol\u00f3gicas, con aportes del mindfulness y la filosof\u00eda herm\u00e9tica o metaf\u00edsica, las constelaciones familiares y la bioneuroemoci\u00f3n.<\/p>\n<p>El programa apunta a contar con una valiosa caja de herramientas para poder abordar cualquier situaci\u00f3n de la vida cotidiana o casos terap\u00e9uticos desde m\u00faltiples enfoques, adapt\u00e1ndolos a la idiosincrasia de cada sujeto. El mismo comprende t\u00e9cnicas cognitivo conductuales, sist\u00e9micas, psicoanal\u00edticas, humanistas y espirituales.<\/p>\n<p>Duraci\u00f3n: 24 clases semanales o 6 meses.<\/p>\n<p>Modalidad: una clase semanal grupal online sincr\u00f3nica de dos horas te\u00f3rico-pr\u00e1ctica. Modalidad asincr\u00f3nica con env\u00edo de material te\u00f3rico-pr\u00e1ctico con feedback de dudas y consultas a trav\u00e9s de plataforma Skype. Quedan grabadas durante un mes.<\/p>\n<p>Inversi\u00f3n: Argentina $ 58000 mensuales. Descuento 10% abonando el curso completo.<\/p>\n<p>Promoci\u00f3n residentes Sudam\u00e9rica 40 % de descuento: usd\/\u20ac 48. Resto del mundo: usd\/\u20ac 80. Descuento adicional 10% abonando el curso completo.<\/p>\n<p>Bibliograf\u00eda: material digitalizado.<\/p>\n<p>Se entrega certificado cumplida el 80% de asistencia.<\/p>\n<p>&nbsp;<\/p>\n<p>Programa:<\/p>\n<p>Clase 1: T\u00e9cnicas cognitivo conductuales para ataques de p\u00e1nico.<\/p>\n<p>Clase 2: T\u00e9cnicas cognitivo conductuales para manejo de stress, ansiedad y depresi\u00f3n.<\/p>\n<p>Clase 3: T\u00e9cnicas de entrenamiento y desarrollo cognitvo.<\/p>\n<p>Clase 4: T\u00e9cnicas para el desarrollo de habilidades asertivas.<\/p>\n<p>Clase 5: T\u00e9cnicas cognitivo conductuales para el control de impulsos.<\/p>\n<p>Clase 6: T\u00e9cnicas cognitivo conductuales para el manejo de adicciones.<\/p>\n<p>Clase 7: T\u00e9cnicas cognitivo conductuales para una comunicaci\u00f3n efectiva.<\/p>\n<p>Clase 8: T\u00e9cnicas motivacionales.<\/p>\n<p>Clase 9: T\u00e9cnicas para el manejo de conductas con el dinero.<\/p>\n<p>Clase 10: Asociaci\u00f3n libre, fallidos , lapsus y chistes.<\/p>\n<p>Clase 11: T\u00e9cnicas de razonamiento. Aprendiendo a discernir.<\/p>\n<p>Clase 12: Interpretaci\u00f3n de los sue\u00f1os.<\/p>\n<p>Clase 13: Trabajo con la sombra (proyecci\u00f3n).<\/p>\n<p>Clase 14: Hipnosis y regresi\u00f3n.<\/p>\n<p>Clase 15: Primeros auxilios psicol\u00f3gicos.<\/p>\n<p>Clase 16: T\u00e9cnicas de terapia familiar sist\u00e9mica.<\/p>\n<p>Clase 17: T\u00e9cnica del genograma para constelaciones familiares.<\/p>\n<p>Clase 18: T\u00e9cnicas para el desarrollo de habilidades emocionales y sociales.<\/p>\n<p>Clase 19: T\u00e9cnicas de relajaci\u00f3n, visualizaci\u00f3n y enso\u00f1aci\u00f3n. T\u00e9cnicas para trastornos del sue\u00f1o.<\/p>\n<p>Clase 20: T\u00e9cnicas de meditaci\u00f3n: mindfulness.<\/p>\n<p>Clase 21: T\u00e9cnicas de psicolog\u00eda positiva.<\/p>\n<p>Clase 22: T\u00e9cnicas de bioneuroemocion para enfermedades y sintomas.<\/p>\n<p>Clase 23: Trabajo con energ\u00edas en enfermedades a trav\u00e9s de afirmaciones.<\/p>\n<p>Clase 24: Trabajo con energ\u00edas: transmutaci\u00f3n de patrones mentales a trav\u00e9s de afirmaciones autoexploradoras y sanadoras.<\/p>\n","protected":false},"excerpt":{"rendered":"<p>FORMACI\u00d3N\/ESPECIALIZACI\u00d3N EN PSICOLOG\u00cdA PR\u00c1CTICA: T\u00c9CNICAS DE INTERVENCI\u00d3N Dirigido a: p\u00fablico en general y\/o agentes de salud mental que quieran ampliar, desarrollar, capacitarse o profundizar en t\u00e9cnicas pr\u00e1cticas de todas las escuelas psicol\u00f3gicas, con aportes del mindfulness y la filosof\u00eda herm\u00e9tica o metaf\u00edsica, las constelaciones familiares y la bioneuroemoci\u00f3n. El programa apunta a contar con una [&hellip;]<\/p>\n","protected":false},"author":1,"featured_media":0,"parent":49,"menu_order":0,"comment_status":"closed","ping_status":"closed","template":"","meta":{"_monsterinsights_skip_tracking":false,"_monsterinsights_sitenote_active":false,"_monsterinsights_sitenote_note":"","_monsterinsights_sitenote_category":0,"_uf_show_specific_survey":0,"_uf_disable_surveys":false,"site-sidebar-layout":"default","site-content-layout":"default","ast-site-content-layout":"default","site-content-style":"default","site-sidebar-style":"default","ast-global-header-display":"","ast-banner-title-visibility":"","ast-main-header-display":"","ast-hfb-above-header-display":"","ast-hfb-below-header-display":"","ast-hfb-mobile-header-display":"","site-post-title":"","ast-breadcrumbs-content":"","ast-featured-img":"","footer-sml-layout":"","ast-disable-related-posts":"","theme-transparent-header-meta":"default","adv-header-id-meta":"","stick-header-meta":"","header-above-stick-meta":"","header-main-stick-meta":"","header-below-stick-meta":"","astra-migrate-meta-layouts":"set","ast-page-background-enabled":"default","ast-page-background-meta":{"desktop":{"background-color":"var(--ast-global-color-4)","background-image":"","background-repeat":"repeat","background-position":"center center","background-size":"auto","background-attachment":"scroll","background-type":"","background-media":"","overlay-type":"","overlay-color":"","overlay-opacity":"","overlay-gradient":""},"tablet":{"background-color":"","background-image":"","background-repeat":"repeat","background-position":"center center","background-size":"auto","background-attachment":"scroll","background-type":"","background-media":"","overlay-type":"","overlay-color":"","overlay-opacity":"","overlay-gradient":""},"mobile":{"background-color":"","background-image":"","background-repeat":"repeat","background-position":"center center","background-size":"auto","background-attachment":"scroll","background-type":"","background-media":"","overlay-type":"","overlay-color":"","overlay-opacity":"","overlay-gradient":""}},"ast-content-background-meta":{"desktop":{"background-color":"var(--ast-global-color-5)","background-image":"","background-repeat":"repeat","background-position":"center center","background-size":"auto","background-attachment":"scroll","background-type":"","background-media":"","overlay-type":"","overlay-color":"","overlay-opacity":"","overlay-gradient":""},"tablet":{"background-color":"var(--ast-global-color-5)","background-image":"","background-repeat":"repeat","background-position":"center center","background-size":"auto","background-attachment":"scroll","background-type":"","background-media":"","overlay-type":"","overlay-color":"","overlay-opacity":"","overlay-gradient":""},"mobile":{"background-color":"var(--ast-global-color-5)","background-image":"","background-repeat":"repeat","background-position":"center center","background-size":"auto","background-attachment":"scroll","background-type":"","background-media":"","overlay-type":"","overlay-color":"","overlay-opacity":"","overlay-gradient":""}},"footnotes":""},"class_list":["post-197","page","type-page","status-publish","hentry"],"yoast_head":"<!-- This site is optimized with the Yoast SEO plugin v27.0 - https:\/\/yoast.com\/product\/yoast-seo-wordpress\/ -->\n<title>PSICOLOG\u00cdA PR\u00c1CTICA -<\/title>\n<meta name=\"robots\" content=\"index, follow, max-snippet:-1, max-image-preview:large, max-video-preview:-1\" \/>\n<link rel=\"canonical\" href=\"https:\/\/lallavepsi.net\/index.php\/formaciones-online\/psicologia-practica\/\" \/>\n<meta property=\"og:locale\" content=\"es_ES\" \/>\n<meta property=\"og:type\" content=\"article\" \/>\n<meta property=\"og:title\" content=\"PSICOLOG\u00cdA PR\u00c1CTICA -\" \/>\n<meta property=\"og:description\" content=\"FORMACI\u00d3N\/ESPECIALIZACI\u00d3N EN PSICOLOG\u00cdA PR\u00c1CTICA: T\u00c9CNICAS DE INTERVENCI\u00d3N Dirigido a: p\u00fablico en general y\/o agentes de salud mental que quieran ampliar, desarrollar, capacitarse o profundizar en t\u00e9cnicas pr\u00e1cticas de todas las escuelas psicol\u00f3gicas, con aportes del mindfulness y la filosof\u00eda herm\u00e9tica o metaf\u00edsica, las constelaciones familiares y la bioneuroemoci\u00f3n. El programa apunta a contar con una [&hellip;]\" \/>\n<meta property=\"og:url\" content=\"https:\/\/lallavepsi.net\/index.php\/formaciones-online\/psicologia-practica\/\" \/>\n<meta property=\"article:modified_time\" content=\"2025-01-30T19:56:16+00:00\" \/>\n<meta name=\"twitter:card\" content=\"summary_large_image\" \/>\n<meta name=\"twitter:label1\" content=\"Tiempo de lectura\" \/>\n\t<meta name=\"twitter:data1\" content=\"2 minutos\" \/>\n<script type=\"application\/ld+json\" class=\"yoast-schema-graph\">{\"@context\":\"https:\/\/schema.org\",\"@graph\":[{\"@type\":\"WebPage\",\"@id\":\"https:\/\/lallavepsi.net\/index.php\/formaciones-online\/psicologia-practica\/\",\"url\":\"https:\/\/lallavepsi.net\/index.php\/formaciones-online\/psicologia-practica\/\",\"name\":\"PSICOLOG\u00cdA PR\u00c1CTICA -\",\"isPartOf\":{\"@id\":\"https:\/\/lallavepsi.net\/#website\"},\"datePublished\":\"2022-12-18T23:00:45+00:00\",\"dateModified\":\"2025-01-30T19:56:16+00:00\",\"breadcrumb\":{\"@id\":\"https:\/\/lallavepsi.net\/index.php\/formaciones-online\/psicologia-practica\/#breadcrumb\"},\"inLanguage\":\"es-AR\",\"potentialAction\":[{\"@type\":\"ReadAction\",\"target\":[\"https:\/\/lallavepsi.net\/index.php\/formaciones-online\/psicologia-practica\/\"]}]},{\"@type\":\"BreadcrumbList\",\"@id\":\"https:\/\/lallavepsi.net\/index.php\/formaciones-online\/psicologia-practica\/#breadcrumb\",\"itemListElement\":[{\"@type\":\"ListItem\",\"position\":1,\"name\":\"Inicio\",\"item\":\"https:\/\/lallavepsi.net\/\"},{\"@type\":\"ListItem\",\"position\":2,\"name\":\"FORMACIONES Y ESPECIALIZACIONES ONLINE\",\"item\":\"https:\/\/lallavepsi.net\/index.php\/formaciones-online\/\"},{\"@type\":\"ListItem\",\"position\":3,\"name\":\"PSICOLOG\u00cdA PR\u00c1CTICA\"}]},{\"@type\":\"WebSite\",\"@id\":\"https:\/\/lallavepsi.net\/#website\",\"url\":\"https:\/\/lallavepsi.net\/\",\"name\":\"\",\"description\":\"\",\"potentialAction\":[{\"@type\":\"SearchAction\",\"target\":{\"@type\":\"EntryPoint\",\"urlTemplate\":\"https:\/\/lallavepsi.net\/?s={search_term_string}\"},\"query-input\":{\"@type\":\"PropertyValueSpecification\",\"valueRequired\":true,\"valueName\":\"search_term_string\"}}],\"inLanguage\":\"es-AR\"}]}<\/script>\n<!-- \/ Yoast SEO plugin. -->","yoast_head_json":{"title":"PSICOLOG\u00cdA PR\u00c1CTICA -","robots":{"index":"index","follow":"follow","max-snippet":"max-snippet:-1","max-image-preview":"max-image-preview:large","max-video-preview":"max-video-preview:-1"},"canonical":"https:\/\/lallavepsi.net\/index.php\/formaciones-online\/psicologia-practica\/","og_locale":"es_ES","og_type":"article","og_title":"PSICOLOG\u00cdA PR\u00c1CTICA -","og_description":"FORMACI\u00d3N\/ESPECIALIZACI\u00d3N EN PSICOLOG\u00cdA PR\u00c1CTICA: T\u00c9CNICAS DE INTERVENCI\u00d3N Dirigido a: p\u00fablico en general y\/o agentes de salud mental que quieran ampliar, desarrollar, capacitarse o profundizar en t\u00e9cnicas pr\u00e1cticas de todas las escuelas psicol\u00f3gicas, con aportes del mindfulness y la filosof\u00eda herm\u00e9tica o metaf\u00edsica, las constelaciones familiares y la bioneuroemoci\u00f3n. El programa apunta a contar con una [&hellip;]","og_url":"https:\/\/lallavepsi.net\/index.php\/formaciones-online\/psicologia-practica\/","article_modified_time":"2025-01-30T19:56:16+00:00","twitter_card":"summary_large_image","twitter_misc":{"Tiempo de lectura":"2 minutos"},"schema":{"@context":"https:\/\/schema.org","@graph":[{"@type":"WebPage","@id":"https:\/\/lallavepsi.net\/index.php\/formaciones-online\/psicologia-practica\/","url":"https:\/\/lallavepsi.net\/index.php\/formaciones-online\/psicologia-practica\/","name":"PSICOLOG\u00cdA PR\u00c1CTICA -","isPartOf":{"@id":"https:\/\/lallavepsi.net\/#website"},"datePublished":"2022-12-18T23:00:45+00:00","dateModified":"2025-01-30T19:56:16+00:00","breadcrumb":{"@id":"https:\/\/lallavepsi.net\/index.php\/formaciones-online\/psicologia-practica\/#breadcrumb"},"inLanguage":"es-AR","potentialAction":[{"@type":"ReadAction","target":["https:\/\/lallavepsi.net\/index.php\/formaciones-online\/psicologia-practica\/"]}]},{"@type":"BreadcrumbList","@id":"https:\/\/lallavepsi.net\/index.php\/formaciones-online\/psicologia-practica\/#breadcrumb","itemListElement":[{"@type":"ListItem","position":1,"name":"Inicio","item":"https:\/\/lallavepsi.net\/"},{"@type":"ListItem","position":2,"name":"FORMACIONES Y ESPECIALIZACIONES ONLINE","item":"https:\/\/lallavepsi.net\/index.php\/formaciones-online\/"},{"@type":"ListItem","position":3,"name":"PSICOLOG\u00cdA PR\u00c1CTICA"}]},{"@type":"WebSite","@id":"https:\/\/lallavepsi.net\/#website","url":"https:\/\/lallavepsi.net\/","name":"","description":"","potentialAction":[{"@type":"SearchAction","target":{"@type":"EntryPoint","urlTemplate":"https:\/\/lallavepsi.net\/?s={search_term_string}"},"query-input":{"@type":"PropertyValueSpecification","valueRequired":true,"valueName":"search_term_string"}}],"inLanguage":"es-AR"}]}},"_hostinger_reach_plugin_has_subscription_block":false,"_hostinger_reach_plugin_is_elementor":false,"_links":{"self":[{"href":"https:\/\/lallavepsi.net\/index.php\/wp-json\/wp\/v2\/pages\/197","targetHints":{"allow":["GET"]}}],"collection":[{"href":"https:\/\/lallavepsi.net\/index.php\/wp-json\/wp\/v2\/pages"}],"about":[{"href":"https:\/\/lallavepsi.net\/index.php\/wp-json\/wp\/v2\/types\/page"}],"author":[{"embeddable":true,"href":"https:\/\/lallavepsi.net\/index.php\/wp-json\/wp\/v2\/users\/1"}],"replies":[{"embeddable":true,"href":"https:\/\/lallavepsi.net\/index.php\/wp-json\/wp\/v2\/comments?post=197"}],"version-history":[{"count":11,"href":"https:\/\/lallavepsi.net\/index.php\/wp-json\/wp\/v2\/pages\/197\/revisions"}],"predecessor-version":[{"id":2436,"href":"https:\/\/lallavepsi.net\/index.php\/wp-json\/wp\/v2\/pages\/197\/revisions\/2436"}],"up":[{"embeddable":true,"href":"https:\/\/lallavepsi.net\/index.php\/wp-json\/wp\/v2\/pages\/49"}],"wp:attachment":[{"href":"https:\/\/lallavepsi.net\/index.php\/wp-json\/wp\/v2\/media?parent=197"}],"curies":[{"name":"wp","href":"https:\/\/api.w.org\/{rel}","templated":true}]}}