{"id":201,"date":"2022-12-20T21:11:34","date_gmt":"2022-12-20T21:11:34","guid":{"rendered":"https:\/\/lallavepsi.net\/?page_id=201"},"modified":"2025-01-30T19:59:09","modified_gmt":"2025-01-30T19:59:09","slug":"tecnicas-de-terapia-familiar-sistemica","status":"publish","type":"page","link":"https:\/\/lallavepsi.net\/index.php\/formaciones-online\/tecnicas-de-terapia-familiar-sistemica\/","title":{"rendered":"T\u00c9CNICAS DE TERAPIA FAMILIAR SIST\u00c9MICA"},"content":{"rendered":"<p><strong>FORMACI\u00d3N\/ESPECIALIZACI\u00d3N EN T\u00c9CNICAS DE TERAPIA FAMILIAR SIST\u00c9MICA (IDEAL CONSTELADORES)<\/strong><\/p>\n<p>Dirigido a: profesionales de salud mental que deseen ampliar, complementar o profundizar sus conocimientos y\/o campo profesional. Ideal como recurso para consteladores familiares.<\/p>\n<p>Descripci\u00f3n: la terapia sist\u00e9mica o tambi\u00e9n conocida como terapia familiar permite un abordaje del sujeto en relaci\u00f3n a su medio social en permanente retroalimentaci\u00f3n, con la premisa de que cambiando una parte del sistema se modifica el sistema completo. Este enfoque se nutre de varias otras disciplinas como el construccionismo, la teor\u00eda de la comunicaci\u00f3n, la teor\u00eda general de los sistemas, la cibern\u00e9tica, algunos desarrollos de la f\u00edsica cu\u00e1ntica, biolog\u00eda, aportes de la hermen\u00e9utica, la narrativa, el deconstruccionismo de Jaques Derrida y los fil\u00f3sofos Ludwig Wittgenstein, Vigotsky, Bakhtin y Foucault.<\/p>\n<p>Objetivo: Conocer los conceptos de la Epistemolog\u00eda Sist\u00e9mica. Comprender el salto epistemol\u00f3gico que implica pasar de la causalidad lineal a la causalidad circular. Conocer los fundamentos te\u00f3ricos del Constructivismo, la Teor\u00eda de la Cibern\u00e9tica, la Teor\u00eda de los Sistemas y la Teor\u00eda de la Comunicaci\u00f3n Humana. Establecer relaciones y diferencias entre los distintos modelos. Comprender el Paradigma Sist\u00e9mico y su aplicaci\u00f3n en la sociedad actual.<\/p>\n<p>Duraci\u00f3n: 24 clases o 6 meses.<\/p>\n<p>Inversi\u00f3n: Argentina $ 58000 mensuales. Descuento 10% abonando el curso completo.<\/p>\n<p>Promoci\u00f3n residentes Sudam\u00e9rica 40 % de descuento: usd\/\u20ac 48. Resto del mundo: usd\/\u20ac 80. Descuento adicional 10% abonando el curso completo.<\/p>\n<p>Modalidad: una clase semanal grupal online sincr\u00f3nica de dos horas te\u00f3rico-pr\u00e1ctica. Modalidad asincr\u00f3nica con env\u00edo de material te\u00f3rico-pr\u00e1ctico con feedback de dudas y consultas a trav\u00e9s de plataforma Skype. Quedan grabadas durante un mes.<\/p>\n<p>Bibliograf\u00eda: material digitalizado.<\/p>\n<p>Se entrega certificado cumplida el 80% de asistencia.<\/p>\n<p>&nbsp;<\/p>\n<p>Programa:<\/p>\n<p>Clase 1: Rese\u00f1a Hist\u00f3rica. Bases de la Epistemolog\u00eda Sist\u00e9mica. La importancia del enfoque familiar sist\u00e9mico en el proceso del counseling. Algunos desarrollos de la Terapia Familiar Sist\u00e9mica.<\/p>\n<p>Clase 2: Teor\u00eda General de los Sistemas. Puente de lo intraps\u00edquico a lo relacional. Causalidad lineal. Causalidad circular. Importancia del contexto. Feedback. Sistemas abiertos. Sistemas cerrados. Propiedades de los sistemas. Retroalimentaci\u00f3n positiva y negativa. No sumatividad. Totalidad. Equifinalidad. Subsistemas.<\/p>\n<p>Clase 3: Nociones de Cibern\u00e9tica. Primera Cibern\u00e9tica. Segunda Cibern\u00e9tica. Cibern\u00e9tica de primer orden. Cibern\u00e9tica de segundo orden. Morfostasis. Morfog\u00e9nesis. Aplicaci\u00f3n de la cibern\u00e9tica a los sistemas humanos.<\/p>\n<p>Clase 4: Comunicaci\u00f3n y Lenguaje. Teor\u00eda de la Comunicaci\u00f3n humana. Axiomas de la comunicaci\u00f3n y su importancia en las relaciones. La comunicaci\u00f3n parad\u00f3jica. Ejemplos. El s\u00edntoma seg\u00fan el abordaje sist\u00e9mico.<\/p>\n<p>Clase 5: Construcci\u00f3n del Universo. Constructivismo. Posici\u00f3n del observador. Construcci\u00f3n de la realidad. Realidad de primer orden. Realidad de segundo orden. Profec\u00edas autocumplidoras. \u00bfCu\u00e1l es mi papel en el otro? \u00bfCu\u00e1l es el papel del otro en m\u00ed?<\/p>\n<p>Clase 6: Diferentes modelos sist\u00e9micos. El MRI: \u201cla soluci\u00f3n es el problema\u201d. Cambio 1 y cambio 2. Modelo Estrat\u00e9gico &#8211; Interaccional. El Centro de Terapias Breve, MRI- Palo Alto California. Jay Haley- Cloe Madanes.<\/p>\n<p>Clase 7: Modelo Estructural- Salvador Minuchin. Jerarqu\u00edas, l\u00edmites, alianzas, pactos, traiciones, coaliciones, subsistemas, secretos.<\/p>\n<p>Clase 8: Comparaci\u00f3n entre los Modelos Estructural, MRI y Estrat\u00e9gico.<\/p>\n<p>Clase 9: Modelo de 4 pasos de Minuchin. Del s\u00edntoma al sistema. T\u00e9cnicas estructurales: desbalanceo, actuaci\u00f3n, reestructuraci\u00f3n, intensificaci\u00f3n y complementariedad. Pr\u00e1ctica.<\/p>\n<p>Clase 10: los reflejos autom\u00e1ticos y el papel del intelecto para neutralizarlos. Las enfermedades terminales y la muerte. Las 12 herramientas de Minuchin para desafiar las certezas del sistema. Errores m\u00e1s comunes del an\u00e1lisis estructural.<\/p>\n<p>Clase 11: La familia como sistema. Tipos de familia. Familia real y fantaseada. Estructura familiar. Clasificaci\u00f3n. El ciclo de vida familiar. Actualizaci\u00f3n y nuevas configuraciones. Divorcio destructivo. Familias Ensambladas.<\/p>\n<p>Clase 12: Roles. Adjudicaci\u00f3n y asunci\u00f3n de roles. Roles m\u00e1s comunes. El tri\u00e1ngulo dram\u00e1tico en la pareja. \u00bfPor qu\u00e9 repetimos siempre las mismas historias o elegimos a alguien igual a nuestros padres? Errores desde el punto de vista \u201cfemenino\u201d.<\/p>\n<p>Clase 13: Esquemas y matrices de aprendizaje. C\u00f3mo aprendemos y c\u00f3mo comunicamos. Principales distorsiones cognitivas y su influencia en los v\u00ednculos. El genograma. Confecci\u00f3n y su uso como instrumento terap\u00e9utico.<\/p>\n<p>Clase 14: Introducci\u00f3n a la obra de Hellinger. Constelaciones familiares. Fundamentos y utilizaci\u00f3n. Ejemplos.<\/p>\n<p>Clase 15: Secretos y triangulaciones. Tipos de secretos. Transiciones ideosincr\u00e1ticas y rituales. Crisis familiares.<\/p>\n<p>Clase 16: Escuela de Mil\u00e1n. El uso del cuestionamiento circular. El uso de la paradoja. Escuela de Roma.<\/p>\n<p>Clase 17: Escuelas posmodernas: enfoque narrativo. Lino Guevara &#8211; Carlos Slusky- Michael White.<\/p>\n<p>Clase 18: Escuelas posmodernas: enfoque reflexivo. Tom Andersen.<\/p>\n<p>Clase 19: Escuelas posmodernas: colaborativo. Harlene Anderson. Uso del equipo reflexivo.<\/p>\n<p>Clase 20: Recursos sist\u00e9micos: joining, reformulaci\u00f3n, uso de la resistencia, intervenciones parad\u00f3jicas, prescripci\u00f3n de tareas. Ejemplos de cada una.<\/p>\n<p>Clase 21: Recursos sist\u00e9micos: ilusi\u00f3n de alternativas, uso de analog\u00edas, cuestionamiento circular (preguntas circulares), trabajo sobre las fronteras, escultura familiar. Ejemplos de cada una.<\/p>\n<p>Clase 22: la narrativa. Gui\u00f3n de vida. Narrativa de la depresi\u00f3n. Pr\u00e1ctica.<\/p>\n<p>Clase 23: Hellinger: \u201camar lo imperfecto\u201d. Los 4 pilares angulares de la pareja. La contabilidad en la pareja. Tejido de v\u00ednculos. El orden en el sistema.<\/p>\n<p>Clase 24: Repaso, dudas y cierre. Taller de casos.<\/p>\n<p>&nbsp;<\/p>\n<p>Bibliograf\u00eda recomendada:<\/p>\n<p>Boscolo, L. Bertrando, P. Terapia sist\u00e9mica individual. Cap. 1. Ed. Amorrortu editores. Bs.As., 1996<\/p>\n<p>Cecchin, G. \u201cNueva visita a la hipotetizaci\u00f3n, la circularidad y la neutralidad: una invitaci\u00f3n a la curiosidad\u201d. Revista Sistemas familiares, 1989<\/p>\n<p>De Shazer, Steve. Pautas de terapia familiar breve. Cap 3 Procedimientos. Paidos<\/p>\n<p>Minuchin, Nichols, Lee. Evaluando familias y parejas. Del s\u00edntoma al sistema.<\/p>\n<p>Pittman, Frank. Momentos decisivos. Editorial Paid\u00f3s 2013.<\/p>\n<p>Stanton, Duncan. La l\u00ednea temporal y la pregunta \u00bfPor qu\u00e9 ahora? 2008<\/p>\n<p>Weber, Mc Keever, Mc.Daniel. Compilaci\u00f3n de investigadores Sist\u00e9micos. Family process, una gu\u00eda para una primera entrevista.<\/p>\n<p>Bowen, Murray. Terapia familiar en la pr\u00e1ctica cl\u00ednica. Ed. Jason Aronson. New York, 1973. Traducci\u00f3n Lic. Myrta Lange y estudiantes Laura Fusca y Federico R\u00edos.<\/p>\n<p>Fosha Diana, &#8220;The Transforming Power of Affect&#8221;. A Model of Accelerated Change. Basic Behavioral Science, 2000. Traducci\u00f3n realizada por la Lic. Myrta Lange Fosha, D.; Siegel, D.; Solomon, M. \u201cThe Healing Power og Emotion\u201d Affective Neuroscience, development &amp;clinical practice. (\u201cEl poder curador de la emocion\u201d). Taylor and Francis Group. New York, 2014.<\/p>\n<p>Minuchin, Salvador; Reiter, Michael; Borda Charmaine: &#8220;The craft of Family Therapy&#8221;: challenging certaintes. (El arte de la Terapia Familiar: desafiando certezas). Routledge, New York 2014. Cap. 1, 3 y 7.<\/p>\n<p>Minuchin, Nichols, Lee. &#8220;Assessing Families and Couples&#8221;. From Symptom to System. Pearson 2007.<\/p>\n<p>Minuchin, S. Familias y Terapia familiar. Cap. 5 y 7. Ed. Gedisa. Barcelona, 2009.<\/p>\n<p>Hoffman, Lynn. Fundamentos de la Terapia Familiar. Ed Basic Books, New York (1981)<\/p>\n<p>Ochoa de Alda, Inmacuada, &#8220;Enfoques en Terapia Familiar Sist\u00e9mica&#8221;, Cap 6. Biblioteca de Psicolog\u00eda, Edit. Herder, Mexico 1995.<\/p>\n<p>Siegel, Daniel, &#8220;Mindsight&#8221; La nueva ciencia de la tranformaci\u00f3n Personal. Cap 3, 4 y 5. Edit Paid\u00f3s, Barceloan 2011<\/p>\n<p>Valdez Cuervo, A. Familia y desarrollo. Intervenciones en terapia familiar. Ed. El manual moderno. M\u00e9xico, 2007 invisibles: reciprocidad en terapia familiar intergeneracional. Ed. Amorrortu editores. Bs. As, 2004.<\/p>\n<p>Worden, M. T\u00e9cnicas de segundo orden.<\/p>\n<p>Compa\u00f1, Feixas, Damaris Mu\u00f1oz, Montesano. El genograma en terapia familiar sist\u00e9mica.<\/p>\n<p>Casas Fern\u00e1ndez, El genograma y la evaluaci\u00f3n familiar.<\/p>\n<p>Hellinger, B. \u00d3rdenes del amor.<\/p>\n<p>Biscotti, O. \u201c\u00bfQu\u00e9 es la terapia Sist\u00e9mica?\u201d.<\/p>\n<p>Ceberio, M. \u201cEl Counseling y la Psicoterapia Breve\u201d. Bernales, S. \u201cIndividuo y Familia: una visi\u00f3n sist\u00e9mica\u201d.<\/p>\n<p>Papp, P. \u201cEl proceso del Cambio\u201d. Prologo. Cap. 1, 2 y 3. Capuccio, L. \u201cLa Terapia Sist\u00e9mica: Un Nuevo Paradigma en las Ciencias Humanas\u201d.<\/p>\n<p>Evan Imber-Black. \u201cLa perspectiva de los Sistemas m\u00e1s amplios que la familia\u201d. Revista Sistemas Familiares.<\/p>\n<p>Jutor\u00e1n, S. \u201cEl proceso de las ideas Sist\u00e9mico- Cibern\u00e9ticas\u201d. Revista Sistemas Familiares. Abril 1994.<\/p>\n<p>Sluzki, C. \u201cCibern\u00e9tica y Terapia Familiar. Un mapa m\u00ednimo\u201d. Revista Sistemas Familiares. Agosto 1987.<\/p>\n<p>Von Foerster, H. \u201cLas semillas de la Cibern\u00e9tica\u201d. Ed. Gedisa. Introducci\u00f3n.<\/p>\n<p>Watzlawick, B. y J. \u201cTeor\u00eda de la Comunicaci\u00f3n Humana\u201d. Cap. 2, 3 y 6.<\/p>\n<p>Kriz, J. \u201cCorrientes Fundamentales en Psicoterapias\u201d Cap.17: Terapia individual sist\u00e9mica y comunicaci\u00f3n paradojal.<\/p>\n<p>Von Glasersfeld, E. \u201cEl Constructivismo Radical\u201d. Revista Sistemas Familiares. Diciembre 1992.<\/p>\n<p>Watzlawick, P. \u201cLa realidad inventada\u201d. Cap. Profec\u00edas que se autocumplen.<\/p>\n<p>Rosenhan, D. \u201cAcerca de estar sano en un medio enfermo\u201d.<\/p>\n<p>Watzlawick, P. \u201cEs real la realidad\u201d. Introducci\u00f3n. Cuento de Planolandia.<\/p>\n<p>Imber- Black, Evan. Revista Sistemas Familiares. A\u00f1o 5 N\u00ba 2. Agosto 1989<\/p>\n<p>Imber-Black, Evan. La vida secreta de las familias. Cap. 2. Ed. Gedisa.<\/p>\n<p>Selvini Palazzoli y colab. Formulaci\u00f3n de hip\u00f3tesis, circularidad y neutralidad. Tres gu\u00edas para el conductor de la sesi\u00f3n. Revista Family Process. Marzo de 1980.<\/p>\n<p>Papp, Peggy. El proceso de cambio. Cap. 4. \u201cDeterminaci\u00f3n de las condiciones para la terapia\u201d Editorial Paid\u00f3s. (1998)<\/p>\n<p>Andolfi, M y colab. Detr\u00e1s de la m\u00e1scara familiar. Introducci\u00f3n. Editorial Amorrortu. (1995) White, Michael. Medios narrativos para fines terap\u00e9uticos. Cap 2. \u201cLa externalizaci\u00f3n del problema\u201d Editorial Paid\u00f3s. (1993)<\/p>\n<p>Andersen, Tom. El equipo reflexivo. Cap. 3. \u201cGu\u00edas para la pr\u00e1ctica\u201d. Ed. Gedisa. (1994)<\/p>\n<p>Sluzki, Carlos. Transformaciones: un esquema acerca de los cambios narrativos en la terapia. Revista Sistemas Familiares. A\u00f1o 14 N\u00ba 2. Julio 1998.<\/p>\n<p>Guevara, Lino. Narrativa y terapia breve. Ficha.<\/p>\n<p>Harlene Anderson- Harry Goolishian. El cliente es el experto: un enfoque de la terapia del \u201cno-saber\u201d. Revista Sistemas Familiares A\u00f1o 11 N\u00ba 3. Diciembre 1995.<\/p>\n<p>Schlanger, K. y Watzlawick, P. Historia del mental Research Institute-Palo Alto, California.<\/p>\n<p>Rodriguez Ceberio, Des Champs y otros. Teor\u00eda y t\u00e9cnica de la terapia sist\u00e9mica. Ediciones Culturales Universitarias Argentinas. Introducci\u00f3n: Los padres de la terapia familiar.<\/p>\n<p>Des Champs, C. El esfuerzo de no esforzarse. Sistemas Familiares A\u00f1o 4 No. 2<\/p>\n<p>Hirsch, H. Casabianca, R. C\u00f3mo equivocarse menos en Terapia. Centro de Publicaciones Universidad Nacional del Litoral.<\/p>\n<p>Madan\u00e9s, C. Terapia Familiar Estrat\u00e9gica p\u00e1g 11 a 48.<\/p>\n<p>Haley, J. Terapia para resolver problemas.Cap.1. Primera entrevista.<\/p>\n<p>Minuchin, S. Familia y Terapia Familiar-Salvador<\/p>\n<p>Minuchin Cap.1 al 4. The Practice of Family Therapy. pag 31. Cuadro comparativo.<\/p>\n<p>Haley, J. Terapia no convencional. Cap 2.<\/p>\n<p>Herscovici, P. Padres e hijos de la separaci\u00f3n. Revista Sistemas familiares. A\u00f1o 2 No 3 Diciembre 1986.<\/p>\n<p>McGoldrick, M\u00f3nica y Gerson, Randy. Genogramas en la evaluaci\u00f3n familiar. Cap 1 y 2. Editorial. Gedisa.1985.<\/p>\n<p>Boscolo, Luigi; Bertrando, Paolo. Terapia individual sist\u00e9mica \u2013 Ed. Amorrortu \u2013 p\u00e1gs. 94-119.<\/p>\n<p>Bendazon, Olga. El self del terapeuta y su compromiso en la terapia\u2013Revista sistemas Familiares\u2013A\u00f1o 9\u2013 N\u00ba3\u2013 Noviembre de 1993.<\/p>\n<p>Elkaim, Mony \u2013 Si me amas, no me ames. Ed. Gedisa. p\u00e1g 17 a 54.<\/p>\n<p>Rodriguez Ceberio, Marcelo. Resonancias del terapeuta\u2013Revista Perspectivas Sist\u00e9micas\u2013A\u00f1o 14 \u2013 N\u00ba 70 \u2013 Marzo 2002.<\/p>\n<p>Auspitz, M.; Wang, D. De terapias y personas. Ed. Eudeba. p\u00e1g 67 a 87.<\/p>\n<p>Schnitman, Dora. Nuevos paradigmas, cultura y subjetividad: art\u00edculo de W. Barnett Pearce \u201cNuevos modelos y met\u00e1foras comunicacionales \u2013el pasaje de la teor\u00eda a la praxis, del objetivismo al construccionismo social y de la representaci\u00f3n a la reflexividad\u201d \u2013 p\u00e1gs. 265 a 283 \u2013 Ed. Paid\u00f3s.<\/p>\n<p>Schnitman, Dora. Nuevos paradigmas, cultura y subjetividad: art\u00edculo de Ernst Von Glasersfeld: \u201cLa construcci\u00f3n del conocimiento\u201d \u2013 p\u00e1gs. 115 a 128\u2013 Ed. Paid\u00f3s.<\/p>\n<p>Walters, Marianne. La red invisible. Cuestionario para terapeutas matrimoniales. Ed. Paid\u00f3s \u2013 p\u00e1gs. 224 a 247.<\/p>\n<p>Ravazzola, Cristina. Las mujeres y la Terapia Familiar: La dif\u00edcil inclusi\u00f3n del contexto g\u00e9nero en las terapias contextuales \u2013Revista Sistemas Familiares\u2013A\u00f1o 6- N\u00ba2 \u2013Agosto de 1990 \u2013 p\u00e1gs. 55 a 66.<\/p>\n<p>Jones, Elsa. El g\u00e9nero del terapeuta: contribuci\u00f3n a la construcci\u00f3n de significado en terapia \u2013Revista Sistemas Familiares \u2013A\u00f1o 15\u2013 N\u00ba2 \u2013Julio de 1999 \u2013 p\u00e1gs. 73 a 80.<\/p>\n","protected":false},"excerpt":{"rendered":"<p>FORMACI\u00d3N\/ESPECIALIZACI\u00d3N EN T\u00c9CNICAS DE TERAPIA FAMILIAR SIST\u00c9MICA (IDEAL CONSTELADORES) Dirigido a: profesionales de salud mental que deseen ampliar, complementar o profundizar sus conocimientos y\/o campo profesional. Ideal como recurso para consteladores familiares. Descripci\u00f3n: la terapia sist\u00e9mica o tambi\u00e9n conocida como terapia familiar permite un abordaje del sujeto en relaci\u00f3n a su medio social en permanente [&hellip;]<\/p>\n","protected":false},"author":1,"featured_media":0,"parent":49,"menu_order":0,"comment_status":"closed","ping_status":"closed","template":"","meta":{"_monsterinsights_skip_tracking":false,"_monsterinsights_sitenote_active":false,"_monsterinsights_sitenote_note":"","_monsterinsights_sitenote_category":0,"_uf_show_specific_survey":0,"_uf_disable_surveys":false,"site-sidebar-layout":"default","site-content-layout":"default","ast-site-content-layout":"default","site-content-style":"default","site-sidebar-style":"default","ast-global-header-display":"","ast-banner-title-visibility":"","ast-main-header-display":"","ast-hfb-above-header-display":"","ast-hfb-below-header-display":"","ast-hfb-mobile-header-display":"","site-post-title":"","ast-breadcrumbs-content":"","ast-featured-img":"","footer-sml-layout":"","ast-disable-related-posts":"","theme-transparent-header-meta":"default","adv-header-id-meta":"","stick-header-meta":"","header-above-stick-meta":"","header-main-stick-meta":"","header-below-stick-meta":"","astra-migrate-meta-layouts":"set","ast-page-background-enabled":"default","ast-page-background-meta":{"desktop":{"background-color":"var(--ast-global-color-4)","background-image":"","background-repeat":"repeat","background-position":"center center","background-size":"auto","background-attachment":"scroll","background-type":"","background-media":"","overlay-type":"","overlay-color":"","overlay-opacity":"","overlay-gradient":""},"tablet":{"background-color":"","background-image":"","background-repeat":"repeat","background-position":"center center","background-size":"auto","background-attachment":"scroll","background-type":"","background-media":"","overlay-type":"","overlay-color":"","overlay-opacity":"","overlay-gradient":""},"mobile":{"background-color":"","background-image":"","background-repeat":"repeat","background-position":"center center","background-size":"auto","background-attachment":"scroll","background-type":"","background-media":"","overlay-type":"","overlay-color":"","overlay-opacity":"","overlay-gradient":""}},"ast-content-background-meta":{"desktop":{"background-color":"var(--ast-global-color-5)","background-image":"","background-repeat":"repeat","background-position":"center center","background-size":"auto","background-attachment":"scroll","background-type":"","background-media":"","overlay-type":"","overlay-color":"","overlay-opacity":"","overlay-gradient":""},"tablet":{"background-color":"var(--ast-global-color-5)","background-image":"","background-repeat":"repeat","background-position":"center center","background-size":"auto","background-attachment":"scroll","background-type":"","background-media":"","overlay-type":"","overlay-color":"","overlay-opacity":"","overlay-gradient":""},"mobile":{"background-color":"var(--ast-global-color-5)","background-image":"","background-repeat":"repeat","background-position":"center center","background-size":"auto","background-attachment":"scroll","background-type":"","background-media":"","overlay-type":"","overlay-color":"","overlay-opacity":"","overlay-gradient":""}},"footnotes":""},"class_list":["post-201","page","type-page","status-publish","hentry"],"yoast_head":"<!-- This site is optimized with the Yoast SEO plugin v27.0 - https:\/\/yoast.com\/product\/yoast-seo-wordpress\/ -->\n<title>T\u00c9CNICAS DE TERAPIA FAMILIAR SIST\u00c9MICA -<\/title>\n<meta name=\"robots\" content=\"index, follow, max-snippet:-1, max-image-preview:large, max-video-preview:-1\" \/>\n<link rel=\"canonical\" href=\"https:\/\/lallavepsi.net\/index.php\/formaciones-online\/tecnicas-de-terapia-familiar-sistemica\/\" \/>\n<meta property=\"og:locale\" content=\"es_ES\" \/>\n<meta property=\"og:type\" content=\"article\" \/>\n<meta property=\"og:title\" content=\"T\u00c9CNICAS DE TERAPIA FAMILIAR SIST\u00c9MICA -\" \/>\n<meta property=\"og:description\" content=\"FORMACI\u00d3N\/ESPECIALIZACI\u00d3N EN T\u00c9CNICAS DE TERAPIA FAMILIAR SIST\u00c9MICA (IDEAL CONSTELADORES) Dirigido a: profesionales de salud mental que deseen ampliar, complementar o profundizar sus conocimientos y\/o campo profesional. Ideal como recurso para consteladores familiares. Descripci\u00f3n: la terapia sist\u00e9mica o tambi\u00e9n conocida como terapia familiar permite un abordaje del sujeto en relaci\u00f3n a su medio social en permanente [&hellip;]\" \/>\n<meta property=\"og:url\" content=\"https:\/\/lallavepsi.net\/index.php\/formaciones-online\/tecnicas-de-terapia-familiar-sistemica\/\" \/>\n<meta property=\"article:modified_time\" content=\"2025-01-30T19:59:09+00:00\" \/>\n<meta name=\"twitter:card\" content=\"summary_large_image\" \/>\n<meta name=\"twitter:label1\" content=\"Tiempo de lectura\" \/>\n\t<meta name=\"twitter:data1\" content=\"9 minutos\" \/>\n<script type=\"application\/ld+json\" class=\"yoast-schema-graph\">{\"@context\":\"https:\/\/schema.org\",\"@graph\":[{\"@type\":\"WebPage\",\"@id\":\"https:\/\/lallavepsi.net\/index.php\/formaciones-online\/tecnicas-de-terapia-familiar-sistemica\/\",\"url\":\"https:\/\/lallavepsi.net\/index.php\/formaciones-online\/tecnicas-de-terapia-familiar-sistemica\/\",\"name\":\"T\u00c9CNICAS DE TERAPIA FAMILIAR SIST\u00c9MICA -\",\"isPartOf\":{\"@id\":\"https:\/\/lallavepsi.net\/#website\"},\"datePublished\":\"2022-12-20T21:11:34+00:00\",\"dateModified\":\"2025-01-30T19:59:09+00:00\",\"breadcrumb\":{\"@id\":\"https:\/\/lallavepsi.net\/index.php\/formaciones-online\/tecnicas-de-terapia-familiar-sistemica\/#breadcrumb\"},\"inLanguage\":\"es-AR\",\"potentialAction\":[{\"@type\":\"ReadAction\",\"target\":[\"https:\/\/lallavepsi.net\/index.php\/formaciones-online\/tecnicas-de-terapia-familiar-sistemica\/\"]}]},{\"@type\":\"BreadcrumbList\",\"@id\":\"https:\/\/lallavepsi.net\/index.php\/formaciones-online\/tecnicas-de-terapia-familiar-sistemica\/#breadcrumb\",\"itemListElement\":[{\"@type\":\"ListItem\",\"position\":1,\"name\":\"Inicio\",\"item\":\"https:\/\/lallavepsi.net\/\"},{\"@type\":\"ListItem\",\"position\":2,\"name\":\"FORMACIONES Y ESPECIALIZACIONES ONLINE\",\"item\":\"https:\/\/lallavepsi.net\/index.php\/formaciones-online\/\"},{\"@type\":\"ListItem\",\"position\":3,\"name\":\"T\u00c9CNICAS DE TERAPIA FAMILIAR SIST\u00c9MICA\"}]},{\"@type\":\"WebSite\",\"@id\":\"https:\/\/lallavepsi.net\/#website\",\"url\":\"https:\/\/lallavepsi.net\/\",\"name\":\"\",\"description\":\"\",\"potentialAction\":[{\"@type\":\"SearchAction\",\"target\":{\"@type\":\"EntryPoint\",\"urlTemplate\":\"https:\/\/lallavepsi.net\/?s={search_term_string}\"},\"query-input\":{\"@type\":\"PropertyValueSpecification\",\"valueRequired\":true,\"valueName\":\"search_term_string\"}}],\"inLanguage\":\"es-AR\"}]}<\/script>\n<!-- \/ Yoast SEO plugin. -->","yoast_head_json":{"title":"T\u00c9CNICAS DE TERAPIA FAMILIAR SIST\u00c9MICA -","robots":{"index":"index","follow":"follow","max-snippet":"max-snippet:-1","max-image-preview":"max-image-preview:large","max-video-preview":"max-video-preview:-1"},"canonical":"https:\/\/lallavepsi.net\/index.php\/formaciones-online\/tecnicas-de-terapia-familiar-sistemica\/","og_locale":"es_ES","og_type":"article","og_title":"T\u00c9CNICAS DE TERAPIA FAMILIAR SIST\u00c9MICA -","og_description":"FORMACI\u00d3N\/ESPECIALIZACI\u00d3N EN T\u00c9CNICAS DE TERAPIA FAMILIAR SIST\u00c9MICA (IDEAL CONSTELADORES) Dirigido a: profesionales de salud mental que deseen ampliar, complementar o profundizar sus conocimientos y\/o campo profesional. Ideal como recurso para consteladores familiares. Descripci\u00f3n: la terapia sist\u00e9mica o tambi\u00e9n conocida como terapia familiar permite un abordaje del sujeto en relaci\u00f3n a su medio social en permanente [&hellip;]","og_url":"https:\/\/lallavepsi.net\/index.php\/formaciones-online\/tecnicas-de-terapia-familiar-sistemica\/","article_modified_time":"2025-01-30T19:59:09+00:00","twitter_card":"summary_large_image","twitter_misc":{"Tiempo de lectura":"9 minutos"},"schema":{"@context":"https:\/\/schema.org","@graph":[{"@type":"WebPage","@id":"https:\/\/lallavepsi.net\/index.php\/formaciones-online\/tecnicas-de-terapia-familiar-sistemica\/","url":"https:\/\/lallavepsi.net\/index.php\/formaciones-online\/tecnicas-de-terapia-familiar-sistemica\/","name":"T\u00c9CNICAS DE TERAPIA FAMILIAR SIST\u00c9MICA -","isPartOf":{"@id":"https:\/\/lallavepsi.net\/#website"},"datePublished":"2022-12-20T21:11:34+00:00","dateModified":"2025-01-30T19:59:09+00:00","breadcrumb":{"@id":"https:\/\/lallavepsi.net\/index.php\/formaciones-online\/tecnicas-de-terapia-familiar-sistemica\/#breadcrumb"},"inLanguage":"es-AR","potentialAction":[{"@type":"ReadAction","target":["https:\/\/lallavepsi.net\/index.php\/formaciones-online\/tecnicas-de-terapia-familiar-sistemica\/"]}]},{"@type":"BreadcrumbList","@id":"https:\/\/lallavepsi.net\/index.php\/formaciones-online\/tecnicas-de-terapia-familiar-sistemica\/#breadcrumb","itemListElement":[{"@type":"ListItem","position":1,"name":"Inicio","item":"https:\/\/lallavepsi.net\/"},{"@type":"ListItem","position":2,"name":"FORMACIONES Y ESPECIALIZACIONES ONLINE","item":"https:\/\/lallavepsi.net\/index.php\/formaciones-online\/"},{"@type":"ListItem","position":3,"name":"T\u00c9CNICAS DE TERAPIA FAMILIAR SIST\u00c9MICA"}]},{"@type":"WebSite","@id":"https:\/\/lallavepsi.net\/#website","url":"https:\/\/lallavepsi.net\/","name":"","description":"","potentialAction":[{"@type":"SearchAction","target":{"@type":"EntryPoint","urlTemplate":"https:\/\/lallavepsi.net\/?s={search_term_string}"},"query-input":{"@type":"PropertyValueSpecification","valueRequired":true,"valueName":"search_term_string"}}],"inLanguage":"es-AR"}]}},"_hostinger_reach_plugin_has_subscription_block":false,"_hostinger_reach_plugin_is_elementor":false,"_links":{"self":[{"href":"https:\/\/lallavepsi.net\/index.php\/wp-json\/wp\/v2\/pages\/201","targetHints":{"allow":["GET"]}}],"collection":[{"href":"https:\/\/lallavepsi.net\/index.php\/wp-json\/wp\/v2\/pages"}],"about":[{"href":"https:\/\/lallavepsi.net\/index.php\/wp-json\/wp\/v2\/types\/page"}],"author":[{"embeddable":true,"href":"https:\/\/lallavepsi.net\/index.php\/wp-json\/wp\/v2\/users\/1"}],"replies":[{"embeddable":true,"href":"https:\/\/lallavepsi.net\/index.php\/wp-json\/wp\/v2\/comments?post=201"}],"version-history":[{"count":12,"href":"https:\/\/lallavepsi.net\/index.php\/wp-json\/wp\/v2\/pages\/201\/revisions"}],"predecessor-version":[{"id":2447,"href":"https:\/\/lallavepsi.net\/index.php\/wp-json\/wp\/v2\/pages\/201\/revisions\/2447"}],"up":[{"embeddable":true,"href":"https:\/\/lallavepsi.net\/index.php\/wp-json\/wp\/v2\/pages\/49"}],"wp:attachment":[{"href":"https:\/\/lallavepsi.net\/index.php\/wp-json\/wp\/v2\/media?parent=201"}],"curies":[{"name":"wp","href":"https:\/\/api.w.org\/{rel}","templated":true}]}}