{"id":203,"date":"2022-12-21T01:01:50","date_gmt":"2022-12-21T01:01:50","guid":{"rendered":"https:\/\/lallavepsi.net\/?page_id=203"},"modified":"2025-01-30T19:45:27","modified_gmt":"2025-01-30T19:45:27","slug":"comunicacion-efectiva-y-asertividad","status":"publish","type":"page","link":"https:\/\/lallavepsi.net\/index.php\/formaciones-online\/comunicacion-efectiva-y-asertividad\/","title":{"rendered":"COMUNICACI\u00d3N EFECTIVA Y ASERTIVIDAD"},"content":{"rendered":"<p><strong>FORMACI\u00d3N EN COMUNICACI\u00d3N EFECTIVA Y ASERTIVIDAD<\/strong><\/p>\n<p>Dirigido a profesionales de la salud mental como complemento\/especializaci\u00f3n y p\u00fablico en general.<\/p>\n<p>Objetivo: brindar conocimientos te\u00f3ricos y entrenamiento pr\u00e1ctico para el desarrollo de una comunicaci\u00f3n efectiva y no violenta. Entender sus leyes, errores y bloqueos que son fuente de los principales conflictos emocionales y relacionales. Mejorar nuestra forma de comunicarnos no s\u00f3lo permitir\u00e1 tender un puente hacia mejores y m\u00e1s claros v\u00ednculos, tambi\u00e9n en expresar con claridad l\u00edmites y no dejar pasar oportunidades.<\/p>\n<p>Duraci\u00f3n: 14 semanas o 3 meses y medio.<\/p>\n<p>Inversi\u00f3n: Argentina $ 58000 mensuales. Descuento 10% abonando el curso completo.<\/p>\n<p>Promoci\u00f3n residentes Sudam\u00e9rica 40 % de descuento: usd\/\u20ac 48. Resto del mundo: usd\/\u20ac 80. Descuento adicional 10% abonando el curso completo.<\/p>\n<p>Modalidad: una clase semanal grupal online sincr\u00f3nica de dos horas te\u00f3rico-pr\u00e1ctica. Modalidad asincr\u00f3nica con env\u00edo de material te\u00f3rico-pr\u00e1ctico con feedback de dudas y consultas a trav\u00e9s de plataforma Skype. Quedan grabadas durante un mes.<\/p>\n<p>Bibliograf\u00eda: material digitalizado. Aportes de las escuelas psicoanal\u00edtica, sist\u00e9mica y cognitivo conductual.<\/p>\n<p>Se entrega certificado cumplida el 80% de asistencia.<\/p>\n<p>&nbsp;<\/p>\n<p>Programa:<\/p>\n<p>Clase 1: Lenguaje y habla. Teor\u00edas ling\u00fc\u00edsticas. Aportes del psicoan\u00e1lisis.<\/p>\n<p>Clase 2: Teor\u00eda de la Comunicaci\u00f3n humana. Axiomas. Comunicaci\u00f3n parad\u00f3jica.<\/p>\n<p>Clase 3: Principales fallas, errores y distorsiones a la hora de comunicar. Ejemplos. Comunicaci\u00f3n interna y congruencia. El espejo comunicativo. El mecanismo proyectivo.<\/p>\n<p>Clase 4: Comunicaci\u00f3n anal\u00f3gica y digital. El inconsciente habla. La escucha atenta. Ejercicios.<\/p>\n<p>Clase 5: Bloqueos. Ejemplos y ejercicios.<\/p>\n<p>Clase 6: C\u00f3mo evitar el juicio. Aprendiendo a aceptar. Ejercicios.<\/p>\n<p>Clase 7: Expresando lo que sentimos: verbalizando la ira y cuando el uso de la fuerza se hace inevitable.<\/p>\n<p>Clase 8: Aprendiendo a pedir. Ejercicios.<\/p>\n<p>Clase 9: Aprendiendo a agradecer. Ejercicios.<\/p>\n<p>Clase 10: Desarrollo de la empat\u00eda. Ejercicios.<\/p>\n<p>Clase 11: Comunicaci\u00f3n efectiva en la pareja. Principales ruidos y fantasmas.<\/p>\n<p>Clase 12: Asertividad y comunicaci\u00f3n asertiva en el trabajo. Din\u00e1micas asertivas.<\/p>\n<p>Clase 13: Comunicaci\u00f3n y l\u00edmites claros en la familia.<\/p>\n<p>Clase 14: Bases para una comunicaci\u00f3n no violenta.<\/p>\n<p>&nbsp;<\/p>\n","protected":false},"excerpt":{"rendered":"<p>FORMACI\u00d3N EN COMUNICACI\u00d3N EFECTIVA Y ASERTIVIDAD Dirigido a profesionales de la salud mental como complemento\/especializaci\u00f3n y p\u00fablico en general. Objetivo: brindar conocimientos te\u00f3ricos y entrenamiento pr\u00e1ctico para el desarrollo de una comunicaci\u00f3n efectiva y no violenta. Entender sus leyes, errores y bloqueos que son fuente de los principales conflictos emocionales y relacionales. Mejorar nuestra forma [&hellip;]<\/p>\n","protected":false},"author":1,"featured_media":0,"parent":49,"menu_order":0,"comment_status":"closed","ping_status":"closed","template":"","meta":{"_monsterinsights_skip_tracking":false,"_monsterinsights_sitenote_active":false,"_monsterinsights_sitenote_note":"","_monsterinsights_sitenote_category":0,"_uf_show_specific_survey":0,"_uf_disable_surveys":false,"site-sidebar-layout":"default","site-content-layout":"default","ast-site-content-layout":"default","site-content-style":"default","site-sidebar-style":"default","ast-global-header-display":"","ast-banner-title-visibility":"","ast-main-header-display":"","ast-hfb-above-header-display":"","ast-hfb-below-header-display":"","ast-hfb-mobile-header-display":"","site-post-title":"","ast-breadcrumbs-content":"","ast-featured-img":"","footer-sml-layout":"","ast-disable-related-posts":"","theme-transparent-header-meta":"default","adv-header-id-meta":"","stick-header-meta":"","header-above-stick-meta":"","header-main-stick-meta":"","header-below-stick-meta":"","astra-migrate-meta-layouts":"set","ast-page-background-enabled":"default","ast-page-background-meta":{"desktop":{"background-color":"var(--ast-global-color-4)","background-image":"","background-repeat":"repeat","background-position":"center center","background-size":"auto","background-attachment":"scroll","background-type":"","background-media":"","overlay-type":"","overlay-color":"","overlay-opacity":"","overlay-gradient":""},"tablet":{"background-color":"","background-image":"","background-repeat":"repeat","background-position":"center center","background-size":"auto","background-attachment":"scroll","background-type":"","background-media":"","overlay-type":"","overlay-color":"","overlay-opacity":"","overlay-gradient":""},"mobile":{"background-color":"","background-image":"","background-repeat":"repeat","background-position":"center center","background-size":"auto","background-attachment":"scroll","background-type":"","background-media":"","overlay-type":"","overlay-color":"","overlay-opacity":"","overlay-gradient":""}},"ast-content-background-meta":{"desktop":{"background-color":"var(--ast-global-color-5)","background-image":"","background-repeat":"repeat","background-position":"center center","background-size":"auto","background-attachment":"scroll","background-type":"","background-media":"","overlay-type":"","overlay-color":"","overlay-opacity":"","overlay-gradient":""},"tablet":{"background-color":"var(--ast-global-color-5)","background-image":"","background-repeat":"repeat","background-position":"center center","background-size":"auto","background-attachment":"scroll","background-type":"","background-media":"","overlay-type":"","overlay-color":"","overlay-opacity":"","overlay-gradient":""},"mobile":{"background-color":"var(--ast-global-color-5)","background-image":"","background-repeat":"repeat","background-position":"center center","background-size":"auto","background-attachment":"scroll","background-type":"","background-media":"","overlay-type":"","overlay-color":"","overlay-opacity":"","overlay-gradient":""}},"footnotes":""},"class_list":["post-203","page","type-page","status-publish","hentry"],"yoast_head":"<!-- This site is optimized with the Yoast SEO plugin v27.0 - https:\/\/yoast.com\/product\/yoast-seo-wordpress\/ -->\n<title>COMUNICACI\u00d3N EFECTIVA Y ASERTIVIDAD -<\/title>\n<meta name=\"robots\" content=\"index, follow, max-snippet:-1, max-image-preview:large, max-video-preview:-1\" \/>\n<link rel=\"canonical\" href=\"https:\/\/lallavepsi.net\/index.php\/formaciones-online\/comunicacion-efectiva-y-asertividad\/\" \/>\n<meta property=\"og:locale\" content=\"es_ES\" \/>\n<meta property=\"og:type\" content=\"article\" \/>\n<meta property=\"og:title\" content=\"COMUNICACI\u00d3N EFECTIVA Y ASERTIVIDAD -\" \/>\n<meta property=\"og:description\" content=\"FORMACI\u00d3N EN COMUNICACI\u00d3N EFECTIVA Y ASERTIVIDAD Dirigido a profesionales de la salud mental como complemento\/especializaci\u00f3n y p\u00fablico en general. Objetivo: brindar conocimientos te\u00f3ricos y entrenamiento pr\u00e1ctico para el desarrollo de una comunicaci\u00f3n efectiva y no violenta. Entender sus leyes, errores y bloqueos que son fuente de los principales conflictos emocionales y relacionales. Mejorar nuestra forma [&hellip;]\" \/>\n<meta property=\"og:url\" content=\"https:\/\/lallavepsi.net\/index.php\/formaciones-online\/comunicacion-efectiva-y-asertividad\/\" \/>\n<meta property=\"article:modified_time\" content=\"2025-01-30T19:45:27+00:00\" \/>\n<meta name=\"twitter:card\" content=\"summary_large_image\" \/>\n<meta name=\"twitter:label1\" content=\"Tiempo de lectura\" \/>\n\t<meta name=\"twitter:data1\" content=\"2 minutos\" \/>\n<script type=\"application\/ld+json\" class=\"yoast-schema-graph\">{\"@context\":\"https:\/\/schema.org\",\"@graph\":[{\"@type\":\"WebPage\",\"@id\":\"https:\/\/lallavepsi.net\/index.php\/formaciones-online\/comunicacion-efectiva-y-asertividad\/\",\"url\":\"https:\/\/lallavepsi.net\/index.php\/formaciones-online\/comunicacion-efectiva-y-asertividad\/\",\"name\":\"COMUNICACI\u00d3N EFECTIVA Y ASERTIVIDAD -\",\"isPartOf\":{\"@id\":\"https:\/\/lallavepsi.net\/#website\"},\"datePublished\":\"2022-12-21T01:01:50+00:00\",\"dateModified\":\"2025-01-30T19:45:27+00:00\",\"breadcrumb\":{\"@id\":\"https:\/\/lallavepsi.net\/index.php\/formaciones-online\/comunicacion-efectiva-y-asertividad\/#breadcrumb\"},\"inLanguage\":\"es-AR\",\"potentialAction\":[{\"@type\":\"ReadAction\",\"target\":[\"https:\/\/lallavepsi.net\/index.php\/formaciones-online\/comunicacion-efectiva-y-asertividad\/\"]}]},{\"@type\":\"BreadcrumbList\",\"@id\":\"https:\/\/lallavepsi.net\/index.php\/formaciones-online\/comunicacion-efectiva-y-asertividad\/#breadcrumb\",\"itemListElement\":[{\"@type\":\"ListItem\",\"position\":1,\"name\":\"Inicio\",\"item\":\"https:\/\/lallavepsi.net\/\"},{\"@type\":\"ListItem\",\"position\":2,\"name\":\"FORMACIONES Y ESPECIALIZACIONES ONLINE\",\"item\":\"https:\/\/lallavepsi.net\/index.php\/formaciones-online\/\"},{\"@type\":\"ListItem\",\"position\":3,\"name\":\"COMUNICACI\u00d3N EFECTIVA Y ASERTIVIDAD\"}]},{\"@type\":\"WebSite\",\"@id\":\"https:\/\/lallavepsi.net\/#website\",\"url\":\"https:\/\/lallavepsi.net\/\",\"name\":\"\",\"description\":\"\",\"potentialAction\":[{\"@type\":\"SearchAction\",\"target\":{\"@type\":\"EntryPoint\",\"urlTemplate\":\"https:\/\/lallavepsi.net\/?s={search_term_string}\"},\"query-input\":{\"@type\":\"PropertyValueSpecification\",\"valueRequired\":true,\"valueName\":\"search_term_string\"}}],\"inLanguage\":\"es-AR\"}]}<\/script>\n<!-- \/ Yoast SEO plugin. -->","yoast_head_json":{"title":"COMUNICACI\u00d3N EFECTIVA Y ASERTIVIDAD -","robots":{"index":"index","follow":"follow","max-snippet":"max-snippet:-1","max-image-preview":"max-image-preview:large","max-video-preview":"max-video-preview:-1"},"canonical":"https:\/\/lallavepsi.net\/index.php\/formaciones-online\/comunicacion-efectiva-y-asertividad\/","og_locale":"es_ES","og_type":"article","og_title":"COMUNICACI\u00d3N EFECTIVA Y ASERTIVIDAD -","og_description":"FORMACI\u00d3N EN COMUNICACI\u00d3N EFECTIVA Y ASERTIVIDAD Dirigido a profesionales de la salud mental como complemento\/especializaci\u00f3n y p\u00fablico en general. Objetivo: brindar conocimientos te\u00f3ricos y entrenamiento pr\u00e1ctico para el desarrollo de una comunicaci\u00f3n efectiva y no violenta. Entender sus leyes, errores y bloqueos que son fuente de los principales conflictos emocionales y relacionales. Mejorar nuestra forma [&hellip;]","og_url":"https:\/\/lallavepsi.net\/index.php\/formaciones-online\/comunicacion-efectiva-y-asertividad\/","article_modified_time":"2025-01-30T19:45:27+00:00","twitter_card":"summary_large_image","twitter_misc":{"Tiempo de lectura":"2 minutos"},"schema":{"@context":"https:\/\/schema.org","@graph":[{"@type":"WebPage","@id":"https:\/\/lallavepsi.net\/index.php\/formaciones-online\/comunicacion-efectiva-y-asertividad\/","url":"https:\/\/lallavepsi.net\/index.php\/formaciones-online\/comunicacion-efectiva-y-asertividad\/","name":"COMUNICACI\u00d3N EFECTIVA Y ASERTIVIDAD -","isPartOf":{"@id":"https:\/\/lallavepsi.net\/#website"},"datePublished":"2022-12-21T01:01:50+00:00","dateModified":"2025-01-30T19:45:27+00:00","breadcrumb":{"@id":"https:\/\/lallavepsi.net\/index.php\/formaciones-online\/comunicacion-efectiva-y-asertividad\/#breadcrumb"},"inLanguage":"es-AR","potentialAction":[{"@type":"ReadAction","target":["https:\/\/lallavepsi.net\/index.php\/formaciones-online\/comunicacion-efectiva-y-asertividad\/"]}]},{"@type":"BreadcrumbList","@id":"https:\/\/lallavepsi.net\/index.php\/formaciones-online\/comunicacion-efectiva-y-asertividad\/#breadcrumb","itemListElement":[{"@type":"ListItem","position":1,"name":"Inicio","item":"https:\/\/lallavepsi.net\/"},{"@type":"ListItem","position":2,"name":"FORMACIONES Y ESPECIALIZACIONES ONLINE","item":"https:\/\/lallavepsi.net\/index.php\/formaciones-online\/"},{"@type":"ListItem","position":3,"name":"COMUNICACI\u00d3N EFECTIVA Y ASERTIVIDAD"}]},{"@type":"WebSite","@id":"https:\/\/lallavepsi.net\/#website","url":"https:\/\/lallavepsi.net\/","name":"","description":"","potentialAction":[{"@type":"SearchAction","target":{"@type":"EntryPoint","urlTemplate":"https:\/\/lallavepsi.net\/?s={search_term_string}"},"query-input":{"@type":"PropertyValueSpecification","valueRequired":true,"valueName":"search_term_string"}}],"inLanguage":"es-AR"}]}},"_hostinger_reach_plugin_has_subscription_block":false,"_hostinger_reach_plugin_is_elementor":false,"_links":{"self":[{"href":"https:\/\/lallavepsi.net\/index.php\/wp-json\/wp\/v2\/pages\/203","targetHints":{"allow":["GET"]}}],"collection":[{"href":"https:\/\/lallavepsi.net\/index.php\/wp-json\/wp\/v2\/pages"}],"about":[{"href":"https:\/\/lallavepsi.net\/index.php\/wp-json\/wp\/v2\/types\/page"}],"author":[{"embeddable":true,"href":"https:\/\/lallavepsi.net\/index.php\/wp-json\/wp\/v2\/users\/1"}],"replies":[{"embeddable":true,"href":"https:\/\/lallavepsi.net\/index.php\/wp-json\/wp\/v2\/comments?post=203"}],"version-history":[{"count":11,"href":"https:\/\/lallavepsi.net\/index.php\/wp-json\/wp\/v2\/pages\/203\/revisions"}],"predecessor-version":[{"id":2409,"href":"https:\/\/lallavepsi.net\/index.php\/wp-json\/wp\/v2\/pages\/203\/revisions\/2409"}],"up":[{"embeddable":true,"href":"https:\/\/lallavepsi.net\/index.php\/wp-json\/wp\/v2\/pages\/49"}],"wp:attachment":[{"href":"https:\/\/lallavepsi.net\/index.php\/wp-json\/wp\/v2\/media?parent=203"}],"curies":[{"name":"wp","href":"https:\/\/api.w.org\/{rel}","templated":true}]}}