{"id":2101,"date":"2023-07-18T18:06:59","date_gmt":"2023-07-18T18:06:59","guid":{"rendered":"https:\/\/lallavepsi.net\/?page_id=2101"},"modified":"2024-03-08T12:42:44","modified_gmt":"2024-03-08T12:42:44","slug":"personalizando-el-ser-transformando-el-ego","status":"publish","type":"page","link":"https:\/\/lallavepsi.net\/index.php\/grupos-de-reflexion-no-binarios\/personalizando-el-ser-transformando-el-ego\/","title":{"rendered":"PER\/SER: PERSONALIZANDO EL SER; ESPIRITUALIZANDO EL EGO"},"content":{"rendered":"<p><strong>PER\/SER: DIN\u00c1MICA GRUPAL DE TRABAJO DE LA PERSONALIDAD A TRAV\u00c9S DE LA ESPIRITUALIDAD<\/strong><\/p>\n<p><strong>En qu\u00e9 consiste:<\/strong> se trata de un espacio de integraci\u00f3n entre lo material y lo espiritual, incluyendo todas las esferas del ser humano. Desde lo material reflexionaremos sobre el origen y comportamiento de sensaciones, emociones, pensamientos y conductas, conoci\u00e9ndonos para entendernos y a partir de all\u00ed encarar un proceso de movimiento hacia el cambio. Para potenciarlo y subordinarlo a nuestro yo-esencia,\u00a0 desde la espiritualidad abarcaremos todas las perspectivas que recorre el estudio de La Llave Psi, la metaf\u00edsica en su versi\u00f3n esot\u00e9rica cristiana, el hermetismo, la teosof\u00eda, el cuarto camino de Gurdieff y sus eneagramas de la personalidad, la psicolog\u00eda profunda de Jung y sus arquetipos, el mindfulness y la teor\u00eda sint\u00e9rgica de Grinberg. Todo ello entretejido por un trabajo riguroso de la personalidad, el ego, identificando pensamientos, emociones y sensaciones que insisten inconscientemente en nuestra\u00a0 historia en forma de s\u00edntomas,\u00a0 enfermedades, v\u00ednculos t\u00f3xicos, trastornos, etc.<\/p>\n<p>La tem\u00e1tica a trabajar surgir\u00e1 encuentro a encuentro de los miembros del grupo, intercambiando roles, pareceres y aprendizajes. La din\u00e1mica grupal potenciar\u00e1 y visibilizar\u00e1 las sombras inconscientes, siendo un potenciador de todo trabajo. &#8220;All\u00ed donde haya dos o m\u00e1s reunidos en mi nombre, all\u00ed estar\u00e9&#8221;. El grupo maximiza el proceso. Y al tratarse de una terapia, es necesario que decante el proceso, por eso se requiere un compromiso continuo y persistente de trabajo, que es lo que llevar\u00e1 al resultado. Esto exige un auto-compromiso, y hacia el grupo.<\/p>\n<p>A diferencia de los cursos, el trabajo grupal exige el involucramiento personal. Cuanto m\u00e1s, mejor para el sujeto y el grupo, ya que se alimentar\u00e1 de ese animarse a la verdad para iluminar la sombra invididual y grupal, que conformar\u00e1 el patr\u00f3n de ese grupo (lo que todos sus individuos conformen como karma colectivo). A diferencia de un grupo de reflexi\u00f3n, abierto a la rotaci\u00f3n de sus miembros, un grupo terap\u00e9utico demanda la continuidad comprometida de los mismos, por lo que no ser\u00e1 lo mismo abrirse ante un desconocido que frente a un otro que nos empieza a resultar familiar y que por algo est\u00e1 all\u00ed (como espejo). Por ende, una terapia de grupo demandar\u00e1 atreverse ante esa mirada constante del otro, donde nos encontramos a nosotros. Y con ello, correrse de juicios, expectativas, miedos, bloqueos; lo cual ya es un gran avance hacia la transformaci\u00f3n.<\/p>\n<p>Adem\u00e1s de una propuesta de reflexi\u00f3n psicol\u00f3gica saliendo del pensamiento binario (aceptaci\u00f3n y comprensi\u00f3n), es una invitaci\u00f3n del SABER hacia el SER, y para lograrlo emplearemos diferentes t\u00e9cnicas de proyecci\u00f3n, trabajo con la sombra, sue\u00f1os, relajaci\u00f3n, meditaci\u00f3n y repetici\u00f3n consciente para modificar las repeticiones inconscientes que nos hacen da\u00f1o. Esto llevar\u00e1 hacia un estado de consciencia diferente en el que practicaremos el manejo de la intuici\u00f3n y un estado de constante atenci\u00f3n plena, de observaci\u00f3n del s\u00ed mismo.<\/p>\n<p><strong>Modalidad:<\/strong> desidentificaci\u00f3n de nuestros yoes inferiores de la personalidad, mediante un persistente trabajo de auto-observaci\u00f3n y t\u00e9cnicas varias. Tomando al &#8220;otro&#8221; como espejo de nuestra sombra, trabajaremos aquellos aspectos de la personalidad que el grupo manifieste. La idea de este grupo es valernos de ciertas t\u00e9cnicas o conocimientos psicol\u00f3gicos y espirituales ya conocidos o nuevos a ser empleados para la integraci\u00f3n y el crecimiento de la personalidad, apuntando al ejercicio de una mentalidad discernitiva, cr\u00edtica, libre, coherente y congruente; sin caer en los peligros del fanatismo, la adoraci\u00f3n, la ceguera, el delirio, etc.<\/p>\n<p>Propongo una integraci\u00f3n hacia una espiritualidad seriamente trabajada y comprometida, a la par de una personalidad que la acompa\u00f1e y al mismo tiempo le sirva de l\u00edmite y viceversa, porque entiendo que la espiritualidad suelta, sin regulaci\u00f3n, puede acabar en delirio, y asimismo la personalidad suelta, sin regulaci\u00f3n, puede acabar en excesivo materialismo (ate\u00edsmo, superficialismo, ego\u00edsmo&#8230;).<\/p>\n<p>La personalidad seriamente trabajada y comprometida, desde un meticuloso trabajo interior y exterior de autonococimiento, llega a una instancia de su evoluci\u00f3n que necesita ir hacia un m\u00e1s all\u00e1 donde la din\u00e1mica del deseo se agota y ya no satisface, porque tiene que ver con la trascendencia: con el sentido, el prop\u00f3sito de las cosas, con nuestro lugar en este mundo. Y parad\u00f3jicamente donde se abre un camino donde ya el ego no reina, aun as\u00ed est\u00e1 dispuesto a dar ese salto.<\/p>\n<p>Para estos trabajos nos valdremos de distintas t\u00e9cnicas como an\u00e1lisis e introspecci\u00f3n profunda, identificaci\u00f3n de distorsiones de pensamiento, c\u00f3mo decidimos, dibujos proyectivos interpretados, afirmaciones y alquimias mentales transformadoras personalizadas, equilibrio de chakras, meditaciones en m\u00faltiples formatos, reconocimiento e integraci\u00f3n con la sombra, \u00e1rbol geneal\u00f3gico, biodescodificaci\u00f3n, trabajos con emociones, comunicaci\u00f3n, l\u00edmites, etc. Para todos ellos se acompa\u00f1ar\u00e1 un cuadernillo de ejercicios.<\/p>\n<p>Por la magnitud e idiosincrasia del trabajo, ser\u00e1 un grupo cerrado una vez conformado, requiriendo por tal el compromiso hacia uno mismo, el grupo y el servicio consciente al plano.<\/p>\n<p>Puede ser en forma presencial o virtual, con algunos encuentros presenciales opcionales a convenir por el grupo. La duraci\u00f3n del grupo la marcar\u00e1 el propio ritmo y trabajo del mismo, no habiendo estructuraci\u00f3n r\u00edgida previa de ning\u00fan tipo. Cada grupo ser\u00e1 \u00fanico, como cada uno de sus miembros.<\/p>\n<p>&nbsp;<\/p>\n<p><strong>\u00a0<\/strong><\/p>\n","protected":false},"excerpt":{"rendered":"<p>PER\/SER: DIN\u00c1MICA GRUPAL DE TRABAJO DE LA PERSONALIDAD A TRAV\u00c9S DE LA ESPIRITUALIDAD En qu\u00e9 consiste: se trata de un espacio de integraci\u00f3n entre lo material y lo espiritual, incluyendo todas las esferas del ser humano. Desde lo material reflexionaremos sobre el origen y comportamiento de sensaciones, emociones, pensamientos y conductas, conoci\u00e9ndonos para entendernos y [&hellip;]<\/p>\n","protected":false},"author":1,"featured_media":0,"parent":2084,"menu_order":0,"comment_status":"closed","ping_status":"closed","template":"","meta":{"_monsterinsights_skip_tracking":false,"_monsterinsights_sitenote_active":false,"_monsterinsights_sitenote_note":"","_monsterinsights_sitenote_category":0,"_uf_show_specific_survey":0,"_uf_disable_surveys":false,"site-sidebar-layout":"default","site-content-layout":"default","ast-site-content-layout":"default","site-content-style":"default","site-sidebar-style":"default","ast-global-header-display":"","ast-banner-title-visibility":"","ast-main-header-display":"","ast-hfb-above-header-display":"","ast-hfb-below-header-display":"","ast-hfb-mobile-header-display":"","site-post-title":"","ast-breadcrumbs-content":"","ast-featured-img":"","footer-sml-layout":"","ast-disable-related-posts":"","theme-transparent-header-meta":"default","adv-header-id-meta":"","stick-header-meta":"","header-above-stick-meta":"","header-main-stick-meta":"","header-below-stick-meta":"","astra-migrate-meta-layouts":"set","ast-page-background-enabled":"default","ast-page-background-meta":{"desktop":{"background-color":"var(--ast-global-color-4)","background-image":"","background-repeat":"repeat","background-position":"center center","background-size":"auto","background-attachment":"scroll","background-type":"","background-media":"","overlay-type":"","overlay-color":"","overlay-opacity":"","overlay-gradient":""},"tablet":{"background-color":"","background-image":"","background-repeat":"repeat","background-position":"center center","background-size":"auto","background-attachment":"scroll","background-type":"","background-media":"","overlay-type":"","overlay-color":"","overlay-opacity":"","overlay-gradient":""},"mobile":{"background-color":"","background-image":"","background-repeat":"repeat","background-position":"center center","background-size":"auto","background-attachment":"scroll","background-type":"","background-media":"","overlay-type":"","overlay-color":"","overlay-opacity":"","overlay-gradient":""}},"ast-content-background-meta":{"desktop":{"background-color":"var(--ast-global-color-5)","background-image":"","background-repeat":"repeat","background-position":"center center","background-size":"auto","background-attachment":"scroll","background-type":"","background-media":"","overlay-type":"","overlay-color":"","overlay-opacity":"","overlay-gradient":""},"tablet":{"background-color":"var(--ast-global-color-5)","background-image":"","background-repeat":"repeat","background-position":"center center","background-size":"auto","background-attachment":"scroll","background-type":"","background-media":"","overlay-type":"","overlay-color":"","overlay-opacity":"","overlay-gradient":""},"mobile":{"background-color":"var(--ast-global-color-5)","background-image":"","background-repeat":"repeat","background-position":"center center","background-size":"auto","background-attachment":"scroll","background-type":"","background-media":"","overlay-type":"","overlay-color":"","overlay-opacity":"","overlay-gradient":""}},"footnotes":""},"class_list":["post-2101","page","type-page","status-publish","hentry"],"yoast_head":"<!-- This site is optimized with the Yoast SEO plugin v27.0 - https:\/\/yoast.com\/product\/yoast-seo-wordpress\/ -->\n<title>PER\/SER: PERSONALIZANDO EL SER; ESPIRITUALIZANDO EL EGO -<\/title>\n<meta name=\"robots\" content=\"index, follow, max-snippet:-1, max-image-preview:large, max-video-preview:-1\" \/>\n<link rel=\"canonical\" href=\"https:\/\/lallavepsi.net\/index.php\/grupos-de-reflexion-no-binarios\/personalizando-el-ser-transformando-el-ego\/\" \/>\n<meta property=\"og:locale\" content=\"es_ES\" \/>\n<meta property=\"og:type\" content=\"article\" \/>\n<meta property=\"og:title\" content=\"PER\/SER: PERSONALIZANDO EL SER; ESPIRITUALIZANDO EL EGO -\" \/>\n<meta property=\"og:description\" content=\"PER\/SER: DIN\u00c1MICA GRUPAL DE TRABAJO DE LA PERSONALIDAD A TRAV\u00c9S DE LA ESPIRITUALIDAD En qu\u00e9 consiste: se trata de un espacio de integraci\u00f3n entre lo material y lo espiritual, incluyendo todas las esferas del ser humano. Desde lo material reflexionaremos sobre el origen y comportamiento de sensaciones, emociones, pensamientos y conductas, conoci\u00e9ndonos para entendernos y [&hellip;]\" \/>\n<meta property=\"og:url\" content=\"https:\/\/lallavepsi.net\/index.php\/grupos-de-reflexion-no-binarios\/personalizando-el-ser-transformando-el-ego\/\" \/>\n<meta property=\"article:modified_time\" content=\"2024-03-08T12:42:44+00:00\" \/>\n<meta name=\"twitter:card\" content=\"summary_large_image\" \/>\n<meta name=\"twitter:label1\" content=\"Tiempo de lectura\" \/>\n\t<meta name=\"twitter:data1\" content=\"4 minutos\" \/>\n<script type=\"application\/ld+json\" class=\"yoast-schema-graph\">{\"@context\":\"https:\/\/schema.org\",\"@graph\":[{\"@type\":\"WebPage\",\"@id\":\"https:\/\/lallavepsi.net\/index.php\/grupos-de-reflexion-no-binarios\/personalizando-el-ser-transformando-el-ego\/\",\"url\":\"https:\/\/lallavepsi.net\/index.php\/grupos-de-reflexion-no-binarios\/personalizando-el-ser-transformando-el-ego\/\",\"name\":\"PER\/SER: PERSONALIZANDO EL SER; ESPIRITUALIZANDO EL EGO -\",\"isPartOf\":{\"@id\":\"https:\/\/lallavepsi.net\/#website\"},\"datePublished\":\"2023-07-18T18:06:59+00:00\",\"dateModified\":\"2024-03-08T12:42:44+00:00\",\"breadcrumb\":{\"@id\":\"https:\/\/lallavepsi.net\/index.php\/grupos-de-reflexion-no-binarios\/personalizando-el-ser-transformando-el-ego\/#breadcrumb\"},\"inLanguage\":\"es-AR\",\"potentialAction\":[{\"@type\":\"ReadAction\",\"target\":[\"https:\/\/lallavepsi.net\/index.php\/grupos-de-reflexion-no-binarios\/personalizando-el-ser-transformando-el-ego\/\"]}]},{\"@type\":\"BreadcrumbList\",\"@id\":\"https:\/\/lallavepsi.net\/index.php\/grupos-de-reflexion-no-binarios\/personalizando-el-ser-transformando-el-ego\/#breadcrumb\",\"itemListElement\":[{\"@type\":\"ListItem\",\"position\":1,\"name\":\"Inicio\",\"item\":\"https:\/\/lallavepsi.net\/\"},{\"@type\":\"ListItem\",\"position\":2,\"name\":\"DIN\u00c1MICAS GRUPALES\",\"item\":\"https:\/\/lallavepsi.net\/index.php\/grupos-de-reflexion-no-binarios\/\"},{\"@type\":\"ListItem\",\"position\":3,\"name\":\"PER\/SER: PERSONALIZANDO EL SER; ESPIRITUALIZANDO EL EGO\"}]},{\"@type\":\"WebSite\",\"@id\":\"https:\/\/lallavepsi.net\/#website\",\"url\":\"https:\/\/lallavepsi.net\/\",\"name\":\"\",\"description\":\"\",\"potentialAction\":[{\"@type\":\"SearchAction\",\"target\":{\"@type\":\"EntryPoint\",\"urlTemplate\":\"https:\/\/lallavepsi.net\/?s={search_term_string}\"},\"query-input\":{\"@type\":\"PropertyValueSpecification\",\"valueRequired\":true,\"valueName\":\"search_term_string\"}}],\"inLanguage\":\"es-AR\"}]}<\/script>\n<!-- \/ Yoast SEO plugin. -->","yoast_head_json":{"title":"PER\/SER: PERSONALIZANDO EL SER; ESPIRITUALIZANDO EL EGO -","robots":{"index":"index","follow":"follow","max-snippet":"max-snippet:-1","max-image-preview":"max-image-preview:large","max-video-preview":"max-video-preview:-1"},"canonical":"https:\/\/lallavepsi.net\/index.php\/grupos-de-reflexion-no-binarios\/personalizando-el-ser-transformando-el-ego\/","og_locale":"es_ES","og_type":"article","og_title":"PER\/SER: PERSONALIZANDO EL SER; ESPIRITUALIZANDO EL EGO -","og_description":"PER\/SER: DIN\u00c1MICA GRUPAL DE TRABAJO DE LA PERSONALIDAD A TRAV\u00c9S DE LA ESPIRITUALIDAD En qu\u00e9 consiste: se trata de un espacio de integraci\u00f3n entre lo material y lo espiritual, incluyendo todas las esferas del ser humano. Desde lo material reflexionaremos sobre el origen y comportamiento de sensaciones, emociones, pensamientos y conductas, conoci\u00e9ndonos para entendernos y [&hellip;]","og_url":"https:\/\/lallavepsi.net\/index.php\/grupos-de-reflexion-no-binarios\/personalizando-el-ser-transformando-el-ego\/","article_modified_time":"2024-03-08T12:42:44+00:00","twitter_card":"summary_large_image","twitter_misc":{"Tiempo de lectura":"4 minutos"},"schema":{"@context":"https:\/\/schema.org","@graph":[{"@type":"WebPage","@id":"https:\/\/lallavepsi.net\/index.php\/grupos-de-reflexion-no-binarios\/personalizando-el-ser-transformando-el-ego\/","url":"https:\/\/lallavepsi.net\/index.php\/grupos-de-reflexion-no-binarios\/personalizando-el-ser-transformando-el-ego\/","name":"PER\/SER: PERSONALIZANDO EL SER; ESPIRITUALIZANDO EL EGO -","isPartOf":{"@id":"https:\/\/lallavepsi.net\/#website"},"datePublished":"2023-07-18T18:06:59+00:00","dateModified":"2024-03-08T12:42:44+00:00","breadcrumb":{"@id":"https:\/\/lallavepsi.net\/index.php\/grupos-de-reflexion-no-binarios\/personalizando-el-ser-transformando-el-ego\/#breadcrumb"},"inLanguage":"es-AR","potentialAction":[{"@type":"ReadAction","target":["https:\/\/lallavepsi.net\/index.php\/grupos-de-reflexion-no-binarios\/personalizando-el-ser-transformando-el-ego\/"]}]},{"@type":"BreadcrumbList","@id":"https:\/\/lallavepsi.net\/index.php\/grupos-de-reflexion-no-binarios\/personalizando-el-ser-transformando-el-ego\/#breadcrumb","itemListElement":[{"@type":"ListItem","position":1,"name":"Inicio","item":"https:\/\/lallavepsi.net\/"},{"@type":"ListItem","position":2,"name":"DIN\u00c1MICAS GRUPALES","item":"https:\/\/lallavepsi.net\/index.php\/grupos-de-reflexion-no-binarios\/"},{"@type":"ListItem","position":3,"name":"PER\/SER: PERSONALIZANDO EL SER; ESPIRITUALIZANDO EL EGO"}]},{"@type":"WebSite","@id":"https:\/\/lallavepsi.net\/#website","url":"https:\/\/lallavepsi.net\/","name":"","description":"","potentialAction":[{"@type":"SearchAction","target":{"@type":"EntryPoint","urlTemplate":"https:\/\/lallavepsi.net\/?s={search_term_string}"},"query-input":{"@type":"PropertyValueSpecification","valueRequired":true,"valueName":"search_term_string"}}],"inLanguage":"es-AR"}]}},"_hostinger_reach_plugin_has_subscription_block":false,"_hostinger_reach_plugin_is_elementor":false,"_links":{"self":[{"href":"https:\/\/lallavepsi.net\/index.php\/wp-json\/wp\/v2\/pages\/2101","targetHints":{"allow":["GET"]}}],"collection":[{"href":"https:\/\/lallavepsi.net\/index.php\/wp-json\/wp\/v2\/pages"}],"about":[{"href":"https:\/\/lallavepsi.net\/index.php\/wp-json\/wp\/v2\/types\/page"}],"author":[{"embeddable":true,"href":"https:\/\/lallavepsi.net\/index.php\/wp-json\/wp\/v2\/users\/1"}],"replies":[{"embeddable":true,"href":"https:\/\/lallavepsi.net\/index.php\/wp-json\/wp\/v2\/comments?post=2101"}],"version-history":[{"count":21,"href":"https:\/\/lallavepsi.net\/index.php\/wp-json\/wp\/v2\/pages\/2101\/revisions"}],"predecessor-version":[{"id":2326,"href":"https:\/\/lallavepsi.net\/index.php\/wp-json\/wp\/v2\/pages\/2101\/revisions\/2326"}],"up":[{"embeddable":true,"href":"https:\/\/lallavepsi.net\/index.php\/wp-json\/wp\/v2\/pages\/2084"}],"wp:attachment":[{"href":"https:\/\/lallavepsi.net\/index.php\/wp-json\/wp\/v2\/media?parent=2101"}],"curies":[{"name":"wp","href":"https:\/\/api.w.org\/{rel}","templated":true}]}}