{"id":2113,"date":"2023-07-18T18:10:26","date_gmt":"2023-07-18T18:10:26","guid":{"rendered":"https:\/\/lallavepsi.net\/?page_id=2113"},"modified":"2024-12-27T22:04:53","modified_gmt":"2024-12-27T22:04:53","slug":"contencion-y-reflexion-lgbtq","status":"publish","type":"page","link":"https:\/\/lallavepsi.net\/index.php\/grupos-de-reflexion-no-binarios\/contencion-y-reflexion-lgbtq\/","title":{"rendered":"DIVERSIDAD: CONTENCI\u00d3N Y REFLEXI\u00d3N LGBTQ+"},"content":{"rendered":"<p><strong>GRUPO DE CONTENCI\u00d3N Y REFLEXI\u00d3N PARA PERSONAS DEL COLECTIVO LGBTQ+<\/strong><\/p>\n<p><strong>En qu\u00e9 consiste:<\/strong> se trata de un espacio de intercambio, de escucha, de participaci\u00f3n libre<strong>. <\/strong>Est\u00e1 orientado especialmente a la tem\u00e1tica vincular y sus dificultades, sean estas relativas a pareja, familia, amistades, compa\u00f1eros laborales, etc., desde una perspectiva de la multiplicidad y diversidad, es decir sin limitaciones en cuanto a g\u00e9nero, sexo, clase o cualquier otro tipo de identificaci\u00f3n binaria. Es una invitaci\u00f3n a pensar &#8220;fuera de la caja&#8221;, m\u00e1s all\u00e1 del pensamiento comparativo y reduccionista del tipo blanco\/negro. Hablamos de abrazar lo complejo, los matices, el estar en relaci\u00f3n con&#8230;el ir siendo&#8230; <strong>No importa de qu\u00e9 hablemos, siempre y cuando lo que hablemos, lo pensemos por fuera de la caja. La caja simboliza esa c\u00e1rcel juzgadora que nos limita y nos enga\u00f1a a estar de un lado o del otro del p\u00e9ndulo, para nunca ver el conjunto. Salir de la l\u00f3gica del uno para ir hacia el nosotros, de la consciencia individual para ir hacia el grupo.<\/strong><\/p>\n<p>Es un \u00e1mbito especialmente dise\u00f1ado y pensado para poder ser un canal de expresi\u00f3n hacia la b\u00fasqueda del ser uno mismo, de reconocerse, validarse. Un lugar donde poder hablar y ser escuchado, conocer otras personas con la misma o diferentes problem\u00e1ticas, conectar, reflexionar llev\u00e1ndose otros puntos de vista, desafiar los propios\u2026en fin\u2026conocer a otros para conocernos y elegir desde la libertad, sin mandatos, prejuicios u obediencias debidas.<\/p>\n<p>Los temas tratados pueden abarcar desde nuevas formas de amor y sexualidad, inclusi\u00f3n laboral y cambio de sexo para personas trans, apoyo y resoluci\u00f3n de traumas y dificultades emocionales en personas del colectivo y familiares, adicciones, maltrato y abuso, violencia de g\u00e9nero, trastornos de alimentaci\u00f3n, adultez mayor y sus implicancias (sexualidad, soledad, enfermedad, etc.), atravesamiento de duelos, y todo lo relacionado a las complejidades relacionales con una mirada no sujeta al binarismo dominante h\u00e9tero patriarcal normativo.<\/p>\n<p>Modalidad: debate sobre la forma en que pensamos y resolvemos, discernimiento, pensamiento lateral, creatividad, trabajo con emociones, asertividad, comunicaci\u00f3n, afirmaciones transformadoras, ejercicios sist\u00e9micos y constelatorios, biodescodificaci\u00f3n, dibujos proyectivos interpretados, trabajo con la sombra, tareas personalizadas, etc.<\/p>\n<p>Nuestras m\u00e1ximas premisas son la defensa de la diversidad y la aceptaci\u00f3n positiva y plena.<\/p>\n<p>Puede ser en forma presencial, con cupos limitados, o virtual.<\/p>\n<p>&nbsp;<\/p>\n<p><strong>\u00a0<\/strong><\/p>\n","protected":false},"excerpt":{"rendered":"<p>GRUPO DE CONTENCI\u00d3N Y REFLEXI\u00d3N PARA PERSONAS DEL COLECTIVO LGBTQ+ En qu\u00e9 consiste: se trata de un espacio de intercambio, de escucha, de participaci\u00f3n libre. Est\u00e1 orientado especialmente a la tem\u00e1tica vincular y sus dificultades, sean estas relativas a pareja, familia, amistades, compa\u00f1eros laborales, etc., desde una perspectiva de la multiplicidad y diversidad, es decir [&hellip;]<\/p>\n","protected":false},"author":1,"featured_media":0,"parent":2084,"menu_order":0,"comment_status":"closed","ping_status":"closed","template":"","meta":{"_monsterinsights_skip_tracking":false,"_monsterinsights_sitenote_active":false,"_monsterinsights_sitenote_note":"","_monsterinsights_sitenote_category":0,"_uf_show_specific_survey":0,"_uf_disable_surveys":false,"site-sidebar-layout":"default","site-content-layout":"default","ast-site-content-layout":"default","site-content-style":"default","site-sidebar-style":"default","ast-global-header-display":"","ast-banner-title-visibility":"","ast-main-header-display":"","ast-hfb-above-header-display":"","ast-hfb-below-header-display":"","ast-hfb-mobile-header-display":"","site-post-title":"","ast-breadcrumbs-content":"","ast-featured-img":"","footer-sml-layout":"","ast-disable-related-posts":"","theme-transparent-header-meta":"default","adv-header-id-meta":"","stick-header-meta":"","header-above-stick-meta":"","header-main-stick-meta":"","header-below-stick-meta":"","astra-migrate-meta-layouts":"set","ast-page-background-enabled":"default","ast-page-background-meta":{"desktop":{"background-color":"var(--ast-global-color-4)","background-image":"","background-repeat":"repeat","background-position":"center center","background-size":"auto","background-attachment":"scroll","background-type":"","background-media":"","overlay-type":"","overlay-color":"","overlay-opacity":"","overlay-gradient":""},"tablet":{"background-color":"","background-image":"","background-repeat":"repeat","background-position":"center center","background-size":"auto","background-attachment":"scroll","background-type":"","background-media":"","overlay-type":"","overlay-color":"","overlay-opacity":"","overlay-gradient":""},"mobile":{"background-color":"","background-image":"","background-repeat":"repeat","background-position":"center center","background-size":"auto","background-attachment":"scroll","background-type":"","background-media":"","overlay-type":"","overlay-color":"","overlay-opacity":"","overlay-gradient":""}},"ast-content-background-meta":{"desktop":{"background-color":"var(--ast-global-color-5)","background-image":"","background-repeat":"repeat","background-position":"center center","background-size":"auto","background-attachment":"scroll","background-type":"","background-media":"","overlay-type":"","overlay-color":"","overlay-opacity":"","overlay-gradient":""},"tablet":{"background-color":"var(--ast-global-color-5)","background-image":"","background-repeat":"repeat","background-position":"center center","background-size":"auto","background-attachment":"scroll","background-type":"","background-media":"","overlay-type":"","overlay-color":"","overlay-opacity":"","overlay-gradient":""},"mobile":{"background-color":"var(--ast-global-color-5)","background-image":"","background-repeat":"repeat","background-position":"center center","background-size":"auto","background-attachment":"scroll","background-type":"","background-media":"","overlay-type":"","overlay-color":"","overlay-opacity":"","overlay-gradient":""}},"footnotes":""},"class_list":["post-2113","page","type-page","status-publish","hentry"],"yoast_head":"<!-- This site is optimized with the Yoast SEO plugin v27.0 - https:\/\/yoast.com\/product\/yoast-seo-wordpress\/ -->\n<title>DIVERSIDAD: CONTENCI\u00d3N Y REFLEXI\u00d3N LGBTQ+ -<\/title>\n<meta name=\"description\" content=\"En qu\u00e9 consiste: se trata de un espacio de intercambio, de escucha, de participaci\u00f3n libre. Est\u00e1 orientado especialmente a la tem\u00e1tica vincular y sus dificultades, sean estas relativas a pareja, familia, amistades, compa\u00f1eros laborales, etc., desde una perspectiva de la multiplicidad y diversidad, es decir sin limitaciones en cuanto a g\u00e9nero, sexo, clase o cualquier otro tipo de identificaci\u00f3n binaria. Es una invitaci\u00f3n a pensar &quot;fuera de la caja&quot;, m\u00e1s all\u00e1 del pensamiento comparativo y reduccionista del tipo blanco\/negro. Hablamos de abrazar lo complejo, los matices, el estar en relaci\u00f3n con...el ir siendo... No importa de qu\u00e9 hablemos, siempre y cuando lo que hablemos, lo pensemos por fuera de la caja. La caja simboliza esa c\u00e1rcel juzgadora que nos limita y nos enga\u00f1a a estar de un lado o del otro del p\u00e9ndulo, para nunca ver el conjunto. Salir de la l\u00f3gica del uno para ir hacia el nosotros, de la consciencia individual para ir hacia el grupo.\" \/>\n<meta name=\"robots\" content=\"index, follow, max-snippet:-1, max-image-preview:large, max-video-preview:-1\" \/>\n<link rel=\"canonical\" href=\"https:\/\/lallavepsi.net\/index.php\/grupos-de-reflexion-no-binarios\/contencion-y-reflexion-lgbtq\/\" \/>\n<meta property=\"og:locale\" content=\"es_ES\" \/>\n<meta property=\"og:type\" content=\"article\" \/>\n<meta property=\"og:title\" content=\"DIVERSIDAD: CONTENCI\u00d3N Y REFLEXI\u00d3N LGBTQ+ -\" \/>\n<meta property=\"og:description\" content=\"En qu\u00e9 consiste: se trata de un espacio de intercambio, de escucha, de participaci\u00f3n libre. Est\u00e1 orientado especialmente a la tem\u00e1tica vincular y sus dificultades, sean estas relativas a pareja, familia, amistades, compa\u00f1eros laborales, etc., desde una perspectiva de la multiplicidad y diversidad, es decir sin limitaciones en cuanto a g\u00e9nero, sexo, clase o cualquier otro tipo de identificaci\u00f3n binaria. Es una invitaci\u00f3n a pensar &quot;fuera de la caja&quot;, m\u00e1s all\u00e1 del pensamiento comparativo y reduccionista del tipo blanco\/negro. Hablamos de abrazar lo complejo, los matices, el estar en relaci\u00f3n con...el ir siendo... No importa de qu\u00e9 hablemos, siempre y cuando lo que hablemos, lo pensemos por fuera de la caja. La caja simboliza esa c\u00e1rcel juzgadora que nos limita y nos enga\u00f1a a estar de un lado o del otro del p\u00e9ndulo, para nunca ver el conjunto. Salir de la l\u00f3gica del uno para ir hacia el nosotros, de la consciencia individual para ir hacia el grupo.\" \/>\n<meta property=\"og:url\" content=\"https:\/\/lallavepsi.net\/index.php\/grupos-de-reflexion-no-binarios\/contencion-y-reflexion-lgbtq\/\" \/>\n<meta property=\"article:modified_time\" content=\"2024-12-27T22:04:53+00:00\" \/>\n<meta name=\"twitter:card\" content=\"summary_large_image\" \/>\n<meta name=\"twitter:label1\" content=\"Tiempo de lectura\" \/>\n\t<meta name=\"twitter:data1\" content=\"2 minutos\" \/>\n<script type=\"application\/ld+json\" class=\"yoast-schema-graph\">{\"@context\":\"https:\/\/schema.org\",\"@graph\":[{\"@type\":\"WebPage\",\"@id\":\"https:\/\/lallavepsi.net\/index.php\/grupos-de-reflexion-no-binarios\/contencion-y-reflexion-lgbtq\/\",\"url\":\"https:\/\/lallavepsi.net\/index.php\/grupos-de-reflexion-no-binarios\/contencion-y-reflexion-lgbtq\/\",\"name\":\"DIVERSIDAD: CONTENCI\u00d3N Y REFLEXI\u00d3N LGBTQ+ -\",\"isPartOf\":{\"@id\":\"https:\/\/lallavepsi.net\/#website\"},\"datePublished\":\"2023-07-18T18:10:26+00:00\",\"dateModified\":\"2024-12-27T22:04:53+00:00\",\"description\":\"En qu\u00e9 consiste: se trata de un espacio de intercambio, de escucha, de participaci\u00f3n libre. Est\u00e1 orientado especialmente a la tem\u00e1tica vincular y sus dificultades, sean estas relativas a pareja, familia, amistades, compa\u00f1eros laborales, etc., desde una perspectiva de la multiplicidad y diversidad, es decir sin limitaciones en cuanto a g\u00e9nero, sexo, clase o cualquier otro tipo de identificaci\u00f3n binaria. Es una invitaci\u00f3n a pensar \\\"fuera de la caja\\\", m\u00e1s all\u00e1 del pensamiento comparativo y reduccionista del tipo blanco\/negro. Hablamos de abrazar lo complejo, los matices, el estar en relaci\u00f3n con...el ir siendo... No importa de qu\u00e9 hablemos, siempre y cuando lo que hablemos, lo pensemos por fuera de la caja. La caja simboliza esa c\u00e1rcel juzgadora que nos limita y nos enga\u00f1a a estar de un lado o del otro del p\u00e9ndulo, para nunca ver el conjunto. Salir de la l\u00f3gica del uno para ir hacia el nosotros, de la consciencia individual para ir hacia el grupo.\",\"breadcrumb\":{\"@id\":\"https:\/\/lallavepsi.net\/index.php\/grupos-de-reflexion-no-binarios\/contencion-y-reflexion-lgbtq\/#breadcrumb\"},\"inLanguage\":\"es-AR\",\"potentialAction\":[{\"@type\":\"ReadAction\",\"target\":[\"https:\/\/lallavepsi.net\/index.php\/grupos-de-reflexion-no-binarios\/contencion-y-reflexion-lgbtq\/\"]}]},{\"@type\":\"BreadcrumbList\",\"@id\":\"https:\/\/lallavepsi.net\/index.php\/grupos-de-reflexion-no-binarios\/contencion-y-reflexion-lgbtq\/#breadcrumb\",\"itemListElement\":[{\"@type\":\"ListItem\",\"position\":1,\"name\":\"Inicio\",\"item\":\"https:\/\/lallavepsi.net\/\"},{\"@type\":\"ListItem\",\"position\":2,\"name\":\"DIN\u00c1MICAS GRUPALES\",\"item\":\"https:\/\/lallavepsi.net\/index.php\/grupos-de-reflexion-no-binarios\/\"},{\"@type\":\"ListItem\",\"position\":3,\"name\":\"DIVERSIDAD: CONTENCI\u00d3N Y REFLEXI\u00d3N LGBTQ+\"}]},{\"@type\":\"WebSite\",\"@id\":\"https:\/\/lallavepsi.net\/#website\",\"url\":\"https:\/\/lallavepsi.net\/\",\"name\":\"\",\"description\":\"\",\"potentialAction\":[{\"@type\":\"SearchAction\",\"target\":{\"@type\":\"EntryPoint\",\"urlTemplate\":\"https:\/\/lallavepsi.net\/?s={search_term_string}\"},\"query-input\":{\"@type\":\"PropertyValueSpecification\",\"valueRequired\":true,\"valueName\":\"search_term_string\"}}],\"inLanguage\":\"es-AR\"}]}<\/script>\n<!-- \/ Yoast SEO plugin. -->","yoast_head_json":{"title":"DIVERSIDAD: CONTENCI\u00d3N Y REFLEXI\u00d3N LGBTQ+ -","description":"En qu\u00e9 consiste: se trata de un espacio de intercambio, de escucha, de participaci\u00f3n libre. Est\u00e1 orientado especialmente a la tem\u00e1tica vincular y sus dificultades, sean estas relativas a pareja, familia, amistades, compa\u00f1eros laborales, etc., desde una perspectiva de la multiplicidad y diversidad, es decir sin limitaciones en cuanto a g\u00e9nero, sexo, clase o cualquier otro tipo de identificaci\u00f3n binaria. Es una invitaci\u00f3n a pensar \"fuera de la caja\", m\u00e1s all\u00e1 del pensamiento comparativo y reduccionista del tipo blanco\/negro. Hablamos de abrazar lo complejo, los matices, el estar en relaci\u00f3n con...el ir siendo... No importa de qu\u00e9 hablemos, siempre y cuando lo que hablemos, lo pensemos por fuera de la caja. La caja simboliza esa c\u00e1rcel juzgadora que nos limita y nos enga\u00f1a a estar de un lado o del otro del p\u00e9ndulo, para nunca ver el conjunto. Salir de la l\u00f3gica del uno para ir hacia el nosotros, de la consciencia individual para ir hacia el grupo.","robots":{"index":"index","follow":"follow","max-snippet":"max-snippet:-1","max-image-preview":"max-image-preview:large","max-video-preview":"max-video-preview:-1"},"canonical":"https:\/\/lallavepsi.net\/index.php\/grupos-de-reflexion-no-binarios\/contencion-y-reflexion-lgbtq\/","og_locale":"es_ES","og_type":"article","og_title":"DIVERSIDAD: CONTENCI\u00d3N Y REFLEXI\u00d3N LGBTQ+ -","og_description":"En qu\u00e9 consiste: se trata de un espacio de intercambio, de escucha, de participaci\u00f3n libre. Est\u00e1 orientado especialmente a la tem\u00e1tica vincular y sus dificultades, sean estas relativas a pareja, familia, amistades, compa\u00f1eros laborales, etc., desde una perspectiva de la multiplicidad y diversidad, es decir sin limitaciones en cuanto a g\u00e9nero, sexo, clase o cualquier otro tipo de identificaci\u00f3n binaria. Es una invitaci\u00f3n a pensar \"fuera de la caja\", m\u00e1s all\u00e1 del pensamiento comparativo y reduccionista del tipo blanco\/negro. Hablamos de abrazar lo complejo, los matices, el estar en relaci\u00f3n con...el ir siendo... No importa de qu\u00e9 hablemos, siempre y cuando lo que hablemos, lo pensemos por fuera de la caja. La caja simboliza esa c\u00e1rcel juzgadora que nos limita y nos enga\u00f1a a estar de un lado o del otro del p\u00e9ndulo, para nunca ver el conjunto. Salir de la l\u00f3gica del uno para ir hacia el nosotros, de la consciencia individual para ir hacia el grupo.","og_url":"https:\/\/lallavepsi.net\/index.php\/grupos-de-reflexion-no-binarios\/contencion-y-reflexion-lgbtq\/","article_modified_time":"2024-12-27T22:04:53+00:00","twitter_card":"summary_large_image","twitter_misc":{"Tiempo de lectura":"2 minutos"},"schema":{"@context":"https:\/\/schema.org","@graph":[{"@type":"WebPage","@id":"https:\/\/lallavepsi.net\/index.php\/grupos-de-reflexion-no-binarios\/contencion-y-reflexion-lgbtq\/","url":"https:\/\/lallavepsi.net\/index.php\/grupos-de-reflexion-no-binarios\/contencion-y-reflexion-lgbtq\/","name":"DIVERSIDAD: CONTENCI\u00d3N Y REFLEXI\u00d3N LGBTQ+ -","isPartOf":{"@id":"https:\/\/lallavepsi.net\/#website"},"datePublished":"2023-07-18T18:10:26+00:00","dateModified":"2024-12-27T22:04:53+00:00","description":"En qu\u00e9 consiste: se trata de un espacio de intercambio, de escucha, de participaci\u00f3n libre. Est\u00e1 orientado especialmente a la tem\u00e1tica vincular y sus dificultades, sean estas relativas a pareja, familia, amistades, compa\u00f1eros laborales, etc., desde una perspectiva de la multiplicidad y diversidad, es decir sin limitaciones en cuanto a g\u00e9nero, sexo, clase o cualquier otro tipo de identificaci\u00f3n binaria. Es una invitaci\u00f3n a pensar \"fuera de la caja\", m\u00e1s all\u00e1 del pensamiento comparativo y reduccionista del tipo blanco\/negro. Hablamos de abrazar lo complejo, los matices, el estar en relaci\u00f3n con...el ir siendo... No importa de qu\u00e9 hablemos, siempre y cuando lo que hablemos, lo pensemos por fuera de la caja. La caja simboliza esa c\u00e1rcel juzgadora que nos limita y nos enga\u00f1a a estar de un lado o del otro del p\u00e9ndulo, para nunca ver el conjunto. Salir de la l\u00f3gica del uno para ir hacia el nosotros, de la consciencia individual para ir hacia el grupo.","breadcrumb":{"@id":"https:\/\/lallavepsi.net\/index.php\/grupos-de-reflexion-no-binarios\/contencion-y-reflexion-lgbtq\/#breadcrumb"},"inLanguage":"es-AR","potentialAction":[{"@type":"ReadAction","target":["https:\/\/lallavepsi.net\/index.php\/grupos-de-reflexion-no-binarios\/contencion-y-reflexion-lgbtq\/"]}]},{"@type":"BreadcrumbList","@id":"https:\/\/lallavepsi.net\/index.php\/grupos-de-reflexion-no-binarios\/contencion-y-reflexion-lgbtq\/#breadcrumb","itemListElement":[{"@type":"ListItem","position":1,"name":"Inicio","item":"https:\/\/lallavepsi.net\/"},{"@type":"ListItem","position":2,"name":"DIN\u00c1MICAS GRUPALES","item":"https:\/\/lallavepsi.net\/index.php\/grupos-de-reflexion-no-binarios\/"},{"@type":"ListItem","position":3,"name":"DIVERSIDAD: CONTENCI\u00d3N Y REFLEXI\u00d3N LGBTQ+"}]},{"@type":"WebSite","@id":"https:\/\/lallavepsi.net\/#website","url":"https:\/\/lallavepsi.net\/","name":"","description":"","potentialAction":[{"@type":"SearchAction","target":{"@type":"EntryPoint","urlTemplate":"https:\/\/lallavepsi.net\/?s={search_term_string}"},"query-input":{"@type":"PropertyValueSpecification","valueRequired":true,"valueName":"search_term_string"}}],"inLanguage":"es-AR"}]}},"_hostinger_reach_plugin_has_subscription_block":false,"_hostinger_reach_plugin_is_elementor":false,"_links":{"self":[{"href":"https:\/\/lallavepsi.net\/index.php\/wp-json\/wp\/v2\/pages\/2113","targetHints":{"allow":["GET"]}}],"collection":[{"href":"https:\/\/lallavepsi.net\/index.php\/wp-json\/wp\/v2\/pages"}],"about":[{"href":"https:\/\/lallavepsi.net\/index.php\/wp-json\/wp\/v2\/types\/page"}],"author":[{"embeddable":true,"href":"https:\/\/lallavepsi.net\/index.php\/wp-json\/wp\/v2\/users\/1"}],"replies":[{"embeddable":true,"href":"https:\/\/lallavepsi.net\/index.php\/wp-json\/wp\/v2\/comments?post=2113"}],"version-history":[{"count":6,"href":"https:\/\/lallavepsi.net\/index.php\/wp-json\/wp\/v2\/pages\/2113\/revisions"}],"predecessor-version":[{"id":2364,"href":"https:\/\/lallavepsi.net\/index.php\/wp-json\/wp\/v2\/pages\/2113\/revisions\/2364"}],"up":[{"embeddable":true,"href":"https:\/\/lallavepsi.net\/index.php\/wp-json\/wp\/v2\/pages\/2084"}],"wp:attachment":[{"href":"https:\/\/lallavepsi.net\/index.php\/wp-json\/wp\/v2\/media?parent=2113"}],"curies":[{"name":"wp","href":"https:\/\/api.w.org\/{rel}","templated":true}]}}