{"id":2123,"date":"2023-07-20T01:05:11","date_gmt":"2023-07-20T01:05:11","guid":{"rendered":"https:\/\/lallavepsi.net\/?page_id=2123"},"modified":"2025-01-30T19:51:16","modified_gmt":"2025-01-30T19:51:16","slug":"meditacion","status":"publish","type":"page","link":"https:\/\/lallavepsi.net\/index.php\/formaciones-online\/meditacion\/","title":{"rendered":"MEDITACI\u00d3N I Y II"},"content":{"rendered":"<p><strong>MEDITACI\u00d3N I: TEOR\u00cdA Y PR\u00c1CTICA PARA AFRONTAR LA VIDA COTIDIANA (ESPECIALMENTE RECOMENDADO PARA ESTR\u00c9S, ANSIEDAD Y DEPRESI\u00d3N)<\/strong><\/p>\n<p>Dirigido como complemento a profesionales de la salud mental o p\u00fablico en general.<\/p>\n<p>Objetivo: acercar la pr\u00e1ctica de la atenci\u00f3n plena y otras formas de meditaci\u00f3n, aquietamiento y visualizaci\u00f3n como un recurso cotidiano preventivo y paliativo frente al estr\u00e9s, ansiedad y depresi\u00f3n. Aprend\u00e9 a vivir en un estado de plenitud consciente.<\/p>\n<p>Duraci\u00f3n: 12 clases o 3 meses.<\/p>\n<p>Modalidad: una clase semanal grupal online sincr\u00f3nica de dos horas te\u00f3rico-pr\u00e1ctica. Modalidad asincr\u00f3nica con env\u00edo de material te\u00f3rico-pr\u00e1ctico con feedback de dudas y consultas a trav\u00e9s de plataforma Skype. Quedan grabadas durante un mes.<\/p>\n<p>Inversi\u00f3n: Argentina $ 58000 mensuales. Descuento 10% abonando el curso completo.<\/p>\n<p>Promoci\u00f3n residentes Sudam\u00e9rica 40 % de descuento: usd\/\u20ac 48. Resto del mundo: usd\/\u20ac 80. Descuento adicional 10% abonando el curso completo.<\/p>\n<p>Bibliograf\u00eda: material digitalizado.<\/p>\n<p>Se entrega certificaci\u00f3n cumplida el 80% de asistencia.<\/p>\n<p>&nbsp;<\/p>\n<p>Programa:<\/p>\n<p>PRIMERA PARTE: ENTENDIENDO LA FILOSOF\u00cdA DE LA MEDITACI\u00d3N. DISTINTAS FORMAS.<\/p>\n<p>1\u00b0 clase: \u00bfQu\u00e9 es meditar? \u00bfPara qu\u00e9 sirve? Las diferentes modalidades. Or\u00edgenes y visi\u00f3n occidental y oriental. La meditaci\u00f3n como pr\u00e1ctica espiritual: an\u00e1lisis desde distintas religiones. Imaginaci\u00f3n, visualizaci\u00f3n y creatividad. Ejercicios.<\/p>\n<p>2\u00b0 clase: Aquietamiento y enso\u00f1aci\u00f3n. Hipnosis y alquimia mental. Finalidades y diferencias. Papel de las emociones. Concepto de transmutaci\u00f3n desde la filosof\u00eda herm\u00e9tica. Ejercicios.<\/p>\n<p>3\u00b0 clase: Meditaci\u00f3n propiamente dicha. El sentido del mantra. Los 8 tipos de meditaci\u00f3n. El prop\u00f3sito del rito y la invocaci\u00f3n desde el hermetismo. Meditaci\u00f3n activa. Pr\u00e1cticas.<\/p>\n<p>&nbsp;<\/p>\n<p>SEGUNDA PARTE: MINDFULNESS<\/p>\n<p>4\u00b0 clase: Introducci\u00f3n a la obra de Kabat Zinn. Or\u00edgenes y fundamentos de la pr\u00e1ctica. Relaci\u00f3n con la psicolog\u00eda cognitiva y la 3\u00b0 ola. Ansiedad, depresi\u00f3n y estr\u00e9s: relaciones, similitudes y diferencias. \u00bfPor qu\u00e9 el mindfulness sirve como paliativo de estos males actuales? Lectura y comprensi\u00f3n: \u201cLa meditaci\u00f3n no es lo que creemos\u201d y \u201cs\u00f3lo tenemos momentos para vivir\u201d. Pr\u00e1ctica introductoria.<\/p>\n<p>5\u00b0 clase: Fundamentos de la pr\u00e1ctica: actitud y compromiso. Lectura y comprensi\u00f3n: conciencia y libertad. Atenci\u00f3n plena, \u00bfqu\u00e9 es? Diferencias con la atenci\u00f3n com\u00fan. Atenci\u00f3n plena y karma. Puesta en com\u00fan de ideas y debate. Ejercicios.<\/p>\n<p>6\u00b0 clase: El poder de la respiraci\u00f3n. Lectura y comprensi\u00f3n: \u201cla meditaci\u00f3n est\u00e1 en todas partes\u201d. Atenci\u00f3n plena y salud. Ejercicios.<\/p>\n<p>7\u00b0 clase: Alimentar el \u00e1mbito del ser. Introducci\u00f3n a estr\u00e9s. Definiciones. Cadena del estr\u00e9s. Estr\u00e9s. Integraci\u00f3n desde la psicopatolog\u00eda y psicofisiolog\u00eda.<\/p>\n<p>8\u00b0 clase: Trastornos del \u00e1nimo: ansiedad y depresi\u00f3n, similitudes y diferencias. T\u00e9cnica de la exploraci\u00f3n corporal. Ejercicios.<\/p>\n<p>9\u00b0 clase: El yoga es la meditaci\u00f3n. Lectura y comprensi\u00f3n: Integraci\u00f3n y desvinculaci\u00f3n. Ejercicios y cierre.<\/p>\n<p>&nbsp;<\/p>\n<p>TERCERA PARTE: REGRESIONES<\/p>\n<p>10\u00b0 clase: \u00bfQu\u00e9 es una regresi\u00f3n? \u00bfPara qu\u00e9 puede servir? \u00bfSe puede hacer a cualquiera? El sentido de las regresiones y su aplicaci\u00f3n psicol\u00f3gica para los traumas. Concepto psicol\u00f3gico de trauma. La visi\u00f3n transpersonal. Cierre.<\/p>\n<p>11\u00b0 y 12\u00b0 clase: Dudas y pr\u00e1cticas.<\/p>\n<p>&nbsp;<\/p>\n<p>Bibliograf\u00eda de apoyo (recomendada para seguir y entender los conceptos)<\/p>\n<p>Kabat Zinn, J. Mindfulness y atenci\u00f3n plena.<\/p>\n<p>Tres iniciados, El Kybalion.<\/p>\n<p>&nbsp;<\/p>\n<p><strong>MEDITACI\u00d3N II: TEOR\u00cdA SINT\u00c9RGICA DE JACOBO GRINBERG (INTEGRACI\u00d3N DE DIFERENTES MODELOS Y T\u00c9CNICAS)<\/strong><\/p>\n<p>&nbsp;<\/p>\n<p>Dirigido como complemento a profesionales de la salud mental o p\u00fablico en general. Es necesario de no tener ninguna experiencia en meditaci\u00f3n haber cursado la parte I, curso correlativo.<\/p>\n<p>Objetivo: alcanzar y sostener una consciencia meditativa permanente. Meditaci\u00f3n profunda, avanzada o experta que lleva al cambio de consciencia, al despertar del ser.<\/p>\n<p>Duraci\u00f3n: 12 clases o 3 meses.<\/p>\n<p>Modalidad: una clase semanal grupal online sincr\u00f3nica de dos horas te\u00f3rico-pr\u00e1ctica. Modalidad asincr\u00f3nica con env\u00edo de material te\u00f3rico-pr\u00e1ctico con feedback de dudas y consultas a trav\u00e9s de plataforma Skype.<\/p>\n<p>Inversi\u00f3n: Argentina $ 58000 mensuales. Descuento 10% abonando el curso completo.<\/p>\n<p>Promoci\u00f3n residentes Sudam\u00e9rica 40 % de descuento: usd\/\u20ac 48. Resto del mundo: usd\/\u20ac 80. Descuento adicional 10% abonando el curso completo.<\/p>\n<p>Bibliograf\u00eda: material digitalizado.<\/p>\n<p>&nbsp;<\/p>\n<p><strong>Parte Te\u00f3rica:<\/strong><\/p>\n<p>Clase 1: Introducci\u00f3n. Fundamentos. Lo cu\u00e1ntico. Estructura del espacio. La Lattice. Caracter\u00edsticas.<\/p>\n<p>Clase 2: Bandas sint\u00e9rgicas. Decodificaci\u00f3n neuroalgor\u00edstmica. Similitudes entre la lattice y el cerebro. Campo neuronal.<\/p>\n<p>Clase 3: El observador. Orbitales de consciencia. Diferentes modelos.<\/p>\n<p>Clase 4: Factor de direccionalidad. Atractor extra\u00f1o. Punto Omega. Potencial transferido. Verdad y tiempo.<\/p>\n<p>Clase 5: Niveles de algoritmizaci\u00f3n. Experiencia autoalusiva. Mente compartida. Repaso.<\/p>\n<p>&nbsp;<\/p>\n<p><strong>Parte pr\u00e1ctica:<\/strong><\/p>\n<p>Clase 6: Anapana: fortalecimiento de la atenci\u00f3n.<\/p>\n<p>Clase 7: Vipassana: observaci\u00f3n del cuerpo.<\/p>\n<p>Clase 8: Observaci\u00f3n de la mente. Observaci\u00f3n de pensamientos espeont\u00e1neos.<\/p>\n<p>Clase 9: Observaci\u00f3n de emociones.<\/p>\n<p>Clase 10: Observaci\u00f3n de im\u00e1genes.\u00a0 Observaci\u00f3n de patrones.<\/p>\n<p>Clase 11: Meditaci\u00f3n autoalusiva.<\/p>\n<p>Clase 12: Meditaci\u00f3n autoalusiva permanente.<\/p>\n<p>&nbsp;<\/p>\n","protected":false},"excerpt":{"rendered":"<p>MEDITACI\u00d3N I: TEOR\u00cdA Y PR\u00c1CTICA PARA AFRONTAR LA VIDA COTIDIANA (ESPECIALMENTE RECOMENDADO PARA ESTR\u00c9S, ANSIEDAD Y DEPRESI\u00d3N) Dirigido como complemento a profesionales de la salud mental o p\u00fablico en general. Objetivo: acercar la pr\u00e1ctica de la atenci\u00f3n plena y otras formas de meditaci\u00f3n, aquietamiento y visualizaci\u00f3n como un recurso cotidiano preventivo y paliativo frente al [&hellip;]<\/p>\n","protected":false},"author":1,"featured_media":0,"parent":49,"menu_order":0,"comment_status":"closed","ping_status":"closed","template":"","meta":{"_monsterinsights_skip_tracking":false,"_monsterinsights_sitenote_active":false,"_monsterinsights_sitenote_note":"","_monsterinsights_sitenote_category":0,"_uf_show_specific_survey":0,"_uf_disable_surveys":false,"site-sidebar-layout":"default","site-content-layout":"default","ast-site-content-layout":"default","site-content-style":"default","site-sidebar-style":"default","ast-global-header-display":"","ast-banner-title-visibility":"","ast-main-header-display":"","ast-hfb-above-header-display":"","ast-hfb-below-header-display":"","ast-hfb-mobile-header-display":"","site-post-title":"","ast-breadcrumbs-content":"","ast-featured-img":"","footer-sml-layout":"","ast-disable-related-posts":"","theme-transparent-header-meta":"default","adv-header-id-meta":"","stick-header-meta":"","header-above-stick-meta":"","header-main-stick-meta":"","header-below-stick-meta":"","astra-migrate-meta-layouts":"set","ast-page-background-enabled":"default","ast-page-background-meta":{"desktop":{"background-color":"var(--ast-global-color-4)","background-image":"","background-repeat":"repeat","background-position":"center center","background-size":"auto","background-attachment":"scroll","background-type":"","background-media":"","overlay-type":"","overlay-color":"","overlay-opacity":"","overlay-gradient":""},"tablet":{"background-color":"","background-image":"","background-repeat":"repeat","background-position":"center center","background-size":"auto","background-attachment":"scroll","background-type":"","background-media":"","overlay-type":"","overlay-color":"","overlay-opacity":"","overlay-gradient":""},"mobile":{"background-color":"","background-image":"","background-repeat":"repeat","background-position":"center center","background-size":"auto","background-attachment":"scroll","background-type":"","background-media":"","overlay-type":"","overlay-color":"","overlay-opacity":"","overlay-gradient":""}},"ast-content-background-meta":{"desktop":{"background-color":"var(--ast-global-color-5)","background-image":"","background-repeat":"repeat","background-position":"center center","background-size":"auto","background-attachment":"scroll","background-type":"","background-media":"","overlay-type":"","overlay-color":"","overlay-opacity":"","overlay-gradient":""},"tablet":{"background-color":"var(--ast-global-color-5)","background-image":"","background-repeat":"repeat","background-position":"center center","background-size":"auto","background-attachment":"scroll","background-type":"","background-media":"","overlay-type":"","overlay-color":"","overlay-opacity":"","overlay-gradient":""},"mobile":{"background-color":"var(--ast-global-color-5)","background-image":"","background-repeat":"repeat","background-position":"center center","background-size":"auto","background-attachment":"scroll","background-type":"","background-media":"","overlay-type":"","overlay-color":"","overlay-opacity":"","overlay-gradient":""}},"footnotes":""},"class_list":["post-2123","page","type-page","status-publish","hentry"],"yoast_head":"<!-- This site is optimized with the Yoast SEO plugin v27.0 - https:\/\/yoast.com\/product\/yoast-seo-wordpress\/ -->\n<title>MEDITACI\u00d3N I Y II -<\/title>\n<meta name=\"robots\" content=\"index, follow, max-snippet:-1, max-image-preview:large, max-video-preview:-1\" \/>\n<link rel=\"canonical\" href=\"https:\/\/lallavepsi.net\/index.php\/formaciones-online\/meditacion\/\" \/>\n<meta property=\"og:locale\" content=\"es_ES\" \/>\n<meta property=\"og:type\" content=\"article\" \/>\n<meta property=\"og:title\" content=\"MEDITACI\u00d3N I Y II -\" \/>\n<meta property=\"og:description\" content=\"MEDITACI\u00d3N I: TEOR\u00cdA Y PR\u00c1CTICA PARA AFRONTAR LA VIDA COTIDIANA (ESPECIALMENTE RECOMENDADO PARA ESTR\u00c9S, ANSIEDAD Y DEPRESI\u00d3N) Dirigido como complemento a profesionales de la salud mental o p\u00fablico en general. Objetivo: acercar la pr\u00e1ctica de la atenci\u00f3n plena y otras formas de meditaci\u00f3n, aquietamiento y visualizaci\u00f3n como un recurso cotidiano preventivo y paliativo frente al [&hellip;]\" \/>\n<meta property=\"og:url\" content=\"https:\/\/lallavepsi.net\/index.php\/formaciones-online\/meditacion\/\" \/>\n<meta property=\"article:modified_time\" content=\"2025-01-30T19:51:16+00:00\" \/>\n<meta name=\"twitter:card\" content=\"summary_large_image\" \/>\n<meta name=\"twitter:label1\" content=\"Tiempo de lectura\" \/>\n\t<meta name=\"twitter:data1\" content=\"4 minutos\" \/>\n<script type=\"application\/ld+json\" class=\"yoast-schema-graph\">{\"@context\":\"https:\/\/schema.org\",\"@graph\":[{\"@type\":\"WebPage\",\"@id\":\"https:\/\/lallavepsi.net\/index.php\/formaciones-online\/meditacion\/\",\"url\":\"https:\/\/lallavepsi.net\/index.php\/formaciones-online\/meditacion\/\",\"name\":\"MEDITACI\u00d3N I Y II -\",\"isPartOf\":{\"@id\":\"https:\/\/lallavepsi.net\/#website\"},\"datePublished\":\"2023-07-20T01:05:11+00:00\",\"dateModified\":\"2025-01-30T19:51:16+00:00\",\"breadcrumb\":{\"@id\":\"https:\/\/lallavepsi.net\/index.php\/formaciones-online\/meditacion\/#breadcrumb\"},\"inLanguage\":\"es-AR\",\"potentialAction\":[{\"@type\":\"ReadAction\",\"target\":[\"https:\/\/lallavepsi.net\/index.php\/formaciones-online\/meditacion\/\"]}]},{\"@type\":\"BreadcrumbList\",\"@id\":\"https:\/\/lallavepsi.net\/index.php\/formaciones-online\/meditacion\/#breadcrumb\",\"itemListElement\":[{\"@type\":\"ListItem\",\"position\":1,\"name\":\"Inicio\",\"item\":\"https:\/\/lallavepsi.net\/\"},{\"@type\":\"ListItem\",\"position\":2,\"name\":\"FORMACIONES Y ESPECIALIZACIONES ONLINE\",\"item\":\"https:\/\/lallavepsi.net\/index.php\/formaciones-online\/\"},{\"@type\":\"ListItem\",\"position\":3,\"name\":\"MEDITACI\u00d3N I Y II\"}]},{\"@type\":\"WebSite\",\"@id\":\"https:\/\/lallavepsi.net\/#website\",\"url\":\"https:\/\/lallavepsi.net\/\",\"name\":\"\",\"description\":\"\",\"potentialAction\":[{\"@type\":\"SearchAction\",\"target\":{\"@type\":\"EntryPoint\",\"urlTemplate\":\"https:\/\/lallavepsi.net\/?s={search_term_string}\"},\"query-input\":{\"@type\":\"PropertyValueSpecification\",\"valueRequired\":true,\"valueName\":\"search_term_string\"}}],\"inLanguage\":\"es-AR\"}]}<\/script>\n<!-- \/ Yoast SEO plugin. -->","yoast_head_json":{"title":"MEDITACI\u00d3N I Y II -","robots":{"index":"index","follow":"follow","max-snippet":"max-snippet:-1","max-image-preview":"max-image-preview:large","max-video-preview":"max-video-preview:-1"},"canonical":"https:\/\/lallavepsi.net\/index.php\/formaciones-online\/meditacion\/","og_locale":"es_ES","og_type":"article","og_title":"MEDITACI\u00d3N I Y II -","og_description":"MEDITACI\u00d3N I: TEOR\u00cdA Y PR\u00c1CTICA PARA AFRONTAR LA VIDA COTIDIANA (ESPECIALMENTE RECOMENDADO PARA ESTR\u00c9S, ANSIEDAD Y DEPRESI\u00d3N) Dirigido como complemento a profesionales de la salud mental o p\u00fablico en general. Objetivo: acercar la pr\u00e1ctica de la atenci\u00f3n plena y otras formas de meditaci\u00f3n, aquietamiento y visualizaci\u00f3n como un recurso cotidiano preventivo y paliativo frente al [&hellip;]","og_url":"https:\/\/lallavepsi.net\/index.php\/formaciones-online\/meditacion\/","article_modified_time":"2025-01-30T19:51:16+00:00","twitter_card":"summary_large_image","twitter_misc":{"Tiempo de lectura":"4 minutos"},"schema":{"@context":"https:\/\/schema.org","@graph":[{"@type":"WebPage","@id":"https:\/\/lallavepsi.net\/index.php\/formaciones-online\/meditacion\/","url":"https:\/\/lallavepsi.net\/index.php\/formaciones-online\/meditacion\/","name":"MEDITACI\u00d3N I Y II -","isPartOf":{"@id":"https:\/\/lallavepsi.net\/#website"},"datePublished":"2023-07-20T01:05:11+00:00","dateModified":"2025-01-30T19:51:16+00:00","breadcrumb":{"@id":"https:\/\/lallavepsi.net\/index.php\/formaciones-online\/meditacion\/#breadcrumb"},"inLanguage":"es-AR","potentialAction":[{"@type":"ReadAction","target":["https:\/\/lallavepsi.net\/index.php\/formaciones-online\/meditacion\/"]}]},{"@type":"BreadcrumbList","@id":"https:\/\/lallavepsi.net\/index.php\/formaciones-online\/meditacion\/#breadcrumb","itemListElement":[{"@type":"ListItem","position":1,"name":"Inicio","item":"https:\/\/lallavepsi.net\/"},{"@type":"ListItem","position":2,"name":"FORMACIONES Y ESPECIALIZACIONES ONLINE","item":"https:\/\/lallavepsi.net\/index.php\/formaciones-online\/"},{"@type":"ListItem","position":3,"name":"MEDITACI\u00d3N I Y II"}]},{"@type":"WebSite","@id":"https:\/\/lallavepsi.net\/#website","url":"https:\/\/lallavepsi.net\/","name":"","description":"","potentialAction":[{"@type":"SearchAction","target":{"@type":"EntryPoint","urlTemplate":"https:\/\/lallavepsi.net\/?s={search_term_string}"},"query-input":{"@type":"PropertyValueSpecification","valueRequired":true,"valueName":"search_term_string"}}],"inLanguage":"es-AR"}]}},"_hostinger_reach_plugin_has_subscription_block":false,"_hostinger_reach_plugin_is_elementor":false,"_links":{"self":[{"href":"https:\/\/lallavepsi.net\/index.php\/wp-json\/wp\/v2\/pages\/2123","targetHints":{"allow":["GET"]}}],"collection":[{"href":"https:\/\/lallavepsi.net\/index.php\/wp-json\/wp\/v2\/pages"}],"about":[{"href":"https:\/\/lallavepsi.net\/index.php\/wp-json\/wp\/v2\/types\/page"}],"author":[{"embeddable":true,"href":"https:\/\/lallavepsi.net\/index.php\/wp-json\/wp\/v2\/users\/1"}],"replies":[{"embeddable":true,"href":"https:\/\/lallavepsi.net\/index.php\/wp-json\/wp\/v2\/comments?post=2123"}],"version-history":[{"count":11,"href":"https:\/\/lallavepsi.net\/index.php\/wp-json\/wp\/v2\/pages\/2123\/revisions"}],"predecessor-version":[{"id":2423,"href":"https:\/\/lallavepsi.net\/index.php\/wp-json\/wp\/v2\/pages\/2123\/revisions\/2423"}],"up":[{"embeddable":true,"href":"https:\/\/lallavepsi.net\/index.php\/wp-json\/wp\/v2\/pages\/49"}],"wp:attachment":[{"href":"https:\/\/lallavepsi.net\/index.php\/wp-json\/wp\/v2\/media?parent=2123"}],"curies":[{"name":"wp","href":"https:\/\/api.w.org\/{rel}","templated":true}]}}