{"id":213,"date":"2022-12-21T19:50:28","date_gmt":"2022-12-21T19:50:28","guid":{"rendered":"https:\/\/lallavepsi.net\/?page_id=213"},"modified":"2025-01-30T19:47:03","modified_gmt":"2025-01-30T19:47:03","slug":"conflictos-de-pareja","status":"publish","type":"page","link":"https:\/\/lallavepsi.net\/index.php\/formaciones-online\/conflictos-de-pareja\/","title":{"rendered":"CONFLICTOS DE PAREJA"},"content":{"rendered":"<p><strong>FORMACI\u00d3N FACILITADOR EN RESOLUCI\u00d3N DE CONFLICTOS DE PAREJA<\/strong><\/p>\n<p>\u201cSi amas, sufres. Si no amas, enfermas\u201d, Sigmund Freud<\/p>\n<p>\u201cEn cuestiones del amor no elegimos sino lo inevitable\u201d, Nasio<\/p>\n<p>&nbsp;<\/p>\n<p>Dirigido a p\u00fablico en general (parejas o individual).<\/p>\n<p>Objetivo: aportar recursos y herramientas para aprender a comprender y resolver la complejidad de los v\u00ednculos de pareja desde m\u00faltiples perspectivas, con una mirada cr\u00edtica, abierta y pr\u00e1ctica.<\/p>\n<p>Duraci\u00f3n: 13 semanas o 3 meses + 1 clase.<\/p>\n<p>Inversi\u00f3n: Argentina $ 58000 mensuales. Descuento 10% abonando el curso completo.<\/p>\n<p>Promoci\u00f3n residentes Sudam\u00e9rica 40 % de descuento: usd\/\u20ac 48. Resto del mundo: usd\/\u20ac 80. Descuento adicional 10% abonando el curso completo.<\/p>\n<p>Modalidad: una clase semanal grupal online sincr\u00f3nica de dos horas te\u00f3rico-pr\u00e1ctica. Modalidad asincr\u00f3nica con env\u00edo de material te\u00f3rico-pr\u00e1ctico con feedback de dudas y consultas a trav\u00e9s de plataforma Skype. Quedan grabadas durante un mes.<\/p>\n<p>Bibliograf\u00eda: material digitalizado.<\/p>\n<p>Se entrega certificaci\u00f3n cumplida el 80% de asistencia.<\/p>\n<p>&nbsp;<\/p>\n<p>Programa:<\/p>\n<p>1\u00b0 clase: \u00bfQu\u00e9 es una pareja? \u00bfPara qu\u00e9 sirve? Construcciones sociales. Mandatos. \u00bfQu\u00e9 es el amor? La cuesti\u00f3n del amor desde la filosof\u00eda. Posturas psicol\u00f3gicas desde el psicoan\u00e1lisis freudiano, lacaniano, el humanismo y la logoterapia. Instinto y pulsi\u00f3n. Pulsi\u00f3n de vida y muerte. Lectura y debate de textos.<\/p>\n<p>2\u00b0 clase: Mitolog\u00eda y psicoan\u00e1lisis: los casos de amor m\u00e1s representativos y su interpretaci\u00f3n. La filosof\u00eda y el amor: Sartre: \u00bfSufrir por amor? Recorrido hist\u00f3rico de diferentes fil\u00f3sofos. Amor y dolor. La falta y el deseo: \u00bfdesde qu\u00e9 lugar nos enamoramos? El vac\u00edo de sentido. Debate mediante distintos videos sobre el tema.<\/p>\n<p>3\u00b0 clase: La perspectiva espiritual. \u00bfExisten las almas gemelas? Tipos de pareja. Miedo a la pareja. Karma y karma de pareja. \u00bfHay un destino? La pareja interna y la ley del espejo. \u00bfQu\u00e9 es el matrimonio sagrado?<\/p>\n<p>4\u00b0 clase: Ra\u00edces: la familia y \u201cla familia\u201d. El sistema familiar y tipos de familia. Compulsi\u00f3n a la repetici\u00f3n: \u00bfpor qu\u00e9 repito historias? \u00bfpor qu\u00e9 elijo siempre a mi pap\u00e1 o mi mam\u00e1? Qu\u00e9 nos ense\u00f1a la teor\u00eda sist\u00e9mica sobre las relaciones: c\u00f3mo funciona un sistema, equilibrio, tensi\u00f3n y cambio. Rigidez. Representaci\u00f3n a trav\u00e9s del genograma: su funci\u00f3n y explicaci\u00f3n.<\/p>\n<p>5\u00b0 clase: Jerarqu\u00edas, alianzas, triangulaciones, l\u00edmites, lealtades, pactos, traiciones, rituales, secretos. Patolog\u00eda y salud en el amor. Necesidad y deseo. An\u00e1lisis cr\u00edtico y debate sobre \u201cEl arte de amar\u201d de Fromm. El amor como construcci\u00f3n.<\/p>\n<p>6\u00b0 clase: Constelaciones: las cuatro piedras angulares de la pareja. Amar lo imperfecto. La entrega. \u00d3rdenes del amor.<\/p>\n<p>7\u00b0 clase: Conflictivas de pareja t\u00edpicas. Problemas de forma y fondo. Bases materiales y espirituales. La lucha por el poder. Expondremos los casos m\u00e1s significativos para comprenderlos desde otra perspectiva. T\u00e9cnicas desde la psicolog\u00eda sist\u00e9mica.<\/p>\n<p>8\u00b0 clase: Elecciones no binarias. Pensamiento simple y complejo. Paradigma de la complejidad de Edgar Morin. Mirada desde un paradigma hologram\u00e1tico. El rizoma de Derrida y su relaci\u00f3n con el devenir filos\u00f3fico. La teor\u00eda del apego desde la psicolog\u00eda, el desapego y la filosof\u00eda oriental. Problemas habituales en las elecciones no binarias y c\u00f3mo afrontarlas.<\/p>\n<p>9\u00b0 clase: La comunicaci\u00f3n en la pareja. Axiomas y errores en la comunicaci\u00f3n. Casos m\u00e1s comunes. Herramientas cognitivo-conductuales y sist\u00e9micas.<\/p>\n<p>10\u00b0 clase: El dinero en la pareja. C\u00f3mo lograr una administraci\u00f3n sana. Relaci\u00f3n entre dinero, sexo y poder. Perspectiva psicoanal\u00edtica: l\u00f3gica del corte y premisa del falo. Equivalencias simb\u00f3licas inconscientes. Poder real y poder ilusorio. \u201c\u00bfMe separ\u00e9 por la plata?\u201d<\/p>\n<p>11\u00b0 clase: Los constructos masculino y femenino. Mandatos asociados y lucha de roles. \u00bfQu\u00e9 es ser un hombre? \u00bfQu\u00e9 es ser una mujer? La sombra y la trascendencia de los opuestos. Multiplicidad vs. Simplicidad.<\/p>\n<p>12\u00b0 clase: Perspectiva de g\u00e9nero. Problem\u00e1ticas espec\u00edficas LGBTQ+ y c\u00f3mo afrontarlas.<\/p>\n<p>13\u00b0 clase: Nuevas modalidades de amor y de pareja. Relaci\u00f3n con modernidad l\u00edquida. La influencia del otro social. Video debate: \u00bfqu\u00e9 hacemos con lo que hicieron de nosotros? \u00bfQu\u00e9 tan libres somos? \u00bfExiste el amor incondicional? El amor y la muerte. Pensar la muerte. Heidegger y el ser para la muerte. \u00bfPodemos morir por amor? \u00bfPuede el amor trascender la muerte? Cierre.<\/p>\n<p>&nbsp;<\/p>\n<p>Bibliograf\u00eda recomendada para seguir el curso:<\/p>\n<p>Bauman, Z. Modernidad l\u00edquida. Fromm, E. El arte de amar.<\/p>\n<p>Aportes freudianos y lacanianos (obras varias).<\/p>\n<p>Hellinger, B. \u00d3rdenes del amor. Hellinger, B. Constelaciones familiares.<\/p>\n<p>Compa\u00f1, Feixas, Damaris Mu\u00f1oz, Montesano. El genograma en terapia familiar sist\u00e9mica.<\/p>\n<p>Casas Fern\u00e1ndez, El genograma y la evaluaci\u00f3n familiar.<\/p>\n<p>Morin, E. Introducci\u00f3n al pensamiento complejo.<\/p>\n","protected":false},"excerpt":{"rendered":"<p>FORMACI\u00d3N FACILITADOR EN RESOLUCI\u00d3N DE CONFLICTOS DE PAREJA \u201cSi amas, sufres. Si no amas, enfermas\u201d, Sigmund Freud \u201cEn cuestiones del amor no elegimos sino lo inevitable\u201d, Nasio &nbsp; Dirigido a p\u00fablico en general (parejas o individual). Objetivo: aportar recursos y herramientas para aprender a comprender y resolver la complejidad de los v\u00ednculos de pareja desde [&hellip;]<\/p>\n","protected":false},"author":1,"featured_media":0,"parent":49,"menu_order":0,"comment_status":"closed","ping_status":"closed","template":"","meta":{"_monsterinsights_skip_tracking":false,"_monsterinsights_sitenote_active":false,"_monsterinsights_sitenote_note":"","_monsterinsights_sitenote_category":0,"_uf_show_specific_survey":0,"_uf_disable_surveys":false,"site-sidebar-layout":"default","site-content-layout":"default","ast-site-content-layout":"default","site-content-style":"default","site-sidebar-style":"default","ast-global-header-display":"","ast-banner-title-visibility":"","ast-main-header-display":"","ast-hfb-above-header-display":"","ast-hfb-below-header-display":"","ast-hfb-mobile-header-display":"","site-post-title":"","ast-breadcrumbs-content":"","ast-featured-img":"","footer-sml-layout":"","ast-disable-related-posts":"","theme-transparent-header-meta":"default","adv-header-id-meta":"","stick-header-meta":"","header-above-stick-meta":"","header-main-stick-meta":"","header-below-stick-meta":"","astra-migrate-meta-layouts":"set","ast-page-background-enabled":"default","ast-page-background-meta":{"desktop":{"background-color":"var(--ast-global-color-4)","background-image":"","background-repeat":"repeat","background-position":"center center","background-size":"auto","background-attachment":"scroll","background-type":"","background-media":"","overlay-type":"","overlay-color":"","overlay-opacity":"","overlay-gradient":""},"tablet":{"background-color":"","background-image":"","background-repeat":"repeat","background-position":"center center","background-size":"auto","background-attachment":"scroll","background-type":"","background-media":"","overlay-type":"","overlay-color":"","overlay-opacity":"","overlay-gradient":""},"mobile":{"background-color":"","background-image":"","background-repeat":"repeat","background-position":"center center","background-size":"auto","background-attachment":"scroll","background-type":"","background-media":"","overlay-type":"","overlay-color":"","overlay-opacity":"","overlay-gradient":""}},"ast-content-background-meta":{"desktop":{"background-color":"var(--ast-global-color-5)","background-image":"","background-repeat":"repeat","background-position":"center center","background-size":"auto","background-attachment":"scroll","background-type":"","background-media":"","overlay-type":"","overlay-color":"","overlay-opacity":"","overlay-gradient":""},"tablet":{"background-color":"var(--ast-global-color-5)","background-image":"","background-repeat":"repeat","background-position":"center center","background-size":"auto","background-attachment":"scroll","background-type":"","background-media":"","overlay-type":"","overlay-color":"","overlay-opacity":"","overlay-gradient":""},"mobile":{"background-color":"var(--ast-global-color-5)","background-image":"","background-repeat":"repeat","background-position":"center center","background-size":"auto","background-attachment":"scroll","background-type":"","background-media":"","overlay-type":"","overlay-color":"","overlay-opacity":"","overlay-gradient":""}},"footnotes":""},"class_list":["post-213","page","type-page","status-publish","hentry"],"yoast_head":"<!-- This site is optimized with the Yoast SEO plugin v27.0 - https:\/\/yoast.com\/product\/yoast-seo-wordpress\/ -->\n<title>CONFLICTOS DE PAREJA -<\/title>\n<meta name=\"robots\" content=\"index, follow, max-snippet:-1, max-image-preview:large, max-video-preview:-1\" \/>\n<link rel=\"canonical\" href=\"https:\/\/lallavepsi.net\/index.php\/formaciones-online\/conflictos-de-pareja\/\" \/>\n<meta property=\"og:locale\" content=\"es_ES\" \/>\n<meta property=\"og:type\" content=\"article\" \/>\n<meta property=\"og:title\" content=\"CONFLICTOS DE PAREJA -\" \/>\n<meta property=\"og:description\" content=\"FORMACI\u00d3N FACILITADOR EN RESOLUCI\u00d3N DE CONFLICTOS DE PAREJA \u201cSi amas, sufres. Si no amas, enfermas\u201d, Sigmund Freud \u201cEn cuestiones del amor no elegimos sino lo inevitable\u201d, Nasio &nbsp; Dirigido a p\u00fablico en general (parejas o individual). Objetivo: aportar recursos y herramientas para aprender a comprender y resolver la complejidad de los v\u00ednculos de pareja desde [&hellip;]\" \/>\n<meta property=\"og:url\" content=\"https:\/\/lallavepsi.net\/index.php\/formaciones-online\/conflictos-de-pareja\/\" \/>\n<meta property=\"article:modified_time\" content=\"2025-01-30T19:47:03+00:00\" \/>\n<meta name=\"twitter:card\" content=\"summary_large_image\" \/>\n<meta name=\"twitter:label1\" content=\"Tiempo de lectura\" \/>\n\t<meta name=\"twitter:data1\" content=\"4 minutos\" \/>\n<script type=\"application\/ld+json\" class=\"yoast-schema-graph\">{\"@context\":\"https:\/\/schema.org\",\"@graph\":[{\"@type\":\"WebPage\",\"@id\":\"https:\/\/lallavepsi.net\/index.php\/formaciones-online\/conflictos-de-pareja\/\",\"url\":\"https:\/\/lallavepsi.net\/index.php\/formaciones-online\/conflictos-de-pareja\/\",\"name\":\"CONFLICTOS DE PAREJA -\",\"isPartOf\":{\"@id\":\"https:\/\/lallavepsi.net\/#website\"},\"datePublished\":\"2022-12-21T19:50:28+00:00\",\"dateModified\":\"2025-01-30T19:47:03+00:00\",\"breadcrumb\":{\"@id\":\"https:\/\/lallavepsi.net\/index.php\/formaciones-online\/conflictos-de-pareja\/#breadcrumb\"},\"inLanguage\":\"es-AR\",\"potentialAction\":[{\"@type\":\"ReadAction\",\"target\":[\"https:\/\/lallavepsi.net\/index.php\/formaciones-online\/conflictos-de-pareja\/\"]}]},{\"@type\":\"BreadcrumbList\",\"@id\":\"https:\/\/lallavepsi.net\/index.php\/formaciones-online\/conflictos-de-pareja\/#breadcrumb\",\"itemListElement\":[{\"@type\":\"ListItem\",\"position\":1,\"name\":\"Inicio\",\"item\":\"https:\/\/lallavepsi.net\/\"},{\"@type\":\"ListItem\",\"position\":2,\"name\":\"FORMACIONES Y ESPECIALIZACIONES ONLINE\",\"item\":\"https:\/\/lallavepsi.net\/index.php\/formaciones-online\/\"},{\"@type\":\"ListItem\",\"position\":3,\"name\":\"CONFLICTOS DE PAREJA\"}]},{\"@type\":\"WebSite\",\"@id\":\"https:\/\/lallavepsi.net\/#website\",\"url\":\"https:\/\/lallavepsi.net\/\",\"name\":\"\",\"description\":\"\",\"potentialAction\":[{\"@type\":\"SearchAction\",\"target\":{\"@type\":\"EntryPoint\",\"urlTemplate\":\"https:\/\/lallavepsi.net\/?s={search_term_string}\"},\"query-input\":{\"@type\":\"PropertyValueSpecification\",\"valueRequired\":true,\"valueName\":\"search_term_string\"}}],\"inLanguage\":\"es-AR\"}]}<\/script>\n<!-- \/ Yoast SEO plugin. -->","yoast_head_json":{"title":"CONFLICTOS DE PAREJA -","robots":{"index":"index","follow":"follow","max-snippet":"max-snippet:-1","max-image-preview":"max-image-preview:large","max-video-preview":"max-video-preview:-1"},"canonical":"https:\/\/lallavepsi.net\/index.php\/formaciones-online\/conflictos-de-pareja\/","og_locale":"es_ES","og_type":"article","og_title":"CONFLICTOS DE PAREJA -","og_description":"FORMACI\u00d3N FACILITADOR EN RESOLUCI\u00d3N DE CONFLICTOS DE PAREJA \u201cSi amas, sufres. Si no amas, enfermas\u201d, Sigmund Freud \u201cEn cuestiones del amor no elegimos sino lo inevitable\u201d, Nasio &nbsp; Dirigido a p\u00fablico en general (parejas o individual). Objetivo: aportar recursos y herramientas para aprender a comprender y resolver la complejidad de los v\u00ednculos de pareja desde [&hellip;]","og_url":"https:\/\/lallavepsi.net\/index.php\/formaciones-online\/conflictos-de-pareja\/","article_modified_time":"2025-01-30T19:47:03+00:00","twitter_card":"summary_large_image","twitter_misc":{"Tiempo de lectura":"4 minutos"},"schema":{"@context":"https:\/\/schema.org","@graph":[{"@type":"WebPage","@id":"https:\/\/lallavepsi.net\/index.php\/formaciones-online\/conflictos-de-pareja\/","url":"https:\/\/lallavepsi.net\/index.php\/formaciones-online\/conflictos-de-pareja\/","name":"CONFLICTOS DE PAREJA -","isPartOf":{"@id":"https:\/\/lallavepsi.net\/#website"},"datePublished":"2022-12-21T19:50:28+00:00","dateModified":"2025-01-30T19:47:03+00:00","breadcrumb":{"@id":"https:\/\/lallavepsi.net\/index.php\/formaciones-online\/conflictos-de-pareja\/#breadcrumb"},"inLanguage":"es-AR","potentialAction":[{"@type":"ReadAction","target":["https:\/\/lallavepsi.net\/index.php\/formaciones-online\/conflictos-de-pareja\/"]}]},{"@type":"BreadcrumbList","@id":"https:\/\/lallavepsi.net\/index.php\/formaciones-online\/conflictos-de-pareja\/#breadcrumb","itemListElement":[{"@type":"ListItem","position":1,"name":"Inicio","item":"https:\/\/lallavepsi.net\/"},{"@type":"ListItem","position":2,"name":"FORMACIONES Y ESPECIALIZACIONES ONLINE","item":"https:\/\/lallavepsi.net\/index.php\/formaciones-online\/"},{"@type":"ListItem","position":3,"name":"CONFLICTOS DE PAREJA"}]},{"@type":"WebSite","@id":"https:\/\/lallavepsi.net\/#website","url":"https:\/\/lallavepsi.net\/","name":"","description":"","potentialAction":[{"@type":"SearchAction","target":{"@type":"EntryPoint","urlTemplate":"https:\/\/lallavepsi.net\/?s={search_term_string}"},"query-input":{"@type":"PropertyValueSpecification","valueRequired":true,"valueName":"search_term_string"}}],"inLanguage":"es-AR"}]}},"_hostinger_reach_plugin_has_subscription_block":false,"_hostinger_reach_plugin_is_elementor":false,"_links":{"self":[{"href":"https:\/\/lallavepsi.net\/index.php\/wp-json\/wp\/v2\/pages\/213","targetHints":{"allow":["GET"]}}],"collection":[{"href":"https:\/\/lallavepsi.net\/index.php\/wp-json\/wp\/v2\/pages"}],"about":[{"href":"https:\/\/lallavepsi.net\/index.php\/wp-json\/wp\/v2\/types\/page"}],"author":[{"embeddable":true,"href":"https:\/\/lallavepsi.net\/index.php\/wp-json\/wp\/v2\/users\/1"}],"replies":[{"embeddable":true,"href":"https:\/\/lallavepsi.net\/index.php\/wp-json\/wp\/v2\/comments?post=213"}],"version-history":[{"count":10,"href":"https:\/\/lallavepsi.net\/index.php\/wp-json\/wp\/v2\/pages\/213\/revisions"}],"predecessor-version":[{"id":2411,"href":"https:\/\/lallavepsi.net\/index.php\/wp-json\/wp\/v2\/pages\/213\/revisions\/2411"}],"up":[{"embeddable":true,"href":"https:\/\/lallavepsi.net\/index.php\/wp-json\/wp\/v2\/pages\/49"}],"wp:attachment":[{"href":"https:\/\/lallavepsi.net\/index.php\/wp-json\/wp\/v2\/media?parent=213"}],"curies":[{"name":"wp","href":"https:\/\/api.w.org\/{rel}","templated":true}]}}