{"id":2138,"date":"2023-07-26T14:04:16","date_gmt":"2023-07-26T14:04:16","guid":{"rendered":"https:\/\/lallavepsi.net\/?page_id=2138"},"modified":"2026-01-16T13:36:59","modified_gmt":"2026-01-16T13:36:59","slug":"seminario-trabajo-con-la-atencion","status":"publish","type":"page","link":"https:\/\/lallavepsi.net\/index.php\/jornadas-y-talleres-online\/seminario-trabajo-con-la-atencion\/","title":{"rendered":"ENTRENAMIENTO ATENCIONAL"},"content":{"rendered":"<p>&nbsp;<\/p>\n<p><strong>\u201cAll\u00ed donde est\u00e1 tu atenci\u00f3n en eso te conviertes. All\u00ed donde est\u00e1 tu atenci\u00f3n, all\u00ed est\u00e1s t\u00fa\u201d.<\/strong><\/p>\n<p><strong>Proverbio metaf\u00edsico<\/strong><\/p>\n<p>&nbsp;<\/p>\n<p><strong>Dirigido a p\u00fablico en general.<\/strong><\/p>\n<p><strong>Duraci\u00f3n:<\/strong> 3 hs.<\/p>\n<p><strong>Modalidad:<\/strong> virtual, a trav\u00e9s de plataforma Meet.<\/p>\n<p><strong>Se otorga certificaci\u00f3n.<\/strong><\/p>\n<p>&nbsp;<\/p>\n<p>La atenci\u00f3n es uno de los procesos cognitivos fundamentales que nos permite enfocar de manera activa o pasiva, voluntaria o involuntaria, el inter\u00e9s y la consciencia hacia un est\u00edmulo o acontecimiento (interno o externo).<\/p>\n<p>&nbsp;<\/p>\n<p><strong>En este taller te\u00f3rico-pr\u00e1ctico de tres horas desarrollar\u00e1s habilidades para:<\/strong><\/p>\n<p>-Conocer c\u00f3mo funciona la atenci\u00f3n, cu\u00e1ntos tipos de atenci\u00f3n hay y para qu\u00e9 sirve cada una.<\/p>\n<p>-Potenciar herramientas de organizaci\u00f3n, focalizaci\u00f3n y concentraci\u00f3n a trav\u00e9s de diversos m\u00e9todos incluyendo la meditaci\u00f3n para su aplicaci\u00f3n de todas las \u00e1reas de la vida cotidiana: estudio, trabajo y tareas habituales.<\/p>\n<p>-Entrenar la atenci\u00f3n dirigida, restando entidad a aquellos est\u00edmulos nocivos.<\/p>\n<p>-Enfoque m\u00faltiple, incluyendo lo cognitivo conductual, sist\u00e9mico (relacional), psicol\u00f3gico profundo (inconsciente) y la espiritualidad.<\/p>\n","protected":false},"excerpt":{"rendered":"<p>&nbsp; \u201cAll\u00ed donde est\u00e1 tu atenci\u00f3n en eso te conviertes. All\u00ed donde est\u00e1 tu atenci\u00f3n, all\u00ed est\u00e1s t\u00fa\u201d. Proverbio metaf\u00edsico &nbsp; Dirigido a p\u00fablico en general. Duraci\u00f3n: 3 hs. Modalidad: virtual, a trav\u00e9s de plataforma Meet. Se otorga certificaci\u00f3n. &nbsp; La atenci\u00f3n es uno de los procesos cognitivos fundamentales que nos permite enfocar de manera [&hellip;]<\/p>\n","protected":false},"author":1,"featured_media":0,"parent":265,"menu_order":0,"comment_status":"closed","ping_status":"closed","template":"","meta":{"_monsterinsights_skip_tracking":false,"_monsterinsights_sitenote_active":false,"_monsterinsights_sitenote_note":"","_monsterinsights_sitenote_category":0,"_uf_show_specific_survey":0,"_uf_disable_surveys":false,"site-sidebar-layout":"default","site-content-layout":"default","ast-site-content-layout":"default","site-content-style":"default","site-sidebar-style":"default","ast-global-header-display":"","ast-banner-title-visibility":"","ast-main-header-display":"","ast-hfb-above-header-display":"","ast-hfb-below-header-display":"","ast-hfb-mobile-header-display":"","site-post-title":"","ast-breadcrumbs-content":"","ast-featured-img":"","footer-sml-layout":"","ast-disable-related-posts":"","theme-transparent-header-meta":"default","adv-header-id-meta":"","stick-header-meta":"","header-above-stick-meta":"","header-main-stick-meta":"","header-below-stick-meta":"","astra-migrate-meta-layouts":"set","ast-page-background-enabled":"default","ast-page-background-meta":{"desktop":{"background-color":"var(--ast-global-color-4)","background-image":"","background-repeat":"repeat","background-position":"center center","background-size":"auto","background-attachment":"scroll","background-type":"","background-media":"","overlay-type":"","overlay-color":"","overlay-opacity":"","overlay-gradient":""},"tablet":{"background-color":"","background-image":"","background-repeat":"repeat","background-position":"center center","background-size":"auto","background-attachment":"scroll","background-type":"","background-media":"","overlay-type":"","overlay-color":"","overlay-opacity":"","overlay-gradient":""},"mobile":{"background-color":"","background-image":"","background-repeat":"repeat","background-position":"center center","background-size":"auto","background-attachment":"scroll","background-type":"","background-media":"","overlay-type":"","overlay-color":"","overlay-opacity":"","overlay-gradient":""}},"ast-content-background-meta":{"desktop":{"background-color":"var(--ast-global-color-5)","background-image":"","background-repeat":"repeat","background-position":"center center","background-size":"auto","background-attachment":"scroll","background-type":"","background-media":"","overlay-type":"","overlay-color":"","overlay-opacity":"","overlay-gradient":""},"tablet":{"background-color":"var(--ast-global-color-5)","background-image":"","background-repeat":"repeat","background-position":"center center","background-size":"auto","background-attachment":"scroll","background-type":"","background-media":"","overlay-type":"","overlay-color":"","overlay-opacity":"","overlay-gradient":""},"mobile":{"background-color":"var(--ast-global-color-5)","background-image":"","background-repeat":"repeat","background-position":"center center","background-size":"auto","background-attachment":"scroll","background-type":"","background-media":"","overlay-type":"","overlay-color":"","overlay-opacity":"","overlay-gradient":""}},"footnotes":""},"class_list":["post-2138","page","type-page","status-publish","hentry"],"yoast_head":"<!-- This site is optimized with the Yoast SEO plugin v27.0 - https:\/\/yoast.com\/product\/yoast-seo-wordpress\/ -->\n<title>ENTRENAMIENTO ATENCIONAL -<\/title>\n<meta name=\"robots\" content=\"index, follow, max-snippet:-1, max-image-preview:large, max-video-preview:-1\" \/>\n<link rel=\"canonical\" href=\"https:\/\/lallavepsi.net\/index.php\/jornadas-y-talleres-online\/seminario-trabajo-con-la-atencion\/\" \/>\n<meta property=\"og:locale\" content=\"es_ES\" \/>\n<meta property=\"og:type\" content=\"article\" \/>\n<meta property=\"og:title\" content=\"ENTRENAMIENTO ATENCIONAL -\" \/>\n<meta property=\"og:description\" content=\"&nbsp; \u201cAll\u00ed donde est\u00e1 tu atenci\u00f3n en eso te conviertes. All\u00ed donde est\u00e1 tu atenci\u00f3n, all\u00ed est\u00e1s t\u00fa\u201d. Proverbio metaf\u00edsico &nbsp; Dirigido a p\u00fablico en general. Duraci\u00f3n: 3 hs. Modalidad: virtual, a trav\u00e9s de plataforma Meet. Se otorga certificaci\u00f3n. &nbsp; La atenci\u00f3n es uno de los procesos cognitivos fundamentales que nos permite enfocar de manera [&hellip;]\" \/>\n<meta property=\"og:url\" content=\"https:\/\/lallavepsi.net\/index.php\/jornadas-y-talleres-online\/seminario-trabajo-con-la-atencion\/\" \/>\n<meta property=\"article:modified_time\" content=\"2026-01-16T13:36:59+00:00\" \/>\n<meta name=\"twitter:card\" content=\"summary_large_image\" \/>\n<meta name=\"twitter:label1\" content=\"Tiempo de lectura\" \/>\n\t<meta name=\"twitter:data1\" content=\"1 minuto\" \/>\n<script type=\"application\/ld+json\" class=\"yoast-schema-graph\">{\"@context\":\"https:\/\/schema.org\",\"@graph\":[{\"@type\":\"WebPage\",\"@id\":\"https:\/\/lallavepsi.net\/index.php\/jornadas-y-talleres-online\/seminario-trabajo-con-la-atencion\/\",\"url\":\"https:\/\/lallavepsi.net\/index.php\/jornadas-y-talleres-online\/seminario-trabajo-con-la-atencion\/\",\"name\":\"ENTRENAMIENTO ATENCIONAL -\",\"isPartOf\":{\"@id\":\"https:\/\/lallavepsi.net\/#website\"},\"datePublished\":\"2023-07-26T14:04:16+00:00\",\"dateModified\":\"2026-01-16T13:36:59+00:00\",\"breadcrumb\":{\"@id\":\"https:\/\/lallavepsi.net\/index.php\/jornadas-y-talleres-online\/seminario-trabajo-con-la-atencion\/#breadcrumb\"},\"inLanguage\":\"es-AR\",\"potentialAction\":[{\"@type\":\"ReadAction\",\"target\":[\"https:\/\/lallavepsi.net\/index.php\/jornadas-y-talleres-online\/seminario-trabajo-con-la-atencion\/\"]}]},{\"@type\":\"BreadcrumbList\",\"@id\":\"https:\/\/lallavepsi.net\/index.php\/jornadas-y-talleres-online\/seminario-trabajo-con-la-atencion\/#breadcrumb\",\"itemListElement\":[{\"@type\":\"ListItem\",\"position\":1,\"name\":\"Inicio\",\"item\":\"https:\/\/lallavepsi.net\/\"},{\"@type\":\"ListItem\",\"position\":2,\"name\":\"SEMINARIOS Y TALLERES ONLINE\",\"item\":\"https:\/\/lallavepsi.net\/index.php\/jornadas-y-talleres-online\/\"},{\"@type\":\"ListItem\",\"position\":3,\"name\":\"ENTRENAMIENTO ATENCIONAL\"}]},{\"@type\":\"WebSite\",\"@id\":\"https:\/\/lallavepsi.net\/#website\",\"url\":\"https:\/\/lallavepsi.net\/\",\"name\":\"\",\"description\":\"\",\"potentialAction\":[{\"@type\":\"SearchAction\",\"target\":{\"@type\":\"EntryPoint\",\"urlTemplate\":\"https:\/\/lallavepsi.net\/?s={search_term_string}\"},\"query-input\":{\"@type\":\"PropertyValueSpecification\",\"valueRequired\":true,\"valueName\":\"search_term_string\"}}],\"inLanguage\":\"es-AR\"}]}<\/script>\n<!-- \/ Yoast SEO plugin. -->","yoast_head_json":{"title":"ENTRENAMIENTO ATENCIONAL -","robots":{"index":"index","follow":"follow","max-snippet":"max-snippet:-1","max-image-preview":"max-image-preview:large","max-video-preview":"max-video-preview:-1"},"canonical":"https:\/\/lallavepsi.net\/index.php\/jornadas-y-talleres-online\/seminario-trabajo-con-la-atencion\/","og_locale":"es_ES","og_type":"article","og_title":"ENTRENAMIENTO ATENCIONAL -","og_description":"&nbsp; \u201cAll\u00ed donde est\u00e1 tu atenci\u00f3n en eso te conviertes. All\u00ed donde est\u00e1 tu atenci\u00f3n, all\u00ed est\u00e1s t\u00fa\u201d. Proverbio metaf\u00edsico &nbsp; Dirigido a p\u00fablico en general. Duraci\u00f3n: 3 hs. Modalidad: virtual, a trav\u00e9s de plataforma Meet. Se otorga certificaci\u00f3n. &nbsp; La atenci\u00f3n es uno de los procesos cognitivos fundamentales que nos permite enfocar de manera [&hellip;]","og_url":"https:\/\/lallavepsi.net\/index.php\/jornadas-y-talleres-online\/seminario-trabajo-con-la-atencion\/","article_modified_time":"2026-01-16T13:36:59+00:00","twitter_card":"summary_large_image","twitter_misc":{"Tiempo de lectura":"1 minuto"},"schema":{"@context":"https:\/\/schema.org","@graph":[{"@type":"WebPage","@id":"https:\/\/lallavepsi.net\/index.php\/jornadas-y-talleres-online\/seminario-trabajo-con-la-atencion\/","url":"https:\/\/lallavepsi.net\/index.php\/jornadas-y-talleres-online\/seminario-trabajo-con-la-atencion\/","name":"ENTRENAMIENTO ATENCIONAL -","isPartOf":{"@id":"https:\/\/lallavepsi.net\/#website"},"datePublished":"2023-07-26T14:04:16+00:00","dateModified":"2026-01-16T13:36:59+00:00","breadcrumb":{"@id":"https:\/\/lallavepsi.net\/index.php\/jornadas-y-talleres-online\/seminario-trabajo-con-la-atencion\/#breadcrumb"},"inLanguage":"es-AR","potentialAction":[{"@type":"ReadAction","target":["https:\/\/lallavepsi.net\/index.php\/jornadas-y-talleres-online\/seminario-trabajo-con-la-atencion\/"]}]},{"@type":"BreadcrumbList","@id":"https:\/\/lallavepsi.net\/index.php\/jornadas-y-talleres-online\/seminario-trabajo-con-la-atencion\/#breadcrumb","itemListElement":[{"@type":"ListItem","position":1,"name":"Inicio","item":"https:\/\/lallavepsi.net\/"},{"@type":"ListItem","position":2,"name":"SEMINARIOS Y TALLERES ONLINE","item":"https:\/\/lallavepsi.net\/index.php\/jornadas-y-talleres-online\/"},{"@type":"ListItem","position":3,"name":"ENTRENAMIENTO ATENCIONAL"}]},{"@type":"WebSite","@id":"https:\/\/lallavepsi.net\/#website","url":"https:\/\/lallavepsi.net\/","name":"","description":"","potentialAction":[{"@type":"SearchAction","target":{"@type":"EntryPoint","urlTemplate":"https:\/\/lallavepsi.net\/?s={search_term_string}"},"query-input":{"@type":"PropertyValueSpecification","valueRequired":true,"valueName":"search_term_string"}}],"inLanguage":"es-AR"}]}},"_hostinger_reach_plugin_has_subscription_block":false,"_hostinger_reach_plugin_is_elementor":false,"_links":{"self":[{"href":"https:\/\/lallavepsi.net\/index.php\/wp-json\/wp\/v2\/pages\/2138","targetHints":{"allow":["GET"]}}],"collection":[{"href":"https:\/\/lallavepsi.net\/index.php\/wp-json\/wp\/v2\/pages"}],"about":[{"href":"https:\/\/lallavepsi.net\/index.php\/wp-json\/wp\/v2\/types\/page"}],"author":[{"embeddable":true,"href":"https:\/\/lallavepsi.net\/index.php\/wp-json\/wp\/v2\/users\/1"}],"replies":[{"embeddable":true,"href":"https:\/\/lallavepsi.net\/index.php\/wp-json\/wp\/v2\/comments?post=2138"}],"version-history":[{"count":9,"href":"https:\/\/lallavepsi.net\/index.php\/wp-json\/wp\/v2\/pages\/2138\/revisions"}],"predecessor-version":[{"id":2475,"href":"https:\/\/lallavepsi.net\/index.php\/wp-json\/wp\/v2\/pages\/2138\/revisions\/2475"}],"up":[{"embeddable":true,"href":"https:\/\/lallavepsi.net\/index.php\/wp-json\/wp\/v2\/pages\/265"}],"wp:attachment":[{"href":"https:\/\/lallavepsi.net\/index.php\/wp-json\/wp\/v2\/media?parent=2138"}],"curies":[{"name":"wp","href":"https:\/\/api.w.org\/{rel}","templated":true}]}}