{"id":215,"date":"2022-12-21T22:25:33","date_gmt":"2022-12-21T22:25:33","guid":{"rendered":"https:\/\/lallavepsi.net\/?page_id=215"},"modified":"2025-01-30T19:47:26","modified_gmt":"2025-01-30T19:47:26","slug":"emociencias-la-ciencia-detras-de-las-emociones","status":"publish","type":"page","link":"https:\/\/lallavepsi.net\/index.php\/formaciones-online\/emociencias-la-ciencia-detras-de-las-emociones\/","title":{"rendered":"DESREGULACI\u00d3N EMOCIONAL"},"content":{"rendered":"<p><strong>FORMACI\u00d3N DESREGULACI\u00d3N EMOCIONAL: LA INTELIGENCIA DE LAS EMOCIONES PARA EL LIDERAZGO (INTEGRACI\u00d3N CON EL CUERPO Y LA MENTE)<\/strong><\/p>\n<p>Dirigido a profesionales de la salud mental como complemento\/especializaci\u00f3n y p\u00fablico en general.<\/p>\n<p>Objetivo: brindar conocimientos te\u00f3ricos y entrenamiento pr\u00e1ctico en el dominio de las emociones y su utilizaci\u00f3n para ejercer autocontrol y liderazgo emocional en cualquier \u00e1rea, as\u00ed como entender su importante relaci\u00f3n con el dinero, la enfermedad y el amor. Psicopat\u00eda de las emociones. Aportar recursos estrat\u00e9gicos y pr\u00e1cticos para reconocer mi lugar en el medio que me rodea y propiciar cambios y mejoras en mis relaciones interpersonales en todos los \u00e1mbitos donde me desenvuelvo en pos de alcanzar bienestar, v\u00ednculos constructivos y que faciliten permanente apertura y despliegue de potencialidades.<\/p>\n<p>Duraci\u00f3n: 20 semanas o 5 meses.<\/p>\n<p>Inversi\u00f3n: Argentina $ 58000 mensuales. Descuento 10% abonando el curso completo.<\/p>\n<p>Promoci\u00f3n residentes Sudam\u00e9rica 40 % de descuento: usd\/\u20ac 48. Resto del mundo: usd\/\u20ac 80. Descuento adicional 10% abonando el curso completo.<\/p>\n<p>Modalidad: una clase semanal grupal online sincr\u00f3nica de dos horas te\u00f3rico-pr\u00e1ctica. Modalidad asincr\u00f3nica con env\u00edo de material te\u00f3rico-pr\u00e1ctico con feedback de dudas y consultas a trav\u00e9s de plataforma Skype. Quedan grabadas durante un mes.<\/p>\n<p>Bibliograf\u00eda: material digitalizado (powers), \u00bfQui\u00e9n se ha llevado mi queso? (c\u00f3mo adaptarse a un mundo en constante cambio, S. Johnson), El caballero de la armadura oxidada (Robert Fisher), selecci\u00f3n de El hombre en busca de sentido (Viktor Frankl), Las voces del desierto (Marlo Morgan), Encuentro con la sombra (Carl Jung), Psicodrama (Moreno), Gestalt de vanguardia (Naranjo), aportes sist\u00e9micos, cognitivos conductuales, de la psicolog\u00eda social de Pichon Riviere y de la psicolog\u00eda transpersonal y espiritual.<\/p>\n<p>Se entrega certificaci\u00f3n cumplida el 80% de asistencia.<\/p>\n<p>&nbsp;<\/p>\n<p>Programa:<\/p>\n<p>1ra. Clase: Definici\u00f3n de emoci\u00f3n. Tipos de emociones. Finalidad de las emociones. Su relaci\u00f3n con la cognici\u00f3n. Aportes del humanismo, gestalt y psicodrama. Ense\u00f1anza de las emociones. Ejercicios.<\/p>\n<p>2da clase: Inteligencia emocional. Los 4 pilares. Las emociones y su relaci\u00f3n con el dinero.<\/p>\n<p>3ra clase: Las emociones y su relaci\u00f3n con la enfermedad. Trastornos del estado del \u00e1nimo. Bioneuroemoci\u00f3n. Trastorno l\u00edmite de la personalidad.<\/p>\n<p>4ta clase: Las emociones y su relaci\u00f3n con el amor. C\u00f3mo construimos los v\u00ednculos desde la emoci\u00f3n. Los distintos tipos de personalidad y rasgos de car\u00e1cter. Los cambios de humor.<\/p>\n<p>5ta clase: T\u00e9cnicas de regulaci\u00f3n emocional. La depresi\u00f3n, ansiedad y estr\u00e9s ligados a las emociones. La emoci\u00f3n en relaci\u00f3n al deseo. Raz\u00f3n, sentido, prop\u00f3sito, misi\u00f3n. Aportes de Frankl.<\/p>\n<p>6ta clase: Motivaci\u00f3n. Definiciones. La motivaci\u00f3n para el cambio. Modelo b\u00e1sico y ciclo motivacional. La pir\u00e1mide de las necesidades humanas de A. Maslow. \u00bfCu\u00e1les son mis motivaciones?<\/p>\n<p>7ma clase: Modelo de cambio. Las 6 etapas del cambio. La motivaci\u00f3n como probabilidad de una conducta. Disponibilidad y signos para el cambio. Resistencia al cambio.<\/p>\n<p>8va clase: Estrategias motivacionales.<\/p>\n<p>9na clase: Liderazgo. Definici\u00f3n. Tendencias. Modelos. Teor\u00edas del Rango Total, liderazgo transformacional, transaccional. Mecanismos de liderazgo. L\u00edderes situacionales.<\/p>\n<p>10ma clase: Roles. Matrices de aprendizaje. Din\u00e1mica de grupos. Teor\u00eda general de los sistemas y la comunicaci\u00f3n. Axiomas. Errores en la comunicaci\u00f3n. Lenguaje verbal y corporal.<\/p>\n<p>11va clase: Diferentes tipos de liderazgo. Diferencias entre l\u00edder y jefe. C\u00f3mo ser un buen l\u00edder. El liderazgo ligado al emprendedorismo. Los aportes del genograma y las constelaciones. Empresas familiares.<\/p>\n<p>12va clase: Aportes de la psicolog\u00eda de la gestalt. T\u00e9cnicas.<\/p>\n<p>13ra clase: Aportes de la logoterapia. T\u00e9cnicas.<\/p>\n<p>14ta clase: Aportes del psicodrama. T\u00e9cnicas.<\/p>\n<p>15ta clase: Aportes de Jung. Ejercicios con la sombra.<\/p>\n<p>16ta clase: Aportes de la terapia sist\u00e9mica y cognitiva conductual. T\u00e9cnicas.<\/p>\n<p>17ma clase: Aportes de la psicolog\u00eda transpersonal. La emoci\u00f3n como camino al autoconocimiento y la espiritualidad. La ley del espejo. El ni\u00f1o interior.<\/p>\n<p>18va clase: Ejercicios de reconocimiento de emociones. Autocontrol.<\/p>\n<p>19na clase: T\u00e9cnicas de comunicaci\u00f3n asertiva. Toma de decisiones.<\/p>\n<p>20ma clase: Repaso, dudas y cierre.<\/p>\n<p>&nbsp;<\/p>\n","protected":false},"excerpt":{"rendered":"<p>FORMACI\u00d3N DESREGULACI\u00d3N EMOCIONAL: LA INTELIGENCIA DE LAS EMOCIONES PARA EL LIDERAZGO (INTEGRACI\u00d3N CON EL CUERPO Y LA MENTE) Dirigido a profesionales de la salud mental como complemento\/especializaci\u00f3n y p\u00fablico en general. Objetivo: brindar conocimientos te\u00f3ricos y entrenamiento pr\u00e1ctico en el dominio de las emociones y su utilizaci\u00f3n para ejercer autocontrol y liderazgo emocional en cualquier [&hellip;]<\/p>\n","protected":false},"author":1,"featured_media":0,"parent":49,"menu_order":0,"comment_status":"closed","ping_status":"closed","template":"","meta":{"_monsterinsights_skip_tracking":false,"_monsterinsights_sitenote_active":false,"_monsterinsights_sitenote_note":"","_monsterinsights_sitenote_category":0,"_uf_show_specific_survey":0,"_uf_disable_surveys":false,"site-sidebar-layout":"default","site-content-layout":"default","ast-site-content-layout":"default","site-content-style":"default","site-sidebar-style":"default","ast-global-header-display":"","ast-banner-title-visibility":"","ast-main-header-display":"","ast-hfb-above-header-display":"","ast-hfb-below-header-display":"","ast-hfb-mobile-header-display":"","site-post-title":"","ast-breadcrumbs-content":"","ast-featured-img":"","footer-sml-layout":"","ast-disable-related-posts":"","theme-transparent-header-meta":"default","adv-header-id-meta":"","stick-header-meta":"","header-above-stick-meta":"","header-main-stick-meta":"","header-below-stick-meta":"","astra-migrate-meta-layouts":"set","ast-page-background-enabled":"default","ast-page-background-meta":{"desktop":{"background-color":"var(--ast-global-color-4)","background-image":"","background-repeat":"repeat","background-position":"center center","background-size":"auto","background-attachment":"scroll","background-type":"","background-media":"","overlay-type":"","overlay-color":"","overlay-opacity":"","overlay-gradient":""},"tablet":{"background-color":"","background-image":"","background-repeat":"repeat","background-position":"center center","background-size":"auto","background-attachment":"scroll","background-type":"","background-media":"","overlay-type":"","overlay-color":"","overlay-opacity":"","overlay-gradient":""},"mobile":{"background-color":"","background-image":"","background-repeat":"repeat","background-position":"center center","background-size":"auto","background-attachment":"scroll","background-type":"","background-media":"","overlay-type":"","overlay-color":"","overlay-opacity":"","overlay-gradient":""}},"ast-content-background-meta":{"desktop":{"background-color":"var(--ast-global-color-5)","background-image":"","background-repeat":"repeat","background-position":"center center","background-size":"auto","background-attachment":"scroll","background-type":"","background-media":"","overlay-type":"","overlay-color":"","overlay-opacity":"","overlay-gradient":""},"tablet":{"background-color":"var(--ast-global-color-5)","background-image":"","background-repeat":"repeat","background-position":"center center","background-size":"auto","background-attachment":"scroll","background-type":"","background-media":"","overlay-type":"","overlay-color":"","overlay-opacity":"","overlay-gradient":""},"mobile":{"background-color":"var(--ast-global-color-5)","background-image":"","background-repeat":"repeat","background-position":"center center","background-size":"auto","background-attachment":"scroll","background-type":"","background-media":"","overlay-type":"","overlay-color":"","overlay-opacity":"","overlay-gradient":""}},"footnotes":""},"class_list":["post-215","page","type-page","status-publish","hentry"],"yoast_head":"<!-- This site is optimized with the Yoast SEO plugin v27.0 - https:\/\/yoast.com\/product\/yoast-seo-wordpress\/ -->\n<title>DESREGULACI\u00d3N EMOCIONAL -<\/title>\n<meta name=\"robots\" content=\"index, follow, max-snippet:-1, max-image-preview:large, max-video-preview:-1\" \/>\n<link rel=\"canonical\" href=\"https:\/\/lallavepsi.net\/index.php\/formaciones-online\/emociencias-la-ciencia-detras-de-las-emociones\/\" \/>\n<meta property=\"og:locale\" content=\"es_ES\" \/>\n<meta property=\"og:type\" content=\"article\" \/>\n<meta property=\"og:title\" content=\"DESREGULACI\u00d3N EMOCIONAL -\" \/>\n<meta property=\"og:description\" content=\"FORMACI\u00d3N DESREGULACI\u00d3N EMOCIONAL: LA INTELIGENCIA DE LAS EMOCIONES PARA EL LIDERAZGO (INTEGRACI\u00d3N CON EL CUERPO Y LA MENTE) Dirigido a profesionales de la salud mental como complemento\/especializaci\u00f3n y p\u00fablico en general. Objetivo: brindar conocimientos te\u00f3ricos y entrenamiento pr\u00e1ctico en el dominio de las emociones y su utilizaci\u00f3n para ejercer autocontrol y liderazgo emocional en cualquier [&hellip;]\" \/>\n<meta property=\"og:url\" content=\"https:\/\/lallavepsi.net\/index.php\/formaciones-online\/emociencias-la-ciencia-detras-de-las-emociones\/\" \/>\n<meta property=\"article:modified_time\" content=\"2025-01-30T19:47:26+00:00\" \/>\n<meta name=\"twitter:card\" content=\"summary_large_image\" \/>\n<meta name=\"twitter:label1\" content=\"Tiempo de lectura\" \/>\n\t<meta name=\"twitter:data1\" content=\"3 minutos\" \/>\n<script type=\"application\/ld+json\" class=\"yoast-schema-graph\">{\"@context\":\"https:\/\/schema.org\",\"@graph\":[{\"@type\":\"WebPage\",\"@id\":\"https:\/\/lallavepsi.net\/index.php\/formaciones-online\/emociencias-la-ciencia-detras-de-las-emociones\/\",\"url\":\"https:\/\/lallavepsi.net\/index.php\/formaciones-online\/emociencias-la-ciencia-detras-de-las-emociones\/\",\"name\":\"DESREGULACI\u00d3N EMOCIONAL -\",\"isPartOf\":{\"@id\":\"https:\/\/lallavepsi.net\/#website\"},\"datePublished\":\"2022-12-21T22:25:33+00:00\",\"dateModified\":\"2025-01-30T19:47:26+00:00\",\"breadcrumb\":{\"@id\":\"https:\/\/lallavepsi.net\/index.php\/formaciones-online\/emociencias-la-ciencia-detras-de-las-emociones\/#breadcrumb\"},\"inLanguage\":\"es-AR\",\"potentialAction\":[{\"@type\":\"ReadAction\",\"target\":[\"https:\/\/lallavepsi.net\/index.php\/formaciones-online\/emociencias-la-ciencia-detras-de-las-emociones\/\"]}]},{\"@type\":\"BreadcrumbList\",\"@id\":\"https:\/\/lallavepsi.net\/index.php\/formaciones-online\/emociencias-la-ciencia-detras-de-las-emociones\/#breadcrumb\",\"itemListElement\":[{\"@type\":\"ListItem\",\"position\":1,\"name\":\"Inicio\",\"item\":\"https:\/\/lallavepsi.net\/\"},{\"@type\":\"ListItem\",\"position\":2,\"name\":\"FORMACIONES Y ESPECIALIZACIONES ONLINE\",\"item\":\"https:\/\/lallavepsi.net\/index.php\/formaciones-online\/\"},{\"@type\":\"ListItem\",\"position\":3,\"name\":\"DESREGULACI\u00d3N EMOCIONAL\"}]},{\"@type\":\"WebSite\",\"@id\":\"https:\/\/lallavepsi.net\/#website\",\"url\":\"https:\/\/lallavepsi.net\/\",\"name\":\"\",\"description\":\"\",\"potentialAction\":[{\"@type\":\"SearchAction\",\"target\":{\"@type\":\"EntryPoint\",\"urlTemplate\":\"https:\/\/lallavepsi.net\/?s={search_term_string}\"},\"query-input\":{\"@type\":\"PropertyValueSpecification\",\"valueRequired\":true,\"valueName\":\"search_term_string\"}}],\"inLanguage\":\"es-AR\"}]}<\/script>\n<!-- \/ Yoast SEO plugin. -->","yoast_head_json":{"title":"DESREGULACI\u00d3N EMOCIONAL -","robots":{"index":"index","follow":"follow","max-snippet":"max-snippet:-1","max-image-preview":"max-image-preview:large","max-video-preview":"max-video-preview:-1"},"canonical":"https:\/\/lallavepsi.net\/index.php\/formaciones-online\/emociencias-la-ciencia-detras-de-las-emociones\/","og_locale":"es_ES","og_type":"article","og_title":"DESREGULACI\u00d3N EMOCIONAL -","og_description":"FORMACI\u00d3N DESREGULACI\u00d3N EMOCIONAL: LA INTELIGENCIA DE LAS EMOCIONES PARA EL LIDERAZGO (INTEGRACI\u00d3N CON EL CUERPO Y LA MENTE) Dirigido a profesionales de la salud mental como complemento\/especializaci\u00f3n y p\u00fablico en general. Objetivo: brindar conocimientos te\u00f3ricos y entrenamiento pr\u00e1ctico en el dominio de las emociones y su utilizaci\u00f3n para ejercer autocontrol y liderazgo emocional en cualquier [&hellip;]","og_url":"https:\/\/lallavepsi.net\/index.php\/formaciones-online\/emociencias-la-ciencia-detras-de-las-emociones\/","article_modified_time":"2025-01-30T19:47:26+00:00","twitter_card":"summary_large_image","twitter_misc":{"Tiempo de lectura":"3 minutos"},"schema":{"@context":"https:\/\/schema.org","@graph":[{"@type":"WebPage","@id":"https:\/\/lallavepsi.net\/index.php\/formaciones-online\/emociencias-la-ciencia-detras-de-las-emociones\/","url":"https:\/\/lallavepsi.net\/index.php\/formaciones-online\/emociencias-la-ciencia-detras-de-las-emociones\/","name":"DESREGULACI\u00d3N EMOCIONAL -","isPartOf":{"@id":"https:\/\/lallavepsi.net\/#website"},"datePublished":"2022-12-21T22:25:33+00:00","dateModified":"2025-01-30T19:47:26+00:00","breadcrumb":{"@id":"https:\/\/lallavepsi.net\/index.php\/formaciones-online\/emociencias-la-ciencia-detras-de-las-emociones\/#breadcrumb"},"inLanguage":"es-AR","potentialAction":[{"@type":"ReadAction","target":["https:\/\/lallavepsi.net\/index.php\/formaciones-online\/emociencias-la-ciencia-detras-de-las-emociones\/"]}]},{"@type":"BreadcrumbList","@id":"https:\/\/lallavepsi.net\/index.php\/formaciones-online\/emociencias-la-ciencia-detras-de-las-emociones\/#breadcrumb","itemListElement":[{"@type":"ListItem","position":1,"name":"Inicio","item":"https:\/\/lallavepsi.net\/"},{"@type":"ListItem","position":2,"name":"FORMACIONES Y ESPECIALIZACIONES ONLINE","item":"https:\/\/lallavepsi.net\/index.php\/formaciones-online\/"},{"@type":"ListItem","position":3,"name":"DESREGULACI\u00d3N EMOCIONAL"}]},{"@type":"WebSite","@id":"https:\/\/lallavepsi.net\/#website","url":"https:\/\/lallavepsi.net\/","name":"","description":"","potentialAction":[{"@type":"SearchAction","target":{"@type":"EntryPoint","urlTemplate":"https:\/\/lallavepsi.net\/?s={search_term_string}"},"query-input":{"@type":"PropertyValueSpecification","valueRequired":true,"valueName":"search_term_string"}}],"inLanguage":"es-AR"}]}},"_hostinger_reach_plugin_has_subscription_block":false,"_hostinger_reach_plugin_is_elementor":false,"_links":{"self":[{"href":"https:\/\/lallavepsi.net\/index.php\/wp-json\/wp\/v2\/pages\/215","targetHints":{"allow":["GET"]}}],"collection":[{"href":"https:\/\/lallavepsi.net\/index.php\/wp-json\/wp\/v2\/pages"}],"about":[{"href":"https:\/\/lallavepsi.net\/index.php\/wp-json\/wp\/v2\/types\/page"}],"author":[{"embeddable":true,"href":"https:\/\/lallavepsi.net\/index.php\/wp-json\/wp\/v2\/users\/1"}],"replies":[{"embeddable":true,"href":"https:\/\/lallavepsi.net\/index.php\/wp-json\/wp\/v2\/comments?post=215"}],"version-history":[{"count":11,"href":"https:\/\/lallavepsi.net\/index.php\/wp-json\/wp\/v2\/pages\/215\/revisions"}],"predecessor-version":[{"id":2412,"href":"https:\/\/lallavepsi.net\/index.php\/wp-json\/wp\/v2\/pages\/215\/revisions\/2412"}],"up":[{"embeddable":true,"href":"https:\/\/lallavepsi.net\/index.php\/wp-json\/wp\/v2\/pages\/49"}],"wp:attachment":[{"href":"https:\/\/lallavepsi.net\/index.php\/wp-json\/wp\/v2\/media?parent=215"}],"curies":[{"name":"wp","href":"https:\/\/api.w.org\/{rel}","templated":true}]}}