{"id":217,"date":"2022-12-21T22:28:48","date_gmt":"2022-12-21T22:28:48","guid":{"rendered":"https:\/\/lallavepsi.net\/?page_id=217"},"modified":"2025-01-30T19:48:10","modified_gmt":"2025-01-30T19:48:10","slug":"enfermedad-y-sentido-oculto-la-metafisica-de-las-enfermedades","status":"publish","type":"page","link":"https:\/\/lallavepsi.net\/index.php\/formaciones-online\/enfermedad-y-sentido-oculto-la-metafisica-de-las-enfermedades\/","title":{"rendered":"ENFERMEDAD Y SENTIDO OCULTO: LA METAF\u00cdSICA DE LAS ENFERMEDADES"},"content":{"rendered":"<p><strong>ENFERMEDAD Y SENTIDO OCULTO: LA METAF\u00cdSICA DE LAS ENFERMEDADES<\/strong><\/p>\n<p>Dirigido a profesionales de la salud como complemento\/especializaci\u00f3n y p\u00fablico en general.<\/p>\n<p>Objetivo: brindar conocimientos te\u00f3ricos y entrenamiento pr\u00e1ctico para el entendimiento del cuerpo f\u00edsico como un ente biol\u00f3gico integrado a un holos psicol\u00f3gico, sociol\u00f3gico y espiritual (energ\u00e9tico). Comprender la sabidur\u00eda detr\u00e1s de los s\u00edntomas y las enfermedades y su vinculaci\u00f3n neuronal y emocional con la espiritualidad a trav\u00e9s de la metaf\u00edsica y la alquimia, ayudando a su liberaci\u00f3n a trav\u00e9s de su transformaci\u00f3n.<\/p>\n<p>Duraci\u00f3n: 32 semanas u 8 meses.<\/p>\n<p>Inversi\u00f3n: Argentina $ 58000 mensuales. Descuento 10% abonando el curso completo.<\/p>\n<p>Promoci\u00f3n residentes Sudam\u00e9rica 40 % de descuento: usd\/\u20ac 48. Resto del mundo: usd\/\u20ac 80. Descuento adicional 10% abonando el curso completo.<\/p>\n<p>Modalidad: una clase semanal grupal online sincr\u00f3nica de dos horas te\u00f3rico-pr\u00e1ctica. Modalidad asincr\u00f3nica con env\u00edo de material te\u00f3rico-pr\u00e1ctico con feedback de dudas y consultas a trav\u00e9s de plataforma Skype. Quedan grabadas durante un mes.<\/p>\n<p>Bibliograf\u00eda: material digitalizado + cuadernillo de ejercicios.<\/p>\n<p>Se entrega certificado cumplida el 80% de asistencia.<\/p>\n<p>&nbsp;<\/p>\n<p>Programa:<\/p>\n<p>1ra parte. Aproximaciones y t\u00e9cnicas<\/p>\n<p>Clase 1: Conceptos fundamentales de la metaf\u00edsica. El cuerpo como energ\u00eda. Filosof\u00eda oriental. La enfermedad como camino. Enfermedades y s\u00edntomas. Polaridad y unidad.<\/p>\n<p>Clase 2: Diferentes paradigmas de la salud mental y c\u00f3mo nos definimos. Psicolog\u00eda mecanicista y humanista. La visi\u00f3n patol\u00f3gica y la no patol\u00f3gica. El viejo paradigma psicopatol\u00f3gico. Hacia un nuevo enfoque integrativo multidimensional y espiritual. La sombra. Bien y mal.<\/p>\n<p>Clase 3: La bioneuroemoci\u00f3n como eslab\u00f3n hacia el Ser. Coincidencias y diferencias con la metaf\u00edsica.<\/p>\n<p>Clase 4: Tratamiento integrador del trastornos obsesivo compulsivo (TOC, desde lo psicopatol\u00f3gico y metaf\u00edsico).<\/p>\n<p>Clase 5: T\u00e9cnicas de autocontrol. PNL. Axiomas de la comunicaci\u00f3n. Hacia una comunicaci\u00f3n asertiva no violenta.<\/p>\n<p>Clase 6: Tratamiento integrador de los trastornos de alimentaci\u00f3n. La influencia de las emociones. Relaci\u00f3n con abuso y maltrato infantil.<\/p>\n<p>Clase 7: Compulsi\u00f3n a repetir. La influencia de lo ancestral. Constelaciones familiares. Din\u00e1mica del deseo. Pir\u00e1mide de necesidades. La energ\u00eda.<\/p>\n<p>Clase 8: Trastornos de apego. Axiomas y principios herm\u00e9ticos.<\/p>\n<p>Clase 9: Patrones mentales y mecanismos de defensa (enfoque psicol\u00f3gico y metaf\u00edsico). Nuevo concepto de salud. Origen emocional de la enfermedad. Estructura de la personalidad desde la metaf\u00edsica. El poder del decreto. Principios mentales. El terapeuta integrativo.<\/p>\n<p>Clase 10: Vac\u00edo existencial. Trastornos del estado del \u00e1nimo. Ansiedad, depresi\u00f3n y estr\u00e9s, males de \u00e9poca. Psicopatolog\u00eda y tratamiento. Psiconeuroinmunoendocrinolog\u00eda. Pautas para la gesti\u00f3n de nuestros estados de \u00e1nimo.<\/p>\n<p>Clase 11: Modelo procesual del estr\u00e9s. Inmunidad. Sexolog\u00eda y g\u00e9nero.<\/p>\n<p>Clase 12: Adicciones. Trastorno por estr\u00e9s postraum\u00e1tico.<\/p>\n<p>Clase 13: Estr\u00e9s y actividad f\u00edsica. Fomentando la racionalidad. T\u00e9cnicas de afrontamiento. Relajaci\u00f3n psicof\u00edsica. Aportes del mindfulness.<\/p>\n<p>Clase 14: Jung. El arquetipo sombra y la sombra de la enfermedad. &#8220;Bien y mal, salud y enfermedad&#8221;: binarismos. Cuarto camino: El ser humano es un enfermo. La b\u00fasqueda de las causas. El ser humano m\u00e1quina. C\u00f3mo salir de la mecanicidad. T\u00e9cnicas de trabajo interno hacia una conciencia expandida y multidimensional.<\/p>\n<p>Clase 15: Enfoque ayurv\u00e9dico. Principios y tratamiento.<\/p>\n<p>Clase 16: Psicolog\u00eda y alquimia. Alquimia moderna: las neurociencias. Las neuronas espejo. La b\u00fasqueda de las causas. El m\u00e9todo de la interrogaci\u00f3n profunda.<\/p>\n<p>Clase 17: Resiliencia. Cromoterapia. Fisiolog\u00eda de los colores.<\/p>\n<p>Clase 18: Triple pensamiento y la llama trina.<\/p>\n<p>&nbsp;<\/p>\n<p>2da. parte: La enfermedad y su significado. T\u00e9cnicas y pr\u00e1cticas<\/p>\n<p>Clase 19: Enfermedades de la cabeza a los pies. Relaci\u00f3n alfab\u00e9tica de los \u00f3rganos y partes del cuerpo con sus atributos ps\u00edquicos. Cabeza. Los 7 rayos: rayos de atributo. T\u00e9cnicas de trabajo metaf\u00edsico con cada una de ellas.<\/p>\n<p>Clase 20: Garganta, cuello. Tiroides. Expresi\u00f3n. Los 7 rayos: rayos secundarios. C\u00f3mo mandar energ\u00edas sanadoras.<\/p>\n<p>Clase 21: Espalda, hombros y huesos. Piel. Miedos y contacto. Focusing.<\/p>\n<p>Clase 22: Sistema respiratorio y circulatorio. Inmunidad. Meditaci\u00f3n. Pulsi\u00f3n de vida y muerte.<\/p>\n<p>Clase 23: Sistema digestivo. Alimentaci\u00f3n y emociones. La digesti\u00f3n de las emociones. El cerebro intestinal. Ejercicios.<\/p>\n<p>Clase 24: Afirmaciones cruzadas. Jerarqu\u00edas principales de cada rayo. Sistema end\u00f3crino y sexual. Hormonas y metabolismo. Ejercicios.<\/p>\n<p>Clase 25: Piernas, rodillas, pies. Bases y estructura. Ni\u00f1os de la nueva era. Ejercicios.<\/p>\n<p>Clase 26: Enfermedades y karma. C\u00e1ncer, degenerativas (alzheimer, parkinson) y otras. Ciclo de edades a las que respondemos y sus conductas. Ejercicios.<\/p>\n<p>Clase 27: Chakras 1ra parte.<\/p>\n<p>Clase 28. Chakras 2da parte.<\/p>\n<p>Clase 29: Chakras 3ra parte. Equilibrio y expansi\u00f3n.<\/p>\n<p>Clase 30: Enfermedades terminales. Resignificaci\u00f3n del sentido de la muerte. Pr\u00e1ctica.<\/p>\n<p>Clase 31: Los sue\u00f1os como t\u00e9cnica de sanaci\u00f3n. Perspectivas y t\u00e9cnicas de trabajo.<\/p>\n<p>Clase 32: Protocolos de aplicaci\u00f3n (integraci\u00f3n).<\/p>\n<p>&nbsp;<\/p>\n","protected":false},"excerpt":{"rendered":"<p>ENFERMEDAD Y SENTIDO OCULTO: LA METAF\u00cdSICA DE LAS ENFERMEDADES Dirigido a profesionales de la salud como complemento\/especializaci\u00f3n y p\u00fablico en general. Objetivo: brindar conocimientos te\u00f3ricos y entrenamiento pr\u00e1ctico para el entendimiento del cuerpo f\u00edsico como un ente biol\u00f3gico integrado a un holos psicol\u00f3gico, sociol\u00f3gico y espiritual (energ\u00e9tico). Comprender la sabidur\u00eda detr\u00e1s de los s\u00edntomas y [&hellip;]<\/p>\n","protected":false},"author":1,"featured_media":0,"parent":49,"menu_order":0,"comment_status":"closed","ping_status":"closed","template":"","meta":{"_monsterinsights_skip_tracking":false,"_monsterinsights_sitenote_active":false,"_monsterinsights_sitenote_note":"","_monsterinsights_sitenote_category":0,"_uf_show_specific_survey":0,"_uf_disable_surveys":false,"site-sidebar-layout":"default","site-content-layout":"default","ast-site-content-layout":"default","site-content-style":"default","site-sidebar-style":"default","ast-global-header-display":"","ast-banner-title-visibility":"","ast-main-header-display":"","ast-hfb-above-header-display":"","ast-hfb-below-header-display":"","ast-hfb-mobile-header-display":"","site-post-title":"","ast-breadcrumbs-content":"","ast-featured-img":"","footer-sml-layout":"","ast-disable-related-posts":"","theme-transparent-header-meta":"default","adv-header-id-meta":"","stick-header-meta":"","header-above-stick-meta":"","header-main-stick-meta":"","header-below-stick-meta":"","astra-migrate-meta-layouts":"set","ast-page-background-enabled":"default","ast-page-background-meta":{"desktop":{"background-color":"var(--ast-global-color-4)","background-image":"","background-repeat":"repeat","background-position":"center center","background-size":"auto","background-attachment":"scroll","background-type":"","background-media":"","overlay-type":"","overlay-color":"","overlay-opacity":"","overlay-gradient":""},"tablet":{"background-color":"","background-image":"","background-repeat":"repeat","background-position":"center center","background-size":"auto","background-attachment":"scroll","background-type":"","background-media":"","overlay-type":"","overlay-color":"","overlay-opacity":"","overlay-gradient":""},"mobile":{"background-color":"","background-image":"","background-repeat":"repeat","background-position":"center center","background-size":"auto","background-attachment":"scroll","background-type":"","background-media":"","overlay-type":"","overlay-color":"","overlay-opacity":"","overlay-gradient":""}},"ast-content-background-meta":{"desktop":{"background-color":"var(--ast-global-color-5)","background-image":"","background-repeat":"repeat","background-position":"center center","background-size":"auto","background-attachment":"scroll","background-type":"","background-media":"","overlay-type":"","overlay-color":"","overlay-opacity":"","overlay-gradient":""},"tablet":{"background-color":"var(--ast-global-color-5)","background-image":"","background-repeat":"repeat","background-position":"center center","background-size":"auto","background-attachment":"scroll","background-type":"","background-media":"","overlay-type":"","overlay-color":"","overlay-opacity":"","overlay-gradient":""},"mobile":{"background-color":"var(--ast-global-color-5)","background-image":"","background-repeat":"repeat","background-position":"center center","background-size":"auto","background-attachment":"scroll","background-type":"","background-media":"","overlay-type":"","overlay-color":"","overlay-opacity":"","overlay-gradient":""}},"footnotes":""},"class_list":["post-217","page","type-page","status-publish","hentry"],"yoast_head":"<!-- This site is optimized with the Yoast SEO plugin v27.0 - https:\/\/yoast.com\/product\/yoast-seo-wordpress\/ -->\n<title>ENFERMEDAD Y SENTIDO OCULTO: LA METAF\u00cdSICA DE LAS ENFERMEDADES -<\/title>\n<meta name=\"robots\" content=\"index, follow, max-snippet:-1, max-image-preview:large, max-video-preview:-1\" \/>\n<link rel=\"canonical\" href=\"https:\/\/lallavepsi.net\/index.php\/formaciones-online\/enfermedad-y-sentido-oculto-la-metafisica-de-las-enfermedades\/\" \/>\n<meta property=\"og:locale\" content=\"es_ES\" \/>\n<meta property=\"og:type\" content=\"article\" \/>\n<meta property=\"og:title\" content=\"ENFERMEDAD Y SENTIDO OCULTO: LA METAF\u00cdSICA DE LAS ENFERMEDADES -\" \/>\n<meta property=\"og:description\" content=\"ENFERMEDAD Y SENTIDO OCULTO: LA METAF\u00cdSICA DE LAS ENFERMEDADES Dirigido a profesionales de la salud como complemento\/especializaci\u00f3n y p\u00fablico en general. Objetivo: brindar conocimientos te\u00f3ricos y entrenamiento pr\u00e1ctico para el entendimiento del cuerpo f\u00edsico como un ente biol\u00f3gico integrado a un holos psicol\u00f3gico, sociol\u00f3gico y espiritual (energ\u00e9tico). Comprender la sabidur\u00eda detr\u00e1s de los s\u00edntomas y [&hellip;]\" \/>\n<meta property=\"og:url\" content=\"https:\/\/lallavepsi.net\/index.php\/formaciones-online\/enfermedad-y-sentido-oculto-la-metafisica-de-las-enfermedades\/\" \/>\n<meta property=\"article:modified_time\" content=\"2025-01-30T19:48:10+00:00\" \/>\n<meta name=\"twitter:card\" content=\"summary_large_image\" \/>\n<meta name=\"twitter:label1\" content=\"Tiempo de lectura\" \/>\n\t<meta name=\"twitter:data1\" content=\"4 minutos\" \/>\n<script type=\"application\/ld+json\" class=\"yoast-schema-graph\">{\"@context\":\"https:\/\/schema.org\",\"@graph\":[{\"@type\":\"WebPage\",\"@id\":\"https:\/\/lallavepsi.net\/index.php\/formaciones-online\/enfermedad-y-sentido-oculto-la-metafisica-de-las-enfermedades\/\",\"url\":\"https:\/\/lallavepsi.net\/index.php\/formaciones-online\/enfermedad-y-sentido-oculto-la-metafisica-de-las-enfermedades\/\",\"name\":\"ENFERMEDAD Y SENTIDO OCULTO: LA METAF\u00cdSICA DE LAS ENFERMEDADES -\",\"isPartOf\":{\"@id\":\"https:\/\/lallavepsi.net\/#website\"},\"datePublished\":\"2022-12-21T22:28:48+00:00\",\"dateModified\":\"2025-01-30T19:48:10+00:00\",\"breadcrumb\":{\"@id\":\"https:\/\/lallavepsi.net\/index.php\/formaciones-online\/enfermedad-y-sentido-oculto-la-metafisica-de-las-enfermedades\/#breadcrumb\"},\"inLanguage\":\"es-AR\",\"potentialAction\":[{\"@type\":\"ReadAction\",\"target\":[\"https:\/\/lallavepsi.net\/index.php\/formaciones-online\/enfermedad-y-sentido-oculto-la-metafisica-de-las-enfermedades\/\"]}]},{\"@type\":\"BreadcrumbList\",\"@id\":\"https:\/\/lallavepsi.net\/index.php\/formaciones-online\/enfermedad-y-sentido-oculto-la-metafisica-de-las-enfermedades\/#breadcrumb\",\"itemListElement\":[{\"@type\":\"ListItem\",\"position\":1,\"name\":\"Inicio\",\"item\":\"https:\/\/lallavepsi.net\/\"},{\"@type\":\"ListItem\",\"position\":2,\"name\":\"FORMACIONES Y ESPECIALIZACIONES ONLINE\",\"item\":\"https:\/\/lallavepsi.net\/index.php\/formaciones-online\/\"},{\"@type\":\"ListItem\",\"position\":3,\"name\":\"ENFERMEDAD Y SENTIDO OCULTO: LA METAF\u00cdSICA DE LAS ENFERMEDADES\"}]},{\"@type\":\"WebSite\",\"@id\":\"https:\/\/lallavepsi.net\/#website\",\"url\":\"https:\/\/lallavepsi.net\/\",\"name\":\"\",\"description\":\"\",\"potentialAction\":[{\"@type\":\"SearchAction\",\"target\":{\"@type\":\"EntryPoint\",\"urlTemplate\":\"https:\/\/lallavepsi.net\/?s={search_term_string}\"},\"query-input\":{\"@type\":\"PropertyValueSpecification\",\"valueRequired\":true,\"valueName\":\"search_term_string\"}}],\"inLanguage\":\"es-AR\"}]}<\/script>\n<!-- \/ Yoast SEO plugin. -->","yoast_head_json":{"title":"ENFERMEDAD Y SENTIDO OCULTO: LA METAF\u00cdSICA DE LAS ENFERMEDADES -","robots":{"index":"index","follow":"follow","max-snippet":"max-snippet:-1","max-image-preview":"max-image-preview:large","max-video-preview":"max-video-preview:-1"},"canonical":"https:\/\/lallavepsi.net\/index.php\/formaciones-online\/enfermedad-y-sentido-oculto-la-metafisica-de-las-enfermedades\/","og_locale":"es_ES","og_type":"article","og_title":"ENFERMEDAD Y SENTIDO OCULTO: LA METAF\u00cdSICA DE LAS ENFERMEDADES -","og_description":"ENFERMEDAD Y SENTIDO OCULTO: LA METAF\u00cdSICA DE LAS ENFERMEDADES Dirigido a profesionales de la salud como complemento\/especializaci\u00f3n y p\u00fablico en general. Objetivo: brindar conocimientos te\u00f3ricos y entrenamiento pr\u00e1ctico para el entendimiento del cuerpo f\u00edsico como un ente biol\u00f3gico integrado a un holos psicol\u00f3gico, sociol\u00f3gico y espiritual (energ\u00e9tico). Comprender la sabidur\u00eda detr\u00e1s de los s\u00edntomas y [&hellip;]","og_url":"https:\/\/lallavepsi.net\/index.php\/formaciones-online\/enfermedad-y-sentido-oculto-la-metafisica-de-las-enfermedades\/","article_modified_time":"2025-01-30T19:48:10+00:00","twitter_card":"summary_large_image","twitter_misc":{"Tiempo de lectura":"4 minutos"},"schema":{"@context":"https:\/\/schema.org","@graph":[{"@type":"WebPage","@id":"https:\/\/lallavepsi.net\/index.php\/formaciones-online\/enfermedad-y-sentido-oculto-la-metafisica-de-las-enfermedades\/","url":"https:\/\/lallavepsi.net\/index.php\/formaciones-online\/enfermedad-y-sentido-oculto-la-metafisica-de-las-enfermedades\/","name":"ENFERMEDAD Y SENTIDO OCULTO: LA METAF\u00cdSICA DE LAS ENFERMEDADES -","isPartOf":{"@id":"https:\/\/lallavepsi.net\/#website"},"datePublished":"2022-12-21T22:28:48+00:00","dateModified":"2025-01-30T19:48:10+00:00","breadcrumb":{"@id":"https:\/\/lallavepsi.net\/index.php\/formaciones-online\/enfermedad-y-sentido-oculto-la-metafisica-de-las-enfermedades\/#breadcrumb"},"inLanguage":"es-AR","potentialAction":[{"@type":"ReadAction","target":["https:\/\/lallavepsi.net\/index.php\/formaciones-online\/enfermedad-y-sentido-oculto-la-metafisica-de-las-enfermedades\/"]}]},{"@type":"BreadcrumbList","@id":"https:\/\/lallavepsi.net\/index.php\/formaciones-online\/enfermedad-y-sentido-oculto-la-metafisica-de-las-enfermedades\/#breadcrumb","itemListElement":[{"@type":"ListItem","position":1,"name":"Inicio","item":"https:\/\/lallavepsi.net\/"},{"@type":"ListItem","position":2,"name":"FORMACIONES Y ESPECIALIZACIONES ONLINE","item":"https:\/\/lallavepsi.net\/index.php\/formaciones-online\/"},{"@type":"ListItem","position":3,"name":"ENFERMEDAD Y SENTIDO OCULTO: LA METAF\u00cdSICA DE LAS ENFERMEDADES"}]},{"@type":"WebSite","@id":"https:\/\/lallavepsi.net\/#website","url":"https:\/\/lallavepsi.net\/","name":"","description":"","potentialAction":[{"@type":"SearchAction","target":{"@type":"EntryPoint","urlTemplate":"https:\/\/lallavepsi.net\/?s={search_term_string}"},"query-input":{"@type":"PropertyValueSpecification","valueRequired":true,"valueName":"search_term_string"}}],"inLanguage":"es-AR"}]}},"_hostinger_reach_plugin_has_subscription_block":false,"_hostinger_reach_plugin_is_elementor":false,"_links":{"self":[{"href":"https:\/\/lallavepsi.net\/index.php\/wp-json\/wp\/v2\/pages\/217","targetHints":{"allow":["GET"]}}],"collection":[{"href":"https:\/\/lallavepsi.net\/index.php\/wp-json\/wp\/v2\/pages"}],"about":[{"href":"https:\/\/lallavepsi.net\/index.php\/wp-json\/wp\/v2\/types\/page"}],"author":[{"embeddable":true,"href":"https:\/\/lallavepsi.net\/index.php\/wp-json\/wp\/v2\/users\/1"}],"replies":[{"embeddable":true,"href":"https:\/\/lallavepsi.net\/index.php\/wp-json\/wp\/v2\/comments?post=217"}],"version-history":[{"count":11,"href":"https:\/\/lallavepsi.net\/index.php\/wp-json\/wp\/v2\/pages\/217\/revisions"}],"predecessor-version":[{"id":2414,"href":"https:\/\/lallavepsi.net\/index.php\/wp-json\/wp\/v2\/pages\/217\/revisions\/2414"}],"up":[{"embeddable":true,"href":"https:\/\/lallavepsi.net\/index.php\/wp-json\/wp\/v2\/pages\/49"}],"wp:attachment":[{"href":"https:\/\/lallavepsi.net\/index.php\/wp-json\/wp\/v2\/media?parent=217"}],"curies":[{"name":"wp","href":"https:\/\/api.w.org\/{rel}","templated":true}]}}