{"id":221,"date":"2022-12-26T19:21:45","date_gmt":"2022-12-26T19:21:45","guid":{"rendered":"https:\/\/lallavepsi.net\/?page_id=221"},"modified":"2025-01-30T19:48:35","modified_gmt":"2025-01-30T19:48:35","slug":"estimulacion-cognitiva","status":"publish","type":"page","link":"https:\/\/lallavepsi.net\/index.php\/formaciones-online\/estimulacion-cognitiva\/","title":{"rendered":"ESTIMULACI\u00d3N COGNITIVA"},"content":{"rendered":"<p><strong>FORMACI\u00d3N EN ESTIMULACI\u00d3N COGNITIVA<\/strong><\/p>\n<p>Dirigido a profesionales de la salud mental como complemento\/especializaci\u00f3n y p\u00fablico en general.<\/p>\n<p>Objetivo: acercar recursos pr\u00e1cticos para el desarrollo, mantenimiento y potenciaci\u00f3n de todos los procesos cognitivos en cualquier ciclo vital. Estimulaci\u00f3n de inteligencias alternativas, imaginaci\u00f3n y creatividad. La mejor manera de prevenir el deterioro cognitivo y de afrontar el temor a las enfermedades neurodegenerativas es previendo a trav\u00e9s del entrenamiento y desarrollo del cerebro.<\/p>\n<p>Duraci\u00f3n: 12 semanas o 3 meses.<\/p>\n<p>Inversi\u00f3n: Argentina $ 58000 mensuales. Descuento 10% abonando el curso completo.<\/p>\n<p>Promoci\u00f3n residentes Sudam\u00e9rica 40 % de descuento: usd\/\u20ac 48. Resto del mundo: usd\/\u20ac 80. Descuento adicional 10% abonando el curso completo.<\/p>\n<p>Modalidad: una clase semanal grupal online sincr\u00f3nica de dos horas te\u00f3rico-pr\u00e1ctica. Modalidad asincr\u00f3nica con env\u00edo de material te\u00f3rico-pr\u00e1ctico con feedback de dudas y consultas a trav\u00e9s de plataforma Skype. Quedan grabadas durante un mes.<\/p>\n<p>Bibliograf\u00eda: material digitalizado.<\/p>\n<p>Se entrega certificaci\u00f3n cumplida el 80% de asistencia.<\/p>\n<p>&nbsp;<\/p>\n<p>Programa:<\/p>\n<p>Clase 1: Procesamiento de la informaci\u00f3n. Procesos cognitivos b\u00e1sicos y superiores. Percepci\u00f3n. Leyes. Ejercicios. Tareas para pr\u00e1cticas diarias.<\/p>\n<p>Clase 2: Atenci\u00f3n y concentraci\u00f3n. Tipos. Ejercicios. Tareas para pr\u00e1cticas diarias.<\/p>\n<p>Clase 3: Memoria y aprendizaje. Ejercicios. Tareas para pr\u00e1cticas diarias.<\/p>\n<p>Clase 4: Procesos superiores. Lenguaje y pensamiento, razonamiento y resoluci\u00f3n de problemas. Inteligencia e inteligencias m\u00faltiples. Ejercicios. Tareas para pr\u00e1cticas diarias.<\/p>\n<p>Clase 5: Creatividad e imaginaci\u00f3n. Ejercicios. Tareas para pr\u00e1cticas diarias.<\/p>\n<p>Clase 6: Emociones y su relaci\u00f3n con la cognici\u00f3n. Tipos. Ejercicios. Tareas para pr\u00e1cticas diarias.<\/p>\n<p>Clase 7: Motivaci\u00f3n. Teor\u00edas. Estrategias. Ciclo motivacional. Pir\u00e1mide de necesidades. 6 etapas del cambio.<\/p>\n<p>Clase 8: Ambivalencia y resistencia. T\u00e9cnicas de resoluci\u00f3n de problemas.<\/p>\n<p>Clase 9: Pensamiento simple y complejo. Binarismo y multiplicidad. Ejercicios.<\/p>\n<p>Clase 10 y 11: Comunicaci\u00f3n, sus caracter\u00edsticas y obst\u00e1culos. Ejercicios.<\/p>\n<p>Clase 12: Imaginaci\u00f3n y creatividad a partir del an\u00e1lisis del realismo m\u00e1gico de Rayuela. Repaso y cierre.<\/p>\n<p>&nbsp;<\/p>\n","protected":false},"excerpt":{"rendered":"<p>FORMACI\u00d3N EN ESTIMULACI\u00d3N COGNITIVA Dirigido a profesionales de la salud mental como complemento\/especializaci\u00f3n y p\u00fablico en general. Objetivo: acercar recursos pr\u00e1cticos para el desarrollo, mantenimiento y potenciaci\u00f3n de todos los procesos cognitivos en cualquier ciclo vital. Estimulaci\u00f3n de inteligencias alternativas, imaginaci\u00f3n y creatividad. La mejor manera de prevenir el deterioro cognitivo y de afrontar el [&hellip;]<\/p>\n","protected":false},"author":1,"featured_media":0,"parent":49,"menu_order":0,"comment_status":"closed","ping_status":"closed","template":"","meta":{"_monsterinsights_skip_tracking":false,"_monsterinsights_sitenote_active":false,"_monsterinsights_sitenote_note":"","_monsterinsights_sitenote_category":0,"_uf_show_specific_survey":0,"_uf_disable_surveys":false,"site-sidebar-layout":"default","site-content-layout":"default","ast-site-content-layout":"default","site-content-style":"default","site-sidebar-style":"default","ast-global-header-display":"","ast-banner-title-visibility":"","ast-main-header-display":"","ast-hfb-above-header-display":"","ast-hfb-below-header-display":"","ast-hfb-mobile-header-display":"","site-post-title":"","ast-breadcrumbs-content":"","ast-featured-img":"","footer-sml-layout":"","ast-disable-related-posts":"","theme-transparent-header-meta":"default","adv-header-id-meta":"","stick-header-meta":"","header-above-stick-meta":"","header-main-stick-meta":"","header-below-stick-meta":"","astra-migrate-meta-layouts":"set","ast-page-background-enabled":"default","ast-page-background-meta":{"desktop":{"background-color":"var(--ast-global-color-4)","background-image":"","background-repeat":"repeat","background-position":"center center","background-size":"auto","background-attachment":"scroll","background-type":"","background-media":"","overlay-type":"","overlay-color":"","overlay-opacity":"","overlay-gradient":""},"tablet":{"background-color":"","background-image":"","background-repeat":"repeat","background-position":"center center","background-size":"auto","background-attachment":"scroll","background-type":"","background-media":"","overlay-type":"","overlay-color":"","overlay-opacity":"","overlay-gradient":""},"mobile":{"background-color":"","background-image":"","background-repeat":"repeat","background-position":"center center","background-size":"auto","background-attachment":"scroll","background-type":"","background-media":"","overlay-type":"","overlay-color":"","overlay-opacity":"","overlay-gradient":""}},"ast-content-background-meta":{"desktop":{"background-color":"var(--ast-global-color-5)","background-image":"","background-repeat":"repeat","background-position":"center center","background-size":"auto","background-attachment":"scroll","background-type":"","background-media":"","overlay-type":"","overlay-color":"","overlay-opacity":"","overlay-gradient":""},"tablet":{"background-color":"var(--ast-global-color-5)","background-image":"","background-repeat":"repeat","background-position":"center center","background-size":"auto","background-attachment":"scroll","background-type":"","background-media":"","overlay-type":"","overlay-color":"","overlay-opacity":"","overlay-gradient":""},"mobile":{"background-color":"var(--ast-global-color-5)","background-image":"","background-repeat":"repeat","background-position":"center center","background-size":"auto","background-attachment":"scroll","background-type":"","background-media":"","overlay-type":"","overlay-color":"","overlay-opacity":"","overlay-gradient":""}},"footnotes":""},"class_list":["post-221","page","type-page","status-publish","hentry"],"yoast_head":"<!-- This site is optimized with the Yoast SEO plugin v27.0 - https:\/\/yoast.com\/product\/yoast-seo-wordpress\/ -->\n<title>ESTIMULACI\u00d3N COGNITIVA -<\/title>\n<meta name=\"robots\" content=\"index, follow, max-snippet:-1, max-image-preview:large, max-video-preview:-1\" \/>\n<link rel=\"canonical\" href=\"https:\/\/lallavepsi.net\/index.php\/formaciones-online\/estimulacion-cognitiva\/\" \/>\n<meta property=\"og:locale\" content=\"es_ES\" \/>\n<meta property=\"og:type\" content=\"article\" \/>\n<meta property=\"og:title\" content=\"ESTIMULACI\u00d3N COGNITIVA -\" \/>\n<meta property=\"og:description\" content=\"FORMACI\u00d3N EN ESTIMULACI\u00d3N COGNITIVA Dirigido a profesionales de la salud mental como complemento\/especializaci\u00f3n y p\u00fablico en general. Objetivo: acercar recursos pr\u00e1cticos para el desarrollo, mantenimiento y potenciaci\u00f3n de todos los procesos cognitivos en cualquier ciclo vital. Estimulaci\u00f3n de inteligencias alternativas, imaginaci\u00f3n y creatividad. La mejor manera de prevenir el deterioro cognitivo y de afrontar el [&hellip;]\" \/>\n<meta property=\"og:url\" content=\"https:\/\/lallavepsi.net\/index.php\/formaciones-online\/estimulacion-cognitiva\/\" \/>\n<meta property=\"article:modified_time\" content=\"2025-01-30T19:48:35+00:00\" \/>\n<meta name=\"twitter:card\" content=\"summary_large_image\" \/>\n<meta name=\"twitter:label1\" content=\"Tiempo de lectura\" \/>\n\t<meta name=\"twitter:data1\" content=\"2 minutos\" \/>\n<script type=\"application\/ld+json\" class=\"yoast-schema-graph\">{\"@context\":\"https:\/\/schema.org\",\"@graph\":[{\"@type\":\"WebPage\",\"@id\":\"https:\/\/lallavepsi.net\/index.php\/formaciones-online\/estimulacion-cognitiva\/\",\"url\":\"https:\/\/lallavepsi.net\/index.php\/formaciones-online\/estimulacion-cognitiva\/\",\"name\":\"ESTIMULACI\u00d3N COGNITIVA -\",\"isPartOf\":{\"@id\":\"https:\/\/lallavepsi.net\/#website\"},\"datePublished\":\"2022-12-26T19:21:45+00:00\",\"dateModified\":\"2025-01-30T19:48:35+00:00\",\"breadcrumb\":{\"@id\":\"https:\/\/lallavepsi.net\/index.php\/formaciones-online\/estimulacion-cognitiva\/#breadcrumb\"},\"inLanguage\":\"es-AR\",\"potentialAction\":[{\"@type\":\"ReadAction\",\"target\":[\"https:\/\/lallavepsi.net\/index.php\/formaciones-online\/estimulacion-cognitiva\/\"]}]},{\"@type\":\"BreadcrumbList\",\"@id\":\"https:\/\/lallavepsi.net\/index.php\/formaciones-online\/estimulacion-cognitiva\/#breadcrumb\",\"itemListElement\":[{\"@type\":\"ListItem\",\"position\":1,\"name\":\"Inicio\",\"item\":\"https:\/\/lallavepsi.net\/\"},{\"@type\":\"ListItem\",\"position\":2,\"name\":\"FORMACIONES Y ESPECIALIZACIONES ONLINE\",\"item\":\"https:\/\/lallavepsi.net\/index.php\/formaciones-online\/\"},{\"@type\":\"ListItem\",\"position\":3,\"name\":\"ESTIMULACI\u00d3N COGNITIVA\"}]},{\"@type\":\"WebSite\",\"@id\":\"https:\/\/lallavepsi.net\/#website\",\"url\":\"https:\/\/lallavepsi.net\/\",\"name\":\"\",\"description\":\"\",\"potentialAction\":[{\"@type\":\"SearchAction\",\"target\":{\"@type\":\"EntryPoint\",\"urlTemplate\":\"https:\/\/lallavepsi.net\/?s={search_term_string}\"},\"query-input\":{\"@type\":\"PropertyValueSpecification\",\"valueRequired\":true,\"valueName\":\"search_term_string\"}}],\"inLanguage\":\"es-AR\"}]}<\/script>\n<!-- \/ Yoast SEO plugin. -->","yoast_head_json":{"title":"ESTIMULACI\u00d3N COGNITIVA -","robots":{"index":"index","follow":"follow","max-snippet":"max-snippet:-1","max-image-preview":"max-image-preview:large","max-video-preview":"max-video-preview:-1"},"canonical":"https:\/\/lallavepsi.net\/index.php\/formaciones-online\/estimulacion-cognitiva\/","og_locale":"es_ES","og_type":"article","og_title":"ESTIMULACI\u00d3N COGNITIVA -","og_description":"FORMACI\u00d3N EN ESTIMULACI\u00d3N COGNITIVA Dirigido a profesionales de la salud mental como complemento\/especializaci\u00f3n y p\u00fablico en general. Objetivo: acercar recursos pr\u00e1cticos para el desarrollo, mantenimiento y potenciaci\u00f3n de todos los procesos cognitivos en cualquier ciclo vital. Estimulaci\u00f3n de inteligencias alternativas, imaginaci\u00f3n y creatividad. La mejor manera de prevenir el deterioro cognitivo y de afrontar el [&hellip;]","og_url":"https:\/\/lallavepsi.net\/index.php\/formaciones-online\/estimulacion-cognitiva\/","article_modified_time":"2025-01-30T19:48:35+00:00","twitter_card":"summary_large_image","twitter_misc":{"Tiempo de lectura":"2 minutos"},"schema":{"@context":"https:\/\/schema.org","@graph":[{"@type":"WebPage","@id":"https:\/\/lallavepsi.net\/index.php\/formaciones-online\/estimulacion-cognitiva\/","url":"https:\/\/lallavepsi.net\/index.php\/formaciones-online\/estimulacion-cognitiva\/","name":"ESTIMULACI\u00d3N COGNITIVA -","isPartOf":{"@id":"https:\/\/lallavepsi.net\/#website"},"datePublished":"2022-12-26T19:21:45+00:00","dateModified":"2025-01-30T19:48:35+00:00","breadcrumb":{"@id":"https:\/\/lallavepsi.net\/index.php\/formaciones-online\/estimulacion-cognitiva\/#breadcrumb"},"inLanguage":"es-AR","potentialAction":[{"@type":"ReadAction","target":["https:\/\/lallavepsi.net\/index.php\/formaciones-online\/estimulacion-cognitiva\/"]}]},{"@type":"BreadcrumbList","@id":"https:\/\/lallavepsi.net\/index.php\/formaciones-online\/estimulacion-cognitiva\/#breadcrumb","itemListElement":[{"@type":"ListItem","position":1,"name":"Inicio","item":"https:\/\/lallavepsi.net\/"},{"@type":"ListItem","position":2,"name":"FORMACIONES Y ESPECIALIZACIONES ONLINE","item":"https:\/\/lallavepsi.net\/index.php\/formaciones-online\/"},{"@type":"ListItem","position":3,"name":"ESTIMULACI\u00d3N COGNITIVA"}]},{"@type":"WebSite","@id":"https:\/\/lallavepsi.net\/#website","url":"https:\/\/lallavepsi.net\/","name":"","description":"","potentialAction":[{"@type":"SearchAction","target":{"@type":"EntryPoint","urlTemplate":"https:\/\/lallavepsi.net\/?s={search_term_string}"},"query-input":{"@type":"PropertyValueSpecification","valueRequired":true,"valueName":"search_term_string"}}],"inLanguage":"es-AR"}]}},"_hostinger_reach_plugin_has_subscription_block":false,"_hostinger_reach_plugin_is_elementor":false,"_links":{"self":[{"href":"https:\/\/lallavepsi.net\/index.php\/wp-json\/wp\/v2\/pages\/221","targetHints":{"allow":["GET"]}}],"collection":[{"href":"https:\/\/lallavepsi.net\/index.php\/wp-json\/wp\/v2\/pages"}],"about":[{"href":"https:\/\/lallavepsi.net\/index.php\/wp-json\/wp\/v2\/types\/page"}],"author":[{"embeddable":true,"href":"https:\/\/lallavepsi.net\/index.php\/wp-json\/wp\/v2\/users\/1"}],"replies":[{"embeddable":true,"href":"https:\/\/lallavepsi.net\/index.php\/wp-json\/wp\/v2\/comments?post=221"}],"version-history":[{"count":14,"href":"https:\/\/lallavepsi.net\/index.php\/wp-json\/wp\/v2\/pages\/221\/revisions"}],"predecessor-version":[{"id":2415,"href":"https:\/\/lallavepsi.net\/index.php\/wp-json\/wp\/v2\/pages\/221\/revisions\/2415"}],"up":[{"embeddable":true,"href":"https:\/\/lallavepsi.net\/index.php\/wp-json\/wp\/v2\/pages\/49"}],"wp:attachment":[{"href":"https:\/\/lallavepsi.net\/index.php\/wp-json\/wp\/v2\/media?parent=221"}],"curies":[{"name":"wp","href":"https:\/\/api.w.org\/{rel}","templated":true}]}}