{"id":229,"date":"2022-12-26T19:38:16","date_gmt":"2022-12-26T19:38:16","guid":{"rendered":"https:\/\/lallavepsi.net\/?page_id=229"},"modified":"2025-01-30T19:51:55","modified_gmt":"2025-01-30T19:51:55","slug":"metalinguistica","status":"publish","type":"page","link":"https:\/\/lallavepsi.net\/index.php\/formaciones-online\/metalinguistica\/","title":{"rendered":"METALING\u00dc\u00cdSTICA"},"content":{"rendered":"<p><strong>FORMACI\u00d3N EN METALING\u00dc\u00cdSTICA<\/strong><\/p>\n<p><strong>EL PODER TRANSFORMADOR DE LA PALABRA<\/strong><\/p>\n<p>&#8220;En el principio era el Verbo, y el Verbo era con Dios, y el Verbo era Dios&#8221;\u00a0 Juan 1,1.<\/p>\n<p>Dirigido a profesionales de la salud mental como complemento\/especializaci\u00f3n y p\u00fablico en general.<\/p>\n<p>Objetivo: entender el funcionamiento del lenguaje, sus leyes e importancia en la construcci\u00f3n de nuestro mundo interno y externo. C\u00f3mo aprendemos, c\u00f3mo pensamos y c\u00f3mo podemos modificar nuestra realidad a partir de c\u00f3mo hablamos. Integraci\u00f3n con la metaf\u00edsica mediante el uso de afirmaciones autosanadoras, escritura terap\u00e9utica y el an\u00e1lisis de nuestras asociaciones para llegar a la transformaci\u00f3n de patrones mentales o mandatos ancestrales.<\/p>\n<p>Duraci\u00f3n: 16 semanas o 4 meses.<\/p>\n<p>Inversi\u00f3n: Argentina $ 58000 mensuales. Descuento 10% abonando el curso completo.<\/p>\n<p>Promoci\u00f3n residentes Sudam\u00e9rica 40 % de descuento: usd\/\u20ac 48. Resto del mundo: usd\/\u20ac 80. Descuento adicional 10% abonando el curso completo.<\/p>\n<p>Modalidad: una clase semanal grupal online sincr\u00f3nica de dos horas te\u00f3rico-pr\u00e1ctica. Modalidad asincr\u00f3nica con env\u00edo de material te\u00f3rico-pr\u00e1ctico con feedback de dudas y consultas a trav\u00e9s de plataforma Skype. Quedan grabadas durante un mes.<\/p>\n<p>Bibliograf\u00eda: material digitalizado. Aportes de las escuelas psicoanal\u00edtica, sist\u00e9mica y cognitivo conductual.<\/p>\n<p>Se entrega certificaci\u00f3n cumplida el 80% de asistencia.<\/p>\n<p>&nbsp;<\/p>\n<p>Programa:<\/p>\n<p>Clase 1: Matrices de aprendizaje. C\u00f3mo aprendemos. Esquemas mentales. Pensamiento y formaci\u00f3n de creencias. El aparato ps\u00edquico y sus defensas.<\/p>\n<p>Clase 2: Teor\u00eda de la Comunicaci\u00f3n humana. Axiomas. Comunicaci\u00f3n parad\u00f3jica. Comunicaci\u00f3n violenta y asertiva.<\/p>\n<p>Clase 3: Principales fallas, errores y distorsiones a la hora de comunicar. Ejemplos. Comunicaci\u00f3n interna y congruencia. El espejo comunicativo. El mecanismo proyectivo. Comunicaci\u00f3n anal\u00f3gica y digital.<\/p>\n<p>Clase 4: Lengua, lenguaje y habla. Significado y significante. Funciones. Ejercicios.<\/p>\n<p>Clase 5: La cognici\u00f3n. C\u00f3mo se crean nuestros pensamientos. Creencias limitantes y distorsiones. Patrones mentales y mecanismos de defensa. Pensamiento m\u00e1gico y alquimia. Principio de placer vs. principio de realidad.<\/p>\n<p>Clase 6: Somos lo que pensamos. Pensamiento simple y complejo. Binarismo y multiplicidad. Pensamiento lateral. Nuevo pensamiento. Imaginaci\u00f3n y creatividad.<\/p>\n<p>Clase 7: Afirmaciones autoexploradoras y autosanadoras.\u00a0 \u00bfAutoconocimiento o autosugesti\u00f3n? Metaf\u00edsica: leyes de mentalismo y atracci\u00f3n. Pautas de trabajo interno. El OM: la palabra creadora. Las afirmaciones como mantras.<\/p>\n<p>Clase 8: La energ\u00eda y los colores. Ley de vibraci\u00f3n. Ley de karma. Sentido crom\u00e1tico y metaf\u00edsico de los colores. La palabra es energ\u00eda.<\/p>\n<p>Clase 9: La palabra y el sonido. El poder sanador de la m\u00fasica. Claves tonales. Ejemplos. Equivalencias vibraci\u00f3n, energ\u00eda y color. Triangulaciones. La llama triple: llegar a saber qui\u00e9n soy a partir de las afirmaciones. La relaci\u00f3n de la palabra con el Yo Soy religioso y metaf\u00edsico.<\/p>\n<p>Clase 10: Los 7 rayos y sus aplicaciones en la vida diaria. Su relaci\u00f3n con las afirmaciones. C\u00f3mo utilizarlos.<\/p>\n<p>Clase 11: La narrativa como t\u00e9cnica terap\u00e9utica. El realismo m\u00e1gico. Beneficios de la lectura. Ejercicios.<\/p>\n<p>Clase 12: Pensar, sentir y actuar. En busca de la congruencia. Afirmaciones autoexploradoras y sanadoras 2da. parte (pienso, siento y soy). Nuevo esquema de trabajo interno.<\/p>\n<p>Clase 13: De la Biblia y otros textos sagrados a los medios masivos, canciones, contratos: an\u00e1lisis de la palabra escrita y hablada.<\/p>\n<p>Clase 14: Lo no dicho como germen de la enfermedad. Hablar para entenderse y sanar.<\/p>\n<p>Clase 15: Los oradores efectivos. Los carism\u00e1ticos. C\u00f3mo y por qu\u00e9 persuaden. C\u00f3mo evitar manipulaciones. Poder real e ilusorio. La falta, el deseo y el apego. La maquinaria deseante. El Yo y el falso Yo.<\/p>\n<p>Clase 16: Ejercicios de asociaci\u00f3n libre para detectar patrones, mandatos, creencias iracionales, bloqueos. Las cadenas de significantes.<\/p>\n<p>&nbsp;<\/p>\n","protected":false},"excerpt":{"rendered":"<p>FORMACI\u00d3N EN METALING\u00dc\u00cdSTICA EL PODER TRANSFORMADOR DE LA PALABRA &#8220;En el principio era el Verbo, y el Verbo era con Dios, y el Verbo era Dios&#8221;\u00a0 Juan 1,1. Dirigido a profesionales de la salud mental como complemento\/especializaci\u00f3n y p\u00fablico en general. Objetivo: entender el funcionamiento del lenguaje, sus leyes e importancia en la construcci\u00f3n de [&hellip;]<\/p>\n","protected":false},"author":1,"featured_media":0,"parent":49,"menu_order":0,"comment_status":"closed","ping_status":"closed","template":"","meta":{"_monsterinsights_skip_tracking":false,"_monsterinsights_sitenote_active":false,"_monsterinsights_sitenote_note":"","_monsterinsights_sitenote_category":0,"_uf_show_specific_survey":0,"_uf_disable_surveys":false,"site-sidebar-layout":"default","site-content-layout":"default","ast-site-content-layout":"default","site-content-style":"default","site-sidebar-style":"default","ast-global-header-display":"","ast-banner-title-visibility":"","ast-main-header-display":"","ast-hfb-above-header-display":"","ast-hfb-below-header-display":"","ast-hfb-mobile-header-display":"","site-post-title":"","ast-breadcrumbs-content":"","ast-featured-img":"","footer-sml-layout":"","ast-disable-related-posts":"","theme-transparent-header-meta":"default","adv-header-id-meta":"","stick-header-meta":"","header-above-stick-meta":"","header-main-stick-meta":"","header-below-stick-meta":"","astra-migrate-meta-layouts":"set","ast-page-background-enabled":"default","ast-page-background-meta":{"desktop":{"background-color":"var(--ast-global-color-4)","background-image":"","background-repeat":"repeat","background-position":"center center","background-size":"auto","background-attachment":"scroll","background-type":"","background-media":"","overlay-type":"","overlay-color":"","overlay-opacity":"","overlay-gradient":""},"tablet":{"background-color":"","background-image":"","background-repeat":"repeat","background-position":"center center","background-size":"auto","background-attachment":"scroll","background-type":"","background-media":"","overlay-type":"","overlay-color":"","overlay-opacity":"","overlay-gradient":""},"mobile":{"background-color":"","background-image":"","background-repeat":"repeat","background-position":"center center","background-size":"auto","background-attachment":"scroll","background-type":"","background-media":"","overlay-type":"","overlay-color":"","overlay-opacity":"","overlay-gradient":""}},"ast-content-background-meta":{"desktop":{"background-color":"var(--ast-global-color-5)","background-image":"","background-repeat":"repeat","background-position":"center center","background-size":"auto","background-attachment":"scroll","background-type":"","background-media":"","overlay-type":"","overlay-color":"","overlay-opacity":"","overlay-gradient":""},"tablet":{"background-color":"var(--ast-global-color-5)","background-image":"","background-repeat":"repeat","background-position":"center center","background-size":"auto","background-attachment":"scroll","background-type":"","background-media":"","overlay-type":"","overlay-color":"","overlay-opacity":"","overlay-gradient":""},"mobile":{"background-color":"var(--ast-global-color-5)","background-image":"","background-repeat":"repeat","background-position":"center center","background-size":"auto","background-attachment":"scroll","background-type":"","background-media":"","overlay-type":"","overlay-color":"","overlay-opacity":"","overlay-gradient":""}},"footnotes":""},"class_list":["post-229","page","type-page","status-publish","hentry"],"yoast_head":"<!-- This site is optimized with the Yoast SEO plugin v27.0 - https:\/\/yoast.com\/product\/yoast-seo-wordpress\/ -->\n<title>METALING\u00dc\u00cdSTICA -<\/title>\n<meta name=\"robots\" content=\"index, follow, max-snippet:-1, max-image-preview:large, max-video-preview:-1\" \/>\n<link rel=\"canonical\" href=\"https:\/\/lallavepsi.net\/index.php\/formaciones-online\/metalinguistica\/\" \/>\n<meta property=\"og:locale\" content=\"es_ES\" \/>\n<meta property=\"og:type\" content=\"article\" \/>\n<meta property=\"og:title\" content=\"METALING\u00dc\u00cdSTICA -\" \/>\n<meta property=\"og:description\" content=\"FORMACI\u00d3N EN METALING\u00dc\u00cdSTICA EL PODER TRANSFORMADOR DE LA PALABRA &#8220;En el principio era el Verbo, y el Verbo era con Dios, y el Verbo era Dios&#8221;\u00a0 Juan 1,1. Dirigido a profesionales de la salud mental como complemento\/especializaci\u00f3n y p\u00fablico en general. Objetivo: entender el funcionamiento del lenguaje, sus leyes e importancia en la construcci\u00f3n de [&hellip;]\" \/>\n<meta property=\"og:url\" content=\"https:\/\/lallavepsi.net\/index.php\/formaciones-online\/metalinguistica\/\" \/>\n<meta property=\"article:modified_time\" content=\"2025-01-30T19:51:55+00:00\" \/>\n<meta name=\"twitter:card\" content=\"summary_large_image\" \/>\n<meta name=\"twitter:label1\" content=\"Tiempo de lectura\" \/>\n\t<meta name=\"twitter:data1\" content=\"3 minutos\" \/>\n<script type=\"application\/ld+json\" class=\"yoast-schema-graph\">{\"@context\":\"https:\/\/schema.org\",\"@graph\":[{\"@type\":\"WebPage\",\"@id\":\"https:\/\/lallavepsi.net\/index.php\/formaciones-online\/metalinguistica\/\",\"url\":\"https:\/\/lallavepsi.net\/index.php\/formaciones-online\/metalinguistica\/\",\"name\":\"METALING\u00dc\u00cdSTICA -\",\"isPartOf\":{\"@id\":\"https:\/\/lallavepsi.net\/#website\"},\"datePublished\":\"2022-12-26T19:38:16+00:00\",\"dateModified\":\"2025-01-30T19:51:55+00:00\",\"breadcrumb\":{\"@id\":\"https:\/\/lallavepsi.net\/index.php\/formaciones-online\/metalinguistica\/#breadcrumb\"},\"inLanguage\":\"es-AR\",\"potentialAction\":[{\"@type\":\"ReadAction\",\"target\":[\"https:\/\/lallavepsi.net\/index.php\/formaciones-online\/metalinguistica\/\"]}]},{\"@type\":\"BreadcrumbList\",\"@id\":\"https:\/\/lallavepsi.net\/index.php\/formaciones-online\/metalinguistica\/#breadcrumb\",\"itemListElement\":[{\"@type\":\"ListItem\",\"position\":1,\"name\":\"Inicio\",\"item\":\"https:\/\/lallavepsi.net\/\"},{\"@type\":\"ListItem\",\"position\":2,\"name\":\"FORMACIONES Y ESPECIALIZACIONES ONLINE\",\"item\":\"https:\/\/lallavepsi.net\/index.php\/formaciones-online\/\"},{\"@type\":\"ListItem\",\"position\":3,\"name\":\"METALING\u00dc\u00cdSTICA\"}]},{\"@type\":\"WebSite\",\"@id\":\"https:\/\/lallavepsi.net\/#website\",\"url\":\"https:\/\/lallavepsi.net\/\",\"name\":\"\",\"description\":\"\",\"potentialAction\":[{\"@type\":\"SearchAction\",\"target\":{\"@type\":\"EntryPoint\",\"urlTemplate\":\"https:\/\/lallavepsi.net\/?s={search_term_string}\"},\"query-input\":{\"@type\":\"PropertyValueSpecification\",\"valueRequired\":true,\"valueName\":\"search_term_string\"}}],\"inLanguage\":\"es-AR\"}]}<\/script>\n<!-- \/ Yoast SEO plugin. -->","yoast_head_json":{"title":"METALING\u00dc\u00cdSTICA -","robots":{"index":"index","follow":"follow","max-snippet":"max-snippet:-1","max-image-preview":"max-image-preview:large","max-video-preview":"max-video-preview:-1"},"canonical":"https:\/\/lallavepsi.net\/index.php\/formaciones-online\/metalinguistica\/","og_locale":"es_ES","og_type":"article","og_title":"METALING\u00dc\u00cdSTICA -","og_description":"FORMACI\u00d3N EN METALING\u00dc\u00cdSTICA EL PODER TRANSFORMADOR DE LA PALABRA &#8220;En el principio era el Verbo, y el Verbo era con Dios, y el Verbo era Dios&#8221;\u00a0 Juan 1,1. Dirigido a profesionales de la salud mental como complemento\/especializaci\u00f3n y p\u00fablico en general. Objetivo: entender el funcionamiento del lenguaje, sus leyes e importancia en la construcci\u00f3n de [&hellip;]","og_url":"https:\/\/lallavepsi.net\/index.php\/formaciones-online\/metalinguistica\/","article_modified_time":"2025-01-30T19:51:55+00:00","twitter_card":"summary_large_image","twitter_misc":{"Tiempo de lectura":"3 minutos"},"schema":{"@context":"https:\/\/schema.org","@graph":[{"@type":"WebPage","@id":"https:\/\/lallavepsi.net\/index.php\/formaciones-online\/metalinguistica\/","url":"https:\/\/lallavepsi.net\/index.php\/formaciones-online\/metalinguistica\/","name":"METALING\u00dc\u00cdSTICA -","isPartOf":{"@id":"https:\/\/lallavepsi.net\/#website"},"datePublished":"2022-12-26T19:38:16+00:00","dateModified":"2025-01-30T19:51:55+00:00","breadcrumb":{"@id":"https:\/\/lallavepsi.net\/index.php\/formaciones-online\/metalinguistica\/#breadcrumb"},"inLanguage":"es-AR","potentialAction":[{"@type":"ReadAction","target":["https:\/\/lallavepsi.net\/index.php\/formaciones-online\/metalinguistica\/"]}]},{"@type":"BreadcrumbList","@id":"https:\/\/lallavepsi.net\/index.php\/formaciones-online\/metalinguistica\/#breadcrumb","itemListElement":[{"@type":"ListItem","position":1,"name":"Inicio","item":"https:\/\/lallavepsi.net\/"},{"@type":"ListItem","position":2,"name":"FORMACIONES Y ESPECIALIZACIONES ONLINE","item":"https:\/\/lallavepsi.net\/index.php\/formaciones-online\/"},{"@type":"ListItem","position":3,"name":"METALING\u00dc\u00cdSTICA"}]},{"@type":"WebSite","@id":"https:\/\/lallavepsi.net\/#website","url":"https:\/\/lallavepsi.net\/","name":"","description":"","potentialAction":[{"@type":"SearchAction","target":{"@type":"EntryPoint","urlTemplate":"https:\/\/lallavepsi.net\/?s={search_term_string}"},"query-input":{"@type":"PropertyValueSpecification","valueRequired":true,"valueName":"search_term_string"}}],"inLanguage":"es-AR"}]}},"_hostinger_reach_plugin_has_subscription_block":false,"_hostinger_reach_plugin_is_elementor":false,"_links":{"self":[{"href":"https:\/\/lallavepsi.net\/index.php\/wp-json\/wp\/v2\/pages\/229","targetHints":{"allow":["GET"]}}],"collection":[{"href":"https:\/\/lallavepsi.net\/index.php\/wp-json\/wp\/v2\/pages"}],"about":[{"href":"https:\/\/lallavepsi.net\/index.php\/wp-json\/wp\/v2\/types\/page"}],"author":[{"embeddable":true,"href":"https:\/\/lallavepsi.net\/index.php\/wp-json\/wp\/v2\/users\/1"}],"replies":[{"embeddable":true,"href":"https:\/\/lallavepsi.net\/index.php\/wp-json\/wp\/v2\/comments?post=229"}],"version-history":[{"count":11,"href":"https:\/\/lallavepsi.net\/index.php\/wp-json\/wp\/v2\/pages\/229\/revisions"}],"predecessor-version":[{"id":2426,"href":"https:\/\/lallavepsi.net\/index.php\/wp-json\/wp\/v2\/pages\/229\/revisions\/2426"}],"up":[{"embeddable":true,"href":"https:\/\/lallavepsi.net\/index.php\/wp-json\/wp\/v2\/pages\/49"}],"wp:attachment":[{"href":"https:\/\/lallavepsi.net\/index.php\/wp-json\/wp\/v2\/media?parent=229"}],"curies":[{"name":"wp","href":"https:\/\/api.w.org\/{rel}","templated":true}]}}