{"id":233,"date":"2022-12-26T19:42:11","date_gmt":"2022-12-26T19:42:11","guid":{"rendered":"https:\/\/lallavepsi.net\/?page_id=233"},"modified":"2025-01-30T19:49:27","modified_gmt":"2025-01-30T19:49:27","slug":"estrategias-motivacionales","status":"publish","type":"page","link":"https:\/\/lallavepsi.net\/index.php\/formaciones-online\/estrategias-motivacionales\/","title":{"rendered":"ESTRATEGIAS MOTIVACIONALES"},"content":{"rendered":"<p><strong>FORMACI\u00d3N EN ESTRATEGIAS MOTIVACIONALES<\/strong><\/p>\n<p>Dirigido a profesionales de la salud mental como complemento\/especializaci\u00f3n y p\u00fablico en general.<\/p>\n<p>Objetivo: brindar conocimientos te\u00f3ricos y entrenamiento pr\u00e1ctico en relaci\u00f3n a c\u00f3mo motivar desde el rol profesional o para automotivarse. Se intentar\u00e1 realizar a lo largo de la cursada una b\u00fasqueda introspectiva de las \u201cpropias motivaciones\u201d, para lograr a futuro, el \u00e9xito en nuestro trabajo como agentes de cambio y para personas en general. Consideramos de suma importancia el entrenamiento y conocimiento de lo que \u201cla motivaci\u00f3n\u201d puede hacer para lograr cambios a corto, mediano y largo plazo.<\/p>\n<p>Duraci\u00f3n: 8 semanas o 2 meses.<\/p>\n<p>Inversi\u00f3n: Argentina $ 58000 mensuales.<\/p>\n<p>Promoci\u00f3n residentes Sudam\u00e9rica 40 % de descuento: usd\/\u20ac 48. Resto del mundo: usd\/\u20ac 80.<\/p>\n<p>Modalidad: una clase semanal grupal online sincr\u00f3nica de dos horas te\u00f3rico-pr\u00e1ctica. Modalidad asincr\u00f3nica con env\u00edo de material te\u00f3rico-pr\u00e1ctico con feedback de dudas y consultas a trav\u00e9s de plataforma Skype. Quedan grabadas durante un mes.<\/p>\n<p>Bibliograf\u00eda: material digitalizado (powers), \u00bfQui\u00e9n se ha llevado mi queso? (c\u00f3mo adaptarse a un mundo en constante cambio, S. Johnson).<\/p>\n<p>Se entrega certificaci\u00f3n cumplida el 80% de asistencia.<\/p>\n<p>&nbsp;<\/p>\n<p>Programa:<\/p>\n<p>1\u00b0 Clase: Definiciones de motivaci\u00f3n. La motivaci\u00f3n para el cambio. Modelo b\u00e1sico y ciclo motivacional. La pir\u00e1mide de las necesidades humanas de A. Maslow.<\/p>\n<p>2\u00b0 clase: Modelo de cambio. Las 6 etapas del cambio. La motivaci\u00f3n como probabilidad de una conducta. Disponibilidad y signos para el cambio.<\/p>\n<p>3\u00b0clase: La consulta al profesional. La ambivalencia y la toma de decisiones. T\u00e9cnica de resoluci\u00f3n de problemas.<\/p>\n<p>4\u00b0 clase: Segunda parte de la t\u00e9cnica de resoluci\u00f3n de problemas. La motivaci\u00f3n en relaci\u00f3n al deseo. Raz\u00f3n, sentido, prop\u00f3sito, misi\u00f3n. Aportes del humanismo. Presentaci\u00f3n de plan motivacional y seguimiento.<\/p>\n<p>5\u00b0 clase: La resistencia al cambio. \u00bfPor qu\u00e9 no cambian las personas? Definiciones. Las cuatro categor\u00edas de la conducta de resistencia del paciente.<\/p>\n<p>6\u00b0 clase: Estrategias Profesionales: los ocho bloques b\u00e1sicos. La escucha reflexiva. Afirmar. Afirmaciones automotivadoras.<\/p>\n<p>7\u00b0 clase: Estrategias Profesionales: utilizar los extremos. Mirando hacia atr\u00e1s y hacia delante. Paradoja. Enfatizar la elecci\u00f3n y el control personal. Las preguntas clave. Informaci\u00f3n y consejo.<\/p>\n<p>8\u00b0 clase: Estrategias Profesionales: llegar a un plan. Provocar el compromiso. Transici\u00f3n a la etapa de acci\u00f3n. T\u00e9cnicas y estrategias de autocontrol. Conclusiones sobre \u00bfQui\u00e9n se ha llevado mi queso? Evaluaci\u00f3n de resultados del plan motivacional. Ajustes y sugerencias. Cierre.<\/p>\n","protected":false},"excerpt":{"rendered":"<p>FORMACI\u00d3N EN ESTRATEGIAS MOTIVACIONALES Dirigido a profesionales de la salud mental como complemento\/especializaci\u00f3n y p\u00fablico en general. Objetivo: brindar conocimientos te\u00f3ricos y entrenamiento pr\u00e1ctico en relaci\u00f3n a c\u00f3mo motivar desde el rol profesional o para automotivarse. Se intentar\u00e1 realizar a lo largo de la cursada una b\u00fasqueda introspectiva de las \u201cpropias motivaciones\u201d, para lograr a [&hellip;]<\/p>\n","protected":false},"author":1,"featured_media":0,"parent":49,"menu_order":0,"comment_status":"closed","ping_status":"closed","template":"","meta":{"_monsterinsights_skip_tracking":false,"_monsterinsights_sitenote_active":false,"_monsterinsights_sitenote_note":"","_monsterinsights_sitenote_category":0,"_uf_show_specific_survey":0,"_uf_disable_surveys":false,"site-sidebar-layout":"default","site-content-layout":"default","ast-site-content-layout":"default","site-content-style":"default","site-sidebar-style":"default","ast-global-header-display":"","ast-banner-title-visibility":"","ast-main-header-display":"","ast-hfb-above-header-display":"","ast-hfb-below-header-display":"","ast-hfb-mobile-header-display":"","site-post-title":"","ast-breadcrumbs-content":"","ast-featured-img":"","footer-sml-layout":"","ast-disable-related-posts":"","theme-transparent-header-meta":"default","adv-header-id-meta":"","stick-header-meta":"","header-above-stick-meta":"","header-main-stick-meta":"","header-below-stick-meta":"","astra-migrate-meta-layouts":"set","ast-page-background-enabled":"default","ast-page-background-meta":{"desktop":{"background-color":"var(--ast-global-color-4)","background-image":"","background-repeat":"repeat","background-position":"center center","background-size":"auto","background-attachment":"scroll","background-type":"","background-media":"","overlay-type":"","overlay-color":"","overlay-opacity":"","overlay-gradient":""},"tablet":{"background-color":"","background-image":"","background-repeat":"repeat","background-position":"center center","background-size":"auto","background-attachment":"scroll","background-type":"","background-media":"","overlay-type":"","overlay-color":"","overlay-opacity":"","overlay-gradient":""},"mobile":{"background-color":"","background-image":"","background-repeat":"repeat","background-position":"center center","background-size":"auto","background-attachment":"scroll","background-type":"","background-media":"","overlay-type":"","overlay-color":"","overlay-opacity":"","overlay-gradient":""}},"ast-content-background-meta":{"desktop":{"background-color":"var(--ast-global-color-5)","background-image":"","background-repeat":"repeat","background-position":"center center","background-size":"auto","background-attachment":"scroll","background-type":"","background-media":"","overlay-type":"","overlay-color":"","overlay-opacity":"","overlay-gradient":""},"tablet":{"background-color":"var(--ast-global-color-5)","background-image":"","background-repeat":"repeat","background-position":"center center","background-size":"auto","background-attachment":"scroll","background-type":"","background-media":"","overlay-type":"","overlay-color":"","overlay-opacity":"","overlay-gradient":""},"mobile":{"background-color":"var(--ast-global-color-5)","background-image":"","background-repeat":"repeat","background-position":"center center","background-size":"auto","background-attachment":"scroll","background-type":"","background-media":"","overlay-type":"","overlay-color":"","overlay-opacity":"","overlay-gradient":""}},"footnotes":""},"class_list":["post-233","page","type-page","status-publish","hentry"],"yoast_head":"<!-- This site is optimized with the Yoast SEO plugin v27.0 - https:\/\/yoast.com\/product\/yoast-seo-wordpress\/ -->\n<title>ESTRATEGIAS MOTIVACIONALES -<\/title>\n<meta name=\"robots\" content=\"index, follow, max-snippet:-1, max-image-preview:large, max-video-preview:-1\" \/>\n<link rel=\"canonical\" href=\"https:\/\/lallavepsi.net\/index.php\/formaciones-online\/estrategias-motivacionales\/\" \/>\n<meta property=\"og:locale\" content=\"es_ES\" \/>\n<meta property=\"og:type\" content=\"article\" \/>\n<meta property=\"og:title\" content=\"ESTRATEGIAS MOTIVACIONALES -\" \/>\n<meta property=\"og:description\" content=\"FORMACI\u00d3N EN ESTRATEGIAS MOTIVACIONALES Dirigido a profesionales de la salud mental como complemento\/especializaci\u00f3n y p\u00fablico en general. Objetivo: brindar conocimientos te\u00f3ricos y entrenamiento pr\u00e1ctico en relaci\u00f3n a c\u00f3mo motivar desde el rol profesional o para automotivarse. Se intentar\u00e1 realizar a lo largo de la cursada una b\u00fasqueda introspectiva de las \u201cpropias motivaciones\u201d, para lograr a [&hellip;]\" \/>\n<meta property=\"og:url\" content=\"https:\/\/lallavepsi.net\/index.php\/formaciones-online\/estrategias-motivacionales\/\" \/>\n<meta property=\"article:modified_time\" content=\"2025-01-30T19:49:27+00:00\" \/>\n<meta name=\"twitter:card\" content=\"summary_large_image\" \/>\n<meta name=\"twitter:label1\" content=\"Tiempo de lectura\" \/>\n\t<meta name=\"twitter:data1\" content=\"2 minutos\" \/>\n<script type=\"application\/ld+json\" class=\"yoast-schema-graph\">{\"@context\":\"https:\/\/schema.org\",\"@graph\":[{\"@type\":\"WebPage\",\"@id\":\"https:\/\/lallavepsi.net\/index.php\/formaciones-online\/estrategias-motivacionales\/\",\"url\":\"https:\/\/lallavepsi.net\/index.php\/formaciones-online\/estrategias-motivacionales\/\",\"name\":\"ESTRATEGIAS MOTIVACIONALES -\",\"isPartOf\":{\"@id\":\"https:\/\/lallavepsi.net\/#website\"},\"datePublished\":\"2022-12-26T19:42:11+00:00\",\"dateModified\":\"2025-01-30T19:49:27+00:00\",\"breadcrumb\":{\"@id\":\"https:\/\/lallavepsi.net\/index.php\/formaciones-online\/estrategias-motivacionales\/#breadcrumb\"},\"inLanguage\":\"es-AR\",\"potentialAction\":[{\"@type\":\"ReadAction\",\"target\":[\"https:\/\/lallavepsi.net\/index.php\/formaciones-online\/estrategias-motivacionales\/\"]}]},{\"@type\":\"BreadcrumbList\",\"@id\":\"https:\/\/lallavepsi.net\/index.php\/formaciones-online\/estrategias-motivacionales\/#breadcrumb\",\"itemListElement\":[{\"@type\":\"ListItem\",\"position\":1,\"name\":\"Inicio\",\"item\":\"https:\/\/lallavepsi.net\/\"},{\"@type\":\"ListItem\",\"position\":2,\"name\":\"FORMACIONES Y ESPECIALIZACIONES ONLINE\",\"item\":\"https:\/\/lallavepsi.net\/index.php\/formaciones-online\/\"},{\"@type\":\"ListItem\",\"position\":3,\"name\":\"ESTRATEGIAS MOTIVACIONALES\"}]},{\"@type\":\"WebSite\",\"@id\":\"https:\/\/lallavepsi.net\/#website\",\"url\":\"https:\/\/lallavepsi.net\/\",\"name\":\"\",\"description\":\"\",\"potentialAction\":[{\"@type\":\"SearchAction\",\"target\":{\"@type\":\"EntryPoint\",\"urlTemplate\":\"https:\/\/lallavepsi.net\/?s={search_term_string}\"},\"query-input\":{\"@type\":\"PropertyValueSpecification\",\"valueRequired\":true,\"valueName\":\"search_term_string\"}}],\"inLanguage\":\"es-AR\"}]}<\/script>\n<!-- \/ Yoast SEO plugin. -->","yoast_head_json":{"title":"ESTRATEGIAS MOTIVACIONALES -","robots":{"index":"index","follow":"follow","max-snippet":"max-snippet:-1","max-image-preview":"max-image-preview:large","max-video-preview":"max-video-preview:-1"},"canonical":"https:\/\/lallavepsi.net\/index.php\/formaciones-online\/estrategias-motivacionales\/","og_locale":"es_ES","og_type":"article","og_title":"ESTRATEGIAS MOTIVACIONALES -","og_description":"FORMACI\u00d3N EN ESTRATEGIAS MOTIVACIONALES Dirigido a profesionales de la salud mental como complemento\/especializaci\u00f3n y p\u00fablico en general. Objetivo: brindar conocimientos te\u00f3ricos y entrenamiento pr\u00e1ctico en relaci\u00f3n a c\u00f3mo motivar desde el rol profesional o para automotivarse. Se intentar\u00e1 realizar a lo largo de la cursada una b\u00fasqueda introspectiva de las \u201cpropias motivaciones\u201d, para lograr a [&hellip;]","og_url":"https:\/\/lallavepsi.net\/index.php\/formaciones-online\/estrategias-motivacionales\/","article_modified_time":"2025-01-30T19:49:27+00:00","twitter_card":"summary_large_image","twitter_misc":{"Tiempo de lectura":"2 minutos"},"schema":{"@context":"https:\/\/schema.org","@graph":[{"@type":"WebPage","@id":"https:\/\/lallavepsi.net\/index.php\/formaciones-online\/estrategias-motivacionales\/","url":"https:\/\/lallavepsi.net\/index.php\/formaciones-online\/estrategias-motivacionales\/","name":"ESTRATEGIAS MOTIVACIONALES -","isPartOf":{"@id":"https:\/\/lallavepsi.net\/#website"},"datePublished":"2022-12-26T19:42:11+00:00","dateModified":"2025-01-30T19:49:27+00:00","breadcrumb":{"@id":"https:\/\/lallavepsi.net\/index.php\/formaciones-online\/estrategias-motivacionales\/#breadcrumb"},"inLanguage":"es-AR","potentialAction":[{"@type":"ReadAction","target":["https:\/\/lallavepsi.net\/index.php\/formaciones-online\/estrategias-motivacionales\/"]}]},{"@type":"BreadcrumbList","@id":"https:\/\/lallavepsi.net\/index.php\/formaciones-online\/estrategias-motivacionales\/#breadcrumb","itemListElement":[{"@type":"ListItem","position":1,"name":"Inicio","item":"https:\/\/lallavepsi.net\/"},{"@type":"ListItem","position":2,"name":"FORMACIONES Y ESPECIALIZACIONES ONLINE","item":"https:\/\/lallavepsi.net\/index.php\/formaciones-online\/"},{"@type":"ListItem","position":3,"name":"ESTRATEGIAS MOTIVACIONALES"}]},{"@type":"WebSite","@id":"https:\/\/lallavepsi.net\/#website","url":"https:\/\/lallavepsi.net\/","name":"","description":"","potentialAction":[{"@type":"SearchAction","target":{"@type":"EntryPoint","urlTemplate":"https:\/\/lallavepsi.net\/?s={search_term_string}"},"query-input":{"@type":"PropertyValueSpecification","valueRequired":true,"valueName":"search_term_string"}}],"inLanguage":"es-AR"}]}},"_hostinger_reach_plugin_has_subscription_block":false,"_hostinger_reach_plugin_is_elementor":false,"_links":{"self":[{"href":"https:\/\/lallavepsi.net\/index.php\/wp-json\/wp\/v2\/pages\/233","targetHints":{"allow":["GET"]}}],"collection":[{"href":"https:\/\/lallavepsi.net\/index.php\/wp-json\/wp\/v2\/pages"}],"about":[{"href":"https:\/\/lallavepsi.net\/index.php\/wp-json\/wp\/v2\/types\/page"}],"author":[{"embeddable":true,"href":"https:\/\/lallavepsi.net\/index.php\/wp-json\/wp\/v2\/users\/1"}],"replies":[{"embeddable":true,"href":"https:\/\/lallavepsi.net\/index.php\/wp-json\/wp\/v2\/comments?post=233"}],"version-history":[{"count":12,"href":"https:\/\/lallavepsi.net\/index.php\/wp-json\/wp\/v2\/pages\/233\/revisions"}],"predecessor-version":[{"id":2417,"href":"https:\/\/lallavepsi.net\/index.php\/wp-json\/wp\/v2\/pages\/233\/revisions\/2417"}],"up":[{"embeddable":true,"href":"https:\/\/lallavepsi.net\/index.php\/wp-json\/wp\/v2\/pages\/49"}],"wp:attachment":[{"href":"https:\/\/lallavepsi.net\/index.php\/wp-json\/wp\/v2\/media?parent=233"}],"curies":[{"name":"wp","href":"https:\/\/api.w.org\/{rel}","templated":true}]}}