{"id":235,"date":"2022-12-26T19:44:13","date_gmt":"2022-12-26T19:44:13","guid":{"rendered":"https:\/\/lallavepsi.net\/?page_id=235"},"modified":"2025-01-30T19:58:11","modified_gmt":"2025-01-30T19:58:11","slug":"sanando-nuestro-nino-pareja-interior","status":"publish","type":"page","link":"https:\/\/lallavepsi.net\/index.php\/formaciones-online\/sanando-nuestro-nino-pareja-interior\/","title":{"rendered":"SANANDO NUESTRO NI\u00d1O\/PAREJA INTERIOR"},"content":{"rendered":"<p><strong>FORMACI\u00d3N SANANDO NUESTRO NI\u00d1O\/PAREJA INTERIOR<\/strong><\/p>\n<p>\u201cSi amas, sufres. Si no amas, enfermas\u201d, Sigmund Freud<\/p>\n<p>\u201cEn cuestiones del amor no elegimos sino lo inevitable\u201d, Nasio<\/p>\n<p>&nbsp;<\/p>\n<p>Dirigido a p\u00fablico en general.<\/p>\n<p>Objetivo: aportar recursos y herramientas orientados a la sanaci\u00f3n de los arquetipos \u201cni\u00f1o interior\u201d y \u201cself\u201d (yo mismo)\u201d subjetivamente internalizados, con la finalidad de alcanzar una integraci\u00f3n que nos permita relaciones vinculares diferentes, desde un amor no utilitarista o carente.<\/p>\n<p>Duraci\u00f3n: 15 semanas o casi 4 meses.<\/p>\n<p>Inversi\u00f3n: Argentina $ 58000 mensuales. Descuento 10% abonando el curso completo.<\/p>\n<p>Promoci\u00f3n residentes Sudam\u00e9rica 40 % de descuento: usd\/\u20ac 48. Resto del mundo: usd\/\u20ac 80. Descuento adicional 10% abonando el curso completo.<\/p>\n<p>Modalidad: una clase semanal grupal online sincr\u00f3nica de dos horas te\u00f3rico-pr\u00e1ctica. Modalidad asincr\u00f3nica con env\u00edo de material te\u00f3rico-pr\u00e1ctico con feedback de dudas y consultas a trav\u00e9s de plataforma Skype. Quedan grabadas durante un mes.<\/p>\n<p>Bibliograf\u00eda: material digitalizado.<\/p>\n<p>Se entrega certificaci\u00f3n cumplida el 80% de asistencia.<\/p>\n<p>&nbsp;<\/p>\n<p>Programa:<\/p>\n<p>1\u00b0 clase: El arquetipo del ni\u00f1o interior desde Carl Jung. El arquetipo Self. El arquetipo Sombra. La ley del espejo. El sentido de la integraci\u00f3n de los opuestos. La teor\u00eda del apego de Bowlby. La familia como sistema. Constelaciones: los or\u00edgenes ancestrales, mi rol en el sistema. C\u00f3mo reconocer la sombra. Comunicaci\u00f3n con la sombra.<\/p>\n<p>2\u00b0 clase: Primera y segunda infancia. Tipos de ni\u00f1os. Las etapas psicosexuales freudianas. Abuso y maltrato infantil y sus posibles consecuencias patol\u00f3gicas. Secretos familiares. Enfermedades psicosom\u00e1ticas. Conductas repetitivas.<\/p>\n<p>3\u00b0 clase: El ni\u00f1o herido y contaminado: codependencia, conductas ofensivas, des\u00f3rdenes narcisistas, problemas de confianza, conductas de representaci\u00f3n internas\/externas, creencias m\u00e1gicas, disfunciones en la intimidad, falta de constancia, adicciones\/compulsiones, distorsiones cognitivas. Cuestionario del ni\u00f1o herido.<\/p>\n<p>4\u00b0 clase: El vac\u00edo existencial (apat\u00eda\/depresi\u00f3n). Fundamentos psicoanal\u00edticos: el deseo y la falta. Castraci\u00f3n y Edipo. Orientaci\u00f3n a Tener o Ser desde Fromm. Duelar el ni\u00f1o que no fui.<\/p>\n<p>5\u00b0 clase: Repercusiones emocionales. La herida espiritual. Abuso sexual, f\u00edsico y emocional. Bullying. Verg\u00fcenza. El sentido de los rituales. Par\u00e1bolas.<\/p>\n<p>6\u00b0 clase: Recuperaci\u00f3n: rescate del dolor original. La supremac\u00eda de las emociones. La huella del trauma inicial. La compulsi\u00f3n de repetir. Las defensas del Yo. Creaci\u00f3n de la sombra, alter ego, el falso self en Winnicott y Rogers.<\/p>\n<p>7\u00b0 clase: Recobrando nuestro Yo beb\u00e9, ni\u00f1o, escolar y adolescente. Test de \u00edndice de sospecha de la herida. Cuestionario, cartas, afirmaciones y meditaciones.<\/p>\n<p>8\u00b0 clase: Disfunciones familiares. Genograma personal. Matrices de aprendizaje, esquemas de pensamiento. Roles.<\/p>\n<p>9\u00b0 clase: Viendo al adulto como una nueva fuente de potencia. El perd\u00f3n. Hablemos a nuestro ni\u00f1o del poder superior que poseemos. D\u00e9monos una nueva infancia y un ancla de seguridad. Encontrando nuevos padres y madres para nuestro ni\u00f1o interior.<\/p>\n<p>10\u00b0 clase: Nuevos permisos a nuestro ni\u00f1o interior: nuevas reglas (disciplina nutriente). Permiso para ser vos. Tiempo y aceptaci\u00f3n. La compasi\u00f3n. Apego y desapego. El mindfulness como herramienta.<\/p>\n<p>11\u00b0 clase: Protecci\u00f3n de nuestro ni\u00f1o interior herido. Comunicaci\u00f3n: encontremos una nueva familia. La caricia y la oraci\u00f3n. Ejercicios correctivos: necesidades, alcanzar el poder de Ser, reconexi\u00f3n con los deseos, autonom\u00eda, expresi\u00f3n, emociones, decir que no, reglas de pelea limpia, l\u00edmites, imaginaci\u00f3n, aclaraciones, amor propio, confrontaci\u00f3n, habilidades, valores, respeto. Termin\u00e1 tu meta o cuento de hadas.<\/p>\n<p>12\u00b0 clase: Regeneraci\u00f3n: el ni\u00f1o como transformaci\u00f3n y s\u00edmbolo universal de regeneraci\u00f3n. El Yo aut\u00e9ntico. La congruencia de Rogers. La no idealizaci\u00f3n. Meditaci\u00f3n para reorganizar nuestra vida con nuestro ni\u00f1o maravilloso.<\/p>\n<p>13\u00b0 clase: Meditaci\u00f3n creativa de regeneraci\u00f3n. Contemos nuestras historias. Emergencia energ\u00e9tica. Sucesos traum\u00e1ticos y dolor emocional. Sue\u00f1os. Memorias de la infancia. Una buena noticia. Meditaci\u00f3n sobre recuerdos de la infancia creativos. Creatividad.<\/p>\n<p>14\u00b0 clase: La perspectiva espiritual. Karma. Sanaci\u00f3n desde la metaf\u00edsica con afirmaciones, tests, meditaci\u00f3n, escritura y dibujos, visualizaci\u00f3n creativa, 7 rayos. Ejercicios con el espejo.<\/p>\n<p>15\u00b0 clase: El amor desde diferentes perspectivas: Eros, poder, potencia y sus contrapartes. El amor como forma de espiritualidad en acci\u00f3n. \u00d3rdenes del amor desde Hellinger. Cierre: regreso a casa.<\/p>\n<p>&nbsp;<\/p>\n<p>Bibliograf\u00eda recomendada para seguir la formaci\u00f3n:<\/p>\n<p>Fromm, E. El arte de amar. Fromm, Ser o Tener.<\/p>\n<p>Aportes freudianos y lacanianos (obras varias).<\/p>\n<p>Hellinger, B. \u00d3rdenes del amor.<\/p>\n<p>Bradshaw, J. Nuestro ni\u00f1o interior.<\/p>\n<p>Hay, L. El poder est\u00e1 dentro de ti<\/p>\n<p>Davis, B. El ni\u00f1o m\u00e1gico que hay dentro de ti.<\/p>\n","protected":false},"excerpt":{"rendered":"<p>FORMACI\u00d3N SANANDO NUESTRO NI\u00d1O\/PAREJA INTERIOR \u201cSi amas, sufres. Si no amas, enfermas\u201d, Sigmund Freud \u201cEn cuestiones del amor no elegimos sino lo inevitable\u201d, Nasio &nbsp; Dirigido a p\u00fablico en general. Objetivo: aportar recursos y herramientas orientados a la sanaci\u00f3n de los arquetipos \u201cni\u00f1o interior\u201d y \u201cself\u201d (yo mismo)\u201d subjetivamente internalizados, con la finalidad de alcanzar [&hellip;]<\/p>\n","protected":false},"author":1,"featured_media":0,"parent":49,"menu_order":0,"comment_status":"closed","ping_status":"closed","template":"","meta":{"_monsterinsights_skip_tracking":false,"_monsterinsights_sitenote_active":false,"_monsterinsights_sitenote_note":"","_monsterinsights_sitenote_category":0,"_uf_show_specific_survey":0,"_uf_disable_surveys":false,"site-sidebar-layout":"default","site-content-layout":"default","ast-site-content-layout":"default","site-content-style":"default","site-sidebar-style":"default","ast-global-header-display":"","ast-banner-title-visibility":"","ast-main-header-display":"","ast-hfb-above-header-display":"","ast-hfb-below-header-display":"","ast-hfb-mobile-header-display":"","site-post-title":"","ast-breadcrumbs-content":"","ast-featured-img":"","footer-sml-layout":"","ast-disable-related-posts":"","theme-transparent-header-meta":"default","adv-header-id-meta":"","stick-header-meta":"","header-above-stick-meta":"","header-main-stick-meta":"","header-below-stick-meta":"","astra-migrate-meta-layouts":"set","ast-page-background-enabled":"default","ast-page-background-meta":{"desktop":{"background-color":"var(--ast-global-color-4)","background-image":"","background-repeat":"repeat","background-position":"center center","background-size":"auto","background-attachment":"scroll","background-type":"","background-media":"","overlay-type":"","overlay-color":"","overlay-opacity":"","overlay-gradient":""},"tablet":{"background-color":"","background-image":"","background-repeat":"repeat","background-position":"center center","background-size":"auto","background-attachment":"scroll","background-type":"","background-media":"","overlay-type":"","overlay-color":"","overlay-opacity":"","overlay-gradient":""},"mobile":{"background-color":"","background-image":"","background-repeat":"repeat","background-position":"center center","background-size":"auto","background-attachment":"scroll","background-type":"","background-media":"","overlay-type":"","overlay-color":"","overlay-opacity":"","overlay-gradient":""}},"ast-content-background-meta":{"desktop":{"background-color":"var(--ast-global-color-5)","background-image":"","background-repeat":"repeat","background-position":"center center","background-size":"auto","background-attachment":"scroll","background-type":"","background-media":"","overlay-type":"","overlay-color":"","overlay-opacity":"","overlay-gradient":""},"tablet":{"background-color":"var(--ast-global-color-5)","background-image":"","background-repeat":"repeat","background-position":"center center","background-size":"auto","background-attachment":"scroll","background-type":"","background-media":"","overlay-type":"","overlay-color":"","overlay-opacity":"","overlay-gradient":""},"mobile":{"background-color":"var(--ast-global-color-5)","background-image":"","background-repeat":"repeat","background-position":"center center","background-size":"auto","background-attachment":"scroll","background-type":"","background-media":"","overlay-type":"","overlay-color":"","overlay-opacity":"","overlay-gradient":""}},"footnotes":""},"class_list":["post-235","page","type-page","status-publish","hentry"],"yoast_head":"<!-- This site is optimized with the Yoast SEO plugin v27.0 - https:\/\/yoast.com\/product\/yoast-seo-wordpress\/ -->\n<title>SANANDO NUESTRO NI\u00d1O\/PAREJA INTERIOR -<\/title>\n<meta name=\"robots\" content=\"index, follow, max-snippet:-1, max-image-preview:large, max-video-preview:-1\" \/>\n<link rel=\"canonical\" href=\"https:\/\/lallavepsi.net\/index.php\/formaciones-online\/sanando-nuestro-nino-pareja-interior\/\" \/>\n<meta property=\"og:locale\" content=\"es_ES\" \/>\n<meta property=\"og:type\" content=\"article\" \/>\n<meta property=\"og:title\" content=\"SANANDO NUESTRO NI\u00d1O\/PAREJA INTERIOR -\" \/>\n<meta property=\"og:description\" content=\"FORMACI\u00d3N SANANDO NUESTRO NI\u00d1O\/PAREJA INTERIOR \u201cSi amas, sufres. Si no amas, enfermas\u201d, Sigmund Freud \u201cEn cuestiones del amor no elegimos sino lo inevitable\u201d, Nasio &nbsp; Dirigido a p\u00fablico en general. Objetivo: aportar recursos y herramientas orientados a la sanaci\u00f3n de los arquetipos \u201cni\u00f1o interior\u201d y \u201cself\u201d (yo mismo)\u201d subjetivamente internalizados, con la finalidad de alcanzar [&hellip;]\" \/>\n<meta property=\"og:url\" content=\"https:\/\/lallavepsi.net\/index.php\/formaciones-online\/sanando-nuestro-nino-pareja-interior\/\" \/>\n<meta property=\"article:modified_time\" content=\"2025-01-30T19:58:11+00:00\" \/>\n<meta name=\"twitter:card\" content=\"summary_large_image\" \/>\n<meta name=\"twitter:label1\" content=\"Tiempo de lectura\" \/>\n\t<meta name=\"twitter:data1\" content=\"4 minutos\" \/>\n<script type=\"application\/ld+json\" class=\"yoast-schema-graph\">{\"@context\":\"https:\/\/schema.org\",\"@graph\":[{\"@type\":\"WebPage\",\"@id\":\"https:\/\/lallavepsi.net\/index.php\/formaciones-online\/sanando-nuestro-nino-pareja-interior\/\",\"url\":\"https:\/\/lallavepsi.net\/index.php\/formaciones-online\/sanando-nuestro-nino-pareja-interior\/\",\"name\":\"SANANDO NUESTRO NI\u00d1O\/PAREJA INTERIOR -\",\"isPartOf\":{\"@id\":\"https:\/\/lallavepsi.net\/#website\"},\"datePublished\":\"2022-12-26T19:44:13+00:00\",\"dateModified\":\"2025-01-30T19:58:11+00:00\",\"breadcrumb\":{\"@id\":\"https:\/\/lallavepsi.net\/index.php\/formaciones-online\/sanando-nuestro-nino-pareja-interior\/#breadcrumb\"},\"inLanguage\":\"es-AR\",\"potentialAction\":[{\"@type\":\"ReadAction\",\"target\":[\"https:\/\/lallavepsi.net\/index.php\/formaciones-online\/sanando-nuestro-nino-pareja-interior\/\"]}]},{\"@type\":\"BreadcrumbList\",\"@id\":\"https:\/\/lallavepsi.net\/index.php\/formaciones-online\/sanando-nuestro-nino-pareja-interior\/#breadcrumb\",\"itemListElement\":[{\"@type\":\"ListItem\",\"position\":1,\"name\":\"Inicio\",\"item\":\"https:\/\/lallavepsi.net\/\"},{\"@type\":\"ListItem\",\"position\":2,\"name\":\"FORMACIONES Y ESPECIALIZACIONES ONLINE\",\"item\":\"https:\/\/lallavepsi.net\/index.php\/formaciones-online\/\"},{\"@type\":\"ListItem\",\"position\":3,\"name\":\"SANANDO NUESTRO NI\u00d1O\/PAREJA INTERIOR\"}]},{\"@type\":\"WebSite\",\"@id\":\"https:\/\/lallavepsi.net\/#website\",\"url\":\"https:\/\/lallavepsi.net\/\",\"name\":\"\",\"description\":\"\",\"potentialAction\":[{\"@type\":\"SearchAction\",\"target\":{\"@type\":\"EntryPoint\",\"urlTemplate\":\"https:\/\/lallavepsi.net\/?s={search_term_string}\"},\"query-input\":{\"@type\":\"PropertyValueSpecification\",\"valueRequired\":true,\"valueName\":\"search_term_string\"}}],\"inLanguage\":\"es-AR\"}]}<\/script>\n<!-- \/ Yoast SEO plugin. -->","yoast_head_json":{"title":"SANANDO NUESTRO NI\u00d1O\/PAREJA INTERIOR -","robots":{"index":"index","follow":"follow","max-snippet":"max-snippet:-1","max-image-preview":"max-image-preview:large","max-video-preview":"max-video-preview:-1"},"canonical":"https:\/\/lallavepsi.net\/index.php\/formaciones-online\/sanando-nuestro-nino-pareja-interior\/","og_locale":"es_ES","og_type":"article","og_title":"SANANDO NUESTRO NI\u00d1O\/PAREJA INTERIOR -","og_description":"FORMACI\u00d3N SANANDO NUESTRO NI\u00d1O\/PAREJA INTERIOR \u201cSi amas, sufres. Si no amas, enfermas\u201d, Sigmund Freud \u201cEn cuestiones del amor no elegimos sino lo inevitable\u201d, Nasio &nbsp; Dirigido a p\u00fablico en general. Objetivo: aportar recursos y herramientas orientados a la sanaci\u00f3n de los arquetipos \u201cni\u00f1o interior\u201d y \u201cself\u201d (yo mismo)\u201d subjetivamente internalizados, con la finalidad de alcanzar [&hellip;]","og_url":"https:\/\/lallavepsi.net\/index.php\/formaciones-online\/sanando-nuestro-nino-pareja-interior\/","article_modified_time":"2025-01-30T19:58:11+00:00","twitter_card":"summary_large_image","twitter_misc":{"Tiempo de lectura":"4 minutos"},"schema":{"@context":"https:\/\/schema.org","@graph":[{"@type":"WebPage","@id":"https:\/\/lallavepsi.net\/index.php\/formaciones-online\/sanando-nuestro-nino-pareja-interior\/","url":"https:\/\/lallavepsi.net\/index.php\/formaciones-online\/sanando-nuestro-nino-pareja-interior\/","name":"SANANDO NUESTRO NI\u00d1O\/PAREJA INTERIOR -","isPartOf":{"@id":"https:\/\/lallavepsi.net\/#website"},"datePublished":"2022-12-26T19:44:13+00:00","dateModified":"2025-01-30T19:58:11+00:00","breadcrumb":{"@id":"https:\/\/lallavepsi.net\/index.php\/formaciones-online\/sanando-nuestro-nino-pareja-interior\/#breadcrumb"},"inLanguage":"es-AR","potentialAction":[{"@type":"ReadAction","target":["https:\/\/lallavepsi.net\/index.php\/formaciones-online\/sanando-nuestro-nino-pareja-interior\/"]}]},{"@type":"BreadcrumbList","@id":"https:\/\/lallavepsi.net\/index.php\/formaciones-online\/sanando-nuestro-nino-pareja-interior\/#breadcrumb","itemListElement":[{"@type":"ListItem","position":1,"name":"Inicio","item":"https:\/\/lallavepsi.net\/"},{"@type":"ListItem","position":2,"name":"FORMACIONES Y ESPECIALIZACIONES ONLINE","item":"https:\/\/lallavepsi.net\/index.php\/formaciones-online\/"},{"@type":"ListItem","position":3,"name":"SANANDO NUESTRO NI\u00d1O\/PAREJA INTERIOR"}]},{"@type":"WebSite","@id":"https:\/\/lallavepsi.net\/#website","url":"https:\/\/lallavepsi.net\/","name":"","description":"","potentialAction":[{"@type":"SearchAction","target":{"@type":"EntryPoint","urlTemplate":"https:\/\/lallavepsi.net\/?s={search_term_string}"},"query-input":{"@type":"PropertyValueSpecification","valueRequired":true,"valueName":"search_term_string"}}],"inLanguage":"es-AR"}]}},"_hostinger_reach_plugin_has_subscription_block":false,"_hostinger_reach_plugin_is_elementor":false,"_links":{"self":[{"href":"https:\/\/lallavepsi.net\/index.php\/wp-json\/wp\/v2\/pages\/235","targetHints":{"allow":["GET"]}}],"collection":[{"href":"https:\/\/lallavepsi.net\/index.php\/wp-json\/wp\/v2\/pages"}],"about":[{"href":"https:\/\/lallavepsi.net\/index.php\/wp-json\/wp\/v2\/types\/page"}],"author":[{"embeddable":true,"href":"https:\/\/lallavepsi.net\/index.php\/wp-json\/wp\/v2\/users\/1"}],"replies":[{"embeddable":true,"href":"https:\/\/lallavepsi.net\/index.php\/wp-json\/wp\/v2\/comments?post=235"}],"version-history":[{"count":9,"href":"https:\/\/lallavepsi.net\/index.php\/wp-json\/wp\/v2\/pages\/235\/revisions"}],"predecessor-version":[{"id":2443,"href":"https:\/\/lallavepsi.net\/index.php\/wp-json\/wp\/v2\/pages\/235\/revisions\/2443"}],"up":[{"embeddable":true,"href":"https:\/\/lallavepsi.net\/index.php\/wp-json\/wp\/v2\/pages\/49"}],"wp:attachment":[{"href":"https:\/\/lallavepsi.net\/index.php\/wp-json\/wp\/v2\/media?parent=235"}],"curies":[{"name":"wp","href":"https:\/\/api.w.org\/{rel}","templated":true}]}}