{"id":239,"date":"2022-12-26T19:49:03","date_gmt":"2022-12-26T19:49:03","guid":{"rendered":"https:\/\/lallavepsi.net\/?page_id=239"},"modified":"2025-01-30T19:52:37","modified_gmt":"2025-01-30T19:52:37","slug":"primeros-auxilios-psicologicos","status":"publish","type":"page","link":"https:\/\/lallavepsi.net\/index.php\/formaciones-online\/primeros-auxilios-psicologicos\/","title":{"rendered":"PRIMEROS AUXILIOS PSICOL\u00d3GICOS"},"content":{"rendered":"<p><strong>FORMACI\u00d3N EN PRIMEROS AUXILIOS PSICOL\u00d3GICOS (MANEJO DE CRISIS)<\/strong><\/p>\n<p>Dirigido a profesionales de la salud mental como complemento\/especializaci\u00f3n y p\u00fablico en general.<\/p>\n<p>Objetivo: adquirir las competencias para aplicar los primeros auxilios psicol\u00f3gicos a personas, familias y comunidades tras un evento estresante cotidiano o comunitario. Ser capaces de preparar diferentes escenarios para ser utilizados como lugar de recepci\u00f3n de afectados y familiares y para la aplicaci\u00f3n de los primeros auxilios psicol\u00f3gicos. Entrenarse en la aplicaci\u00f3n de los protocolos de desactivaci\u00f3n y recuperaci\u00f3n de los intervinientes que han estado participando en la gesti\u00f3n de una emergencia.<\/p>\n<p>Apuntamos a:<\/p>\n<p>-Establecer una conexi\u00f3n humana compasiva y no intrusiva.<\/p>\n<p>-Mejorar la seguridad inmediata continua y brindar alivio f\u00edsico y emocional.<\/p>\n<p>-Calmar y orientar a los sobrevivientes que se encuentren abrumados o agobiados emocionalmente.<\/p>\n<p>-Ofrecer asistencia e informaci\u00f3n pr\u00e1ctica para ayudar a los sobrevivientes a enfrentar sus necesidades y preocupaciones inmediatas.<\/p>\n<p>-Poner en contacto a los sobrevivientes lo antes posible con redes de apoyo social, incluyendo a miembros de la familia, amigos, vecinos y recursos de ayuda comunitarios.<\/p>\n<p>-Apoyar el manejo adaptativo de la situaci\u00f3n, reconocer los esfuerzos y fortalezas para afrontar la adversidad, empoderar a los sobrevivientes y animar a los adultos, ni\u00f1os y familias a tomar un rol activo en su propia recuperaci\u00f3n.<\/p>\n<p>-Proveer informaci\u00f3n que pueda ayudar a los sobrevivientes a afrontar efectivamente el impacto psicol\u00f3gico de desastres.<\/p>\n<p>Duraci\u00f3n: 6 semanas o 1 mes y medio.<\/p>\n<p>Inversi\u00f3n: Argentina $ 58000 mensuales.<\/p>\n<p>Promoci\u00f3n residentes Sudam\u00e9rica 40 % de descuento: usd\/\u20ac 48. Resto del mundo: usd\/\u20ac 80.<\/p>\n<p>Modalidad: una clase semanal grupal online sincr\u00f3nica de dos horas te\u00f3rico-pr\u00e1ctica. Modalidad asincr\u00f3nica con env\u00edo de material te\u00f3rico-pr\u00e1ctico con feedback de dudas y consultas a trav\u00e9s de plataforma Skype. Quedan grabadas durante un mes.<\/p>\n<p>Bibliograf\u00eda: material digitalizado. Videograf\u00eda y power points.<\/p>\n<p>Se entrega certificaci\u00f3n cumplida el 80% de asistencia.<\/p>\n<p>&nbsp;<\/p>\n<p>Contenido:<\/p>\n<p>\u00bfQu\u00e9 son los Primeros Auxilios Psicol\u00f3gicos?<\/p>\n<p>\u00bfPara qui\u00e9nes son los Primeros Auxilios Psicol\u00f3gicos?<\/p>\n<p>\u00bfQui\u00e9n provee Primeros Auxilios Psicol\u00f3gicos?<\/p>\n<p>\u00bfCu\u00e1ndo se deben proveer Primeros Auxilios Psicol\u00f3gicos?<\/p>\n<p>\u00bfD\u00f3nde se deben proveer Primeros Auxilios Psicol\u00f3gicos?<\/p>\n<p>&nbsp;<\/p>\n<p>Programa:<\/p>\n<p>M\u00f3dulo 1: Introducci\u00f3n y conceptos principales. Qu\u00e9 es y qu\u00e9 no es PAP. Funcionalidad. C\u00faando, d\u00f3nde y para qui\u00e9n intervenir. Desastre y emergencia. Evento traum\u00e1tico. Crisis. Fases y tipos. Objetivos principales. V\u00edctimas. Estructuras ps\u00edquicas.<\/p>\n<p>M\u00f3dulo 2: Trastornos del estado del \u00e1nimo: depresi\u00f3n y ansiedad, marcas de \u00e9poca. Duelo.<\/p>\n<p>M\u00f3dulo 3: Reacciones ante una crisis. Recomendaciones. Tareas, actitudes, qu\u00e9 hacer y qu\u00e9 no. Componentes generales. Caracter\u00edsticas de la persona y pasos a seguir. Estr\u00e9s. T\u00e9cnicas de afrontamiento. Trastorno por estr\u00e9s agudo (TEA) y trastorno por estr\u00e9s postraum\u00e1tico (TEPT).<\/p>\n<p>M\u00f3dulo 4: Principos de actuaci\u00f3n. Programas de intervenci\u00f3n. Cuidados especiales. Etapas y medidas de protecci\u00f3n. T\u00e9cnicas de contenci\u00f3n emocional. Otros trastornos del estado del \u00e1nimo.<\/p>\n<p>M\u00f3dulo 5: Elementos transversales a la intervenci\u00f3n. Actividades de autoconocimiento y autoayuda. Comunicaci\u00f3n adecuada.<\/p>\n<p>M\u00f3dulo 6: Simulaci\u00f3n de escenarios posibles. Protocolos. Ejemplos. Casos. Pr\u00e1cticas. Dudas.<\/p>\n","protected":false},"excerpt":{"rendered":"<p>FORMACI\u00d3N EN PRIMEROS AUXILIOS PSICOL\u00d3GICOS (MANEJO DE CRISIS) Dirigido a profesionales de la salud mental como complemento\/especializaci\u00f3n y p\u00fablico en general. Objetivo: adquirir las competencias para aplicar los primeros auxilios psicol\u00f3gicos a personas, familias y comunidades tras un evento estresante cotidiano o comunitario. Ser capaces de preparar diferentes escenarios para ser utilizados como lugar de [&hellip;]<\/p>\n","protected":false},"author":1,"featured_media":0,"parent":49,"menu_order":0,"comment_status":"closed","ping_status":"closed","template":"","meta":{"_monsterinsights_skip_tracking":false,"_monsterinsights_sitenote_active":false,"_monsterinsights_sitenote_note":"","_monsterinsights_sitenote_category":0,"_uf_show_specific_survey":0,"_uf_disable_surveys":false,"site-sidebar-layout":"default","site-content-layout":"default","ast-site-content-layout":"default","site-content-style":"default","site-sidebar-style":"default","ast-global-header-display":"","ast-banner-title-visibility":"","ast-main-header-display":"","ast-hfb-above-header-display":"","ast-hfb-below-header-display":"","ast-hfb-mobile-header-display":"","site-post-title":"","ast-breadcrumbs-content":"","ast-featured-img":"","footer-sml-layout":"","ast-disable-related-posts":"","theme-transparent-header-meta":"default","adv-header-id-meta":"","stick-header-meta":"","header-above-stick-meta":"","header-main-stick-meta":"","header-below-stick-meta":"","astra-migrate-meta-layouts":"set","ast-page-background-enabled":"default","ast-page-background-meta":{"desktop":{"background-color":"var(--ast-global-color-4)","background-image":"","background-repeat":"repeat","background-position":"center center","background-size":"auto","background-attachment":"scroll","background-type":"","background-media":"","overlay-type":"","overlay-color":"","overlay-opacity":"","overlay-gradient":""},"tablet":{"background-color":"","background-image":"","background-repeat":"repeat","background-position":"center center","background-size":"auto","background-attachment":"scroll","background-type":"","background-media":"","overlay-type":"","overlay-color":"","overlay-opacity":"","overlay-gradient":""},"mobile":{"background-color":"","background-image":"","background-repeat":"repeat","background-position":"center center","background-size":"auto","background-attachment":"scroll","background-type":"","background-media":"","overlay-type":"","overlay-color":"","overlay-opacity":"","overlay-gradient":""}},"ast-content-background-meta":{"desktop":{"background-color":"var(--ast-global-color-5)","background-image":"","background-repeat":"repeat","background-position":"center center","background-size":"auto","background-attachment":"scroll","background-type":"","background-media":"","overlay-type":"","overlay-color":"","overlay-opacity":"","overlay-gradient":""},"tablet":{"background-color":"var(--ast-global-color-5)","background-image":"","background-repeat":"repeat","background-position":"center center","background-size":"auto","background-attachment":"scroll","background-type":"","background-media":"","overlay-type":"","overlay-color":"","overlay-opacity":"","overlay-gradient":""},"mobile":{"background-color":"var(--ast-global-color-5)","background-image":"","background-repeat":"repeat","background-position":"center center","background-size":"auto","background-attachment":"scroll","background-type":"","background-media":"","overlay-type":"","overlay-color":"","overlay-opacity":"","overlay-gradient":""}},"footnotes":""},"class_list":["post-239","page","type-page","status-publish","hentry"],"yoast_head":"<!-- This site is optimized with the Yoast SEO plugin v27.0 - https:\/\/yoast.com\/product\/yoast-seo-wordpress\/ -->\n<title>PRIMEROS AUXILIOS PSICOL\u00d3GICOS -<\/title>\n<meta name=\"robots\" content=\"index, follow, max-snippet:-1, max-image-preview:large, max-video-preview:-1\" \/>\n<link rel=\"canonical\" href=\"https:\/\/lallavepsi.net\/index.php\/formaciones-online\/primeros-auxilios-psicologicos\/\" \/>\n<meta property=\"og:locale\" content=\"es_ES\" \/>\n<meta property=\"og:type\" content=\"article\" \/>\n<meta property=\"og:title\" content=\"PRIMEROS AUXILIOS PSICOL\u00d3GICOS -\" \/>\n<meta property=\"og:description\" content=\"FORMACI\u00d3N EN PRIMEROS AUXILIOS PSICOL\u00d3GICOS (MANEJO DE CRISIS) Dirigido a profesionales de la salud mental como complemento\/especializaci\u00f3n y p\u00fablico en general. Objetivo: adquirir las competencias para aplicar los primeros auxilios psicol\u00f3gicos a personas, familias y comunidades tras un evento estresante cotidiano o comunitario. Ser capaces de preparar diferentes escenarios para ser utilizados como lugar de [&hellip;]\" \/>\n<meta property=\"og:url\" content=\"https:\/\/lallavepsi.net\/index.php\/formaciones-online\/primeros-auxilios-psicologicos\/\" \/>\n<meta property=\"article:modified_time\" content=\"2025-01-30T19:52:37+00:00\" \/>\n<meta name=\"twitter:card\" content=\"summary_large_image\" \/>\n<meta name=\"twitter:label1\" content=\"Tiempo de lectura\" \/>\n\t<meta name=\"twitter:data1\" content=\"3 minutos\" \/>\n<script type=\"application\/ld+json\" class=\"yoast-schema-graph\">{\"@context\":\"https:\/\/schema.org\",\"@graph\":[{\"@type\":\"WebPage\",\"@id\":\"https:\/\/lallavepsi.net\/index.php\/formaciones-online\/primeros-auxilios-psicologicos\/\",\"url\":\"https:\/\/lallavepsi.net\/index.php\/formaciones-online\/primeros-auxilios-psicologicos\/\",\"name\":\"PRIMEROS AUXILIOS PSICOL\u00d3GICOS -\",\"isPartOf\":{\"@id\":\"https:\/\/lallavepsi.net\/#website\"},\"datePublished\":\"2022-12-26T19:49:03+00:00\",\"dateModified\":\"2025-01-30T19:52:37+00:00\",\"breadcrumb\":{\"@id\":\"https:\/\/lallavepsi.net\/index.php\/formaciones-online\/primeros-auxilios-psicologicos\/#breadcrumb\"},\"inLanguage\":\"es-AR\",\"potentialAction\":[{\"@type\":\"ReadAction\",\"target\":[\"https:\/\/lallavepsi.net\/index.php\/formaciones-online\/primeros-auxilios-psicologicos\/\"]}]},{\"@type\":\"BreadcrumbList\",\"@id\":\"https:\/\/lallavepsi.net\/index.php\/formaciones-online\/primeros-auxilios-psicologicos\/#breadcrumb\",\"itemListElement\":[{\"@type\":\"ListItem\",\"position\":1,\"name\":\"Inicio\",\"item\":\"https:\/\/lallavepsi.net\/\"},{\"@type\":\"ListItem\",\"position\":2,\"name\":\"FORMACIONES Y ESPECIALIZACIONES ONLINE\",\"item\":\"https:\/\/lallavepsi.net\/index.php\/formaciones-online\/\"},{\"@type\":\"ListItem\",\"position\":3,\"name\":\"PRIMEROS AUXILIOS PSICOL\u00d3GICOS\"}]},{\"@type\":\"WebSite\",\"@id\":\"https:\/\/lallavepsi.net\/#website\",\"url\":\"https:\/\/lallavepsi.net\/\",\"name\":\"\",\"description\":\"\",\"potentialAction\":[{\"@type\":\"SearchAction\",\"target\":{\"@type\":\"EntryPoint\",\"urlTemplate\":\"https:\/\/lallavepsi.net\/?s={search_term_string}\"},\"query-input\":{\"@type\":\"PropertyValueSpecification\",\"valueRequired\":true,\"valueName\":\"search_term_string\"}}],\"inLanguage\":\"es-AR\"}]}<\/script>\n<!-- \/ Yoast SEO plugin. -->","yoast_head_json":{"title":"PRIMEROS AUXILIOS PSICOL\u00d3GICOS -","robots":{"index":"index","follow":"follow","max-snippet":"max-snippet:-1","max-image-preview":"max-image-preview:large","max-video-preview":"max-video-preview:-1"},"canonical":"https:\/\/lallavepsi.net\/index.php\/formaciones-online\/primeros-auxilios-psicologicos\/","og_locale":"es_ES","og_type":"article","og_title":"PRIMEROS AUXILIOS PSICOL\u00d3GICOS -","og_description":"FORMACI\u00d3N EN PRIMEROS AUXILIOS PSICOL\u00d3GICOS (MANEJO DE CRISIS) Dirigido a profesionales de la salud mental como complemento\/especializaci\u00f3n y p\u00fablico en general. Objetivo: adquirir las competencias para aplicar los primeros auxilios psicol\u00f3gicos a personas, familias y comunidades tras un evento estresante cotidiano o comunitario. Ser capaces de preparar diferentes escenarios para ser utilizados como lugar de [&hellip;]","og_url":"https:\/\/lallavepsi.net\/index.php\/formaciones-online\/primeros-auxilios-psicologicos\/","article_modified_time":"2025-01-30T19:52:37+00:00","twitter_card":"summary_large_image","twitter_misc":{"Tiempo de lectura":"3 minutos"},"schema":{"@context":"https:\/\/schema.org","@graph":[{"@type":"WebPage","@id":"https:\/\/lallavepsi.net\/index.php\/formaciones-online\/primeros-auxilios-psicologicos\/","url":"https:\/\/lallavepsi.net\/index.php\/formaciones-online\/primeros-auxilios-psicologicos\/","name":"PRIMEROS AUXILIOS PSICOL\u00d3GICOS -","isPartOf":{"@id":"https:\/\/lallavepsi.net\/#website"},"datePublished":"2022-12-26T19:49:03+00:00","dateModified":"2025-01-30T19:52:37+00:00","breadcrumb":{"@id":"https:\/\/lallavepsi.net\/index.php\/formaciones-online\/primeros-auxilios-psicologicos\/#breadcrumb"},"inLanguage":"es-AR","potentialAction":[{"@type":"ReadAction","target":["https:\/\/lallavepsi.net\/index.php\/formaciones-online\/primeros-auxilios-psicologicos\/"]}]},{"@type":"BreadcrumbList","@id":"https:\/\/lallavepsi.net\/index.php\/formaciones-online\/primeros-auxilios-psicologicos\/#breadcrumb","itemListElement":[{"@type":"ListItem","position":1,"name":"Inicio","item":"https:\/\/lallavepsi.net\/"},{"@type":"ListItem","position":2,"name":"FORMACIONES Y ESPECIALIZACIONES ONLINE","item":"https:\/\/lallavepsi.net\/index.php\/formaciones-online\/"},{"@type":"ListItem","position":3,"name":"PRIMEROS AUXILIOS PSICOL\u00d3GICOS"}]},{"@type":"WebSite","@id":"https:\/\/lallavepsi.net\/#website","url":"https:\/\/lallavepsi.net\/","name":"","description":"","potentialAction":[{"@type":"SearchAction","target":{"@type":"EntryPoint","urlTemplate":"https:\/\/lallavepsi.net\/?s={search_term_string}"},"query-input":{"@type":"PropertyValueSpecification","valueRequired":true,"valueName":"search_term_string"}}],"inLanguage":"es-AR"}]}},"_hostinger_reach_plugin_has_subscription_block":false,"_hostinger_reach_plugin_is_elementor":false,"_links":{"self":[{"href":"https:\/\/lallavepsi.net\/index.php\/wp-json\/wp\/v2\/pages\/239","targetHints":{"allow":["GET"]}}],"collection":[{"href":"https:\/\/lallavepsi.net\/index.php\/wp-json\/wp\/v2\/pages"}],"about":[{"href":"https:\/\/lallavepsi.net\/index.php\/wp-json\/wp\/v2\/types\/page"}],"author":[{"embeddable":true,"href":"https:\/\/lallavepsi.net\/index.php\/wp-json\/wp\/v2\/users\/1"}],"replies":[{"embeddable":true,"href":"https:\/\/lallavepsi.net\/index.php\/wp-json\/wp\/v2\/comments?post=239"}],"version-history":[{"count":18,"href":"https:\/\/lallavepsi.net\/index.php\/wp-json\/wp\/v2\/pages\/239\/revisions"}],"predecessor-version":[{"id":2429,"href":"https:\/\/lallavepsi.net\/index.php\/wp-json\/wp\/v2\/pages\/239\/revisions\/2429"}],"up":[{"embeddable":true,"href":"https:\/\/lallavepsi.net\/index.php\/wp-json\/wp\/v2\/pages\/49"}],"wp:attachment":[{"href":"https:\/\/lallavepsi.net\/index.php\/wp-json\/wp\/v2\/media?parent=239"}],"curies":[{"name":"wp","href":"https:\/\/api.w.org\/{rel}","templated":true}]}}