{"id":241,"date":"2022-12-26T19:50:16","date_gmt":"2022-12-26T19:50:16","guid":{"rendered":"https:\/\/lallavepsi.net\/?page_id=241"},"modified":"2025-01-30T19:52:17","modified_gmt":"2025-01-30T19:52:17","slug":"pensamiento-complejo-y-multiple","status":"publish","type":"page","link":"https:\/\/lallavepsi.net\/index.php\/formaciones-online\/pensamiento-complejo-y-multiple\/","title":{"rendered":"PENSAMIENTO COMPLEJO Y M\u00daLTIPLE"},"content":{"rendered":"<p><strong>FORMACI\u00d3N EN PENSAMIENTO COMPLEJO Y M\u00daLTIPLE<\/strong><\/p>\n<p>Dirigido a profesionales de la salud mental como complemento\/especializaci\u00f3n y p\u00fablico en general.<\/p>\n<p>Objetivo: alcanzar una aproximaci\u00f3n hacia la comprensi\u00f3n del pensamiento complejo y multidimensional como forma de tercera v\u00eda de pensamiento en contraposici\u00f3n al pensamiento simple, generalizador y reduccionista. Lograr salir del pensamiento binario y sus expresiones en todos los \u00e1mbitos vitales. Abrir la mente a infinitas potencialidades.<\/p>\n<p>Duraci\u00f3n: 10 clases o 2 meses y medio.<\/p>\n<p>Inversi\u00f3n: Argentina $ 58000 mensuales. Exterior: usd\/\u20ac 80.<\/p>\n<p>Promoci\u00f3n residentes Sudam\u00e9rica 40 % de descuento: usd\/\u20ac 48. Resto del mundo: usd\/\u20ac 80.<\/p>\n<p>Modalidad: una clase semanal grupal online sincr\u00f3nica de dos horas te\u00f3rico-pr\u00e1ctica. Modalidad asincr\u00f3nica con env\u00edo de material te\u00f3rico-pr\u00e1ctico con feedback de dudas y consultas a trav\u00e9s de plataforma Skype. Quedan grabadas durante un mes.<\/p>\n<p>Bibliograf\u00eda: material digitalizado. Aportes multidisciplinarios.<\/p>\n<p>Se entrega certificaci\u00f3n cumplida el 80% de asistencia.<\/p>\n<p>&nbsp;<\/p>\n<p>Programa:<\/p>\n<p>Clase 1: Tipos de pensamiento. El pensamiento simple. Inteligencia e inteligencias m\u00faltiples.<\/p>\n<p>Clase 2: Introducci\u00f3n a la obra de Morin. El pensamiento complejo.<\/p>\n<p>Clase 3: El rizoma de Derrida.<\/p>\n<p>Clase 4: El paradigma multidimensional. La f\u00edsica cu\u00e1ntica. Cibern\u00e9tica de primer y segundo orden.<\/p>\n<p>Clase 5: La narrativa y la literatura fant\u00e1stica. El realismo m\u00e1gico. El juego del garabato.<\/p>\n<p>Clase 6: El binarismo en el g\u00e9nero y el lenguaje. La ley de g\u00e9nero en metaf\u00edsica.<\/p>\n<p>Clase 7: El binarismo como forma de pensamiento y sus expresiones culturales, pol\u00edticas, educativas, art\u00edsticas, etc. \u00bfSe puede salir de las elecciones binarias? An\u00e1lisis de \u201cDark\u201d en cuanto al dilema t\u00e9mporo-espacial.<\/p>\n<p>Clase 8: Espiritualidad: unicidad y multiplicidad. Contradicciones y reconciliaciones espirituales y materiales. La ilusi\u00f3n. El sue\u00f1o de la unificaci\u00f3n.<\/p>\n<p>Clase 9: Deviniendo m\u00faltiples. Integraci\u00f3n filos\u00f3fica-bio-psicol\u00f3gica-social-espiritual.<\/p>\n<p>Clase 10: Hacia el aprendizaje cu\u00e1ntico. El desaf\u00edo de adaptarse ante lo insondable.<\/p>\n","protected":false},"excerpt":{"rendered":"<p>FORMACI\u00d3N EN PENSAMIENTO COMPLEJO Y M\u00daLTIPLE Dirigido a profesionales de la salud mental como complemento\/especializaci\u00f3n y p\u00fablico en general. Objetivo: alcanzar una aproximaci\u00f3n hacia la comprensi\u00f3n del pensamiento complejo y multidimensional como forma de tercera v\u00eda de pensamiento en contraposici\u00f3n al pensamiento simple, generalizador y reduccionista. Lograr salir del pensamiento binario y sus expresiones en [&hellip;]<\/p>\n","protected":false},"author":1,"featured_media":0,"parent":49,"menu_order":0,"comment_status":"closed","ping_status":"closed","template":"","meta":{"_monsterinsights_skip_tracking":false,"_monsterinsights_sitenote_active":false,"_monsterinsights_sitenote_note":"","_monsterinsights_sitenote_category":0,"_uf_show_specific_survey":0,"_uf_disable_surveys":false,"site-sidebar-layout":"default","site-content-layout":"default","ast-site-content-layout":"default","site-content-style":"default","site-sidebar-style":"default","ast-global-header-display":"","ast-banner-title-visibility":"","ast-main-header-display":"","ast-hfb-above-header-display":"","ast-hfb-below-header-display":"","ast-hfb-mobile-header-display":"","site-post-title":"","ast-breadcrumbs-content":"","ast-featured-img":"","footer-sml-layout":"","ast-disable-related-posts":"","theme-transparent-header-meta":"default","adv-header-id-meta":"","stick-header-meta":"","header-above-stick-meta":"","header-main-stick-meta":"","header-below-stick-meta":"","astra-migrate-meta-layouts":"set","ast-page-background-enabled":"default","ast-page-background-meta":{"desktop":{"background-color":"var(--ast-global-color-4)","background-image":"","background-repeat":"repeat","background-position":"center center","background-size":"auto","background-attachment":"scroll","background-type":"","background-media":"","overlay-type":"","overlay-color":"","overlay-opacity":"","overlay-gradient":""},"tablet":{"background-color":"","background-image":"","background-repeat":"repeat","background-position":"center center","background-size":"auto","background-attachment":"scroll","background-type":"","background-media":"","overlay-type":"","overlay-color":"","overlay-opacity":"","overlay-gradient":""},"mobile":{"background-color":"","background-image":"","background-repeat":"repeat","background-position":"center center","background-size":"auto","background-attachment":"scroll","background-type":"","background-media":"","overlay-type":"","overlay-color":"","overlay-opacity":"","overlay-gradient":""}},"ast-content-background-meta":{"desktop":{"background-color":"var(--ast-global-color-5)","background-image":"","background-repeat":"repeat","background-position":"center center","background-size":"auto","background-attachment":"scroll","background-type":"","background-media":"","overlay-type":"","overlay-color":"","overlay-opacity":"","overlay-gradient":""},"tablet":{"background-color":"var(--ast-global-color-5)","background-image":"","background-repeat":"repeat","background-position":"center center","background-size":"auto","background-attachment":"scroll","background-type":"","background-media":"","overlay-type":"","overlay-color":"","overlay-opacity":"","overlay-gradient":""},"mobile":{"background-color":"var(--ast-global-color-5)","background-image":"","background-repeat":"repeat","background-position":"center center","background-size":"auto","background-attachment":"scroll","background-type":"","background-media":"","overlay-type":"","overlay-color":"","overlay-opacity":"","overlay-gradient":""}},"footnotes":""},"class_list":["post-241","page","type-page","status-publish","hentry"],"yoast_head":"<!-- This site is optimized with the Yoast SEO plugin v27.0 - https:\/\/yoast.com\/product\/yoast-seo-wordpress\/ -->\n<title>PENSAMIENTO COMPLEJO Y M\u00daLTIPLE -<\/title>\n<meta name=\"robots\" content=\"index, follow, max-snippet:-1, max-image-preview:large, max-video-preview:-1\" \/>\n<link rel=\"canonical\" href=\"https:\/\/lallavepsi.net\/index.php\/formaciones-online\/pensamiento-complejo-y-multiple\/\" \/>\n<meta property=\"og:locale\" content=\"es_ES\" \/>\n<meta property=\"og:type\" content=\"article\" \/>\n<meta property=\"og:title\" content=\"PENSAMIENTO COMPLEJO Y M\u00daLTIPLE -\" \/>\n<meta property=\"og:description\" content=\"FORMACI\u00d3N EN PENSAMIENTO COMPLEJO Y M\u00daLTIPLE Dirigido a profesionales de la salud mental como complemento\/especializaci\u00f3n y p\u00fablico en general. Objetivo: alcanzar una aproximaci\u00f3n hacia la comprensi\u00f3n del pensamiento complejo y multidimensional como forma de tercera v\u00eda de pensamiento en contraposici\u00f3n al pensamiento simple, generalizador y reduccionista. Lograr salir del pensamiento binario y sus expresiones en [&hellip;]\" \/>\n<meta property=\"og:url\" content=\"https:\/\/lallavepsi.net\/index.php\/formaciones-online\/pensamiento-complejo-y-multiple\/\" \/>\n<meta property=\"article:modified_time\" content=\"2025-01-30T19:52:17+00:00\" \/>\n<meta name=\"twitter:card\" content=\"summary_large_image\" \/>\n<meta name=\"twitter:label1\" content=\"Tiempo de lectura\" \/>\n\t<meta name=\"twitter:data1\" content=\"2 minutos\" \/>\n<script type=\"application\/ld+json\" class=\"yoast-schema-graph\">{\"@context\":\"https:\/\/schema.org\",\"@graph\":[{\"@type\":\"WebPage\",\"@id\":\"https:\/\/lallavepsi.net\/index.php\/formaciones-online\/pensamiento-complejo-y-multiple\/\",\"url\":\"https:\/\/lallavepsi.net\/index.php\/formaciones-online\/pensamiento-complejo-y-multiple\/\",\"name\":\"PENSAMIENTO COMPLEJO Y M\u00daLTIPLE -\",\"isPartOf\":{\"@id\":\"https:\/\/lallavepsi.net\/#website\"},\"datePublished\":\"2022-12-26T19:50:16+00:00\",\"dateModified\":\"2025-01-30T19:52:17+00:00\",\"breadcrumb\":{\"@id\":\"https:\/\/lallavepsi.net\/index.php\/formaciones-online\/pensamiento-complejo-y-multiple\/#breadcrumb\"},\"inLanguage\":\"es-AR\",\"potentialAction\":[{\"@type\":\"ReadAction\",\"target\":[\"https:\/\/lallavepsi.net\/index.php\/formaciones-online\/pensamiento-complejo-y-multiple\/\"]}]},{\"@type\":\"BreadcrumbList\",\"@id\":\"https:\/\/lallavepsi.net\/index.php\/formaciones-online\/pensamiento-complejo-y-multiple\/#breadcrumb\",\"itemListElement\":[{\"@type\":\"ListItem\",\"position\":1,\"name\":\"Inicio\",\"item\":\"https:\/\/lallavepsi.net\/\"},{\"@type\":\"ListItem\",\"position\":2,\"name\":\"FORMACIONES Y ESPECIALIZACIONES ONLINE\",\"item\":\"https:\/\/lallavepsi.net\/index.php\/formaciones-online\/\"},{\"@type\":\"ListItem\",\"position\":3,\"name\":\"PENSAMIENTO COMPLEJO Y M\u00daLTIPLE\"}]},{\"@type\":\"WebSite\",\"@id\":\"https:\/\/lallavepsi.net\/#website\",\"url\":\"https:\/\/lallavepsi.net\/\",\"name\":\"\",\"description\":\"\",\"potentialAction\":[{\"@type\":\"SearchAction\",\"target\":{\"@type\":\"EntryPoint\",\"urlTemplate\":\"https:\/\/lallavepsi.net\/?s={search_term_string}\"},\"query-input\":{\"@type\":\"PropertyValueSpecification\",\"valueRequired\":true,\"valueName\":\"search_term_string\"}}],\"inLanguage\":\"es-AR\"}]}<\/script>\n<!-- \/ Yoast SEO plugin. -->","yoast_head_json":{"title":"PENSAMIENTO COMPLEJO Y M\u00daLTIPLE -","robots":{"index":"index","follow":"follow","max-snippet":"max-snippet:-1","max-image-preview":"max-image-preview:large","max-video-preview":"max-video-preview:-1"},"canonical":"https:\/\/lallavepsi.net\/index.php\/formaciones-online\/pensamiento-complejo-y-multiple\/","og_locale":"es_ES","og_type":"article","og_title":"PENSAMIENTO COMPLEJO Y M\u00daLTIPLE -","og_description":"FORMACI\u00d3N EN PENSAMIENTO COMPLEJO Y M\u00daLTIPLE Dirigido a profesionales de la salud mental como complemento\/especializaci\u00f3n y p\u00fablico en general. Objetivo: alcanzar una aproximaci\u00f3n hacia la comprensi\u00f3n del pensamiento complejo y multidimensional como forma de tercera v\u00eda de pensamiento en contraposici\u00f3n al pensamiento simple, generalizador y reduccionista. Lograr salir del pensamiento binario y sus expresiones en [&hellip;]","og_url":"https:\/\/lallavepsi.net\/index.php\/formaciones-online\/pensamiento-complejo-y-multiple\/","article_modified_time":"2025-01-30T19:52:17+00:00","twitter_card":"summary_large_image","twitter_misc":{"Tiempo de lectura":"2 minutos"},"schema":{"@context":"https:\/\/schema.org","@graph":[{"@type":"WebPage","@id":"https:\/\/lallavepsi.net\/index.php\/formaciones-online\/pensamiento-complejo-y-multiple\/","url":"https:\/\/lallavepsi.net\/index.php\/formaciones-online\/pensamiento-complejo-y-multiple\/","name":"PENSAMIENTO COMPLEJO Y M\u00daLTIPLE -","isPartOf":{"@id":"https:\/\/lallavepsi.net\/#website"},"datePublished":"2022-12-26T19:50:16+00:00","dateModified":"2025-01-30T19:52:17+00:00","breadcrumb":{"@id":"https:\/\/lallavepsi.net\/index.php\/formaciones-online\/pensamiento-complejo-y-multiple\/#breadcrumb"},"inLanguage":"es-AR","potentialAction":[{"@type":"ReadAction","target":["https:\/\/lallavepsi.net\/index.php\/formaciones-online\/pensamiento-complejo-y-multiple\/"]}]},{"@type":"BreadcrumbList","@id":"https:\/\/lallavepsi.net\/index.php\/formaciones-online\/pensamiento-complejo-y-multiple\/#breadcrumb","itemListElement":[{"@type":"ListItem","position":1,"name":"Inicio","item":"https:\/\/lallavepsi.net\/"},{"@type":"ListItem","position":2,"name":"FORMACIONES Y ESPECIALIZACIONES ONLINE","item":"https:\/\/lallavepsi.net\/index.php\/formaciones-online\/"},{"@type":"ListItem","position":3,"name":"PENSAMIENTO COMPLEJO Y M\u00daLTIPLE"}]},{"@type":"WebSite","@id":"https:\/\/lallavepsi.net\/#website","url":"https:\/\/lallavepsi.net\/","name":"","description":"","potentialAction":[{"@type":"SearchAction","target":{"@type":"EntryPoint","urlTemplate":"https:\/\/lallavepsi.net\/?s={search_term_string}"},"query-input":{"@type":"PropertyValueSpecification","valueRequired":true,"valueName":"search_term_string"}}],"inLanguage":"es-AR"}]}},"_hostinger_reach_plugin_has_subscription_block":false,"_hostinger_reach_plugin_is_elementor":false,"_links":{"self":[{"href":"https:\/\/lallavepsi.net\/index.php\/wp-json\/wp\/v2\/pages\/241","targetHints":{"allow":["GET"]}}],"collection":[{"href":"https:\/\/lallavepsi.net\/index.php\/wp-json\/wp\/v2\/pages"}],"about":[{"href":"https:\/\/lallavepsi.net\/index.php\/wp-json\/wp\/v2\/types\/page"}],"author":[{"embeddable":true,"href":"https:\/\/lallavepsi.net\/index.php\/wp-json\/wp\/v2\/users\/1"}],"replies":[{"embeddable":true,"href":"https:\/\/lallavepsi.net\/index.php\/wp-json\/wp\/v2\/comments?post=241"}],"version-history":[{"count":10,"href":"https:\/\/lallavepsi.net\/index.php\/wp-json\/wp\/v2\/pages\/241\/revisions"}],"predecessor-version":[{"id":2428,"href":"https:\/\/lallavepsi.net\/index.php\/wp-json\/wp\/v2\/pages\/241\/revisions\/2428"}],"up":[{"embeddable":true,"href":"https:\/\/lallavepsi.net\/index.php\/wp-json\/wp\/v2\/pages\/49"}],"wp:attachment":[{"href":"https:\/\/lallavepsi.net\/index.php\/wp-json\/wp\/v2\/media?parent=241"}],"curies":[{"name":"wp","href":"https:\/\/api.w.org\/{rel}","templated":true}]}}