{"id":243,"date":"2022-12-26T19:51:41","date_gmt":"2022-12-26T19:51:41","guid":{"rendered":"https:\/\/lallavepsi.net\/?page_id=243"},"modified":"2025-01-30T19:58:43","modified_gmt":"2025-01-30T19:58:43","slug":"tanatologia","status":"publish","type":"page","link":"https:\/\/lallavepsi.net\/index.php\/formaciones-online\/tanatologia\/","title":{"rendered":"TANATOLOG\u00cdA"},"content":{"rendered":"<p><strong>FORMACI\u00d3N\/ESPECIALIZACI\u00d3N EN TANATOLOG\u00cdA: HABLEMOS SOBRE LA MUERTE<\/strong><\/p>\n<p>Dirigido a: p\u00fablico en general y\/o agentes de salud mental que quieran especializarse\/capacitarse en esta \u00e1rea.<\/p>\n<p>Objetivo: hablar sin tab\u00faes sobre la muerte y resignificar su sentido desde m\u00faltiples enfoques. Despojarnos de la \u00fanica visi\u00f3n tr\u00e1gica occidental. Atenuar el miedo a relacionarnos con esta tem\u00e1tica y c\u00f3mo prepararnos a lo inevitable.<\/p>\n<p>Duraci\u00f3n: 21 clases o 5 meses + 1 clase.<\/p>\n<p>Modalidad: una clase semanal grupal online sincr\u00f3nica de dos horas te\u00f3rico-pr\u00e1ctica. Modalidad asincr\u00f3nica con env\u00edo de material te\u00f3rico-pr\u00e1ctico con feedback de dudas y consultas a trav\u00e9s de plataforma Skype. Quedan grabadas durante un mes.<\/p>\n<p>Inversi\u00f3n: Argentina $ 58000 mensuales. Descuento 10% abonando el curso completo.<\/p>\n<p>Promoci\u00f3n residentes Sudam\u00e9rica 40 % de descuento: usd\/\u20ac 48. Resto del mundo: usd\/\u20ac 80. Descuento adicional 10% abonando el curso completo.<\/p>\n<p>Se entrega certificaci\u00f3n cumplida el 80% de asistencia.<\/p>\n<p>&nbsp;<\/p>\n<p>Programa:<\/p>\n<p>Clase 1: Hablemos sobre la muerte: \u00bfPor qu\u00e9 la evadimos? Representaciones simb\u00f3licas. Miedos. Aperturas filos\u00f3ficas. La muerte seg\u00fan la cultura y la \u00e9poca.<\/p>\n<p>Clase 2: Distintas concepciones filos\u00f3ficas sobre la muerte.<\/p>\n<p>Clase 3: El duelo. C\u00f3mo hablar de la muerte con los ni\u00f1os. Psicolog\u00eda evolutiva o del desarrollo. La muerte y el c\u00e1ncer.<\/p>\n<p>Clase 4: Morimos como vivimos. Resignificar la muerte. La vejez y la muerte. Preparar una muerte digna.<\/p>\n<p>Clase 5: Mirada mecanicista, psicol\u00f3gica y biocentrista: \u00bfentre los extremos existe el medio?<\/p>\n<p>Clase 6: \u201cLa vida despu\u00e9s de la vida&#8221;: El fen\u00f3meno de la muerte.<\/p>\n<p>Clase 7: La experiencia de la muerte. Inefabilidad. O\u00edr las noticias. Sensaciones de paz y quietud.<\/p>\n<p>Clase 8: El ruido. El t\u00fanel oscuro. Fuera de cuerpo.<\/p>\n<p>Clase 9: Encuentro con otros. El ser luminoso. La revisi\u00f3n.<\/p>\n<p>Clase 10: La frontera o l\u00edmite. El regreso. Hablar con los otros.<\/p>\n<p>Clase 11: Efectos sobre las vidas. Nuevas visiones de la muerte. Corroboraci\u00f3n.<\/p>\n<p>Clase 12: Paralelos: La Biblia, Plat\u00f3n, El Libro tibetano de los muertos, Emanuel Swedenborg.<\/p>\n<p>Clase 13: Cuestiones.<\/p>\n<p>Clase 14: Explicaciones e impresiones.<\/p>\n<p>Clase 15: Una mirada esot\u00e9rica.<\/p>\n<p>Clase 16: La muerte y la relaci\u00f3n con el sue\u00f1o.<\/p>\n<p>Clase 17: La muerte y la relaci\u00f3n con el tiempo.<\/p>\n<p>Clase 18: Experiencias cercanas a la muerte.<\/p>\n<p>Clase 19: Fen\u00f3menos parapsicol\u00f3gicos.<\/p>\n<p>Clase 20: Una mirada espiritual.<\/p>\n<p>Clase 21: Meditando con la muerte.<\/p>\n","protected":false},"excerpt":{"rendered":"<p>FORMACI\u00d3N\/ESPECIALIZACI\u00d3N EN TANATOLOG\u00cdA: HABLEMOS SOBRE LA MUERTE Dirigido a: p\u00fablico en general y\/o agentes de salud mental que quieran especializarse\/capacitarse en esta \u00e1rea. Objetivo: hablar sin tab\u00faes sobre la muerte y resignificar su sentido desde m\u00faltiples enfoques. Despojarnos de la \u00fanica visi\u00f3n tr\u00e1gica occidental. Atenuar el miedo a relacionarnos con esta tem\u00e1tica y c\u00f3mo prepararnos [&hellip;]<\/p>\n","protected":false},"author":1,"featured_media":0,"parent":49,"menu_order":0,"comment_status":"closed","ping_status":"closed","template":"","meta":{"_monsterinsights_skip_tracking":false,"_monsterinsights_sitenote_active":false,"_monsterinsights_sitenote_note":"","_monsterinsights_sitenote_category":0,"_uf_show_specific_survey":0,"_uf_disable_surveys":false,"site-sidebar-layout":"default","site-content-layout":"default","ast-site-content-layout":"default","site-content-style":"default","site-sidebar-style":"default","ast-global-header-display":"","ast-banner-title-visibility":"","ast-main-header-display":"","ast-hfb-above-header-display":"","ast-hfb-below-header-display":"","ast-hfb-mobile-header-display":"","site-post-title":"","ast-breadcrumbs-content":"","ast-featured-img":"","footer-sml-layout":"","ast-disable-related-posts":"","theme-transparent-header-meta":"default","adv-header-id-meta":"","stick-header-meta":"","header-above-stick-meta":"","header-main-stick-meta":"","header-below-stick-meta":"","astra-migrate-meta-layouts":"set","ast-page-background-enabled":"default","ast-page-background-meta":{"desktop":{"background-color":"var(--ast-global-color-4)","background-image":"","background-repeat":"repeat","background-position":"center center","background-size":"auto","background-attachment":"scroll","background-type":"","background-media":"","overlay-type":"","overlay-color":"","overlay-opacity":"","overlay-gradient":""},"tablet":{"background-color":"","background-image":"","background-repeat":"repeat","background-position":"center center","background-size":"auto","background-attachment":"scroll","background-type":"","background-media":"","overlay-type":"","overlay-color":"","overlay-opacity":"","overlay-gradient":""},"mobile":{"background-color":"","background-image":"","background-repeat":"repeat","background-position":"center center","background-size":"auto","background-attachment":"scroll","background-type":"","background-media":"","overlay-type":"","overlay-color":"","overlay-opacity":"","overlay-gradient":""}},"ast-content-background-meta":{"desktop":{"background-color":"var(--ast-global-color-5)","background-image":"","background-repeat":"repeat","background-position":"center center","background-size":"auto","background-attachment":"scroll","background-type":"","background-media":"","overlay-type":"","overlay-color":"","overlay-opacity":"","overlay-gradient":""},"tablet":{"background-color":"var(--ast-global-color-5)","background-image":"","background-repeat":"repeat","background-position":"center center","background-size":"auto","background-attachment":"scroll","background-type":"","background-media":"","overlay-type":"","overlay-color":"","overlay-opacity":"","overlay-gradient":""},"mobile":{"background-color":"var(--ast-global-color-5)","background-image":"","background-repeat":"repeat","background-position":"center center","background-size":"auto","background-attachment":"scroll","background-type":"","background-media":"","overlay-type":"","overlay-color":"","overlay-opacity":"","overlay-gradient":""}},"footnotes":""},"class_list":["post-243","page","type-page","status-publish","hentry"],"yoast_head":"<!-- This site is optimized with the Yoast SEO plugin v27.0 - https:\/\/yoast.com\/product\/yoast-seo-wordpress\/ -->\n<title>TANATOLOG\u00cdA -<\/title>\n<meta name=\"robots\" content=\"index, follow, max-snippet:-1, max-image-preview:large, max-video-preview:-1\" \/>\n<link rel=\"canonical\" href=\"https:\/\/lallavepsi.net\/index.php\/formaciones-online\/tanatologia\/\" \/>\n<meta property=\"og:locale\" content=\"es_ES\" \/>\n<meta property=\"og:type\" content=\"article\" \/>\n<meta property=\"og:title\" content=\"TANATOLOG\u00cdA -\" \/>\n<meta property=\"og:description\" content=\"FORMACI\u00d3N\/ESPECIALIZACI\u00d3N EN TANATOLOG\u00cdA: HABLEMOS SOBRE LA MUERTE Dirigido a: p\u00fablico en general y\/o agentes de salud mental que quieran especializarse\/capacitarse en esta \u00e1rea. Objetivo: hablar sin tab\u00faes sobre la muerte y resignificar su sentido desde m\u00faltiples enfoques. Despojarnos de la \u00fanica visi\u00f3n tr\u00e1gica occidental. Atenuar el miedo a relacionarnos con esta tem\u00e1tica y c\u00f3mo prepararnos [&hellip;]\" \/>\n<meta property=\"og:url\" content=\"https:\/\/lallavepsi.net\/index.php\/formaciones-online\/tanatologia\/\" \/>\n<meta property=\"article:modified_time\" content=\"2025-01-30T19:58:43+00:00\" \/>\n<meta name=\"twitter:card\" content=\"summary_large_image\" \/>\n<meta name=\"twitter:label1\" content=\"Tiempo de lectura\" \/>\n\t<meta name=\"twitter:data1\" content=\"2 minutos\" \/>\n<script type=\"application\/ld+json\" class=\"yoast-schema-graph\">{\"@context\":\"https:\/\/schema.org\",\"@graph\":[{\"@type\":\"WebPage\",\"@id\":\"https:\/\/lallavepsi.net\/index.php\/formaciones-online\/tanatologia\/\",\"url\":\"https:\/\/lallavepsi.net\/index.php\/formaciones-online\/tanatologia\/\",\"name\":\"TANATOLOG\u00cdA -\",\"isPartOf\":{\"@id\":\"https:\/\/lallavepsi.net\/#website\"},\"datePublished\":\"2022-12-26T19:51:41+00:00\",\"dateModified\":\"2025-01-30T19:58:43+00:00\",\"breadcrumb\":{\"@id\":\"https:\/\/lallavepsi.net\/index.php\/formaciones-online\/tanatologia\/#breadcrumb\"},\"inLanguage\":\"es-AR\",\"potentialAction\":[{\"@type\":\"ReadAction\",\"target\":[\"https:\/\/lallavepsi.net\/index.php\/formaciones-online\/tanatologia\/\"]}]},{\"@type\":\"BreadcrumbList\",\"@id\":\"https:\/\/lallavepsi.net\/index.php\/formaciones-online\/tanatologia\/#breadcrumb\",\"itemListElement\":[{\"@type\":\"ListItem\",\"position\":1,\"name\":\"Inicio\",\"item\":\"https:\/\/lallavepsi.net\/\"},{\"@type\":\"ListItem\",\"position\":2,\"name\":\"FORMACIONES Y ESPECIALIZACIONES ONLINE\",\"item\":\"https:\/\/lallavepsi.net\/index.php\/formaciones-online\/\"},{\"@type\":\"ListItem\",\"position\":3,\"name\":\"TANATOLOG\u00cdA\"}]},{\"@type\":\"WebSite\",\"@id\":\"https:\/\/lallavepsi.net\/#website\",\"url\":\"https:\/\/lallavepsi.net\/\",\"name\":\"\",\"description\":\"\",\"potentialAction\":[{\"@type\":\"SearchAction\",\"target\":{\"@type\":\"EntryPoint\",\"urlTemplate\":\"https:\/\/lallavepsi.net\/?s={search_term_string}\"},\"query-input\":{\"@type\":\"PropertyValueSpecification\",\"valueRequired\":true,\"valueName\":\"search_term_string\"}}],\"inLanguage\":\"es-AR\"}]}<\/script>\n<!-- \/ Yoast SEO plugin. -->","yoast_head_json":{"title":"TANATOLOG\u00cdA -","robots":{"index":"index","follow":"follow","max-snippet":"max-snippet:-1","max-image-preview":"max-image-preview:large","max-video-preview":"max-video-preview:-1"},"canonical":"https:\/\/lallavepsi.net\/index.php\/formaciones-online\/tanatologia\/","og_locale":"es_ES","og_type":"article","og_title":"TANATOLOG\u00cdA -","og_description":"FORMACI\u00d3N\/ESPECIALIZACI\u00d3N EN TANATOLOG\u00cdA: HABLEMOS SOBRE LA MUERTE Dirigido a: p\u00fablico en general y\/o agentes de salud mental que quieran especializarse\/capacitarse en esta \u00e1rea. Objetivo: hablar sin tab\u00faes sobre la muerte y resignificar su sentido desde m\u00faltiples enfoques. Despojarnos de la \u00fanica visi\u00f3n tr\u00e1gica occidental. Atenuar el miedo a relacionarnos con esta tem\u00e1tica y c\u00f3mo prepararnos [&hellip;]","og_url":"https:\/\/lallavepsi.net\/index.php\/formaciones-online\/tanatologia\/","article_modified_time":"2025-01-30T19:58:43+00:00","twitter_card":"summary_large_image","twitter_misc":{"Tiempo de lectura":"2 minutos"},"schema":{"@context":"https:\/\/schema.org","@graph":[{"@type":"WebPage","@id":"https:\/\/lallavepsi.net\/index.php\/formaciones-online\/tanatologia\/","url":"https:\/\/lallavepsi.net\/index.php\/formaciones-online\/tanatologia\/","name":"TANATOLOG\u00cdA -","isPartOf":{"@id":"https:\/\/lallavepsi.net\/#website"},"datePublished":"2022-12-26T19:51:41+00:00","dateModified":"2025-01-30T19:58:43+00:00","breadcrumb":{"@id":"https:\/\/lallavepsi.net\/index.php\/formaciones-online\/tanatologia\/#breadcrumb"},"inLanguage":"es-AR","potentialAction":[{"@type":"ReadAction","target":["https:\/\/lallavepsi.net\/index.php\/formaciones-online\/tanatologia\/"]}]},{"@type":"BreadcrumbList","@id":"https:\/\/lallavepsi.net\/index.php\/formaciones-online\/tanatologia\/#breadcrumb","itemListElement":[{"@type":"ListItem","position":1,"name":"Inicio","item":"https:\/\/lallavepsi.net\/"},{"@type":"ListItem","position":2,"name":"FORMACIONES Y ESPECIALIZACIONES ONLINE","item":"https:\/\/lallavepsi.net\/index.php\/formaciones-online\/"},{"@type":"ListItem","position":3,"name":"TANATOLOG\u00cdA"}]},{"@type":"WebSite","@id":"https:\/\/lallavepsi.net\/#website","url":"https:\/\/lallavepsi.net\/","name":"","description":"","potentialAction":[{"@type":"SearchAction","target":{"@type":"EntryPoint","urlTemplate":"https:\/\/lallavepsi.net\/?s={search_term_string}"},"query-input":{"@type":"PropertyValueSpecification","valueRequired":true,"valueName":"search_term_string"}}],"inLanguage":"es-AR"}]}},"_hostinger_reach_plugin_has_subscription_block":false,"_hostinger_reach_plugin_is_elementor":false,"_links":{"self":[{"href":"https:\/\/lallavepsi.net\/index.php\/wp-json\/wp\/v2\/pages\/243","targetHints":{"allow":["GET"]}}],"collection":[{"href":"https:\/\/lallavepsi.net\/index.php\/wp-json\/wp\/v2\/pages"}],"about":[{"href":"https:\/\/lallavepsi.net\/index.php\/wp-json\/wp\/v2\/types\/page"}],"author":[{"embeddable":true,"href":"https:\/\/lallavepsi.net\/index.php\/wp-json\/wp\/v2\/users\/1"}],"replies":[{"embeddable":true,"href":"https:\/\/lallavepsi.net\/index.php\/wp-json\/wp\/v2\/comments?post=243"}],"version-history":[{"count":9,"href":"https:\/\/lallavepsi.net\/index.php\/wp-json\/wp\/v2\/pages\/243\/revisions"}],"predecessor-version":[{"id":2446,"href":"https:\/\/lallavepsi.net\/index.php\/wp-json\/wp\/v2\/pages\/243\/revisions\/2446"}],"up":[{"embeddable":true,"href":"https:\/\/lallavepsi.net\/index.php\/wp-json\/wp\/v2\/pages\/49"}],"wp:attachment":[{"href":"https:\/\/lallavepsi.net\/index.php\/wp-json\/wp\/v2\/media?parent=243"}],"curies":[{"name":"wp","href":"https:\/\/api.w.org\/{rel}","templated":true}]}}