{"id":247,"date":"2022-12-26T19:56:04","date_gmt":"2022-12-26T19:56:04","guid":{"rendered":"https:\/\/lallavepsi.net\/?page_id=247"},"modified":"2025-01-30T19:57:38","modified_gmt":"2025-01-30T19:57:38","slug":"recordar-ser","status":"publish","type":"page","link":"https:\/\/lallavepsi.net\/index.php\/formaciones-online\/recordar-ser\/","title":{"rendered":"RECORDAR-SER"},"content":{"rendered":"<p><strong>FORMACI\u00d3N PARA RECORDAR-SER A TRAV\u00c9S DE LA HISTORIA JAM\u00c1S CONTADA Y REGRESIONES<\/strong><\/p>\n<p>De qu\u00e9 se trata: Un viaje hacia una historia no oficial y alternativa. Revivir el mito. Trabajo con regresiones para transmutar y sanar memorias ancestrales grabadas con dolor, y para recuperar e integrar nuestros dones naturales y recuerdos felices. Rememoraremos nuestros otros or\u00edgenes y &#8220;eternos retornos&#8221; posibles, elecciones y prop\u00f3sitos asociados.<\/p>\n<p>Dirigido a: p\u00fablico en general, agentes de salud mental que quieran profundizar su campo de pr\u00e1ctica o estudios.<\/p>\n<p>Modalidad: una clase semanal grupal online sincr\u00f3nica de dos horas te\u00f3rico-pr\u00e1ctica. Modalidad asincr\u00f3nica con env\u00edo de material te\u00f3rico-pr\u00e1ctico con feedback de dudas y consultas a trav\u00e9s de plataforma Skype. Quedan grabadas durante un mes.<\/p>\n<p>Duraci\u00f3n: 48 clases o 12 meses.<\/p>\n<p>Inversi\u00f3n: Argentina $ 58000 mensuales. Descuento 10% abonando el curso completo.<\/p>\n<p>Promoci\u00f3n residentes Sudam\u00e9rica 40 % de descuento: usd\/\u20ac 48. Resto del mundo: usd\/\u20ac 80. Descuento adicional 10% abonando el curso completo.<\/p>\n<p>Se entrega certificaci\u00f3n cumplida el 80% de asistencia.<\/p>\n<p>&nbsp;<\/p>\n<p>PROGRAMA:<\/p>\n<p>PARTE 1: OR\u00cdGENES: LA OTRA HISTORIA<\/p>\n<p>Clase 1: Cr\u00f3nica de Akakor. El libro del jaguar. El territorio de los dioses. La hora cero. La era de la oscuridad. El libro del \u00e1guila. El regreso de los dioses. El imperio de Lhasa. Apoteosis y decadencia del imperio. Los guerreros que llegaron del este.<\/p>\n<p>Clase 2: El libro de la hormiga. Los blancos b\u00e1rbaros en el imperio de los incas. La guerra en el este. Los imperios de los blancos b\u00e1rbaros. La sabidur\u00eda de los Ugha Mongulala.<\/p>\n<p>Clase 3: El libro de la serpiente de agua. Los soldados alemanes. El nuevo pueblo. Tatunca Nara. El regreso de los dioses. Resumen.<\/p>\n<p>Clase 4: El topus uranus. El c\u00edrculo herm\u00e9tico. Con Hermann Hesse. Demian. Abraxas. Naciso, Goldmundo y Siddharta. Las Ciudades y los a\u00f1os. La Metamorfosis de Piktor. La Ma\u00f1ana. El Maestro Dyu-Dschi.<\/p>\n<p>Clase 5: Con Hermann Hesse (continuaci\u00f3n). Una Carta. El \u00faltimo encuentro. Los \u00daltimos Mensajes. Partida de la India. El \u00e1rbol. La estatua de Goldmundo. El sue\u00f1o. La fiesta de Bremgarten. Extracto de dos cartas.<\/p>\n<p>Clase 6: Con Carl Jung. La Ant\u00e1rtida. Primera entrevista. Las bodas m\u00e1gicas. Las visitas de la reina de Saba. El nuevo encuentro. Los siete sermones a los muertos. La despedida. Una ma\u00f1ana de India. Un sue\u00f1o. Un mito para nuestro tiempo.<\/p>\n<p>Clase 7: La perspectiva desde el hitlerismo esot\u00e9rico. An\u00e1lisis de las obras de Miguel Serrano.<\/p>\n<p>Clase 8: Los mensajeros del alba. Nibiru y los Annunaki. Nag Hammadi: Sobre el origen del mundo.<\/p>\n<p>Clase 9: El Mahabharata. El libro de Urantia.<\/p>\n<p>Clase 10: Mitolog\u00eda metaf\u00edsica. Ciudades y continentes m\u00e1gicos y perdidos.<\/p>\n<p>Clase 11: Terrera y el bast\u00f3n de mando. Parcifal, Wotan y el grial.<\/p>\n<p>Clase 12: Acoglanis y ERKS. Mensajes. El irdin. Memorias de Mar\u00eda.<\/p>\n<p>Clase 13: Cosmovisi\u00f3n andina. Repaso y regresi\u00f3n para recordar nuestro lugar de origen.<\/p>\n<p>Clase 14: An\u00e1lisis de la obra Las estancias de Dzyan e Iniciaci\u00f3n humana y solar de Helena Blavatsky.<\/p>\n<p>Clase 15: La Tierra hueca. Lemuria. Atl\u00e1ntida. Las razas ra\u00edces.<\/p>\n<p>Clase 16: Pleyadianos, arcturianos y otras razas extraterrestres. \u00bfLa Tierra zool\u00f3gico c\u00f3smico? Las distintas agendas.<\/p>\n<p>Clase 17: Gurdieff. Relatos de Belceb\u00fa a su nieto. Libro primero: Por qu\u00e9 vino a dar Belceb\u00fa a nuestro Sistema Solar. La causa que motiv\u00f3 el retraso en la ca\u00edda de la nave \u00abKarnak\u00bb. La ley de la ca\u00edda. El sistema del Arc\u00e1ngel Harit\u00f3n. Causa de la g\u00e9nesis de la Luna. Por qu\u00e9 los \u00abhombres\u00bb no son hombres y por qu\u00e9 el hombre no puede percibir la fantas\u00eda como realidad. El primer descenso de Belceb\u00fa sobre el planeta Tierra.<\/p>\n<p>Clase 18: La comprensi\u00f3n relativa del tiempo. Los archiabsurdos seg\u00fan las aseveraciones de Belceb\u00fa. Nuestro sol no da ni luz ni calor. El archipen\u00faltimo. Relato de Belceb\u00fa sobre su segunda y tercera visita al Planeta Tierra. Primera visita de Belceb\u00fa a la India. Primera visita de Belceb\u00fa al T\u00edbet. Cuarto descenso personal de Belceb\u00fa sobre el Planeta Tierra. Quinta visita de Belceb\u00fa a la Tierra. El Sant\u00edsimo Ashiata Shiemash: un enviado del cielo a la tierra. El tiempo para Nostradamus y los mayas.<\/p>\n<p>Clase 19: Libro dos. Los frutos de las civilizaciones antiguas y las flores de las contempor\u00e1neas. Sexta y \u00faltima estancia de Belceb\u00fa en el Planeta Tierra. El hipnotismo. Belceb\u00fa como Hipnotizador profesional. Rusia. Cambio en el curso de ca\u00edda previsto para la nave espacial \u00abKarnak\u00bb. Un detalle m\u00e1s acerca de los alemanes. Francia. La religi\u00f3n. El Santo Planeta \u201cPurgatorio\u201d.<\/p>\n<p>Clase 20: Libro tres. Belceb\u00fa relata c\u00f3mo la gente aprendi\u00f3 la Ley C\u00f3smica fundamental de Heptaparaparshinokh y volvi\u00f3 a olvidarla luego. Belceb\u00fa en Am\u00e9rica. An\u00e1lisis de Belceb\u00fa sobre el peri\u00f3dico proceso de destrucci\u00f3n rec\u00edproca de los hombres. El inevitable resultado de la mentaci\u00f3n imparcial.<\/p>\n<p>Clase 21: Sobre el recuerdo de s\u00ed en la obra de Gurdieff. Regresi\u00f3n para el recuerdo de nuestro verdadero Yo soy.<\/p>\n<p>Clase 22: La naturaleza y el medio y otras obras y ense\u00f1anzas de Krishnamurti.<\/p>\n<p>&nbsp;<\/p>\n<p>PARTE 2: PR\u00c1CTICAS CON REGRESIONES<\/p>\n<p>Clase 23: Identificaremos miedos y trabajaremos en regresi\u00f3n para polarizar su origen.<\/p>\n<p>Clase 24: Identificaremos odios y violencias y trabajaremos en regresi\u00f3n para polarizar su origen.<\/p>\n<p>Clase 25: Identificaremos venganzas y resentimientos y trabajaremos en regresi\u00f3n para polarizar su origen.<\/p>\n<p>Clase 26: Identificaremos posibles energ\u00edas mal manejadas y\/o manipulaciones y trabajaremos en regresi\u00f3n para polarizar su origen.<\/p>\n<p>Clase 27: Identificaremos la sumisi\u00f3n (falta de poder) y trabajaremos en regresi\u00f3n para polarizar su origen.<\/p>\n<p>Clase 28: Identificaremos la soledad, carencia y dependencia emocional y trabajaremos en regresi\u00f3n para polarizar su origen.<\/p>\n<p>Clase 29: Identificaremos pobrezas y carencias materiales y trabajaremos en regresi\u00f3n para polarizar su origen.<\/p>\n<p>Clase 30: Identificaremos enfermedades k\u00e1rmicas y psicosom\u00e1ticas y trabajaremos en regresi\u00f3n para polarizar su origen.<\/p>\n<p>Clase 31: Identificaremos formas de avaricia, acumulaci\u00f3n y mezquindad y trabajaremos en regresi\u00f3n para polarizar su origen.<\/p>\n<p>Clase 32: Identificaremos formas de goce sin l\u00edmite, codicia, gula, envidia y ego\u00edsmo y trabajaremos en regresi\u00f3n para polarizar su origen.<\/p>\n<p>Clase 33: Identificaremos formas de pereza, desinter\u00e9s, desidia, depresiones, falta de sentido\/separatividad y falta de compromiso y trabajaremos en regresi\u00f3n para polarizar su origen.<\/p>\n<p>Clase 34: Identificaremos formas de lujuria, machismo y sexualidades violentas y trabajaremos en regresi\u00f3n para polarizar su imagen.<\/p>\n<p>Clase 35: Identificaremos formas de soberbia y trabajaremos en regresi\u00f3n para polarizar su origen.<\/p>\n<p>Clase 36: Identificaremos sensaciones de angustia e infelicidad vinculares y trabajaremos en regresi\u00f3n para polarizar su origen.<\/p>\n<p>Clase 37: Identificaremos sensaciones de fracaso y trabajaremos en regresi\u00f3n para polarizar su origen.<\/p>\n<p>Clase 38: Identificaremos posibles muertes angustiantes que puedan expresarse como resistencia al cambio,\u00a0 y trabajaremos en regresi\u00f3n para polarizar su origen.<\/p>\n<p>Clase 39: Recuperaremos memorias de salud, atenci\u00f3n, cuidado, plenitud, vitalidad, jovialidad y fuerza en regresi\u00f3n.<\/p>\n<p>Clase 40: Recuperaremos memorias de riqueza interior y exterior, abundancia, completitud, suministro y prosperidad en regresi\u00f3n.<\/p>\n<p>Clase 41: Recuperaremos memorias de dones, vocaciones, pasiones, proyectos, metas y sue\u00f1os en regresi\u00f3n. Nos abriremos a nuestra misi\u00f3n de vida.<\/p>\n<p>Clase 42: Recuperaremos memorias de \u00e9xito, voluntad y logros en todas las \u00e1reas en regresi\u00f3n.<\/p>\n<p>Clase 43: Recuperaremos memorias de poder, creatividad y liderazgo\u00a0 y sensaciones de fe en todas las \u00e1reas en regresi\u00f3n.<\/p>\n<p>Clase 44: Recuperaremos sensaciones de amor, ternura y bienestar vinculares en regresi\u00f3n.<\/p>\n<p>Clase 45: Recuperaremos memorias de nuestra \u00e1nima o \u00e1nimus en regresi\u00f3n.<\/p>\n<p>Clase 46: Recuperaremos memorias de felicidad y disfrute en regresi\u00f3n.<\/p>\n<p>Clase 47: Regresi\u00f3n para conocer nuestro nombre c\u00f3smico, gu\u00edas y maestros espirituales.<\/p>\n<p>Clase 48: Recuperaremos memorias de unidad y comuni\u00f3n espiritual, de nuestro compromiso de servicio al plano y al plan c\u00f3smico divino. Integraci\u00f3n entre materia y esp\u00edritu. Trascendencia, uni\u00f3n de opuestos y equilibrio. Consagraci\u00f3n.<\/p>\n","protected":false},"excerpt":{"rendered":"<p>FORMACI\u00d3N PARA RECORDAR-SER A TRAV\u00c9S DE LA HISTORIA JAM\u00c1S CONTADA Y REGRESIONES De qu\u00e9 se trata: Un viaje hacia una historia no oficial y alternativa. Revivir el mito. Trabajo con regresiones para transmutar y sanar memorias ancestrales grabadas con dolor, y para recuperar e integrar nuestros dones naturales y recuerdos felices. Rememoraremos nuestros otros or\u00edgenes [&hellip;]<\/p>\n","protected":false},"author":1,"featured_media":0,"parent":49,"menu_order":0,"comment_status":"closed","ping_status":"closed","template":"","meta":{"_monsterinsights_skip_tracking":false,"_monsterinsights_sitenote_active":false,"_monsterinsights_sitenote_note":"","_monsterinsights_sitenote_category":0,"_uf_show_specific_survey":0,"_uf_disable_surveys":false,"site-sidebar-layout":"default","site-content-layout":"default","ast-site-content-layout":"default","site-content-style":"default","site-sidebar-style":"default","ast-global-header-display":"","ast-banner-title-visibility":"","ast-main-header-display":"","ast-hfb-above-header-display":"","ast-hfb-below-header-display":"","ast-hfb-mobile-header-display":"","site-post-title":"","ast-breadcrumbs-content":"","ast-featured-img":"","footer-sml-layout":"","ast-disable-related-posts":"","theme-transparent-header-meta":"default","adv-header-id-meta":"","stick-header-meta":"","header-above-stick-meta":"","header-main-stick-meta":"","header-below-stick-meta":"","astra-migrate-meta-layouts":"set","ast-page-background-enabled":"default","ast-page-background-meta":{"desktop":{"background-color":"var(--ast-global-color-4)","background-image":"","background-repeat":"repeat","background-position":"center center","background-size":"auto","background-attachment":"scroll","background-type":"","background-media":"","overlay-type":"","overlay-color":"","overlay-opacity":"","overlay-gradient":""},"tablet":{"background-color":"","background-image":"","background-repeat":"repeat","background-position":"center center","background-size":"auto","background-attachment":"scroll","background-type":"","background-media":"","overlay-type":"","overlay-color":"","overlay-opacity":"","overlay-gradient":""},"mobile":{"background-color":"","background-image":"","background-repeat":"repeat","background-position":"center center","background-size":"auto","background-attachment":"scroll","background-type":"","background-media":"","overlay-type":"","overlay-color":"","overlay-opacity":"","overlay-gradient":""}},"ast-content-background-meta":{"desktop":{"background-color":"var(--ast-global-color-5)","background-image":"","background-repeat":"repeat","background-position":"center center","background-size":"auto","background-attachment":"scroll","background-type":"","background-media":"","overlay-type":"","overlay-color":"","overlay-opacity":"","overlay-gradient":""},"tablet":{"background-color":"var(--ast-global-color-5)","background-image":"","background-repeat":"repeat","background-position":"center center","background-size":"auto","background-attachment":"scroll","background-type":"","background-media":"","overlay-type":"","overlay-color":"","overlay-opacity":"","overlay-gradient":""},"mobile":{"background-color":"var(--ast-global-color-5)","background-image":"","background-repeat":"repeat","background-position":"center center","background-size":"auto","background-attachment":"scroll","background-type":"","background-media":"","overlay-type":"","overlay-color":"","overlay-opacity":"","overlay-gradient":""}},"footnotes":""},"class_list":["post-247","page","type-page","status-publish","hentry"],"yoast_head":"<!-- This site is optimized with the Yoast SEO plugin v27.0 - https:\/\/yoast.com\/product\/yoast-seo-wordpress\/ -->\n<title>RECORDAR-SER -<\/title>\n<meta name=\"robots\" content=\"index, follow, max-snippet:-1, max-image-preview:large, max-video-preview:-1\" \/>\n<link rel=\"canonical\" href=\"https:\/\/lallavepsi.net\/index.php\/formaciones-online\/recordar-ser\/\" \/>\n<meta property=\"og:locale\" content=\"es_ES\" \/>\n<meta property=\"og:type\" content=\"article\" \/>\n<meta property=\"og:title\" content=\"RECORDAR-SER -\" \/>\n<meta property=\"og:description\" content=\"FORMACI\u00d3N PARA RECORDAR-SER A TRAV\u00c9S DE LA HISTORIA JAM\u00c1S CONTADA Y REGRESIONES De qu\u00e9 se trata: Un viaje hacia una historia no oficial y alternativa. Revivir el mito. Trabajo con regresiones para transmutar y sanar memorias ancestrales grabadas con dolor, y para recuperar e integrar nuestros dones naturales y recuerdos felices. Rememoraremos nuestros otros or\u00edgenes [&hellip;]\" \/>\n<meta property=\"og:url\" content=\"https:\/\/lallavepsi.net\/index.php\/formaciones-online\/recordar-ser\/\" \/>\n<meta property=\"article:modified_time\" content=\"2025-01-30T19:57:38+00:00\" \/>\n<meta name=\"twitter:card\" content=\"summary_large_image\" \/>\n<meta name=\"twitter:label1\" content=\"Tiempo de lectura\" \/>\n\t<meta name=\"twitter:data1\" content=\"6 minutos\" \/>\n<script type=\"application\/ld+json\" class=\"yoast-schema-graph\">{\"@context\":\"https:\/\/schema.org\",\"@graph\":[{\"@type\":\"WebPage\",\"@id\":\"https:\/\/lallavepsi.net\/index.php\/formaciones-online\/recordar-ser\/\",\"url\":\"https:\/\/lallavepsi.net\/index.php\/formaciones-online\/recordar-ser\/\",\"name\":\"RECORDAR-SER -\",\"isPartOf\":{\"@id\":\"https:\/\/lallavepsi.net\/#website\"},\"datePublished\":\"2022-12-26T19:56:04+00:00\",\"dateModified\":\"2025-01-30T19:57:38+00:00\",\"breadcrumb\":{\"@id\":\"https:\/\/lallavepsi.net\/index.php\/formaciones-online\/recordar-ser\/#breadcrumb\"},\"inLanguage\":\"es-AR\",\"potentialAction\":[{\"@type\":\"ReadAction\",\"target\":[\"https:\/\/lallavepsi.net\/index.php\/formaciones-online\/recordar-ser\/\"]}]},{\"@type\":\"BreadcrumbList\",\"@id\":\"https:\/\/lallavepsi.net\/index.php\/formaciones-online\/recordar-ser\/#breadcrumb\",\"itemListElement\":[{\"@type\":\"ListItem\",\"position\":1,\"name\":\"Inicio\",\"item\":\"https:\/\/lallavepsi.net\/\"},{\"@type\":\"ListItem\",\"position\":2,\"name\":\"FORMACIONES Y ESPECIALIZACIONES ONLINE\",\"item\":\"https:\/\/lallavepsi.net\/index.php\/formaciones-online\/\"},{\"@type\":\"ListItem\",\"position\":3,\"name\":\"RECORDAR-SER\"}]},{\"@type\":\"WebSite\",\"@id\":\"https:\/\/lallavepsi.net\/#website\",\"url\":\"https:\/\/lallavepsi.net\/\",\"name\":\"\",\"description\":\"\",\"potentialAction\":[{\"@type\":\"SearchAction\",\"target\":{\"@type\":\"EntryPoint\",\"urlTemplate\":\"https:\/\/lallavepsi.net\/?s={search_term_string}\"},\"query-input\":{\"@type\":\"PropertyValueSpecification\",\"valueRequired\":true,\"valueName\":\"search_term_string\"}}],\"inLanguage\":\"es-AR\"}]}<\/script>\n<!-- \/ Yoast SEO plugin. -->","yoast_head_json":{"title":"RECORDAR-SER -","robots":{"index":"index","follow":"follow","max-snippet":"max-snippet:-1","max-image-preview":"max-image-preview:large","max-video-preview":"max-video-preview:-1"},"canonical":"https:\/\/lallavepsi.net\/index.php\/formaciones-online\/recordar-ser\/","og_locale":"es_ES","og_type":"article","og_title":"RECORDAR-SER -","og_description":"FORMACI\u00d3N PARA RECORDAR-SER A TRAV\u00c9S DE LA HISTORIA JAM\u00c1S CONTADA Y REGRESIONES De qu\u00e9 se trata: Un viaje hacia una historia no oficial y alternativa. Revivir el mito. Trabajo con regresiones para transmutar y sanar memorias ancestrales grabadas con dolor, y para recuperar e integrar nuestros dones naturales y recuerdos felices. Rememoraremos nuestros otros or\u00edgenes [&hellip;]","og_url":"https:\/\/lallavepsi.net\/index.php\/formaciones-online\/recordar-ser\/","article_modified_time":"2025-01-30T19:57:38+00:00","twitter_card":"summary_large_image","twitter_misc":{"Tiempo de lectura":"6 minutos"},"schema":{"@context":"https:\/\/schema.org","@graph":[{"@type":"WebPage","@id":"https:\/\/lallavepsi.net\/index.php\/formaciones-online\/recordar-ser\/","url":"https:\/\/lallavepsi.net\/index.php\/formaciones-online\/recordar-ser\/","name":"RECORDAR-SER -","isPartOf":{"@id":"https:\/\/lallavepsi.net\/#website"},"datePublished":"2022-12-26T19:56:04+00:00","dateModified":"2025-01-30T19:57:38+00:00","breadcrumb":{"@id":"https:\/\/lallavepsi.net\/index.php\/formaciones-online\/recordar-ser\/#breadcrumb"},"inLanguage":"es-AR","potentialAction":[{"@type":"ReadAction","target":["https:\/\/lallavepsi.net\/index.php\/formaciones-online\/recordar-ser\/"]}]},{"@type":"BreadcrumbList","@id":"https:\/\/lallavepsi.net\/index.php\/formaciones-online\/recordar-ser\/#breadcrumb","itemListElement":[{"@type":"ListItem","position":1,"name":"Inicio","item":"https:\/\/lallavepsi.net\/"},{"@type":"ListItem","position":2,"name":"FORMACIONES Y ESPECIALIZACIONES ONLINE","item":"https:\/\/lallavepsi.net\/index.php\/formaciones-online\/"},{"@type":"ListItem","position":3,"name":"RECORDAR-SER"}]},{"@type":"WebSite","@id":"https:\/\/lallavepsi.net\/#website","url":"https:\/\/lallavepsi.net\/","name":"","description":"","potentialAction":[{"@type":"SearchAction","target":{"@type":"EntryPoint","urlTemplate":"https:\/\/lallavepsi.net\/?s={search_term_string}"},"query-input":{"@type":"PropertyValueSpecification","valueRequired":true,"valueName":"search_term_string"}}],"inLanguage":"es-AR"}]}},"_hostinger_reach_plugin_has_subscription_block":false,"_hostinger_reach_plugin_is_elementor":false,"_links":{"self":[{"href":"https:\/\/lallavepsi.net\/index.php\/wp-json\/wp\/v2\/pages\/247","targetHints":{"allow":["GET"]}}],"collection":[{"href":"https:\/\/lallavepsi.net\/index.php\/wp-json\/wp\/v2\/pages"}],"about":[{"href":"https:\/\/lallavepsi.net\/index.php\/wp-json\/wp\/v2\/types\/page"}],"author":[{"embeddable":true,"href":"https:\/\/lallavepsi.net\/index.php\/wp-json\/wp\/v2\/users\/1"}],"replies":[{"embeddable":true,"href":"https:\/\/lallavepsi.net\/index.php\/wp-json\/wp\/v2\/comments?post=247"}],"version-history":[{"count":16,"href":"https:\/\/lallavepsi.net\/index.php\/wp-json\/wp\/v2\/pages\/247\/revisions"}],"predecessor-version":[{"id":2439,"href":"https:\/\/lallavepsi.net\/index.php\/wp-json\/wp\/v2\/pages\/247\/revisions\/2439"}],"up":[{"embeddable":true,"href":"https:\/\/lallavepsi.net\/index.php\/wp-json\/wp\/v2\/pages\/49"}],"wp:attachment":[{"href":"https:\/\/lallavepsi.net\/index.php\/wp-json\/wp\/v2\/media?parent=247"}],"curies":[{"name":"wp","href":"https:\/\/api.w.org\/{rel}","templated":true}]}}