{"id":249,"date":"2022-12-26T19:57:31","date_gmt":"2022-12-26T19:57:31","guid":{"rendered":"https:\/\/lallavepsi.net\/?page_id=249"},"modified":"2025-01-30T19:58:27","modified_gmt":"2025-01-30T19:58:27","slug":"sexualidad-y-genero","status":"publish","type":"page","link":"https:\/\/lallavepsi.net\/index.php\/formaciones-online\/sexualidad-y-genero\/","title":{"rendered":"SEXUALIDAD Y G\u00c9NERO"},"content":{"rendered":"<p><strong>FORMACI\u00d3N EN SEXUALIDAD Y G\u00c9NERO: HACIA LA MULTIDIVERSIDAD<\/strong><\/p>\n<p>Objetivo: comprender la diferencia entre sexualidad y g\u00e9nero, sus diferentes manifestaciones, proponiendo el respeto a los diferentes colectivos, su integraci\u00f3n y el estudio hacia una mayor comprensi\u00f3n de las complejidades de la sexualidad humana.<\/p>\n<p>Dirigido a: p\u00fablico en general, minor\u00edas y familiares de \u00e9stas.<\/p>\n<p>Modalidad: una clase semanal grupal online sincr\u00f3nica de dos horas te\u00f3rico-pr\u00e1ctica. Modalidad asincr\u00f3nica con env\u00edo de material te\u00f3rico-pr\u00e1ctico con feedback de dudas y consultas a trav\u00e9s de plataforma Skype. Quedan grabadas durante un mes.<\/p>\n<p>Duraci\u00f3n: 12 clases o 3 meses.<\/p>\n<p>Inversi\u00f3n: Argentina $ 58000 mensuales. Descuento 10% abonando el curso completo.<\/p>\n<p>Promoci\u00f3n residentes Sudam\u00e9rica 40 % de descuento: usd\/\u20ac 48. Resto del mundo: usd\/\u20ac 80. Descuento adicional 10% abonando el curso completo.<\/p>\n<p>Bibliograf\u00eda: material digitalizado.<\/p>\n<p>Se entrega certificaci\u00f3n cumplida el 80% de asistencia.<\/p>\n<p>&nbsp;<\/p>\n<p>Programa:<\/p>\n<p>Clase 1: Historicidad del sexo. Sexo f\u00edsico versus sexo psicol\u00f3gico. Los descubrimientos de Freud y los aportes de Lacan.<\/p>\n<p>Clase 2: Etapas del desarrollo psicosexual. Resoluci\u00f3n del objeto amoroso seg\u00fan el psicoan\u00e1lisis. Diferencias en la sexualidad masculina y femenina. El complejo ed\u00edpico.<\/p>\n<p>Clase 3: Arqueolog\u00eda del g\u00e9nero. Sexo, raza y clase. \u00bfMi cuerpo me pertenece? Los dos cuerpos del padre.<\/p>\n<p>Clase 4: Filosof\u00edas de identidad y praxis queer.<\/p>\n<p>Clase 5: Sexo \u201cnatural\u201d y sexo \u201cartificial\u201d.<\/p>\n<p>Clase 6: Sexualidad femenina. Feminismo y sexualidad.<\/p>\n<p>Clase 7: Teor\u00eda del g\u00e9nero. Transexualidad y sexo psicol\u00f3gico.<\/p>\n<p>Clase 8: Derribando mitos, juicios y prejuicios.<\/p>\n<p>Clase 9: Lenguaje inclusivo. El poder de la palabra. Pensamiento complejo no binario.<\/p>\n<p>Clase 10: Nuevas sexualidades. Nuevos nombres, viejas pr\u00e1cticas. Hacia una sexualidad no machista y violenta.<\/p>\n<p>Clase 11: Discriminaci\u00f3n entre minor\u00edas sexuales.<\/p>\n<p>Clase 12: Integraci\u00f3n de minor\u00edas sexuales al mundo laboral.<\/p>\n<p>&nbsp;<\/p>\n","protected":false},"excerpt":{"rendered":"<p>FORMACI\u00d3N EN SEXUALIDAD Y G\u00c9NERO: HACIA LA MULTIDIVERSIDAD Objetivo: comprender la diferencia entre sexualidad y g\u00e9nero, sus diferentes manifestaciones, proponiendo el respeto a los diferentes colectivos, su integraci\u00f3n y el estudio hacia una mayor comprensi\u00f3n de las complejidades de la sexualidad humana. Dirigido a: p\u00fablico en general, minor\u00edas y familiares de \u00e9stas. Modalidad: una clase [&hellip;]<\/p>\n","protected":false},"author":1,"featured_media":0,"parent":49,"menu_order":0,"comment_status":"closed","ping_status":"closed","template":"","meta":{"_monsterinsights_skip_tracking":false,"_monsterinsights_sitenote_active":false,"_monsterinsights_sitenote_note":"","_monsterinsights_sitenote_category":0,"_uf_show_specific_survey":0,"_uf_disable_surveys":false,"site-sidebar-layout":"default","site-content-layout":"default","ast-site-content-layout":"default","site-content-style":"default","site-sidebar-style":"default","ast-global-header-display":"","ast-banner-title-visibility":"","ast-main-header-display":"","ast-hfb-above-header-display":"","ast-hfb-below-header-display":"","ast-hfb-mobile-header-display":"","site-post-title":"","ast-breadcrumbs-content":"","ast-featured-img":"","footer-sml-layout":"","ast-disable-related-posts":"","theme-transparent-header-meta":"default","adv-header-id-meta":"","stick-header-meta":"","header-above-stick-meta":"","header-main-stick-meta":"","header-below-stick-meta":"","astra-migrate-meta-layouts":"set","ast-page-background-enabled":"default","ast-page-background-meta":{"desktop":{"background-color":"var(--ast-global-color-4)","background-image":"","background-repeat":"repeat","background-position":"center center","background-size":"auto","background-attachment":"scroll","background-type":"","background-media":"","overlay-type":"","overlay-color":"","overlay-opacity":"","overlay-gradient":""},"tablet":{"background-color":"","background-image":"","background-repeat":"repeat","background-position":"center center","background-size":"auto","background-attachment":"scroll","background-type":"","background-media":"","overlay-type":"","overlay-color":"","overlay-opacity":"","overlay-gradient":""},"mobile":{"background-color":"","background-image":"","background-repeat":"repeat","background-position":"center center","background-size":"auto","background-attachment":"scroll","background-type":"","background-media":"","overlay-type":"","overlay-color":"","overlay-opacity":"","overlay-gradient":""}},"ast-content-background-meta":{"desktop":{"background-color":"var(--ast-global-color-5)","background-image":"","background-repeat":"repeat","background-position":"center center","background-size":"auto","background-attachment":"scroll","background-type":"","background-media":"","overlay-type":"","overlay-color":"","overlay-opacity":"","overlay-gradient":""},"tablet":{"background-color":"var(--ast-global-color-5)","background-image":"","background-repeat":"repeat","background-position":"center center","background-size":"auto","background-attachment":"scroll","background-type":"","background-media":"","overlay-type":"","overlay-color":"","overlay-opacity":"","overlay-gradient":""},"mobile":{"background-color":"var(--ast-global-color-5)","background-image":"","background-repeat":"repeat","background-position":"center center","background-size":"auto","background-attachment":"scroll","background-type":"","background-media":"","overlay-type":"","overlay-color":"","overlay-opacity":"","overlay-gradient":""}},"footnotes":""},"class_list":["post-249","page","type-page","status-publish","hentry"],"yoast_head":"<!-- This site is optimized with the Yoast SEO plugin v27.0 - https:\/\/yoast.com\/product\/yoast-seo-wordpress\/ -->\n<title>SEXUALIDAD Y G\u00c9NERO -<\/title>\n<meta name=\"robots\" content=\"index, follow, max-snippet:-1, max-image-preview:large, max-video-preview:-1\" \/>\n<link rel=\"canonical\" href=\"https:\/\/lallavepsi.net\/index.php\/formaciones-online\/sexualidad-y-genero\/\" \/>\n<meta property=\"og:locale\" content=\"es_ES\" \/>\n<meta property=\"og:type\" content=\"article\" \/>\n<meta property=\"og:title\" content=\"SEXUALIDAD Y G\u00c9NERO -\" \/>\n<meta property=\"og:description\" content=\"FORMACI\u00d3N EN SEXUALIDAD Y G\u00c9NERO: HACIA LA MULTIDIVERSIDAD Objetivo: comprender la diferencia entre sexualidad y g\u00e9nero, sus diferentes manifestaciones, proponiendo el respeto a los diferentes colectivos, su integraci\u00f3n y el estudio hacia una mayor comprensi\u00f3n de las complejidades de la sexualidad humana. Dirigido a: p\u00fablico en general, minor\u00edas y familiares de \u00e9stas. Modalidad: una clase [&hellip;]\" \/>\n<meta property=\"og:url\" content=\"https:\/\/lallavepsi.net\/index.php\/formaciones-online\/sexualidad-y-genero\/\" \/>\n<meta property=\"article:modified_time\" content=\"2025-01-30T19:58:27+00:00\" \/>\n<meta name=\"twitter:card\" content=\"summary_large_image\" \/>\n<meta name=\"twitter:label1\" content=\"Tiempo de lectura\" \/>\n\t<meta name=\"twitter:data1\" content=\"2 minutos\" \/>\n<script type=\"application\/ld+json\" class=\"yoast-schema-graph\">{\"@context\":\"https:\/\/schema.org\",\"@graph\":[{\"@type\":\"WebPage\",\"@id\":\"https:\/\/lallavepsi.net\/index.php\/formaciones-online\/sexualidad-y-genero\/\",\"url\":\"https:\/\/lallavepsi.net\/index.php\/formaciones-online\/sexualidad-y-genero\/\",\"name\":\"SEXUALIDAD Y G\u00c9NERO -\",\"isPartOf\":{\"@id\":\"https:\/\/lallavepsi.net\/#website\"},\"datePublished\":\"2022-12-26T19:57:31+00:00\",\"dateModified\":\"2025-01-30T19:58:27+00:00\",\"breadcrumb\":{\"@id\":\"https:\/\/lallavepsi.net\/index.php\/formaciones-online\/sexualidad-y-genero\/#breadcrumb\"},\"inLanguage\":\"es-AR\",\"potentialAction\":[{\"@type\":\"ReadAction\",\"target\":[\"https:\/\/lallavepsi.net\/index.php\/formaciones-online\/sexualidad-y-genero\/\"]}]},{\"@type\":\"BreadcrumbList\",\"@id\":\"https:\/\/lallavepsi.net\/index.php\/formaciones-online\/sexualidad-y-genero\/#breadcrumb\",\"itemListElement\":[{\"@type\":\"ListItem\",\"position\":1,\"name\":\"Inicio\",\"item\":\"https:\/\/lallavepsi.net\/\"},{\"@type\":\"ListItem\",\"position\":2,\"name\":\"FORMACIONES Y ESPECIALIZACIONES ONLINE\",\"item\":\"https:\/\/lallavepsi.net\/index.php\/formaciones-online\/\"},{\"@type\":\"ListItem\",\"position\":3,\"name\":\"SEXUALIDAD Y G\u00c9NERO\"}]},{\"@type\":\"WebSite\",\"@id\":\"https:\/\/lallavepsi.net\/#website\",\"url\":\"https:\/\/lallavepsi.net\/\",\"name\":\"\",\"description\":\"\",\"potentialAction\":[{\"@type\":\"SearchAction\",\"target\":{\"@type\":\"EntryPoint\",\"urlTemplate\":\"https:\/\/lallavepsi.net\/?s={search_term_string}\"},\"query-input\":{\"@type\":\"PropertyValueSpecification\",\"valueRequired\":true,\"valueName\":\"search_term_string\"}}],\"inLanguage\":\"es-AR\"}]}<\/script>\n<!-- \/ Yoast SEO plugin. -->","yoast_head_json":{"title":"SEXUALIDAD Y G\u00c9NERO -","robots":{"index":"index","follow":"follow","max-snippet":"max-snippet:-1","max-image-preview":"max-image-preview:large","max-video-preview":"max-video-preview:-1"},"canonical":"https:\/\/lallavepsi.net\/index.php\/formaciones-online\/sexualidad-y-genero\/","og_locale":"es_ES","og_type":"article","og_title":"SEXUALIDAD Y G\u00c9NERO -","og_description":"FORMACI\u00d3N EN SEXUALIDAD Y G\u00c9NERO: HACIA LA MULTIDIVERSIDAD Objetivo: comprender la diferencia entre sexualidad y g\u00e9nero, sus diferentes manifestaciones, proponiendo el respeto a los diferentes colectivos, su integraci\u00f3n y el estudio hacia una mayor comprensi\u00f3n de las complejidades de la sexualidad humana. Dirigido a: p\u00fablico en general, minor\u00edas y familiares de \u00e9stas. Modalidad: una clase [&hellip;]","og_url":"https:\/\/lallavepsi.net\/index.php\/formaciones-online\/sexualidad-y-genero\/","article_modified_time":"2025-01-30T19:58:27+00:00","twitter_card":"summary_large_image","twitter_misc":{"Tiempo de lectura":"2 minutos"},"schema":{"@context":"https:\/\/schema.org","@graph":[{"@type":"WebPage","@id":"https:\/\/lallavepsi.net\/index.php\/formaciones-online\/sexualidad-y-genero\/","url":"https:\/\/lallavepsi.net\/index.php\/formaciones-online\/sexualidad-y-genero\/","name":"SEXUALIDAD Y G\u00c9NERO -","isPartOf":{"@id":"https:\/\/lallavepsi.net\/#website"},"datePublished":"2022-12-26T19:57:31+00:00","dateModified":"2025-01-30T19:58:27+00:00","breadcrumb":{"@id":"https:\/\/lallavepsi.net\/index.php\/formaciones-online\/sexualidad-y-genero\/#breadcrumb"},"inLanguage":"es-AR","potentialAction":[{"@type":"ReadAction","target":["https:\/\/lallavepsi.net\/index.php\/formaciones-online\/sexualidad-y-genero\/"]}]},{"@type":"BreadcrumbList","@id":"https:\/\/lallavepsi.net\/index.php\/formaciones-online\/sexualidad-y-genero\/#breadcrumb","itemListElement":[{"@type":"ListItem","position":1,"name":"Inicio","item":"https:\/\/lallavepsi.net\/"},{"@type":"ListItem","position":2,"name":"FORMACIONES Y ESPECIALIZACIONES ONLINE","item":"https:\/\/lallavepsi.net\/index.php\/formaciones-online\/"},{"@type":"ListItem","position":3,"name":"SEXUALIDAD Y G\u00c9NERO"}]},{"@type":"WebSite","@id":"https:\/\/lallavepsi.net\/#website","url":"https:\/\/lallavepsi.net\/","name":"","description":"","potentialAction":[{"@type":"SearchAction","target":{"@type":"EntryPoint","urlTemplate":"https:\/\/lallavepsi.net\/?s={search_term_string}"},"query-input":{"@type":"PropertyValueSpecification","valueRequired":true,"valueName":"search_term_string"}}],"inLanguage":"es-AR"}]}},"_hostinger_reach_plugin_has_subscription_block":false,"_hostinger_reach_plugin_is_elementor":false,"_links":{"self":[{"href":"https:\/\/lallavepsi.net\/index.php\/wp-json\/wp\/v2\/pages\/249","targetHints":{"allow":["GET"]}}],"collection":[{"href":"https:\/\/lallavepsi.net\/index.php\/wp-json\/wp\/v2\/pages"}],"about":[{"href":"https:\/\/lallavepsi.net\/index.php\/wp-json\/wp\/v2\/types\/page"}],"author":[{"embeddable":true,"href":"https:\/\/lallavepsi.net\/index.php\/wp-json\/wp\/v2\/users\/1"}],"replies":[{"embeddable":true,"href":"https:\/\/lallavepsi.net\/index.php\/wp-json\/wp\/v2\/comments?post=249"}],"version-history":[{"count":9,"href":"https:\/\/lallavepsi.net\/index.php\/wp-json\/wp\/v2\/pages\/249\/revisions"}],"predecessor-version":[{"id":2445,"href":"https:\/\/lallavepsi.net\/index.php\/wp-json\/wp\/v2\/pages\/249\/revisions\/2445"}],"up":[{"embeddable":true,"href":"https:\/\/lallavepsi.net\/index.php\/wp-json\/wp\/v2\/pages\/49"}],"wp:attachment":[{"href":"https:\/\/lallavepsi.net\/index.php\/wp-json\/wp\/v2\/media?parent=249"}],"curies":[{"name":"wp","href":"https:\/\/api.w.org\/{rel}","templated":true}]}}