{"id":255,"date":"2022-12-27T23:37:07","date_gmt":"2022-12-27T23:37:07","guid":{"rendered":"https:\/\/lallavepsi.net\/?page_id=255"},"modified":"2022-12-27T23:37:07","modified_gmt":"2022-12-27T23:37:07","slug":"bioneuroemocion","status":"publish","type":"page","link":"https:\/\/lallavepsi.net\/index.php\/sesiones\/bioneuroemocion\/","title":{"rendered":"BIONEUROEMOCI\u00d3N"},"content":{"rendered":"<p><strong>BIONEUROEMOCI\u00d3N<\/strong><\/p>\n<p>\u00bfQu\u00e9 es?<\/p>\n<p>La bioneuroemoci\u00f3n es una terapia que tiene como finalidad reconocer las emociones ocultas vinculadas al s\u00edntoma de una enfermedad, por ello la necesidad de descodificarla para poder desprender las emociones asociadas en el inconsciente o en la memoria celular con el fin de que esta liberaci\u00f3n de energ\u00eda ayude o potencia su sanaci\u00f3n. Este m\u00e9todo es ampliamente efectivo en el abanico de las enfermedades psicosom\u00e1ticas como ser alergias por ejemplo; as\u00ed como permite tambi\u00e9n disminuir la ansiedad y el estr\u00e9s y aquellos problemas de \u00edndole emocional que pueden estar afectando la calidad de vida y el bienestar del sujeto.<\/p>\n<p>&nbsp;<\/p>\n<p>C\u00f3mo se lleva a cabo<\/p>\n<p>Mediante el acompa\u00f1amiento de un profesional calificado que ir\u00e1 facilitando en la persona su autoexploraci\u00f3n para encontrar toda la informaci\u00f3n relacionada con los s\u00edntomas de varias enfermedades con m\u00faltiples or\u00edgenes, logrando as\u00ed encontrar la clave para desbloquear la armon\u00eda entre el cuerpo y la mente y alcanzando un cuerpo equilibrado en su consciente e inconsciente. De esta manera, logramos comprender nuestra implicancia en la causa y sostenimiento de la enfermedad, m\u00e1s all\u00e1 de las causas externas. Tomando cada c\u00e9lula como una unidad autoconsciente y determinada para una funci\u00f3n espec\u00edfica, como un universo en s\u00ed mismo, esta t\u00e9cnica se propone encontrar el c\u00f3digo programado y alterado inconsciente en ellas para poder recobrar su naturalidad saludable y vital.<\/p>\n<p>&nbsp;<\/p>\n<p>Beneficios<\/p>\n<p>Esta terapia que ayuda al reconocimiento y gesti\u00f3n adecuada de las emociones permite una comprensi\u00f3n de todo el organismo desde cada c\u00e9lula, entendiendo desde all\u00ed los diferentes s\u00edntomas y emociones que nos atraviesan. Es ideal para aquellas personas con dificultades para \u201cleer\u201d su cuerpo y sus emociones, para aprender a comunicarse con estas dimensiones que son de fundamental importancia en cuanto a la conservaci\u00f3n y perfeccionamiento de nuestra salud y de toda la esfera que engloba lo emocional (comunicaci\u00f3n en todas sus facetas, verbal y no verbal, relaciones de pareja, familiares, laborales, etc.). Asimismo, fomentar\u00e1 una mayor concentraci\u00f3n, escucha propia y hacia el otro, desarrollar\u00e1 la empat\u00eda y ayudar\u00e1 a alcanzar un adecuado equilibrio psicol\u00f3gico. Al lograr interpretar el c\u00f3digo biol\u00f3gico de cada s\u00edntoma y entender lo que tiene para ense\u00f1arnos cada enfermedad se vuelve tambi\u00e9n una poderosa herramienta de autoconocimiento y resiliencia.<\/p>\n<p>&nbsp;<\/p>\n<p>Objetivos<\/p>\n<p>Apuntamos especialmente a lo que pretende todo tratamiento terap\u00e9utico: la toma de conciencia para no seguir repitiendo patrones de comportamiento inconscientes disfuncionales, a hacernos responsables de nuestra implicancia y no seguir echando culpas afuera. En este caso, se trata de tomar conciencia de nuestro rol en la causa y avance de la enfermedad para actuar en consecuencia, ya que si tuvimos el suficiente poder emocional de generarla, tenemos el mismo poder para transformarla. Es un proceso que va desde adentro hacia afuera y no al rev\u00e9s. Por otro lado, se trata de entender el papel y el peso que juegan en el cuerpo las emociones bloqueadas, que ocupan un quantum energ\u00e9tico que de no ser elaborado se detiene, congela y obstruye. Y lo que rigidiza lleva a la enfermedad. Lo que no se mueve, no avanza, se atrofia. Entonces liberar todas aquellas emociones reprimidas, o aquellos mandatos que quedaron grabados por religi\u00f3n o cultura, llevar\u00e1n a la liberaci\u00f3n del deseo del ser y por ende su autosanaci\u00f3n. No hay nada m\u00e1gico ni milagroso. De ninguna manera propiciamos esta t\u00e9cnica como la \u00fanica posible o la salvaci\u00f3n, si no como un recurso adicional valioso a la medicina y el paradigma m\u00e9dico, pero como tratamiento conjunto y no como reemplazo. De esa forma, se establece y potencia un poderoso trabajo interno y externo.<\/p>\n<p>&nbsp;<\/p>\n<p>\u00bfBiodescodificacion o Bioneuroemoci\u00f3n?<\/p>\n<p>La bioneurodescodificaci\u00f3n ha evolucionado en bioneuroemoci\u00f3n. La bioneurodescodificaci\u00f3n tiene una visi\u00f3n dual (emoci\u00f3n\/mente y cuerpo), biol\u00f3gica, busca soluciones conductuales y la salud f\u00edsica. La bioneuroemoci\u00f3n, por el contrario, tiene una visi\u00f3n no dual, m\u00faltiple, human\u00edstica, busca ampliar la conciencia y es una forma de vida. Por ello se nutre tambi\u00e9n de la meditaci\u00f3n como una forma de volver a conectarnos con nuestro cuerpo, nuestras emociones, pensamientos y lo m\u00e1s profundo de nuestro ser en comuni\u00f3n con la naturaleza y el universo.<\/p>\n<p>&nbsp;<\/p>\n","protected":false},"excerpt":{"rendered":"<p>BIONEUROEMOCI\u00d3N \u00bfQu\u00e9 es? La bioneuroemoci\u00f3n es una terapia que tiene como finalidad reconocer las emociones ocultas vinculadas al s\u00edntoma de una enfermedad, por ello la necesidad de descodificarla para poder desprender las emociones asociadas en el inconsciente o en la memoria celular con el fin de que esta liberaci\u00f3n de energ\u00eda ayude o potencia su [&hellip;]<\/p>\n","protected":false},"author":1,"featured_media":0,"parent":251,"menu_order":0,"comment_status":"closed","ping_status":"closed","template":"","meta":{"_monsterinsights_skip_tracking":false,"_monsterinsights_sitenote_active":false,"_monsterinsights_sitenote_note":"","_monsterinsights_sitenote_category":0,"_uf_show_specific_survey":0,"_uf_disable_surveys":false,"site-sidebar-layout":"default","site-content-layout":"default","ast-site-content-layout":"default","site-content-style":"default","site-sidebar-style":"default","ast-global-header-display":"","ast-banner-title-visibility":"","ast-main-header-display":"","ast-hfb-above-header-display":"","ast-hfb-below-header-display":"","ast-hfb-mobile-header-display":"","site-post-title":"","ast-breadcrumbs-content":"","ast-featured-img":"","footer-sml-layout":"","ast-disable-related-posts":"","theme-transparent-header-meta":"default","adv-header-id-meta":"","stick-header-meta":"","header-above-stick-meta":"","header-main-stick-meta":"","header-below-stick-meta":"","astra-migrate-meta-layouts":"default","ast-page-background-enabled":"default","ast-page-background-meta":{"desktop":{"background-color":"var(--ast-global-color-4)","background-image":"","background-repeat":"repeat","background-position":"center center","background-size":"auto","background-attachment":"scroll","background-type":"","background-media":"","overlay-type":"","overlay-color":"","overlay-opacity":"","overlay-gradient":""},"tablet":{"background-color":"","background-image":"","background-repeat":"repeat","background-position":"center center","background-size":"auto","background-attachment":"scroll","background-type":"","background-media":"","overlay-type":"","overlay-color":"","overlay-opacity":"","overlay-gradient":""},"mobile":{"background-color":"","background-image":"","background-repeat":"repeat","background-position":"center center","background-size":"auto","background-attachment":"scroll","background-type":"","background-media":"","overlay-type":"","overlay-color":"","overlay-opacity":"","overlay-gradient":""}},"ast-content-background-meta":{"desktop":{"background-color":"var(--ast-global-color-5)","background-image":"","background-repeat":"repeat","background-position":"center center","background-size":"auto","background-attachment":"scroll","background-type":"","background-media":"","overlay-type":"","overlay-color":"","overlay-opacity":"","overlay-gradient":""},"tablet":{"background-color":"var(--ast-global-color-5)","background-image":"","background-repeat":"repeat","background-position":"center center","background-size":"auto","background-attachment":"scroll","background-type":"","background-media":"","overlay-type":"","overlay-color":"","overlay-opacity":"","overlay-gradient":""},"mobile":{"background-color":"var(--ast-global-color-5)","background-image":"","background-repeat":"repeat","background-position":"center center","background-size":"auto","background-attachment":"scroll","background-type":"","background-media":"","overlay-type":"","overlay-color":"","overlay-opacity":"","overlay-gradient":""}},"footnotes":""},"class_list":["post-255","page","type-page","status-publish","hentry"],"yoast_head":"<!-- This site is optimized with the Yoast SEO plugin v27.0 - https:\/\/yoast.com\/product\/yoast-seo-wordpress\/ -->\n<title>BIONEUROEMOCI\u00d3N -<\/title>\n<meta name=\"robots\" content=\"index, follow, max-snippet:-1, max-image-preview:large, max-video-preview:-1\" \/>\n<link rel=\"canonical\" href=\"https:\/\/lallavepsi.net\/index.php\/sesiones\/bioneuroemocion\/\" \/>\n<meta property=\"og:locale\" content=\"es_ES\" \/>\n<meta property=\"og:type\" content=\"article\" \/>\n<meta property=\"og:title\" content=\"BIONEUROEMOCI\u00d3N -\" \/>\n<meta property=\"og:description\" content=\"BIONEUROEMOCI\u00d3N \u00bfQu\u00e9 es? La bioneuroemoci\u00f3n es una terapia que tiene como finalidad reconocer las emociones ocultas vinculadas al s\u00edntoma de una enfermedad, por ello la necesidad de descodificarla para poder desprender las emociones asociadas en el inconsciente o en la memoria celular con el fin de que esta liberaci\u00f3n de energ\u00eda ayude o potencia su [&hellip;]\" \/>\n<meta property=\"og:url\" content=\"https:\/\/lallavepsi.net\/index.php\/sesiones\/bioneuroemocion\/\" \/>\n<meta name=\"twitter:card\" content=\"summary_large_image\" \/>\n<meta name=\"twitter:label1\" content=\"Tiempo de lectura\" \/>\n\t<meta name=\"twitter:data1\" content=\"4 minutos\" \/>\n<script type=\"application\/ld+json\" class=\"yoast-schema-graph\">{\"@context\":\"https:\/\/schema.org\",\"@graph\":[{\"@type\":\"WebPage\",\"@id\":\"https:\/\/lallavepsi.net\/index.php\/sesiones\/bioneuroemocion\/\",\"url\":\"https:\/\/lallavepsi.net\/index.php\/sesiones\/bioneuroemocion\/\",\"name\":\"BIONEUROEMOCI\u00d3N -\",\"isPartOf\":{\"@id\":\"https:\/\/lallavepsi.net\/#website\"},\"datePublished\":\"2022-12-27T23:37:07+00:00\",\"breadcrumb\":{\"@id\":\"https:\/\/lallavepsi.net\/index.php\/sesiones\/bioneuroemocion\/#breadcrumb\"},\"inLanguage\":\"es-AR\",\"potentialAction\":[{\"@type\":\"ReadAction\",\"target\":[\"https:\/\/lallavepsi.net\/index.php\/sesiones\/bioneuroemocion\/\"]}]},{\"@type\":\"BreadcrumbList\",\"@id\":\"https:\/\/lallavepsi.net\/index.php\/sesiones\/bioneuroemocion\/#breadcrumb\",\"itemListElement\":[{\"@type\":\"ListItem\",\"position\":1,\"name\":\"Inicio\",\"item\":\"https:\/\/lallavepsi.net\/\"},{\"@type\":\"ListItem\",\"position\":2,\"name\":\"SESIONES COMPLEMENTARIAS\",\"item\":\"https:\/\/lallavepsi.net\/index.php\/sesiones\/\"},{\"@type\":\"ListItem\",\"position\":3,\"name\":\"BIONEUROEMOCI\u00d3N\"}]},{\"@type\":\"WebSite\",\"@id\":\"https:\/\/lallavepsi.net\/#website\",\"url\":\"https:\/\/lallavepsi.net\/\",\"name\":\"\",\"description\":\"\",\"potentialAction\":[{\"@type\":\"SearchAction\",\"target\":{\"@type\":\"EntryPoint\",\"urlTemplate\":\"https:\/\/lallavepsi.net\/?s={search_term_string}\"},\"query-input\":{\"@type\":\"PropertyValueSpecification\",\"valueRequired\":true,\"valueName\":\"search_term_string\"}}],\"inLanguage\":\"es-AR\"}]}<\/script>\n<!-- \/ Yoast SEO plugin. -->","yoast_head_json":{"title":"BIONEUROEMOCI\u00d3N -","robots":{"index":"index","follow":"follow","max-snippet":"max-snippet:-1","max-image-preview":"max-image-preview:large","max-video-preview":"max-video-preview:-1"},"canonical":"https:\/\/lallavepsi.net\/index.php\/sesiones\/bioneuroemocion\/","og_locale":"es_ES","og_type":"article","og_title":"BIONEUROEMOCI\u00d3N -","og_description":"BIONEUROEMOCI\u00d3N \u00bfQu\u00e9 es? La bioneuroemoci\u00f3n es una terapia que tiene como finalidad reconocer las emociones ocultas vinculadas al s\u00edntoma de una enfermedad, por ello la necesidad de descodificarla para poder desprender las emociones asociadas en el inconsciente o en la memoria celular con el fin de que esta liberaci\u00f3n de energ\u00eda ayude o potencia su [&hellip;]","og_url":"https:\/\/lallavepsi.net\/index.php\/sesiones\/bioneuroemocion\/","twitter_card":"summary_large_image","twitter_misc":{"Tiempo de lectura":"4 minutos"},"schema":{"@context":"https:\/\/schema.org","@graph":[{"@type":"WebPage","@id":"https:\/\/lallavepsi.net\/index.php\/sesiones\/bioneuroemocion\/","url":"https:\/\/lallavepsi.net\/index.php\/sesiones\/bioneuroemocion\/","name":"BIONEUROEMOCI\u00d3N -","isPartOf":{"@id":"https:\/\/lallavepsi.net\/#website"},"datePublished":"2022-12-27T23:37:07+00:00","breadcrumb":{"@id":"https:\/\/lallavepsi.net\/index.php\/sesiones\/bioneuroemocion\/#breadcrumb"},"inLanguage":"es-AR","potentialAction":[{"@type":"ReadAction","target":["https:\/\/lallavepsi.net\/index.php\/sesiones\/bioneuroemocion\/"]}]},{"@type":"BreadcrumbList","@id":"https:\/\/lallavepsi.net\/index.php\/sesiones\/bioneuroemocion\/#breadcrumb","itemListElement":[{"@type":"ListItem","position":1,"name":"Inicio","item":"https:\/\/lallavepsi.net\/"},{"@type":"ListItem","position":2,"name":"SESIONES COMPLEMENTARIAS","item":"https:\/\/lallavepsi.net\/index.php\/sesiones\/"},{"@type":"ListItem","position":3,"name":"BIONEUROEMOCI\u00d3N"}]},{"@type":"WebSite","@id":"https:\/\/lallavepsi.net\/#website","url":"https:\/\/lallavepsi.net\/","name":"","description":"","potentialAction":[{"@type":"SearchAction","target":{"@type":"EntryPoint","urlTemplate":"https:\/\/lallavepsi.net\/?s={search_term_string}"},"query-input":{"@type":"PropertyValueSpecification","valueRequired":true,"valueName":"search_term_string"}}],"inLanguage":"es-AR"}]}},"_hostinger_reach_plugin_has_subscription_block":false,"_hostinger_reach_plugin_is_elementor":false,"_links":{"self":[{"href":"https:\/\/lallavepsi.net\/index.php\/wp-json\/wp\/v2\/pages\/255","targetHints":{"allow":["GET"]}}],"collection":[{"href":"https:\/\/lallavepsi.net\/index.php\/wp-json\/wp\/v2\/pages"}],"about":[{"href":"https:\/\/lallavepsi.net\/index.php\/wp-json\/wp\/v2\/types\/page"}],"author":[{"embeddable":true,"href":"https:\/\/lallavepsi.net\/index.php\/wp-json\/wp\/v2\/users\/1"}],"replies":[{"embeddable":true,"href":"https:\/\/lallavepsi.net\/index.php\/wp-json\/wp\/v2\/comments?post=255"}],"version-history":[{"count":1,"href":"https:\/\/lallavepsi.net\/index.php\/wp-json\/wp\/v2\/pages\/255\/revisions"}],"predecessor-version":[{"id":256,"href":"https:\/\/lallavepsi.net\/index.php\/wp-json\/wp\/v2\/pages\/255\/revisions\/256"}],"up":[{"embeddable":true,"href":"https:\/\/lallavepsi.net\/index.php\/wp-json\/wp\/v2\/pages\/251"}],"wp:attachment":[{"href":"https:\/\/lallavepsi.net\/index.php\/wp-json\/wp\/v2\/media?parent=255"}],"curies":[{"name":"wp","href":"https:\/\/api.w.org\/{rel}","templated":true}]}}