{"id":257,"date":"2022-12-27T23:52:24","date_gmt":"2022-12-27T23:52:24","guid":{"rendered":"https:\/\/lallavepsi.net\/?page_id=257"},"modified":"2026-01-30T14:42:22","modified_gmt":"2026-01-30T14:42:22","slug":"metafisica","status":"publish","type":"page","link":"https:\/\/lallavepsi.net\/index.php\/sesiones\/metafisica\/","title":{"rendered":"GNOSIS METAF\u00cdSICA"},"content":{"rendered":"<p><strong>METAF\u00cdSICA<\/strong><\/p>\n<p>La metaf\u00edsica (del lat\u00edn \u00abm\u00e1s all\u00e1 de la naturaleza o m\u00e1s all\u00e1 de la f\u00edsica\u00bb)\u200b es una rama de la filosof\u00eda que estudia los principios fundamentales de la realidad. Se pregunta por todo lo existente para alcanzar la verdad m\u00e1s profunda de las cosas,\u00a0 sus causas y or\u00edgenes.<\/p>\n<p>Junto con la l\u00f3gica y la gnoseolog\u00eda, es la rama m\u00e1s b\u00e1sica de la filosof\u00eda y ha sido estudiada por fil\u00f3sofos como Plat\u00f3n, Arist\u00f3teles, Agust\u00edn, Boecio, Aquino, Leibniz, Locke, entre otros.<\/p>\n<p>La\u00a0<b>psicolog\u00eda racional<\/b>, tambi\u00e9n llamada filosof\u00eda del hombre, psicolog\u00eda metaf\u00edsica o psicolog\u00eda filos\u00f3fica, se ocupa del alma o mente del hombre.<\/p>\n<p>Antiguamente, el esoterismo o tambi\u00e9n llamado ocultismo era asociado a la\u00a0<b>metaf\u00edsica<\/b> que, como dijimos, es el estudio m\u00e1s all\u00e1 de lo f\u00edsico, o sea de la esencia, los principios y la raz\u00f3n del ser. Algunos de los metaf\u00edsicos m\u00e1s conocidos son Plat\u00f3n, Pit\u00e1goras y Leonardo da Vinci.<\/p>\n<p>&nbsp;<\/p>\n<p>\u00bfPara qu\u00e9 sirve la metaf\u00edsica?<\/p>\n<p>Para entender qui\u00e9nes somos, nuestr rol en el mundo, y para brindarnos herramientas hacia nuestra autoconsciencia y evoluci\u00f3n personal y espiritual.<\/p>\n<p>La gnosis (del griego\u00a0<em class=\"eujQNb\">gn\u014dsis<\/em>, &#8220;conocimiento&#8221;) es un concepto filos\u00f3fico-religioso que representa el conocimiento intuitivo, espiritual y directo de lo divino, el ser humano y el universo, m\u00e1s all\u00e1 del conocimiento intelectual. Implica una sabidur\u00eda interior para la liberaci\u00f3n espiritual, diferenci\u00e1ndose de la fe o creencia ciega.<span class=\"uJ19be notranslate\" data-wiz-uids=\"v9gwpb_a,v9gwpb_b\"><span class=\"vKEkVd\" data-animation-atomic=\"\" data-wiz-attrbind=\"class=v9gwpb_9\/TKHnVd\">\u00a0<\/span><\/span><\/p>\n<p>En conjunto, la gnosis metaf\u00edsica es un <mark class=\"HxTRcb\" data-processed=\"true\">conocimiento intuitivo y esot\u00e9rico de la divinidad que busca la salvaci\u00f3n del alma mediante la comprensi\u00f3n de su origen espiritual, separ\u00e1ndola de la ilusi\u00f3n del mundo material creado por un demiurgo imperfecto<\/mark>. Es una corriente dualista que posiciona al ser humano como una chispa divina encarcelada, cuyo despertar (gnosis) permite la liberaci\u00f3n del karma y la uni\u00f3n con el Dios supremo<\/p>\n<p>&nbsp;<\/p>\n<p>Sesiones individuales presenciales o virtuales de una hora que incluyen:<\/p>\n<p>&#8211; Decodificaci\u00f3n de s\u00edntomas o enfermedades (interpretaci\u00f3n energ\u00e9tica) integr\u00e1ndola con lo biopsicosocial.<\/p>\n<p>&#8211; Pautas de trabajo con mantras, armonizaciones, visualizaciones, relajaciones y meditaciones (integraci\u00f3n con pautas de mindfulness) que complementan el trabajo psicol\u00f3gico de la personalidad.<\/p>\n","protected":false},"excerpt":{"rendered":"<p>METAF\u00cdSICA La metaf\u00edsica (del lat\u00edn \u00abm\u00e1s all\u00e1 de la naturaleza o m\u00e1s all\u00e1 de la f\u00edsica\u00bb)\u200b es una rama de la filosof\u00eda que estudia los principios fundamentales de la realidad. Se pregunta por todo lo existente para alcanzar la verdad m\u00e1s profunda de las cosas,\u00a0 sus causas y or\u00edgenes. Junto con la l\u00f3gica y la [&hellip;]<\/p>\n","protected":false},"author":1,"featured_media":0,"parent":251,"menu_order":0,"comment_status":"closed","ping_status":"closed","template":"","meta":{"_monsterinsights_skip_tracking":false,"_monsterinsights_sitenote_active":false,"_monsterinsights_sitenote_note":"","_monsterinsights_sitenote_category":0,"_uf_show_specific_survey":0,"_uf_disable_surveys":false,"site-sidebar-layout":"default","site-content-layout":"default","ast-site-content-layout":"default","site-content-style":"default","site-sidebar-style":"default","ast-global-header-display":"","ast-banner-title-visibility":"","ast-main-header-display":"","ast-hfb-above-header-display":"","ast-hfb-below-header-display":"","ast-hfb-mobile-header-display":"","site-post-title":"","ast-breadcrumbs-content":"","ast-featured-img":"","footer-sml-layout":"","ast-disable-related-posts":"","theme-transparent-header-meta":"default","adv-header-id-meta":"","stick-header-meta":"","header-above-stick-meta":"","header-main-stick-meta":"","header-below-stick-meta":"","astra-migrate-meta-layouts":"set","ast-page-background-enabled":"default","ast-page-background-meta":{"desktop":{"background-color":"var(--ast-global-color-4)","background-image":"","background-repeat":"repeat","background-position":"center center","background-size":"auto","background-attachment":"scroll","background-type":"","background-media":"","overlay-type":"","overlay-color":"","overlay-opacity":"","overlay-gradient":""},"tablet":{"background-color":"","background-image":"","background-repeat":"repeat","background-position":"center center","background-size":"auto","background-attachment":"scroll","background-type":"","background-media":"","overlay-type":"","overlay-color":"","overlay-opacity":"","overlay-gradient":""},"mobile":{"background-color":"","background-image":"","background-repeat":"repeat","background-position":"center center","background-size":"auto","background-attachment":"scroll","background-type":"","background-media":"","overlay-type":"","overlay-color":"","overlay-opacity":"","overlay-gradient":""}},"ast-content-background-meta":{"desktop":{"background-color":"var(--ast-global-color-5)","background-image":"","background-repeat":"repeat","background-position":"center center","background-size":"auto","background-attachment":"scroll","background-type":"","background-media":"","overlay-type":"","overlay-color":"","overlay-opacity":"","overlay-gradient":""},"tablet":{"background-color":"var(--ast-global-color-5)","background-image":"","background-repeat":"repeat","background-position":"center center","background-size":"auto","background-attachment":"scroll","background-type":"","background-media":"","overlay-type":"","overlay-color":"","overlay-opacity":"","overlay-gradient":""},"mobile":{"background-color":"var(--ast-global-color-5)","background-image":"","background-repeat":"repeat","background-position":"center center","background-size":"auto","background-attachment":"scroll","background-type":"","background-media":"","overlay-type":"","overlay-color":"","overlay-opacity":"","overlay-gradient":""}},"footnotes":""},"class_list":["post-257","page","type-page","status-publish","hentry"],"yoast_head":"<!-- This site is optimized with the Yoast SEO plugin v27.0 - https:\/\/yoast.com\/product\/yoast-seo-wordpress\/ -->\n<title>GNOSIS METAF\u00cdSICA -<\/title>\n<meta name=\"robots\" content=\"index, follow, max-snippet:-1, max-image-preview:large, max-video-preview:-1\" \/>\n<link rel=\"canonical\" href=\"https:\/\/lallavepsi.net\/index.php\/sesiones\/metafisica\/\" \/>\n<meta property=\"og:locale\" content=\"es_ES\" \/>\n<meta property=\"og:type\" content=\"article\" \/>\n<meta property=\"og:title\" content=\"GNOSIS METAF\u00cdSICA -\" \/>\n<meta property=\"og:description\" content=\"METAF\u00cdSICA La metaf\u00edsica (del lat\u00edn \u00abm\u00e1s all\u00e1 de la naturaleza o m\u00e1s all\u00e1 de la f\u00edsica\u00bb)\u200b es una rama de la filosof\u00eda que estudia los principios fundamentales de la realidad. Se pregunta por todo lo existente para alcanzar la verdad m\u00e1s profunda de las cosas,\u00a0 sus causas y or\u00edgenes. Junto con la l\u00f3gica y la [&hellip;]\" \/>\n<meta property=\"og:url\" content=\"https:\/\/lallavepsi.net\/index.php\/sesiones\/metafisica\/\" \/>\n<meta property=\"article:modified_time\" content=\"2026-01-30T14:42:22+00:00\" \/>\n<meta name=\"twitter:card\" content=\"summary_large_image\" \/>\n<meta name=\"twitter:label1\" content=\"Tiempo de lectura\" \/>\n\t<meta name=\"twitter:data1\" content=\"2 minutos\" \/>\n<script type=\"application\/ld+json\" class=\"yoast-schema-graph\">{\"@context\":\"https:\/\/schema.org\",\"@graph\":[{\"@type\":\"WebPage\",\"@id\":\"https:\/\/lallavepsi.net\/index.php\/sesiones\/metafisica\/\",\"url\":\"https:\/\/lallavepsi.net\/index.php\/sesiones\/metafisica\/\",\"name\":\"GNOSIS METAF\u00cdSICA -\",\"isPartOf\":{\"@id\":\"https:\/\/lallavepsi.net\/#website\"},\"datePublished\":\"2022-12-27T23:52:24+00:00\",\"dateModified\":\"2026-01-30T14:42:22+00:00\",\"breadcrumb\":{\"@id\":\"https:\/\/lallavepsi.net\/index.php\/sesiones\/metafisica\/#breadcrumb\"},\"inLanguage\":\"es-AR\",\"potentialAction\":[{\"@type\":\"ReadAction\",\"target\":[\"https:\/\/lallavepsi.net\/index.php\/sesiones\/metafisica\/\"]}]},{\"@type\":\"BreadcrumbList\",\"@id\":\"https:\/\/lallavepsi.net\/index.php\/sesiones\/metafisica\/#breadcrumb\",\"itemListElement\":[{\"@type\":\"ListItem\",\"position\":1,\"name\":\"Inicio\",\"item\":\"https:\/\/lallavepsi.net\/\"},{\"@type\":\"ListItem\",\"position\":2,\"name\":\"SESIONES COMPLEMENTARIAS\",\"item\":\"https:\/\/lallavepsi.net\/index.php\/sesiones\/\"},{\"@type\":\"ListItem\",\"position\":3,\"name\":\"GNOSIS METAF\u00cdSICA\"}]},{\"@type\":\"WebSite\",\"@id\":\"https:\/\/lallavepsi.net\/#website\",\"url\":\"https:\/\/lallavepsi.net\/\",\"name\":\"\",\"description\":\"\",\"potentialAction\":[{\"@type\":\"SearchAction\",\"target\":{\"@type\":\"EntryPoint\",\"urlTemplate\":\"https:\/\/lallavepsi.net\/?s={search_term_string}\"},\"query-input\":{\"@type\":\"PropertyValueSpecification\",\"valueRequired\":true,\"valueName\":\"search_term_string\"}}],\"inLanguage\":\"es-AR\"}]}<\/script>\n<!-- \/ Yoast SEO plugin. -->","yoast_head_json":{"title":"GNOSIS METAF\u00cdSICA -","robots":{"index":"index","follow":"follow","max-snippet":"max-snippet:-1","max-image-preview":"max-image-preview:large","max-video-preview":"max-video-preview:-1"},"canonical":"https:\/\/lallavepsi.net\/index.php\/sesiones\/metafisica\/","og_locale":"es_ES","og_type":"article","og_title":"GNOSIS METAF\u00cdSICA -","og_description":"METAF\u00cdSICA La metaf\u00edsica (del lat\u00edn \u00abm\u00e1s all\u00e1 de la naturaleza o m\u00e1s all\u00e1 de la f\u00edsica\u00bb)\u200b es una rama de la filosof\u00eda que estudia los principios fundamentales de la realidad. Se pregunta por todo lo existente para alcanzar la verdad m\u00e1s profunda de las cosas,\u00a0 sus causas y or\u00edgenes. Junto con la l\u00f3gica y la [&hellip;]","og_url":"https:\/\/lallavepsi.net\/index.php\/sesiones\/metafisica\/","article_modified_time":"2026-01-30T14:42:22+00:00","twitter_card":"summary_large_image","twitter_misc":{"Tiempo de lectura":"2 minutos"},"schema":{"@context":"https:\/\/schema.org","@graph":[{"@type":"WebPage","@id":"https:\/\/lallavepsi.net\/index.php\/sesiones\/metafisica\/","url":"https:\/\/lallavepsi.net\/index.php\/sesiones\/metafisica\/","name":"GNOSIS METAF\u00cdSICA -","isPartOf":{"@id":"https:\/\/lallavepsi.net\/#website"},"datePublished":"2022-12-27T23:52:24+00:00","dateModified":"2026-01-30T14:42:22+00:00","breadcrumb":{"@id":"https:\/\/lallavepsi.net\/index.php\/sesiones\/metafisica\/#breadcrumb"},"inLanguage":"es-AR","potentialAction":[{"@type":"ReadAction","target":["https:\/\/lallavepsi.net\/index.php\/sesiones\/metafisica\/"]}]},{"@type":"BreadcrumbList","@id":"https:\/\/lallavepsi.net\/index.php\/sesiones\/metafisica\/#breadcrumb","itemListElement":[{"@type":"ListItem","position":1,"name":"Inicio","item":"https:\/\/lallavepsi.net\/"},{"@type":"ListItem","position":2,"name":"SESIONES COMPLEMENTARIAS","item":"https:\/\/lallavepsi.net\/index.php\/sesiones\/"},{"@type":"ListItem","position":3,"name":"GNOSIS METAF\u00cdSICA"}]},{"@type":"WebSite","@id":"https:\/\/lallavepsi.net\/#website","url":"https:\/\/lallavepsi.net\/","name":"","description":"","potentialAction":[{"@type":"SearchAction","target":{"@type":"EntryPoint","urlTemplate":"https:\/\/lallavepsi.net\/?s={search_term_string}"},"query-input":{"@type":"PropertyValueSpecification","valueRequired":true,"valueName":"search_term_string"}}],"inLanguage":"es-AR"}]}},"_hostinger_reach_plugin_has_subscription_block":false,"_hostinger_reach_plugin_is_elementor":false,"_links":{"self":[{"href":"https:\/\/lallavepsi.net\/index.php\/wp-json\/wp\/v2\/pages\/257","targetHints":{"allow":["GET"]}}],"collection":[{"href":"https:\/\/lallavepsi.net\/index.php\/wp-json\/wp\/v2\/pages"}],"about":[{"href":"https:\/\/lallavepsi.net\/index.php\/wp-json\/wp\/v2\/types\/page"}],"author":[{"embeddable":true,"href":"https:\/\/lallavepsi.net\/index.php\/wp-json\/wp\/v2\/users\/1"}],"replies":[{"embeddable":true,"href":"https:\/\/lallavepsi.net\/index.php\/wp-json\/wp\/v2\/comments?post=257"}],"version-history":[{"count":3,"href":"https:\/\/lallavepsi.net\/index.php\/wp-json\/wp\/v2\/pages\/257\/revisions"}],"predecessor-version":[{"id":2489,"href":"https:\/\/lallavepsi.net\/index.php\/wp-json\/wp\/v2\/pages\/257\/revisions\/2489"}],"up":[{"embeddable":true,"href":"https:\/\/lallavepsi.net\/index.php\/wp-json\/wp\/v2\/pages\/251"}],"wp:attachment":[{"href":"https:\/\/lallavepsi.net\/index.php\/wp-json\/wp\/v2\/media?parent=257"}],"curies":[{"name":"wp","href":"https:\/\/api.w.org\/{rel}","templated":true}]}}