{"id":259,"date":"2022-12-27T23:55:01","date_gmt":"2022-12-27T23:55:01","guid":{"rendered":"https:\/\/lallavepsi.net\/?page_id=259"},"modified":"2026-01-15T13:06:19","modified_gmt":"2026-01-15T13:06:19","slug":"orientacion-vocacional","status":"publish","type":"page","link":"https:\/\/lallavepsi.net\/index.php\/sesiones\/orientacion-vocacional\/","title":{"rendered":"ORIENTACI\u00d3N VOCACIONAL"},"content":{"rendered":"<p><strong>ORIENTACI\u00d3N VOCACIONAL Y ORGANIZACIONAL DESDE LA MULTIPLICIDAD<\/strong><\/p>\n<p>RECURSOS TE\u00d3RICO PR\u00c1CTICOS PARA ACERCARTE A TU VOCACI\u00d3N.<\/p>\n<p>ENTRE 10 y 12 ENCUENTROS DONDE A TRAV\u00c9S DE ENTREVISTAS, TESTS, AUTOCONOCIMIENTO, VISUALIZACI\u00d3N CREATIVA, IMAGINACI\u00d3N Y RESOLUCI\u00d3N DE PROBLEMAS CONECTAREMOS CON NUESTRA &#8220;LLAMADA&#8221; (POR SU SIGNIFICADO EN LAT\u00cdN).<\/p>\n<p>-QUE EL EMPLEO SE ADAPTE A VOS Y NO AL REV\u00c9S. TRABAJO Y EMPLEO.<\/p>\n<p>-DESARROLLO DE INTELIGENCIAS M\u00daLTIPLES E IDENTIFICACI\u00d3N DE MANDATOS FAMILIARES Y CULTURALES A TRAV\u00c9S DEL GENOGRAMA.<\/p>\n<p>-DESEO VERSUS NECESIDAD Y DEMANDA.<\/p>\n<p>-\u00bfDESDE QU\u00c9 LUGAR ELIJO MI CARRERA?<\/p>\n<p>&nbsp;<\/p>\n","protected":false},"excerpt":{"rendered":"<p>ORIENTACI\u00d3N VOCACIONAL Y ORGANIZACIONAL DESDE LA MULTIPLICIDAD RECURSOS TE\u00d3RICO PR\u00c1CTICOS PARA ACERCARTE A TU VOCACI\u00d3N. ENTRE 10 y 12 ENCUENTROS DONDE A TRAV\u00c9S DE ENTREVISTAS, TESTS, AUTOCONOCIMIENTO, VISUALIZACI\u00d3N CREATIVA, IMAGINACI\u00d3N Y RESOLUCI\u00d3N DE PROBLEMAS CONECTAREMOS CON NUESTRA &#8220;LLAMADA&#8221; (POR SU SIGNIFICADO EN LAT\u00cdN). -QUE EL EMPLEO SE ADAPTE A VOS Y NO AL REV\u00c9S. TRABAJO [&hellip;]<\/p>\n","protected":false},"author":1,"featured_media":0,"parent":251,"menu_order":0,"comment_status":"closed","ping_status":"closed","template":"","meta":{"_monsterinsights_skip_tracking":false,"_monsterinsights_sitenote_active":false,"_monsterinsights_sitenote_note":"","_monsterinsights_sitenote_category":0,"_uf_show_specific_survey":0,"_uf_disable_surveys":false,"site-sidebar-layout":"default","site-content-layout":"default","ast-site-content-layout":"default","site-content-style":"default","site-sidebar-style":"default","ast-global-header-display":"","ast-banner-title-visibility":"","ast-main-header-display":"","ast-hfb-above-header-display":"","ast-hfb-below-header-display":"","ast-hfb-mobile-header-display":"","site-post-title":"","ast-breadcrumbs-content":"","ast-featured-img":"","footer-sml-layout":"","ast-disable-related-posts":"","theme-transparent-header-meta":"default","adv-header-id-meta":"","stick-header-meta":"","header-above-stick-meta":"","header-main-stick-meta":"","header-below-stick-meta":"","astra-migrate-meta-layouts":"set","ast-page-background-enabled":"default","ast-page-background-meta":{"desktop":{"background-color":"var(--ast-global-color-4)","background-image":"","background-repeat":"repeat","background-position":"center center","background-size":"auto","background-attachment":"scroll","background-type":"","background-media":"","overlay-type":"","overlay-color":"","overlay-opacity":"","overlay-gradient":""},"tablet":{"background-color":"","background-image":"","background-repeat":"repeat","background-position":"center center","background-size":"auto","background-attachment":"scroll","background-type":"","background-media":"","overlay-type":"","overlay-color":"","overlay-opacity":"","overlay-gradient":""},"mobile":{"background-color":"","background-image":"","background-repeat":"repeat","background-position":"center center","background-size":"auto","background-attachment":"scroll","background-type":"","background-media":"","overlay-type":"","overlay-color":"","overlay-opacity":"","overlay-gradient":""}},"ast-content-background-meta":{"desktop":{"background-color":"var(--ast-global-color-5)","background-image":"","background-repeat":"repeat","background-position":"center center","background-size":"auto","background-attachment":"scroll","background-type":"","background-media":"","overlay-type":"","overlay-color":"","overlay-opacity":"","overlay-gradient":""},"tablet":{"background-color":"var(--ast-global-color-5)","background-image":"","background-repeat":"repeat","background-position":"center center","background-size":"auto","background-attachment":"scroll","background-type":"","background-media":"","overlay-type":"","overlay-color":"","overlay-opacity":"","overlay-gradient":""},"mobile":{"background-color":"var(--ast-global-color-5)","background-image":"","background-repeat":"repeat","background-position":"center center","background-size":"auto","background-attachment":"scroll","background-type":"","background-media":"","overlay-type":"","overlay-color":"","overlay-opacity":"","overlay-gradient":""}},"footnotes":""},"class_list":["post-259","page","type-page","status-publish","hentry"],"yoast_head":"<!-- This site is optimized with the Yoast SEO plugin v27.0 - https:\/\/yoast.com\/product\/yoast-seo-wordpress\/ -->\n<title>ORIENTACI\u00d3N VOCACIONAL -<\/title>\n<meta name=\"robots\" content=\"index, follow, max-snippet:-1, max-image-preview:large, max-video-preview:-1\" \/>\n<link rel=\"canonical\" href=\"https:\/\/lallavepsi.net\/index.php\/sesiones\/orientacion-vocacional\/\" \/>\n<meta property=\"og:locale\" content=\"es_ES\" \/>\n<meta property=\"og:type\" content=\"article\" \/>\n<meta property=\"og:title\" content=\"ORIENTACI\u00d3N VOCACIONAL -\" \/>\n<meta property=\"og:description\" content=\"ORIENTACI\u00d3N VOCACIONAL Y ORGANIZACIONAL DESDE LA MULTIPLICIDAD RECURSOS TE\u00d3RICO PR\u00c1CTICOS PARA ACERCARTE A TU VOCACI\u00d3N. ENTRE 10 y 12 ENCUENTROS DONDE A TRAV\u00c9S DE ENTREVISTAS, TESTS, AUTOCONOCIMIENTO, VISUALIZACI\u00d3N CREATIVA, IMAGINACI\u00d3N Y RESOLUCI\u00d3N DE PROBLEMAS CONECTAREMOS CON NUESTRA &#8220;LLAMADA&#8221; (POR SU SIGNIFICADO EN LAT\u00cdN). -QUE EL EMPLEO SE ADAPTE A VOS Y NO AL REV\u00c9S. TRABAJO [&hellip;]\" \/>\n<meta property=\"og:url\" content=\"https:\/\/lallavepsi.net\/index.php\/sesiones\/orientacion-vocacional\/\" \/>\n<meta property=\"article:modified_time\" content=\"2026-01-15T13:06:19+00:00\" \/>\n<meta name=\"twitter:card\" content=\"summary_large_image\" \/>\n<meta name=\"twitter:label1\" content=\"Tiempo de lectura\" \/>\n\t<meta name=\"twitter:data1\" content=\"1 minuto\" \/>\n<script type=\"application\/ld+json\" class=\"yoast-schema-graph\">{\"@context\":\"https:\/\/schema.org\",\"@graph\":[{\"@type\":\"WebPage\",\"@id\":\"https:\/\/lallavepsi.net\/index.php\/sesiones\/orientacion-vocacional\/\",\"url\":\"https:\/\/lallavepsi.net\/index.php\/sesiones\/orientacion-vocacional\/\",\"name\":\"ORIENTACI\u00d3N VOCACIONAL -\",\"isPartOf\":{\"@id\":\"https:\/\/lallavepsi.net\/#website\"},\"datePublished\":\"2022-12-27T23:55:01+00:00\",\"dateModified\":\"2026-01-15T13:06:19+00:00\",\"breadcrumb\":{\"@id\":\"https:\/\/lallavepsi.net\/index.php\/sesiones\/orientacion-vocacional\/#breadcrumb\"},\"inLanguage\":\"es-AR\",\"potentialAction\":[{\"@type\":\"ReadAction\",\"target\":[\"https:\/\/lallavepsi.net\/index.php\/sesiones\/orientacion-vocacional\/\"]}]},{\"@type\":\"BreadcrumbList\",\"@id\":\"https:\/\/lallavepsi.net\/index.php\/sesiones\/orientacion-vocacional\/#breadcrumb\",\"itemListElement\":[{\"@type\":\"ListItem\",\"position\":1,\"name\":\"Inicio\",\"item\":\"https:\/\/lallavepsi.net\/\"},{\"@type\":\"ListItem\",\"position\":2,\"name\":\"SESIONES COMPLEMENTARIAS\",\"item\":\"https:\/\/lallavepsi.net\/index.php\/sesiones\/\"},{\"@type\":\"ListItem\",\"position\":3,\"name\":\"ORIENTACI\u00d3N VOCACIONAL\"}]},{\"@type\":\"WebSite\",\"@id\":\"https:\/\/lallavepsi.net\/#website\",\"url\":\"https:\/\/lallavepsi.net\/\",\"name\":\"\",\"description\":\"\",\"potentialAction\":[{\"@type\":\"SearchAction\",\"target\":{\"@type\":\"EntryPoint\",\"urlTemplate\":\"https:\/\/lallavepsi.net\/?s={search_term_string}\"},\"query-input\":{\"@type\":\"PropertyValueSpecification\",\"valueRequired\":true,\"valueName\":\"search_term_string\"}}],\"inLanguage\":\"es-AR\"}]}<\/script>\n<!-- \/ Yoast SEO plugin. -->","yoast_head_json":{"title":"ORIENTACI\u00d3N VOCACIONAL -","robots":{"index":"index","follow":"follow","max-snippet":"max-snippet:-1","max-image-preview":"max-image-preview:large","max-video-preview":"max-video-preview:-1"},"canonical":"https:\/\/lallavepsi.net\/index.php\/sesiones\/orientacion-vocacional\/","og_locale":"es_ES","og_type":"article","og_title":"ORIENTACI\u00d3N VOCACIONAL -","og_description":"ORIENTACI\u00d3N VOCACIONAL Y ORGANIZACIONAL DESDE LA MULTIPLICIDAD RECURSOS TE\u00d3RICO PR\u00c1CTICOS PARA ACERCARTE A TU VOCACI\u00d3N. ENTRE 10 y 12 ENCUENTROS DONDE A TRAV\u00c9S DE ENTREVISTAS, TESTS, AUTOCONOCIMIENTO, VISUALIZACI\u00d3N CREATIVA, IMAGINACI\u00d3N Y RESOLUCI\u00d3N DE PROBLEMAS CONECTAREMOS CON NUESTRA &#8220;LLAMADA&#8221; (POR SU SIGNIFICADO EN LAT\u00cdN). -QUE EL EMPLEO SE ADAPTE A VOS Y NO AL REV\u00c9S. TRABAJO [&hellip;]","og_url":"https:\/\/lallavepsi.net\/index.php\/sesiones\/orientacion-vocacional\/","article_modified_time":"2026-01-15T13:06:19+00:00","twitter_card":"summary_large_image","twitter_misc":{"Tiempo de lectura":"1 minuto"},"schema":{"@context":"https:\/\/schema.org","@graph":[{"@type":"WebPage","@id":"https:\/\/lallavepsi.net\/index.php\/sesiones\/orientacion-vocacional\/","url":"https:\/\/lallavepsi.net\/index.php\/sesiones\/orientacion-vocacional\/","name":"ORIENTACI\u00d3N VOCACIONAL -","isPartOf":{"@id":"https:\/\/lallavepsi.net\/#website"},"datePublished":"2022-12-27T23:55:01+00:00","dateModified":"2026-01-15T13:06:19+00:00","breadcrumb":{"@id":"https:\/\/lallavepsi.net\/index.php\/sesiones\/orientacion-vocacional\/#breadcrumb"},"inLanguage":"es-AR","potentialAction":[{"@type":"ReadAction","target":["https:\/\/lallavepsi.net\/index.php\/sesiones\/orientacion-vocacional\/"]}]},{"@type":"BreadcrumbList","@id":"https:\/\/lallavepsi.net\/index.php\/sesiones\/orientacion-vocacional\/#breadcrumb","itemListElement":[{"@type":"ListItem","position":1,"name":"Inicio","item":"https:\/\/lallavepsi.net\/"},{"@type":"ListItem","position":2,"name":"SESIONES COMPLEMENTARIAS","item":"https:\/\/lallavepsi.net\/index.php\/sesiones\/"},{"@type":"ListItem","position":3,"name":"ORIENTACI\u00d3N VOCACIONAL"}]},{"@type":"WebSite","@id":"https:\/\/lallavepsi.net\/#website","url":"https:\/\/lallavepsi.net\/","name":"","description":"","potentialAction":[{"@type":"SearchAction","target":{"@type":"EntryPoint","urlTemplate":"https:\/\/lallavepsi.net\/?s={search_term_string}"},"query-input":{"@type":"PropertyValueSpecification","valueRequired":true,"valueName":"search_term_string"}}],"inLanguage":"es-AR"}]}},"_hostinger_reach_plugin_has_subscription_block":false,"_hostinger_reach_plugin_is_elementor":false,"_links":{"self":[{"href":"https:\/\/lallavepsi.net\/index.php\/wp-json\/wp\/v2\/pages\/259","targetHints":{"allow":["GET"]}}],"collection":[{"href":"https:\/\/lallavepsi.net\/index.php\/wp-json\/wp\/v2\/pages"}],"about":[{"href":"https:\/\/lallavepsi.net\/index.php\/wp-json\/wp\/v2\/types\/page"}],"author":[{"embeddable":true,"href":"https:\/\/lallavepsi.net\/index.php\/wp-json\/wp\/v2\/users\/1"}],"replies":[{"embeddable":true,"href":"https:\/\/lallavepsi.net\/index.php\/wp-json\/wp\/v2\/comments?post=259"}],"version-history":[{"count":4,"href":"https:\/\/lallavepsi.net\/index.php\/wp-json\/wp\/v2\/pages\/259\/revisions"}],"predecessor-version":[{"id":2471,"href":"https:\/\/lallavepsi.net\/index.php\/wp-json\/wp\/v2\/pages\/259\/revisions\/2471"}],"up":[{"embeddable":true,"href":"https:\/\/lallavepsi.net\/index.php\/wp-json\/wp\/v2\/pages\/251"}],"wp:attachment":[{"href":"https:\/\/lallavepsi.net\/index.php\/wp-json\/wp\/v2\/media?parent=259"}],"curies":[{"name":"wp","href":"https:\/\/api.w.org\/{rel}","templated":true}]}}