{"id":267,"date":"2022-12-28T00:09:38","date_gmt":"2022-12-28T00:09:38","guid":{"rendered":"https:\/\/lallavepsi.net\/?page_id=267"},"modified":"2026-01-16T13:24:38","modified_gmt":"2026-01-16T13:24:38","slug":"alquimia-para-encontrar-tu-alma-gemela","status":"publish","type":"page","link":"https:\/\/lallavepsi.net\/index.php\/jornadas-y-talleres-online\/alquimia-para-encontrar-tu-alma-gemela\/","title":{"rendered":"ALMAS GEMELAS: MITO Y DESMENTIDA"},"content":{"rendered":"<p><strong>TALLER ONLINE ALQUIMIA INTERIOR PARA INTEGRAR TU OTRA PARTE<\/strong><\/p>\n<p>Dos jornadas de 2 horas te\u00f3rico pr\u00e1cticas donde veremos:<\/p>\n<p>-Origen del mito. Desmitificaci\u00f3n. \u00bfFicci\u00f3n o realidad? Distancia entre el mito y la vida cotidiana. Visi\u00f3n rom\u00e1ntica y visi\u00f3n des-romantizada.\u00a0 Lo espiritual y lo material. \u00bfSe pueden integrar?<\/p>\n<p>Parte pr\u00e1ctica:<\/p>\n<p>1) Llevar la soledad: \u00bfQu\u00e9 busco en el otro? Identificar si lo tengo<\/p>\n<p>2) Ceder, dar y replegar: \u00bfDoy por conveniencia? Dar y no quitar: \u00bfme repliego pese a poder obtener una ventaja? \u00bfDoy utilitariamente?<\/p>\n<p>3) Limpiar y reformatear: identificaci\u00f3n de mandatos o patrones mentales respecto a la pareja y c\u00f3mo transformarlos mediante reflexi\u00f3n cr\u00edtica con refuerzo de afirmaciones y visualizaciones creativas.<\/p>\n<p>4) Iluminar y transmutar: reconociendo la sombra: identificaci\u00f3n de proyecciones mediante ejercicios de la sombra. Cartas, sue\u00f1os y dibujos.<\/p>\n<p>5) El arquetipo \u00e1nima y \u00e1nimus. Integrando las polaridades.<\/p>\n<p>6) Ejecuci\u00f3n: ejercicios desde la metaf\u00edsica: ley de atracci\u00f3n, mentalismo y causaci\u00f3n. Ritos espirituales. El matrimonio alqu\u00edmico sagrado. El alma gemela&#8230;\u00bfest\u00e1 dentro o fuera?<\/p>\n<p>7) Entrenamiento: tareas para seguir practicando y sosteniendo diariamente.<\/p>\n<p>&nbsp;<\/p>\n","protected":false},"excerpt":{"rendered":"<p>TALLER ONLINE ALQUIMIA INTERIOR PARA INTEGRAR TU OTRA PARTE Dos jornadas de 2 horas te\u00f3rico pr\u00e1cticas donde veremos: -Origen del mito. Desmitificaci\u00f3n. \u00bfFicci\u00f3n o realidad? Distancia entre el mito y la vida cotidiana. Visi\u00f3n rom\u00e1ntica y visi\u00f3n des-romantizada.\u00a0 Lo espiritual y lo material. \u00bfSe pueden integrar? Parte pr\u00e1ctica: 1) Llevar la soledad: \u00bfQu\u00e9 busco en [&hellip;]<\/p>\n","protected":false},"author":1,"featured_media":0,"parent":265,"menu_order":0,"comment_status":"closed","ping_status":"closed","template":"","meta":{"_monsterinsights_skip_tracking":false,"_monsterinsights_sitenote_active":false,"_monsterinsights_sitenote_note":"","_monsterinsights_sitenote_category":0,"_uf_show_specific_survey":0,"_uf_disable_surveys":false,"site-sidebar-layout":"default","site-content-layout":"default","ast-site-content-layout":"default","site-content-style":"default","site-sidebar-style":"default","ast-global-header-display":"","ast-banner-title-visibility":"","ast-main-header-display":"","ast-hfb-above-header-display":"","ast-hfb-below-header-display":"","ast-hfb-mobile-header-display":"","site-post-title":"","ast-breadcrumbs-content":"","ast-featured-img":"","footer-sml-layout":"","ast-disable-related-posts":"","theme-transparent-header-meta":"default","adv-header-id-meta":"","stick-header-meta":"","header-above-stick-meta":"","header-main-stick-meta":"","header-below-stick-meta":"","astra-migrate-meta-layouts":"set","ast-page-background-enabled":"default","ast-page-background-meta":{"desktop":{"background-color":"var(--ast-global-color-4)","background-image":"","background-repeat":"repeat","background-position":"center center","background-size":"auto","background-attachment":"scroll","background-type":"","background-media":"","overlay-type":"","overlay-color":"","overlay-opacity":"","overlay-gradient":""},"tablet":{"background-color":"","background-image":"","background-repeat":"repeat","background-position":"center center","background-size":"auto","background-attachment":"scroll","background-type":"","background-media":"","overlay-type":"","overlay-color":"","overlay-opacity":"","overlay-gradient":""},"mobile":{"background-color":"","background-image":"","background-repeat":"repeat","background-position":"center center","background-size":"auto","background-attachment":"scroll","background-type":"","background-media":"","overlay-type":"","overlay-color":"","overlay-opacity":"","overlay-gradient":""}},"ast-content-background-meta":{"desktop":{"background-color":"var(--ast-global-color-5)","background-image":"","background-repeat":"repeat","background-position":"center center","background-size":"auto","background-attachment":"scroll","background-type":"","background-media":"","overlay-type":"","overlay-color":"","overlay-opacity":"","overlay-gradient":""},"tablet":{"background-color":"var(--ast-global-color-5)","background-image":"","background-repeat":"repeat","background-position":"center center","background-size":"auto","background-attachment":"scroll","background-type":"","background-media":"","overlay-type":"","overlay-color":"","overlay-opacity":"","overlay-gradient":""},"mobile":{"background-color":"var(--ast-global-color-5)","background-image":"","background-repeat":"repeat","background-position":"center center","background-size":"auto","background-attachment":"scroll","background-type":"","background-media":"","overlay-type":"","overlay-color":"","overlay-opacity":"","overlay-gradient":""}},"footnotes":""},"class_list":["post-267","page","type-page","status-publish","hentry"],"yoast_head":"<!-- This site is optimized with the Yoast SEO plugin v27.0 - https:\/\/yoast.com\/product\/yoast-seo-wordpress\/ -->\n<title>ALMAS GEMELAS: MITO Y DESMENTIDA -<\/title>\n<meta name=\"robots\" content=\"index, follow, max-snippet:-1, max-image-preview:large, max-video-preview:-1\" \/>\n<link rel=\"canonical\" href=\"https:\/\/lallavepsi.net\/index.php\/jornadas-y-talleres-online\/alquimia-para-encontrar-tu-alma-gemela\/\" \/>\n<meta property=\"og:locale\" content=\"es_ES\" \/>\n<meta property=\"og:type\" content=\"article\" \/>\n<meta property=\"og:title\" content=\"ALMAS GEMELAS: MITO Y DESMENTIDA -\" \/>\n<meta property=\"og:description\" content=\"TALLER ONLINE ALQUIMIA INTERIOR PARA INTEGRAR TU OTRA PARTE Dos jornadas de 2 horas te\u00f3rico pr\u00e1cticas donde veremos: -Origen del mito. Desmitificaci\u00f3n. \u00bfFicci\u00f3n o realidad? Distancia entre el mito y la vida cotidiana. Visi\u00f3n rom\u00e1ntica y visi\u00f3n des-romantizada.\u00a0 Lo espiritual y lo material. \u00bfSe pueden integrar? Parte pr\u00e1ctica: 1) Llevar la soledad: \u00bfQu\u00e9 busco en [&hellip;]\" \/>\n<meta property=\"og:url\" content=\"https:\/\/lallavepsi.net\/index.php\/jornadas-y-talleres-online\/alquimia-para-encontrar-tu-alma-gemela\/\" \/>\n<meta property=\"article:modified_time\" content=\"2026-01-16T13:24:38+00:00\" \/>\n<meta name=\"twitter:card\" content=\"summary_large_image\" \/>\n<meta name=\"twitter:label1\" content=\"Tiempo de lectura\" \/>\n\t<meta name=\"twitter:data1\" content=\"1 minuto\" \/>\n<script type=\"application\/ld+json\" class=\"yoast-schema-graph\">{\"@context\":\"https:\/\/schema.org\",\"@graph\":[{\"@type\":\"WebPage\",\"@id\":\"https:\/\/lallavepsi.net\/index.php\/jornadas-y-talleres-online\/alquimia-para-encontrar-tu-alma-gemela\/\",\"url\":\"https:\/\/lallavepsi.net\/index.php\/jornadas-y-talleres-online\/alquimia-para-encontrar-tu-alma-gemela\/\",\"name\":\"ALMAS GEMELAS: MITO Y DESMENTIDA -\",\"isPartOf\":{\"@id\":\"https:\/\/lallavepsi.net\/#website\"},\"datePublished\":\"2022-12-28T00:09:38+00:00\",\"dateModified\":\"2026-01-16T13:24:38+00:00\",\"breadcrumb\":{\"@id\":\"https:\/\/lallavepsi.net\/index.php\/jornadas-y-talleres-online\/alquimia-para-encontrar-tu-alma-gemela\/#breadcrumb\"},\"inLanguage\":\"es-AR\",\"potentialAction\":[{\"@type\":\"ReadAction\",\"target\":[\"https:\/\/lallavepsi.net\/index.php\/jornadas-y-talleres-online\/alquimia-para-encontrar-tu-alma-gemela\/\"]}]},{\"@type\":\"BreadcrumbList\",\"@id\":\"https:\/\/lallavepsi.net\/index.php\/jornadas-y-talleres-online\/alquimia-para-encontrar-tu-alma-gemela\/#breadcrumb\",\"itemListElement\":[{\"@type\":\"ListItem\",\"position\":1,\"name\":\"Inicio\",\"item\":\"https:\/\/lallavepsi.net\/\"},{\"@type\":\"ListItem\",\"position\":2,\"name\":\"SEMINARIOS Y TALLERES ONLINE\",\"item\":\"https:\/\/lallavepsi.net\/index.php\/jornadas-y-talleres-online\/\"},{\"@type\":\"ListItem\",\"position\":3,\"name\":\"ALMAS GEMELAS: MITO Y DESMENTIDA\"}]},{\"@type\":\"WebSite\",\"@id\":\"https:\/\/lallavepsi.net\/#website\",\"url\":\"https:\/\/lallavepsi.net\/\",\"name\":\"\",\"description\":\"\",\"potentialAction\":[{\"@type\":\"SearchAction\",\"target\":{\"@type\":\"EntryPoint\",\"urlTemplate\":\"https:\/\/lallavepsi.net\/?s={search_term_string}\"},\"query-input\":{\"@type\":\"PropertyValueSpecification\",\"valueRequired\":true,\"valueName\":\"search_term_string\"}}],\"inLanguage\":\"es-AR\"}]}<\/script>\n<!-- \/ Yoast SEO plugin. -->","yoast_head_json":{"title":"ALMAS GEMELAS: MITO Y DESMENTIDA -","robots":{"index":"index","follow":"follow","max-snippet":"max-snippet:-1","max-image-preview":"max-image-preview:large","max-video-preview":"max-video-preview:-1"},"canonical":"https:\/\/lallavepsi.net\/index.php\/jornadas-y-talleres-online\/alquimia-para-encontrar-tu-alma-gemela\/","og_locale":"es_ES","og_type":"article","og_title":"ALMAS GEMELAS: MITO Y DESMENTIDA -","og_description":"TALLER ONLINE ALQUIMIA INTERIOR PARA INTEGRAR TU OTRA PARTE Dos jornadas de 2 horas te\u00f3rico pr\u00e1cticas donde veremos: -Origen del mito. Desmitificaci\u00f3n. \u00bfFicci\u00f3n o realidad? Distancia entre el mito y la vida cotidiana. Visi\u00f3n rom\u00e1ntica y visi\u00f3n des-romantizada.\u00a0 Lo espiritual y lo material. \u00bfSe pueden integrar? Parte pr\u00e1ctica: 1) Llevar la soledad: \u00bfQu\u00e9 busco en [&hellip;]","og_url":"https:\/\/lallavepsi.net\/index.php\/jornadas-y-talleres-online\/alquimia-para-encontrar-tu-alma-gemela\/","article_modified_time":"2026-01-16T13:24:38+00:00","twitter_card":"summary_large_image","twitter_misc":{"Tiempo de lectura":"1 minuto"},"schema":{"@context":"https:\/\/schema.org","@graph":[{"@type":"WebPage","@id":"https:\/\/lallavepsi.net\/index.php\/jornadas-y-talleres-online\/alquimia-para-encontrar-tu-alma-gemela\/","url":"https:\/\/lallavepsi.net\/index.php\/jornadas-y-talleres-online\/alquimia-para-encontrar-tu-alma-gemela\/","name":"ALMAS GEMELAS: MITO Y DESMENTIDA -","isPartOf":{"@id":"https:\/\/lallavepsi.net\/#website"},"datePublished":"2022-12-28T00:09:38+00:00","dateModified":"2026-01-16T13:24:38+00:00","breadcrumb":{"@id":"https:\/\/lallavepsi.net\/index.php\/jornadas-y-talleres-online\/alquimia-para-encontrar-tu-alma-gemela\/#breadcrumb"},"inLanguage":"es-AR","potentialAction":[{"@type":"ReadAction","target":["https:\/\/lallavepsi.net\/index.php\/jornadas-y-talleres-online\/alquimia-para-encontrar-tu-alma-gemela\/"]}]},{"@type":"BreadcrumbList","@id":"https:\/\/lallavepsi.net\/index.php\/jornadas-y-talleres-online\/alquimia-para-encontrar-tu-alma-gemela\/#breadcrumb","itemListElement":[{"@type":"ListItem","position":1,"name":"Inicio","item":"https:\/\/lallavepsi.net\/"},{"@type":"ListItem","position":2,"name":"SEMINARIOS Y TALLERES ONLINE","item":"https:\/\/lallavepsi.net\/index.php\/jornadas-y-talleres-online\/"},{"@type":"ListItem","position":3,"name":"ALMAS GEMELAS: MITO Y DESMENTIDA"}]},{"@type":"WebSite","@id":"https:\/\/lallavepsi.net\/#website","url":"https:\/\/lallavepsi.net\/","name":"","description":"","potentialAction":[{"@type":"SearchAction","target":{"@type":"EntryPoint","urlTemplate":"https:\/\/lallavepsi.net\/?s={search_term_string}"},"query-input":{"@type":"PropertyValueSpecification","valueRequired":true,"valueName":"search_term_string"}}],"inLanguage":"es-AR"}]}},"_hostinger_reach_plugin_has_subscription_block":false,"_hostinger_reach_plugin_is_elementor":false,"_links":{"self":[{"href":"https:\/\/lallavepsi.net\/index.php\/wp-json\/wp\/v2\/pages\/267","targetHints":{"allow":["GET"]}}],"collection":[{"href":"https:\/\/lallavepsi.net\/index.php\/wp-json\/wp\/v2\/pages"}],"about":[{"href":"https:\/\/lallavepsi.net\/index.php\/wp-json\/wp\/v2\/types\/page"}],"author":[{"embeddable":true,"href":"https:\/\/lallavepsi.net\/index.php\/wp-json\/wp\/v2\/users\/1"}],"replies":[{"embeddable":true,"href":"https:\/\/lallavepsi.net\/index.php\/wp-json\/wp\/v2\/comments?post=267"}],"version-history":[{"count":10,"href":"https:\/\/lallavepsi.net\/index.php\/wp-json\/wp\/v2\/pages\/267\/revisions"}],"predecessor-version":[{"id":2472,"href":"https:\/\/lallavepsi.net\/index.php\/wp-json\/wp\/v2\/pages\/267\/revisions\/2472"}],"up":[{"embeddable":true,"href":"https:\/\/lallavepsi.net\/index.php\/wp-json\/wp\/v2\/pages\/265"}],"wp:attachment":[{"href":"https:\/\/lallavepsi.net\/index.php\/wp-json\/wp\/v2\/media?parent=267"}],"curies":[{"name":"wp","href":"https:\/\/api.w.org\/{rel}","templated":true}]}}