{"id":273,"date":"2022-12-28T00:12:48","date_gmt":"2022-12-28T00:12:48","guid":{"rendered":"https:\/\/lallavepsi.net\/?page_id=273"},"modified":"2023-12-18T18:23:57","modified_gmt":"2023-12-18T18:23:57","slug":"bioneuroemocion","status":"publish","type":"page","link":"https:\/\/lallavepsi.net\/index.php\/jornadas-y-talleres-online\/bioneuroemocion\/","title":{"rendered":"BIONEUROEMOCI\u00d3N"},"content":{"rendered":"<p><strong>SEMINARIO ONLINE BIONEUROEMOCI\u00d3N<\/strong><\/p>\n<p>La BioNeuroEmoci\u00f3n nos ense\u00f1a a escuchar nuestro cuerpo. Es una escucha biol\u00f3gica no psicol\u00f3gica. Es la b\u00fasqueda de los c\u00f3digos biol\u00f3gicos que hay detr\u00e1s de todo s\u00edntoma y la comprensi\u00f3n emocional que los activa, para que, de esta manera, se puedan descodificar y activar unos nuevos c\u00f3digos, gracias al cambio de perspectiva que el sujeto obtiene en la b\u00fasqueda.<\/p>\n<p>El camino al inconsciente es el protocolo fundamental de la Bioneuroemoci\u00f3n. Porque te ayudar\u00e1 a identificar y desbloquear los conflictos preexistentes puestos de manifiesto con sentimientos tales como: impotencia, abandono, desvalorizaci\u00f3n, angustia, etc.<\/p>\n<p>Lo que tu boca calla, tu cuerpo grita.<\/p>\n<p>Te proponemos por ello aprender a darnos cuenta que la enfermedad es el aviso de que hay algo en nuestra mente que debe cambiar. Vamos a encontrar tambi\u00e9n la escena de estr\u00e9s, el contexto emocional, el drama y los pensamientos y creencias que se expresan como s\u00edntoma.<\/p>\n<p>\u00bfC\u00f3mo lo haremos?<\/p>\n<p>Realizaremos ejercicios de relajaci\u00f3n para desprendernos del estr\u00e9s que provoca cada problema en particular, luego abordaremos otros ejercicios m\u00e1s espec\u00edficos para saber cu\u00e1l es el beneficio oculto y la creencia limitante para cada uno de los participantes, buscando herramientas personalizadas para cada caso con la intenci\u00f3n de desprogramar esas creencias y as\u00ed transitar el camino que nos lleve a la salida. El taller se har\u00e1 en dos encuentros, en dos d\u00edas diferentes a convenir con el grupo.<\/p>\n<p>El primer encuentro tendr\u00e1 una duraci\u00f3n de dos horas (con un corte de 15 minutos) y en el segundo encuentro un m\u00e1ximo de tres horas (con un corte de 15 minutos), siempre y cuando todos los participantes, hayan logrado conectarse con sus emociones y creencias.<\/p>\n<p>Tambi\u00e9n formaremos un grupo v\u00eda WhatsApp donde se combinar\u00e1 un horario para las consultas, apoyo y contenci\u00f3n grupal, hasta el segundo encuentro. Este servicio estar\u00e1 disponible durante una semana, que ser\u00e1 el tiempo en que estaremos conectados al taller. Capacidad m\u00e1xima del seminario 6 personas.<\/p>\n<p>Cupos limitados.<\/p>\n<p>&nbsp;<\/p>\n","protected":false},"excerpt":{"rendered":"<p>SEMINARIO ONLINE BIONEUROEMOCI\u00d3N La BioNeuroEmoci\u00f3n nos ense\u00f1a a escuchar nuestro cuerpo. Es una escucha biol\u00f3gica no psicol\u00f3gica. Es la b\u00fasqueda de los c\u00f3digos biol\u00f3gicos que hay detr\u00e1s de todo s\u00edntoma y la comprensi\u00f3n emocional que los activa, para que, de esta manera, se puedan descodificar y activar unos nuevos c\u00f3digos, gracias al cambio de perspectiva [&hellip;]<\/p>\n","protected":false},"author":1,"featured_media":0,"parent":265,"menu_order":0,"comment_status":"closed","ping_status":"closed","template":"","meta":{"_monsterinsights_skip_tracking":false,"_monsterinsights_sitenote_active":false,"_monsterinsights_sitenote_note":"","_monsterinsights_sitenote_category":0,"_uf_show_specific_survey":0,"_uf_disable_surveys":false,"site-sidebar-layout":"default","site-content-layout":"default","ast-site-content-layout":"default","site-content-style":"default","site-sidebar-style":"default","ast-global-header-display":"","ast-banner-title-visibility":"","ast-main-header-display":"","ast-hfb-above-header-display":"","ast-hfb-below-header-display":"","ast-hfb-mobile-header-display":"","site-post-title":"","ast-breadcrumbs-content":"","ast-featured-img":"","footer-sml-layout":"","ast-disable-related-posts":"","theme-transparent-header-meta":"default","adv-header-id-meta":"","stick-header-meta":"","header-above-stick-meta":"","header-main-stick-meta":"","header-below-stick-meta":"","astra-migrate-meta-layouts":"set","ast-page-background-enabled":"default","ast-page-background-meta":{"desktop":{"background-color":"var(--ast-global-color-4)","background-image":"","background-repeat":"repeat","background-position":"center center","background-size":"auto","background-attachment":"scroll","background-type":"","background-media":"","overlay-type":"","overlay-color":"","overlay-opacity":"","overlay-gradient":""},"tablet":{"background-color":"","background-image":"","background-repeat":"repeat","background-position":"center center","background-size":"auto","background-attachment":"scroll","background-type":"","background-media":"","overlay-type":"","overlay-color":"","overlay-opacity":"","overlay-gradient":""},"mobile":{"background-color":"","background-image":"","background-repeat":"repeat","background-position":"center center","background-size":"auto","background-attachment":"scroll","background-type":"","background-media":"","overlay-type":"","overlay-color":"","overlay-opacity":"","overlay-gradient":""}},"ast-content-background-meta":{"desktop":{"background-color":"var(--ast-global-color-5)","background-image":"","background-repeat":"repeat","background-position":"center center","background-size":"auto","background-attachment":"scroll","background-type":"","background-media":"","overlay-type":"","overlay-color":"","overlay-opacity":"","overlay-gradient":""},"tablet":{"background-color":"var(--ast-global-color-5)","background-image":"","background-repeat":"repeat","background-position":"center center","background-size":"auto","background-attachment":"scroll","background-type":"","background-media":"","overlay-type":"","overlay-color":"","overlay-opacity":"","overlay-gradient":""},"mobile":{"background-color":"var(--ast-global-color-5)","background-image":"","background-repeat":"repeat","background-position":"center center","background-size":"auto","background-attachment":"scroll","background-type":"","background-media":"","overlay-type":"","overlay-color":"","overlay-opacity":"","overlay-gradient":""}},"footnotes":""},"class_list":["post-273","page","type-page","status-publish","hentry"],"yoast_head":"<!-- This site is optimized with the Yoast SEO plugin v27.0 - https:\/\/yoast.com\/product\/yoast-seo-wordpress\/ -->\n<title>BIONEUROEMOCI\u00d3N -<\/title>\n<meta name=\"robots\" content=\"index, follow, max-snippet:-1, max-image-preview:large, max-video-preview:-1\" \/>\n<link rel=\"canonical\" href=\"https:\/\/lallavepsi.net\/index.php\/jornadas-y-talleres-online\/bioneuroemocion\/\" \/>\n<meta property=\"og:locale\" content=\"es_ES\" \/>\n<meta property=\"og:type\" content=\"article\" \/>\n<meta property=\"og:title\" content=\"BIONEUROEMOCI\u00d3N -\" \/>\n<meta property=\"og:description\" content=\"SEMINARIO ONLINE BIONEUROEMOCI\u00d3N La BioNeuroEmoci\u00f3n nos ense\u00f1a a escuchar nuestro cuerpo. Es una escucha biol\u00f3gica no psicol\u00f3gica. Es la b\u00fasqueda de los c\u00f3digos biol\u00f3gicos que hay detr\u00e1s de todo s\u00edntoma y la comprensi\u00f3n emocional que los activa, para que, de esta manera, se puedan descodificar y activar unos nuevos c\u00f3digos, gracias al cambio de perspectiva [&hellip;]\" \/>\n<meta property=\"og:url\" content=\"https:\/\/lallavepsi.net\/index.php\/jornadas-y-talleres-online\/bioneuroemocion\/\" \/>\n<meta property=\"article:modified_time\" content=\"2023-12-18T18:23:57+00:00\" \/>\n<meta name=\"twitter:card\" content=\"summary_large_image\" \/>\n<meta name=\"twitter:label1\" content=\"Tiempo de lectura\" \/>\n\t<meta name=\"twitter:data1\" content=\"2 minutos\" \/>\n<script type=\"application\/ld+json\" class=\"yoast-schema-graph\">{\"@context\":\"https:\/\/schema.org\",\"@graph\":[{\"@type\":\"WebPage\",\"@id\":\"https:\/\/lallavepsi.net\/index.php\/jornadas-y-talleres-online\/bioneuroemocion\/\",\"url\":\"https:\/\/lallavepsi.net\/index.php\/jornadas-y-talleres-online\/bioneuroemocion\/\",\"name\":\"BIONEUROEMOCI\u00d3N -\",\"isPartOf\":{\"@id\":\"https:\/\/lallavepsi.net\/#website\"},\"datePublished\":\"2022-12-28T00:12:48+00:00\",\"dateModified\":\"2023-12-18T18:23:57+00:00\",\"breadcrumb\":{\"@id\":\"https:\/\/lallavepsi.net\/index.php\/jornadas-y-talleres-online\/bioneuroemocion\/#breadcrumb\"},\"inLanguage\":\"es-AR\",\"potentialAction\":[{\"@type\":\"ReadAction\",\"target\":[\"https:\/\/lallavepsi.net\/index.php\/jornadas-y-talleres-online\/bioneuroemocion\/\"]}]},{\"@type\":\"BreadcrumbList\",\"@id\":\"https:\/\/lallavepsi.net\/index.php\/jornadas-y-talleres-online\/bioneuroemocion\/#breadcrumb\",\"itemListElement\":[{\"@type\":\"ListItem\",\"position\":1,\"name\":\"Inicio\",\"item\":\"https:\/\/lallavepsi.net\/\"},{\"@type\":\"ListItem\",\"position\":2,\"name\":\"SEMINARIOS Y TALLERES ONLINE\",\"item\":\"https:\/\/lallavepsi.net\/index.php\/jornadas-y-talleres-online\/\"},{\"@type\":\"ListItem\",\"position\":3,\"name\":\"BIONEUROEMOCI\u00d3N\"}]},{\"@type\":\"WebSite\",\"@id\":\"https:\/\/lallavepsi.net\/#website\",\"url\":\"https:\/\/lallavepsi.net\/\",\"name\":\"\",\"description\":\"\",\"potentialAction\":[{\"@type\":\"SearchAction\",\"target\":{\"@type\":\"EntryPoint\",\"urlTemplate\":\"https:\/\/lallavepsi.net\/?s={search_term_string}\"},\"query-input\":{\"@type\":\"PropertyValueSpecification\",\"valueRequired\":true,\"valueName\":\"search_term_string\"}}],\"inLanguage\":\"es-AR\"}]}<\/script>\n<!-- \/ Yoast SEO plugin. -->","yoast_head_json":{"title":"BIONEUROEMOCI\u00d3N -","robots":{"index":"index","follow":"follow","max-snippet":"max-snippet:-1","max-image-preview":"max-image-preview:large","max-video-preview":"max-video-preview:-1"},"canonical":"https:\/\/lallavepsi.net\/index.php\/jornadas-y-talleres-online\/bioneuroemocion\/","og_locale":"es_ES","og_type":"article","og_title":"BIONEUROEMOCI\u00d3N -","og_description":"SEMINARIO ONLINE BIONEUROEMOCI\u00d3N La BioNeuroEmoci\u00f3n nos ense\u00f1a a escuchar nuestro cuerpo. Es una escucha biol\u00f3gica no psicol\u00f3gica. Es la b\u00fasqueda de los c\u00f3digos biol\u00f3gicos que hay detr\u00e1s de todo s\u00edntoma y la comprensi\u00f3n emocional que los activa, para que, de esta manera, se puedan descodificar y activar unos nuevos c\u00f3digos, gracias al cambio de perspectiva [&hellip;]","og_url":"https:\/\/lallavepsi.net\/index.php\/jornadas-y-talleres-online\/bioneuroemocion\/","article_modified_time":"2023-12-18T18:23:57+00:00","twitter_card":"summary_large_image","twitter_misc":{"Tiempo de lectura":"2 minutos"},"schema":{"@context":"https:\/\/schema.org","@graph":[{"@type":"WebPage","@id":"https:\/\/lallavepsi.net\/index.php\/jornadas-y-talleres-online\/bioneuroemocion\/","url":"https:\/\/lallavepsi.net\/index.php\/jornadas-y-talleres-online\/bioneuroemocion\/","name":"BIONEUROEMOCI\u00d3N -","isPartOf":{"@id":"https:\/\/lallavepsi.net\/#website"},"datePublished":"2022-12-28T00:12:48+00:00","dateModified":"2023-12-18T18:23:57+00:00","breadcrumb":{"@id":"https:\/\/lallavepsi.net\/index.php\/jornadas-y-talleres-online\/bioneuroemocion\/#breadcrumb"},"inLanguage":"es-AR","potentialAction":[{"@type":"ReadAction","target":["https:\/\/lallavepsi.net\/index.php\/jornadas-y-talleres-online\/bioneuroemocion\/"]}]},{"@type":"BreadcrumbList","@id":"https:\/\/lallavepsi.net\/index.php\/jornadas-y-talleres-online\/bioneuroemocion\/#breadcrumb","itemListElement":[{"@type":"ListItem","position":1,"name":"Inicio","item":"https:\/\/lallavepsi.net\/"},{"@type":"ListItem","position":2,"name":"SEMINARIOS Y TALLERES ONLINE","item":"https:\/\/lallavepsi.net\/index.php\/jornadas-y-talleres-online\/"},{"@type":"ListItem","position":3,"name":"BIONEUROEMOCI\u00d3N"}]},{"@type":"WebSite","@id":"https:\/\/lallavepsi.net\/#website","url":"https:\/\/lallavepsi.net\/","name":"","description":"","potentialAction":[{"@type":"SearchAction","target":{"@type":"EntryPoint","urlTemplate":"https:\/\/lallavepsi.net\/?s={search_term_string}"},"query-input":{"@type":"PropertyValueSpecification","valueRequired":true,"valueName":"search_term_string"}}],"inLanguage":"es-AR"}]}},"_hostinger_reach_plugin_has_subscription_block":false,"_hostinger_reach_plugin_is_elementor":false,"_links":{"self":[{"href":"https:\/\/lallavepsi.net\/index.php\/wp-json\/wp\/v2\/pages\/273","targetHints":{"allow":["GET"]}}],"collection":[{"href":"https:\/\/lallavepsi.net\/index.php\/wp-json\/wp\/v2\/pages"}],"about":[{"href":"https:\/\/lallavepsi.net\/index.php\/wp-json\/wp\/v2\/types\/page"}],"author":[{"embeddable":true,"href":"https:\/\/lallavepsi.net\/index.php\/wp-json\/wp\/v2\/users\/1"}],"replies":[{"embeddable":true,"href":"https:\/\/lallavepsi.net\/index.php\/wp-json\/wp\/v2\/comments?post=273"}],"version-history":[{"count":8,"href":"https:\/\/lallavepsi.net\/index.php\/wp-json\/wp\/v2\/pages\/273\/revisions"}],"predecessor-version":[{"id":2245,"href":"https:\/\/lallavepsi.net\/index.php\/wp-json\/wp\/v2\/pages\/273\/revisions\/2245"}],"up":[{"embeddable":true,"href":"https:\/\/lallavepsi.net\/index.php\/wp-json\/wp\/v2\/pages\/265"}],"wp:attachment":[{"href":"https:\/\/lallavepsi.net\/index.php\/wp-json\/wp\/v2\/media?parent=273"}],"curies":[{"name":"wp","href":"https:\/\/api.w.org\/{rel}","templated":true}]}}