{"id":275,"date":"2022-12-28T00:14:45","date_gmt":"2022-12-28T00:14:45","guid":{"rendered":"https:\/\/lallavepsi.net\/?page_id=275"},"modified":"2026-01-16T13:40:24","modified_gmt":"2026-01-16T13:40:24","slug":"espejo-y-sombra","status":"publish","type":"page","link":"https:\/\/lallavepsi.net\/index.php\/jornadas-y-talleres-online\/espejo-y-sombra\/","title":{"rendered":"ESPEJO Y SOMBRA"},"content":{"rendered":"<p><strong>TALLER ONLINE LA LEY DEL ESPEJO Y LA SOMBRA<\/strong><\/p>\n<p>Taller te\u00f3rico pr\u00e1ctico en modalidad online con una duraci\u00f3n de 3 horas donde veremos:<\/p>\n<p>-C\u00f3mo funcionan los mecanismos psicol\u00f3gicos de negaci\u00f3n y proyecci\u00f3n<\/p>\n<p>-Las cuatro variantes de la ley del espejo: \u00bfcon cu\u00e1l de ellas me identifico?<\/p>\n<p>-\u00bfPor qu\u00e9 tengo lo que me molesta del otro? \u00bfC\u00f3mo lo cambio?<\/p>\n<p>El arquetipo &#8220;sombra&#8221; de Jung. \u00bfQu\u00e9 parte no vemos de nosotros? Reconociendo la sombra a trav\u00e9s de cartas, sue\u00f1os, dibujos y proyecciones.<\/p>\n<p>La finalidad de este taller apunta a la integraci\u00f3n de nuestra personalidad, aceptando aquellos aspectos que nos desagradan, averg\u00fcenzan y atormentan y descubriendo tambi\u00e9n aquellos dones que desestimamos o ignoramos e impiden la manifestaci\u00f3n de nuestro potencial real.<\/p>\n<p>Descubriendo nuestra propia verdad, con nuestras fortalezas y flaquezas, podremos vincularnos y empatizar con un otro desde un lugar mucho m\u00e1s humano y aut\u00e9ntico, sin m\u00e1scaras ni enga\u00f1os, ya que quien elige no enga\u00f1arse m\u00e1s a s\u00ed mismo har\u00e1 lo propio con los dem\u00e1s.<\/p>\n<p>&nbsp;<\/p>\n","protected":false},"excerpt":{"rendered":"<p>TALLER ONLINE LA LEY DEL ESPEJO Y LA SOMBRA Taller te\u00f3rico pr\u00e1ctico en modalidad online con una duraci\u00f3n de 3 horas donde veremos: -C\u00f3mo funcionan los mecanismos psicol\u00f3gicos de negaci\u00f3n y proyecci\u00f3n -Las cuatro variantes de la ley del espejo: \u00bfcon cu\u00e1l de ellas me identifico? -\u00bfPor qu\u00e9 tengo lo que me molesta del otro? [&hellip;]<\/p>\n","protected":false},"author":1,"featured_media":0,"parent":265,"menu_order":0,"comment_status":"closed","ping_status":"closed","template":"","meta":{"_monsterinsights_skip_tracking":false,"_monsterinsights_sitenote_active":false,"_monsterinsights_sitenote_note":"","_monsterinsights_sitenote_category":0,"_uf_show_specific_survey":0,"_uf_disable_surveys":false,"site-sidebar-layout":"default","site-content-layout":"default","ast-site-content-layout":"default","site-content-style":"default","site-sidebar-style":"default","ast-global-header-display":"","ast-banner-title-visibility":"","ast-main-header-display":"","ast-hfb-above-header-display":"","ast-hfb-below-header-display":"","ast-hfb-mobile-header-display":"","site-post-title":"","ast-breadcrumbs-content":"","ast-featured-img":"","footer-sml-layout":"","ast-disable-related-posts":"","theme-transparent-header-meta":"default","adv-header-id-meta":"","stick-header-meta":"","header-above-stick-meta":"","header-main-stick-meta":"","header-below-stick-meta":"","astra-migrate-meta-layouts":"set","ast-page-background-enabled":"default","ast-page-background-meta":{"desktop":{"background-color":"var(--ast-global-color-4)","background-image":"","background-repeat":"repeat","background-position":"center center","background-size":"auto","background-attachment":"scroll","background-type":"","background-media":"","overlay-type":"","overlay-color":"","overlay-opacity":"","overlay-gradient":""},"tablet":{"background-color":"","background-image":"","background-repeat":"repeat","background-position":"center center","background-size":"auto","background-attachment":"scroll","background-type":"","background-media":"","overlay-type":"","overlay-color":"","overlay-opacity":"","overlay-gradient":""},"mobile":{"background-color":"","background-image":"","background-repeat":"repeat","background-position":"center center","background-size":"auto","background-attachment":"scroll","background-type":"","background-media":"","overlay-type":"","overlay-color":"","overlay-opacity":"","overlay-gradient":""}},"ast-content-background-meta":{"desktop":{"background-color":"var(--ast-global-color-5)","background-image":"","background-repeat":"repeat","background-position":"center center","background-size":"auto","background-attachment":"scroll","background-type":"","background-media":"","overlay-type":"","overlay-color":"","overlay-opacity":"","overlay-gradient":""},"tablet":{"background-color":"var(--ast-global-color-5)","background-image":"","background-repeat":"repeat","background-position":"center center","background-size":"auto","background-attachment":"scroll","background-type":"","background-media":"","overlay-type":"","overlay-color":"","overlay-opacity":"","overlay-gradient":""},"mobile":{"background-color":"var(--ast-global-color-5)","background-image":"","background-repeat":"repeat","background-position":"center center","background-size":"auto","background-attachment":"scroll","background-type":"","background-media":"","overlay-type":"","overlay-color":"","overlay-opacity":"","overlay-gradient":""}},"footnotes":""},"class_list":["post-275","page","type-page","status-publish","hentry"],"yoast_head":"<!-- This site is optimized with the Yoast SEO plugin v27.0 - https:\/\/yoast.com\/product\/yoast-seo-wordpress\/ -->\n<title>ESPEJO Y SOMBRA -<\/title>\n<meta name=\"robots\" content=\"index, follow, max-snippet:-1, max-image-preview:large, max-video-preview:-1\" \/>\n<link rel=\"canonical\" href=\"https:\/\/lallavepsi.net\/index.php\/jornadas-y-talleres-online\/espejo-y-sombra\/\" \/>\n<meta property=\"og:locale\" content=\"es_ES\" \/>\n<meta property=\"og:type\" content=\"article\" \/>\n<meta property=\"og:title\" content=\"ESPEJO Y SOMBRA -\" \/>\n<meta property=\"og:description\" content=\"TALLER ONLINE LA LEY DEL ESPEJO Y LA SOMBRA Taller te\u00f3rico pr\u00e1ctico en modalidad online con una duraci\u00f3n de 3 horas donde veremos: -C\u00f3mo funcionan los mecanismos psicol\u00f3gicos de negaci\u00f3n y proyecci\u00f3n -Las cuatro variantes de la ley del espejo: \u00bfcon cu\u00e1l de ellas me identifico? -\u00bfPor qu\u00e9 tengo lo que me molesta del otro? [&hellip;]\" \/>\n<meta property=\"og:url\" content=\"https:\/\/lallavepsi.net\/index.php\/jornadas-y-talleres-online\/espejo-y-sombra\/\" \/>\n<meta property=\"article:modified_time\" content=\"2026-01-16T13:40:24+00:00\" \/>\n<meta name=\"twitter:card\" content=\"summary_large_image\" \/>\n<meta name=\"twitter:label1\" content=\"Tiempo de lectura\" \/>\n\t<meta name=\"twitter:data1\" content=\"1 minuto\" \/>\n<script type=\"application\/ld+json\" class=\"yoast-schema-graph\">{\"@context\":\"https:\/\/schema.org\",\"@graph\":[{\"@type\":\"WebPage\",\"@id\":\"https:\/\/lallavepsi.net\/index.php\/jornadas-y-talleres-online\/espejo-y-sombra\/\",\"url\":\"https:\/\/lallavepsi.net\/index.php\/jornadas-y-talleres-online\/espejo-y-sombra\/\",\"name\":\"ESPEJO Y SOMBRA -\",\"isPartOf\":{\"@id\":\"https:\/\/lallavepsi.net\/#website\"},\"datePublished\":\"2022-12-28T00:14:45+00:00\",\"dateModified\":\"2026-01-16T13:40:24+00:00\",\"breadcrumb\":{\"@id\":\"https:\/\/lallavepsi.net\/index.php\/jornadas-y-talleres-online\/espejo-y-sombra\/#breadcrumb\"},\"inLanguage\":\"es-AR\",\"potentialAction\":[{\"@type\":\"ReadAction\",\"target\":[\"https:\/\/lallavepsi.net\/index.php\/jornadas-y-talleres-online\/espejo-y-sombra\/\"]}]},{\"@type\":\"BreadcrumbList\",\"@id\":\"https:\/\/lallavepsi.net\/index.php\/jornadas-y-talleres-online\/espejo-y-sombra\/#breadcrumb\",\"itemListElement\":[{\"@type\":\"ListItem\",\"position\":1,\"name\":\"Inicio\",\"item\":\"https:\/\/lallavepsi.net\/\"},{\"@type\":\"ListItem\",\"position\":2,\"name\":\"SEMINARIOS Y TALLERES ONLINE\",\"item\":\"https:\/\/lallavepsi.net\/index.php\/jornadas-y-talleres-online\/\"},{\"@type\":\"ListItem\",\"position\":3,\"name\":\"ESPEJO Y SOMBRA\"}]},{\"@type\":\"WebSite\",\"@id\":\"https:\/\/lallavepsi.net\/#website\",\"url\":\"https:\/\/lallavepsi.net\/\",\"name\":\"\",\"description\":\"\",\"potentialAction\":[{\"@type\":\"SearchAction\",\"target\":{\"@type\":\"EntryPoint\",\"urlTemplate\":\"https:\/\/lallavepsi.net\/?s={search_term_string}\"},\"query-input\":{\"@type\":\"PropertyValueSpecification\",\"valueRequired\":true,\"valueName\":\"search_term_string\"}}],\"inLanguage\":\"es-AR\"}]}<\/script>\n<!-- \/ Yoast SEO plugin. -->","yoast_head_json":{"title":"ESPEJO Y SOMBRA -","robots":{"index":"index","follow":"follow","max-snippet":"max-snippet:-1","max-image-preview":"max-image-preview:large","max-video-preview":"max-video-preview:-1"},"canonical":"https:\/\/lallavepsi.net\/index.php\/jornadas-y-talleres-online\/espejo-y-sombra\/","og_locale":"es_ES","og_type":"article","og_title":"ESPEJO Y SOMBRA -","og_description":"TALLER ONLINE LA LEY DEL ESPEJO Y LA SOMBRA Taller te\u00f3rico pr\u00e1ctico en modalidad online con una duraci\u00f3n de 3 horas donde veremos: -C\u00f3mo funcionan los mecanismos psicol\u00f3gicos de negaci\u00f3n y proyecci\u00f3n -Las cuatro variantes de la ley del espejo: \u00bfcon cu\u00e1l de ellas me identifico? -\u00bfPor qu\u00e9 tengo lo que me molesta del otro? [&hellip;]","og_url":"https:\/\/lallavepsi.net\/index.php\/jornadas-y-talleres-online\/espejo-y-sombra\/","article_modified_time":"2026-01-16T13:40:24+00:00","twitter_card":"summary_large_image","twitter_misc":{"Tiempo de lectura":"1 minuto"},"schema":{"@context":"https:\/\/schema.org","@graph":[{"@type":"WebPage","@id":"https:\/\/lallavepsi.net\/index.php\/jornadas-y-talleres-online\/espejo-y-sombra\/","url":"https:\/\/lallavepsi.net\/index.php\/jornadas-y-talleres-online\/espejo-y-sombra\/","name":"ESPEJO Y SOMBRA -","isPartOf":{"@id":"https:\/\/lallavepsi.net\/#website"},"datePublished":"2022-12-28T00:14:45+00:00","dateModified":"2026-01-16T13:40:24+00:00","breadcrumb":{"@id":"https:\/\/lallavepsi.net\/index.php\/jornadas-y-talleres-online\/espejo-y-sombra\/#breadcrumb"},"inLanguage":"es-AR","potentialAction":[{"@type":"ReadAction","target":["https:\/\/lallavepsi.net\/index.php\/jornadas-y-talleres-online\/espejo-y-sombra\/"]}]},{"@type":"BreadcrumbList","@id":"https:\/\/lallavepsi.net\/index.php\/jornadas-y-talleres-online\/espejo-y-sombra\/#breadcrumb","itemListElement":[{"@type":"ListItem","position":1,"name":"Inicio","item":"https:\/\/lallavepsi.net\/"},{"@type":"ListItem","position":2,"name":"SEMINARIOS Y TALLERES ONLINE","item":"https:\/\/lallavepsi.net\/index.php\/jornadas-y-talleres-online\/"},{"@type":"ListItem","position":3,"name":"ESPEJO Y SOMBRA"}]},{"@type":"WebSite","@id":"https:\/\/lallavepsi.net\/#website","url":"https:\/\/lallavepsi.net\/","name":"","description":"","potentialAction":[{"@type":"SearchAction","target":{"@type":"EntryPoint","urlTemplate":"https:\/\/lallavepsi.net\/?s={search_term_string}"},"query-input":{"@type":"PropertyValueSpecification","valueRequired":true,"valueName":"search_term_string"}}],"inLanguage":"es-AR"}]}},"_hostinger_reach_plugin_has_subscription_block":false,"_hostinger_reach_plugin_is_elementor":false,"_links":{"self":[{"href":"https:\/\/lallavepsi.net\/index.php\/wp-json\/wp\/v2\/pages\/275","targetHints":{"allow":["GET"]}}],"collection":[{"href":"https:\/\/lallavepsi.net\/index.php\/wp-json\/wp\/v2\/pages"}],"about":[{"href":"https:\/\/lallavepsi.net\/index.php\/wp-json\/wp\/v2\/types\/page"}],"author":[{"embeddable":true,"href":"https:\/\/lallavepsi.net\/index.php\/wp-json\/wp\/v2\/users\/1"}],"replies":[{"embeddable":true,"href":"https:\/\/lallavepsi.net\/index.php\/wp-json\/wp\/v2\/comments?post=275"}],"version-history":[{"count":6,"href":"https:\/\/lallavepsi.net\/index.php\/wp-json\/wp\/v2\/pages\/275\/revisions"}],"predecessor-version":[{"id":2477,"href":"https:\/\/lallavepsi.net\/index.php\/wp-json\/wp\/v2\/pages\/275\/revisions\/2477"}],"up":[{"embeddable":true,"href":"https:\/\/lallavepsi.net\/index.php\/wp-json\/wp\/v2\/pages\/265"}],"wp:attachment":[{"href":"https:\/\/lallavepsi.net\/index.php\/wp-json\/wp\/v2\/media?parent=275"}],"curies":[{"name":"wp","href":"https:\/\/api.w.org\/{rel}","templated":true}]}}