{"id":277,"date":"2022-12-28T00:16:08","date_gmt":"2022-12-28T00:16:08","guid":{"rendered":"https:\/\/lallavepsi.net\/?page_id=277"},"modified":"2026-01-15T12:42:46","modified_gmt":"2026-01-15T12:42:46","slug":"hibristofilia-por-que-atraen-ls-mals","status":"publish","type":"page","link":"https:\/\/lallavepsi.net\/index.php\/jornadas-y-talleres-online\/hibristofilia-por-que-atraen-ls-mals\/","title":{"rendered":"HIBRISTOFILIA: \u00bfPOR QU\u00c9 ATRAEN L@S MAL@S?"},"content":{"rendered":"<p><strong>TALLER ONLINE HIBRISTOFILIA: \u00bfPOR QU\u00c9 NOS ATRAEN L@S MAL@S?<\/strong><\/p>\n<p>Taller te\u00f3rico pr\u00e1ctico de 2 hs. donde veremos y trabajaremos:<\/p>\n<p>\u00bfPor qu\u00e9 much@s perciben a l@s &#8220;chic@s mal@s&#8221; m\u00e1s atractiv@s? \u00bfEs sin\u00f3nimo de fuerza? \u00bfBuscan &#8220;salvarl@s&#8221; o ser protegid@s? \u00bfPor qu\u00e9 nos puede atraer el maltrato? \u00bfNos gusta vivir al filo del peligro, es m\u00e1s excitante? \u00bfL@s buen@s son ins\u00edpid@s? \u00bfEn qu\u00e9 lugar nos deja la atracci\u00f3n narcisista?<\/p>\n<p>Identificaremos asociaciones y mandatos respecto a la naturalizaci\u00f3n e idealizaci\u00f3n de la violencia para analizarlos, fundamentarlos y transformarlos en otras maneras de entender el amor.<\/p>\n<p>&nbsp;<\/p>\n","protected":false},"excerpt":{"rendered":"<p>TALLER ONLINE HIBRISTOFILIA: \u00bfPOR QU\u00c9 NOS ATRAEN L@S MAL@S? Taller te\u00f3rico pr\u00e1ctico de 2 hs. donde veremos y trabajaremos: \u00bfPor qu\u00e9 much@s perciben a l@s &#8220;chic@s mal@s&#8221; m\u00e1s atractiv@s? \u00bfEs sin\u00f3nimo de fuerza? \u00bfBuscan &#8220;salvarl@s&#8221; o ser protegid@s? \u00bfPor qu\u00e9 nos puede atraer el maltrato? \u00bfNos gusta vivir al filo del peligro, es m\u00e1s excitante? [&hellip;]<\/p>\n","protected":false},"author":1,"featured_media":0,"parent":265,"menu_order":0,"comment_status":"closed","ping_status":"closed","template":"","meta":{"_monsterinsights_skip_tracking":false,"_monsterinsights_sitenote_active":false,"_monsterinsights_sitenote_note":"","_monsterinsights_sitenote_category":0,"_uf_show_specific_survey":0,"_uf_disable_surveys":false,"site-sidebar-layout":"default","site-content-layout":"default","ast-site-content-layout":"default","site-content-style":"default","site-sidebar-style":"default","ast-global-header-display":"","ast-banner-title-visibility":"","ast-main-header-display":"","ast-hfb-above-header-display":"","ast-hfb-below-header-display":"","ast-hfb-mobile-header-display":"","site-post-title":"","ast-breadcrumbs-content":"","ast-featured-img":"","footer-sml-layout":"","ast-disable-related-posts":"","theme-transparent-header-meta":"default","adv-header-id-meta":"","stick-header-meta":"","header-above-stick-meta":"","header-main-stick-meta":"","header-below-stick-meta":"","astra-migrate-meta-layouts":"set","ast-page-background-enabled":"default","ast-page-background-meta":{"desktop":{"background-color":"var(--ast-global-color-4)","background-image":"","background-repeat":"repeat","background-position":"center center","background-size":"auto","background-attachment":"scroll","background-type":"","background-media":"","overlay-type":"","overlay-color":"","overlay-opacity":"","overlay-gradient":""},"tablet":{"background-color":"","background-image":"","background-repeat":"repeat","background-position":"center center","background-size":"auto","background-attachment":"scroll","background-type":"","background-media":"","overlay-type":"","overlay-color":"","overlay-opacity":"","overlay-gradient":""},"mobile":{"background-color":"","background-image":"","background-repeat":"repeat","background-position":"center center","background-size":"auto","background-attachment":"scroll","background-type":"","background-media":"","overlay-type":"","overlay-color":"","overlay-opacity":"","overlay-gradient":""}},"ast-content-background-meta":{"desktop":{"background-color":"var(--ast-global-color-5)","background-image":"","background-repeat":"repeat","background-position":"center center","background-size":"auto","background-attachment":"scroll","background-type":"","background-media":"","overlay-type":"","overlay-color":"","overlay-opacity":"","overlay-gradient":""},"tablet":{"background-color":"var(--ast-global-color-5)","background-image":"","background-repeat":"repeat","background-position":"center center","background-size":"auto","background-attachment":"scroll","background-type":"","background-media":"","overlay-type":"","overlay-color":"","overlay-opacity":"","overlay-gradient":""},"mobile":{"background-color":"var(--ast-global-color-5)","background-image":"","background-repeat":"repeat","background-position":"center center","background-size":"auto","background-attachment":"scroll","background-type":"","background-media":"","overlay-type":"","overlay-color":"","overlay-opacity":"","overlay-gradient":""}},"footnotes":""},"class_list":["post-277","page","type-page","status-publish","hentry"],"yoast_head":"<!-- This site is optimized with the Yoast SEO plugin v27.0 - https:\/\/yoast.com\/product\/yoast-seo-wordpress\/ -->\n<title>HIBRISTOFILIA: \u00bfPOR QU\u00c9 ATRAEN L@S MAL@S? -<\/title>\n<meta name=\"robots\" content=\"index, follow, max-snippet:-1, max-image-preview:large, max-video-preview:-1\" \/>\n<link rel=\"canonical\" href=\"https:\/\/lallavepsi.net\/index.php\/jornadas-y-talleres-online\/hibristofilia-por-que-atraen-ls-mals\/\" \/>\n<meta property=\"og:locale\" content=\"es_ES\" \/>\n<meta property=\"og:type\" content=\"article\" \/>\n<meta property=\"og:title\" content=\"HIBRISTOFILIA: \u00bfPOR QU\u00c9 ATRAEN L@S MAL@S? -\" \/>\n<meta property=\"og:description\" content=\"TALLER ONLINE HIBRISTOFILIA: \u00bfPOR QU\u00c9 NOS ATRAEN L@S MAL@S? Taller te\u00f3rico pr\u00e1ctico de 2 hs. donde veremos y trabajaremos: \u00bfPor qu\u00e9 much@s perciben a l@s &#8220;chic@s mal@s&#8221; m\u00e1s atractiv@s? \u00bfEs sin\u00f3nimo de fuerza? \u00bfBuscan &#8220;salvarl@s&#8221; o ser protegid@s? \u00bfPor qu\u00e9 nos puede atraer el maltrato? \u00bfNos gusta vivir al filo del peligro, es m\u00e1s excitante? [&hellip;]\" \/>\n<meta property=\"og:url\" content=\"https:\/\/lallavepsi.net\/index.php\/jornadas-y-talleres-online\/hibristofilia-por-que-atraen-ls-mals\/\" \/>\n<meta property=\"article:modified_time\" content=\"2026-01-15T12:42:46+00:00\" \/>\n<meta name=\"twitter:card\" content=\"summary_large_image\" \/>\n<meta name=\"twitter:label1\" content=\"Tiempo de lectura\" \/>\n\t<meta name=\"twitter:data1\" content=\"1 minuto\" \/>\n<script type=\"application\/ld+json\" class=\"yoast-schema-graph\">{\"@context\":\"https:\/\/schema.org\",\"@graph\":[{\"@type\":\"WebPage\",\"@id\":\"https:\/\/lallavepsi.net\/index.php\/jornadas-y-talleres-online\/hibristofilia-por-que-atraen-ls-mals\/\",\"url\":\"https:\/\/lallavepsi.net\/index.php\/jornadas-y-talleres-online\/hibristofilia-por-que-atraen-ls-mals\/\",\"name\":\"HIBRISTOFILIA: \u00bfPOR QU\u00c9 ATRAEN L@S MAL@S? -\",\"isPartOf\":{\"@id\":\"https:\/\/lallavepsi.net\/#website\"},\"datePublished\":\"2022-12-28T00:16:08+00:00\",\"dateModified\":\"2026-01-15T12:42:46+00:00\",\"breadcrumb\":{\"@id\":\"https:\/\/lallavepsi.net\/index.php\/jornadas-y-talleres-online\/hibristofilia-por-que-atraen-ls-mals\/#breadcrumb\"},\"inLanguage\":\"es-AR\",\"potentialAction\":[{\"@type\":\"ReadAction\",\"target\":[\"https:\/\/lallavepsi.net\/index.php\/jornadas-y-talleres-online\/hibristofilia-por-que-atraen-ls-mals\/\"]}]},{\"@type\":\"BreadcrumbList\",\"@id\":\"https:\/\/lallavepsi.net\/index.php\/jornadas-y-talleres-online\/hibristofilia-por-que-atraen-ls-mals\/#breadcrumb\",\"itemListElement\":[{\"@type\":\"ListItem\",\"position\":1,\"name\":\"Inicio\",\"item\":\"https:\/\/lallavepsi.net\/\"},{\"@type\":\"ListItem\",\"position\":2,\"name\":\"SEMINARIOS Y TALLERES ONLINE\",\"item\":\"https:\/\/lallavepsi.net\/index.php\/jornadas-y-talleres-online\/\"},{\"@type\":\"ListItem\",\"position\":3,\"name\":\"HIBRISTOFILIA: \u00bfPOR QU\u00c9 ATRAEN L@S MAL@S?\"}]},{\"@type\":\"WebSite\",\"@id\":\"https:\/\/lallavepsi.net\/#website\",\"url\":\"https:\/\/lallavepsi.net\/\",\"name\":\"\",\"description\":\"\",\"potentialAction\":[{\"@type\":\"SearchAction\",\"target\":{\"@type\":\"EntryPoint\",\"urlTemplate\":\"https:\/\/lallavepsi.net\/?s={search_term_string}\"},\"query-input\":{\"@type\":\"PropertyValueSpecification\",\"valueRequired\":true,\"valueName\":\"search_term_string\"}}],\"inLanguage\":\"es-AR\"}]}<\/script>\n<!-- \/ Yoast SEO plugin. -->","yoast_head_json":{"title":"HIBRISTOFILIA: \u00bfPOR QU\u00c9 ATRAEN L@S MAL@S? -","robots":{"index":"index","follow":"follow","max-snippet":"max-snippet:-1","max-image-preview":"max-image-preview:large","max-video-preview":"max-video-preview:-1"},"canonical":"https:\/\/lallavepsi.net\/index.php\/jornadas-y-talleres-online\/hibristofilia-por-que-atraen-ls-mals\/","og_locale":"es_ES","og_type":"article","og_title":"HIBRISTOFILIA: \u00bfPOR QU\u00c9 ATRAEN L@S MAL@S? -","og_description":"TALLER ONLINE HIBRISTOFILIA: \u00bfPOR QU\u00c9 NOS ATRAEN L@S MAL@S? Taller te\u00f3rico pr\u00e1ctico de 2 hs. donde veremos y trabajaremos: \u00bfPor qu\u00e9 much@s perciben a l@s &#8220;chic@s mal@s&#8221; m\u00e1s atractiv@s? \u00bfEs sin\u00f3nimo de fuerza? \u00bfBuscan &#8220;salvarl@s&#8221; o ser protegid@s? \u00bfPor qu\u00e9 nos puede atraer el maltrato? \u00bfNos gusta vivir al filo del peligro, es m\u00e1s excitante? [&hellip;]","og_url":"https:\/\/lallavepsi.net\/index.php\/jornadas-y-talleres-online\/hibristofilia-por-que-atraen-ls-mals\/","article_modified_time":"2026-01-15T12:42:46+00:00","twitter_card":"summary_large_image","twitter_misc":{"Tiempo de lectura":"1 minuto"},"schema":{"@context":"https:\/\/schema.org","@graph":[{"@type":"WebPage","@id":"https:\/\/lallavepsi.net\/index.php\/jornadas-y-talleres-online\/hibristofilia-por-que-atraen-ls-mals\/","url":"https:\/\/lallavepsi.net\/index.php\/jornadas-y-talleres-online\/hibristofilia-por-que-atraen-ls-mals\/","name":"HIBRISTOFILIA: \u00bfPOR QU\u00c9 ATRAEN L@S MAL@S? -","isPartOf":{"@id":"https:\/\/lallavepsi.net\/#website"},"datePublished":"2022-12-28T00:16:08+00:00","dateModified":"2026-01-15T12:42:46+00:00","breadcrumb":{"@id":"https:\/\/lallavepsi.net\/index.php\/jornadas-y-talleres-online\/hibristofilia-por-que-atraen-ls-mals\/#breadcrumb"},"inLanguage":"es-AR","potentialAction":[{"@type":"ReadAction","target":["https:\/\/lallavepsi.net\/index.php\/jornadas-y-talleres-online\/hibristofilia-por-que-atraen-ls-mals\/"]}]},{"@type":"BreadcrumbList","@id":"https:\/\/lallavepsi.net\/index.php\/jornadas-y-talleres-online\/hibristofilia-por-que-atraen-ls-mals\/#breadcrumb","itemListElement":[{"@type":"ListItem","position":1,"name":"Inicio","item":"https:\/\/lallavepsi.net\/"},{"@type":"ListItem","position":2,"name":"SEMINARIOS Y TALLERES ONLINE","item":"https:\/\/lallavepsi.net\/index.php\/jornadas-y-talleres-online\/"},{"@type":"ListItem","position":3,"name":"HIBRISTOFILIA: \u00bfPOR QU\u00c9 ATRAEN L@S MAL@S?"}]},{"@type":"WebSite","@id":"https:\/\/lallavepsi.net\/#website","url":"https:\/\/lallavepsi.net\/","name":"","description":"","potentialAction":[{"@type":"SearchAction","target":{"@type":"EntryPoint","urlTemplate":"https:\/\/lallavepsi.net\/?s={search_term_string}"},"query-input":{"@type":"PropertyValueSpecification","valueRequired":true,"valueName":"search_term_string"}}],"inLanguage":"es-AR"}]}},"_hostinger_reach_plugin_has_subscription_block":false,"_hostinger_reach_plugin_is_elementor":false,"_links":{"self":[{"href":"https:\/\/lallavepsi.net\/index.php\/wp-json\/wp\/v2\/pages\/277","targetHints":{"allow":["GET"]}}],"collection":[{"href":"https:\/\/lallavepsi.net\/index.php\/wp-json\/wp\/v2\/pages"}],"about":[{"href":"https:\/\/lallavepsi.net\/index.php\/wp-json\/wp\/v2\/types\/page"}],"author":[{"embeddable":true,"href":"https:\/\/lallavepsi.net\/index.php\/wp-json\/wp\/v2\/users\/1"}],"replies":[{"embeddable":true,"href":"https:\/\/lallavepsi.net\/index.php\/wp-json\/wp\/v2\/comments?post=277"}],"version-history":[{"count":5,"href":"https:\/\/lallavepsi.net\/index.php\/wp-json\/wp\/v2\/pages\/277\/revisions"}],"predecessor-version":[{"id":2462,"href":"https:\/\/lallavepsi.net\/index.php\/wp-json\/wp\/v2\/pages\/277\/revisions\/2462"}],"up":[{"embeddable":true,"href":"https:\/\/lallavepsi.net\/index.php\/wp-json\/wp\/v2\/pages\/265"}],"wp:attachment":[{"href":"https:\/\/lallavepsi.net\/index.php\/wp-json\/wp\/v2\/media?parent=277"}],"curies":[{"name":"wp","href":"https:\/\/api.w.org\/{rel}","templated":true}]}}