{"id":279,"date":"2022-12-28T00:18:04","date_gmt":"2022-12-28T00:18:04","guid":{"rendered":"https:\/\/lallavepsi.net\/?page_id=279"},"modified":"2026-01-16T13:44:08","modified_gmt":"2026-01-16T13:44:08","slug":"infidelidad","status":"publish","type":"page","link":"https:\/\/lallavepsi.net\/index.php\/jornadas-y-talleres-online\/infidelidad\/","title":{"rendered":"INFIDELIDAD"},"content":{"rendered":"<p><strong>TALLER ONLINE SUPERAR UNA INFIDELIDAD<\/strong><\/p>\n<p>VEREMOS: Mitos de la infidelidad.<\/p>\n<p>\u00bfSe puede superar unas infidelidad? \u00bfSe puede recuperar la confianza? \u00bfSe puede recuperar la racionalidad? \u00bfPodemos volver a ser nosotros mismos?<\/p>\n<p>Herramientas para prevenirla, causas, se\u00f1ales, costos, pros y contras, recursos para integrar la ansiedad y angustia, c\u00f3mo sanar la sensaci\u00f3n de traici\u00f3n. Preguntas claves.<\/p>\n<p>La infidelidad, despu\u00e9s de la violencia dom\u00e9stica, es el problema m\u00e1s importante y dif\u00edcil en las relaciones de pareja.<\/p>\n<p>Casi el 50% de las parejas enfrenta un problema de infidelidad.<\/p>\n<p>Detectaremos juntos: \u00bfD\u00f3nde comienza? \u00bfAmigos, trabajo, internet\u2026? Solemos pensar que en la infidelidad debe haber contacto sexual\u2026 \u00a1Error!<\/p>\n<p>&nbsp;<\/p>\n<p>\u00bfPor qu\u00e9 ocurren las aventuras?<\/p>\n<p>C\u00f3mo elaborar y seguir con tu pareja. &#8220;Quiero y no puedo superar una infidelidad&#8221;. C\u00f3mo sanar la depresi\u00f3n por una infidelidad. Momentos claves en una infidelidad.<\/p>\n<p>Abordajes terap\u00e9uticos y orientaci\u00f3n para las personas en situaciones de infidelidad.<\/p>\n<p>Duraci\u00f3n: 2 horas.<\/p>\n<p>&nbsp;<\/p>\n","protected":false},"excerpt":{"rendered":"<p>TALLER ONLINE SUPERAR UNA INFIDELIDAD VEREMOS: Mitos de la infidelidad. \u00bfSe puede superar unas infidelidad? \u00bfSe puede recuperar la confianza? \u00bfSe puede recuperar la racionalidad? \u00bfPodemos volver a ser nosotros mismos? Herramientas para prevenirla, causas, se\u00f1ales, costos, pros y contras, recursos para integrar la ansiedad y angustia, c\u00f3mo sanar la sensaci\u00f3n de traici\u00f3n. Preguntas claves. [&hellip;]<\/p>\n","protected":false},"author":1,"featured_media":0,"parent":265,"menu_order":0,"comment_status":"closed","ping_status":"closed","template":"","meta":{"_monsterinsights_skip_tracking":false,"_monsterinsights_sitenote_active":false,"_monsterinsights_sitenote_note":"","_monsterinsights_sitenote_category":0,"_uf_show_specific_survey":0,"_uf_disable_surveys":false,"site-sidebar-layout":"default","site-content-layout":"default","ast-site-content-layout":"default","site-content-style":"default","site-sidebar-style":"default","ast-global-header-display":"","ast-banner-title-visibility":"","ast-main-header-display":"","ast-hfb-above-header-display":"","ast-hfb-below-header-display":"","ast-hfb-mobile-header-display":"","site-post-title":"","ast-breadcrumbs-content":"","ast-featured-img":"","footer-sml-layout":"","ast-disable-related-posts":"","theme-transparent-header-meta":"default","adv-header-id-meta":"","stick-header-meta":"","header-above-stick-meta":"","header-main-stick-meta":"","header-below-stick-meta":"","astra-migrate-meta-layouts":"set","ast-page-background-enabled":"default","ast-page-background-meta":{"desktop":{"background-color":"var(--ast-global-color-4)","background-image":"","background-repeat":"repeat","background-position":"center center","background-size":"auto","background-attachment":"scroll","background-type":"","background-media":"","overlay-type":"","overlay-color":"","overlay-opacity":"","overlay-gradient":""},"tablet":{"background-color":"","background-image":"","background-repeat":"repeat","background-position":"center center","background-size":"auto","background-attachment":"scroll","background-type":"","background-media":"","overlay-type":"","overlay-color":"","overlay-opacity":"","overlay-gradient":""},"mobile":{"background-color":"","background-image":"","background-repeat":"repeat","background-position":"center center","background-size":"auto","background-attachment":"scroll","background-type":"","background-media":"","overlay-type":"","overlay-color":"","overlay-opacity":"","overlay-gradient":""}},"ast-content-background-meta":{"desktop":{"background-color":"var(--ast-global-color-5)","background-image":"","background-repeat":"repeat","background-position":"center center","background-size":"auto","background-attachment":"scroll","background-type":"","background-media":"","overlay-type":"","overlay-color":"","overlay-opacity":"","overlay-gradient":""},"tablet":{"background-color":"var(--ast-global-color-5)","background-image":"","background-repeat":"repeat","background-position":"center center","background-size":"auto","background-attachment":"scroll","background-type":"","background-media":"","overlay-type":"","overlay-color":"","overlay-opacity":"","overlay-gradient":""},"mobile":{"background-color":"var(--ast-global-color-5)","background-image":"","background-repeat":"repeat","background-position":"center center","background-size":"auto","background-attachment":"scroll","background-type":"","background-media":"","overlay-type":"","overlay-color":"","overlay-opacity":"","overlay-gradient":""}},"footnotes":""},"class_list":["post-279","page","type-page","status-publish","hentry"],"yoast_head":"<!-- This site is optimized with the Yoast SEO plugin v27.0 - https:\/\/yoast.com\/product\/yoast-seo-wordpress\/ -->\n<title>INFIDELIDAD -<\/title>\n<meta name=\"robots\" content=\"index, follow, max-snippet:-1, max-image-preview:large, max-video-preview:-1\" \/>\n<link rel=\"canonical\" href=\"https:\/\/lallavepsi.net\/index.php\/jornadas-y-talleres-online\/infidelidad\/\" \/>\n<meta property=\"og:locale\" content=\"es_ES\" \/>\n<meta property=\"og:type\" content=\"article\" \/>\n<meta property=\"og:title\" content=\"INFIDELIDAD -\" \/>\n<meta property=\"og:description\" content=\"TALLER ONLINE SUPERAR UNA INFIDELIDAD VEREMOS: Mitos de la infidelidad. \u00bfSe puede superar unas infidelidad? \u00bfSe puede recuperar la confianza? \u00bfSe puede recuperar la racionalidad? \u00bfPodemos volver a ser nosotros mismos? Herramientas para prevenirla, causas, se\u00f1ales, costos, pros y contras, recursos para integrar la ansiedad y angustia, c\u00f3mo sanar la sensaci\u00f3n de traici\u00f3n. Preguntas claves. [&hellip;]\" \/>\n<meta property=\"og:url\" content=\"https:\/\/lallavepsi.net\/index.php\/jornadas-y-talleres-online\/infidelidad\/\" \/>\n<meta property=\"article:modified_time\" content=\"2026-01-16T13:44:08+00:00\" \/>\n<meta name=\"twitter:card\" content=\"summary_large_image\" \/>\n<meta name=\"twitter:label1\" content=\"Tiempo de lectura\" \/>\n\t<meta name=\"twitter:data1\" content=\"1 minuto\" \/>\n<script type=\"application\/ld+json\" class=\"yoast-schema-graph\">{\"@context\":\"https:\/\/schema.org\",\"@graph\":[{\"@type\":\"WebPage\",\"@id\":\"https:\/\/lallavepsi.net\/index.php\/jornadas-y-talleres-online\/infidelidad\/\",\"url\":\"https:\/\/lallavepsi.net\/index.php\/jornadas-y-talleres-online\/infidelidad\/\",\"name\":\"INFIDELIDAD -\",\"isPartOf\":{\"@id\":\"https:\/\/lallavepsi.net\/#website\"},\"datePublished\":\"2022-12-28T00:18:04+00:00\",\"dateModified\":\"2026-01-16T13:44:08+00:00\",\"breadcrumb\":{\"@id\":\"https:\/\/lallavepsi.net\/index.php\/jornadas-y-talleres-online\/infidelidad\/#breadcrumb\"},\"inLanguage\":\"es-AR\",\"potentialAction\":[{\"@type\":\"ReadAction\",\"target\":[\"https:\/\/lallavepsi.net\/index.php\/jornadas-y-talleres-online\/infidelidad\/\"]}]},{\"@type\":\"BreadcrumbList\",\"@id\":\"https:\/\/lallavepsi.net\/index.php\/jornadas-y-talleres-online\/infidelidad\/#breadcrumb\",\"itemListElement\":[{\"@type\":\"ListItem\",\"position\":1,\"name\":\"Inicio\",\"item\":\"https:\/\/lallavepsi.net\/\"},{\"@type\":\"ListItem\",\"position\":2,\"name\":\"SEMINARIOS Y TALLERES ONLINE\",\"item\":\"https:\/\/lallavepsi.net\/index.php\/jornadas-y-talleres-online\/\"},{\"@type\":\"ListItem\",\"position\":3,\"name\":\"INFIDELIDAD\"}]},{\"@type\":\"WebSite\",\"@id\":\"https:\/\/lallavepsi.net\/#website\",\"url\":\"https:\/\/lallavepsi.net\/\",\"name\":\"\",\"description\":\"\",\"potentialAction\":[{\"@type\":\"SearchAction\",\"target\":{\"@type\":\"EntryPoint\",\"urlTemplate\":\"https:\/\/lallavepsi.net\/?s={search_term_string}\"},\"query-input\":{\"@type\":\"PropertyValueSpecification\",\"valueRequired\":true,\"valueName\":\"search_term_string\"}}],\"inLanguage\":\"es-AR\"}]}<\/script>\n<!-- \/ Yoast SEO plugin. -->","yoast_head_json":{"title":"INFIDELIDAD -","robots":{"index":"index","follow":"follow","max-snippet":"max-snippet:-1","max-image-preview":"max-image-preview:large","max-video-preview":"max-video-preview:-1"},"canonical":"https:\/\/lallavepsi.net\/index.php\/jornadas-y-talleres-online\/infidelidad\/","og_locale":"es_ES","og_type":"article","og_title":"INFIDELIDAD -","og_description":"TALLER ONLINE SUPERAR UNA INFIDELIDAD VEREMOS: Mitos de la infidelidad. \u00bfSe puede superar unas infidelidad? \u00bfSe puede recuperar la confianza? \u00bfSe puede recuperar la racionalidad? \u00bfPodemos volver a ser nosotros mismos? Herramientas para prevenirla, causas, se\u00f1ales, costos, pros y contras, recursos para integrar la ansiedad y angustia, c\u00f3mo sanar la sensaci\u00f3n de traici\u00f3n. Preguntas claves. [&hellip;]","og_url":"https:\/\/lallavepsi.net\/index.php\/jornadas-y-talleres-online\/infidelidad\/","article_modified_time":"2026-01-16T13:44:08+00:00","twitter_card":"summary_large_image","twitter_misc":{"Tiempo de lectura":"1 minuto"},"schema":{"@context":"https:\/\/schema.org","@graph":[{"@type":"WebPage","@id":"https:\/\/lallavepsi.net\/index.php\/jornadas-y-talleres-online\/infidelidad\/","url":"https:\/\/lallavepsi.net\/index.php\/jornadas-y-talleres-online\/infidelidad\/","name":"INFIDELIDAD -","isPartOf":{"@id":"https:\/\/lallavepsi.net\/#website"},"datePublished":"2022-12-28T00:18:04+00:00","dateModified":"2026-01-16T13:44:08+00:00","breadcrumb":{"@id":"https:\/\/lallavepsi.net\/index.php\/jornadas-y-talleres-online\/infidelidad\/#breadcrumb"},"inLanguage":"es-AR","potentialAction":[{"@type":"ReadAction","target":["https:\/\/lallavepsi.net\/index.php\/jornadas-y-talleres-online\/infidelidad\/"]}]},{"@type":"BreadcrumbList","@id":"https:\/\/lallavepsi.net\/index.php\/jornadas-y-talleres-online\/infidelidad\/#breadcrumb","itemListElement":[{"@type":"ListItem","position":1,"name":"Inicio","item":"https:\/\/lallavepsi.net\/"},{"@type":"ListItem","position":2,"name":"SEMINARIOS Y TALLERES ONLINE","item":"https:\/\/lallavepsi.net\/index.php\/jornadas-y-talleres-online\/"},{"@type":"ListItem","position":3,"name":"INFIDELIDAD"}]},{"@type":"WebSite","@id":"https:\/\/lallavepsi.net\/#website","url":"https:\/\/lallavepsi.net\/","name":"","description":"","potentialAction":[{"@type":"SearchAction","target":{"@type":"EntryPoint","urlTemplate":"https:\/\/lallavepsi.net\/?s={search_term_string}"},"query-input":{"@type":"PropertyValueSpecification","valueRequired":true,"valueName":"search_term_string"}}],"inLanguage":"es-AR"}]}},"_hostinger_reach_plugin_has_subscription_block":false,"_hostinger_reach_plugin_is_elementor":false,"_links":{"self":[{"href":"https:\/\/lallavepsi.net\/index.php\/wp-json\/wp\/v2\/pages\/279","targetHints":{"allow":["GET"]}}],"collection":[{"href":"https:\/\/lallavepsi.net\/index.php\/wp-json\/wp\/v2\/pages"}],"about":[{"href":"https:\/\/lallavepsi.net\/index.php\/wp-json\/wp\/v2\/types\/page"}],"author":[{"embeddable":true,"href":"https:\/\/lallavepsi.net\/index.php\/wp-json\/wp\/v2\/users\/1"}],"replies":[{"embeddable":true,"href":"https:\/\/lallavepsi.net\/index.php\/wp-json\/wp\/v2\/comments?post=279"}],"version-history":[{"count":8,"href":"https:\/\/lallavepsi.net\/index.php\/wp-json\/wp\/v2\/pages\/279\/revisions"}],"predecessor-version":[{"id":2480,"href":"https:\/\/lallavepsi.net\/index.php\/wp-json\/wp\/v2\/pages\/279\/revisions\/2480"}],"up":[{"embeddable":true,"href":"https:\/\/lallavepsi.net\/index.php\/wp-json\/wp\/v2\/pages\/265"}],"wp:attachment":[{"href":"https:\/\/lallavepsi.net\/index.php\/wp-json\/wp\/v2\/media?parent=279"}],"curies":[{"name":"wp","href":"https:\/\/api.w.org\/{rel}","templated":true}]}}