{"id":283,"date":"2022-12-28T00:20:33","date_gmt":"2022-12-28T00:20:33","guid":{"rendered":"https:\/\/lallavepsi.net\/?page_id=283"},"modified":"2026-01-15T12:53:32","modified_gmt":"2026-01-15T12:53:32","slug":"sanando-el-edipo","status":"publish","type":"page","link":"https:\/\/lallavepsi.net\/index.php\/jornadas-y-talleres-online\/sanando-el-edipo\/","title":{"rendered":"IMPLICANCIAS ACTUALES DEL EDIPO"},"content":{"rendered":"<p><strong>SEMINARIO ONLINE IMPLICANCIAS ACTUALES DEL EDIPO<\/strong><\/p>\n<p>Desde nuestros padres o quienes ejerzan esa funci\u00f3n simb\u00f3lica (por presencia o ausencia) formamos el modelo de pareja futura, interna y externa. Para ello, resolver adecuadamente el Edipo es crucial.<\/p>\n<p>-Or\u00edgenes del mito. El Edipo en el contexto de las nuevas configuraciones familiares. \u00bfSigue vigente su concepto?<\/p>\n<p>-Explicaci\u00f3n psicoanal\u00edtica. Errores m\u00e1s comunes de interpretaci\u00f3n.<\/p>\n<p>-Tipos de resoluciones del Edipo. Su relaci\u00f3n con la elecci\u00f3n de objeto sexual.<\/p>\n<p>-Diferencias en el ni\u00f1o y la ni\u00f1a. Su relaci\u00f3n inseparable con la castraci\u00f3n y su importancia para la construcci\u00f3n de una estructura ps\u00edquica saludable.<\/p>\n<p>-Consecuencias de su no resoluci\u00f3n.<\/p>\n<p>-Posibles formas psicoanal\u00edticas de resolverlo y otros aportes.<\/p>\n<p>Duraci\u00f3n: 2 horas.<\/p>\n<p>&nbsp;<\/p>\n","protected":false},"excerpt":{"rendered":"<p>SEMINARIO ONLINE IMPLICANCIAS ACTUALES DEL EDIPO Desde nuestros padres o quienes ejerzan esa funci\u00f3n simb\u00f3lica (por presencia o ausencia) formamos el modelo de pareja futura, interna y externa. Para ello, resolver adecuadamente el Edipo es crucial. -Or\u00edgenes del mito. El Edipo en el contexto de las nuevas configuraciones familiares. \u00bfSigue vigente su concepto? -Explicaci\u00f3n psicoanal\u00edtica. [&hellip;]<\/p>\n","protected":false},"author":1,"featured_media":0,"parent":265,"menu_order":0,"comment_status":"closed","ping_status":"closed","template":"","meta":{"_monsterinsights_skip_tracking":false,"_monsterinsights_sitenote_active":false,"_monsterinsights_sitenote_note":"","_monsterinsights_sitenote_category":0,"_uf_show_specific_survey":0,"_uf_disable_surveys":false,"site-sidebar-layout":"default","site-content-layout":"default","ast-site-content-layout":"default","site-content-style":"default","site-sidebar-style":"default","ast-global-header-display":"","ast-banner-title-visibility":"","ast-main-header-display":"","ast-hfb-above-header-display":"","ast-hfb-below-header-display":"","ast-hfb-mobile-header-display":"","site-post-title":"","ast-breadcrumbs-content":"","ast-featured-img":"","footer-sml-layout":"","ast-disable-related-posts":"","theme-transparent-header-meta":"default","adv-header-id-meta":"","stick-header-meta":"","header-above-stick-meta":"","header-main-stick-meta":"","header-below-stick-meta":"","astra-migrate-meta-layouts":"set","ast-page-background-enabled":"default","ast-page-background-meta":{"desktop":{"background-color":"var(--ast-global-color-4)","background-image":"","background-repeat":"repeat","background-position":"center center","background-size":"auto","background-attachment":"scroll","background-type":"","background-media":"","overlay-type":"","overlay-color":"","overlay-opacity":"","overlay-gradient":""},"tablet":{"background-color":"","background-image":"","background-repeat":"repeat","background-position":"center center","background-size":"auto","background-attachment":"scroll","background-type":"","background-media":"","overlay-type":"","overlay-color":"","overlay-opacity":"","overlay-gradient":""},"mobile":{"background-color":"","background-image":"","background-repeat":"repeat","background-position":"center center","background-size":"auto","background-attachment":"scroll","background-type":"","background-media":"","overlay-type":"","overlay-color":"","overlay-opacity":"","overlay-gradient":""}},"ast-content-background-meta":{"desktop":{"background-color":"var(--ast-global-color-5)","background-image":"","background-repeat":"repeat","background-position":"center center","background-size":"auto","background-attachment":"scroll","background-type":"","background-media":"","overlay-type":"","overlay-color":"","overlay-opacity":"","overlay-gradient":""},"tablet":{"background-color":"var(--ast-global-color-5)","background-image":"","background-repeat":"repeat","background-position":"center center","background-size":"auto","background-attachment":"scroll","background-type":"","background-media":"","overlay-type":"","overlay-color":"","overlay-opacity":"","overlay-gradient":""},"mobile":{"background-color":"var(--ast-global-color-5)","background-image":"","background-repeat":"repeat","background-position":"center center","background-size":"auto","background-attachment":"scroll","background-type":"","background-media":"","overlay-type":"","overlay-color":"","overlay-opacity":"","overlay-gradient":""}},"footnotes":""},"class_list":["post-283","page","type-page","status-publish","hentry"],"yoast_head":"<!-- This site is optimized with the Yoast SEO plugin v27.0 - https:\/\/yoast.com\/product\/yoast-seo-wordpress\/ -->\n<title>IMPLICANCIAS ACTUALES DEL EDIPO -<\/title>\n<meta name=\"robots\" content=\"index, follow, max-snippet:-1, max-image-preview:large, max-video-preview:-1\" \/>\n<link rel=\"canonical\" href=\"https:\/\/lallavepsi.net\/index.php\/jornadas-y-talleres-online\/sanando-el-edipo\/\" \/>\n<meta property=\"og:locale\" content=\"es_ES\" \/>\n<meta property=\"og:type\" content=\"article\" \/>\n<meta property=\"og:title\" content=\"IMPLICANCIAS ACTUALES DEL EDIPO -\" \/>\n<meta property=\"og:description\" content=\"SEMINARIO ONLINE IMPLICANCIAS ACTUALES DEL EDIPO Desde nuestros padres o quienes ejerzan esa funci\u00f3n simb\u00f3lica (por presencia o ausencia) formamos el modelo de pareja futura, interna y externa. Para ello, resolver adecuadamente el Edipo es crucial. -Or\u00edgenes del mito. El Edipo en el contexto de las nuevas configuraciones familiares. \u00bfSigue vigente su concepto? -Explicaci\u00f3n psicoanal\u00edtica. [&hellip;]\" \/>\n<meta property=\"og:url\" content=\"https:\/\/lallavepsi.net\/index.php\/jornadas-y-talleres-online\/sanando-el-edipo\/\" \/>\n<meta property=\"article:modified_time\" content=\"2026-01-15T12:53:32+00:00\" \/>\n<meta name=\"twitter:card\" content=\"summary_large_image\" \/>\n<meta name=\"twitter:label1\" content=\"Tiempo de lectura\" \/>\n\t<meta name=\"twitter:data1\" content=\"1 minuto\" \/>\n<script type=\"application\/ld+json\" class=\"yoast-schema-graph\">{\"@context\":\"https:\/\/schema.org\",\"@graph\":[{\"@type\":\"WebPage\",\"@id\":\"https:\/\/lallavepsi.net\/index.php\/jornadas-y-talleres-online\/sanando-el-edipo\/\",\"url\":\"https:\/\/lallavepsi.net\/index.php\/jornadas-y-talleres-online\/sanando-el-edipo\/\",\"name\":\"IMPLICANCIAS ACTUALES DEL EDIPO -\",\"isPartOf\":{\"@id\":\"https:\/\/lallavepsi.net\/#website\"},\"datePublished\":\"2022-12-28T00:20:33+00:00\",\"dateModified\":\"2026-01-15T12:53:32+00:00\",\"breadcrumb\":{\"@id\":\"https:\/\/lallavepsi.net\/index.php\/jornadas-y-talleres-online\/sanando-el-edipo\/#breadcrumb\"},\"inLanguage\":\"es-AR\",\"potentialAction\":[{\"@type\":\"ReadAction\",\"target\":[\"https:\/\/lallavepsi.net\/index.php\/jornadas-y-talleres-online\/sanando-el-edipo\/\"]}]},{\"@type\":\"BreadcrumbList\",\"@id\":\"https:\/\/lallavepsi.net\/index.php\/jornadas-y-talleres-online\/sanando-el-edipo\/#breadcrumb\",\"itemListElement\":[{\"@type\":\"ListItem\",\"position\":1,\"name\":\"Inicio\",\"item\":\"https:\/\/lallavepsi.net\/\"},{\"@type\":\"ListItem\",\"position\":2,\"name\":\"SEMINARIOS Y TALLERES ONLINE\",\"item\":\"https:\/\/lallavepsi.net\/index.php\/jornadas-y-talleres-online\/\"},{\"@type\":\"ListItem\",\"position\":3,\"name\":\"IMPLICANCIAS ACTUALES DEL EDIPO\"}]},{\"@type\":\"WebSite\",\"@id\":\"https:\/\/lallavepsi.net\/#website\",\"url\":\"https:\/\/lallavepsi.net\/\",\"name\":\"\",\"description\":\"\",\"potentialAction\":[{\"@type\":\"SearchAction\",\"target\":{\"@type\":\"EntryPoint\",\"urlTemplate\":\"https:\/\/lallavepsi.net\/?s={search_term_string}\"},\"query-input\":{\"@type\":\"PropertyValueSpecification\",\"valueRequired\":true,\"valueName\":\"search_term_string\"}}],\"inLanguage\":\"es-AR\"}]}<\/script>\n<!-- \/ Yoast SEO plugin. -->","yoast_head_json":{"title":"IMPLICANCIAS ACTUALES DEL EDIPO -","robots":{"index":"index","follow":"follow","max-snippet":"max-snippet:-1","max-image-preview":"max-image-preview:large","max-video-preview":"max-video-preview:-1"},"canonical":"https:\/\/lallavepsi.net\/index.php\/jornadas-y-talleres-online\/sanando-el-edipo\/","og_locale":"es_ES","og_type":"article","og_title":"IMPLICANCIAS ACTUALES DEL EDIPO -","og_description":"SEMINARIO ONLINE IMPLICANCIAS ACTUALES DEL EDIPO Desde nuestros padres o quienes ejerzan esa funci\u00f3n simb\u00f3lica (por presencia o ausencia) formamos el modelo de pareja futura, interna y externa. Para ello, resolver adecuadamente el Edipo es crucial. -Or\u00edgenes del mito. El Edipo en el contexto de las nuevas configuraciones familiares. \u00bfSigue vigente su concepto? -Explicaci\u00f3n psicoanal\u00edtica. [&hellip;]","og_url":"https:\/\/lallavepsi.net\/index.php\/jornadas-y-talleres-online\/sanando-el-edipo\/","article_modified_time":"2026-01-15T12:53:32+00:00","twitter_card":"summary_large_image","twitter_misc":{"Tiempo de lectura":"1 minuto"},"schema":{"@context":"https:\/\/schema.org","@graph":[{"@type":"WebPage","@id":"https:\/\/lallavepsi.net\/index.php\/jornadas-y-talleres-online\/sanando-el-edipo\/","url":"https:\/\/lallavepsi.net\/index.php\/jornadas-y-talleres-online\/sanando-el-edipo\/","name":"IMPLICANCIAS ACTUALES DEL EDIPO -","isPartOf":{"@id":"https:\/\/lallavepsi.net\/#website"},"datePublished":"2022-12-28T00:20:33+00:00","dateModified":"2026-01-15T12:53:32+00:00","breadcrumb":{"@id":"https:\/\/lallavepsi.net\/index.php\/jornadas-y-talleres-online\/sanando-el-edipo\/#breadcrumb"},"inLanguage":"es-AR","potentialAction":[{"@type":"ReadAction","target":["https:\/\/lallavepsi.net\/index.php\/jornadas-y-talleres-online\/sanando-el-edipo\/"]}]},{"@type":"BreadcrumbList","@id":"https:\/\/lallavepsi.net\/index.php\/jornadas-y-talleres-online\/sanando-el-edipo\/#breadcrumb","itemListElement":[{"@type":"ListItem","position":1,"name":"Inicio","item":"https:\/\/lallavepsi.net\/"},{"@type":"ListItem","position":2,"name":"SEMINARIOS Y TALLERES ONLINE","item":"https:\/\/lallavepsi.net\/index.php\/jornadas-y-talleres-online\/"},{"@type":"ListItem","position":3,"name":"IMPLICANCIAS ACTUALES DEL EDIPO"}]},{"@type":"WebSite","@id":"https:\/\/lallavepsi.net\/#website","url":"https:\/\/lallavepsi.net\/","name":"","description":"","potentialAction":[{"@type":"SearchAction","target":{"@type":"EntryPoint","urlTemplate":"https:\/\/lallavepsi.net\/?s={search_term_string}"},"query-input":{"@type":"PropertyValueSpecification","valueRequired":true,"valueName":"search_term_string"}}],"inLanguage":"es-AR"}]}},"_hostinger_reach_plugin_has_subscription_block":false,"_hostinger_reach_plugin_is_elementor":false,"_links":{"self":[{"href":"https:\/\/lallavepsi.net\/index.php\/wp-json\/wp\/v2\/pages\/283","targetHints":{"allow":["GET"]}}],"collection":[{"href":"https:\/\/lallavepsi.net\/index.php\/wp-json\/wp\/v2\/pages"}],"about":[{"href":"https:\/\/lallavepsi.net\/index.php\/wp-json\/wp\/v2\/types\/page"}],"author":[{"embeddable":true,"href":"https:\/\/lallavepsi.net\/index.php\/wp-json\/wp\/v2\/users\/1"}],"replies":[{"embeddable":true,"href":"https:\/\/lallavepsi.net\/index.php\/wp-json\/wp\/v2\/comments?post=283"}],"version-history":[{"count":10,"href":"https:\/\/lallavepsi.net\/index.php\/wp-json\/wp\/v2\/pages\/283\/revisions"}],"predecessor-version":[{"id":2467,"href":"https:\/\/lallavepsi.net\/index.php\/wp-json\/wp\/v2\/pages\/283\/revisions\/2467"}],"up":[{"embeddable":true,"href":"https:\/\/lallavepsi.net\/index.php\/wp-json\/wp\/v2\/pages\/265"}],"wp:attachment":[{"href":"https:\/\/lallavepsi.net\/index.php\/wp-json\/wp\/v2\/media?parent=283"}],"curies":[{"name":"wp","href":"https:\/\/api.w.org\/{rel}","templated":true}]}}