{"id":285,"date":"2022-12-28T00:21:21","date_gmt":"2022-12-28T00:21:21","guid":{"rendered":"https:\/\/lallavepsi.net\/?page_id=285"},"modified":"2026-01-16T13:47:37","modified_gmt":"2026-01-16T13:47:37","slug":"secretos-familiares","status":"publish","type":"page","link":"https:\/\/lallavepsi.net\/index.php\/jornadas-y-talleres-online\/secretos-familiares\/","title":{"rendered":"SECRETOS FAMILIARES"},"content":{"rendered":"<p><strong>SEMINARIO ONLINE SECRETOS FAMILIARES<\/strong><\/p>\n<p>Objetivo: entender la din\u00e1mica de los secretos familiares, su funcionamiento y expresi\u00f3n con el fin de detectarlos e iniciar un proceso de sanaci\u00f3n para dejar de repetir conductas o personas patol\u00f3gicas.<\/p>\n<p>Contenido: \u00bfQu\u00e9 son los secretos familiares? Tipos y clasificaci\u00f3n. Secretos t\u00f3xicos. Funci\u00f3n. Consecuencias. \u00bfTenemos que revelarlos? \u00bfSoy desleal a la familia si los revelo? Secretos sexuales. Sospechas de abuso. Realidad ps\u00edquica y realidad f\u00e1ctica. El recurso del genograma para descubrir secretos. Secretos y decretos. Pactos de silencio. El secreto y la enfermedad.<\/p>\n<p>Cerraremos con una pr\u00e1ctica de focusing o terapia experiencial, que es una t\u00e9cnica psicoterape\u00fatica que utiliza la capacidad de la persona para prestar atenci\u00f3n a los sentimientos y deseos que no son expresados con palabras. El sentido de este ejercicio es detectar la emoci\u00f3n que ha quedado guardada, y poder trabajarla hacia una transformaci\u00f3n sanadora.<\/p>\n<p>Duraci\u00f3n: 3 horas.<\/p>\n<p>&nbsp;<\/p>\n","protected":false},"excerpt":{"rendered":"<p>SEMINARIO ONLINE SECRETOS FAMILIARES Objetivo: entender la din\u00e1mica de los secretos familiares, su funcionamiento y expresi\u00f3n con el fin de detectarlos e iniciar un proceso de sanaci\u00f3n para dejar de repetir conductas o personas patol\u00f3gicas. Contenido: \u00bfQu\u00e9 son los secretos familiares? Tipos y clasificaci\u00f3n. Secretos t\u00f3xicos. Funci\u00f3n. Consecuencias. \u00bfTenemos que revelarlos? \u00bfSoy desleal a la [&hellip;]<\/p>\n","protected":false},"author":1,"featured_media":0,"parent":265,"menu_order":0,"comment_status":"closed","ping_status":"closed","template":"","meta":{"_monsterinsights_skip_tracking":false,"_monsterinsights_sitenote_active":false,"_monsterinsights_sitenote_note":"","_monsterinsights_sitenote_category":0,"_uf_show_specific_survey":0,"_uf_disable_surveys":false,"site-sidebar-layout":"default","site-content-layout":"default","ast-site-content-layout":"default","site-content-style":"default","site-sidebar-style":"default","ast-global-header-display":"","ast-banner-title-visibility":"","ast-main-header-display":"","ast-hfb-above-header-display":"","ast-hfb-below-header-display":"","ast-hfb-mobile-header-display":"","site-post-title":"","ast-breadcrumbs-content":"","ast-featured-img":"","footer-sml-layout":"","ast-disable-related-posts":"","theme-transparent-header-meta":"default","adv-header-id-meta":"","stick-header-meta":"","header-above-stick-meta":"","header-main-stick-meta":"","header-below-stick-meta":"","astra-migrate-meta-layouts":"set","ast-page-background-enabled":"default","ast-page-background-meta":{"desktop":{"background-color":"var(--ast-global-color-4)","background-image":"","background-repeat":"repeat","background-position":"center center","background-size":"auto","background-attachment":"scroll","background-type":"","background-media":"","overlay-type":"","overlay-color":"","overlay-opacity":"","overlay-gradient":""},"tablet":{"background-color":"","background-image":"","background-repeat":"repeat","background-position":"center center","background-size":"auto","background-attachment":"scroll","background-type":"","background-media":"","overlay-type":"","overlay-color":"","overlay-opacity":"","overlay-gradient":""},"mobile":{"background-color":"","background-image":"","background-repeat":"repeat","background-position":"center center","background-size":"auto","background-attachment":"scroll","background-type":"","background-media":"","overlay-type":"","overlay-color":"","overlay-opacity":"","overlay-gradient":""}},"ast-content-background-meta":{"desktop":{"background-color":"var(--ast-global-color-5)","background-image":"","background-repeat":"repeat","background-position":"center center","background-size":"auto","background-attachment":"scroll","background-type":"","background-media":"","overlay-type":"","overlay-color":"","overlay-opacity":"","overlay-gradient":""},"tablet":{"background-color":"var(--ast-global-color-5)","background-image":"","background-repeat":"repeat","background-position":"center center","background-size":"auto","background-attachment":"scroll","background-type":"","background-media":"","overlay-type":"","overlay-color":"","overlay-opacity":"","overlay-gradient":""},"mobile":{"background-color":"var(--ast-global-color-5)","background-image":"","background-repeat":"repeat","background-position":"center center","background-size":"auto","background-attachment":"scroll","background-type":"","background-media":"","overlay-type":"","overlay-color":"","overlay-opacity":"","overlay-gradient":""}},"footnotes":""},"class_list":["post-285","page","type-page","status-publish","hentry"],"yoast_head":"<!-- This site is optimized with the Yoast SEO plugin v27.0 - https:\/\/yoast.com\/product\/yoast-seo-wordpress\/ -->\n<title>SECRETOS FAMILIARES -<\/title>\n<meta name=\"robots\" content=\"index, follow, max-snippet:-1, max-image-preview:large, max-video-preview:-1\" \/>\n<link rel=\"canonical\" href=\"https:\/\/lallavepsi.net\/index.php\/jornadas-y-talleres-online\/secretos-familiares\/\" \/>\n<meta property=\"og:locale\" content=\"es_ES\" \/>\n<meta property=\"og:type\" content=\"article\" \/>\n<meta property=\"og:title\" content=\"SECRETOS FAMILIARES -\" \/>\n<meta property=\"og:description\" content=\"SEMINARIO ONLINE SECRETOS FAMILIARES Objetivo: entender la din\u00e1mica de los secretos familiares, su funcionamiento y expresi\u00f3n con el fin de detectarlos e iniciar un proceso de sanaci\u00f3n para dejar de repetir conductas o personas patol\u00f3gicas. Contenido: \u00bfQu\u00e9 son los secretos familiares? Tipos y clasificaci\u00f3n. Secretos t\u00f3xicos. Funci\u00f3n. Consecuencias. \u00bfTenemos que revelarlos? \u00bfSoy desleal a la [&hellip;]\" \/>\n<meta property=\"og:url\" content=\"https:\/\/lallavepsi.net\/index.php\/jornadas-y-talleres-online\/secretos-familiares\/\" \/>\n<meta property=\"article:modified_time\" content=\"2026-01-16T13:47:37+00:00\" \/>\n<meta name=\"twitter:card\" content=\"summary_large_image\" \/>\n<meta name=\"twitter:label1\" content=\"Tiempo de lectura\" \/>\n\t<meta name=\"twitter:data1\" content=\"1 minuto\" \/>\n<script type=\"application\/ld+json\" class=\"yoast-schema-graph\">{\"@context\":\"https:\/\/schema.org\",\"@graph\":[{\"@type\":\"WebPage\",\"@id\":\"https:\/\/lallavepsi.net\/index.php\/jornadas-y-talleres-online\/secretos-familiares\/\",\"url\":\"https:\/\/lallavepsi.net\/index.php\/jornadas-y-talleres-online\/secretos-familiares\/\",\"name\":\"SECRETOS FAMILIARES -\",\"isPartOf\":{\"@id\":\"https:\/\/lallavepsi.net\/#website\"},\"datePublished\":\"2022-12-28T00:21:21+00:00\",\"dateModified\":\"2026-01-16T13:47:37+00:00\",\"breadcrumb\":{\"@id\":\"https:\/\/lallavepsi.net\/index.php\/jornadas-y-talleres-online\/secretos-familiares\/#breadcrumb\"},\"inLanguage\":\"es-AR\",\"potentialAction\":[{\"@type\":\"ReadAction\",\"target\":[\"https:\/\/lallavepsi.net\/index.php\/jornadas-y-talleres-online\/secretos-familiares\/\"]}]},{\"@type\":\"BreadcrumbList\",\"@id\":\"https:\/\/lallavepsi.net\/index.php\/jornadas-y-talleres-online\/secretos-familiares\/#breadcrumb\",\"itemListElement\":[{\"@type\":\"ListItem\",\"position\":1,\"name\":\"Inicio\",\"item\":\"https:\/\/lallavepsi.net\/\"},{\"@type\":\"ListItem\",\"position\":2,\"name\":\"SEMINARIOS Y TALLERES ONLINE\",\"item\":\"https:\/\/lallavepsi.net\/index.php\/jornadas-y-talleres-online\/\"},{\"@type\":\"ListItem\",\"position\":3,\"name\":\"SECRETOS FAMILIARES\"}]},{\"@type\":\"WebSite\",\"@id\":\"https:\/\/lallavepsi.net\/#website\",\"url\":\"https:\/\/lallavepsi.net\/\",\"name\":\"\",\"description\":\"\",\"potentialAction\":[{\"@type\":\"SearchAction\",\"target\":{\"@type\":\"EntryPoint\",\"urlTemplate\":\"https:\/\/lallavepsi.net\/?s={search_term_string}\"},\"query-input\":{\"@type\":\"PropertyValueSpecification\",\"valueRequired\":true,\"valueName\":\"search_term_string\"}}],\"inLanguage\":\"es-AR\"}]}<\/script>\n<!-- \/ Yoast SEO plugin. -->","yoast_head_json":{"title":"SECRETOS FAMILIARES -","robots":{"index":"index","follow":"follow","max-snippet":"max-snippet:-1","max-image-preview":"max-image-preview:large","max-video-preview":"max-video-preview:-1"},"canonical":"https:\/\/lallavepsi.net\/index.php\/jornadas-y-talleres-online\/secretos-familiares\/","og_locale":"es_ES","og_type":"article","og_title":"SECRETOS FAMILIARES -","og_description":"SEMINARIO ONLINE SECRETOS FAMILIARES Objetivo: entender la din\u00e1mica de los secretos familiares, su funcionamiento y expresi\u00f3n con el fin de detectarlos e iniciar un proceso de sanaci\u00f3n para dejar de repetir conductas o personas patol\u00f3gicas. Contenido: \u00bfQu\u00e9 son los secretos familiares? Tipos y clasificaci\u00f3n. Secretos t\u00f3xicos. Funci\u00f3n. Consecuencias. \u00bfTenemos que revelarlos? \u00bfSoy desleal a la [&hellip;]","og_url":"https:\/\/lallavepsi.net\/index.php\/jornadas-y-talleres-online\/secretos-familiares\/","article_modified_time":"2026-01-16T13:47:37+00:00","twitter_card":"summary_large_image","twitter_misc":{"Tiempo de lectura":"1 minuto"},"schema":{"@context":"https:\/\/schema.org","@graph":[{"@type":"WebPage","@id":"https:\/\/lallavepsi.net\/index.php\/jornadas-y-talleres-online\/secretos-familiares\/","url":"https:\/\/lallavepsi.net\/index.php\/jornadas-y-talleres-online\/secretos-familiares\/","name":"SECRETOS FAMILIARES -","isPartOf":{"@id":"https:\/\/lallavepsi.net\/#website"},"datePublished":"2022-12-28T00:21:21+00:00","dateModified":"2026-01-16T13:47:37+00:00","breadcrumb":{"@id":"https:\/\/lallavepsi.net\/index.php\/jornadas-y-talleres-online\/secretos-familiares\/#breadcrumb"},"inLanguage":"es-AR","potentialAction":[{"@type":"ReadAction","target":["https:\/\/lallavepsi.net\/index.php\/jornadas-y-talleres-online\/secretos-familiares\/"]}]},{"@type":"BreadcrumbList","@id":"https:\/\/lallavepsi.net\/index.php\/jornadas-y-talleres-online\/secretos-familiares\/#breadcrumb","itemListElement":[{"@type":"ListItem","position":1,"name":"Inicio","item":"https:\/\/lallavepsi.net\/"},{"@type":"ListItem","position":2,"name":"SEMINARIOS Y TALLERES ONLINE","item":"https:\/\/lallavepsi.net\/index.php\/jornadas-y-talleres-online\/"},{"@type":"ListItem","position":3,"name":"SECRETOS FAMILIARES"}]},{"@type":"WebSite","@id":"https:\/\/lallavepsi.net\/#website","url":"https:\/\/lallavepsi.net\/","name":"","description":"","potentialAction":[{"@type":"SearchAction","target":{"@type":"EntryPoint","urlTemplate":"https:\/\/lallavepsi.net\/?s={search_term_string}"},"query-input":{"@type":"PropertyValueSpecification","valueRequired":true,"valueName":"search_term_string"}}],"inLanguage":"es-AR"}]}},"_hostinger_reach_plugin_has_subscription_block":false,"_hostinger_reach_plugin_is_elementor":false,"_links":{"self":[{"href":"https:\/\/lallavepsi.net\/index.php\/wp-json\/wp\/v2\/pages\/285","targetHints":{"allow":["GET"]}}],"collection":[{"href":"https:\/\/lallavepsi.net\/index.php\/wp-json\/wp\/v2\/pages"}],"about":[{"href":"https:\/\/lallavepsi.net\/index.php\/wp-json\/wp\/v2\/types\/page"}],"author":[{"embeddable":true,"href":"https:\/\/lallavepsi.net\/index.php\/wp-json\/wp\/v2\/users\/1"}],"replies":[{"embeddable":true,"href":"https:\/\/lallavepsi.net\/index.php\/wp-json\/wp\/v2\/comments?post=285"}],"version-history":[{"count":7,"href":"https:\/\/lallavepsi.net\/index.php\/wp-json\/wp\/v2\/pages\/285\/revisions"}],"predecessor-version":[{"id":2482,"href":"https:\/\/lallavepsi.net\/index.php\/wp-json\/wp\/v2\/pages\/285\/revisions\/2482"}],"up":[{"embeddable":true,"href":"https:\/\/lallavepsi.net\/index.php\/wp-json\/wp\/v2\/pages\/265"}],"wp:attachment":[{"href":"https:\/\/lallavepsi.net\/index.php\/wp-json\/wp\/v2\/media?parent=285"}],"curies":[{"name":"wp","href":"https:\/\/api.w.org\/{rel}","templated":true}]}}