{"id":289,"date":"2022-12-28T00:23:24","date_gmt":"2022-12-28T00:23:24","guid":{"rendered":"https:\/\/lallavepsi.net\/?page_id=289"},"modified":"2026-01-15T12:55:51","modified_gmt":"2026-01-15T12:55:51","slug":"sostener-el-deseo-en-la-pareja","status":"publish","type":"page","link":"https:\/\/lallavepsi.net\/index.php\/jornadas-y-talleres-online\/sostener-el-deseo-en-la-pareja\/","title":{"rendered":"SOSTENER EL DESEO EN LA PAREJA"},"content":{"rendered":"<p><strong>TALLER ONLINE C\u00d3MO SOSTENER EL DESEO EN LA PAREJA<\/strong><\/p>\n<p>Dos jornadas de 1:30 hs. donde veremos:<\/p>\n<p>\u00bfExiste soluci\u00f3n a la rutina y el desgaste del tiempo? \u00bfSe puede evitar el enviciamiento de los v\u00ednculos o es necesario &#8220;resetearlos&#8221; cada cierto tiempo?<\/p>\n<p>\u00bfSe puede ser mon\u00f3gam@ toda la vida?<\/p>\n<p>Escuchamos decir que &#8220;de la muerte y la infidelidad nadie se salva&#8221;. \u00bfEs inevitable entonces el enga\u00f1o? \u00bfO las relaciones abiertas? \u00bfSe puede seguir deseando a una sola persona? \u00bfPor qu\u00e9 nos seducen l@s &#8220;mal@s&#8221;? \u00bfPor qu\u00e9 nos cuesta separarnos de una relaci\u00f3n t\u00f3xica y cuando tenemos una relaci\u00f3n estable nos aburrimos? \u00bfSiempre es hoy?<\/p>\n<p>\u00bfC\u00f3mo funciona la din\u00e1mica deseante?<\/p>\n<p>Las elecciones de objeto y los tipos de amor.<\/p>\n","protected":false},"excerpt":{"rendered":"<p>TALLER ONLINE C\u00d3MO SOSTENER EL DESEO EN LA PAREJA Dos jornadas de 1:30 hs. donde veremos: \u00bfExiste soluci\u00f3n a la rutina y el desgaste del tiempo? \u00bfSe puede evitar el enviciamiento de los v\u00ednculos o es necesario &#8220;resetearlos&#8221; cada cierto tiempo? \u00bfSe puede ser mon\u00f3gam@ toda la vida? Escuchamos decir que &#8220;de la muerte y [&hellip;]<\/p>\n","protected":false},"author":1,"featured_media":0,"parent":265,"menu_order":0,"comment_status":"closed","ping_status":"closed","template":"","meta":{"_monsterinsights_skip_tracking":false,"_monsterinsights_sitenote_active":false,"_monsterinsights_sitenote_note":"","_monsterinsights_sitenote_category":0,"_uf_show_specific_survey":0,"_uf_disable_surveys":false,"site-sidebar-layout":"default","site-content-layout":"default","ast-site-content-layout":"default","site-content-style":"default","site-sidebar-style":"default","ast-global-header-display":"","ast-banner-title-visibility":"","ast-main-header-display":"","ast-hfb-above-header-display":"","ast-hfb-below-header-display":"","ast-hfb-mobile-header-display":"","site-post-title":"","ast-breadcrumbs-content":"","ast-featured-img":"","footer-sml-layout":"","ast-disable-related-posts":"","theme-transparent-header-meta":"default","adv-header-id-meta":"","stick-header-meta":"","header-above-stick-meta":"","header-main-stick-meta":"","header-below-stick-meta":"","astra-migrate-meta-layouts":"set","ast-page-background-enabled":"default","ast-page-background-meta":{"desktop":{"background-color":"var(--ast-global-color-4)","background-image":"","background-repeat":"repeat","background-position":"center center","background-size":"auto","background-attachment":"scroll","background-type":"","background-media":"","overlay-type":"","overlay-color":"","overlay-opacity":"","overlay-gradient":""},"tablet":{"background-color":"","background-image":"","background-repeat":"repeat","background-position":"center center","background-size":"auto","background-attachment":"scroll","background-type":"","background-media":"","overlay-type":"","overlay-color":"","overlay-opacity":"","overlay-gradient":""},"mobile":{"background-color":"","background-image":"","background-repeat":"repeat","background-position":"center center","background-size":"auto","background-attachment":"scroll","background-type":"","background-media":"","overlay-type":"","overlay-color":"","overlay-opacity":"","overlay-gradient":""}},"ast-content-background-meta":{"desktop":{"background-color":"var(--ast-global-color-5)","background-image":"","background-repeat":"repeat","background-position":"center center","background-size":"auto","background-attachment":"scroll","background-type":"","background-media":"","overlay-type":"","overlay-color":"","overlay-opacity":"","overlay-gradient":""},"tablet":{"background-color":"var(--ast-global-color-5)","background-image":"","background-repeat":"repeat","background-position":"center center","background-size":"auto","background-attachment":"scroll","background-type":"","background-media":"","overlay-type":"","overlay-color":"","overlay-opacity":"","overlay-gradient":""},"mobile":{"background-color":"var(--ast-global-color-5)","background-image":"","background-repeat":"repeat","background-position":"center center","background-size":"auto","background-attachment":"scroll","background-type":"","background-media":"","overlay-type":"","overlay-color":"","overlay-opacity":"","overlay-gradient":""}},"footnotes":""},"class_list":["post-289","page","type-page","status-publish","hentry"],"yoast_head":"<!-- This site is optimized with the Yoast SEO plugin v27.0 - https:\/\/yoast.com\/product\/yoast-seo-wordpress\/ -->\n<title>SOSTENER EL DESEO EN LA PAREJA -<\/title>\n<meta name=\"robots\" content=\"index, follow, max-snippet:-1, max-image-preview:large, max-video-preview:-1\" \/>\n<link rel=\"canonical\" href=\"https:\/\/lallavepsi.net\/index.php\/jornadas-y-talleres-online\/sostener-el-deseo-en-la-pareja\/\" \/>\n<meta property=\"og:locale\" content=\"es_ES\" \/>\n<meta property=\"og:type\" content=\"article\" \/>\n<meta property=\"og:title\" content=\"SOSTENER EL DESEO EN LA PAREJA -\" \/>\n<meta property=\"og:description\" content=\"TALLER ONLINE C\u00d3MO SOSTENER EL DESEO EN LA PAREJA Dos jornadas de 1:30 hs. donde veremos: \u00bfExiste soluci\u00f3n a la rutina y el desgaste del tiempo? \u00bfSe puede evitar el enviciamiento de los v\u00ednculos o es necesario &#8220;resetearlos&#8221; cada cierto tiempo? \u00bfSe puede ser mon\u00f3gam@ toda la vida? Escuchamos decir que &#8220;de la muerte y [&hellip;]\" \/>\n<meta property=\"og:url\" content=\"https:\/\/lallavepsi.net\/index.php\/jornadas-y-talleres-online\/sostener-el-deseo-en-la-pareja\/\" \/>\n<meta property=\"article:modified_time\" content=\"2026-01-15T12:55:51+00:00\" \/>\n<meta name=\"twitter:card\" content=\"summary_large_image\" \/>\n<meta name=\"twitter:label1\" content=\"Tiempo de lectura\" \/>\n\t<meta name=\"twitter:data1\" content=\"1 minuto\" \/>\n<script type=\"application\/ld+json\" class=\"yoast-schema-graph\">{\"@context\":\"https:\/\/schema.org\",\"@graph\":[{\"@type\":\"WebPage\",\"@id\":\"https:\/\/lallavepsi.net\/index.php\/jornadas-y-talleres-online\/sostener-el-deseo-en-la-pareja\/\",\"url\":\"https:\/\/lallavepsi.net\/index.php\/jornadas-y-talleres-online\/sostener-el-deseo-en-la-pareja\/\",\"name\":\"SOSTENER EL DESEO EN LA PAREJA -\",\"isPartOf\":{\"@id\":\"https:\/\/lallavepsi.net\/#website\"},\"datePublished\":\"2022-12-28T00:23:24+00:00\",\"dateModified\":\"2026-01-15T12:55:51+00:00\",\"breadcrumb\":{\"@id\":\"https:\/\/lallavepsi.net\/index.php\/jornadas-y-talleres-online\/sostener-el-deseo-en-la-pareja\/#breadcrumb\"},\"inLanguage\":\"es-AR\",\"potentialAction\":[{\"@type\":\"ReadAction\",\"target\":[\"https:\/\/lallavepsi.net\/index.php\/jornadas-y-talleres-online\/sostener-el-deseo-en-la-pareja\/\"]}]},{\"@type\":\"BreadcrumbList\",\"@id\":\"https:\/\/lallavepsi.net\/index.php\/jornadas-y-talleres-online\/sostener-el-deseo-en-la-pareja\/#breadcrumb\",\"itemListElement\":[{\"@type\":\"ListItem\",\"position\":1,\"name\":\"Inicio\",\"item\":\"https:\/\/lallavepsi.net\/\"},{\"@type\":\"ListItem\",\"position\":2,\"name\":\"SEMINARIOS Y TALLERES ONLINE\",\"item\":\"https:\/\/lallavepsi.net\/index.php\/jornadas-y-talleres-online\/\"},{\"@type\":\"ListItem\",\"position\":3,\"name\":\"SOSTENER EL DESEO EN LA PAREJA\"}]},{\"@type\":\"WebSite\",\"@id\":\"https:\/\/lallavepsi.net\/#website\",\"url\":\"https:\/\/lallavepsi.net\/\",\"name\":\"\",\"description\":\"\",\"potentialAction\":[{\"@type\":\"SearchAction\",\"target\":{\"@type\":\"EntryPoint\",\"urlTemplate\":\"https:\/\/lallavepsi.net\/?s={search_term_string}\"},\"query-input\":{\"@type\":\"PropertyValueSpecification\",\"valueRequired\":true,\"valueName\":\"search_term_string\"}}],\"inLanguage\":\"es-AR\"}]}<\/script>\n<!-- \/ Yoast SEO plugin. -->","yoast_head_json":{"title":"SOSTENER EL DESEO EN LA PAREJA -","robots":{"index":"index","follow":"follow","max-snippet":"max-snippet:-1","max-image-preview":"max-image-preview:large","max-video-preview":"max-video-preview:-1"},"canonical":"https:\/\/lallavepsi.net\/index.php\/jornadas-y-talleres-online\/sostener-el-deseo-en-la-pareja\/","og_locale":"es_ES","og_type":"article","og_title":"SOSTENER EL DESEO EN LA PAREJA -","og_description":"TALLER ONLINE C\u00d3MO SOSTENER EL DESEO EN LA PAREJA Dos jornadas de 1:30 hs. donde veremos: \u00bfExiste soluci\u00f3n a la rutina y el desgaste del tiempo? \u00bfSe puede evitar el enviciamiento de los v\u00ednculos o es necesario &#8220;resetearlos&#8221; cada cierto tiempo? \u00bfSe puede ser mon\u00f3gam@ toda la vida? Escuchamos decir que &#8220;de la muerte y [&hellip;]","og_url":"https:\/\/lallavepsi.net\/index.php\/jornadas-y-talleres-online\/sostener-el-deseo-en-la-pareja\/","article_modified_time":"2026-01-15T12:55:51+00:00","twitter_card":"summary_large_image","twitter_misc":{"Tiempo de lectura":"1 minuto"},"schema":{"@context":"https:\/\/schema.org","@graph":[{"@type":"WebPage","@id":"https:\/\/lallavepsi.net\/index.php\/jornadas-y-talleres-online\/sostener-el-deseo-en-la-pareja\/","url":"https:\/\/lallavepsi.net\/index.php\/jornadas-y-talleres-online\/sostener-el-deseo-en-la-pareja\/","name":"SOSTENER EL DESEO EN LA PAREJA -","isPartOf":{"@id":"https:\/\/lallavepsi.net\/#website"},"datePublished":"2022-12-28T00:23:24+00:00","dateModified":"2026-01-15T12:55:51+00:00","breadcrumb":{"@id":"https:\/\/lallavepsi.net\/index.php\/jornadas-y-talleres-online\/sostener-el-deseo-en-la-pareja\/#breadcrumb"},"inLanguage":"es-AR","potentialAction":[{"@type":"ReadAction","target":["https:\/\/lallavepsi.net\/index.php\/jornadas-y-talleres-online\/sostener-el-deseo-en-la-pareja\/"]}]},{"@type":"BreadcrumbList","@id":"https:\/\/lallavepsi.net\/index.php\/jornadas-y-talleres-online\/sostener-el-deseo-en-la-pareja\/#breadcrumb","itemListElement":[{"@type":"ListItem","position":1,"name":"Inicio","item":"https:\/\/lallavepsi.net\/"},{"@type":"ListItem","position":2,"name":"SEMINARIOS Y TALLERES ONLINE","item":"https:\/\/lallavepsi.net\/index.php\/jornadas-y-talleres-online\/"},{"@type":"ListItem","position":3,"name":"SOSTENER EL DESEO EN LA PAREJA"}]},{"@type":"WebSite","@id":"https:\/\/lallavepsi.net\/#website","url":"https:\/\/lallavepsi.net\/","name":"","description":"","potentialAction":[{"@type":"SearchAction","target":{"@type":"EntryPoint","urlTemplate":"https:\/\/lallavepsi.net\/?s={search_term_string}"},"query-input":{"@type":"PropertyValueSpecification","valueRequired":true,"valueName":"search_term_string"}}],"inLanguage":"es-AR"}]}},"_hostinger_reach_plugin_has_subscription_block":false,"_hostinger_reach_plugin_is_elementor":false,"_links":{"self":[{"href":"https:\/\/lallavepsi.net\/index.php\/wp-json\/wp\/v2\/pages\/289","targetHints":{"allow":["GET"]}}],"collection":[{"href":"https:\/\/lallavepsi.net\/index.php\/wp-json\/wp\/v2\/pages"}],"about":[{"href":"https:\/\/lallavepsi.net\/index.php\/wp-json\/wp\/v2\/types\/page"}],"author":[{"embeddable":true,"href":"https:\/\/lallavepsi.net\/index.php\/wp-json\/wp\/v2\/users\/1"}],"replies":[{"embeddable":true,"href":"https:\/\/lallavepsi.net\/index.php\/wp-json\/wp\/v2\/comments?post=289"}],"version-history":[{"count":4,"href":"https:\/\/lallavepsi.net\/index.php\/wp-json\/wp\/v2\/pages\/289\/revisions"}],"predecessor-version":[{"id":2468,"href":"https:\/\/lallavepsi.net\/index.php\/wp-json\/wp\/v2\/pages\/289\/revisions\/2468"}],"up":[{"embeddable":true,"href":"https:\/\/lallavepsi.net\/index.php\/wp-json\/wp\/v2\/pages\/265"}],"wp:attachment":[{"href":"https:\/\/lallavepsi.net\/index.php\/wp-json\/wp\/v2\/media?parent=289"}],"curies":[{"name":"wp","href":"https:\/\/api.w.org\/{rel}","templated":true}]}}