{"id":291,"date":"2022-12-28T00:24:37","date_gmt":"2022-12-28T00:24:37","guid":{"rendered":"https:\/\/lallavepsi.net\/?page_id=291"},"modified":"2023-12-18T18:27:52","modified_gmt":"2023-12-18T18:27:52","slug":"interpretacion-de-los-suenos","status":"publish","type":"page","link":"https:\/\/lallavepsi.net\/index.php\/jornadas-y-talleres-online\/interpretacion-de-los-suenos\/","title":{"rendered":"INTERPRETACI\u00d3N DE LOS SUE\u00d1OS"},"content":{"rendered":"<p><strong>SEMINARIO ONLINE INTERPRETACI\u00d3N DE LOS SUE\u00d1OS<\/strong><\/p>\n<p>Objetivo: que logres descomponer y armar el rompecabezas del complejo mundo de los sue\u00f1os, para poder capitalizar sus mensajes como herramienta de cambio y autoconocimiento y desarrollo de tu m\u00e1ximo potencial interno. Su relaci\u00f3n con el deseo y como camino hacia la realizaci\u00f3n y la felicidad.<\/p>\n<p>Parte te\u00f3rica:<\/p>\n<p>Contenido: qu\u00e9 es el sue\u00f1o, su funci\u00f3n biol\u00f3gica y psicol\u00f3gica. Mitolog\u00eda. Alteraciones psicopatol\u00f3gicas, por qu\u00e9 se producen. Funci\u00f3n del sue\u00f1o. Tipos de sue\u00f1o. An\u00e1lisis del sue\u00f1o. Ejemplos m\u00e1s renombrados. Ejercicios de interpretaci\u00f3n. Utilidad de los sue\u00f1os para saber qu\u00e9 cambiar y conocernos mejor.<\/p>\n<p>Freud dec\u00eda del sue\u00f1o que es la mejor v\u00eda de acceso al inconsciente.<\/p>\n<p>El sue\u00f1o y su relaci\u00f3n con otros planos de conciencia: qu\u00e9 nos dice sobre ello la psicolog\u00eda transpersonal y la espiritualidad.<\/p>\n<p>La perspectiva herm\u00e9tica de la materia como ilusi\u00f3n: \u00bfde qu\u00e9 est\u00e1n hechos los sue\u00f1os? \u00bfEs el sue\u00f1o lo real y la realidad lo ilusorio?<\/p>\n<p>Sue\u00f1os prof\u00e9ticos y profec\u00edas autocumplidas. Sue\u00f1os recurrentes. Sue\u00f1os l\u00facidos y premonitorios. Viaje astral. Viaje en el tiempo. Dimensiones y universos paralelos. Percepciones extrasensoriales. El sue\u00f1o y su analog\u00eda con el recordar y la consciencia. Contenido latente y manifiesto.<\/p>\n<p>\u00bfEs posible un diccionario de sue\u00f1os? El deseo y el Ser, \u00bflo mismo o aspectos irreconciliables? \u00bfQu\u00e9 nos dice la espiritualidad? El Karma y su vinculaci\u00f3n al apego. El desapego como forma de amor. El sue\u00f1o como m\u00e9todo hacia la realizaci\u00f3n de los deseos. La imaginaci\u00f3n y los pasos de la alquimia mental para el logro de sue\u00f1os. El papel de la enso\u00f1aci\u00f3n y la meditaci\u00f3n.<\/p>\n<p>El sue\u00f1o y el deseo. \u00bfSon lo mismo? El deseo desde el punto de vista psicol\u00f3gico y su oposici\u00f3n al estado de no deseo budista. El deseo como pulsi\u00f3n a la vida, \u00bfentonces no desear es pulsi\u00f3n a la muerte? \u00bfSe puede alcanzar la libertad interior teniendo deseo? \u00bfDesear implica vivir siempre con apego? \u00bfEl desapego es la falta de deseo? El deseo y su relaci\u00f3n con la vida y la muerte. El deseo y la sombra desde la perspectiva de Jung. El trabajo con la sombra: c\u00f3mo iluminar la oscuridad mediante los sue\u00f1os. La curaci\u00f3n de la sombra. Integraci\u00f3n de los opuestos.<\/p>\n<p>Parte pr\u00e1ctica:<\/p>\n<p>\u00bfC\u00f3mo lo haremos?<\/p>\n<p>El sue\u00f1o est\u00e1 ligado al deseo y el deseo est\u00e1 ligado al prop\u00f3sito y al sentido. Y el sentido est\u00e1 dado por sentir, por cuanto en esta parte nos apartaremos de todo mecanismo racional para que aflore el inconsciente en su m\u00e1xima expresi\u00f3n a trav\u00e9s del lenguaje de los sue\u00f1os. Nos valdremos de este esencial recurso para un profundo trabajo de rearmado e interpretaci\u00f3n desde distintas miradas interdisciplinarias.<\/p>\n<p>El trabajo del sue\u00f1o. C\u00f3mo reconstruirlos y herramientas interpretativas freudianas y junguianas. Ejercicios pr\u00e1cticos. Trabajaremos adem\u00e1s con alquimia mental, enso\u00f1aciones y meditaci\u00f3n para ampliar nuestra percepci\u00f3n ordinaria y conectarnos con este maravilloso mundo que nos puede aportar informaci\u00f3n fundamental para nuestro autoconocimiento para llegar a nuestra verdad y libertad interiores.<\/p>\n<p>Duraci\u00f3n: 4 horas divididas en dos jornadas de dos horas.<\/p>\n<p>&nbsp;<\/p>\n","protected":false},"excerpt":{"rendered":"<p>SEMINARIO ONLINE INTERPRETACI\u00d3N DE LOS SUE\u00d1OS Objetivo: que logres descomponer y armar el rompecabezas del complejo mundo de los sue\u00f1os, para poder capitalizar sus mensajes como herramienta de cambio y autoconocimiento y desarrollo de tu m\u00e1ximo potencial interno. Su relaci\u00f3n con el deseo y como camino hacia la realizaci\u00f3n y la felicidad. Parte te\u00f3rica: Contenido: [&hellip;]<\/p>\n","protected":false},"author":1,"featured_media":0,"parent":265,"menu_order":0,"comment_status":"closed","ping_status":"closed","template":"","meta":{"_monsterinsights_skip_tracking":false,"_monsterinsights_sitenote_active":false,"_monsterinsights_sitenote_note":"","_monsterinsights_sitenote_category":0,"_uf_show_specific_survey":0,"_uf_disable_surveys":false,"site-sidebar-layout":"default","site-content-layout":"default","ast-site-content-layout":"default","site-content-style":"default","site-sidebar-style":"default","ast-global-header-display":"","ast-banner-title-visibility":"","ast-main-header-display":"","ast-hfb-above-header-display":"","ast-hfb-below-header-display":"","ast-hfb-mobile-header-display":"","site-post-title":"","ast-breadcrumbs-content":"","ast-featured-img":"","footer-sml-layout":"","ast-disable-related-posts":"","theme-transparent-header-meta":"default","adv-header-id-meta":"","stick-header-meta":"","header-above-stick-meta":"","header-main-stick-meta":"","header-below-stick-meta":"","astra-migrate-meta-layouts":"set","ast-page-background-enabled":"default","ast-page-background-meta":{"desktop":{"background-color":"var(--ast-global-color-4)","background-image":"","background-repeat":"repeat","background-position":"center center","background-size":"auto","background-attachment":"scroll","background-type":"","background-media":"","overlay-type":"","overlay-color":"","overlay-opacity":"","overlay-gradient":""},"tablet":{"background-color":"","background-image":"","background-repeat":"repeat","background-position":"center center","background-size":"auto","background-attachment":"scroll","background-type":"","background-media":"","overlay-type":"","overlay-color":"","overlay-opacity":"","overlay-gradient":""},"mobile":{"background-color":"","background-image":"","background-repeat":"repeat","background-position":"center center","background-size":"auto","background-attachment":"scroll","background-type":"","background-media":"","overlay-type":"","overlay-color":"","overlay-opacity":"","overlay-gradient":""}},"ast-content-background-meta":{"desktop":{"background-color":"var(--ast-global-color-5)","background-image":"","background-repeat":"repeat","background-position":"center center","background-size":"auto","background-attachment":"scroll","background-type":"","background-media":"","overlay-type":"","overlay-color":"","overlay-opacity":"","overlay-gradient":""},"tablet":{"background-color":"var(--ast-global-color-5)","background-image":"","background-repeat":"repeat","background-position":"center center","background-size":"auto","background-attachment":"scroll","background-type":"","background-media":"","overlay-type":"","overlay-color":"","overlay-opacity":"","overlay-gradient":""},"mobile":{"background-color":"var(--ast-global-color-5)","background-image":"","background-repeat":"repeat","background-position":"center center","background-size":"auto","background-attachment":"scroll","background-type":"","background-media":"","overlay-type":"","overlay-color":"","overlay-opacity":"","overlay-gradient":""}},"footnotes":""},"class_list":["post-291","page","type-page","status-publish","hentry"],"yoast_head":"<!-- This site is optimized with the Yoast SEO plugin v27.0 - https:\/\/yoast.com\/product\/yoast-seo-wordpress\/ -->\n<title>INTERPRETACI\u00d3N DE LOS SUE\u00d1OS -<\/title>\n<meta name=\"robots\" content=\"index, follow, max-snippet:-1, max-image-preview:large, max-video-preview:-1\" \/>\n<link rel=\"canonical\" href=\"https:\/\/lallavepsi.net\/index.php\/jornadas-y-talleres-online\/interpretacion-de-los-suenos\/\" \/>\n<meta property=\"og:locale\" content=\"es_ES\" \/>\n<meta property=\"og:type\" content=\"article\" \/>\n<meta property=\"og:title\" content=\"INTERPRETACI\u00d3N DE LOS SUE\u00d1OS -\" \/>\n<meta property=\"og:description\" content=\"SEMINARIO ONLINE INTERPRETACI\u00d3N DE LOS SUE\u00d1OS Objetivo: que logres descomponer y armar el rompecabezas del complejo mundo de los sue\u00f1os, para poder capitalizar sus mensajes como herramienta de cambio y autoconocimiento y desarrollo de tu m\u00e1ximo potencial interno. Su relaci\u00f3n con el deseo y como camino hacia la realizaci\u00f3n y la felicidad. Parte te\u00f3rica: Contenido: [&hellip;]\" \/>\n<meta property=\"og:url\" content=\"https:\/\/lallavepsi.net\/index.php\/jornadas-y-talleres-online\/interpretacion-de-los-suenos\/\" \/>\n<meta property=\"article:modified_time\" content=\"2023-12-18T18:27:52+00:00\" \/>\n<meta name=\"twitter:card\" content=\"summary_large_image\" \/>\n<meta name=\"twitter:label1\" content=\"Tiempo de lectura\" \/>\n\t<meta name=\"twitter:data1\" content=\"3 minutos\" \/>\n<script type=\"application\/ld+json\" class=\"yoast-schema-graph\">{\"@context\":\"https:\/\/schema.org\",\"@graph\":[{\"@type\":\"WebPage\",\"@id\":\"https:\/\/lallavepsi.net\/index.php\/jornadas-y-talleres-online\/interpretacion-de-los-suenos\/\",\"url\":\"https:\/\/lallavepsi.net\/index.php\/jornadas-y-talleres-online\/interpretacion-de-los-suenos\/\",\"name\":\"INTERPRETACI\u00d3N DE LOS SUE\u00d1OS -\",\"isPartOf\":{\"@id\":\"https:\/\/lallavepsi.net\/#website\"},\"datePublished\":\"2022-12-28T00:24:37+00:00\",\"dateModified\":\"2023-12-18T18:27:52+00:00\",\"breadcrumb\":{\"@id\":\"https:\/\/lallavepsi.net\/index.php\/jornadas-y-talleres-online\/interpretacion-de-los-suenos\/#breadcrumb\"},\"inLanguage\":\"es-AR\",\"potentialAction\":[{\"@type\":\"ReadAction\",\"target\":[\"https:\/\/lallavepsi.net\/index.php\/jornadas-y-talleres-online\/interpretacion-de-los-suenos\/\"]}]},{\"@type\":\"BreadcrumbList\",\"@id\":\"https:\/\/lallavepsi.net\/index.php\/jornadas-y-talleres-online\/interpretacion-de-los-suenos\/#breadcrumb\",\"itemListElement\":[{\"@type\":\"ListItem\",\"position\":1,\"name\":\"Inicio\",\"item\":\"https:\/\/lallavepsi.net\/\"},{\"@type\":\"ListItem\",\"position\":2,\"name\":\"SEMINARIOS Y TALLERES ONLINE\",\"item\":\"https:\/\/lallavepsi.net\/index.php\/jornadas-y-talleres-online\/\"},{\"@type\":\"ListItem\",\"position\":3,\"name\":\"INTERPRETACI\u00d3N DE LOS SUE\u00d1OS\"}]},{\"@type\":\"WebSite\",\"@id\":\"https:\/\/lallavepsi.net\/#website\",\"url\":\"https:\/\/lallavepsi.net\/\",\"name\":\"\",\"description\":\"\",\"potentialAction\":[{\"@type\":\"SearchAction\",\"target\":{\"@type\":\"EntryPoint\",\"urlTemplate\":\"https:\/\/lallavepsi.net\/?s={search_term_string}\"},\"query-input\":{\"@type\":\"PropertyValueSpecification\",\"valueRequired\":true,\"valueName\":\"search_term_string\"}}],\"inLanguage\":\"es-AR\"}]}<\/script>\n<!-- \/ Yoast SEO plugin. -->","yoast_head_json":{"title":"INTERPRETACI\u00d3N DE LOS SUE\u00d1OS -","robots":{"index":"index","follow":"follow","max-snippet":"max-snippet:-1","max-image-preview":"max-image-preview:large","max-video-preview":"max-video-preview:-1"},"canonical":"https:\/\/lallavepsi.net\/index.php\/jornadas-y-talleres-online\/interpretacion-de-los-suenos\/","og_locale":"es_ES","og_type":"article","og_title":"INTERPRETACI\u00d3N DE LOS SUE\u00d1OS -","og_description":"SEMINARIO ONLINE INTERPRETACI\u00d3N DE LOS SUE\u00d1OS Objetivo: que logres descomponer y armar el rompecabezas del complejo mundo de los sue\u00f1os, para poder capitalizar sus mensajes como herramienta de cambio y autoconocimiento y desarrollo de tu m\u00e1ximo potencial interno. Su relaci\u00f3n con el deseo y como camino hacia la realizaci\u00f3n y la felicidad. Parte te\u00f3rica: Contenido: [&hellip;]","og_url":"https:\/\/lallavepsi.net\/index.php\/jornadas-y-talleres-online\/interpretacion-de-los-suenos\/","article_modified_time":"2023-12-18T18:27:52+00:00","twitter_card":"summary_large_image","twitter_misc":{"Tiempo de lectura":"3 minutos"},"schema":{"@context":"https:\/\/schema.org","@graph":[{"@type":"WebPage","@id":"https:\/\/lallavepsi.net\/index.php\/jornadas-y-talleres-online\/interpretacion-de-los-suenos\/","url":"https:\/\/lallavepsi.net\/index.php\/jornadas-y-talleres-online\/interpretacion-de-los-suenos\/","name":"INTERPRETACI\u00d3N DE LOS SUE\u00d1OS -","isPartOf":{"@id":"https:\/\/lallavepsi.net\/#website"},"datePublished":"2022-12-28T00:24:37+00:00","dateModified":"2023-12-18T18:27:52+00:00","breadcrumb":{"@id":"https:\/\/lallavepsi.net\/index.php\/jornadas-y-talleres-online\/interpretacion-de-los-suenos\/#breadcrumb"},"inLanguage":"es-AR","potentialAction":[{"@type":"ReadAction","target":["https:\/\/lallavepsi.net\/index.php\/jornadas-y-talleres-online\/interpretacion-de-los-suenos\/"]}]},{"@type":"BreadcrumbList","@id":"https:\/\/lallavepsi.net\/index.php\/jornadas-y-talleres-online\/interpretacion-de-los-suenos\/#breadcrumb","itemListElement":[{"@type":"ListItem","position":1,"name":"Inicio","item":"https:\/\/lallavepsi.net\/"},{"@type":"ListItem","position":2,"name":"SEMINARIOS Y TALLERES ONLINE","item":"https:\/\/lallavepsi.net\/index.php\/jornadas-y-talleres-online\/"},{"@type":"ListItem","position":3,"name":"INTERPRETACI\u00d3N DE LOS SUE\u00d1OS"}]},{"@type":"WebSite","@id":"https:\/\/lallavepsi.net\/#website","url":"https:\/\/lallavepsi.net\/","name":"","description":"","potentialAction":[{"@type":"SearchAction","target":{"@type":"EntryPoint","urlTemplate":"https:\/\/lallavepsi.net\/?s={search_term_string}"},"query-input":{"@type":"PropertyValueSpecification","valueRequired":true,"valueName":"search_term_string"}}],"inLanguage":"es-AR"}]}},"_hostinger_reach_plugin_has_subscription_block":false,"_hostinger_reach_plugin_is_elementor":false,"_links":{"self":[{"href":"https:\/\/lallavepsi.net\/index.php\/wp-json\/wp\/v2\/pages\/291","targetHints":{"allow":["GET"]}}],"collection":[{"href":"https:\/\/lallavepsi.net\/index.php\/wp-json\/wp\/v2\/pages"}],"about":[{"href":"https:\/\/lallavepsi.net\/index.php\/wp-json\/wp\/v2\/types\/page"}],"author":[{"embeddable":true,"href":"https:\/\/lallavepsi.net\/index.php\/wp-json\/wp\/v2\/users\/1"}],"replies":[{"embeddable":true,"href":"https:\/\/lallavepsi.net\/index.php\/wp-json\/wp\/v2\/comments?post=291"}],"version-history":[{"count":6,"href":"https:\/\/lallavepsi.net\/index.php\/wp-json\/wp\/v2\/pages\/291\/revisions"}],"predecessor-version":[{"id":2253,"href":"https:\/\/lallavepsi.net\/index.php\/wp-json\/wp\/v2\/pages\/291\/revisions\/2253"}],"up":[{"embeddable":true,"href":"https:\/\/lallavepsi.net\/index.php\/wp-json\/wp\/v2\/pages\/265"}],"wp:attachment":[{"href":"https:\/\/lallavepsi.net\/index.php\/wp-json\/wp\/v2\/media?parent=291"}],"curies":[{"name":"wp","href":"https:\/\/api.w.org\/{rel}","templated":true}]}}