{"id":304,"date":"2022-12-28T01:02:08","date_gmt":"2022-12-28T01:02:08","guid":{"rendered":"https:\/\/lallavepsi.net\/?page_id=304"},"modified":"2023-12-18T18:50:41","modified_gmt":"2023-12-18T18:50:41","slug":"libro","status":"publish","type":"page","link":"https:\/\/lallavepsi.net\/index.php\/libro\/","title":{"rendered":"LIBRO"},"content":{"rendered":"<p><img loading=\"lazy\" decoding=\"async\" class=\"alignnone wp-image-300 size-full\" src=\"https:\/\/lallavepsi.net\/wp-content\/uploads\/2022\/12\/Ecos-de-un-viaje-completo.jpg\" alt=\"\" width=\"2345\" height=\"1298\" srcset=\"https:\/\/lallavepsi.net\/wp-content\/uploads\/2022\/12\/Ecos-de-un-viaje-completo.jpg 2345w, https:\/\/lallavepsi.net\/wp-content\/uploads\/2022\/12\/Ecos-de-un-viaje-completo-600x332.jpg 600w, https:\/\/lallavepsi.net\/wp-content\/uploads\/2022\/12\/Ecos-de-un-viaje-completo-300x166.jpg 300w, https:\/\/lallavepsi.net\/wp-content\/uploads\/2022\/12\/Ecos-de-un-viaje-completo-1024x567.jpg 1024w, https:\/\/lallavepsi.net\/wp-content\/uploads\/2022\/12\/Ecos-de-un-viaje-completo-768x425.jpg 768w, https:\/\/lallavepsi.net\/wp-content\/uploads\/2022\/12\/Ecos-de-un-viaje-completo-1536x850.jpg 1536w, https:\/\/lallavepsi.net\/wp-content\/uploads\/2022\/12\/Ecos-de-un-viaje-completo-2048x1134.jpg 2048w\" sizes=\"auto, (max-width: 2345px) 100vw, 2345px\" \/><\/p>\n<p>A partir de la presentaci\u00f3n de la obra &#8220;Ecos de un viaje de amor en el tiempo&#8221; en nuestro espacio, aqu\u00ed un breve cuestionario al autor para que nos desasne un poco hacia d\u00f3nde va el libro:<\/p>\n<p>&#8211; \u00bfDe qu\u00e9 se trata &#8220;Ecos de un viaje&#8230;&#8221;?<\/p>\n<p>-Bueno, esa quiz\u00e1s es la parte m\u00e1s dif\u00edcil de contestar (risas). <strong><em>No abarca una sola tem\u00e1tica, por eso quer\u00eda que el nombre viaje estuviera incluido en el t\u00edtulo, porque mucho de se trata de eso, del viaje de las almas a lo largo de las vidas y de las m\u00faltiples posibilidades que ir\u00e1n encontrando detr\u00e1s de las muecas del tiempo y el espacio.<\/em><\/strong><\/p>\n<p>&#8211; \u00bfQu\u00e9 tan dif\u00edcil es para un psic\u00f3logo hablar de espiritualidad, de almas gemelas, de vidas pasadas, de hadas, duendes y dragones, etc., etc.?<\/p>\n<p>-Bueno, una de las aclaraciones que hago de entrada es que es un libro inclasificable, y tampoco pretende ser un tratado psicol\u00f3gico, y menos autobiogr\u00e1fico, aunque siempre algo de uno se filtre en su creaci\u00f3n y en sus personajes. Hablar de mundos fant\u00e1sticos o espirituales no deber\u00eda convertirse en un problema para nadie, mucho menos para eminencias cient\u00edficas, incluso de los m\u00e1s racionales a ultranza. No deber\u00eda haber ning\u00fan tab\u00fa o prejuicio en ello, de hecho Cort\u00e1zar habla de lo fant\u00e1stico como una forma de pensamiento disruptivo (esto lo planteamos en la charla sobre c\u00f3mo salir del pensamiento binario\u2026), fijate ahora que la f\u00edsica cu\u00e1ntica tiene mucho en com\u00fan con la fantas\u00eda ya que desaf\u00eda absolutamente todo lo que deber\u00eda funcionar seg\u00fan las leyes de la f\u00edsica general. Todo depende de c\u00f3mo se encaran los temas y de c\u00f3mo se los nombra\u2026hay muchos prejuicios con ello. Si asumimos una postura cr\u00edtica, abierta, con ojos de ni\u00f1o no por la inocencia sino por ese esp\u00edritu de aventura e \u00edmpetu por ir m\u00e1s all\u00e1; el problema es cuando nos adjudicamos un rol fundamentalista, pretendiendo que tenemos las respuestas, ah\u00ed caemos en la ceguera del dogma y en lugar de facilitar, obstaculizamos, cerramos. Y a veces, para ciertas personas se necesita hablar de energ\u00edas, de quantums, de dimensiones e inteligencias, porque decir hadas, duendes o almas les suena muy infantil. Pero son cuestiones de formas, el fondo es lo mismo, y es lo que cuenta.<\/p>\n<p>&#8211; \u00bfVos cre\u00e9s en todo eso?<\/p>\n<p>&#8211;<strong><em>No importa lo que yo crea, lo que importa es que el mensaje del libro te lleve a esos lugares y realidades, que te hagan sentir que realmente existen, y que el viaje vale la pena. Si eso est\u00e1 logrado, me considero satisfecho.<\/em><\/strong><\/p>\n<p>&#8211; \u00bfPor qu\u00e9 hablabas de las muecas del tiempo y espacio? \u00bfConsider\u00e1s que el espacio y el tiempo son de alguna forma traicioneros?<\/p>\n<p>&#8211; \u00bfY no lo son acaso desde este mundo temporal y limitado? Todos, al fin de cuentas, estamos atrapados en un lugar y un tiempo que creemos que no elegimos, y siempre fantaseamos con la posibilidad de viajar en el tiempo, que es tambi\u00e9n distorsionar el espacio, son dos variables que van juntas. <strong><em>Desde la cuesti\u00f3n del tiempo, que aparece como eje en la obra, el libro pretende responder las preguntas esenciales de la humanidad (risas), ni m\u00e1s ni menos\u2026 \u00bfQu\u00e9 pasa despu\u00e9s de morir? \u00bfEs el amor algo perdurable? \u00bfQu\u00e9 es en realidad el amor? \u00bfExiste un amor que trascienda la vida? \u00bfEstamos solos en el universo?<\/em><\/strong><\/p>\n<p>&#8211; M\u00e1s all\u00e1 de lo que acabas de decir, otros temas se me han hecho interesantes, como el tema de la exploraci\u00f3n personal y la autosuperaci\u00f3n que debe realizar el personaje principal, Archer, para alcanzar su deseo, que es su alma gemela, pero al mismo tiempo, aparece la idea de despojarse, de renunciamiento\u2026<\/p>\n<p>-Esa es una paradoja de las m\u00e1s interesantes. Y en un ap\u00e9ndice puntualmente hablo del deseo psicoanal\u00edtico y el budista, en sus convergencias y discrepancias. No podemos escapar al deseo mientras estemos vivos, pero al mismo tiempo una de las claves de la evoluci\u00f3n espiritual se trata de domesticar ese deseo, un estado de gracia consciente como nos plantea el mindfulness. Aceptar la experiencia, soltar\u2026agradecimiento y desapego.<\/p>\n<p>&#8211; \u00bfTe identific\u00e1s m\u00e1s con alg\u00fan personaje?<\/p>\n<p>-Tengo obviamente mis favoritos y mis odiados (risas), tengo mucho de Archer\u2026me encant\u00f3 la lucha filos\u00f3fica Plat\u00f3n\/Nietzsche, Jiddu me transmite una sabia ternura, esa inocencia solemne de los grandes maestros que han vivido y conocido el camino, y pese a esa carga lograron recuperar la mente inocente del ni\u00f1o, y me gust\u00f3 la idea de mostrar un Lucifer de una manera diferente, m\u00e1s humanizada.<\/p>\n<p>&#8211; \u00bfY a qui\u00e9n odiaste m\u00e1s?<\/p>\n<p>-No llegu\u00e9 a odiar del todo a ninguno, m\u00e1s all\u00e1 de lo que dije antes. Por ah\u00ed algunos recortes de algunos\u2026la codicia de Gurp el enano y lo feo que lo hice pobre, la insistencia y soberbia de Miguel empecinado en tener a Trina, la tozudez mental de Archer\u2026<\/p>\n<p>-El libro plantea diferentes recorridos que funcionan como una multirealidad o multiuniverso, \u00bfpor eso planteas que puede leerse como cuentos individuales o como una obra conectada?<\/p>\n<p>-S\u00ed\u2026todo se conecta con todo\u2026<strong><em>trato de inspirar la idea de que las cosas no son unidimensionales, de una sola forma\u2026y esto abarca desde la noci\u00f3n de qu\u00e9 somos, de d\u00f3nde venimos y a d\u00f3nde vamos, de la trascendencia, de c\u00f3mo el futuro puede conectarse con el pasado de forma que el efecto puede ser causa y esto se retroalimenta en forma circular y no lineal, de salir de los binarismos hombre\/mujer, de hecho incluyo la teor\u00eda platonista de las almas de los andr\u00f3ginos en el principio de las cosas, es decir que \u00e9ramos un solo ser y que por nuestra soberbia los dioses nos separaron para que las almas estuvieran destinadas a buscarse por siempre. Ese es el origen mitol\u00f3gico del concepto de almas gemelas. Hay m\u00faltiples posibilidades: encontrar\u00e1s la trillada historia de amor hombre\/mujer, pero tambi\u00e9n entre razas diferentes y del mismo sexo\u2026es que lo normal se me hace aburrido (risas), hay algo de intrigante, al menos para m\u00ed, en las historias disfuncionales y neur\u00f3ticas\u2026siento que son mucho m\u00e1s ricas que el \u201ccomieron perdices y vivieron felices para siempre\u201d\u2026con eso trata de jugar el libro, con las mixturas, con los entres, con lo indefinible\u2026con el \u201cexcedente de sentido\u201d, lo inextricable, los grandes misterios de la vida que son para m\u00ed los que dan sabor al mundo, los que me apasionan.<\/em><\/strong><\/p>\n<p>&#8211; \u00bfQu\u00e9 legado te gustar\u00eda que dejara \u201cEcos\u2026\u201d?<\/p>\n<p>-Un eco resonando en el alma de cada lector (risas\u2026), un llamado al autoconocimiento, no buscando respuestas, porque no las doy y no las hay\u2026 no las universales, pero s\u00ed las personales, uno puede desde un viaje exploratorio del alma llegar a su verdad y a su deseo. Para eso sirve la terapia, por ejemplo, y es desde donde apunto como psic\u00f3logo. En ese sentido, me gustar\u00eda la posibilidad de resonar juntos en esa b\u00fasqueda, porque si hay algo parecido a la felicidad, es cuando uno logra ser uno mismo y desarrollarse en plena potencia sin miedo, acept\u00e1ndose y aceptando a los dem\u00e1s con esos ojos de ni\u00f1o que ve al mundo como una entidad m\u00faltiple, llena de diversidad y demenciales posibilidades, y siendo una nota musical vibrando en armon\u00eda en permanente devenir. Llegar a que seamos un \u201cir siendo\u201d, una obra en construcci\u00f3n\u2026sin poder clasificar como en tu primera pregunta\u2026 Sean un poco locos\u2026la ficci\u00f3n es la realidad de ma\u00f1ana y la ficci\u00f3n siempre se quedar\u00e1 corta en perspectiva, as\u00ed que eso: ju\u00e9guense por su amor si este los hace volverse locos, si los hace vibrar, vean el mundo con ojos de so\u00f1adores y locos, que de no ser por los locos todo estar\u00eda perdido. Los locos son los que salvar\u00e1n el mundo.<\/p>\n<p>&nbsp;<\/p>\n<p>Si te interesa adquirir esta obra, pod\u00e9s hacerlo a trav\u00e9s de nuestros medios de contacto o por mercado libre en el siguiente enlace:<\/p>\n<p><a href=\"https:\/\/articulo.mercadolibre.com.ar\/MLA-1144493663-ecos-de-un-viaje-de-amor-en-el-tiempo-_JM#position=15&amp;search_layout=stack&amp;type=item&amp;tracking_id=1aee36ca-3404-4bd1-b08e-5846407ba227\">https:\/\/articulo.mercadolibre.com.ar\/MLA-1144493663-ecos-de-un-viaje-de-amor-en-el-tiempo-_JM#position=15&amp;search_layout=stack&amp;type=item&amp;tracking_id=1aee36ca-3404-4bd1-b08e-5846407ba227<\/a><\/p>\n<p>Y v\u00eda Amazon en el siguiente:<\/p>\n<p><a href=\"https:\/\/www.amazon.com\/-\/es\/ALEJANDRO-VAGNO-ebook\/dp\/B0844K8RQS\/ref=sr_1_1?__mk_es_US=%C3%85M%C3%85%C5%BD%C3%95%C3%91&amp;crid=261A0DMC222Z3&amp;keywords=ecos+de+un+viaje+de+amor+en+el+tiempo&amp;qid=1672333431&amp;sprefix=ecos+de+un+viaje+de+amor+en+el+tiempo%2Caps%2C248&amp;sr=8-1\">https:\/\/www.amazon.com\/-\/es\/ALEJANDRO-VAGNO-ebook\/dp\/B0844K8RQS\/ref=sr_1_1?__mk_es_US=%C3%85M%C3%85%C5%BD%C3%95%C3%91&amp;crid=261A0DMC222Z3&amp;keywords=ecos+de+un+viaje+de+amor+en+el+tiempo&amp;qid=1672333431&amp;sprefix=ecos+de+un+viaje+de+amor+en+el+tiempo%2Caps%2C248&amp;sr=8-1<\/a><\/p>\n<p>&nbsp;<\/p>\n","protected":false},"excerpt":{"rendered":"<p>A partir de la presentaci\u00f3n de la obra &#8220;Ecos de un viaje de amor en el tiempo&#8221; en nuestro espacio, aqu\u00ed un breve cuestionario al autor para que nos desasne un poco hacia d\u00f3nde va el libro: &#8211; \u00bfDe qu\u00e9 se trata &#8220;Ecos de un viaje&#8230;&#8221;? -Bueno, esa quiz\u00e1s es la parte m\u00e1s dif\u00edcil de [&hellip;]<\/p>\n","protected":false},"author":1,"featured_media":0,"parent":0,"menu_order":12,"comment_status":"closed","ping_status":"closed","template":"","meta":{"_monsterinsights_skip_tracking":false,"_monsterinsights_sitenote_active":false,"_monsterinsights_sitenote_note":"","_monsterinsights_sitenote_category":0,"_uf_show_specific_survey":0,"_uf_disable_surveys":false,"site-sidebar-layout":"default","site-content-layout":"default","ast-site-content-layout":"default","site-content-style":"default","site-sidebar-style":"default","ast-global-header-display":"","ast-banner-title-visibility":"","ast-main-header-display":"","ast-hfb-above-header-display":"","ast-hfb-below-header-display":"","ast-hfb-mobile-header-display":"","site-post-title":"","ast-breadcrumbs-content":"","ast-featured-img":"","footer-sml-layout":"","ast-disable-related-posts":"","theme-transparent-header-meta":"default","adv-header-id-meta":"","stick-header-meta":"","header-above-stick-meta":"","header-main-stick-meta":"","header-below-stick-meta":"","astra-migrate-meta-layouts":"set","ast-page-background-enabled":"default","ast-page-background-meta":{"desktop":{"background-color":"var(--ast-global-color-4)","background-image":"","background-repeat":"repeat","background-position":"center center","background-size":"auto","background-attachment":"scroll","background-type":"","background-media":"","overlay-type":"","overlay-color":"","overlay-opacity":"","overlay-gradient":""},"tablet":{"background-color":"","background-image":"","background-repeat":"repeat","background-position":"center center","background-size":"auto","background-attachment":"scroll","background-type":"","background-media":"","overlay-type":"","overlay-color":"","overlay-opacity":"","overlay-gradient":""},"mobile":{"background-color":"","background-image":"","background-repeat":"repeat","background-position":"center center","background-size":"auto","background-attachment":"scroll","background-type":"","background-media":"","overlay-type":"","overlay-color":"","overlay-opacity":"","overlay-gradient":""}},"ast-content-background-meta":{"desktop":{"background-color":"var(--ast-global-color-5)","background-image":"","background-repeat":"repeat","background-position":"center center","background-size":"auto","background-attachment":"scroll","background-type":"","background-media":"","overlay-type":"","overlay-color":"","overlay-opacity":"","overlay-gradient":""},"tablet":{"background-color":"var(--ast-global-color-5)","background-image":"","background-repeat":"repeat","background-position":"center center","background-size":"auto","background-attachment":"scroll","background-type":"","background-media":"","overlay-type":"","overlay-color":"","overlay-opacity":"","overlay-gradient":""},"mobile":{"background-color":"var(--ast-global-color-5)","background-image":"","background-repeat":"repeat","background-position":"center center","background-size":"auto","background-attachment":"scroll","background-type":"","background-media":"","overlay-type":"","overlay-color":"","overlay-opacity":"","overlay-gradient":""}},"footnotes":""},"class_list":["post-304","page","type-page","status-publish","hentry"],"yoast_head":"<!-- This site is optimized with the Yoast SEO plugin v27.0 - https:\/\/yoast.com\/product\/yoast-seo-wordpress\/ -->\n<title>LIBRO -<\/title>\n<meta name=\"robots\" content=\"index, follow, max-snippet:-1, max-image-preview:large, max-video-preview:-1\" \/>\n<link rel=\"canonical\" href=\"https:\/\/lallavepsi.net\/index.php\/libro\/\" \/>\n<meta property=\"og:locale\" content=\"es_ES\" \/>\n<meta property=\"og:type\" content=\"article\" \/>\n<meta property=\"og:title\" content=\"LIBRO -\" \/>\n<meta property=\"og:description\" content=\"A partir de la presentaci\u00f3n de la obra &#8220;Ecos de un viaje de amor en el tiempo&#8221; en nuestro espacio, aqu\u00ed un breve cuestionario al autor para que nos desasne un poco hacia d\u00f3nde va el libro: &#8211; \u00bfDe qu\u00e9 se trata &#8220;Ecos de un viaje&#8230;&#8221;? -Bueno, esa quiz\u00e1s es la parte m\u00e1s dif\u00edcil de [&hellip;]\" \/>\n<meta property=\"og:url\" content=\"https:\/\/lallavepsi.net\/index.php\/libro\/\" \/>\n<meta property=\"article:modified_time\" content=\"2023-12-18T18:50:41+00:00\" \/>\n<meta property=\"og:image\" content=\"https:\/\/lallavepsi.net\/wp-content\/uploads\/2022\/12\/Ecos-de-un-viaje-completo.jpg\" \/>\n<meta name=\"twitter:card\" content=\"summary_large_image\" \/>\n<meta name=\"twitter:label1\" content=\"Tiempo de lectura\" \/>\n\t<meta name=\"twitter:data1\" content=\"7 minutos\" \/>\n<script type=\"application\/ld+json\" class=\"yoast-schema-graph\">{\"@context\":\"https:\/\/schema.org\",\"@graph\":[{\"@type\":\"WebPage\",\"@id\":\"https:\/\/lallavepsi.net\/index.php\/libro\/\",\"url\":\"https:\/\/lallavepsi.net\/index.php\/libro\/\",\"name\":\"LIBRO -\",\"isPartOf\":{\"@id\":\"https:\/\/lallavepsi.net\/#website\"},\"primaryImageOfPage\":{\"@id\":\"https:\/\/lallavepsi.net\/index.php\/libro\/#primaryimage\"},\"image\":{\"@id\":\"https:\/\/lallavepsi.net\/index.php\/libro\/#primaryimage\"},\"thumbnailUrl\":\"https:\/\/lallavepsi.net\/wp-content\/uploads\/2022\/12\/Ecos-de-un-viaje-completo.jpg\",\"datePublished\":\"2022-12-28T01:02:08+00:00\",\"dateModified\":\"2023-12-18T18:50:41+00:00\",\"breadcrumb\":{\"@id\":\"https:\/\/lallavepsi.net\/index.php\/libro\/#breadcrumb\"},\"inLanguage\":\"es-AR\",\"potentialAction\":[{\"@type\":\"ReadAction\",\"target\":[\"https:\/\/lallavepsi.net\/index.php\/libro\/\"]}]},{\"@type\":\"ImageObject\",\"inLanguage\":\"es-AR\",\"@id\":\"https:\/\/lallavepsi.net\/index.php\/libro\/#primaryimage\",\"url\":\"https:\/\/lallavepsi.net\/wp-content\/uploads\/2022\/12\/Ecos-de-un-viaje-completo.jpg\",\"contentUrl\":\"https:\/\/lallavepsi.net\/wp-content\/uploads\/2022\/12\/Ecos-de-un-viaje-completo.jpg\",\"width\":2345,\"height\":1298},{\"@type\":\"BreadcrumbList\",\"@id\":\"https:\/\/lallavepsi.net\/index.php\/libro\/#breadcrumb\",\"itemListElement\":[{\"@type\":\"ListItem\",\"position\":1,\"name\":\"Inicio\",\"item\":\"https:\/\/lallavepsi.net\/\"},{\"@type\":\"ListItem\",\"position\":2,\"name\":\"LIBRO\"}]},{\"@type\":\"WebSite\",\"@id\":\"https:\/\/lallavepsi.net\/#website\",\"url\":\"https:\/\/lallavepsi.net\/\",\"name\":\"\",\"description\":\"\",\"potentialAction\":[{\"@type\":\"SearchAction\",\"target\":{\"@type\":\"EntryPoint\",\"urlTemplate\":\"https:\/\/lallavepsi.net\/?s={search_term_string}\"},\"query-input\":{\"@type\":\"PropertyValueSpecification\",\"valueRequired\":true,\"valueName\":\"search_term_string\"}}],\"inLanguage\":\"es-AR\"}]}<\/script>\n<!-- \/ Yoast SEO plugin. -->","yoast_head_json":{"title":"LIBRO -","robots":{"index":"index","follow":"follow","max-snippet":"max-snippet:-1","max-image-preview":"max-image-preview:large","max-video-preview":"max-video-preview:-1"},"canonical":"https:\/\/lallavepsi.net\/index.php\/libro\/","og_locale":"es_ES","og_type":"article","og_title":"LIBRO -","og_description":"A partir de la presentaci\u00f3n de la obra &#8220;Ecos de un viaje de amor en el tiempo&#8221; en nuestro espacio, aqu\u00ed un breve cuestionario al autor para que nos desasne un poco hacia d\u00f3nde va el libro: &#8211; \u00bfDe qu\u00e9 se trata &#8220;Ecos de un viaje&#8230;&#8221;? -Bueno, esa quiz\u00e1s es la parte m\u00e1s dif\u00edcil de [&hellip;]","og_url":"https:\/\/lallavepsi.net\/index.php\/libro\/","article_modified_time":"2023-12-18T18:50:41+00:00","og_image":[{"url":"https:\/\/lallavepsi.net\/wp-content\/uploads\/2022\/12\/Ecos-de-un-viaje-completo.jpg","type":"","width":"","height":""}],"twitter_card":"summary_large_image","twitter_misc":{"Tiempo de lectura":"7 minutos"},"schema":{"@context":"https:\/\/schema.org","@graph":[{"@type":"WebPage","@id":"https:\/\/lallavepsi.net\/index.php\/libro\/","url":"https:\/\/lallavepsi.net\/index.php\/libro\/","name":"LIBRO -","isPartOf":{"@id":"https:\/\/lallavepsi.net\/#website"},"primaryImageOfPage":{"@id":"https:\/\/lallavepsi.net\/index.php\/libro\/#primaryimage"},"image":{"@id":"https:\/\/lallavepsi.net\/index.php\/libro\/#primaryimage"},"thumbnailUrl":"https:\/\/lallavepsi.net\/wp-content\/uploads\/2022\/12\/Ecos-de-un-viaje-completo.jpg","datePublished":"2022-12-28T01:02:08+00:00","dateModified":"2023-12-18T18:50:41+00:00","breadcrumb":{"@id":"https:\/\/lallavepsi.net\/index.php\/libro\/#breadcrumb"},"inLanguage":"es-AR","potentialAction":[{"@type":"ReadAction","target":["https:\/\/lallavepsi.net\/index.php\/libro\/"]}]},{"@type":"ImageObject","inLanguage":"es-AR","@id":"https:\/\/lallavepsi.net\/index.php\/libro\/#primaryimage","url":"https:\/\/lallavepsi.net\/wp-content\/uploads\/2022\/12\/Ecos-de-un-viaje-completo.jpg","contentUrl":"https:\/\/lallavepsi.net\/wp-content\/uploads\/2022\/12\/Ecos-de-un-viaje-completo.jpg","width":2345,"height":1298},{"@type":"BreadcrumbList","@id":"https:\/\/lallavepsi.net\/index.php\/libro\/#breadcrumb","itemListElement":[{"@type":"ListItem","position":1,"name":"Inicio","item":"https:\/\/lallavepsi.net\/"},{"@type":"ListItem","position":2,"name":"LIBRO"}]},{"@type":"WebSite","@id":"https:\/\/lallavepsi.net\/#website","url":"https:\/\/lallavepsi.net\/","name":"","description":"","potentialAction":[{"@type":"SearchAction","target":{"@type":"EntryPoint","urlTemplate":"https:\/\/lallavepsi.net\/?s={search_term_string}"},"query-input":{"@type":"PropertyValueSpecification","valueRequired":true,"valueName":"search_term_string"}}],"inLanguage":"es-AR"}]}},"_hostinger_reach_plugin_has_subscription_block":false,"_hostinger_reach_plugin_is_elementor":false,"_links":{"self":[{"href":"https:\/\/lallavepsi.net\/index.php\/wp-json\/wp\/v2\/pages\/304","targetHints":{"allow":["GET"]}}],"collection":[{"href":"https:\/\/lallavepsi.net\/index.php\/wp-json\/wp\/v2\/pages"}],"about":[{"href":"https:\/\/lallavepsi.net\/index.php\/wp-json\/wp\/v2\/types\/page"}],"author":[{"embeddable":true,"href":"https:\/\/lallavepsi.net\/index.php\/wp-json\/wp\/v2\/users\/1"}],"replies":[{"embeddable":true,"href":"https:\/\/lallavepsi.net\/index.php\/wp-json\/wp\/v2\/comments?post=304"}],"version-history":[{"count":5,"href":"https:\/\/lallavepsi.net\/index.php\/wp-json\/wp\/v2\/pages\/304\/revisions"}],"predecessor-version":[{"id":2263,"href":"https:\/\/lallavepsi.net\/index.php\/wp-json\/wp\/v2\/pages\/304\/revisions\/2263"}],"wp:attachment":[{"href":"https:\/\/lallavepsi.net\/index.php\/wp-json\/wp\/v2\/media?parent=304"}],"curies":[{"name":"wp","href":"https:\/\/api.w.org\/{rel}","templated":true}]}}