{"id":384,"date":"2023-01-26T18:51:59","date_gmt":"2023-01-26T18:51:59","guid":{"rendered":"https:\/\/lallavepsi.net\/?page_id=384"},"modified":"2025-01-30T19:47:51","modified_gmt":"2025-01-30T19:47:51","slug":"el-mundo-como-mito","status":"publish","type":"page","link":"https:\/\/lallavepsi.net\/index.php\/formaciones-online\/el-mundo-como-mito\/","title":{"rendered":"EL MUNDO COMO MITO"},"content":{"rendered":"<p><strong>FORMACI\u00d3N \u201cEL MUNDO COMO MITO\u201d<\/strong><\/p>\n<p>Dirigido a p\u00fablico en general.<\/p>\n<p>Nuestro inconsciente opera de manera simb\u00f3lica, como mito, por ende es desde la simbolog\u00eda y la mitolog\u00eda c\u00f3mo podremos descifrar su lenguaje. <strong>En definitiva, somos un mito.<\/strong><\/p>\n<p>Objetivo: entender la historia, la simbolog\u00eda y la mitolog\u00eda y c\u00f3mo estas se han inmiscuido en la construcci\u00f3n y percepci\u00f3n de lo que tomamos como verdades del mundo. Aprender a discernir y desmitificar, separar los hechos del mito. \u00bfQu\u00e9 es real, qu\u00e9 es ficticio? <strong><em>C\u00f3mo el mito nos interpela. <\/em><\/strong>El sentido de los arquetipos, h\u00e9roes y villanos, cielo e infierno. <strong><em>Para que dejemos de hacer\u2026simplemente porque siempre se ha hecho as\u00ed\u2026o porque nos dijeron que as\u00ed deb\u00eda hacerse. La idea b\u00e1sica de esta formaci\u00f3n es entender c\u00faal es nuestro mito. Nuestro propio viaje arquet\u00edpico del h\u00e9roe.<\/em><\/strong><\/p>\n<p>Duraci\u00f3n: 25 clases o 6 meses + 1 clase.<\/p>\n<p>Inversi\u00f3n: Argentina $ 58000 mensuales. Descuento 10% abonando el curso completo.<\/p>\n<p>Promoci\u00f3n residentes Sudam\u00e9rica 40 % de descuento: usd\/\u20ac 48. Resto del mundo: usd\/\u20ac 80. Descuento adicional 10% abonando el curso completo.<\/p>\n<p>Modalidad: una clase semanal grupal online sincr\u00f3nica de dos horas te\u00f3rico-pr\u00e1ctica. Modalidad asincr\u00f3nica con env\u00edo de material te\u00f3rico-pr\u00e1ctico con feedback de dudas y consultas a trav\u00e9s de plataforma Skype. Quedan grabadas durante un mes.<\/p>\n<p>Bibliograf\u00eda: material digitalizado.<\/p>\n<p>Se entrega certificaci\u00f3n cumplida el 80% de asistencia.<\/p>\n<p>&nbsp;<\/p>\n<p>Programa:<\/p>\n<p>Introducci\u00f3n: Por qu\u00e9 los mitos. Su significado y finalidad.<\/p>\n<p>PRIMERA PARTE: GRECIA (3 clases)<\/p>\n<p>Or\u00edgenes. Generaci\u00f3n de los Titanes. Principales divinidades. Demonios del mar. 1ra. Generaci\u00f3n. 2da. Generaci\u00f3n. Generaciones humanas. Musas y su especializaci\u00f3n. Genealog\u00eda y arquetipos en los dioses. 3ra. Generaci\u00f3n. 4ta. Generaci\u00f3n.<\/p>\n<p>&nbsp;<\/p>\n<p>SEGUNDA PARTE: ROMA (2 clases)<\/p>\n<p>Caracter\u00edsticas. Historia. Dioses: tipos. Referentes. Leyendas.<\/p>\n<p>&nbsp;<\/p>\n<p>TERCERA PARTE: N\u00d3RDICA (2 clases)<\/p>\n<p>Or\u00edgenes. Caracter\u00edsticas. Dioses. Mitos y leyendas. Historia. S\u00edmbolos, h\u00e9roes y monstruos.<\/p>\n<p>&nbsp;<\/p>\n<p>CUARTA PARTE: EGIPCIA (3 clases)<\/p>\n<p>Creencias o influencias. Caracter\u00edsticas. Genealog\u00eda. Criaturas. Gatos. Origen del universo. S\u00edmbolos destacados.<\/p>\n<p>&nbsp;<\/p>\n<p>QUINTA PARTE: COSMOLOG\u00cdA SUMERIA, BABIL\u00d3NICA Y FENICIA. MITOLOG\u00cdA ORIENTAL (6 clases)<\/p>\n<p>La Biblia: reinterpretaci\u00f3n de sus principales par\u00e1bolas. India, Arabia, China, Jap\u00f3n, Corea.<\/p>\n<p>&nbsp;<\/p>\n<p>SEXTA PARTE: COSMOGON\u00cdA AZTECA, MAYA E INCA (2 clases)<\/p>\n<p>S\u00c9PTIMA PARTE: B\u00cdBLICA Y ESOT\u00c9RICA. AN\u00c1LISIS DE LA DIVINA COMEDIA. DISTINTAS REPRESENTACIONES DEL INFRAMUNDO (4 clases)<\/p>\n<p>OCTAVA PARTE: INTERPRETACIONES Y APLICACIONES PSICOL\u00d3GICAS. C\u00d3MO LOS MITOS SE ENTREMEZCLAN CON LOS HECHOS. JUNG Y EL LIBRO ROJO (3 clases)<\/p>\n<p>&nbsp;<\/p>\n","protected":false},"excerpt":{"rendered":"<p>FORMACI\u00d3N \u201cEL MUNDO COMO MITO\u201d Dirigido a p\u00fablico en general. Nuestro inconsciente opera de manera simb\u00f3lica, como mito, por ende es desde la simbolog\u00eda y la mitolog\u00eda c\u00f3mo podremos descifrar su lenguaje. En definitiva, somos un mito. Objetivo: entender la historia, la simbolog\u00eda y la mitolog\u00eda y c\u00f3mo estas se han inmiscuido en la construcci\u00f3n [&hellip;]<\/p>\n","protected":false},"author":1,"featured_media":0,"parent":49,"menu_order":0,"comment_status":"closed","ping_status":"closed","template":"","meta":{"_monsterinsights_skip_tracking":false,"_monsterinsights_sitenote_active":false,"_monsterinsights_sitenote_note":"","_monsterinsights_sitenote_category":0,"_uf_show_specific_survey":0,"_uf_disable_surveys":false,"site-sidebar-layout":"default","site-content-layout":"default","ast-site-content-layout":"default","site-content-style":"default","site-sidebar-style":"default","ast-global-header-display":"","ast-banner-title-visibility":"","ast-main-header-display":"","ast-hfb-above-header-display":"","ast-hfb-below-header-display":"","ast-hfb-mobile-header-display":"","site-post-title":"","ast-breadcrumbs-content":"","ast-featured-img":"","footer-sml-layout":"","ast-disable-related-posts":"","theme-transparent-header-meta":"default","adv-header-id-meta":"","stick-header-meta":"","header-above-stick-meta":"","header-main-stick-meta":"","header-below-stick-meta":"","astra-migrate-meta-layouts":"set","ast-page-background-enabled":"default","ast-page-background-meta":{"desktop":{"background-color":"var(--ast-global-color-4)","background-image":"","background-repeat":"repeat","background-position":"center center","background-size":"auto","background-attachment":"scroll","background-type":"","background-media":"","overlay-type":"","overlay-color":"","overlay-opacity":"","overlay-gradient":""},"tablet":{"background-color":"","background-image":"","background-repeat":"repeat","background-position":"center center","background-size":"auto","background-attachment":"scroll","background-type":"","background-media":"","overlay-type":"","overlay-color":"","overlay-opacity":"","overlay-gradient":""},"mobile":{"background-color":"","background-image":"","background-repeat":"repeat","background-position":"center center","background-size":"auto","background-attachment":"scroll","background-type":"","background-media":"","overlay-type":"","overlay-color":"","overlay-opacity":"","overlay-gradient":""}},"ast-content-background-meta":{"desktop":{"background-color":"var(--ast-global-color-5)","background-image":"","background-repeat":"repeat","background-position":"center center","background-size":"auto","background-attachment":"scroll","background-type":"","background-media":"","overlay-type":"","overlay-color":"","overlay-opacity":"","overlay-gradient":""},"tablet":{"background-color":"var(--ast-global-color-5)","background-image":"","background-repeat":"repeat","background-position":"center center","background-size":"auto","background-attachment":"scroll","background-type":"","background-media":"","overlay-type":"","overlay-color":"","overlay-opacity":"","overlay-gradient":""},"mobile":{"background-color":"var(--ast-global-color-5)","background-image":"","background-repeat":"repeat","background-position":"center center","background-size":"auto","background-attachment":"scroll","background-type":"","background-media":"","overlay-type":"","overlay-color":"","overlay-opacity":"","overlay-gradient":""}},"footnotes":""},"class_list":["post-384","page","type-page","status-publish","hentry"],"yoast_head":"<!-- This site is optimized with the Yoast SEO plugin v27.0 - https:\/\/yoast.com\/product\/yoast-seo-wordpress\/ -->\n<title>EL MUNDO COMO MITO -<\/title>\n<meta name=\"robots\" content=\"index, follow, max-snippet:-1, max-image-preview:large, max-video-preview:-1\" \/>\n<link rel=\"canonical\" href=\"https:\/\/lallavepsi.net\/index.php\/formaciones-online\/el-mundo-como-mito\/\" \/>\n<meta property=\"og:locale\" content=\"es_ES\" \/>\n<meta property=\"og:type\" content=\"article\" \/>\n<meta property=\"og:title\" content=\"EL MUNDO COMO MITO -\" \/>\n<meta property=\"og:description\" content=\"FORMACI\u00d3N \u201cEL MUNDO COMO MITO\u201d Dirigido a p\u00fablico en general. Nuestro inconsciente opera de manera simb\u00f3lica, como mito, por ende es desde la simbolog\u00eda y la mitolog\u00eda c\u00f3mo podremos descifrar su lenguaje. En definitiva, somos un mito. Objetivo: entender la historia, la simbolog\u00eda y la mitolog\u00eda y c\u00f3mo estas se han inmiscuido en la construcci\u00f3n [&hellip;]\" \/>\n<meta property=\"og:url\" content=\"https:\/\/lallavepsi.net\/index.php\/formaciones-online\/el-mundo-como-mito\/\" \/>\n<meta property=\"article:modified_time\" content=\"2025-01-30T19:47:51+00:00\" \/>\n<meta name=\"twitter:card\" content=\"summary_large_image\" \/>\n<meta name=\"twitter:label1\" content=\"Tiempo de lectura\" \/>\n\t<meta name=\"twitter:data1\" content=\"2 minutos\" \/>\n<script type=\"application\/ld+json\" class=\"yoast-schema-graph\">{\"@context\":\"https:\/\/schema.org\",\"@graph\":[{\"@type\":\"WebPage\",\"@id\":\"https:\/\/lallavepsi.net\/index.php\/formaciones-online\/el-mundo-como-mito\/\",\"url\":\"https:\/\/lallavepsi.net\/index.php\/formaciones-online\/el-mundo-como-mito\/\",\"name\":\"EL MUNDO COMO MITO -\",\"isPartOf\":{\"@id\":\"https:\/\/lallavepsi.net\/#website\"},\"datePublished\":\"2023-01-26T18:51:59+00:00\",\"dateModified\":\"2025-01-30T19:47:51+00:00\",\"breadcrumb\":{\"@id\":\"https:\/\/lallavepsi.net\/index.php\/formaciones-online\/el-mundo-como-mito\/#breadcrumb\"},\"inLanguage\":\"es-AR\",\"potentialAction\":[{\"@type\":\"ReadAction\",\"target\":[\"https:\/\/lallavepsi.net\/index.php\/formaciones-online\/el-mundo-como-mito\/\"]}]},{\"@type\":\"BreadcrumbList\",\"@id\":\"https:\/\/lallavepsi.net\/index.php\/formaciones-online\/el-mundo-como-mito\/#breadcrumb\",\"itemListElement\":[{\"@type\":\"ListItem\",\"position\":1,\"name\":\"Inicio\",\"item\":\"https:\/\/lallavepsi.net\/\"},{\"@type\":\"ListItem\",\"position\":2,\"name\":\"FORMACIONES Y ESPECIALIZACIONES ONLINE\",\"item\":\"https:\/\/lallavepsi.net\/index.php\/formaciones-online\/\"},{\"@type\":\"ListItem\",\"position\":3,\"name\":\"EL MUNDO COMO MITO\"}]},{\"@type\":\"WebSite\",\"@id\":\"https:\/\/lallavepsi.net\/#website\",\"url\":\"https:\/\/lallavepsi.net\/\",\"name\":\"\",\"description\":\"\",\"potentialAction\":[{\"@type\":\"SearchAction\",\"target\":{\"@type\":\"EntryPoint\",\"urlTemplate\":\"https:\/\/lallavepsi.net\/?s={search_term_string}\"},\"query-input\":{\"@type\":\"PropertyValueSpecification\",\"valueRequired\":true,\"valueName\":\"search_term_string\"}}],\"inLanguage\":\"es-AR\"}]}<\/script>\n<!-- \/ Yoast SEO plugin. -->","yoast_head_json":{"title":"EL MUNDO COMO MITO -","robots":{"index":"index","follow":"follow","max-snippet":"max-snippet:-1","max-image-preview":"max-image-preview:large","max-video-preview":"max-video-preview:-1"},"canonical":"https:\/\/lallavepsi.net\/index.php\/formaciones-online\/el-mundo-como-mito\/","og_locale":"es_ES","og_type":"article","og_title":"EL MUNDO COMO MITO -","og_description":"FORMACI\u00d3N \u201cEL MUNDO COMO MITO\u201d Dirigido a p\u00fablico en general. Nuestro inconsciente opera de manera simb\u00f3lica, como mito, por ende es desde la simbolog\u00eda y la mitolog\u00eda c\u00f3mo podremos descifrar su lenguaje. En definitiva, somos un mito. Objetivo: entender la historia, la simbolog\u00eda y la mitolog\u00eda y c\u00f3mo estas se han inmiscuido en la construcci\u00f3n [&hellip;]","og_url":"https:\/\/lallavepsi.net\/index.php\/formaciones-online\/el-mundo-como-mito\/","article_modified_time":"2025-01-30T19:47:51+00:00","twitter_card":"summary_large_image","twitter_misc":{"Tiempo de lectura":"2 minutos"},"schema":{"@context":"https:\/\/schema.org","@graph":[{"@type":"WebPage","@id":"https:\/\/lallavepsi.net\/index.php\/formaciones-online\/el-mundo-como-mito\/","url":"https:\/\/lallavepsi.net\/index.php\/formaciones-online\/el-mundo-como-mito\/","name":"EL MUNDO COMO MITO -","isPartOf":{"@id":"https:\/\/lallavepsi.net\/#website"},"datePublished":"2023-01-26T18:51:59+00:00","dateModified":"2025-01-30T19:47:51+00:00","breadcrumb":{"@id":"https:\/\/lallavepsi.net\/index.php\/formaciones-online\/el-mundo-como-mito\/#breadcrumb"},"inLanguage":"es-AR","potentialAction":[{"@type":"ReadAction","target":["https:\/\/lallavepsi.net\/index.php\/formaciones-online\/el-mundo-como-mito\/"]}]},{"@type":"BreadcrumbList","@id":"https:\/\/lallavepsi.net\/index.php\/formaciones-online\/el-mundo-como-mito\/#breadcrumb","itemListElement":[{"@type":"ListItem","position":1,"name":"Inicio","item":"https:\/\/lallavepsi.net\/"},{"@type":"ListItem","position":2,"name":"FORMACIONES Y ESPECIALIZACIONES ONLINE","item":"https:\/\/lallavepsi.net\/index.php\/formaciones-online\/"},{"@type":"ListItem","position":3,"name":"EL MUNDO COMO MITO"}]},{"@type":"WebSite","@id":"https:\/\/lallavepsi.net\/#website","url":"https:\/\/lallavepsi.net\/","name":"","description":"","potentialAction":[{"@type":"SearchAction","target":{"@type":"EntryPoint","urlTemplate":"https:\/\/lallavepsi.net\/?s={search_term_string}"},"query-input":{"@type":"PropertyValueSpecification","valueRequired":true,"valueName":"search_term_string"}}],"inLanguage":"es-AR"}]}},"_hostinger_reach_plugin_has_subscription_block":false,"_hostinger_reach_plugin_is_elementor":false,"_links":{"self":[{"href":"https:\/\/lallavepsi.net\/index.php\/wp-json\/wp\/v2\/pages\/384","targetHints":{"allow":["GET"]}}],"collection":[{"href":"https:\/\/lallavepsi.net\/index.php\/wp-json\/wp\/v2\/pages"}],"about":[{"href":"https:\/\/lallavepsi.net\/index.php\/wp-json\/wp\/v2\/types\/page"}],"author":[{"embeddable":true,"href":"https:\/\/lallavepsi.net\/index.php\/wp-json\/wp\/v2\/users\/1"}],"replies":[{"embeddable":true,"href":"https:\/\/lallavepsi.net\/index.php\/wp-json\/wp\/v2\/comments?post=384"}],"version-history":[{"count":12,"href":"https:\/\/lallavepsi.net\/index.php\/wp-json\/wp\/v2\/pages\/384\/revisions"}],"predecessor-version":[{"id":2413,"href":"https:\/\/lallavepsi.net\/index.php\/wp-json\/wp\/v2\/pages\/384\/revisions\/2413"}],"up":[{"embeddable":true,"href":"https:\/\/lallavepsi.net\/index.php\/wp-json\/wp\/v2\/pages\/49"}],"wp:attachment":[{"href":"https:\/\/lallavepsi.net\/index.php\/wp-json\/wp\/v2\/media?parent=384"}],"curies":[{"name":"wp","href":"https:\/\/api.w.org\/{rel}","templated":true}]}}