{"id":399,"date":"2023-02-01T16:42:07","date_gmt":"2023-02-01T16:42:07","guid":{"rendered":"https:\/\/lallavepsi.net\/?page_id=399"},"modified":"2025-07-12T00:15:23","modified_gmt":"2025-07-12T00:15:23","slug":"charlas-gratuitas","status":"publish","type":"page","link":"https:\/\/lallavepsi.net\/index.php\/actividades-gratuitas\/charlas-gratuitas\/","title":{"rendered":"CHARLAS\/STREAMING"},"content":{"rendered":"<p>Un espacio donde proponemos temas de inter\u00e9s cotidiano para reflexionar juntos sin posicionamientos polarizados, teniendo como premisa el entrenamiento de un pensamiento cr\u00edtico y el discernimiento.<\/p>\n<p>Todas las tem\u00e1ticas se abordar\u00e1n desde un enfoque m\u00faltiple, abrazando cualquier otra disciplina o t\u00e9cnica que facilite, ampl\u00ede y abra horizontes y expanda fronteras de reflexi\u00f3n y consciencia.<\/p>\n<p>Las charlas tienen un formato de una hora y se transmiten en vivo, proponiendo la interacci\u00f3n con los asistentes (sin l\u00edmite de cupo, el \u00fanico requisito es que sean mayores de edad o menores acompa\u00f1ados) que pueden en forma libre preguntar y proponer lo que deseen.<\/p>\n<p><strong>Te esperamos todos los lunes a las 19 hs. en vivo por Facebook, Instagram y YouTube.<\/strong><\/p>\n<p><strong>Un viernes al mes a las 12 hs. en &#8220;Redes de Bienestar&#8221; radiostreaming a trav\u00e9s de www.puntocero.me\/tv<\/strong><\/p>\n","protected":false},"excerpt":{"rendered":"<p>Un espacio donde proponemos temas de inter\u00e9s cotidiano para reflexionar juntos sin posicionamientos polarizados, teniendo como premisa el entrenamiento de un pensamiento cr\u00edtico y el discernimiento. Todas las tem\u00e1ticas se abordar\u00e1n desde un enfoque m\u00faltiple, abrazando cualquier otra disciplina o t\u00e9cnica que facilite, ampl\u00ede y abra horizontes y expanda fronteras de reflexi\u00f3n y consciencia. Las [&hellip;]<\/p>\n","protected":false},"author":1,"featured_media":0,"parent":397,"menu_order":0,"comment_status":"closed","ping_status":"closed","template":"","meta":{"_monsterinsights_skip_tracking":false,"_monsterinsights_sitenote_active":false,"_monsterinsights_sitenote_note":"","_monsterinsights_sitenote_category":0,"_uf_show_specific_survey":0,"_uf_disable_surveys":false,"site-sidebar-layout":"default","site-content-layout":"default","ast-site-content-layout":"default","site-content-style":"default","site-sidebar-style":"default","ast-global-header-display":"","ast-banner-title-visibility":"","ast-main-header-display":"","ast-hfb-above-header-display":"","ast-hfb-below-header-display":"","ast-hfb-mobile-header-display":"","site-post-title":"","ast-breadcrumbs-content":"","ast-featured-img":"","footer-sml-layout":"","ast-disable-related-posts":"","theme-transparent-header-meta":"default","adv-header-id-meta":"","stick-header-meta":"","header-above-stick-meta":"","header-main-stick-meta":"","header-below-stick-meta":"","astra-migrate-meta-layouts":"set","ast-page-background-enabled":"default","ast-page-background-meta":{"desktop":{"background-color":"var(--ast-global-color-4)","background-image":"","background-repeat":"repeat","background-position":"center center","background-size":"auto","background-attachment":"scroll","background-type":"","background-media":"","overlay-type":"","overlay-color":"","overlay-opacity":"","overlay-gradient":""},"tablet":{"background-color":"","background-image":"","background-repeat":"repeat","background-position":"center center","background-size":"auto","background-attachment":"scroll","background-type":"","background-media":"","overlay-type":"","overlay-color":"","overlay-opacity":"","overlay-gradient":""},"mobile":{"background-color":"","background-image":"","background-repeat":"repeat","background-position":"center center","background-size":"auto","background-attachment":"scroll","background-type":"","background-media":"","overlay-type":"","overlay-color":"","overlay-opacity":"","overlay-gradient":""}},"ast-content-background-meta":{"desktop":{"background-color":"var(--ast-global-color-5)","background-image":"","background-repeat":"repeat","background-position":"center center","background-size":"auto","background-attachment":"scroll","background-type":"","background-media":"","overlay-type":"","overlay-color":"","overlay-opacity":"","overlay-gradient":""},"tablet":{"background-color":"var(--ast-global-color-5)","background-image":"","background-repeat":"repeat","background-position":"center center","background-size":"auto","background-attachment":"scroll","background-type":"","background-media":"","overlay-type":"","overlay-color":"","overlay-opacity":"","overlay-gradient":""},"mobile":{"background-color":"var(--ast-global-color-5)","background-image":"","background-repeat":"repeat","background-position":"center center","background-size":"auto","background-attachment":"scroll","background-type":"","background-media":"","overlay-type":"","overlay-color":"","overlay-opacity":"","overlay-gradient":""}},"footnotes":""},"class_list":["post-399","page","type-page","status-publish","hentry"],"yoast_head":"<!-- This site is optimized with the Yoast SEO plugin v27.0 - https:\/\/yoast.com\/product\/yoast-seo-wordpress\/ -->\n<title>CHARLAS\/STREAMING -<\/title>\n<meta name=\"robots\" content=\"index, follow, max-snippet:-1, max-image-preview:large, max-video-preview:-1\" \/>\n<link rel=\"canonical\" href=\"https:\/\/lallavepsi.net\/index.php\/actividades-gratuitas\/charlas-gratuitas\/\" \/>\n<meta property=\"og:locale\" content=\"es_ES\" \/>\n<meta property=\"og:type\" content=\"article\" \/>\n<meta property=\"og:title\" content=\"CHARLAS\/STREAMING -\" \/>\n<meta property=\"og:description\" content=\"Un espacio donde proponemos temas de inter\u00e9s cotidiano para reflexionar juntos sin posicionamientos polarizados, teniendo como premisa el entrenamiento de un pensamiento cr\u00edtico y el discernimiento. Todas las tem\u00e1ticas se abordar\u00e1n desde un enfoque m\u00faltiple, abrazando cualquier otra disciplina o t\u00e9cnica que facilite, ampl\u00ede y abra horizontes y expanda fronteras de reflexi\u00f3n y consciencia. Las [&hellip;]\" \/>\n<meta property=\"og:url\" content=\"https:\/\/lallavepsi.net\/index.php\/actividades-gratuitas\/charlas-gratuitas\/\" \/>\n<meta property=\"article:modified_time\" content=\"2025-07-12T00:15:23+00:00\" \/>\n<meta name=\"twitter:card\" content=\"summary_large_image\" \/>\n<meta name=\"twitter:label1\" content=\"Tiempo de lectura\" \/>\n\t<meta name=\"twitter:data1\" content=\"1 minuto\" \/>\n<script type=\"application\/ld+json\" class=\"yoast-schema-graph\">{\"@context\":\"https:\/\/schema.org\",\"@graph\":[{\"@type\":\"WebPage\",\"@id\":\"https:\/\/lallavepsi.net\/index.php\/actividades-gratuitas\/charlas-gratuitas\/\",\"url\":\"https:\/\/lallavepsi.net\/index.php\/actividades-gratuitas\/charlas-gratuitas\/\",\"name\":\"CHARLAS\/STREAMING -\",\"isPartOf\":{\"@id\":\"https:\/\/lallavepsi.net\/#website\"},\"datePublished\":\"2023-02-01T16:42:07+00:00\",\"dateModified\":\"2025-07-12T00:15:23+00:00\",\"breadcrumb\":{\"@id\":\"https:\/\/lallavepsi.net\/index.php\/actividades-gratuitas\/charlas-gratuitas\/#breadcrumb\"},\"inLanguage\":\"es-AR\",\"potentialAction\":[{\"@type\":\"ReadAction\",\"target\":[\"https:\/\/lallavepsi.net\/index.php\/actividades-gratuitas\/charlas-gratuitas\/\"]}]},{\"@type\":\"BreadcrumbList\",\"@id\":\"https:\/\/lallavepsi.net\/index.php\/actividades-gratuitas\/charlas-gratuitas\/#breadcrumb\",\"itemListElement\":[{\"@type\":\"ListItem\",\"position\":1,\"name\":\"Inicio\",\"item\":\"https:\/\/lallavepsi.net\/\"},{\"@type\":\"ListItem\",\"position\":2,\"name\":\"ACTIVIDADES GRATUITAS\",\"item\":\"https:\/\/lallavepsi.net\/index.php\/actividades-gratuitas\/\"},{\"@type\":\"ListItem\",\"position\":3,\"name\":\"CHARLAS\/STREAMING\"}]},{\"@type\":\"WebSite\",\"@id\":\"https:\/\/lallavepsi.net\/#website\",\"url\":\"https:\/\/lallavepsi.net\/\",\"name\":\"\",\"description\":\"\",\"potentialAction\":[{\"@type\":\"SearchAction\",\"target\":{\"@type\":\"EntryPoint\",\"urlTemplate\":\"https:\/\/lallavepsi.net\/?s={search_term_string}\"},\"query-input\":{\"@type\":\"PropertyValueSpecification\",\"valueRequired\":true,\"valueName\":\"search_term_string\"}}],\"inLanguage\":\"es-AR\"}]}<\/script>\n<!-- \/ Yoast SEO plugin. -->","yoast_head_json":{"title":"CHARLAS\/STREAMING -","robots":{"index":"index","follow":"follow","max-snippet":"max-snippet:-1","max-image-preview":"max-image-preview:large","max-video-preview":"max-video-preview:-1"},"canonical":"https:\/\/lallavepsi.net\/index.php\/actividades-gratuitas\/charlas-gratuitas\/","og_locale":"es_ES","og_type":"article","og_title":"CHARLAS\/STREAMING -","og_description":"Un espacio donde proponemos temas de inter\u00e9s cotidiano para reflexionar juntos sin posicionamientos polarizados, teniendo como premisa el entrenamiento de un pensamiento cr\u00edtico y el discernimiento. Todas las tem\u00e1ticas se abordar\u00e1n desde un enfoque m\u00faltiple, abrazando cualquier otra disciplina o t\u00e9cnica que facilite, ampl\u00ede y abra horizontes y expanda fronteras de reflexi\u00f3n y consciencia. Las [&hellip;]","og_url":"https:\/\/lallavepsi.net\/index.php\/actividades-gratuitas\/charlas-gratuitas\/","article_modified_time":"2025-07-12T00:15:23+00:00","twitter_card":"summary_large_image","twitter_misc":{"Tiempo de lectura":"1 minuto"},"schema":{"@context":"https:\/\/schema.org","@graph":[{"@type":"WebPage","@id":"https:\/\/lallavepsi.net\/index.php\/actividades-gratuitas\/charlas-gratuitas\/","url":"https:\/\/lallavepsi.net\/index.php\/actividades-gratuitas\/charlas-gratuitas\/","name":"CHARLAS\/STREAMING -","isPartOf":{"@id":"https:\/\/lallavepsi.net\/#website"},"datePublished":"2023-02-01T16:42:07+00:00","dateModified":"2025-07-12T00:15:23+00:00","breadcrumb":{"@id":"https:\/\/lallavepsi.net\/index.php\/actividades-gratuitas\/charlas-gratuitas\/#breadcrumb"},"inLanguage":"es-AR","potentialAction":[{"@type":"ReadAction","target":["https:\/\/lallavepsi.net\/index.php\/actividades-gratuitas\/charlas-gratuitas\/"]}]},{"@type":"BreadcrumbList","@id":"https:\/\/lallavepsi.net\/index.php\/actividades-gratuitas\/charlas-gratuitas\/#breadcrumb","itemListElement":[{"@type":"ListItem","position":1,"name":"Inicio","item":"https:\/\/lallavepsi.net\/"},{"@type":"ListItem","position":2,"name":"ACTIVIDADES GRATUITAS","item":"https:\/\/lallavepsi.net\/index.php\/actividades-gratuitas\/"},{"@type":"ListItem","position":3,"name":"CHARLAS\/STREAMING"}]},{"@type":"WebSite","@id":"https:\/\/lallavepsi.net\/#website","url":"https:\/\/lallavepsi.net\/","name":"","description":"","potentialAction":[{"@type":"SearchAction","target":{"@type":"EntryPoint","urlTemplate":"https:\/\/lallavepsi.net\/?s={search_term_string}"},"query-input":{"@type":"PropertyValueSpecification","valueRequired":true,"valueName":"search_term_string"}}],"inLanguage":"es-AR"}]}},"_hostinger_reach_plugin_has_subscription_block":false,"_hostinger_reach_plugin_is_elementor":false,"_links":{"self":[{"href":"https:\/\/lallavepsi.net\/index.php\/wp-json\/wp\/v2\/pages\/399","targetHints":{"allow":["GET"]}}],"collection":[{"href":"https:\/\/lallavepsi.net\/index.php\/wp-json\/wp\/v2\/pages"}],"about":[{"href":"https:\/\/lallavepsi.net\/index.php\/wp-json\/wp\/v2\/types\/page"}],"author":[{"embeddable":true,"href":"https:\/\/lallavepsi.net\/index.php\/wp-json\/wp\/v2\/users\/1"}],"replies":[{"embeddable":true,"href":"https:\/\/lallavepsi.net\/index.php\/wp-json\/wp\/v2\/comments?post=399"}],"version-history":[{"count":8,"href":"https:\/\/lallavepsi.net\/index.php\/wp-json\/wp\/v2\/pages\/399\/revisions"}],"predecessor-version":[{"id":2455,"href":"https:\/\/lallavepsi.net\/index.php\/wp-json\/wp\/v2\/pages\/399\/revisions\/2455"}],"up":[{"embeddable":true,"href":"https:\/\/lallavepsi.net\/index.php\/wp-json\/wp\/v2\/pages\/397"}],"wp:attachment":[{"href":"https:\/\/lallavepsi.net\/index.php\/wp-json\/wp\/v2\/media?parent=399"}],"curies":[{"name":"wp","href":"https:\/\/api.w.org\/{rel}","templated":true}]}}