{"id":1713,"date":"2023-02-14T20:43:56","date_gmt":"2023-02-14T20:43:56","guid":{"rendered":"https:\/\/lallavepsi.net\/index.php\/producto\/album\/"},"modified":"2025-01-16T00:27:45","modified_gmt":"2025-01-16T00:27:45","slug":"album","status":"publish","type":"product","link":"https:\/\/lallavepsi.net\/index.php\/producto\/album\/","title":{"rendered":"FORMACI\u00d3N ONLINE ABORDAJE NI\u00d1OS Y ADOLESCENTES"},"content":{"rendered":"","protected":false},"excerpt":{"rendered":"<p>Incorporaci\u00f3n de recursos para entender y lograr una comunicaci\u00f3n efectiva para mejorar el v\u00ednculo con los ni\u00f1os y adolescentes actuales, brindando un marco de contenci\u00f3n y comprensi\u00f3n de sus problem\u00e1ticas y erigi\u00e9ndonos en pilares adultos responsables de su cuidado y referencia. Ver programa en\u00a0<a href=\"https:\/\/lallavepsi.net\/index.php\/formaciones-online\/abordaje-de-ninos-y-adolescentes\/\">https:\/\/lallavepsi.net\/index.php\/formaciones-online\/abordaje-de-ninos-y-adolescentes\/<\/a><\/p>\n","protected":false},"featured_media":1714,"comment_status":"open","ping_status":"closed","template":"","meta":{"_monsterinsights_skip_tracking":false,"_monsterinsights_sitenote_active":false,"_monsterinsights_sitenote_note":"","_monsterinsights_sitenote_category":0,"_uf_show_specific_survey":0,"_uf_disable_surveys":false,"site-sidebar-layout":"default","site-content-layout":"default","ast-site-content-layout":"default","site-content-style":"default","site-sidebar-style":"default","ast-global-header-display":"","ast-banner-title-visibility":"","ast-main-header-display":"","ast-hfb-above-header-display":"","ast-hfb-below-header-display":"","ast-hfb-mobile-header-display":"","site-post-title":"","ast-breadcrumbs-content":"","ast-featured-img":"","footer-sml-layout":"","ast-disable-related-posts":"","theme-transparent-header-meta":"default","adv-header-id-meta":"","stick-header-meta":"","header-above-stick-meta":"","header-main-stick-meta":"","header-below-stick-meta":"","astra-migrate-meta-layouts":"set","ast-page-background-enabled":"default","ast-page-background-meta":{"desktop":{"background-color":"var(--ast-global-color-4)","background-image":"","background-repeat":"repeat","background-position":"center center","background-size":"auto","background-attachment":"scroll","background-type":"","background-media":"","overlay-type":"","overlay-color":"","overlay-opacity":"","overlay-gradient":""},"tablet":{"background-color":"","background-image":"","background-repeat":"repeat","background-position":"center center","background-size":"auto","background-attachment":"scroll","background-type":"","background-media":"","overlay-type":"","overlay-color":"","overlay-opacity":"","overlay-gradient":""},"mobile":{"background-color":"","background-image":"","background-repeat":"repeat","background-position":"center center","background-size":"auto","background-attachment":"scroll","background-type":"","background-media":"","overlay-type":"","overlay-color":"","overlay-opacity":"","overlay-gradient":""}},"ast-content-background-meta":{"desktop":{"background-color":"var(--ast-global-color-5)","background-image":"","background-repeat":"repeat","background-position":"center center","background-size":"auto","background-attachment":"scroll","background-type":"","background-media":"","overlay-type":"","overlay-color":"","overlay-opacity":"","overlay-gradient":""},"tablet":{"background-color":"var(--ast-global-color-5)","background-image":"","background-repeat":"repeat","background-position":"center center","background-size":"auto","background-attachment":"scroll","background-type":"","background-media":"","overlay-type":"","overlay-color":"","overlay-opacity":"","overlay-gradient":""},"mobile":{"background-color":"var(--ast-global-color-5)","background-image":"","background-repeat":"repeat","background-position":"center center","background-size":"auto","background-attachment":"scroll","background-type":"","background-media":"","overlay-type":"","overlay-color":"","overlay-opacity":"","overlay-gradient":""}}},"product_brand":[],"product_cat":[189],"product_tag":[193,191,190,713,712,192,714,715],"class_list":{"0":"post-1713","1":"product","2":"type-product","3":"status-publish","4":"has-post-thumbnail","6":"product_cat-formaciones","7":"product_tag-adolescentes","8":"product_tag-crianza","9":"product_tag-educacion","10":"product_tag-ensenanza","11":"product_tag-familias","12":"product_tag-ninos","13":"product_tag-ninos-problema","14":"product_tag-padres-e-hijos","15":"desktop-align-left","16":"tablet-align-left","17":"mobile-align-left","19":"first","20":"instock","21":"sale","22":"virtual","23":"taxable","24":"purchasable","25":"product-type-simple"},"yoast_head":"<!-- This site is optimized with the Yoast SEO plugin v27.0 - https:\/\/yoast.com\/product\/yoast-seo-wordpress\/ -->\n<title>FORMACI\u00d3N ONLINE ABORDAJE NI\u00d1OS Y ADOLESCENTES -<\/title>\n<meta name=\"description\" content=\"Incorporaci\u00f3n de recursos para entender y lograr una comunicaci\u00f3n efectiva para mejorar el v\u00ednculo con los ni\u00f1os y adolescentes actuales, brindando un marco de contenci\u00f3n y comprensi\u00f3n de sus problem\u00e1ticas y erigi\u00e9ndonos en pilares adultos responsables de su cuidado y referencia. Ver programa en\u00a0https:\/\/lallavepsi.net\/index.php\/formaciones-online\/abordaje-de-ninos-y-adolescentes\/\" \/>\n<meta name=\"robots\" content=\"index, follow, max-snippet:-1, max-image-preview:large, max-video-preview:-1\" \/>\n<link rel=\"canonical\" href=\"https:\/\/lallavepsi.net\/index.php\/producto\/album\/\" \/>\n<meta property=\"og:locale\" content=\"es_ES\" \/>\n<meta property=\"og:type\" content=\"article\" \/>\n<meta property=\"og:title\" content=\"FORMACI\u00d3N ONLINE ABORDAJE NI\u00d1OS Y ADOLESCENTES -\" \/>\n<meta property=\"og:description\" content=\"Incorporaci\u00f3n de recursos para entender y lograr una comunicaci\u00f3n efectiva para mejorar el v\u00ednculo con los ni\u00f1os y adolescentes actuales, brindando un marco de contenci\u00f3n y comprensi\u00f3n de sus problem\u00e1ticas y erigi\u00e9ndonos en pilares adultos responsables de su cuidado y referencia. Ver programa en\u00a0https:\/\/lallavepsi.net\/index.php\/formaciones-online\/abordaje-de-ninos-y-adolescentes\/\" \/>\n<meta property=\"og:url\" content=\"https:\/\/lallavepsi.net\/index.php\/producto\/album\/\" \/>\n<meta property=\"article:modified_time\" content=\"2025-01-16T00:27:45+00:00\" \/>\n<meta property=\"og:image\" content=\"https:\/\/lallavepsi.net\/wp-content\/uploads\/2023\/02\/450_1000.jpeg\" \/>\n\t<meta property=\"og:image:width\" content=\"450\" \/>\n\t<meta property=\"og:image:height\" content=\"300\" \/>\n\t<meta property=\"og:image:type\" content=\"image\/jpeg\" \/>\n<meta name=\"twitter:card\" content=\"summary_large_image\" \/>\n<meta name=\"twitter:label1\" content=\"Tiempo de lectura\" \/>\n\t<meta name=\"twitter:data1\" content=\"1 minuto\" \/>\n<script type=\"application\/ld+json\" class=\"yoast-schema-graph\">{\"@context\":\"https:\/\/schema.org\",\"@graph\":[{\"@type\":\"WebPage\",\"@id\":\"https:\/\/lallavepsi.net\/index.php\/producto\/album\/\",\"url\":\"https:\/\/lallavepsi.net\/index.php\/producto\/album\/\",\"name\":\"FORMACI\u00d3N ONLINE ABORDAJE NI\u00d1OS Y ADOLESCENTES -\",\"isPartOf\":{\"@id\":\"https:\/\/lallavepsi.net\/#website\"},\"primaryImageOfPage\":{\"@id\":\"https:\/\/lallavepsi.net\/index.php\/producto\/album\/#primaryimage\"},\"image\":{\"@id\":\"https:\/\/lallavepsi.net\/index.php\/producto\/album\/#primaryimage\"},\"thumbnailUrl\":\"https:\/\/lallavepsi.net\/wp-content\/uploads\/2023\/02\/450_1000.jpeg\",\"datePublished\":\"2023-02-14T20:43:56+00:00\",\"dateModified\":\"2025-01-16T00:27:45+00:00\",\"description\":\"Incorporaci\u00f3n de recursos para entender y lograr una comunicaci\u00f3n efectiva para mejorar el v\u00ednculo con los ni\u00f1os y adolescentes actuales, brindando un marco de contenci\u00f3n y comprensi\u00f3n de sus problem\u00e1ticas y erigi\u00e9ndonos en pilares adultos responsables de su cuidado y referencia. Ver programa en\u00a0https:\/\/lallavepsi.net\/index.php\/formaciones-online\/abordaje-de-ninos-y-adolescentes\/\",\"breadcrumb\":{\"@id\":\"https:\/\/lallavepsi.net\/index.php\/producto\/album\/#breadcrumb\"},\"inLanguage\":\"es-AR\",\"potentialAction\":[{\"@type\":\"ReadAction\",\"target\":[\"https:\/\/lallavepsi.net\/index.php\/producto\/album\/\"]}]},{\"@type\":\"ImageObject\",\"inLanguage\":\"es-AR\",\"@id\":\"https:\/\/lallavepsi.net\/index.php\/producto\/album\/#primaryimage\",\"url\":\"https:\/\/lallavepsi.net\/wp-content\/uploads\/2023\/02\/450_1000.jpeg\",\"contentUrl\":\"https:\/\/lallavepsi.net\/wp-content\/uploads\/2023\/02\/450_1000.jpeg\",\"width\":450,\"height\":300},{\"@type\":\"BreadcrumbList\",\"@id\":\"https:\/\/lallavepsi.net\/index.php\/producto\/album\/#breadcrumb\",\"itemListElement\":[{\"@type\":\"ListItem\",\"position\":1,\"name\":\"Inicio\",\"item\":\"https:\/\/lallavepsi.net\/\"},{\"@type\":\"ListItem\",\"position\":2,\"name\":\"VER TIENDA\",\"item\":\"https:\/\/lallavepsi.net\/index.php\/ver-tienda\/\"},{\"@type\":\"ListItem\",\"position\":3,\"name\":\"FORMACI\u00d3N ONLINE ABORDAJE NI\u00d1OS Y ADOLESCENTES\"}]},{\"@type\":\"WebSite\",\"@id\":\"https:\/\/lallavepsi.net\/#website\",\"url\":\"https:\/\/lallavepsi.net\/\",\"name\":\"\",\"description\":\"\",\"potentialAction\":[{\"@type\":\"SearchAction\",\"target\":{\"@type\":\"EntryPoint\",\"urlTemplate\":\"https:\/\/lallavepsi.net\/?s={search_term_string}\"},\"query-input\":{\"@type\":\"PropertyValueSpecification\",\"valueRequired\":true,\"valueName\":\"search_term_string\"}}],\"inLanguage\":\"es-AR\"}]}<\/script>\n<!-- \/ Yoast SEO plugin. -->","yoast_head_json":{"title":"FORMACI\u00d3N ONLINE ABORDAJE NI\u00d1OS Y ADOLESCENTES -","description":"Incorporaci\u00f3n de recursos para entender y lograr una comunicaci\u00f3n efectiva para mejorar el v\u00ednculo con los ni\u00f1os y adolescentes actuales, brindando un marco de contenci\u00f3n y comprensi\u00f3n de sus problem\u00e1ticas y erigi\u00e9ndonos en pilares adultos responsables de su cuidado y referencia. Ver programa en\u00a0https:\/\/lallavepsi.net\/index.php\/formaciones-online\/abordaje-de-ninos-y-adolescentes\/","robots":{"index":"index","follow":"follow","max-snippet":"max-snippet:-1","max-image-preview":"max-image-preview:large","max-video-preview":"max-video-preview:-1"},"canonical":"https:\/\/lallavepsi.net\/index.php\/producto\/album\/","og_locale":"es_ES","og_type":"article","og_title":"FORMACI\u00d3N ONLINE ABORDAJE NI\u00d1OS Y ADOLESCENTES -","og_description":"Incorporaci\u00f3n de recursos para entender y lograr una comunicaci\u00f3n efectiva para mejorar el v\u00ednculo con los ni\u00f1os y adolescentes actuales, brindando un marco de contenci\u00f3n y comprensi\u00f3n de sus problem\u00e1ticas y erigi\u00e9ndonos en pilares adultos responsables de su cuidado y referencia. Ver programa en\u00a0https:\/\/lallavepsi.net\/index.php\/formaciones-online\/abordaje-de-ninos-y-adolescentes\/","og_url":"https:\/\/lallavepsi.net\/index.php\/producto\/album\/","article_modified_time":"2025-01-16T00:27:45+00:00","og_image":[{"width":450,"height":300,"url":"https:\/\/lallavepsi.net\/wp-content\/uploads\/2023\/02\/450_1000.jpeg","type":"image\/jpeg"}],"twitter_card":"summary_large_image","twitter_misc":{"Tiempo de lectura":"1 minuto"},"schema":{"@context":"https:\/\/schema.org","@graph":[{"@type":"WebPage","@id":"https:\/\/lallavepsi.net\/index.php\/producto\/album\/","url":"https:\/\/lallavepsi.net\/index.php\/producto\/album\/","name":"FORMACI\u00d3N ONLINE ABORDAJE NI\u00d1OS Y ADOLESCENTES -","isPartOf":{"@id":"https:\/\/lallavepsi.net\/#website"},"primaryImageOfPage":{"@id":"https:\/\/lallavepsi.net\/index.php\/producto\/album\/#primaryimage"},"image":{"@id":"https:\/\/lallavepsi.net\/index.php\/producto\/album\/#primaryimage"},"thumbnailUrl":"https:\/\/lallavepsi.net\/wp-content\/uploads\/2023\/02\/450_1000.jpeg","datePublished":"2023-02-14T20:43:56+00:00","dateModified":"2025-01-16T00:27:45+00:00","description":"Incorporaci\u00f3n de recursos para entender y lograr una comunicaci\u00f3n efectiva para mejorar el v\u00ednculo con los ni\u00f1os y adolescentes actuales, brindando un marco de contenci\u00f3n y comprensi\u00f3n de sus problem\u00e1ticas y erigi\u00e9ndonos en pilares adultos responsables de su cuidado y referencia. Ver programa en\u00a0https:\/\/lallavepsi.net\/index.php\/formaciones-online\/abordaje-de-ninos-y-adolescentes\/","breadcrumb":{"@id":"https:\/\/lallavepsi.net\/index.php\/producto\/album\/#breadcrumb"},"inLanguage":"es-AR","potentialAction":[{"@type":"ReadAction","target":["https:\/\/lallavepsi.net\/index.php\/producto\/album\/"]}]},{"@type":"ImageObject","inLanguage":"es-AR","@id":"https:\/\/lallavepsi.net\/index.php\/producto\/album\/#primaryimage","url":"https:\/\/lallavepsi.net\/wp-content\/uploads\/2023\/02\/450_1000.jpeg","contentUrl":"https:\/\/lallavepsi.net\/wp-content\/uploads\/2023\/02\/450_1000.jpeg","width":450,"height":300},{"@type":"BreadcrumbList","@id":"https:\/\/lallavepsi.net\/index.php\/producto\/album\/#breadcrumb","itemListElement":[{"@type":"ListItem","position":1,"name":"Inicio","item":"https:\/\/lallavepsi.net\/"},{"@type":"ListItem","position":2,"name":"VER TIENDA","item":"https:\/\/lallavepsi.net\/index.php\/ver-tienda\/"},{"@type":"ListItem","position":3,"name":"FORMACI\u00d3N ONLINE ABORDAJE NI\u00d1OS Y ADOLESCENTES"}]},{"@type":"WebSite","@id":"https:\/\/lallavepsi.net\/#website","url":"https:\/\/lallavepsi.net\/","name":"","description":"","potentialAction":[{"@type":"SearchAction","target":{"@type":"EntryPoint","urlTemplate":"https:\/\/lallavepsi.net\/?s={search_term_string}"},"query-input":{"@type":"PropertyValueSpecification","valueRequired":true,"valueName":"search_term_string"}}],"inLanguage":"es-AR"}]}},"_links":{"self":[{"href":"https:\/\/lallavepsi.net\/index.php\/wp-json\/wp\/v2\/product\/1713","targetHints":{"allow":["GET"]}}],"collection":[{"href":"https:\/\/lallavepsi.net\/index.php\/wp-json\/wp\/v2\/product"}],"about":[{"href":"https:\/\/lallavepsi.net\/index.php\/wp-json\/wp\/v2\/types\/product"}],"replies":[{"embeddable":true,"href":"https:\/\/lallavepsi.net\/index.php\/wp-json\/wp\/v2\/comments?post=1713"}],"wp:featuredmedia":[{"embeddable":true,"href":"https:\/\/lallavepsi.net\/index.php\/wp-json\/wp\/v2\/media\/1714"}],"wp:attachment":[{"href":"https:\/\/lallavepsi.net\/index.php\/wp-json\/wp\/v2\/media?parent=1713"}],"wp:term":[{"taxonomy":"product_brand","embeddable":true,"href":"https:\/\/lallavepsi.net\/index.php\/wp-json\/wp\/v2\/product_brand?post=1713"},{"taxonomy":"product_cat","embeddable":true,"href":"https:\/\/lallavepsi.net\/index.php\/wp-json\/wp\/v2\/product_cat?post=1713"},{"taxonomy":"product_tag","embeddable":true,"href":"https:\/\/lallavepsi.net\/index.php\/wp-json\/wp\/v2\/product_tag?post=1713"}],"curies":[{"name":"wp","href":"https:\/\/api.w.org\/{rel}","templated":true}]}}