{"id":1774,"date":"2023-02-20T19:10:34","date_gmt":"2023-02-20T19:10:34","guid":{"rendered":"https:\/\/lallavepsi.net\/?post_type=product&#038;p=1774"},"modified":"2025-01-16T00:26:05","modified_gmt":"2025-01-16T00:26:05","slug":"formacion-online-conflictos-de-pareja","status":"publish","type":"product","link":"https:\/\/lallavepsi.net\/index.php\/producto\/formacion-online-conflictos-de-pareja\/","title":{"rendered":"FORMACI\u00d3N ONLINE CONFLICTOS DE PAREJA"},"content":{"rendered":"","protected":false},"excerpt":{"rendered":"<p>Encontr\u00e1 recursos y herramientas para aprender a comprender y resolver la complejidad de los v\u00ednculos de pareja desde m\u00faltiples perspectivas, con una mirada cr\u00edtica, abierta y pr\u00e1ctica. Ver programa en:\u00a0<a href=\"https:\/\/lallavepsi.net\/index.php\/formaciones-online\/conflictos-de-pareja\/\">https:\/\/lallavepsi.net\/index.php\/formaciones-online\/conflictos-de-pareja\/<\/a><\/p>\n<p>&nbsp;<\/p>\n","protected":false},"featured_media":1777,"comment_status":"open","ping_status":"closed","template":"","meta":{"_monsterinsights_skip_tracking":false,"_monsterinsights_sitenote_active":false,"_monsterinsights_sitenote_note":"","_monsterinsights_sitenote_category":0,"_uf_show_specific_survey":0,"_uf_disable_surveys":false,"site-sidebar-layout":"default","site-content-layout":"default","ast-site-content-layout":"default","site-content-style":"default","site-sidebar-style":"default","ast-global-header-display":"","ast-banner-title-visibility":"","ast-main-header-display":"","ast-hfb-above-header-display":"","ast-hfb-below-header-display":"","ast-hfb-mobile-header-display":"","site-post-title":"","ast-breadcrumbs-content":"","ast-featured-img":"","footer-sml-layout":"","ast-disable-related-posts":"","theme-transparent-header-meta":"default","adv-header-id-meta":"","stick-header-meta":"","header-above-stick-meta":"","header-main-stick-meta":"","header-below-stick-meta":"","astra-migrate-meta-layouts":"set","ast-page-background-enabled":"default","ast-page-background-meta":{"desktop":{"background-color":"var(--ast-global-color-4)","background-image":"","background-repeat":"repeat","background-position":"center center","background-size":"auto","background-attachment":"scroll","background-type":"","background-media":"","overlay-type":"","overlay-color":"","overlay-opacity":"","overlay-gradient":""},"tablet":{"background-color":"","background-image":"","background-repeat":"repeat","background-position":"center center","background-size":"auto","background-attachment":"scroll","background-type":"","background-media":"","overlay-type":"","overlay-color":"","overlay-opacity":"","overlay-gradient":""},"mobile":{"background-color":"","background-image":"","background-repeat":"repeat","background-position":"center center","background-size":"auto","background-attachment":"scroll","background-type":"","background-media":"","overlay-type":"","overlay-color":"","overlay-opacity":"","overlay-gradient":""}},"ast-content-background-meta":{"desktop":{"background-color":"var(--ast-global-color-5)","background-image":"","background-repeat":"repeat","background-position":"center center","background-size":"auto","background-attachment":"scroll","background-type":"","background-media":"","overlay-type":"","overlay-color":"","overlay-opacity":"","overlay-gradient":""},"tablet":{"background-color":"var(--ast-global-color-5)","background-image":"","background-repeat":"repeat","background-position":"center center","background-size":"auto","background-attachment":"scroll","background-type":"","background-media":"","overlay-type":"","overlay-color":"","overlay-opacity":"","overlay-gradient":""},"mobile":{"background-color":"var(--ast-global-color-5)","background-image":"","background-repeat":"repeat","background-position":"center center","background-size":"auto","background-attachment":"scroll","background-type":"","background-media":"","overlay-type":"","overlay-color":"","overlay-opacity":"","overlay-gradient":""}}},"product_brand":[],"product_cat":[189],"product_tag":[228,717,226,716,718],"class_list":{"0":"post-1774","1":"product","2":"type-product","3":"status-publish","4":"has-post-thumbnail","6":"product_cat-formaciones","7":"product_tag-amor","8":"product_tag-crisis-de-pareja","9":"product_tag-pareja","10":"product_tag-parejas-toxicas","11":"product_tag-peleas-de-pareja","12":"desktop-align-left","13":"tablet-align-left","14":"mobile-align-left","16":"first","17":"instock","18":"sale","19":"virtual","20":"taxable","21":"purchasable","22":"product-type-simple"},"yoast_head":"<!-- This site is optimized with the Yoast SEO plugin v27.0 - https:\/\/yoast.com\/product\/yoast-seo-wordpress\/ -->\n<title>FORMACI\u00d3N ONLINE CONFLICTOS DE PAREJA -<\/title>\n<meta name=\"description\" content=\"Encontr\u00e1 recursos y herramientas para aprender a comprender y resolver la complejidad de los v\u00ednculos de pareja desde m\u00faltiples perspectivas, con una mirada cr\u00edtica, abierta y pr\u00e1ctica. Ver programa en:\u00a0https:\/\/lallavepsi.net\/index.php\/formaciones-online\/conflictos-de-pareja\/\" \/>\n<meta name=\"robots\" content=\"index, follow, max-snippet:-1, max-image-preview:large, max-video-preview:-1\" \/>\n<link rel=\"canonical\" href=\"https:\/\/lallavepsi.net\/index.php\/producto\/formacion-online-conflictos-de-pareja\/\" \/>\n<meta property=\"og:locale\" content=\"es_ES\" \/>\n<meta property=\"og:type\" content=\"article\" \/>\n<meta property=\"og:title\" content=\"FORMACI\u00d3N ONLINE CONFLICTOS DE PAREJA -\" \/>\n<meta property=\"og:description\" content=\"Encontr\u00e1 recursos y herramientas para aprender a comprender y resolver la complejidad de los v\u00ednculos de pareja desde m\u00faltiples perspectivas, con una mirada cr\u00edtica, abierta y pr\u00e1ctica. Ver programa en:\u00a0https:\/\/lallavepsi.net\/index.php\/formaciones-online\/conflictos-de-pareja\/\" \/>\n<meta property=\"og:url\" content=\"https:\/\/lallavepsi.net\/index.php\/producto\/formacion-online-conflictos-de-pareja\/\" \/>\n<meta property=\"article:modified_time\" content=\"2025-01-16T00:26:05+00:00\" \/>\n<meta property=\"og:image\" content=\"https:\/\/lallavepsi.net\/wp-content\/uploads\/2023\/02\/images-2.jpeg\" \/>\n\t<meta property=\"og:image:width\" content=\"227\" \/>\n\t<meta property=\"og:image:height\" content=\"222\" \/>\n\t<meta property=\"og:image:type\" content=\"image\/jpeg\" \/>\n<meta name=\"twitter:card\" content=\"summary_large_image\" \/>\n<meta name=\"twitter:label1\" content=\"Tiempo de lectura\" \/>\n\t<meta name=\"twitter:data1\" content=\"1 minuto\" \/>\n<script type=\"application\/ld+json\" class=\"yoast-schema-graph\">{\"@context\":\"https:\/\/schema.org\",\"@graph\":[{\"@type\":\"WebPage\",\"@id\":\"https:\/\/lallavepsi.net\/index.php\/producto\/formacion-online-conflictos-de-pareja\/\",\"url\":\"https:\/\/lallavepsi.net\/index.php\/producto\/formacion-online-conflictos-de-pareja\/\",\"name\":\"FORMACI\u00d3N ONLINE CONFLICTOS DE PAREJA -\",\"isPartOf\":{\"@id\":\"https:\/\/lallavepsi.net\/#website\"},\"primaryImageOfPage\":{\"@id\":\"https:\/\/lallavepsi.net\/index.php\/producto\/formacion-online-conflictos-de-pareja\/#primaryimage\"},\"image\":{\"@id\":\"https:\/\/lallavepsi.net\/index.php\/producto\/formacion-online-conflictos-de-pareja\/#primaryimage\"},\"thumbnailUrl\":\"https:\/\/lallavepsi.net\/wp-content\/uploads\/2023\/02\/images-2.jpeg\",\"datePublished\":\"2023-02-20T19:10:34+00:00\",\"dateModified\":\"2025-01-16T00:26:05+00:00\",\"description\":\"Encontr\u00e1 recursos y herramientas para aprender a comprender y resolver la complejidad de los v\u00ednculos de pareja desde m\u00faltiples perspectivas, con una mirada cr\u00edtica, abierta y pr\u00e1ctica. Ver programa en:\u00a0https:\/\/lallavepsi.net\/index.php\/formaciones-online\/conflictos-de-pareja\/\",\"breadcrumb\":{\"@id\":\"https:\/\/lallavepsi.net\/index.php\/producto\/formacion-online-conflictos-de-pareja\/#breadcrumb\"},\"inLanguage\":\"es-AR\",\"potentialAction\":[{\"@type\":\"ReadAction\",\"target\":[\"https:\/\/lallavepsi.net\/index.php\/producto\/formacion-online-conflictos-de-pareja\/\"]}]},{\"@type\":\"ImageObject\",\"inLanguage\":\"es-AR\",\"@id\":\"https:\/\/lallavepsi.net\/index.php\/producto\/formacion-online-conflictos-de-pareja\/#primaryimage\",\"url\":\"https:\/\/lallavepsi.net\/wp-content\/uploads\/2023\/02\/images-2.jpeg\",\"contentUrl\":\"https:\/\/lallavepsi.net\/wp-content\/uploads\/2023\/02\/images-2.jpeg\",\"width\":227,\"height\":222},{\"@type\":\"BreadcrumbList\",\"@id\":\"https:\/\/lallavepsi.net\/index.php\/producto\/formacion-online-conflictos-de-pareja\/#breadcrumb\",\"itemListElement\":[{\"@type\":\"ListItem\",\"position\":1,\"name\":\"Inicio\",\"item\":\"https:\/\/lallavepsi.net\/\"},{\"@type\":\"ListItem\",\"position\":2,\"name\":\"VER TIENDA\",\"item\":\"https:\/\/lallavepsi.net\/index.php\/ver-tienda\/\"},{\"@type\":\"ListItem\",\"position\":3,\"name\":\"FORMACI\u00d3N ONLINE CONFLICTOS DE PAREJA\"}]},{\"@type\":\"WebSite\",\"@id\":\"https:\/\/lallavepsi.net\/#website\",\"url\":\"https:\/\/lallavepsi.net\/\",\"name\":\"\",\"description\":\"\",\"potentialAction\":[{\"@type\":\"SearchAction\",\"target\":{\"@type\":\"EntryPoint\",\"urlTemplate\":\"https:\/\/lallavepsi.net\/?s={search_term_string}\"},\"query-input\":{\"@type\":\"PropertyValueSpecification\",\"valueRequired\":true,\"valueName\":\"search_term_string\"}}],\"inLanguage\":\"es-AR\"}]}<\/script>\n<!-- \/ Yoast SEO plugin. -->","yoast_head_json":{"title":"FORMACI\u00d3N ONLINE CONFLICTOS DE PAREJA -","description":"Encontr\u00e1 recursos y herramientas para aprender a comprender y resolver la complejidad de los v\u00ednculos de pareja desde m\u00faltiples perspectivas, con una mirada cr\u00edtica, abierta y pr\u00e1ctica. Ver programa en:\u00a0https:\/\/lallavepsi.net\/index.php\/formaciones-online\/conflictos-de-pareja\/","robots":{"index":"index","follow":"follow","max-snippet":"max-snippet:-1","max-image-preview":"max-image-preview:large","max-video-preview":"max-video-preview:-1"},"canonical":"https:\/\/lallavepsi.net\/index.php\/producto\/formacion-online-conflictos-de-pareja\/","og_locale":"es_ES","og_type":"article","og_title":"FORMACI\u00d3N ONLINE CONFLICTOS DE PAREJA -","og_description":"Encontr\u00e1 recursos y herramientas para aprender a comprender y resolver la complejidad de los v\u00ednculos de pareja desde m\u00faltiples perspectivas, con una mirada cr\u00edtica, abierta y pr\u00e1ctica. Ver programa en:\u00a0https:\/\/lallavepsi.net\/index.php\/formaciones-online\/conflictos-de-pareja\/","og_url":"https:\/\/lallavepsi.net\/index.php\/producto\/formacion-online-conflictos-de-pareja\/","article_modified_time":"2025-01-16T00:26:05+00:00","og_image":[{"width":227,"height":222,"url":"https:\/\/lallavepsi.net\/wp-content\/uploads\/2023\/02\/images-2.jpeg","type":"image\/jpeg"}],"twitter_card":"summary_large_image","twitter_misc":{"Tiempo de lectura":"1 minuto"},"schema":{"@context":"https:\/\/schema.org","@graph":[{"@type":"WebPage","@id":"https:\/\/lallavepsi.net\/index.php\/producto\/formacion-online-conflictos-de-pareja\/","url":"https:\/\/lallavepsi.net\/index.php\/producto\/formacion-online-conflictos-de-pareja\/","name":"FORMACI\u00d3N ONLINE CONFLICTOS DE PAREJA -","isPartOf":{"@id":"https:\/\/lallavepsi.net\/#website"},"primaryImageOfPage":{"@id":"https:\/\/lallavepsi.net\/index.php\/producto\/formacion-online-conflictos-de-pareja\/#primaryimage"},"image":{"@id":"https:\/\/lallavepsi.net\/index.php\/producto\/formacion-online-conflictos-de-pareja\/#primaryimage"},"thumbnailUrl":"https:\/\/lallavepsi.net\/wp-content\/uploads\/2023\/02\/images-2.jpeg","datePublished":"2023-02-20T19:10:34+00:00","dateModified":"2025-01-16T00:26:05+00:00","description":"Encontr\u00e1 recursos y herramientas para aprender a comprender y resolver la complejidad de los v\u00ednculos de pareja desde m\u00faltiples perspectivas, con una mirada cr\u00edtica, abierta y pr\u00e1ctica. Ver programa en:\u00a0https:\/\/lallavepsi.net\/index.php\/formaciones-online\/conflictos-de-pareja\/","breadcrumb":{"@id":"https:\/\/lallavepsi.net\/index.php\/producto\/formacion-online-conflictos-de-pareja\/#breadcrumb"},"inLanguage":"es-AR","potentialAction":[{"@type":"ReadAction","target":["https:\/\/lallavepsi.net\/index.php\/producto\/formacion-online-conflictos-de-pareja\/"]}]},{"@type":"ImageObject","inLanguage":"es-AR","@id":"https:\/\/lallavepsi.net\/index.php\/producto\/formacion-online-conflictos-de-pareja\/#primaryimage","url":"https:\/\/lallavepsi.net\/wp-content\/uploads\/2023\/02\/images-2.jpeg","contentUrl":"https:\/\/lallavepsi.net\/wp-content\/uploads\/2023\/02\/images-2.jpeg","width":227,"height":222},{"@type":"BreadcrumbList","@id":"https:\/\/lallavepsi.net\/index.php\/producto\/formacion-online-conflictos-de-pareja\/#breadcrumb","itemListElement":[{"@type":"ListItem","position":1,"name":"Inicio","item":"https:\/\/lallavepsi.net\/"},{"@type":"ListItem","position":2,"name":"VER TIENDA","item":"https:\/\/lallavepsi.net\/index.php\/ver-tienda\/"},{"@type":"ListItem","position":3,"name":"FORMACI\u00d3N ONLINE CONFLICTOS DE PAREJA"}]},{"@type":"WebSite","@id":"https:\/\/lallavepsi.net\/#website","url":"https:\/\/lallavepsi.net\/","name":"","description":"","potentialAction":[{"@type":"SearchAction","target":{"@type":"EntryPoint","urlTemplate":"https:\/\/lallavepsi.net\/?s={search_term_string}"},"query-input":{"@type":"PropertyValueSpecification","valueRequired":true,"valueName":"search_term_string"}}],"inLanguage":"es-AR"}]}},"_links":{"self":[{"href":"https:\/\/lallavepsi.net\/index.php\/wp-json\/wp\/v2\/product\/1774","targetHints":{"allow":["GET"]}}],"collection":[{"href":"https:\/\/lallavepsi.net\/index.php\/wp-json\/wp\/v2\/product"}],"about":[{"href":"https:\/\/lallavepsi.net\/index.php\/wp-json\/wp\/v2\/types\/product"}],"replies":[{"embeddable":true,"href":"https:\/\/lallavepsi.net\/index.php\/wp-json\/wp\/v2\/comments?post=1774"}],"wp:featuredmedia":[{"embeddable":true,"href":"https:\/\/lallavepsi.net\/index.php\/wp-json\/wp\/v2\/media\/1777"}],"wp:attachment":[{"href":"https:\/\/lallavepsi.net\/index.php\/wp-json\/wp\/v2\/media?parent=1774"}],"wp:term":[{"taxonomy":"product_brand","embeddable":true,"href":"https:\/\/lallavepsi.net\/index.php\/wp-json\/wp\/v2\/product_brand?post=1774"},{"taxonomy":"product_cat","embeddable":true,"href":"https:\/\/lallavepsi.net\/index.php\/wp-json\/wp\/v2\/product_cat?post=1774"},{"taxonomy":"product_tag","embeddable":true,"href":"https:\/\/lallavepsi.net\/index.php\/wp-json\/wp\/v2\/product_tag?post=1774"}],"curies":[{"name":"wp","href":"https:\/\/api.w.org\/{rel}","templated":true}]}}