{"id":1795,"date":"2023-02-21T20:48:31","date_gmt":"2023-02-21T20:48:31","guid":{"rendered":"https:\/\/lallavepsi.net\/?post_type=product&#038;p=1795"},"modified":"2025-01-16T00:20:33","modified_gmt":"2025-01-16T00:20:33","slug":"formacion-online-enfermedad-y-sentido-oculto","status":"publish","type":"product","link":"https:\/\/lallavepsi.net\/index.php\/producto\/formacion-online-enfermedad-y-sentido-oculto\/","title":{"rendered":"FORMACI\u00d3N ONLINE ENFERMEDAD Y SENTIDO OCULTO"},"content":{"rendered":"","protected":false},"excerpt":{"rendered":"<p>Obten\u00e9 conocimientos te\u00f3ricos y entrenamiento pr\u00e1ctico para el entendimiento del cuerpo f\u00edsico como un ente biol\u00f3gico integrado a un holos psicol\u00f3gico, sociol\u00f3gico y espiritual (energ\u00e9tico). Comprend\u00e9 la sabidur\u00eda detr\u00e1s de los s\u00edntomas y las enfermedades y su vinculaci\u00f3n neuronal y emocional con la espiritualidad a trav\u00e9s de la metaf\u00edsica y la alquimia, ayudando a su liberaci\u00f3n a trav\u00e9s de su transformaci\u00f3n. Ver programa en:\u00a0<a href=\"https:\/\/lallavepsi.net\/index.php\/formaciones-online\/enfermedad-y-sentido-oculto-la-metafisica-de-las-enfermedades\/\">https:\/\/lallavepsi.net\/index.php\/formaciones-online\/enfermedad-y-sentido-oculto-la-metafisica-de-las-enfermedades\/<\/a><\/p>\n<p>&nbsp;<\/p>\n","protected":false},"featured_media":1796,"comment_status":"open","ping_status":"closed","template":"","meta":{"_monsterinsights_skip_tracking":false,"_monsterinsights_sitenote_active":false,"_monsterinsights_sitenote_note":"","_monsterinsights_sitenote_category":0,"_uf_show_specific_survey":0,"_uf_disable_surveys":false,"site-sidebar-layout":"default","site-content-layout":"default","ast-site-content-layout":"default","site-content-style":"default","site-sidebar-style":"default","ast-global-header-display":"","ast-banner-title-visibility":"","ast-main-header-display":"","ast-hfb-above-header-display":"","ast-hfb-below-header-display":"","ast-hfb-mobile-header-display":"","site-post-title":"","ast-breadcrumbs-content":"","ast-featured-img":"","footer-sml-layout":"","ast-disable-related-posts":"","theme-transparent-header-meta":"default","adv-header-id-meta":"","stick-header-meta":"","header-above-stick-meta":"","header-main-stick-meta":"","header-below-stick-meta":"","astra-migrate-meta-layouts":"set","ast-page-background-enabled":"default","ast-page-background-meta":{"desktop":{"background-color":"var(--ast-global-color-4)","background-image":"","background-repeat":"repeat","background-position":"center center","background-size":"auto","background-attachment":"scroll","background-type":"","background-media":"","overlay-type":"","overlay-color":"","overlay-opacity":"","overlay-gradient":""},"tablet":{"background-color":"","background-image":"","background-repeat":"repeat","background-position":"center center","background-size":"auto","background-attachment":"scroll","background-type":"","background-media":"","overlay-type":"","overlay-color":"","overlay-opacity":"","overlay-gradient":""},"mobile":{"background-color":"","background-image":"","background-repeat":"repeat","background-position":"center center","background-size":"auto","background-attachment":"scroll","background-type":"","background-media":"","overlay-type":"","overlay-color":"","overlay-opacity":"","overlay-gradient":""}},"ast-content-background-meta":{"desktop":{"background-color":"var(--ast-global-color-5)","background-image":"","background-repeat":"repeat","background-position":"center center","background-size":"auto","background-attachment":"scroll","background-type":"","background-media":"","overlay-type":"","overlay-color":"","overlay-opacity":"","overlay-gradient":""},"tablet":{"background-color":"var(--ast-global-color-5)","background-image":"","background-repeat":"repeat","background-position":"center center","background-size":"auto","background-attachment":"scroll","background-type":"","background-media":"","overlay-type":"","overlay-color":"","overlay-opacity":"","overlay-gradient":""},"mobile":{"background-color":"var(--ast-global-color-5)","background-image":"","background-repeat":"repeat","background-position":"center center","background-size":"auto","background-attachment":"scroll","background-type":"","background-media":"","overlay-type":"","overlay-color":"","overlay-opacity":"","overlay-gradient":""}}},"product_brand":[],"product_cat":[189],"product_tag":[276,266,273,275,270,272,271,268,267,274,269],"class_list":{"0":"post-1795","1":"product","2":"type-product","3":"status-publish","4":"has-post-thumbnail","6":"product_cat-formaciones","7":"product_tag-autosanacion-espiritual","8":"product_tag-emociones-y-salud","9":"product_tag-enfermedad-como-camino","10":"product_tag-enfermedades-y-espiritualidad","11":"product_tag-inmunidad","12":"product_tag-metafisica","13":"product_tag-psiconeuroinmunoendocinologia","14":"product_tag-psicosomatizar","15":"product_tag-salud-emocional","16":"product_tag-sentido-de-las-enfermedades","17":"product_tag-sintomas","18":"desktop-align-left","19":"tablet-align-left","20":"mobile-align-left","22":"first","23":"instock","24":"sale","25":"virtual","26":"taxable","27":"purchasable","28":"product-type-simple"},"yoast_head":"<!-- This site is optimized with the Yoast SEO plugin v27.0 - https:\/\/yoast.com\/product\/yoast-seo-wordpress\/ -->\n<title>FORMACI\u00d3N ONLINE ENFERMEDAD Y SENTIDO OCULTO -<\/title>\n<meta name=\"description\" content=\"Obten\u00e9 conocimientos te\u00f3ricos y entrenamiento pr\u00e1ctico para el entendimiento del cuerpo f\u00edsico como un ente biol\u00f3gico integrado a un holos psicol\u00f3gico, sociol\u00f3gico y espiritual (energ\u00e9tico). Comprend\u00e9 la sabidur\u00eda detr\u00e1s de los s\u00edntomas y las enfermedades y su vinculaci\u00f3n neuronal y emocional con la espiritualidad a trav\u00e9s de la metaf\u00edsica y la alquimia, ayudando a su liberaci\u00f3n a trav\u00e9s de su transformaci\u00f3n. Ver programa en:\u00a0https:\/\/lallavepsi.net\/index.php\/formaciones-online\/enfermedad-y-sentido-oculto-la-metafisica-de-las-enfermedades\/\" \/>\n<meta name=\"robots\" content=\"index, follow, max-snippet:-1, max-image-preview:large, max-video-preview:-1\" \/>\n<link rel=\"canonical\" href=\"https:\/\/lallavepsi.net\/index.php\/producto\/formacion-online-enfermedad-y-sentido-oculto\/\" \/>\n<meta property=\"og:locale\" content=\"es_ES\" \/>\n<meta property=\"og:type\" content=\"article\" \/>\n<meta property=\"og:title\" content=\"FORMACI\u00d3N ONLINE ENFERMEDAD Y SENTIDO OCULTO -\" \/>\n<meta property=\"og:description\" content=\"Obten\u00e9 conocimientos te\u00f3ricos y entrenamiento pr\u00e1ctico para el entendimiento del cuerpo f\u00edsico como un ente biol\u00f3gico integrado a un holos psicol\u00f3gico, sociol\u00f3gico y espiritual (energ\u00e9tico). Comprend\u00e9 la sabidur\u00eda detr\u00e1s de los s\u00edntomas y las enfermedades y su vinculaci\u00f3n neuronal y emocional con la espiritualidad a trav\u00e9s de la metaf\u00edsica y la alquimia, ayudando a su liberaci\u00f3n a trav\u00e9s de su transformaci\u00f3n. Ver programa en:\u00a0https:\/\/lallavepsi.net\/index.php\/formaciones-online\/enfermedad-y-sentido-oculto-la-metafisica-de-las-enfermedades\/\" \/>\n<meta property=\"og:url\" content=\"https:\/\/lallavepsi.net\/index.php\/producto\/formacion-online-enfermedad-y-sentido-oculto\/\" \/>\n<meta property=\"article:modified_time\" content=\"2025-01-16T00:20:33+00:00\" \/>\n<meta property=\"og:image\" content=\"https:\/\/lallavepsi.net\/wp-content\/uploads\/2023\/02\/Biodescodifiacion-Avanzada-1024x786-1.png\" \/>\n\t<meta property=\"og:image:width\" content=\"1024\" \/>\n\t<meta property=\"og:image:height\" content=\"786\" \/>\n\t<meta property=\"og:image:type\" content=\"image\/png\" \/>\n<meta name=\"twitter:card\" content=\"summary_large_image\" \/>\n<meta name=\"twitter:label1\" content=\"Tiempo de lectura\" \/>\n\t<meta name=\"twitter:data1\" content=\"1 minuto\" \/>\n<script type=\"application\/ld+json\" class=\"yoast-schema-graph\">{\"@context\":\"https:\/\/schema.org\",\"@graph\":[{\"@type\":\"WebPage\",\"@id\":\"https:\/\/lallavepsi.net\/index.php\/producto\/formacion-online-enfermedad-y-sentido-oculto\/\",\"url\":\"https:\/\/lallavepsi.net\/index.php\/producto\/formacion-online-enfermedad-y-sentido-oculto\/\",\"name\":\"FORMACI\u00d3N ONLINE ENFERMEDAD Y SENTIDO OCULTO -\",\"isPartOf\":{\"@id\":\"https:\/\/lallavepsi.net\/#website\"},\"primaryImageOfPage\":{\"@id\":\"https:\/\/lallavepsi.net\/index.php\/producto\/formacion-online-enfermedad-y-sentido-oculto\/#primaryimage\"},\"image\":{\"@id\":\"https:\/\/lallavepsi.net\/index.php\/producto\/formacion-online-enfermedad-y-sentido-oculto\/#primaryimage\"},\"thumbnailUrl\":\"https:\/\/lallavepsi.net\/wp-content\/uploads\/2023\/02\/Biodescodifiacion-Avanzada-1024x786-1.png\",\"datePublished\":\"2023-02-21T20:48:31+00:00\",\"dateModified\":\"2025-01-16T00:20:33+00:00\",\"description\":\"Obten\u00e9 conocimientos te\u00f3ricos y entrenamiento pr\u00e1ctico para el entendimiento del cuerpo f\u00edsico como un ente biol\u00f3gico integrado a un holos psicol\u00f3gico, sociol\u00f3gico y espiritual (energ\u00e9tico). Comprend\u00e9 la sabidur\u00eda detr\u00e1s de los s\u00edntomas y las enfermedades y su vinculaci\u00f3n neuronal y emocional con la espiritualidad a trav\u00e9s de la metaf\u00edsica y la alquimia, ayudando a su liberaci\u00f3n a trav\u00e9s de su transformaci\u00f3n. Ver programa en:\u00a0https:\/\/lallavepsi.net\/index.php\/formaciones-online\/enfermedad-y-sentido-oculto-la-metafisica-de-las-enfermedades\/\",\"breadcrumb\":{\"@id\":\"https:\/\/lallavepsi.net\/index.php\/producto\/formacion-online-enfermedad-y-sentido-oculto\/#breadcrumb\"},\"inLanguage\":\"es-AR\",\"potentialAction\":[{\"@type\":\"ReadAction\",\"target\":[\"https:\/\/lallavepsi.net\/index.php\/producto\/formacion-online-enfermedad-y-sentido-oculto\/\"]}]},{\"@type\":\"ImageObject\",\"inLanguage\":\"es-AR\",\"@id\":\"https:\/\/lallavepsi.net\/index.php\/producto\/formacion-online-enfermedad-y-sentido-oculto\/#primaryimage\",\"url\":\"https:\/\/lallavepsi.net\/wp-content\/uploads\/2023\/02\/Biodescodifiacion-Avanzada-1024x786-1.png\",\"contentUrl\":\"https:\/\/lallavepsi.net\/wp-content\/uploads\/2023\/02\/Biodescodifiacion-Avanzada-1024x786-1.png\",\"width\":1024,\"height\":786},{\"@type\":\"BreadcrumbList\",\"@id\":\"https:\/\/lallavepsi.net\/index.php\/producto\/formacion-online-enfermedad-y-sentido-oculto\/#breadcrumb\",\"itemListElement\":[{\"@type\":\"ListItem\",\"position\":1,\"name\":\"Inicio\",\"item\":\"https:\/\/lallavepsi.net\/\"},{\"@type\":\"ListItem\",\"position\":2,\"name\":\"VER TIENDA\",\"item\":\"https:\/\/lallavepsi.net\/index.php\/ver-tienda\/\"},{\"@type\":\"ListItem\",\"position\":3,\"name\":\"FORMACI\u00d3N ONLINE ENFERMEDAD Y SENTIDO OCULTO\"}]},{\"@type\":\"WebSite\",\"@id\":\"https:\/\/lallavepsi.net\/#website\",\"url\":\"https:\/\/lallavepsi.net\/\",\"name\":\"\",\"description\":\"\",\"potentialAction\":[{\"@type\":\"SearchAction\",\"target\":{\"@type\":\"EntryPoint\",\"urlTemplate\":\"https:\/\/lallavepsi.net\/?s={search_term_string}\"},\"query-input\":{\"@type\":\"PropertyValueSpecification\",\"valueRequired\":true,\"valueName\":\"search_term_string\"}}],\"inLanguage\":\"es-AR\"}]}<\/script>\n<!-- \/ Yoast SEO plugin. -->","yoast_head_json":{"title":"FORMACI\u00d3N ONLINE ENFERMEDAD Y SENTIDO OCULTO -","description":"Obten\u00e9 conocimientos te\u00f3ricos y entrenamiento pr\u00e1ctico para el entendimiento del cuerpo f\u00edsico como un ente biol\u00f3gico integrado a un holos psicol\u00f3gico, sociol\u00f3gico y espiritual (energ\u00e9tico). Comprend\u00e9 la sabidur\u00eda detr\u00e1s de los s\u00edntomas y las enfermedades y su vinculaci\u00f3n neuronal y emocional con la espiritualidad a trav\u00e9s de la metaf\u00edsica y la alquimia, ayudando a su liberaci\u00f3n a trav\u00e9s de su transformaci\u00f3n. Ver programa en:\u00a0https:\/\/lallavepsi.net\/index.php\/formaciones-online\/enfermedad-y-sentido-oculto-la-metafisica-de-las-enfermedades\/","robots":{"index":"index","follow":"follow","max-snippet":"max-snippet:-1","max-image-preview":"max-image-preview:large","max-video-preview":"max-video-preview:-1"},"canonical":"https:\/\/lallavepsi.net\/index.php\/producto\/formacion-online-enfermedad-y-sentido-oculto\/","og_locale":"es_ES","og_type":"article","og_title":"FORMACI\u00d3N ONLINE ENFERMEDAD Y SENTIDO OCULTO -","og_description":"Obten\u00e9 conocimientos te\u00f3ricos y entrenamiento pr\u00e1ctico para el entendimiento del cuerpo f\u00edsico como un ente biol\u00f3gico integrado a un holos psicol\u00f3gico, sociol\u00f3gico y espiritual (energ\u00e9tico). Comprend\u00e9 la sabidur\u00eda detr\u00e1s de los s\u00edntomas y las enfermedades y su vinculaci\u00f3n neuronal y emocional con la espiritualidad a trav\u00e9s de la metaf\u00edsica y la alquimia, ayudando a su liberaci\u00f3n a trav\u00e9s de su transformaci\u00f3n. Ver programa en:\u00a0https:\/\/lallavepsi.net\/index.php\/formaciones-online\/enfermedad-y-sentido-oculto-la-metafisica-de-las-enfermedades\/","og_url":"https:\/\/lallavepsi.net\/index.php\/producto\/formacion-online-enfermedad-y-sentido-oculto\/","article_modified_time":"2025-01-16T00:20:33+00:00","og_image":[{"width":1024,"height":786,"url":"https:\/\/lallavepsi.net\/wp-content\/uploads\/2023\/02\/Biodescodifiacion-Avanzada-1024x786-1.png","type":"image\/png"}],"twitter_card":"summary_large_image","twitter_misc":{"Tiempo de lectura":"1 minuto"},"schema":{"@context":"https:\/\/schema.org","@graph":[{"@type":"WebPage","@id":"https:\/\/lallavepsi.net\/index.php\/producto\/formacion-online-enfermedad-y-sentido-oculto\/","url":"https:\/\/lallavepsi.net\/index.php\/producto\/formacion-online-enfermedad-y-sentido-oculto\/","name":"FORMACI\u00d3N ONLINE ENFERMEDAD Y SENTIDO OCULTO -","isPartOf":{"@id":"https:\/\/lallavepsi.net\/#website"},"primaryImageOfPage":{"@id":"https:\/\/lallavepsi.net\/index.php\/producto\/formacion-online-enfermedad-y-sentido-oculto\/#primaryimage"},"image":{"@id":"https:\/\/lallavepsi.net\/index.php\/producto\/formacion-online-enfermedad-y-sentido-oculto\/#primaryimage"},"thumbnailUrl":"https:\/\/lallavepsi.net\/wp-content\/uploads\/2023\/02\/Biodescodifiacion-Avanzada-1024x786-1.png","datePublished":"2023-02-21T20:48:31+00:00","dateModified":"2025-01-16T00:20:33+00:00","description":"Obten\u00e9 conocimientos te\u00f3ricos y entrenamiento pr\u00e1ctico para el entendimiento del cuerpo f\u00edsico como un ente biol\u00f3gico integrado a un holos psicol\u00f3gico, sociol\u00f3gico y espiritual (energ\u00e9tico). Comprend\u00e9 la sabidur\u00eda detr\u00e1s de los s\u00edntomas y las enfermedades y su vinculaci\u00f3n neuronal y emocional con la espiritualidad a trav\u00e9s de la metaf\u00edsica y la alquimia, ayudando a su liberaci\u00f3n a trav\u00e9s de su transformaci\u00f3n. Ver programa en:\u00a0https:\/\/lallavepsi.net\/index.php\/formaciones-online\/enfermedad-y-sentido-oculto-la-metafisica-de-las-enfermedades\/","breadcrumb":{"@id":"https:\/\/lallavepsi.net\/index.php\/producto\/formacion-online-enfermedad-y-sentido-oculto\/#breadcrumb"},"inLanguage":"es-AR","potentialAction":[{"@type":"ReadAction","target":["https:\/\/lallavepsi.net\/index.php\/producto\/formacion-online-enfermedad-y-sentido-oculto\/"]}]},{"@type":"ImageObject","inLanguage":"es-AR","@id":"https:\/\/lallavepsi.net\/index.php\/producto\/formacion-online-enfermedad-y-sentido-oculto\/#primaryimage","url":"https:\/\/lallavepsi.net\/wp-content\/uploads\/2023\/02\/Biodescodifiacion-Avanzada-1024x786-1.png","contentUrl":"https:\/\/lallavepsi.net\/wp-content\/uploads\/2023\/02\/Biodescodifiacion-Avanzada-1024x786-1.png","width":1024,"height":786},{"@type":"BreadcrumbList","@id":"https:\/\/lallavepsi.net\/index.php\/producto\/formacion-online-enfermedad-y-sentido-oculto\/#breadcrumb","itemListElement":[{"@type":"ListItem","position":1,"name":"Inicio","item":"https:\/\/lallavepsi.net\/"},{"@type":"ListItem","position":2,"name":"VER TIENDA","item":"https:\/\/lallavepsi.net\/index.php\/ver-tienda\/"},{"@type":"ListItem","position":3,"name":"FORMACI\u00d3N ONLINE ENFERMEDAD Y SENTIDO OCULTO"}]},{"@type":"WebSite","@id":"https:\/\/lallavepsi.net\/#website","url":"https:\/\/lallavepsi.net\/","name":"","description":"","potentialAction":[{"@type":"SearchAction","target":{"@type":"EntryPoint","urlTemplate":"https:\/\/lallavepsi.net\/?s={search_term_string}"},"query-input":{"@type":"PropertyValueSpecification","valueRequired":true,"valueName":"search_term_string"}}],"inLanguage":"es-AR"}]}},"_links":{"self":[{"href":"https:\/\/lallavepsi.net\/index.php\/wp-json\/wp\/v2\/product\/1795","targetHints":{"allow":["GET"]}}],"collection":[{"href":"https:\/\/lallavepsi.net\/index.php\/wp-json\/wp\/v2\/product"}],"about":[{"href":"https:\/\/lallavepsi.net\/index.php\/wp-json\/wp\/v2\/types\/product"}],"replies":[{"embeddable":true,"href":"https:\/\/lallavepsi.net\/index.php\/wp-json\/wp\/v2\/comments?post=1795"}],"wp:featuredmedia":[{"embeddable":true,"href":"https:\/\/lallavepsi.net\/index.php\/wp-json\/wp\/v2\/media\/1796"}],"wp:attachment":[{"href":"https:\/\/lallavepsi.net\/index.php\/wp-json\/wp\/v2\/media?parent=1795"}],"wp:term":[{"taxonomy":"product_brand","embeddable":true,"href":"https:\/\/lallavepsi.net\/index.php\/wp-json\/wp\/v2\/product_brand?post=1795"},{"taxonomy":"product_cat","embeddable":true,"href":"https:\/\/lallavepsi.net\/index.php\/wp-json\/wp\/v2\/product_cat?post=1795"},{"taxonomy":"product_tag","embeddable":true,"href":"https:\/\/lallavepsi.net\/index.php\/wp-json\/wp\/v2\/product_tag?post=1795"}],"curies":[{"name":"wp","href":"https:\/\/api.w.org\/{rel}","templated":true}]}}