{"id":1807,"date":"2023-02-24T13:49:05","date_gmt":"2023-02-24T13:49:05","guid":{"rendered":"https:\/\/lallavepsi.net\/?post_type=product&#038;p=1807"},"modified":"2025-01-16T00:19:41","modified_gmt":"2025-01-16T00:19:41","slug":"estimulacion-cognitiva","status":"publish","type":"product","link":"https:\/\/lallavepsi.net\/index.php\/producto\/estimulacion-cognitiva\/","title":{"rendered":"FORMACI\u00d3N ONLINE ESTIMULACI\u00d3N COGNITIVA"},"content":{"rendered":"","protected":false},"excerpt":{"rendered":"<p>Recursos pr\u00e1cticos para el desarrollo, mantenimiento y potenciaci\u00f3n de todos los procesos cognitivos en cualquier ciclo vital. Estimulaci\u00f3n de inteligencias alternativas, imaginaci\u00f3n y creatividad. Ver programa en:\u00a0<a href=\"https:\/\/lallavepsi.net\/index.php\/formaciones-online\/estimulacion-cognitiva\/\">https:\/\/lallavepsi.net\/index.php\/formaciones-online\/estimulacion-cognitiva\/<\/a><\/p>\n<p>&nbsp;<\/p>\n","protected":false},"featured_media":1808,"comment_status":"open","ping_status":"closed","template":"","meta":{"_monsterinsights_skip_tracking":false,"_monsterinsights_sitenote_active":false,"_monsterinsights_sitenote_note":"","_monsterinsights_sitenote_category":0,"_uf_show_specific_survey":0,"_uf_disable_surveys":false,"site-sidebar-layout":"default","site-content-layout":"default","ast-site-content-layout":"default","site-content-style":"default","site-sidebar-style":"default","ast-global-header-display":"","ast-banner-title-visibility":"","ast-main-header-display":"","ast-hfb-above-header-display":"","ast-hfb-below-header-display":"","ast-hfb-mobile-header-display":"","site-post-title":"","ast-breadcrumbs-content":"","ast-featured-img":"","footer-sml-layout":"","ast-disable-related-posts":"","theme-transparent-header-meta":"default","adv-header-id-meta":"","stick-header-meta":"","header-above-stick-meta":"","header-main-stick-meta":"","header-below-stick-meta":"","astra-migrate-meta-layouts":"set","ast-page-background-enabled":"default","ast-page-background-meta":{"desktop":{"background-color":"var(--ast-global-color-4)","background-image":"","background-repeat":"repeat","background-position":"center center","background-size":"auto","background-attachment":"scroll","background-type":"","background-media":"","overlay-type":"","overlay-color":"","overlay-opacity":"","overlay-gradient":""},"tablet":{"background-color":"","background-image":"","background-repeat":"repeat","background-position":"center center","background-size":"auto","background-attachment":"scroll","background-type":"","background-media":"","overlay-type":"","overlay-color":"","overlay-opacity":"","overlay-gradient":""},"mobile":{"background-color":"","background-image":"","background-repeat":"repeat","background-position":"center center","background-size":"auto","background-attachment":"scroll","background-type":"","background-media":"","overlay-type":"","overlay-color":"","overlay-opacity":"","overlay-gradient":""}},"ast-content-background-meta":{"desktop":{"background-color":"var(--ast-global-color-5)","background-image":"","background-repeat":"repeat","background-position":"center center","background-size":"auto","background-attachment":"scroll","background-type":"","background-media":"","overlay-type":"","overlay-color":"","overlay-opacity":"","overlay-gradient":""},"tablet":{"background-color":"var(--ast-global-color-5)","background-image":"","background-repeat":"repeat","background-position":"center center","background-size":"auto","background-attachment":"scroll","background-type":"","background-media":"","overlay-type":"","overlay-color":"","overlay-opacity":"","overlay-gradient":""},"mobile":{"background-color":"var(--ast-global-color-5)","background-image":"","background-repeat":"repeat","background-position":"center center","background-size":"auto","background-attachment":"scroll","background-type":"","background-media":"","overlay-type":"","overlay-color":"","overlay-opacity":"","overlay-gradient":""}}},"product_brand":[],"product_cat":[189],"product_tag":[687,295,293,294,291,292,297,688,296,689],"class_list":{"0":"post-1807","1":"product","2":"type-product","3":"status-publish","4":"has-post-thumbnail","6":"product_cat-formaciones","7":"product_tag-cerebro","8":"product_tag-cognicion","9":"product_tag-desarrollo-cognitivo","10":"product_tag-ejercicios-cognitivos","11":"product_tag-entrenamiento-cognitivo","12":"product_tag-estimulacion-cognitiva","13":"product_tag-mente","14":"product_tag-neuronas","15":"product_tag-pensamiento","16":"product_tag-plasticidad-neuronal","17":"desktop-align-left","18":"tablet-align-left","19":"mobile-align-left","21":"first","22":"instock","23":"sale","24":"virtual","25":"taxable","26":"purchasable","27":"product-type-simple"},"yoast_head":"<!-- This site is optimized with the Yoast SEO plugin v27.0 - https:\/\/yoast.com\/product\/yoast-seo-wordpress\/ -->\n<title>FORMACI\u00d3N ONLINE ESTIMULACI\u00d3N COGNITIVA -<\/title>\n<meta name=\"description\" content=\"Recursos pr\u00e1cticos para el desarrollo, mantenimiento y potenciaci\u00f3n de todos los procesos cognitivos en cualquier ciclo vital. Estimulaci\u00f3n de inteligencias alternativas, imaginaci\u00f3n y creatividad. Ver programa en:\u00a0https:\/\/lallavepsi.net\/index.php\/formaciones-online\/estimulacion-cognitiva\/\" \/>\n<meta name=\"robots\" content=\"index, follow, max-snippet:-1, max-image-preview:large, max-video-preview:-1\" \/>\n<link rel=\"canonical\" href=\"https:\/\/lallavepsi.net\/index.php\/producto\/estimulacion-cognitiva\/\" \/>\n<meta property=\"og:locale\" content=\"es_ES\" \/>\n<meta property=\"og:type\" content=\"article\" \/>\n<meta property=\"og:title\" content=\"FORMACI\u00d3N ONLINE ESTIMULACI\u00d3N COGNITIVA -\" \/>\n<meta property=\"og:description\" content=\"Recursos pr\u00e1cticos para el desarrollo, mantenimiento y potenciaci\u00f3n de todos los procesos cognitivos en cualquier ciclo vital. Estimulaci\u00f3n de inteligencias alternativas, imaginaci\u00f3n y creatividad. Ver programa en:\u00a0https:\/\/lallavepsi.net\/index.php\/formaciones-online\/estimulacion-cognitiva\/\" \/>\n<meta property=\"og:url\" content=\"https:\/\/lallavepsi.net\/index.php\/producto\/estimulacion-cognitiva\/\" \/>\n<meta property=\"article:modified_time\" content=\"2025-01-16T00:19:41+00:00\" \/>\n<meta property=\"og:image\" content=\"https:\/\/lallavepsi.net\/wp-content\/uploads\/2023\/02\/ejercicio-cerebro-t.jpg.webp\" \/>\n\t<meta property=\"og:image:width\" content=\"1240\" \/>\n\t<meta property=\"og:image:height\" content=\"744\" \/>\n\t<meta property=\"og:image:type\" content=\"image\/webp\" \/>\n<meta name=\"twitter:card\" content=\"summary_large_image\" \/>\n<meta name=\"twitter:label1\" content=\"Tiempo de lectura\" \/>\n\t<meta name=\"twitter:data1\" content=\"1 minuto\" \/>\n<script type=\"application\/ld+json\" class=\"yoast-schema-graph\">{\"@context\":\"https:\/\/schema.org\",\"@graph\":[{\"@type\":\"WebPage\",\"@id\":\"https:\/\/lallavepsi.net\/index.php\/producto\/estimulacion-cognitiva\/\",\"url\":\"https:\/\/lallavepsi.net\/index.php\/producto\/estimulacion-cognitiva\/\",\"name\":\"FORMACI\u00d3N ONLINE ESTIMULACI\u00d3N COGNITIVA -\",\"isPartOf\":{\"@id\":\"https:\/\/lallavepsi.net\/#website\"},\"primaryImageOfPage\":{\"@id\":\"https:\/\/lallavepsi.net\/index.php\/producto\/estimulacion-cognitiva\/#primaryimage\"},\"image\":{\"@id\":\"https:\/\/lallavepsi.net\/index.php\/producto\/estimulacion-cognitiva\/#primaryimage\"},\"thumbnailUrl\":\"https:\/\/lallavepsi.net\/wp-content\/uploads\/2023\/02\/ejercicio-cerebro-t.jpg.webp\",\"datePublished\":\"2023-02-24T13:49:05+00:00\",\"dateModified\":\"2025-01-16T00:19:41+00:00\",\"description\":\"Recursos pr\u00e1cticos para el desarrollo, mantenimiento y potenciaci\u00f3n de todos los procesos cognitivos en cualquier ciclo vital. Estimulaci\u00f3n de inteligencias alternativas, imaginaci\u00f3n y creatividad. Ver programa en:\u00a0https:\/\/lallavepsi.net\/index.php\/formaciones-online\/estimulacion-cognitiva\/\",\"breadcrumb\":{\"@id\":\"https:\/\/lallavepsi.net\/index.php\/producto\/estimulacion-cognitiva\/#breadcrumb\"},\"inLanguage\":\"es-AR\",\"potentialAction\":[{\"@type\":\"ReadAction\",\"target\":[\"https:\/\/lallavepsi.net\/index.php\/producto\/estimulacion-cognitiva\/\"]}]},{\"@type\":\"ImageObject\",\"inLanguage\":\"es-AR\",\"@id\":\"https:\/\/lallavepsi.net\/index.php\/producto\/estimulacion-cognitiva\/#primaryimage\",\"url\":\"https:\/\/lallavepsi.net\/wp-content\/uploads\/2023\/02\/ejercicio-cerebro-t.jpg.webp\",\"contentUrl\":\"https:\/\/lallavepsi.net\/wp-content\/uploads\/2023\/02\/ejercicio-cerebro-t.jpg.webp\",\"width\":1240,\"height\":744},{\"@type\":\"BreadcrumbList\",\"@id\":\"https:\/\/lallavepsi.net\/index.php\/producto\/estimulacion-cognitiva\/#breadcrumb\",\"itemListElement\":[{\"@type\":\"ListItem\",\"position\":1,\"name\":\"Inicio\",\"item\":\"https:\/\/lallavepsi.net\/\"},{\"@type\":\"ListItem\",\"position\":2,\"name\":\"VER TIENDA\",\"item\":\"https:\/\/lallavepsi.net\/index.php\/ver-tienda\/\"},{\"@type\":\"ListItem\",\"position\":3,\"name\":\"FORMACI\u00d3N ONLINE ESTIMULACI\u00d3N COGNITIVA\"}]},{\"@type\":\"WebSite\",\"@id\":\"https:\/\/lallavepsi.net\/#website\",\"url\":\"https:\/\/lallavepsi.net\/\",\"name\":\"\",\"description\":\"\",\"potentialAction\":[{\"@type\":\"SearchAction\",\"target\":{\"@type\":\"EntryPoint\",\"urlTemplate\":\"https:\/\/lallavepsi.net\/?s={search_term_string}\"},\"query-input\":{\"@type\":\"PropertyValueSpecification\",\"valueRequired\":true,\"valueName\":\"search_term_string\"}}],\"inLanguage\":\"es-AR\"}]}<\/script>\n<!-- \/ Yoast SEO plugin. -->","yoast_head_json":{"title":"FORMACI\u00d3N ONLINE ESTIMULACI\u00d3N COGNITIVA -","description":"Recursos pr\u00e1cticos para el desarrollo, mantenimiento y potenciaci\u00f3n de todos los procesos cognitivos en cualquier ciclo vital. Estimulaci\u00f3n de inteligencias alternativas, imaginaci\u00f3n y creatividad. Ver programa en:\u00a0https:\/\/lallavepsi.net\/index.php\/formaciones-online\/estimulacion-cognitiva\/","robots":{"index":"index","follow":"follow","max-snippet":"max-snippet:-1","max-image-preview":"max-image-preview:large","max-video-preview":"max-video-preview:-1"},"canonical":"https:\/\/lallavepsi.net\/index.php\/producto\/estimulacion-cognitiva\/","og_locale":"es_ES","og_type":"article","og_title":"FORMACI\u00d3N ONLINE ESTIMULACI\u00d3N COGNITIVA -","og_description":"Recursos pr\u00e1cticos para el desarrollo, mantenimiento y potenciaci\u00f3n de todos los procesos cognitivos en cualquier ciclo vital. Estimulaci\u00f3n de inteligencias alternativas, imaginaci\u00f3n y creatividad. Ver programa en:\u00a0https:\/\/lallavepsi.net\/index.php\/formaciones-online\/estimulacion-cognitiva\/","og_url":"https:\/\/lallavepsi.net\/index.php\/producto\/estimulacion-cognitiva\/","article_modified_time":"2025-01-16T00:19:41+00:00","og_image":[{"width":1240,"height":744,"url":"https:\/\/lallavepsi.net\/wp-content\/uploads\/2023\/02\/ejercicio-cerebro-t.jpg.webp","type":"image\/webp"}],"twitter_card":"summary_large_image","twitter_misc":{"Tiempo de lectura":"1 minuto"},"schema":{"@context":"https:\/\/schema.org","@graph":[{"@type":"WebPage","@id":"https:\/\/lallavepsi.net\/index.php\/producto\/estimulacion-cognitiva\/","url":"https:\/\/lallavepsi.net\/index.php\/producto\/estimulacion-cognitiva\/","name":"FORMACI\u00d3N ONLINE ESTIMULACI\u00d3N COGNITIVA -","isPartOf":{"@id":"https:\/\/lallavepsi.net\/#website"},"primaryImageOfPage":{"@id":"https:\/\/lallavepsi.net\/index.php\/producto\/estimulacion-cognitiva\/#primaryimage"},"image":{"@id":"https:\/\/lallavepsi.net\/index.php\/producto\/estimulacion-cognitiva\/#primaryimage"},"thumbnailUrl":"https:\/\/lallavepsi.net\/wp-content\/uploads\/2023\/02\/ejercicio-cerebro-t.jpg.webp","datePublished":"2023-02-24T13:49:05+00:00","dateModified":"2025-01-16T00:19:41+00:00","description":"Recursos pr\u00e1cticos para el desarrollo, mantenimiento y potenciaci\u00f3n de todos los procesos cognitivos en cualquier ciclo vital. Estimulaci\u00f3n de inteligencias alternativas, imaginaci\u00f3n y creatividad. Ver programa en:\u00a0https:\/\/lallavepsi.net\/index.php\/formaciones-online\/estimulacion-cognitiva\/","breadcrumb":{"@id":"https:\/\/lallavepsi.net\/index.php\/producto\/estimulacion-cognitiva\/#breadcrumb"},"inLanguage":"es-AR","potentialAction":[{"@type":"ReadAction","target":["https:\/\/lallavepsi.net\/index.php\/producto\/estimulacion-cognitiva\/"]}]},{"@type":"ImageObject","inLanguage":"es-AR","@id":"https:\/\/lallavepsi.net\/index.php\/producto\/estimulacion-cognitiva\/#primaryimage","url":"https:\/\/lallavepsi.net\/wp-content\/uploads\/2023\/02\/ejercicio-cerebro-t.jpg.webp","contentUrl":"https:\/\/lallavepsi.net\/wp-content\/uploads\/2023\/02\/ejercicio-cerebro-t.jpg.webp","width":1240,"height":744},{"@type":"BreadcrumbList","@id":"https:\/\/lallavepsi.net\/index.php\/producto\/estimulacion-cognitiva\/#breadcrumb","itemListElement":[{"@type":"ListItem","position":1,"name":"Inicio","item":"https:\/\/lallavepsi.net\/"},{"@type":"ListItem","position":2,"name":"VER TIENDA","item":"https:\/\/lallavepsi.net\/index.php\/ver-tienda\/"},{"@type":"ListItem","position":3,"name":"FORMACI\u00d3N ONLINE ESTIMULACI\u00d3N COGNITIVA"}]},{"@type":"WebSite","@id":"https:\/\/lallavepsi.net\/#website","url":"https:\/\/lallavepsi.net\/","name":"","description":"","potentialAction":[{"@type":"SearchAction","target":{"@type":"EntryPoint","urlTemplate":"https:\/\/lallavepsi.net\/?s={search_term_string}"},"query-input":{"@type":"PropertyValueSpecification","valueRequired":true,"valueName":"search_term_string"}}],"inLanguage":"es-AR"}]}},"_links":{"self":[{"href":"https:\/\/lallavepsi.net\/index.php\/wp-json\/wp\/v2\/product\/1807","targetHints":{"allow":["GET"]}}],"collection":[{"href":"https:\/\/lallavepsi.net\/index.php\/wp-json\/wp\/v2\/product"}],"about":[{"href":"https:\/\/lallavepsi.net\/index.php\/wp-json\/wp\/v2\/types\/product"}],"replies":[{"embeddable":true,"href":"https:\/\/lallavepsi.net\/index.php\/wp-json\/wp\/v2\/comments?post=1807"}],"wp:featuredmedia":[{"embeddable":true,"href":"https:\/\/lallavepsi.net\/index.php\/wp-json\/wp\/v2\/media\/1808"}],"wp:attachment":[{"href":"https:\/\/lallavepsi.net\/index.php\/wp-json\/wp\/v2\/media?parent=1807"}],"wp:term":[{"taxonomy":"product_brand","embeddable":true,"href":"https:\/\/lallavepsi.net\/index.php\/wp-json\/wp\/v2\/product_brand?post=1807"},{"taxonomy":"product_cat","embeddable":true,"href":"https:\/\/lallavepsi.net\/index.php\/wp-json\/wp\/v2\/product_cat?post=1807"},{"taxonomy":"product_tag","embeddable":true,"href":"https:\/\/lallavepsi.net\/index.php\/wp-json\/wp\/v2\/product_tag?post=1807"}],"curies":[{"name":"wp","href":"https:\/\/api.w.org\/{rel}","templated":true}]}}