{"id":1834,"date":"2023-02-26T20:45:17","date_gmt":"2023-02-26T20:45:17","guid":{"rendered":"https:\/\/lallavepsi.net\/?post_type=product&#038;p=1834"},"modified":"2025-01-16T00:13:47","modified_gmt":"2025-01-16T00:13:47","slug":"formacion-online-psicologia-alquimica-i","status":"publish","type":"product","link":"https:\/\/lallavepsi.net\/index.php\/producto\/formacion-online-psicologia-alquimica-i\/","title":{"rendered":"FORMACI\u00d3N ONLINE PSICOLOG\u00cdA ALQU\u00cdMICA I"},"content":{"rendered":"","protected":false},"excerpt":{"rendered":"<p>Integraci\u00f3n entre el estudio y comprensi\u00f3n psicol\u00f3gica del s\u00ed mismo y la autotransformaci\u00f3n a trav\u00e9s del aprendizaje del uso de la magia alqu\u00edmica junguiana en concordancia con la ley de mentalismo\/manifestaci\u00f3n metaf\u00edsica y la profundizaci\u00f3n del estudio del cuarto camino de Gurdieff. Ver programa en:\u00a0<a href=\"https:\/\/lallavepsi.net\/index.php\/formaciones-online\/psicologia-alquimica-i-ii-y-iii\/\">https:\/\/lallavepsi.net\/index.php\/formaciones-online\/psicologia-alquimica-i-ii-y-iii\/<\/a><\/p>\n<p>&nbsp;<\/p>\n","protected":false},"featured_media":1835,"comment_status":"open","ping_status":"closed","template":"","meta":{"_monsterinsights_skip_tracking":false,"_monsterinsights_sitenote_active":false,"_monsterinsights_sitenote_note":"","_monsterinsights_sitenote_category":0,"_uf_show_specific_survey":0,"_uf_disable_surveys":false,"site-sidebar-layout":"default","site-content-layout":"default","ast-site-content-layout":"default","site-content-style":"default","site-sidebar-style":"default","ast-global-header-display":"","ast-banner-title-visibility":"","ast-main-header-display":"","ast-hfb-above-header-display":"","ast-hfb-below-header-display":"","ast-hfb-mobile-header-display":"","site-post-title":"","ast-breadcrumbs-content":"","ast-featured-img":"","footer-sml-layout":"","ast-disable-related-posts":"","theme-transparent-header-meta":"default","adv-header-id-meta":"","stick-header-meta":"","header-above-stick-meta":"","header-main-stick-meta":"","header-below-stick-meta":"","astra-migrate-meta-layouts":"set","ast-page-background-enabled":"default","ast-page-background-meta":{"desktop":{"background-color":"var(--ast-global-color-4)","background-image":"","background-repeat":"repeat","background-position":"center center","background-size":"auto","background-attachment":"scroll","background-type":"","background-media":"","overlay-type":"","overlay-color":"","overlay-opacity":"","overlay-gradient":""},"tablet":{"background-color":"","background-image":"","background-repeat":"repeat","background-position":"center center","background-size":"auto","background-attachment":"scroll","background-type":"","background-media":"","overlay-type":"","overlay-color":"","overlay-opacity":"","overlay-gradient":""},"mobile":{"background-color":"","background-image":"","background-repeat":"repeat","background-position":"center center","background-size":"auto","background-attachment":"scroll","background-type":"","background-media":"","overlay-type":"","overlay-color":"","overlay-opacity":"","overlay-gradient":""}},"ast-content-background-meta":{"desktop":{"background-color":"var(--ast-global-color-5)","background-image":"","background-repeat":"repeat","background-position":"center center","background-size":"auto","background-attachment":"scroll","background-type":"","background-media":"","overlay-type":"","overlay-color":"","overlay-opacity":"","overlay-gradient":""},"tablet":{"background-color":"var(--ast-global-color-5)","background-image":"","background-repeat":"repeat","background-position":"center center","background-size":"auto","background-attachment":"scroll","background-type":"","background-media":"","overlay-type":"","overlay-color":"","overlay-opacity":"","overlay-gradient":""},"mobile":{"background-color":"var(--ast-global-color-5)","background-image":"","background-repeat":"repeat","background-position":"center center","background-size":"auto","background-attachment":"scroll","background-type":"","background-media":"","overlay-type":"","overlay-color":"","overlay-opacity":"","overlay-gradient":""}}},"product_brand":[],"product_cat":[189],"product_tag":[250,240,363,365,364,361,272,244,367,368,369,360,245,362,366],"class_list":{"0":"post-1834","1":"product","2":"type-product","3":"status-publish","4":"has-post-thumbnail","6":"product_cat-formaciones","7":"product_tag-arcanos","8":"product_tag-arquetipos","9":"product_tag-cuarto-camino","10":"product_tag-eneagramas","11":"product_tag-gurdieff","12":"product_tag-jung","13":"product_tag-metafisica","14":"product_tag-mitologia","15":"product_tag-noche-oscura-del-alma","16":"product_tag-psicologia-analitica","17":"product_tag-psicologia-profunda","18":"product_tag-psicologia-y-alquimia","19":"product_tag-simbologia","20":"product_tag-sombra","21":"product_tag-viaje-del-heroe","22":"desktop-align-left","23":"tablet-align-left","24":"mobile-align-left","26":"first","27":"instock","28":"sale","29":"virtual","30":"taxable","31":"purchasable","32":"product-type-simple"},"yoast_head":"<!-- This site is optimized with the Yoast SEO plugin v27.0 - https:\/\/yoast.com\/product\/yoast-seo-wordpress\/ -->\n<title>FORMACI\u00d3N ONLINE PSICOLOG\u00cdA ALQU\u00cdMICA I -<\/title>\n<meta name=\"description\" content=\"Integraci\u00f3n entre el estudio y comprensi\u00f3n psicol\u00f3gica del s\u00ed mismo y la autotransformaci\u00f3n a trav\u00e9s del aprendizaje del uso de la magia alqu\u00edmica junguiana en concordancia con la ley de mentalismo\/manifestaci\u00f3n metaf\u00edsica y la profundizaci\u00f3n del estudio del cuarto camino de Gurdieff. Ver programa en:\u00a0https:\/\/lallavepsi.net\/index.php\/formaciones-online\/psicologia-alquimica-i-ii-y-iii\/\" \/>\n<meta name=\"robots\" content=\"index, follow, max-snippet:-1, max-image-preview:large, max-video-preview:-1\" \/>\n<link rel=\"canonical\" href=\"https:\/\/lallavepsi.net\/index.php\/producto\/formacion-online-psicologia-alquimica-i\/\" \/>\n<meta property=\"og:locale\" content=\"es_ES\" \/>\n<meta property=\"og:type\" content=\"article\" \/>\n<meta property=\"og:title\" content=\"FORMACI\u00d3N ONLINE PSICOLOG\u00cdA ALQU\u00cdMICA I -\" \/>\n<meta property=\"og:description\" content=\"Integraci\u00f3n entre el estudio y comprensi\u00f3n psicol\u00f3gica del s\u00ed mismo y la autotransformaci\u00f3n a trav\u00e9s del aprendizaje del uso de la magia alqu\u00edmica junguiana en concordancia con la ley de mentalismo\/manifestaci\u00f3n metaf\u00edsica y la profundizaci\u00f3n del estudio del cuarto camino de Gurdieff. Ver programa en:\u00a0https:\/\/lallavepsi.net\/index.php\/formaciones-online\/psicologia-alquimica-i-ii-y-iii\/\" \/>\n<meta property=\"og:url\" content=\"https:\/\/lallavepsi.net\/index.php\/producto\/formacion-online-psicologia-alquimica-i\/\" \/>\n<meta property=\"article:modified_time\" content=\"2025-01-16T00:13:47+00:00\" \/>\n<meta property=\"og:image\" content=\"https:\/\/lallavepsi.net\/wp-content\/uploads\/2023\/02\/alquimia1.jpg\" \/>\n\t<meta property=\"og:image:width\" content=\"300\" \/>\n\t<meta property=\"og:image:height\" content=\"300\" \/>\n\t<meta property=\"og:image:type\" content=\"image\/jpeg\" \/>\n<meta name=\"twitter:card\" content=\"summary_large_image\" \/>\n<meta name=\"twitter:label1\" content=\"Tiempo de lectura\" \/>\n\t<meta name=\"twitter:data1\" content=\"1 minuto\" \/>\n<script type=\"application\/ld+json\" class=\"yoast-schema-graph\">{\"@context\":\"https:\/\/schema.org\",\"@graph\":[{\"@type\":\"WebPage\",\"@id\":\"https:\/\/lallavepsi.net\/index.php\/producto\/formacion-online-psicologia-alquimica-i\/\",\"url\":\"https:\/\/lallavepsi.net\/index.php\/producto\/formacion-online-psicologia-alquimica-i\/\",\"name\":\"FORMACI\u00d3N ONLINE PSICOLOG\u00cdA ALQU\u00cdMICA I -\",\"isPartOf\":{\"@id\":\"https:\/\/lallavepsi.net\/#website\"},\"primaryImageOfPage\":{\"@id\":\"https:\/\/lallavepsi.net\/index.php\/producto\/formacion-online-psicologia-alquimica-i\/#primaryimage\"},\"image\":{\"@id\":\"https:\/\/lallavepsi.net\/index.php\/producto\/formacion-online-psicologia-alquimica-i\/#primaryimage\"},\"thumbnailUrl\":\"https:\/\/lallavepsi.net\/wp-content\/uploads\/2023\/02\/alquimia1.jpg\",\"datePublished\":\"2023-02-26T20:45:17+00:00\",\"dateModified\":\"2025-01-16T00:13:47+00:00\",\"description\":\"Integraci\u00f3n entre el estudio y comprensi\u00f3n psicol\u00f3gica del s\u00ed mismo y la autotransformaci\u00f3n a trav\u00e9s del aprendizaje del uso de la magia alqu\u00edmica junguiana en concordancia con la ley de mentalismo\/manifestaci\u00f3n metaf\u00edsica y la profundizaci\u00f3n del estudio del cuarto camino de Gurdieff. Ver programa en:\u00a0https:\/\/lallavepsi.net\/index.php\/formaciones-online\/psicologia-alquimica-i-ii-y-iii\/\",\"breadcrumb\":{\"@id\":\"https:\/\/lallavepsi.net\/index.php\/producto\/formacion-online-psicologia-alquimica-i\/#breadcrumb\"},\"inLanguage\":\"es-AR\",\"potentialAction\":[{\"@type\":\"ReadAction\",\"target\":[\"https:\/\/lallavepsi.net\/index.php\/producto\/formacion-online-psicologia-alquimica-i\/\"]}]},{\"@type\":\"ImageObject\",\"inLanguage\":\"es-AR\",\"@id\":\"https:\/\/lallavepsi.net\/index.php\/producto\/formacion-online-psicologia-alquimica-i\/#primaryimage\",\"url\":\"https:\/\/lallavepsi.net\/wp-content\/uploads\/2023\/02\/alquimia1.jpg\",\"contentUrl\":\"https:\/\/lallavepsi.net\/wp-content\/uploads\/2023\/02\/alquimia1.jpg\",\"width\":300,\"height\":300},{\"@type\":\"BreadcrumbList\",\"@id\":\"https:\/\/lallavepsi.net\/index.php\/producto\/formacion-online-psicologia-alquimica-i\/#breadcrumb\",\"itemListElement\":[{\"@type\":\"ListItem\",\"position\":1,\"name\":\"Inicio\",\"item\":\"https:\/\/lallavepsi.net\/\"},{\"@type\":\"ListItem\",\"position\":2,\"name\":\"VER TIENDA\",\"item\":\"https:\/\/lallavepsi.net\/index.php\/ver-tienda\/\"},{\"@type\":\"ListItem\",\"position\":3,\"name\":\"FORMACI\u00d3N ONLINE PSICOLOG\u00cdA ALQU\u00cdMICA I\"}]},{\"@type\":\"WebSite\",\"@id\":\"https:\/\/lallavepsi.net\/#website\",\"url\":\"https:\/\/lallavepsi.net\/\",\"name\":\"\",\"description\":\"\",\"potentialAction\":[{\"@type\":\"SearchAction\",\"target\":{\"@type\":\"EntryPoint\",\"urlTemplate\":\"https:\/\/lallavepsi.net\/?s={search_term_string}\"},\"query-input\":{\"@type\":\"PropertyValueSpecification\",\"valueRequired\":true,\"valueName\":\"search_term_string\"}}],\"inLanguage\":\"es-AR\"}]}<\/script>\n<!-- \/ Yoast SEO plugin. -->","yoast_head_json":{"title":"FORMACI\u00d3N ONLINE PSICOLOG\u00cdA ALQU\u00cdMICA I -","description":"Integraci\u00f3n entre el estudio y comprensi\u00f3n psicol\u00f3gica del s\u00ed mismo y la autotransformaci\u00f3n a trav\u00e9s del aprendizaje del uso de la magia alqu\u00edmica junguiana en concordancia con la ley de mentalismo\/manifestaci\u00f3n metaf\u00edsica y la profundizaci\u00f3n del estudio del cuarto camino de Gurdieff. Ver programa en:\u00a0https:\/\/lallavepsi.net\/index.php\/formaciones-online\/psicologia-alquimica-i-ii-y-iii\/","robots":{"index":"index","follow":"follow","max-snippet":"max-snippet:-1","max-image-preview":"max-image-preview:large","max-video-preview":"max-video-preview:-1"},"canonical":"https:\/\/lallavepsi.net\/index.php\/producto\/formacion-online-psicologia-alquimica-i\/","og_locale":"es_ES","og_type":"article","og_title":"FORMACI\u00d3N ONLINE PSICOLOG\u00cdA ALQU\u00cdMICA I -","og_description":"Integraci\u00f3n entre el estudio y comprensi\u00f3n psicol\u00f3gica del s\u00ed mismo y la autotransformaci\u00f3n a trav\u00e9s del aprendizaje del uso de la magia alqu\u00edmica junguiana en concordancia con la ley de mentalismo\/manifestaci\u00f3n metaf\u00edsica y la profundizaci\u00f3n del estudio del cuarto camino de Gurdieff. Ver programa en:\u00a0https:\/\/lallavepsi.net\/index.php\/formaciones-online\/psicologia-alquimica-i-ii-y-iii\/","og_url":"https:\/\/lallavepsi.net\/index.php\/producto\/formacion-online-psicologia-alquimica-i\/","article_modified_time":"2025-01-16T00:13:47+00:00","og_image":[{"width":300,"height":300,"url":"https:\/\/lallavepsi.net\/wp-content\/uploads\/2023\/02\/alquimia1.jpg","type":"image\/jpeg"}],"twitter_card":"summary_large_image","twitter_misc":{"Tiempo de lectura":"1 minuto"},"schema":{"@context":"https:\/\/schema.org","@graph":[{"@type":"WebPage","@id":"https:\/\/lallavepsi.net\/index.php\/producto\/formacion-online-psicologia-alquimica-i\/","url":"https:\/\/lallavepsi.net\/index.php\/producto\/formacion-online-psicologia-alquimica-i\/","name":"FORMACI\u00d3N ONLINE PSICOLOG\u00cdA ALQU\u00cdMICA I -","isPartOf":{"@id":"https:\/\/lallavepsi.net\/#website"},"primaryImageOfPage":{"@id":"https:\/\/lallavepsi.net\/index.php\/producto\/formacion-online-psicologia-alquimica-i\/#primaryimage"},"image":{"@id":"https:\/\/lallavepsi.net\/index.php\/producto\/formacion-online-psicologia-alquimica-i\/#primaryimage"},"thumbnailUrl":"https:\/\/lallavepsi.net\/wp-content\/uploads\/2023\/02\/alquimia1.jpg","datePublished":"2023-02-26T20:45:17+00:00","dateModified":"2025-01-16T00:13:47+00:00","description":"Integraci\u00f3n entre el estudio y comprensi\u00f3n psicol\u00f3gica del s\u00ed mismo y la autotransformaci\u00f3n a trav\u00e9s del aprendizaje del uso de la magia alqu\u00edmica junguiana en concordancia con la ley de mentalismo\/manifestaci\u00f3n metaf\u00edsica y la profundizaci\u00f3n del estudio del cuarto camino de Gurdieff. Ver programa en:\u00a0https:\/\/lallavepsi.net\/index.php\/formaciones-online\/psicologia-alquimica-i-ii-y-iii\/","breadcrumb":{"@id":"https:\/\/lallavepsi.net\/index.php\/producto\/formacion-online-psicologia-alquimica-i\/#breadcrumb"},"inLanguage":"es-AR","potentialAction":[{"@type":"ReadAction","target":["https:\/\/lallavepsi.net\/index.php\/producto\/formacion-online-psicologia-alquimica-i\/"]}]},{"@type":"ImageObject","inLanguage":"es-AR","@id":"https:\/\/lallavepsi.net\/index.php\/producto\/formacion-online-psicologia-alquimica-i\/#primaryimage","url":"https:\/\/lallavepsi.net\/wp-content\/uploads\/2023\/02\/alquimia1.jpg","contentUrl":"https:\/\/lallavepsi.net\/wp-content\/uploads\/2023\/02\/alquimia1.jpg","width":300,"height":300},{"@type":"BreadcrumbList","@id":"https:\/\/lallavepsi.net\/index.php\/producto\/formacion-online-psicologia-alquimica-i\/#breadcrumb","itemListElement":[{"@type":"ListItem","position":1,"name":"Inicio","item":"https:\/\/lallavepsi.net\/"},{"@type":"ListItem","position":2,"name":"VER TIENDA","item":"https:\/\/lallavepsi.net\/index.php\/ver-tienda\/"},{"@type":"ListItem","position":3,"name":"FORMACI\u00d3N ONLINE PSICOLOG\u00cdA ALQU\u00cdMICA I"}]},{"@type":"WebSite","@id":"https:\/\/lallavepsi.net\/#website","url":"https:\/\/lallavepsi.net\/","name":"","description":"","potentialAction":[{"@type":"SearchAction","target":{"@type":"EntryPoint","urlTemplate":"https:\/\/lallavepsi.net\/?s={search_term_string}"},"query-input":{"@type":"PropertyValueSpecification","valueRequired":true,"valueName":"search_term_string"}}],"inLanguage":"es-AR"}]}},"_links":{"self":[{"href":"https:\/\/lallavepsi.net\/index.php\/wp-json\/wp\/v2\/product\/1834","targetHints":{"allow":["GET"]}}],"collection":[{"href":"https:\/\/lallavepsi.net\/index.php\/wp-json\/wp\/v2\/product"}],"about":[{"href":"https:\/\/lallavepsi.net\/index.php\/wp-json\/wp\/v2\/types\/product"}],"replies":[{"embeddable":true,"href":"https:\/\/lallavepsi.net\/index.php\/wp-json\/wp\/v2\/comments?post=1834"}],"wp:featuredmedia":[{"embeddable":true,"href":"https:\/\/lallavepsi.net\/index.php\/wp-json\/wp\/v2\/media\/1835"}],"wp:attachment":[{"href":"https:\/\/lallavepsi.net\/index.php\/wp-json\/wp\/v2\/media?parent=1834"}],"wp:term":[{"taxonomy":"product_brand","embeddable":true,"href":"https:\/\/lallavepsi.net\/index.php\/wp-json\/wp\/v2\/product_brand?post=1834"},{"taxonomy":"product_cat","embeddable":true,"href":"https:\/\/lallavepsi.net\/index.php\/wp-json\/wp\/v2\/product_cat?post=1834"},{"taxonomy":"product_tag","embeddable":true,"href":"https:\/\/lallavepsi.net\/index.php\/wp-json\/wp\/v2\/product_tag?post=1834"}],"curies":[{"name":"wp","href":"https:\/\/api.w.org\/{rel}","templated":true}]}}