{"id":1836,"date":"2023-02-26T21:02:46","date_gmt":"2023-02-26T21:02:46","guid":{"rendered":"https:\/\/lallavepsi.net\/?post_type=product&#038;p=1836"},"modified":"2025-01-16T00:13:24","modified_gmt":"2025-01-16T00:13:24","slug":"psicologia-alquimica-ii","status":"publish","type":"product","link":"https:\/\/lallavepsi.net\/index.php\/producto\/psicologia-alquimica-ii\/","title":{"rendered":"FORMACI\u00d3N ONLINE PSICOLOG\u00cdA ALQU\u00cdMICA II"},"content":{"rendered":"","protected":false},"excerpt":{"rendered":"<p>Autoconocimiento, integraci\u00f3n y trabajo de la personalidad mediante la profundizaci\u00f3n de los arquetipos simb\u00f3licos de Jung, en lo personal, mitol\u00f3gico y especialmente en lo relacional a partir de su obra. Ver programa en:\u00a0 <a href=\"https:\/\/lallavepsi.net\/index.php\/formaciones-online\/psicologia-alquimica-i-ii-y-iii\/\">https:\/\/lallavepsi.net\/index.php\/formaciones-online\/psicologia-alquimica-i-ii-y-iii\/<\/a><\/p>\n<p>&nbsp;<\/p>\n","protected":false},"featured_media":1837,"comment_status":"open","ping_status":"closed","template":"","meta":{"_monsterinsights_skip_tracking":false,"_monsterinsights_sitenote_active":false,"_monsterinsights_sitenote_note":"","_monsterinsights_sitenote_category":0,"_uf_show_specific_survey":0,"_uf_disable_surveys":false,"site-sidebar-layout":"default","site-content-layout":"default","ast-site-content-layout":"default","site-content-style":"default","site-sidebar-style":"default","ast-global-header-display":"","ast-banner-title-visibility":"","ast-main-header-display":"","ast-hfb-above-header-display":"","ast-hfb-below-header-display":"","ast-hfb-mobile-header-display":"","site-post-title":"","ast-breadcrumbs-content":"","ast-featured-img":"","footer-sml-layout":"","ast-disable-related-posts":"","theme-transparent-header-meta":"default","adv-header-id-meta":"","stick-header-meta":"","header-above-stick-meta":"","header-main-stick-meta":"","header-below-stick-meta":"","astra-migrate-meta-layouts":"set","ast-page-background-enabled":"default","ast-page-background-meta":{"desktop":{"background-color":"var(--ast-global-color-4)","background-image":"","background-repeat":"repeat","background-position":"center center","background-size":"auto","background-attachment":"scroll","background-type":"","background-media":"","overlay-type":"","overlay-color":"","overlay-opacity":"","overlay-gradient":""},"tablet":{"background-color":"","background-image":"","background-repeat":"repeat","background-position":"center center","background-size":"auto","background-attachment":"scroll","background-type":"","background-media":"","overlay-type":"","overlay-color":"","overlay-opacity":"","overlay-gradient":""},"mobile":{"background-color":"","background-image":"","background-repeat":"repeat","background-position":"center center","background-size":"auto","background-attachment":"scroll","background-type":"","background-media":"","overlay-type":"","overlay-color":"","overlay-opacity":"","overlay-gradient":""}},"ast-content-background-meta":{"desktop":{"background-color":"var(--ast-global-color-5)","background-image":"","background-repeat":"repeat","background-position":"center center","background-size":"auto","background-attachment":"scroll","background-type":"","background-media":"","overlay-type":"","overlay-color":"","overlay-opacity":"","overlay-gradient":""},"tablet":{"background-color":"var(--ast-global-color-5)","background-image":"","background-repeat":"repeat","background-position":"center center","background-size":"auto","background-attachment":"scroll","background-type":"","background-media":"","overlay-type":"","overlay-color":"","overlay-opacity":"","overlay-gradient":""},"mobile":{"background-color":"var(--ast-global-color-5)","background-image":"","background-repeat":"repeat","background-position":"center center","background-size":"auto","background-attachment":"scroll","background-type":"","background-media":"","overlay-type":"","overlay-color":"","overlay-opacity":"","overlay-gradient":""}}},"product_brand":[],"product_cat":[189],"product_tag":[373,240,386,387,391,376,377,393,389,371,370,361,392,390,335,374,372,375,388,249,366],"class_list":{"0":"post-1836","1":"product","2":"type-product","3":"status-publish","4":"has-post-thumbnail","6":"product_cat-formaciones","7":"product_tag-anima-y-animus","8":"product_tag-arquetipos","9":"product_tag-arquetipos-familiares","10":"product_tag-arquetipos-y-ciclos-vitales","11":"product_tag-arquetipos-y-pareja","12":"product_tag-descenso-a-los-infiernos","13":"product_tag-el-infierno-de-dante","14":"product_tag-espejos-del-yo","15":"product_tag-familia-arquetipica","16":"product_tag-individuacion","17":"product_tag-integracion-del-yo","18":"product_tag-jung","19":"product_tag-karma-de-pareja","20":"product_tag-karma-familiar","21":"product_tag-no-binario","22":"product_tag-persona","23":"product_tag-psicologia-junguiana","24":"product_tag-reconciliacion-de-opuestos","25":"product_tag-roles-y-papeles-arquetipicos","26":"product_tag-simbolos","27":"product_tag-viaje-del-heroe","28":"desktop-align-left","29":"tablet-align-left","30":"mobile-align-left","32":"first","33":"instock","34":"sale","35":"virtual","36":"taxable","37":"purchasable","38":"product-type-simple"},"yoast_head":"<!-- This site is optimized with the Yoast SEO plugin v27.0 - https:\/\/yoast.com\/product\/yoast-seo-wordpress\/ -->\n<title>FORMACI\u00d3N ONLINE PSICOLOG\u00cdA ALQU\u00cdMICA II -<\/title>\n<meta name=\"description\" content=\"Autoconocimiento, integraci\u00f3n y trabajo de la personalidad mediante la profundizaci\u00f3n de los arquetipos simb\u00f3licos de Jung, en lo personal, mitol\u00f3gico y especialmente en lo relacional a partir de su obra. Ver programa en:\u00a0 https:\/\/lallavepsi.net\/index.php\/formaciones-online\/psicologia-alquimica-i-ii-y-iii\/\" \/>\n<meta name=\"robots\" content=\"index, follow, max-snippet:-1, max-image-preview:large, max-video-preview:-1\" \/>\n<link rel=\"canonical\" href=\"https:\/\/lallavepsi.net\/index.php\/producto\/psicologia-alquimica-ii\/\" \/>\n<meta property=\"og:locale\" content=\"es_ES\" \/>\n<meta property=\"og:type\" content=\"article\" \/>\n<meta property=\"og:title\" content=\"FORMACI\u00d3N ONLINE PSICOLOG\u00cdA ALQU\u00cdMICA II -\" \/>\n<meta property=\"og:description\" content=\"Autoconocimiento, integraci\u00f3n y trabajo de la personalidad mediante la profundizaci\u00f3n de los arquetipos simb\u00f3licos de Jung, en lo personal, mitol\u00f3gico y especialmente en lo relacional a partir de su obra. Ver programa en:\u00a0 https:\/\/lallavepsi.net\/index.php\/formaciones-online\/psicologia-alquimica-i-ii-y-iii\/\" \/>\n<meta property=\"og:url\" content=\"https:\/\/lallavepsi.net\/index.php\/producto\/psicologia-alquimica-ii\/\" \/>\n<meta property=\"article:modified_time\" content=\"2025-01-16T00:13:24+00:00\" \/>\n<meta property=\"og:image\" content=\"https:\/\/lallavepsi.net\/wp-content\/uploads\/2023\/02\/alquimia2.jpg\" \/>\n\t<meta property=\"og:image:width\" content=\"560\" \/>\n\t<meta property=\"og:image:height\" content=\"500\" \/>\n\t<meta property=\"og:image:type\" content=\"image\/jpeg\" \/>\n<meta name=\"twitter:card\" content=\"summary_large_image\" \/>\n<meta name=\"twitter:label1\" content=\"Tiempo de lectura\" \/>\n\t<meta name=\"twitter:data1\" content=\"1 minuto\" \/>\n<script type=\"application\/ld+json\" class=\"yoast-schema-graph\">{\"@context\":\"https:\/\/schema.org\",\"@graph\":[{\"@type\":\"WebPage\",\"@id\":\"https:\/\/lallavepsi.net\/index.php\/producto\/psicologia-alquimica-ii\/\",\"url\":\"https:\/\/lallavepsi.net\/index.php\/producto\/psicologia-alquimica-ii\/\",\"name\":\"FORMACI\u00d3N ONLINE PSICOLOG\u00cdA ALQU\u00cdMICA II -\",\"isPartOf\":{\"@id\":\"https:\/\/lallavepsi.net\/#website\"},\"primaryImageOfPage\":{\"@id\":\"https:\/\/lallavepsi.net\/index.php\/producto\/psicologia-alquimica-ii\/#primaryimage\"},\"image\":{\"@id\":\"https:\/\/lallavepsi.net\/index.php\/producto\/psicologia-alquimica-ii\/#primaryimage\"},\"thumbnailUrl\":\"https:\/\/lallavepsi.net\/wp-content\/uploads\/2023\/02\/alquimia2.jpg\",\"datePublished\":\"2023-02-26T21:02:46+00:00\",\"dateModified\":\"2025-01-16T00:13:24+00:00\",\"description\":\"Autoconocimiento, integraci\u00f3n y trabajo de la personalidad mediante la profundizaci\u00f3n de los arquetipos simb\u00f3licos de Jung, en lo personal, mitol\u00f3gico y especialmente en lo relacional a partir de su obra. Ver programa en:\u00a0 https:\/\/lallavepsi.net\/index.php\/formaciones-online\/psicologia-alquimica-i-ii-y-iii\/\",\"breadcrumb\":{\"@id\":\"https:\/\/lallavepsi.net\/index.php\/producto\/psicologia-alquimica-ii\/#breadcrumb\"},\"inLanguage\":\"es-AR\",\"potentialAction\":[{\"@type\":\"ReadAction\",\"target\":[\"https:\/\/lallavepsi.net\/index.php\/producto\/psicologia-alquimica-ii\/\"]}]},{\"@type\":\"ImageObject\",\"inLanguage\":\"es-AR\",\"@id\":\"https:\/\/lallavepsi.net\/index.php\/producto\/psicologia-alquimica-ii\/#primaryimage\",\"url\":\"https:\/\/lallavepsi.net\/wp-content\/uploads\/2023\/02\/alquimia2.jpg\",\"contentUrl\":\"https:\/\/lallavepsi.net\/wp-content\/uploads\/2023\/02\/alquimia2.jpg\",\"width\":560,\"height\":500},{\"@type\":\"BreadcrumbList\",\"@id\":\"https:\/\/lallavepsi.net\/index.php\/producto\/psicologia-alquimica-ii\/#breadcrumb\",\"itemListElement\":[{\"@type\":\"ListItem\",\"position\":1,\"name\":\"Inicio\",\"item\":\"https:\/\/lallavepsi.net\/\"},{\"@type\":\"ListItem\",\"position\":2,\"name\":\"VER TIENDA\",\"item\":\"https:\/\/lallavepsi.net\/index.php\/ver-tienda\/\"},{\"@type\":\"ListItem\",\"position\":3,\"name\":\"FORMACI\u00d3N ONLINE PSICOLOG\u00cdA ALQU\u00cdMICA II\"}]},{\"@type\":\"WebSite\",\"@id\":\"https:\/\/lallavepsi.net\/#website\",\"url\":\"https:\/\/lallavepsi.net\/\",\"name\":\"\",\"description\":\"\",\"potentialAction\":[{\"@type\":\"SearchAction\",\"target\":{\"@type\":\"EntryPoint\",\"urlTemplate\":\"https:\/\/lallavepsi.net\/?s={search_term_string}\"},\"query-input\":{\"@type\":\"PropertyValueSpecification\",\"valueRequired\":true,\"valueName\":\"search_term_string\"}}],\"inLanguage\":\"es-AR\"}]}<\/script>\n<!-- \/ Yoast SEO plugin. -->","yoast_head_json":{"title":"FORMACI\u00d3N ONLINE PSICOLOG\u00cdA ALQU\u00cdMICA II -","description":"Autoconocimiento, integraci\u00f3n y trabajo de la personalidad mediante la profundizaci\u00f3n de los arquetipos simb\u00f3licos de Jung, en lo personal, mitol\u00f3gico y especialmente en lo relacional a partir de su obra. Ver programa en:\u00a0 https:\/\/lallavepsi.net\/index.php\/formaciones-online\/psicologia-alquimica-i-ii-y-iii\/","robots":{"index":"index","follow":"follow","max-snippet":"max-snippet:-1","max-image-preview":"max-image-preview:large","max-video-preview":"max-video-preview:-1"},"canonical":"https:\/\/lallavepsi.net\/index.php\/producto\/psicologia-alquimica-ii\/","og_locale":"es_ES","og_type":"article","og_title":"FORMACI\u00d3N ONLINE PSICOLOG\u00cdA ALQU\u00cdMICA II -","og_description":"Autoconocimiento, integraci\u00f3n y trabajo de la personalidad mediante la profundizaci\u00f3n de los arquetipos simb\u00f3licos de Jung, en lo personal, mitol\u00f3gico y especialmente en lo relacional a partir de su obra. Ver programa en:\u00a0 https:\/\/lallavepsi.net\/index.php\/formaciones-online\/psicologia-alquimica-i-ii-y-iii\/","og_url":"https:\/\/lallavepsi.net\/index.php\/producto\/psicologia-alquimica-ii\/","article_modified_time":"2025-01-16T00:13:24+00:00","og_image":[{"width":560,"height":500,"url":"https:\/\/lallavepsi.net\/wp-content\/uploads\/2023\/02\/alquimia2.jpg","type":"image\/jpeg"}],"twitter_card":"summary_large_image","twitter_misc":{"Tiempo de lectura":"1 minuto"},"schema":{"@context":"https:\/\/schema.org","@graph":[{"@type":"WebPage","@id":"https:\/\/lallavepsi.net\/index.php\/producto\/psicologia-alquimica-ii\/","url":"https:\/\/lallavepsi.net\/index.php\/producto\/psicologia-alquimica-ii\/","name":"FORMACI\u00d3N ONLINE PSICOLOG\u00cdA ALQU\u00cdMICA II -","isPartOf":{"@id":"https:\/\/lallavepsi.net\/#website"},"primaryImageOfPage":{"@id":"https:\/\/lallavepsi.net\/index.php\/producto\/psicologia-alquimica-ii\/#primaryimage"},"image":{"@id":"https:\/\/lallavepsi.net\/index.php\/producto\/psicologia-alquimica-ii\/#primaryimage"},"thumbnailUrl":"https:\/\/lallavepsi.net\/wp-content\/uploads\/2023\/02\/alquimia2.jpg","datePublished":"2023-02-26T21:02:46+00:00","dateModified":"2025-01-16T00:13:24+00:00","description":"Autoconocimiento, integraci\u00f3n y trabajo de la personalidad mediante la profundizaci\u00f3n de los arquetipos simb\u00f3licos de Jung, en lo personal, mitol\u00f3gico y especialmente en lo relacional a partir de su obra. Ver programa en:\u00a0 https:\/\/lallavepsi.net\/index.php\/formaciones-online\/psicologia-alquimica-i-ii-y-iii\/","breadcrumb":{"@id":"https:\/\/lallavepsi.net\/index.php\/producto\/psicologia-alquimica-ii\/#breadcrumb"},"inLanguage":"es-AR","potentialAction":[{"@type":"ReadAction","target":["https:\/\/lallavepsi.net\/index.php\/producto\/psicologia-alquimica-ii\/"]}]},{"@type":"ImageObject","inLanguage":"es-AR","@id":"https:\/\/lallavepsi.net\/index.php\/producto\/psicologia-alquimica-ii\/#primaryimage","url":"https:\/\/lallavepsi.net\/wp-content\/uploads\/2023\/02\/alquimia2.jpg","contentUrl":"https:\/\/lallavepsi.net\/wp-content\/uploads\/2023\/02\/alquimia2.jpg","width":560,"height":500},{"@type":"BreadcrumbList","@id":"https:\/\/lallavepsi.net\/index.php\/producto\/psicologia-alquimica-ii\/#breadcrumb","itemListElement":[{"@type":"ListItem","position":1,"name":"Inicio","item":"https:\/\/lallavepsi.net\/"},{"@type":"ListItem","position":2,"name":"VER TIENDA","item":"https:\/\/lallavepsi.net\/index.php\/ver-tienda\/"},{"@type":"ListItem","position":3,"name":"FORMACI\u00d3N ONLINE PSICOLOG\u00cdA ALQU\u00cdMICA II"}]},{"@type":"WebSite","@id":"https:\/\/lallavepsi.net\/#website","url":"https:\/\/lallavepsi.net\/","name":"","description":"","potentialAction":[{"@type":"SearchAction","target":{"@type":"EntryPoint","urlTemplate":"https:\/\/lallavepsi.net\/?s={search_term_string}"},"query-input":{"@type":"PropertyValueSpecification","valueRequired":true,"valueName":"search_term_string"}}],"inLanguage":"es-AR"}]}},"_links":{"self":[{"href":"https:\/\/lallavepsi.net\/index.php\/wp-json\/wp\/v2\/product\/1836","targetHints":{"allow":["GET"]}}],"collection":[{"href":"https:\/\/lallavepsi.net\/index.php\/wp-json\/wp\/v2\/product"}],"about":[{"href":"https:\/\/lallavepsi.net\/index.php\/wp-json\/wp\/v2\/types\/product"}],"replies":[{"embeddable":true,"href":"https:\/\/lallavepsi.net\/index.php\/wp-json\/wp\/v2\/comments?post=1836"}],"wp:featuredmedia":[{"embeddable":true,"href":"https:\/\/lallavepsi.net\/index.php\/wp-json\/wp\/v2\/media\/1837"}],"wp:attachment":[{"href":"https:\/\/lallavepsi.net\/index.php\/wp-json\/wp\/v2\/media?parent=1836"}],"wp:term":[{"taxonomy":"product_brand","embeddable":true,"href":"https:\/\/lallavepsi.net\/index.php\/wp-json\/wp\/v2\/product_brand?post=1836"},{"taxonomy":"product_cat","embeddable":true,"href":"https:\/\/lallavepsi.net\/index.php\/wp-json\/wp\/v2\/product_cat?post=1836"},{"taxonomy":"product_tag","embeddable":true,"href":"https:\/\/lallavepsi.net\/index.php\/wp-json\/wp\/v2\/product_tag?post=1836"}],"curies":[{"name":"wp","href":"https:\/\/api.w.org\/{rel}","templated":true}]}}