{"id":1884,"date":"2023-03-03T13:36:27","date_gmt":"2023-03-03T13:36:27","guid":{"rendered":"https:\/\/lallavepsi.net\/?post_type=product&#038;p=1884"},"modified":"2026-01-30T23:33:44","modified_gmt":"2026-01-30T23:33:44","slug":"formacion-online-psicologia-y-filosofia-hermetica-y-esoterica-ii","status":"publish","type":"product","link":"https:\/\/lallavepsi.net\/index.php\/producto\/formacion-online-psicologia-y-filosofia-hermetica-y-esoterica-ii\/","title":{"rendered":"FORMACI\u00d3N ONLINE PSICOLOG\u00cdA GN\u00d3STICA II"},"content":{"rendered":"","protected":false},"excerpt":{"rendered":"<p>Conoc\u00e9 el camino del discipulado y el autosendero comprendiendo sus pautas y ahondando en recursos pr\u00e1cticos hacia la transformaci\u00f3n espiritual. Experiment\u00e1 la gnosis como emancipaci\u00f3n espiritual del alma haciendo hincapi\u00e9 en un autoconocimiento profundo que permita la experiencia directa de lo divino sin necesidad de intermediarios para alcanzar la automaestr\u00eda. Ver programa en:\u00a0<a href=\"https:\/\/lallavepsi.net\/index.php\/formaciones-online\/psicologia-y-filosofia-hermetica-y-esoterica\/\">https:\/\/lallavepsi.net\/index.php\/formaciones-online\/psicologia-y-filosofia-hermetica-y-esoterica\/<\/a><\/p>\n","protected":false},"featured_media":1885,"comment_status":"open","ping_status":"closed","template":"","meta":{"_monsterinsights_skip_tracking":false,"_monsterinsights_sitenote_active":false,"_monsterinsights_sitenote_note":"","_monsterinsights_sitenote_category":0,"_uf_show_specific_survey":0,"_uf_disable_surveys":false,"site-sidebar-layout":"default","site-content-layout":"default","ast-site-content-layout":"default","site-content-style":"default","site-sidebar-style":"default","ast-global-header-display":"","ast-banner-title-visibility":"","ast-main-header-display":"","ast-hfb-above-header-display":"","ast-hfb-below-header-display":"","ast-hfb-mobile-header-display":"","site-post-title":"","ast-breadcrumbs-content":"","ast-featured-img":"","footer-sml-layout":"","ast-disable-related-posts":"","theme-transparent-header-meta":"default","adv-header-id-meta":"","stick-header-meta":"","header-above-stick-meta":"","header-main-stick-meta":"","header-below-stick-meta":"","astra-migrate-meta-layouts":"set","ast-page-background-enabled":"default","ast-page-background-meta":{"desktop":{"background-color":"var(--ast-global-color-4)","background-image":"","background-repeat":"repeat","background-position":"center center","background-size":"auto","background-attachment":"scroll","background-type":"","background-media":"","overlay-type":"","overlay-color":"","overlay-opacity":"","overlay-gradient":""},"tablet":{"background-color":"","background-image":"","background-repeat":"repeat","background-position":"center center","background-size":"auto","background-attachment":"scroll","background-type":"","background-media":"","overlay-type":"","overlay-color":"","overlay-opacity":"","overlay-gradient":""},"mobile":{"background-color":"","background-image":"","background-repeat":"repeat","background-position":"center center","background-size":"auto","background-attachment":"scroll","background-type":"","background-media":"","overlay-type":"","overlay-color":"","overlay-opacity":"","overlay-gradient":""}},"ast-content-background-meta":{"desktop":{"background-color":"var(--ast-global-color-5)","background-image":"","background-repeat":"repeat","background-position":"center center","background-size":"auto","background-attachment":"scroll","background-type":"","background-media":"","overlay-type":"","overlay-color":"","overlay-opacity":"","overlay-gradient":""},"tablet":{"background-color":"var(--ast-global-color-5)","background-image":"","background-repeat":"repeat","background-position":"center center","background-size":"auto","background-attachment":"scroll","background-type":"","background-media":"","overlay-type":"","overlay-color":"","overlay-opacity":"","overlay-gradient":""},"mobile":{"background-color":"var(--ast-global-color-5)","background-image":"","background-repeat":"repeat","background-position":"center center","background-size":"auto","background-attachment":"scroll","background-type":"","background-media":"","overlay-type":"","overlay-color":"","overlay-opacity":"","overlay-gradient":""}}},"product_brand":[],"product_cat":[189],"product_tag":[491,505,381,746,508,459,501,469,744,492,502,461,504,315,743,506,480,462,503,499,272,493,742,484,495,741,344,455,432,490,498,507,494,745,471,497,496,509,500],"class_list":{"0":"post-1884","1":"product","2":"type-product","3":"status-publish","4":"has-post-thumbnail","6":"product_cat-formaciones","7":"product_tag-8-kybaliones","8":"product_tag-almas","9":"product_tag-alquimia","10":"product_tag-arcontes","11":"product_tag-ashrams","12":"product_tag-autoconocimiento","13":"product_tag-consciencia-cosmica","14":"product_tag-corpus-hermeticum","15":"product_tag-demiurgo","16":"product_tag-discipulado","17":"product_tag-discipulado-de-la-nueva-era","18":"product_tag-el-kybalion","19":"product_tag-energias-superiores","20":"product_tag-espiritualidad","21":"product_tag-evangelios-apocrifos","22":"product_tag-hermes","23":"product_tag-iniciaciones","24":"product_tag-leyes-universales","25":"product_tag-maestros-ascendidos","26":"product_tag-mental-superior","27":"product_tag-metafisica","28":"product_tag-mision-espiritual","29":"product_tag-nag-hammadi","30":"product_tag-nueva-era","31":"product_tag-patrones-mentales","32":"product_tag-pistis-sophia","33":"product_tag-precipitacion","34":"product_tag-principios-de-la-creacion","35":"product_tag-proposito","36":"product_tag-saberes-hermeticos","37":"product_tag-sabiduria","38":"product_tag-secretos-del-universo","39":"product_tag-sentido-de-vida","40":"product_tag-simulacion","41":"product_tag-tabla-esmeralda","42":"product_tag-transformacion","43":"product_tag-transmutacion","44":"product_tag-yo-cristico","45":"product_tag-yo-soy","46":"desktop-align-left","47":"tablet-align-left","48":"mobile-align-left","50":"first","51":"instock","52":"sale","53":"virtual","54":"taxable","55":"purchasable","56":"product-type-simple"},"yoast_head":"<!-- This site is optimized with the Yoast SEO plugin v27.0 - https:\/\/yoast.com\/product\/yoast-seo-wordpress\/ -->\n<title>FORMACI\u00d3N ONLINE PSICOLOG\u00cdA GN\u00d3STICA II -<\/title>\n<meta name=\"description\" content=\"Ver programa en:\u00a0https:\/\/lallavepsi.net\/index.php\/formaciones-online\/psicologia-y-filosofia-hermetica-y-esoterica\/\" \/>\n<meta name=\"robots\" content=\"index, follow, max-snippet:-1, max-image-preview:large, max-video-preview:-1\" \/>\n<link rel=\"canonical\" href=\"https:\/\/lallavepsi.net\/index.php\/producto\/formacion-online-psicologia-y-filosofia-hermetica-y-esoterica-ii\/\" \/>\n<meta property=\"og:locale\" content=\"es_ES\" \/>\n<meta property=\"og:type\" content=\"article\" \/>\n<meta property=\"og:title\" content=\"FORMACI\u00d3N ONLINE PSICOLOG\u00cdA GN\u00d3STICA II -\" \/>\n<meta property=\"og:description\" content=\"Ver programa en:\u00a0https:\/\/lallavepsi.net\/index.php\/formaciones-online\/psicologia-y-filosofia-hermetica-y-esoterica\/\" \/>\n<meta property=\"og:url\" content=\"https:\/\/lallavepsi.net\/index.php\/producto\/formacion-online-psicologia-y-filosofia-hermetica-y-esoterica-ii\/\" \/>\n<meta property=\"article:modified_time\" content=\"2026-01-30T23:33:44+00:00\" \/>\n<meta property=\"og:image\" content=\"https:\/\/lallavepsi.net\/wp-content\/uploads\/2023\/03\/travel-geb3c22b80_1280.jpg\" \/>\n\t<meta property=\"og:image:width\" content=\"1280\" \/>\n\t<meta property=\"og:image:height\" content=\"960\" \/>\n\t<meta property=\"og:image:type\" content=\"image\/jpeg\" \/>\n<meta name=\"twitter:card\" content=\"summary_large_image\" \/>\n<meta name=\"twitter:label1\" content=\"Tiempo de lectura\" \/>\n\t<meta name=\"twitter:data1\" content=\"1 minuto\" \/>\n<script type=\"application\/ld+json\" class=\"yoast-schema-graph\">{\"@context\":\"https:\/\/schema.org\",\"@graph\":[{\"@type\":\"WebPage\",\"@id\":\"https:\/\/lallavepsi.net\/index.php\/producto\/formacion-online-psicologia-y-filosofia-hermetica-y-esoterica-ii\/\",\"url\":\"https:\/\/lallavepsi.net\/index.php\/producto\/formacion-online-psicologia-y-filosofia-hermetica-y-esoterica-ii\/\",\"name\":\"FORMACI\u00d3N ONLINE PSICOLOG\u00cdA GN\u00d3STICA II -\",\"isPartOf\":{\"@id\":\"https:\/\/lallavepsi.net\/#website\"},\"primaryImageOfPage\":{\"@id\":\"https:\/\/lallavepsi.net\/index.php\/producto\/formacion-online-psicologia-y-filosofia-hermetica-y-esoterica-ii\/#primaryimage\"},\"image\":{\"@id\":\"https:\/\/lallavepsi.net\/index.php\/producto\/formacion-online-psicologia-y-filosofia-hermetica-y-esoterica-ii\/#primaryimage\"},\"thumbnailUrl\":\"https:\/\/lallavepsi.net\/wp-content\/uploads\/2023\/03\/travel-geb3c22b80_1280.jpg\",\"datePublished\":\"2023-03-03T13:36:27+00:00\",\"dateModified\":\"2026-01-30T23:33:44+00:00\",\"description\":\"Ver programa en:\u00a0https:\/\/lallavepsi.net\/index.php\/formaciones-online\/psicologia-y-filosofia-hermetica-y-esoterica\/\",\"breadcrumb\":{\"@id\":\"https:\/\/lallavepsi.net\/index.php\/producto\/formacion-online-psicologia-y-filosofia-hermetica-y-esoterica-ii\/#breadcrumb\"},\"inLanguage\":\"es-AR\",\"potentialAction\":[{\"@type\":\"ReadAction\",\"target\":[\"https:\/\/lallavepsi.net\/index.php\/producto\/formacion-online-psicologia-y-filosofia-hermetica-y-esoterica-ii\/\"]}]},{\"@type\":\"ImageObject\",\"inLanguage\":\"es-AR\",\"@id\":\"https:\/\/lallavepsi.net\/index.php\/producto\/formacion-online-psicologia-y-filosofia-hermetica-y-esoterica-ii\/#primaryimage\",\"url\":\"https:\/\/lallavepsi.net\/wp-content\/uploads\/2023\/03\/travel-geb3c22b80_1280.jpg\",\"contentUrl\":\"https:\/\/lallavepsi.net\/wp-content\/uploads\/2023\/03\/travel-geb3c22b80_1280.jpg\",\"width\":1280,\"height\":960},{\"@type\":\"BreadcrumbList\",\"@id\":\"https:\/\/lallavepsi.net\/index.php\/producto\/formacion-online-psicologia-y-filosofia-hermetica-y-esoterica-ii\/#breadcrumb\",\"itemListElement\":[{\"@type\":\"ListItem\",\"position\":1,\"name\":\"Inicio\",\"item\":\"https:\/\/lallavepsi.net\/\"},{\"@type\":\"ListItem\",\"position\":2,\"name\":\"VER TIENDA\",\"item\":\"https:\/\/lallavepsi.net\/index.php\/ver-tienda\/\"},{\"@type\":\"ListItem\",\"position\":3,\"name\":\"FORMACI\u00d3N ONLINE PSICOLOG\u00cdA GN\u00d3STICA II\"}]},{\"@type\":\"WebSite\",\"@id\":\"https:\/\/lallavepsi.net\/#website\",\"url\":\"https:\/\/lallavepsi.net\/\",\"name\":\"\",\"description\":\"\",\"potentialAction\":[{\"@type\":\"SearchAction\",\"target\":{\"@type\":\"EntryPoint\",\"urlTemplate\":\"https:\/\/lallavepsi.net\/?s={search_term_string}\"},\"query-input\":{\"@type\":\"PropertyValueSpecification\",\"valueRequired\":true,\"valueName\":\"search_term_string\"}}],\"inLanguage\":\"es-AR\"}]}<\/script>\n<!-- \/ Yoast SEO plugin. -->","yoast_head_json":{"title":"FORMACI\u00d3N ONLINE PSICOLOG\u00cdA GN\u00d3STICA II -","description":"Ver programa en:\u00a0https:\/\/lallavepsi.net\/index.php\/formaciones-online\/psicologia-y-filosofia-hermetica-y-esoterica\/","robots":{"index":"index","follow":"follow","max-snippet":"max-snippet:-1","max-image-preview":"max-image-preview:large","max-video-preview":"max-video-preview:-1"},"canonical":"https:\/\/lallavepsi.net\/index.php\/producto\/formacion-online-psicologia-y-filosofia-hermetica-y-esoterica-ii\/","og_locale":"es_ES","og_type":"article","og_title":"FORMACI\u00d3N ONLINE PSICOLOG\u00cdA GN\u00d3STICA II -","og_description":"Ver programa en:\u00a0https:\/\/lallavepsi.net\/index.php\/formaciones-online\/psicologia-y-filosofia-hermetica-y-esoterica\/","og_url":"https:\/\/lallavepsi.net\/index.php\/producto\/formacion-online-psicologia-y-filosofia-hermetica-y-esoterica-ii\/","article_modified_time":"2026-01-30T23:33:44+00:00","og_image":[{"width":1280,"height":960,"url":"https:\/\/lallavepsi.net\/wp-content\/uploads\/2023\/03\/travel-geb3c22b80_1280.jpg","type":"image\/jpeg"}],"twitter_card":"summary_large_image","twitter_misc":{"Tiempo de lectura":"1 minuto"},"schema":{"@context":"https:\/\/schema.org","@graph":[{"@type":"WebPage","@id":"https:\/\/lallavepsi.net\/index.php\/producto\/formacion-online-psicologia-y-filosofia-hermetica-y-esoterica-ii\/","url":"https:\/\/lallavepsi.net\/index.php\/producto\/formacion-online-psicologia-y-filosofia-hermetica-y-esoterica-ii\/","name":"FORMACI\u00d3N ONLINE PSICOLOG\u00cdA GN\u00d3STICA II -","isPartOf":{"@id":"https:\/\/lallavepsi.net\/#website"},"primaryImageOfPage":{"@id":"https:\/\/lallavepsi.net\/index.php\/producto\/formacion-online-psicologia-y-filosofia-hermetica-y-esoterica-ii\/#primaryimage"},"image":{"@id":"https:\/\/lallavepsi.net\/index.php\/producto\/formacion-online-psicologia-y-filosofia-hermetica-y-esoterica-ii\/#primaryimage"},"thumbnailUrl":"https:\/\/lallavepsi.net\/wp-content\/uploads\/2023\/03\/travel-geb3c22b80_1280.jpg","datePublished":"2023-03-03T13:36:27+00:00","dateModified":"2026-01-30T23:33:44+00:00","description":"Ver programa en:\u00a0https:\/\/lallavepsi.net\/index.php\/formaciones-online\/psicologia-y-filosofia-hermetica-y-esoterica\/","breadcrumb":{"@id":"https:\/\/lallavepsi.net\/index.php\/producto\/formacion-online-psicologia-y-filosofia-hermetica-y-esoterica-ii\/#breadcrumb"},"inLanguage":"es-AR","potentialAction":[{"@type":"ReadAction","target":["https:\/\/lallavepsi.net\/index.php\/producto\/formacion-online-psicologia-y-filosofia-hermetica-y-esoterica-ii\/"]}]},{"@type":"ImageObject","inLanguage":"es-AR","@id":"https:\/\/lallavepsi.net\/index.php\/producto\/formacion-online-psicologia-y-filosofia-hermetica-y-esoterica-ii\/#primaryimage","url":"https:\/\/lallavepsi.net\/wp-content\/uploads\/2023\/03\/travel-geb3c22b80_1280.jpg","contentUrl":"https:\/\/lallavepsi.net\/wp-content\/uploads\/2023\/03\/travel-geb3c22b80_1280.jpg","width":1280,"height":960},{"@type":"BreadcrumbList","@id":"https:\/\/lallavepsi.net\/index.php\/producto\/formacion-online-psicologia-y-filosofia-hermetica-y-esoterica-ii\/#breadcrumb","itemListElement":[{"@type":"ListItem","position":1,"name":"Inicio","item":"https:\/\/lallavepsi.net\/"},{"@type":"ListItem","position":2,"name":"VER TIENDA","item":"https:\/\/lallavepsi.net\/index.php\/ver-tienda\/"},{"@type":"ListItem","position":3,"name":"FORMACI\u00d3N ONLINE PSICOLOG\u00cdA GN\u00d3STICA II"}]},{"@type":"WebSite","@id":"https:\/\/lallavepsi.net\/#website","url":"https:\/\/lallavepsi.net\/","name":"","description":"","potentialAction":[{"@type":"SearchAction","target":{"@type":"EntryPoint","urlTemplate":"https:\/\/lallavepsi.net\/?s={search_term_string}"},"query-input":{"@type":"PropertyValueSpecification","valueRequired":true,"valueName":"search_term_string"}}],"inLanguage":"es-AR"}]}},"_links":{"self":[{"href":"https:\/\/lallavepsi.net\/index.php\/wp-json\/wp\/v2\/product\/1884","targetHints":{"allow":["GET"]}}],"collection":[{"href":"https:\/\/lallavepsi.net\/index.php\/wp-json\/wp\/v2\/product"}],"about":[{"href":"https:\/\/lallavepsi.net\/index.php\/wp-json\/wp\/v2\/types\/product"}],"replies":[{"embeddable":true,"href":"https:\/\/lallavepsi.net\/index.php\/wp-json\/wp\/v2\/comments?post=1884"}],"wp:featuredmedia":[{"embeddable":true,"href":"https:\/\/lallavepsi.net\/index.php\/wp-json\/wp\/v2\/media\/1885"}],"wp:attachment":[{"href":"https:\/\/lallavepsi.net\/index.php\/wp-json\/wp\/v2\/media?parent=1884"}],"wp:term":[{"taxonomy":"product_brand","embeddable":true,"href":"https:\/\/lallavepsi.net\/index.php\/wp-json\/wp\/v2\/product_brand?post=1884"},{"taxonomy":"product_cat","embeddable":true,"href":"https:\/\/lallavepsi.net\/index.php\/wp-json\/wp\/v2\/product_cat?post=1884"},{"taxonomy":"product_tag","embeddable":true,"href":"https:\/\/lallavepsi.net\/index.php\/wp-json\/wp\/v2\/product_tag?post=1884"}],"curies":[{"name":"wp","href":"https:\/\/api.w.org\/{rel}","templated":true}]}}