{"id":1886,"date":"2023-03-03T13:49:23","date_gmt":"2023-03-03T13:49:23","guid":{"rendered":"https:\/\/lallavepsi.net\/?post_type=product&#038;p=1886"},"modified":"2025-01-16T00:08:05","modified_gmt":"2025-01-16T00:08:05","slug":"1886","status":"publish","type":"product","link":"https:\/\/lallavepsi.net\/index.php\/producto\/1886\/","title":{"rendered":"FORMACI\u00d3N ONLINE RECORDAR-SER"},"content":{"rendered":"","protected":false},"excerpt":{"rendered":"<p>Un viaje hacia una historia no oficial y alternativa. Trabajo con regresiones para transmutar y sanar memorias ancestrales grabadas con dolor, y para volver a vivenciar nuestros dones naturales y recuerdos felices. Recordarnos qui\u00e9nes somos, de d\u00f3nde venimos y a d\u00f3nde volveremos, y qu\u00e9 nos comprometimos a hacer. Ver programa en:\u00a0<a href=\"https:\/\/lallavepsi.net\/index.php\/formaciones-online\/recordar-ser\/\">https:\/\/lallavepsi.net\/index.php\/formaciones-online\/recordar-ser\/<\/a><\/p>\n<p>&nbsp;<\/p>\n","protected":false},"featured_media":1890,"comment_status":"open","ping_status":"closed","template":"","meta":{"_monsterinsights_skip_tracking":false,"_monsterinsights_sitenote_active":false,"_monsterinsights_sitenote_note":"","_monsterinsights_sitenote_category":0,"_uf_show_specific_survey":0,"_uf_disable_surveys":false,"site-sidebar-layout":"default","site-content-layout":"default","ast-site-content-layout":"default","site-content-style":"default","site-sidebar-style":"default","ast-global-header-display":"","ast-banner-title-visibility":"","ast-main-header-display":"","ast-hfb-above-header-display":"","ast-hfb-below-header-display":"","ast-hfb-mobile-header-display":"","site-post-title":"","ast-breadcrumbs-content":"","ast-featured-img":"","footer-sml-layout":"","ast-disable-related-posts":"","theme-transparent-header-meta":"default","adv-header-id-meta":"","stick-header-meta":"","header-above-stick-meta":"","header-main-stick-meta":"","header-below-stick-meta":"","astra-migrate-meta-layouts":"set","ast-page-background-enabled":"default","ast-page-background-meta":{"desktop":{"background-color":"var(--ast-global-color-4)","background-image":"","background-repeat":"repeat","background-position":"center center","background-size":"auto","background-attachment":"scroll","background-type":"","background-media":"","overlay-type":"","overlay-color":"","overlay-opacity":"","overlay-gradient":""},"tablet":{"background-color":"","background-image":"","background-repeat":"repeat","background-position":"center center","background-size":"auto","background-attachment":"scroll","background-type":"","background-media":"","overlay-type":"","overlay-color":"","overlay-opacity":"","overlay-gradient":""},"mobile":{"background-color":"","background-image":"","background-repeat":"repeat","background-position":"center center","background-size":"auto","background-attachment":"scroll","background-type":"","background-media":"","overlay-type":"","overlay-color":"","overlay-opacity":"","overlay-gradient":""}},"ast-content-background-meta":{"desktop":{"background-color":"var(--ast-global-color-5)","background-image":"","background-repeat":"repeat","background-position":"center center","background-size":"auto","background-attachment":"scroll","background-type":"","background-media":"","overlay-type":"","overlay-color":"","overlay-opacity":"","overlay-gradient":""},"tablet":{"background-color":"var(--ast-global-color-5)","background-image":"","background-repeat":"repeat","background-position":"center center","background-size":"auto","background-attachment":"scroll","background-type":"","background-media":"","overlay-type":"","overlay-color":"","overlay-opacity":"","overlay-gradient":""},"mobile":{"background-color":"var(--ast-global-color-5)","background-image":"","background-repeat":"repeat","background-position":"center center","background-size":"auto","background-attachment":"scroll","background-type":"","background-media":"","overlay-type":"","overlay-color":"","overlay-opacity":"","overlay-gradient":""}}},"product_brand":[],"product_cat":[189],"product_tag":[520,525,516,523,522,521,511,514,519,385,526,506,454,513,253,361,449,527,518,515,524,510,488,444,512,517,443],"class_list":{"0":"post-1886","1":"product","2":"type-product","3":"status-publish","4":"has-post-thumbnail","6":"product_cat-formaciones","7":"product_tag-acoglanis","8":"product_tag-alienigenas-ancestrales","9":"product_tag-annunakis","10":"product_tag-atlantida-y-lemuria","11":"product_tag-blavatsky","12":"product_tag-cosmovision-andina","13":"product_tag-destino","14":"product_tag-dioses-antiguos","15":"product_tag-erks","16":"product_tag-esoterismo","17":"product_tag-girdieff","18":"product_tag-hermes","19":"product_tag-hermetismo","20":"product_tag-hiperboreos","21":"product_tag-historia-alternativa","22":"product_tag-jung","23":"product_tag-karma","24":"product_tag-memorias-ancestrales","25":"product_tag-mitologia-metafisica","26":"product_tag-nibiru","27":"product_tag-razas-raices","28":"product_tag-recuerdo-de-si","29":"product_tag-registros-akashicos","30":"product_tag-regresiones","31":"product_tag-tierra-hueca","32":"product_tag-urantia","33":"product_tag-vidas-pasadas","34":"desktop-align-left","35":"tablet-align-left","36":"mobile-align-left","38":"first","39":"instock","40":"sale","41":"virtual","42":"taxable","43":"purchasable","44":"product-type-simple"},"yoast_head":"<!-- This site is optimized with the Yoast SEO plugin v27.0 - https:\/\/yoast.com\/product\/yoast-seo-wordpress\/ -->\n<title>FORMACI\u00d3N ONLINE RECORDAR-SER -<\/title>\n<meta name=\"description\" content=\"Un viaje hacia una historia no oficial y alternativa. Trabajo con regresiones para transmutar y sanar memorias ancestrales grabadas con dolor, y para volver a vivenciar nuestros dones naturales y recuerdos felices. Recordarnos qui\u00e9nes somos, de d\u00f3nde venimos y a d\u00f3nde volveremos, y qu\u00e9 nos comprometimos a hacer. Ver programa en:\u00a0https:\/\/lallavepsi.net\/index.php\/formaciones-online\/recordar-ser\/\" \/>\n<meta name=\"robots\" content=\"index, follow, max-snippet:-1, max-image-preview:large, max-video-preview:-1\" \/>\n<link rel=\"canonical\" href=\"https:\/\/lallavepsi.net\/index.php\/producto\/1886\/\" \/>\n<meta property=\"og:locale\" content=\"es_ES\" \/>\n<meta property=\"og:type\" content=\"article\" \/>\n<meta property=\"og:title\" content=\"FORMACI\u00d3N ONLINE RECORDAR-SER -\" \/>\n<meta property=\"og:description\" content=\"Un viaje hacia una historia no oficial y alternativa. Trabajo con regresiones para transmutar y sanar memorias ancestrales grabadas con dolor, y para volver a vivenciar nuestros dones naturales y recuerdos felices. Recordarnos qui\u00e9nes somos, de d\u00f3nde venimos y a d\u00f3nde volveremos, y qu\u00e9 nos comprometimos a hacer. Ver programa en:\u00a0https:\/\/lallavepsi.net\/index.php\/formaciones-online\/recordar-ser\/\" \/>\n<meta property=\"og:url\" content=\"https:\/\/lallavepsi.net\/index.php\/producto\/1886\/\" \/>\n<meta property=\"article:modified_time\" content=\"2025-01-16T00:08:05+00:00\" \/>\n<meta property=\"og:image\" content=\"https:\/\/lallavepsi.net\/wp-content\/uploads\/2023\/03\/footprints-g96310f0ca_1280.jpg\" \/>\n\t<meta property=\"og:image:width\" content=\"1280\" \/>\n\t<meta property=\"og:image:height\" content=\"960\" \/>\n\t<meta property=\"og:image:type\" content=\"image\/jpeg\" \/>\n<meta name=\"twitter:card\" content=\"summary_large_image\" \/>\n<meta name=\"twitter:label1\" content=\"Tiempo de lectura\" \/>\n\t<meta name=\"twitter:data1\" content=\"1 minuto\" \/>\n<script type=\"application\/ld+json\" class=\"yoast-schema-graph\">{\"@context\":\"https:\/\/schema.org\",\"@graph\":[{\"@type\":\"WebPage\",\"@id\":\"https:\/\/lallavepsi.net\/index.php\/producto\/1886\/\",\"url\":\"https:\/\/lallavepsi.net\/index.php\/producto\/1886\/\",\"name\":\"FORMACI\u00d3N ONLINE RECORDAR-SER -\",\"isPartOf\":{\"@id\":\"https:\/\/lallavepsi.net\/#website\"},\"primaryImageOfPage\":{\"@id\":\"https:\/\/lallavepsi.net\/index.php\/producto\/1886\/#primaryimage\"},\"image\":{\"@id\":\"https:\/\/lallavepsi.net\/index.php\/producto\/1886\/#primaryimage\"},\"thumbnailUrl\":\"https:\/\/lallavepsi.net\/wp-content\/uploads\/2023\/03\/footprints-g96310f0ca_1280.jpg\",\"datePublished\":\"2023-03-03T13:49:23+00:00\",\"dateModified\":\"2025-01-16T00:08:05+00:00\",\"description\":\"Un viaje hacia una historia no oficial y alternativa. Trabajo con regresiones para transmutar y sanar memorias ancestrales grabadas con dolor, y para volver a vivenciar nuestros dones naturales y recuerdos felices. Recordarnos qui\u00e9nes somos, de d\u00f3nde venimos y a d\u00f3nde volveremos, y qu\u00e9 nos comprometimos a hacer. Ver programa en:\u00a0https:\/\/lallavepsi.net\/index.php\/formaciones-online\/recordar-ser\/\",\"breadcrumb\":{\"@id\":\"https:\/\/lallavepsi.net\/index.php\/producto\/1886\/#breadcrumb\"},\"inLanguage\":\"es-AR\",\"potentialAction\":[{\"@type\":\"ReadAction\",\"target\":[\"https:\/\/lallavepsi.net\/index.php\/producto\/1886\/\"]}]},{\"@type\":\"ImageObject\",\"inLanguage\":\"es-AR\",\"@id\":\"https:\/\/lallavepsi.net\/index.php\/producto\/1886\/#primaryimage\",\"url\":\"https:\/\/lallavepsi.net\/wp-content\/uploads\/2023\/03\/footprints-g96310f0ca_1280.jpg\",\"contentUrl\":\"https:\/\/lallavepsi.net\/wp-content\/uploads\/2023\/03\/footprints-g96310f0ca_1280.jpg\",\"width\":1280,\"height\":960},{\"@type\":\"BreadcrumbList\",\"@id\":\"https:\/\/lallavepsi.net\/index.php\/producto\/1886\/#breadcrumb\",\"itemListElement\":[{\"@type\":\"ListItem\",\"position\":1,\"name\":\"Inicio\",\"item\":\"https:\/\/lallavepsi.net\/\"},{\"@type\":\"ListItem\",\"position\":2,\"name\":\"VER TIENDA\",\"item\":\"https:\/\/lallavepsi.net\/index.php\/ver-tienda\/\"},{\"@type\":\"ListItem\",\"position\":3,\"name\":\"FORMACI\u00d3N ONLINE RECORDAR-SER\"}]},{\"@type\":\"WebSite\",\"@id\":\"https:\/\/lallavepsi.net\/#website\",\"url\":\"https:\/\/lallavepsi.net\/\",\"name\":\"\",\"description\":\"\",\"potentialAction\":[{\"@type\":\"SearchAction\",\"target\":{\"@type\":\"EntryPoint\",\"urlTemplate\":\"https:\/\/lallavepsi.net\/?s={search_term_string}\"},\"query-input\":{\"@type\":\"PropertyValueSpecification\",\"valueRequired\":true,\"valueName\":\"search_term_string\"}}],\"inLanguage\":\"es-AR\"}]}<\/script>\n<!-- \/ Yoast SEO plugin. -->","yoast_head_json":{"title":"FORMACI\u00d3N ONLINE RECORDAR-SER -","description":"Un viaje hacia una historia no oficial y alternativa. Trabajo con regresiones para transmutar y sanar memorias ancestrales grabadas con dolor, y para volver a vivenciar nuestros dones naturales y recuerdos felices. Recordarnos qui\u00e9nes somos, de d\u00f3nde venimos y a d\u00f3nde volveremos, y qu\u00e9 nos comprometimos a hacer. Ver programa en:\u00a0https:\/\/lallavepsi.net\/index.php\/formaciones-online\/recordar-ser\/","robots":{"index":"index","follow":"follow","max-snippet":"max-snippet:-1","max-image-preview":"max-image-preview:large","max-video-preview":"max-video-preview:-1"},"canonical":"https:\/\/lallavepsi.net\/index.php\/producto\/1886\/","og_locale":"es_ES","og_type":"article","og_title":"FORMACI\u00d3N ONLINE RECORDAR-SER -","og_description":"Un viaje hacia una historia no oficial y alternativa. Trabajo con regresiones para transmutar y sanar memorias ancestrales grabadas con dolor, y para volver a vivenciar nuestros dones naturales y recuerdos felices. Recordarnos qui\u00e9nes somos, de d\u00f3nde venimos y a d\u00f3nde volveremos, y qu\u00e9 nos comprometimos a hacer. Ver programa en:\u00a0https:\/\/lallavepsi.net\/index.php\/formaciones-online\/recordar-ser\/","og_url":"https:\/\/lallavepsi.net\/index.php\/producto\/1886\/","article_modified_time":"2025-01-16T00:08:05+00:00","og_image":[{"width":1280,"height":960,"url":"https:\/\/lallavepsi.net\/wp-content\/uploads\/2023\/03\/footprints-g96310f0ca_1280.jpg","type":"image\/jpeg"}],"twitter_card":"summary_large_image","twitter_misc":{"Tiempo de lectura":"1 minuto"},"schema":{"@context":"https:\/\/schema.org","@graph":[{"@type":"WebPage","@id":"https:\/\/lallavepsi.net\/index.php\/producto\/1886\/","url":"https:\/\/lallavepsi.net\/index.php\/producto\/1886\/","name":"FORMACI\u00d3N ONLINE RECORDAR-SER -","isPartOf":{"@id":"https:\/\/lallavepsi.net\/#website"},"primaryImageOfPage":{"@id":"https:\/\/lallavepsi.net\/index.php\/producto\/1886\/#primaryimage"},"image":{"@id":"https:\/\/lallavepsi.net\/index.php\/producto\/1886\/#primaryimage"},"thumbnailUrl":"https:\/\/lallavepsi.net\/wp-content\/uploads\/2023\/03\/footprints-g96310f0ca_1280.jpg","datePublished":"2023-03-03T13:49:23+00:00","dateModified":"2025-01-16T00:08:05+00:00","description":"Un viaje hacia una historia no oficial y alternativa. Trabajo con regresiones para transmutar y sanar memorias ancestrales grabadas con dolor, y para volver a vivenciar nuestros dones naturales y recuerdos felices. Recordarnos qui\u00e9nes somos, de d\u00f3nde venimos y a d\u00f3nde volveremos, y qu\u00e9 nos comprometimos a hacer. Ver programa en:\u00a0https:\/\/lallavepsi.net\/index.php\/formaciones-online\/recordar-ser\/","breadcrumb":{"@id":"https:\/\/lallavepsi.net\/index.php\/producto\/1886\/#breadcrumb"},"inLanguage":"es-AR","potentialAction":[{"@type":"ReadAction","target":["https:\/\/lallavepsi.net\/index.php\/producto\/1886\/"]}]},{"@type":"ImageObject","inLanguage":"es-AR","@id":"https:\/\/lallavepsi.net\/index.php\/producto\/1886\/#primaryimage","url":"https:\/\/lallavepsi.net\/wp-content\/uploads\/2023\/03\/footprints-g96310f0ca_1280.jpg","contentUrl":"https:\/\/lallavepsi.net\/wp-content\/uploads\/2023\/03\/footprints-g96310f0ca_1280.jpg","width":1280,"height":960},{"@type":"BreadcrumbList","@id":"https:\/\/lallavepsi.net\/index.php\/producto\/1886\/#breadcrumb","itemListElement":[{"@type":"ListItem","position":1,"name":"Inicio","item":"https:\/\/lallavepsi.net\/"},{"@type":"ListItem","position":2,"name":"VER TIENDA","item":"https:\/\/lallavepsi.net\/index.php\/ver-tienda\/"},{"@type":"ListItem","position":3,"name":"FORMACI\u00d3N ONLINE RECORDAR-SER"}]},{"@type":"WebSite","@id":"https:\/\/lallavepsi.net\/#website","url":"https:\/\/lallavepsi.net\/","name":"","description":"","potentialAction":[{"@type":"SearchAction","target":{"@type":"EntryPoint","urlTemplate":"https:\/\/lallavepsi.net\/?s={search_term_string}"},"query-input":{"@type":"PropertyValueSpecification","valueRequired":true,"valueName":"search_term_string"}}],"inLanguage":"es-AR"}]}},"_links":{"self":[{"href":"https:\/\/lallavepsi.net\/index.php\/wp-json\/wp\/v2\/product\/1886","targetHints":{"allow":["GET"]}}],"collection":[{"href":"https:\/\/lallavepsi.net\/index.php\/wp-json\/wp\/v2\/product"}],"about":[{"href":"https:\/\/lallavepsi.net\/index.php\/wp-json\/wp\/v2\/types\/product"}],"replies":[{"embeddable":true,"href":"https:\/\/lallavepsi.net\/index.php\/wp-json\/wp\/v2\/comments?post=1886"}],"wp:featuredmedia":[{"embeddable":true,"href":"https:\/\/lallavepsi.net\/index.php\/wp-json\/wp\/v2\/media\/1890"}],"wp:attachment":[{"href":"https:\/\/lallavepsi.net\/index.php\/wp-json\/wp\/v2\/media?parent=1886"}],"wp:term":[{"taxonomy":"product_brand","embeddable":true,"href":"https:\/\/lallavepsi.net\/index.php\/wp-json\/wp\/v2\/product_brand?post=1886"},{"taxonomy":"product_cat","embeddable":true,"href":"https:\/\/lallavepsi.net\/index.php\/wp-json\/wp\/v2\/product_cat?post=1886"},{"taxonomy":"product_tag","embeddable":true,"href":"https:\/\/lallavepsi.net\/index.php\/wp-json\/wp\/v2\/product_tag?post=1886"}],"curies":[{"name":"wp","href":"https:\/\/api.w.org\/{rel}","templated":true}]}}