{"id":1903,"date":"2023-03-08T14:52:08","date_gmt":"2023-03-08T14:52:08","guid":{"rendered":"https:\/\/lallavepsi.net\/?post_type=product&#038;p=1903"},"modified":"2025-01-15T23:30:57","modified_gmt":"2025-01-15T23:30:57","slug":"especializacion-en-tecnicas-de-terapia-familiar-sistemica","status":"publish","type":"product","link":"https:\/\/lallavepsi.net\/index.php\/producto\/especializacion-en-tecnicas-de-terapia-familiar-sistemica\/","title":{"rendered":"ESPECIALIZACI\u00d3N EN T\u00c9CNICAS DE TERAPIA FAMILIAR SIST\u00c9MICA"},"content":{"rendered":"","protected":false},"excerpt":{"rendered":"<p>Conoc\u00e9 los conceptos de la Epistemolog\u00eda Sist\u00e9mica, las relaciones y diferencias entre los distintos modelos. Implicancias del Paradigma Sist\u00e9mico en la sociedad actual. Ver programa en:\u00a0<a href=\"https:\/\/lallavepsi.net\/index.php\/formaciones-online\/tecnicas-de-terapia-familiar-sistemica\/\">https:\/\/lallavepsi.net\/index.php\/formaciones-online\/tecnicas-de-terapia-familiar-sistemica\/<\/a><\/p>\n","protected":false},"featured_media":1904,"comment_status":"open","ping_status":"closed","template":"","meta":{"_monsterinsights_skip_tracking":false,"_monsterinsights_sitenote_active":false,"_monsterinsights_sitenote_note":"","_monsterinsights_sitenote_category":0,"_uf_show_specific_survey":0,"_uf_disable_surveys":false,"site-sidebar-layout":"default","site-content-layout":"default","ast-site-content-layout":"default","site-content-style":"default","site-sidebar-style":"default","ast-global-header-display":"","ast-banner-title-visibility":"","ast-main-header-display":"","ast-hfb-above-header-display":"","ast-hfb-below-header-display":"","ast-hfb-mobile-header-display":"","site-post-title":"","ast-breadcrumbs-content":"","ast-featured-img":"","footer-sml-layout":"","ast-disable-related-posts":"","theme-transparent-header-meta":"default","adv-header-id-meta":"","stick-header-meta":"","header-above-stick-meta":"","header-main-stick-meta":"","header-below-stick-meta":"","astra-migrate-meta-layouts":"set","ast-page-background-enabled":"default","ast-page-background-meta":{"desktop":{"background-color":"var(--ast-global-color-4)","background-image":"","background-repeat":"repeat","background-position":"center center","background-size":"auto","background-attachment":"scroll","background-type":"","background-media":"","overlay-type":"","overlay-color":"","overlay-opacity":"","overlay-gradient":""},"tablet":{"background-color":"","background-image":"","background-repeat":"repeat","background-position":"center center","background-size":"auto","background-attachment":"scroll","background-type":"","background-media":"","overlay-type":"","overlay-color":"","overlay-opacity":"","overlay-gradient":""},"mobile":{"background-color":"","background-image":"","background-repeat":"repeat","background-position":"center center","background-size":"auto","background-attachment":"scroll","background-type":"","background-media":"","overlay-type":"","overlay-color":"","overlay-opacity":"","overlay-gradient":""}},"ast-content-background-meta":{"desktop":{"background-color":"var(--ast-global-color-5)","background-image":"","background-repeat":"repeat","background-position":"center center","background-size":"auto","background-attachment":"scroll","background-type":"","background-media":"","overlay-type":"","overlay-color":"","overlay-opacity":"","overlay-gradient":""},"tablet":{"background-color":"var(--ast-global-color-5)","background-image":"","background-repeat":"repeat","background-position":"center center","background-size":"auto","background-attachment":"scroll","background-type":"","background-media":"","overlay-type":"","overlay-color":"","overlay-opacity":"","overlay-gradient":""},"mobile":{"background-color":"var(--ast-global-color-5)","background-image":"","background-repeat":"repeat","background-position":"center center","background-size":"auto","background-attachment":"scroll","background-type":"","background-media":"","overlay-type":"","overlay-color":"","overlay-opacity":"","overlay-gradient":""}}},"product_brand":[],"product_cat":[189],"product_tag":[592,589,590,591,586,587,583,588,593,584,585],"class_list":{"0":"post-1903","1":"product","2":"type-product","3":"status-publish","4":"has-post-thumbnail","6":"product_cat-formaciones","7":"product_tag-cibernetica","8":"product_tag-constructivismo","9":"product_tag-familia","10":"product_tag-narrativa","11":"product_tag-psicologia-sistemica","12":"product_tag-sistema-familiar","13":"product_tag-tecnicas-sistemicas","14":"product_tag-teoria-de-la-comunicacion","15":"product_tag-teoria-general-de-los-sistemas","16":"product_tag-terapia-familiar","17":"product_tag-terapia-sistemica","18":"desktop-align-left","19":"tablet-align-left","20":"mobile-align-left","22":"first","23":"instock","24":"sale","25":"virtual","26":"taxable","27":"purchasable","28":"product-type-simple"},"yoast_head":"<!-- This site is optimized with the Yoast SEO plugin v27.0 - https:\/\/yoast.com\/product\/yoast-seo-wordpress\/ -->\n<title>ESPECIALIZACI\u00d3N EN T\u00c9CNICAS DE TERAPIA FAMILIAR SIST\u00c9MICA -<\/title>\n<meta name=\"description\" content=\"Conoc\u00e9 los conceptos de la Epistemolog\u00eda Sist\u00e9mica, las relaciones y diferencias entre los distintos modelos. Implicancias del Paradigma Sist\u00e9mico en la sociedad actual. Ver programa en:\u00a0https:\/\/lallavepsi.net\/index.php\/formaciones-online\/tecnicas-de-terapia-familiar-sistemica\/\" \/>\n<meta name=\"robots\" content=\"index, follow, max-snippet:-1, max-image-preview:large, max-video-preview:-1\" \/>\n<link rel=\"canonical\" href=\"https:\/\/lallavepsi.net\/index.php\/producto\/especializacion-en-tecnicas-de-terapia-familiar-sistemica\/\" \/>\n<meta property=\"og:locale\" content=\"es_ES\" \/>\n<meta property=\"og:type\" content=\"article\" \/>\n<meta property=\"og:title\" content=\"ESPECIALIZACI\u00d3N EN T\u00c9CNICAS DE TERAPIA FAMILIAR SIST\u00c9MICA -\" \/>\n<meta property=\"og:description\" content=\"Conoc\u00e9 los conceptos de la Epistemolog\u00eda Sist\u00e9mica, las relaciones y diferencias entre los distintos modelos. Implicancias del Paradigma Sist\u00e9mico en la sociedad actual. Ver programa en:\u00a0https:\/\/lallavepsi.net\/index.php\/formaciones-online\/tecnicas-de-terapia-familiar-sistemica\/\" \/>\n<meta property=\"og:url\" content=\"https:\/\/lallavepsi.net\/index.php\/producto\/especializacion-en-tecnicas-de-terapia-familiar-sistemica\/\" \/>\n<meta property=\"article:modified_time\" content=\"2025-01-15T23:30:57+00:00\" \/>\n<meta property=\"og:image\" content=\"https:\/\/lallavepsi.net\/wp-content\/uploads\/2023\/03\/kids-family-city-6960579.jpg\" \/>\n\t<meta property=\"og:image:width\" content=\"1280\" \/>\n\t<meta property=\"og:image:height\" content=\"853\" \/>\n\t<meta property=\"og:image:type\" content=\"image\/jpeg\" \/>\n<meta name=\"twitter:card\" content=\"summary_large_image\" \/>\n<meta name=\"twitter:label1\" content=\"Tiempo de lectura\" \/>\n\t<meta name=\"twitter:data1\" content=\"1 minuto\" \/>\n<script type=\"application\/ld+json\" class=\"yoast-schema-graph\">{\"@context\":\"https:\/\/schema.org\",\"@graph\":[{\"@type\":\"WebPage\",\"@id\":\"https:\/\/lallavepsi.net\/index.php\/producto\/especializacion-en-tecnicas-de-terapia-familiar-sistemica\/\",\"url\":\"https:\/\/lallavepsi.net\/index.php\/producto\/especializacion-en-tecnicas-de-terapia-familiar-sistemica\/\",\"name\":\"ESPECIALIZACI\u00d3N EN T\u00c9CNICAS DE TERAPIA FAMILIAR SIST\u00c9MICA -\",\"isPartOf\":{\"@id\":\"https:\/\/lallavepsi.net\/#website\"},\"primaryImageOfPage\":{\"@id\":\"https:\/\/lallavepsi.net\/index.php\/producto\/especializacion-en-tecnicas-de-terapia-familiar-sistemica\/#primaryimage\"},\"image\":{\"@id\":\"https:\/\/lallavepsi.net\/index.php\/producto\/especializacion-en-tecnicas-de-terapia-familiar-sistemica\/#primaryimage\"},\"thumbnailUrl\":\"https:\/\/lallavepsi.net\/wp-content\/uploads\/2023\/03\/kids-family-city-6960579.jpg\",\"datePublished\":\"2023-03-08T14:52:08+00:00\",\"dateModified\":\"2025-01-15T23:30:57+00:00\",\"description\":\"Conoc\u00e9 los conceptos de la Epistemolog\u00eda Sist\u00e9mica, las relaciones y diferencias entre los distintos modelos. Implicancias del Paradigma Sist\u00e9mico en la sociedad actual. Ver programa en:\u00a0https:\/\/lallavepsi.net\/index.php\/formaciones-online\/tecnicas-de-terapia-familiar-sistemica\/\",\"breadcrumb\":{\"@id\":\"https:\/\/lallavepsi.net\/index.php\/producto\/especializacion-en-tecnicas-de-terapia-familiar-sistemica\/#breadcrumb\"},\"inLanguage\":\"es-AR\",\"potentialAction\":[{\"@type\":\"ReadAction\",\"target\":[\"https:\/\/lallavepsi.net\/index.php\/producto\/especializacion-en-tecnicas-de-terapia-familiar-sistemica\/\"]}]},{\"@type\":\"ImageObject\",\"inLanguage\":\"es-AR\",\"@id\":\"https:\/\/lallavepsi.net\/index.php\/producto\/especializacion-en-tecnicas-de-terapia-familiar-sistemica\/#primaryimage\",\"url\":\"https:\/\/lallavepsi.net\/wp-content\/uploads\/2023\/03\/kids-family-city-6960579.jpg\",\"contentUrl\":\"https:\/\/lallavepsi.net\/wp-content\/uploads\/2023\/03\/kids-family-city-6960579.jpg\",\"width\":1280,\"height\":853,\"caption\":\"kids, family, city-6960579.jpg\"},{\"@type\":\"BreadcrumbList\",\"@id\":\"https:\/\/lallavepsi.net\/index.php\/producto\/especializacion-en-tecnicas-de-terapia-familiar-sistemica\/#breadcrumb\",\"itemListElement\":[{\"@type\":\"ListItem\",\"position\":1,\"name\":\"Inicio\",\"item\":\"https:\/\/lallavepsi.net\/\"},{\"@type\":\"ListItem\",\"position\":2,\"name\":\"VER TIENDA\",\"item\":\"https:\/\/lallavepsi.net\/index.php\/ver-tienda\/\"},{\"@type\":\"ListItem\",\"position\":3,\"name\":\"ESPECIALIZACI\u00d3N EN T\u00c9CNICAS DE TERAPIA FAMILIAR SIST\u00c9MICA\"}]},{\"@type\":\"WebSite\",\"@id\":\"https:\/\/lallavepsi.net\/#website\",\"url\":\"https:\/\/lallavepsi.net\/\",\"name\":\"\",\"description\":\"\",\"potentialAction\":[{\"@type\":\"SearchAction\",\"target\":{\"@type\":\"EntryPoint\",\"urlTemplate\":\"https:\/\/lallavepsi.net\/?s={search_term_string}\"},\"query-input\":{\"@type\":\"PropertyValueSpecification\",\"valueRequired\":true,\"valueName\":\"search_term_string\"}}],\"inLanguage\":\"es-AR\"}]}<\/script>\n<!-- \/ Yoast SEO plugin. -->","yoast_head_json":{"title":"ESPECIALIZACI\u00d3N EN T\u00c9CNICAS DE TERAPIA FAMILIAR SIST\u00c9MICA -","description":"Conoc\u00e9 los conceptos de la Epistemolog\u00eda Sist\u00e9mica, las relaciones y diferencias entre los distintos modelos. Implicancias del Paradigma Sist\u00e9mico en la sociedad actual. Ver programa en:\u00a0https:\/\/lallavepsi.net\/index.php\/formaciones-online\/tecnicas-de-terapia-familiar-sistemica\/","robots":{"index":"index","follow":"follow","max-snippet":"max-snippet:-1","max-image-preview":"max-image-preview:large","max-video-preview":"max-video-preview:-1"},"canonical":"https:\/\/lallavepsi.net\/index.php\/producto\/especializacion-en-tecnicas-de-terapia-familiar-sistemica\/","og_locale":"es_ES","og_type":"article","og_title":"ESPECIALIZACI\u00d3N EN T\u00c9CNICAS DE TERAPIA FAMILIAR SIST\u00c9MICA -","og_description":"Conoc\u00e9 los conceptos de la Epistemolog\u00eda Sist\u00e9mica, las relaciones y diferencias entre los distintos modelos. Implicancias del Paradigma Sist\u00e9mico en la sociedad actual. Ver programa en:\u00a0https:\/\/lallavepsi.net\/index.php\/formaciones-online\/tecnicas-de-terapia-familiar-sistemica\/","og_url":"https:\/\/lallavepsi.net\/index.php\/producto\/especializacion-en-tecnicas-de-terapia-familiar-sistemica\/","article_modified_time":"2025-01-15T23:30:57+00:00","og_image":[{"width":1280,"height":853,"url":"https:\/\/lallavepsi.net\/wp-content\/uploads\/2023\/03\/kids-family-city-6960579.jpg","type":"image\/jpeg"}],"twitter_card":"summary_large_image","twitter_misc":{"Tiempo de lectura":"1 minuto"},"schema":{"@context":"https:\/\/schema.org","@graph":[{"@type":"WebPage","@id":"https:\/\/lallavepsi.net\/index.php\/producto\/especializacion-en-tecnicas-de-terapia-familiar-sistemica\/","url":"https:\/\/lallavepsi.net\/index.php\/producto\/especializacion-en-tecnicas-de-terapia-familiar-sistemica\/","name":"ESPECIALIZACI\u00d3N EN T\u00c9CNICAS DE TERAPIA FAMILIAR SIST\u00c9MICA -","isPartOf":{"@id":"https:\/\/lallavepsi.net\/#website"},"primaryImageOfPage":{"@id":"https:\/\/lallavepsi.net\/index.php\/producto\/especializacion-en-tecnicas-de-terapia-familiar-sistemica\/#primaryimage"},"image":{"@id":"https:\/\/lallavepsi.net\/index.php\/producto\/especializacion-en-tecnicas-de-terapia-familiar-sistemica\/#primaryimage"},"thumbnailUrl":"https:\/\/lallavepsi.net\/wp-content\/uploads\/2023\/03\/kids-family-city-6960579.jpg","datePublished":"2023-03-08T14:52:08+00:00","dateModified":"2025-01-15T23:30:57+00:00","description":"Conoc\u00e9 los conceptos de la Epistemolog\u00eda Sist\u00e9mica, las relaciones y diferencias entre los distintos modelos. Implicancias del Paradigma Sist\u00e9mico en la sociedad actual. Ver programa en:\u00a0https:\/\/lallavepsi.net\/index.php\/formaciones-online\/tecnicas-de-terapia-familiar-sistemica\/","breadcrumb":{"@id":"https:\/\/lallavepsi.net\/index.php\/producto\/especializacion-en-tecnicas-de-terapia-familiar-sistemica\/#breadcrumb"},"inLanguage":"es-AR","potentialAction":[{"@type":"ReadAction","target":["https:\/\/lallavepsi.net\/index.php\/producto\/especializacion-en-tecnicas-de-terapia-familiar-sistemica\/"]}]},{"@type":"ImageObject","inLanguage":"es-AR","@id":"https:\/\/lallavepsi.net\/index.php\/producto\/especializacion-en-tecnicas-de-terapia-familiar-sistemica\/#primaryimage","url":"https:\/\/lallavepsi.net\/wp-content\/uploads\/2023\/03\/kids-family-city-6960579.jpg","contentUrl":"https:\/\/lallavepsi.net\/wp-content\/uploads\/2023\/03\/kids-family-city-6960579.jpg","width":1280,"height":853,"caption":"kids, family, city-6960579.jpg"},{"@type":"BreadcrumbList","@id":"https:\/\/lallavepsi.net\/index.php\/producto\/especializacion-en-tecnicas-de-terapia-familiar-sistemica\/#breadcrumb","itemListElement":[{"@type":"ListItem","position":1,"name":"Inicio","item":"https:\/\/lallavepsi.net\/"},{"@type":"ListItem","position":2,"name":"VER TIENDA","item":"https:\/\/lallavepsi.net\/index.php\/ver-tienda\/"},{"@type":"ListItem","position":3,"name":"ESPECIALIZACI\u00d3N EN T\u00c9CNICAS DE TERAPIA FAMILIAR SIST\u00c9MICA"}]},{"@type":"WebSite","@id":"https:\/\/lallavepsi.net\/#website","url":"https:\/\/lallavepsi.net\/","name":"","description":"","potentialAction":[{"@type":"SearchAction","target":{"@type":"EntryPoint","urlTemplate":"https:\/\/lallavepsi.net\/?s={search_term_string}"},"query-input":{"@type":"PropertyValueSpecification","valueRequired":true,"valueName":"search_term_string"}}],"inLanguage":"es-AR"}]}},"_links":{"self":[{"href":"https:\/\/lallavepsi.net\/index.php\/wp-json\/wp\/v2\/product\/1903","targetHints":{"allow":["GET"]}}],"collection":[{"href":"https:\/\/lallavepsi.net\/index.php\/wp-json\/wp\/v2\/product"}],"about":[{"href":"https:\/\/lallavepsi.net\/index.php\/wp-json\/wp\/v2\/types\/product"}],"replies":[{"embeddable":true,"href":"https:\/\/lallavepsi.net\/index.php\/wp-json\/wp\/v2\/comments?post=1903"}],"wp:featuredmedia":[{"embeddable":true,"href":"https:\/\/lallavepsi.net\/index.php\/wp-json\/wp\/v2\/media\/1904"}],"wp:attachment":[{"href":"https:\/\/lallavepsi.net\/index.php\/wp-json\/wp\/v2\/media?parent=1903"}],"wp:term":[{"taxonomy":"product_brand","embeddable":true,"href":"https:\/\/lallavepsi.net\/index.php\/wp-json\/wp\/v2\/product_brand?post=1903"},{"taxonomy":"product_cat","embeddable":true,"href":"https:\/\/lallavepsi.net\/index.php\/wp-json\/wp\/v2\/product_cat?post=1903"},{"taxonomy":"product_tag","embeddable":true,"href":"https:\/\/lallavepsi.net\/index.php\/wp-json\/wp\/v2\/product_tag?post=1903"}],"curies":[{"name":"wp","href":"https:\/\/api.w.org\/{rel}","templated":true}]}}