{"id":1927,"date":"2023-03-09T12:50:40","date_gmt":"2023-03-09T12:50:40","guid":{"rendered":"https:\/\/lallavepsi.net\/?post_type=product&#038;p=1927"},"modified":"2025-01-16T18:25:11","modified_gmt":"2025-01-16T18:25:11","slug":"1927","status":"publish","type":"product","link":"https:\/\/lallavepsi.net\/index.php\/producto\/1927\/","title":{"rendered":"TALLER ONLINE BIONEUROEMOCI\u00d3N"},"content":{"rendered":"","protected":false},"excerpt":{"rendered":"<p>Lo que tu boca calla, tu cuerpo grita. Te proponemos por ello aprender a darnos cuenta que la enfermedad es el aviso de que hay algo en nuestra mente que debe cambiar. Vamos a encontrar tambi\u00e9n la escena de estr\u00e9s, el contexto emocional, el drama y los pensamientos y creencias que se expresan como s\u00edntoma. Ver detalle en:\u00a0<a href=\"https:\/\/lallavepsi.net\/index.php\/jornadas-y-talleres-online\/bioneuroemocion\/\">https:\/\/lallavepsi.net\/index.php\/jornadas-y-talleres-online\/bioneuroemocion\/<\/a><\/p>\n<p>&nbsp;<\/p>\n","protected":false},"featured_media":1928,"comment_status":"open","ping_status":"closed","template":"","meta":{"_monsterinsights_skip_tracking":false,"_monsterinsights_sitenote_active":false,"_monsterinsights_sitenote_note":"","_monsterinsights_sitenote_category":0,"_uf_show_specific_survey":0,"_uf_disable_surveys":false,"site-sidebar-layout":"default","site-content-layout":"default","ast-site-content-layout":"default","site-content-style":"default","site-sidebar-style":"default","ast-global-header-display":"","ast-banner-title-visibility":"","ast-main-header-display":"","ast-hfb-above-header-display":"","ast-hfb-below-header-display":"","ast-hfb-mobile-header-display":"","site-post-title":"","ast-breadcrumbs-content":"","ast-featured-img":"","footer-sml-layout":"","ast-disable-related-posts":"","theme-transparent-header-meta":"default","adv-header-id-meta":"","stick-header-meta":"","header-above-stick-meta":"","header-main-stick-meta":"","header-below-stick-meta":"","astra-migrate-meta-layouts":"set","ast-page-background-enabled":"default","ast-page-background-meta":{"desktop":{"background-color":"var(--ast-global-color-4)","background-image":"","background-repeat":"repeat","background-position":"center center","background-size":"auto","background-attachment":"scroll","background-type":"","background-media":"","overlay-type":"","overlay-color":"","overlay-opacity":"","overlay-gradient":""},"tablet":{"background-color":"","background-image":"","background-repeat":"repeat","background-position":"center center","background-size":"auto","background-attachment":"scroll","background-type":"","background-media":"","overlay-type":"","overlay-color":"","overlay-opacity":"","overlay-gradient":""},"mobile":{"background-color":"","background-image":"","background-repeat":"repeat","background-position":"center center","background-size":"auto","background-attachment":"scroll","background-type":"","background-media":"","overlay-type":"","overlay-color":"","overlay-opacity":"","overlay-gradient":""}},"ast-content-background-meta":{"desktop":{"background-color":"var(--ast-global-color-5)","background-image":"","background-repeat":"repeat","background-position":"center center","background-size":"auto","background-attachment":"scroll","background-type":"","background-media":"","overlay-type":"","overlay-color":"","overlay-opacity":"","overlay-gradient":""},"tablet":{"background-color":"var(--ast-global-color-5)","background-image":"","background-repeat":"repeat","background-position":"center center","background-size":"auto","background-attachment":"scroll","background-type":"","background-media":"","overlay-type":"","overlay-color":"","overlay-opacity":"","overlay-gradient":""},"mobile":{"background-color":"var(--ast-global-color-5)","background-image":"","background-repeat":"repeat","background-position":"center center","background-size":"auto","background-attachment":"scroll","background-type":"","background-media":"","overlay-type":"","overlay-color":"","overlay-opacity":"","overlay-gradient":""}}},"product_brand":[],"product_cat":[594],"product_tag":[604,603,602,606,605,255,266,273,607,532,495,269,533],"class_list":{"0":"post-1927","1":"product","2":"type-product","3":"status-publish","4":"has-post-thumbnail","6":"product_cat-talleres-y-jornadas","7":"product_tag-beneficio-oculto","8":"product_tag-biodescodificacion","9":"product_tag-bioneuroemocion","10":"product_tag-codigos-biologicos","11":"product_tag-creencias-limitantes","12":"product_tag-emociones","13":"product_tag-emociones-y-salud","14":"product_tag-enfermedad-como-camino","15":"product_tag-enfermedades-psicosomaticas","16":"product_tag-estres","17":"product_tag-patrones-mentales","18":"product_tag-sintomas","19":"product_tag-stress","20":"desktop-align-left","21":"tablet-align-left","22":"mobile-align-left","24":"first","25":"instock","26":"virtual","27":"taxable","28":"purchasable","29":"product-type-simple"},"yoast_head":"<!-- This site is optimized with the Yoast SEO plugin v27.0 - https:\/\/yoast.com\/product\/yoast-seo-wordpress\/ -->\n<title>TALLER ONLINE BIONEUROEMOCI\u00d3N -<\/title>\n<meta name=\"description\" content=\"Lo que tu boca calla, tu cuerpo grita. Te proponemos por ello aprender a darnos cuenta que la enfermedad es el aviso de que hay algo en nuestra mente que debe cambiar. Vamos a encontrar tambi\u00e9n la escena de estr\u00e9s, el contexto emocional, el drama y los pensamientos y creencias que se expresan como s\u00edntoma. Ver detalle en:\u00a0https:\/\/lallavepsi.net\/index.php\/jornadas-y-talleres-online\/bioneuroemocion\/\" \/>\n<meta name=\"robots\" content=\"index, follow, max-snippet:-1, max-image-preview:large, max-video-preview:-1\" \/>\n<link rel=\"canonical\" href=\"https:\/\/lallavepsi.net\/index.php\/producto\/1927\/\" \/>\n<meta property=\"og:locale\" content=\"es_ES\" \/>\n<meta property=\"og:type\" content=\"article\" \/>\n<meta property=\"og:title\" content=\"TALLER ONLINE BIONEUROEMOCI\u00d3N -\" \/>\n<meta property=\"og:description\" content=\"Lo que tu boca calla, tu cuerpo grita. Te proponemos por ello aprender a darnos cuenta que la enfermedad es el aviso de que hay algo en nuestra mente que debe cambiar. Vamos a encontrar tambi\u00e9n la escena de estr\u00e9s, el contexto emocional, el drama y los pensamientos y creencias que se expresan como s\u00edntoma. Ver detalle en:\u00a0https:\/\/lallavepsi.net\/index.php\/jornadas-y-talleres-online\/bioneuroemocion\/\" \/>\n<meta property=\"og:url\" content=\"https:\/\/lallavepsi.net\/index.php\/producto\/1927\/\" \/>\n<meta property=\"article:modified_time\" content=\"2025-01-16T18:25:11+00:00\" \/>\n<meta property=\"og:image\" content=\"https:\/\/lallavepsi.net\/wp-content\/uploads\/2023\/03\/a-heart-love-sadness-2719081.jpg\" \/>\n\t<meta property=\"og:image:width\" content=\"1280\" \/>\n\t<meta property=\"og:image:height\" content=\"853\" \/>\n\t<meta property=\"og:image:type\" content=\"image\/jpeg\" \/>\n<meta name=\"twitter:card\" content=\"summary_large_image\" \/>\n<meta name=\"twitter:label1\" content=\"Tiempo de lectura\" \/>\n\t<meta name=\"twitter:data1\" content=\"1 minuto\" \/>\n<script type=\"application\/ld+json\" class=\"yoast-schema-graph\">{\"@context\":\"https:\/\/schema.org\",\"@graph\":[{\"@type\":\"WebPage\",\"@id\":\"https:\/\/lallavepsi.net\/index.php\/producto\/1927\/\",\"url\":\"https:\/\/lallavepsi.net\/index.php\/producto\/1927\/\",\"name\":\"TALLER ONLINE BIONEUROEMOCI\u00d3N -\",\"isPartOf\":{\"@id\":\"https:\/\/lallavepsi.net\/#website\"},\"primaryImageOfPage\":{\"@id\":\"https:\/\/lallavepsi.net\/index.php\/producto\/1927\/#primaryimage\"},\"image\":{\"@id\":\"https:\/\/lallavepsi.net\/index.php\/producto\/1927\/#primaryimage\"},\"thumbnailUrl\":\"https:\/\/lallavepsi.net\/wp-content\/uploads\/2023\/03\/a-heart-love-sadness-2719081.jpg\",\"datePublished\":\"2023-03-09T12:50:40+00:00\",\"dateModified\":\"2025-01-16T18:25:11+00:00\",\"description\":\"Lo que tu boca calla, tu cuerpo grita. Te proponemos por ello aprender a darnos cuenta que la enfermedad es el aviso de que hay algo en nuestra mente que debe cambiar. Vamos a encontrar tambi\u00e9n la escena de estr\u00e9s, el contexto emocional, el drama y los pensamientos y creencias que se expresan como s\u00edntoma. Ver detalle en:\u00a0https:\/\/lallavepsi.net\/index.php\/jornadas-y-talleres-online\/bioneuroemocion\/\",\"breadcrumb\":{\"@id\":\"https:\/\/lallavepsi.net\/index.php\/producto\/1927\/#breadcrumb\"},\"inLanguage\":\"es-AR\",\"potentialAction\":[{\"@type\":\"ReadAction\",\"target\":[\"https:\/\/lallavepsi.net\/index.php\/producto\/1927\/\"]}]},{\"@type\":\"ImageObject\",\"inLanguage\":\"es-AR\",\"@id\":\"https:\/\/lallavepsi.net\/index.php\/producto\/1927\/#primaryimage\",\"url\":\"https:\/\/lallavepsi.net\/wp-content\/uploads\/2023\/03\/a-heart-love-sadness-2719081.jpg\",\"contentUrl\":\"https:\/\/lallavepsi.net\/wp-content\/uploads\/2023\/03\/a-heart-love-sadness-2719081.jpg\",\"width\":1280,\"height\":853,\"caption\":\"a heart, love, sadness-2719081.jpg\"},{\"@type\":\"BreadcrumbList\",\"@id\":\"https:\/\/lallavepsi.net\/index.php\/producto\/1927\/#breadcrumb\",\"itemListElement\":[{\"@type\":\"ListItem\",\"position\":1,\"name\":\"Inicio\",\"item\":\"https:\/\/lallavepsi.net\/\"},{\"@type\":\"ListItem\",\"position\":2,\"name\":\"VER TIENDA\",\"item\":\"https:\/\/lallavepsi.net\/index.php\/ver-tienda\/\"},{\"@type\":\"ListItem\",\"position\":3,\"name\":\"TALLER ONLINE BIONEUROEMOCI\u00d3N\"}]},{\"@type\":\"WebSite\",\"@id\":\"https:\/\/lallavepsi.net\/#website\",\"url\":\"https:\/\/lallavepsi.net\/\",\"name\":\"\",\"description\":\"\",\"potentialAction\":[{\"@type\":\"SearchAction\",\"target\":{\"@type\":\"EntryPoint\",\"urlTemplate\":\"https:\/\/lallavepsi.net\/?s={search_term_string}\"},\"query-input\":{\"@type\":\"PropertyValueSpecification\",\"valueRequired\":true,\"valueName\":\"search_term_string\"}}],\"inLanguage\":\"es-AR\"}]}<\/script>\n<!-- \/ Yoast SEO plugin. -->","yoast_head_json":{"title":"TALLER ONLINE BIONEUROEMOCI\u00d3N -","description":"Lo que tu boca calla, tu cuerpo grita. Te proponemos por ello aprender a darnos cuenta que la enfermedad es el aviso de que hay algo en nuestra mente que debe cambiar. Vamos a encontrar tambi\u00e9n la escena de estr\u00e9s, el contexto emocional, el drama y los pensamientos y creencias que se expresan como s\u00edntoma. Ver detalle en:\u00a0https:\/\/lallavepsi.net\/index.php\/jornadas-y-talleres-online\/bioneuroemocion\/","robots":{"index":"index","follow":"follow","max-snippet":"max-snippet:-1","max-image-preview":"max-image-preview:large","max-video-preview":"max-video-preview:-1"},"canonical":"https:\/\/lallavepsi.net\/index.php\/producto\/1927\/","og_locale":"es_ES","og_type":"article","og_title":"TALLER ONLINE BIONEUROEMOCI\u00d3N -","og_description":"Lo que tu boca calla, tu cuerpo grita. Te proponemos por ello aprender a darnos cuenta que la enfermedad es el aviso de que hay algo en nuestra mente que debe cambiar. Vamos a encontrar tambi\u00e9n la escena de estr\u00e9s, el contexto emocional, el drama y los pensamientos y creencias que se expresan como s\u00edntoma. Ver detalle en:\u00a0https:\/\/lallavepsi.net\/index.php\/jornadas-y-talleres-online\/bioneuroemocion\/","og_url":"https:\/\/lallavepsi.net\/index.php\/producto\/1927\/","article_modified_time":"2025-01-16T18:25:11+00:00","og_image":[{"width":1280,"height":853,"url":"https:\/\/lallavepsi.net\/wp-content\/uploads\/2023\/03\/a-heart-love-sadness-2719081.jpg","type":"image\/jpeg"}],"twitter_card":"summary_large_image","twitter_misc":{"Tiempo de lectura":"1 minuto"},"schema":{"@context":"https:\/\/schema.org","@graph":[{"@type":"WebPage","@id":"https:\/\/lallavepsi.net\/index.php\/producto\/1927\/","url":"https:\/\/lallavepsi.net\/index.php\/producto\/1927\/","name":"TALLER ONLINE BIONEUROEMOCI\u00d3N -","isPartOf":{"@id":"https:\/\/lallavepsi.net\/#website"},"primaryImageOfPage":{"@id":"https:\/\/lallavepsi.net\/index.php\/producto\/1927\/#primaryimage"},"image":{"@id":"https:\/\/lallavepsi.net\/index.php\/producto\/1927\/#primaryimage"},"thumbnailUrl":"https:\/\/lallavepsi.net\/wp-content\/uploads\/2023\/03\/a-heart-love-sadness-2719081.jpg","datePublished":"2023-03-09T12:50:40+00:00","dateModified":"2025-01-16T18:25:11+00:00","description":"Lo que tu boca calla, tu cuerpo grita. Te proponemos por ello aprender a darnos cuenta que la enfermedad es el aviso de que hay algo en nuestra mente que debe cambiar. Vamos a encontrar tambi\u00e9n la escena de estr\u00e9s, el contexto emocional, el drama y los pensamientos y creencias que se expresan como s\u00edntoma. Ver detalle en:\u00a0https:\/\/lallavepsi.net\/index.php\/jornadas-y-talleres-online\/bioneuroemocion\/","breadcrumb":{"@id":"https:\/\/lallavepsi.net\/index.php\/producto\/1927\/#breadcrumb"},"inLanguage":"es-AR","potentialAction":[{"@type":"ReadAction","target":["https:\/\/lallavepsi.net\/index.php\/producto\/1927\/"]}]},{"@type":"ImageObject","inLanguage":"es-AR","@id":"https:\/\/lallavepsi.net\/index.php\/producto\/1927\/#primaryimage","url":"https:\/\/lallavepsi.net\/wp-content\/uploads\/2023\/03\/a-heart-love-sadness-2719081.jpg","contentUrl":"https:\/\/lallavepsi.net\/wp-content\/uploads\/2023\/03\/a-heart-love-sadness-2719081.jpg","width":1280,"height":853,"caption":"a heart, love, sadness-2719081.jpg"},{"@type":"BreadcrumbList","@id":"https:\/\/lallavepsi.net\/index.php\/producto\/1927\/#breadcrumb","itemListElement":[{"@type":"ListItem","position":1,"name":"Inicio","item":"https:\/\/lallavepsi.net\/"},{"@type":"ListItem","position":2,"name":"VER TIENDA","item":"https:\/\/lallavepsi.net\/index.php\/ver-tienda\/"},{"@type":"ListItem","position":3,"name":"TALLER ONLINE BIONEUROEMOCI\u00d3N"}]},{"@type":"WebSite","@id":"https:\/\/lallavepsi.net\/#website","url":"https:\/\/lallavepsi.net\/","name":"","description":"","potentialAction":[{"@type":"SearchAction","target":{"@type":"EntryPoint","urlTemplate":"https:\/\/lallavepsi.net\/?s={search_term_string}"},"query-input":{"@type":"PropertyValueSpecification","valueRequired":true,"valueName":"search_term_string"}}],"inLanguage":"es-AR"}]}},"_links":{"self":[{"href":"https:\/\/lallavepsi.net\/index.php\/wp-json\/wp\/v2\/product\/1927","targetHints":{"allow":["GET"]}}],"collection":[{"href":"https:\/\/lallavepsi.net\/index.php\/wp-json\/wp\/v2\/product"}],"about":[{"href":"https:\/\/lallavepsi.net\/index.php\/wp-json\/wp\/v2\/types\/product"}],"replies":[{"embeddable":true,"href":"https:\/\/lallavepsi.net\/index.php\/wp-json\/wp\/v2\/comments?post=1927"}],"wp:featuredmedia":[{"embeddable":true,"href":"https:\/\/lallavepsi.net\/index.php\/wp-json\/wp\/v2\/media\/1928"}],"wp:attachment":[{"href":"https:\/\/lallavepsi.net\/index.php\/wp-json\/wp\/v2\/media?parent=1927"}],"wp:term":[{"taxonomy":"product_brand","embeddable":true,"href":"https:\/\/lallavepsi.net\/index.php\/wp-json\/wp\/v2\/product_brand?post=1927"},{"taxonomy":"product_cat","embeddable":true,"href":"https:\/\/lallavepsi.net\/index.php\/wp-json\/wp\/v2\/product_cat?post=1927"},{"taxonomy":"product_tag","embeddable":true,"href":"https:\/\/lallavepsi.net\/index.php\/wp-json\/wp\/v2\/product_tag?post=1927"}],"curies":[{"name":"wp","href":"https:\/\/api.w.org\/{rel}","templated":true}]}}